{"id":374298,"date":"2025-11-25T19:07:39","date_gmt":"2025-11-25T18:07:39","guid":{"rendered":"https:\/\/www.miomiorun.com\/?post_type=product&#038;p=374298"},"modified":"2026-01-29T10:23:39","modified_gmt":"2026-01-29T09:23:39","slug":"peak-hybrid-hooded-jacket-femme","status":"publish","type":"product","link":"https:\/\/www.miomiorun.com\/fr\/produit\/peak-hybrid-hooded-jacket-femme\/","title":{"rendered":"Peak Hybrid Hooded Jacket femme"},"content":{"rendered":"<p data-start=\"162\" data-end=\"494\">La <strong data-start=\"165\" data-end=\"203\">veste \u00e0 capuche Peak Hybrid pour femme<\/strong> a \u00e9t\u00e9 con\u00e7ue pour offrir chaleur, protection et respirabilit\u00e9 lors du ski alpinisme et de toutes les activit\u00e9s hivernales intenses. Son design hybride associe des mat\u00e9riaux techniques et un rembourrage durable, garantissant des performances maximales m\u00eame dans les conditions les plus variables.<\/p>\n<p data-start=\"496\" data-end=\"1065\">La couche ext\u00e9rieure en <strong data-start=\"517\" data-end=\"599\">nylon recycl\u00e9 Pertex Quantum\u00ae avec traitement DWR sans produits chimiques<\/strong> prot\u00e8ge efficacement du vent et de l&#8217;humidit\u00e9 sans ajouter de poids. Les empi\u00e8cements en jersey extensible assurent une mobilit\u00e9 totale, vous permettant de vous d\u00e9placer rapidement sur les sentiers alpins. Le rembourrage <strong data-start=\"805\" data-end=\"830\">Comfortemp\u00ae Down Feel<\/strong>, fabriqu\u00e9 \u00e0 partir de fibres recycl\u00e9es, offre la douceur et le volume du duvet naturel, avec un impact environnemental moindre. \u00c0 l&#8217;int\u00e9rieur, des inserts en jersey bross\u00e9 am\u00e9liorent la gestion de l&#8217;humidit\u00e9 et augmentent la sensation de chaleur.<\/p>\n<p data-start=\"1067\" data-end=\"1432\">La capuche, les poignets et l&#8217;ourlet \u00e9lastiqu\u00e9s garantissent un ajustement stable et une protection suppl\u00e9mentaire contre les intemp\u00e9ries. Les poches zipp\u00e9es permettent de garder vos objets essentiels en s\u00e9curit\u00e9, faisant de cette veste un alli\u00e9 fiable pour la haute montagne. Avec un poids de seulement <strong data-start=\"1372\" data-end=\"1386\">390 grammes<\/strong>, elle offre des performances \u00e9lev\u00e9es sans compromis.<br \/>\n&nbsp;<\/p><\/p>\n","protected":false},"excerpt":{"rendered":"<ul>\n<li data-start=\"1667\" data-end=\"1769\">Nylon recycl\u00e9 Pertex Quantum\u00ae avec DWR et empi\u00e8cements en jersey extensible pour plus de protection et de mobilit\u00e9<\/li>\n<li data-start=\"1772\" data-end=\"1852\">Rembourrage Comfortemp\u00ae Down Feel en polyester recycl\u00e9, chaud et durable<\/li>\n<li data-start=\"1855\" data-end=\"1955\">Capuche, poignets et bas \u00e9lastiques + poches zipp\u00e9es pour plus de fonctionnalit\u00e9 et de s\u00e9curit\u00e9 en montagne<\/li>\n<\/ul>\n","protected":false},"featured_media":380726,"template":"","meta":{"_acf_changed":false,"inline_featured_image":false},"product_brand":[],"product_cat":[22599,22596],"product_tag":[23512,23514],"class_list":{"0":"post-374298","1":"product","2":"type-product","3":"status-publish","4":"has-post-thumbnail","6":"product_cat-vestes","7":"product_cat-vetements-pour-femmes","8":"product_tag-montura-fr","9":"product_tag-montura-femme","10":"pa_attivita-lifestyle-fr","11":"pa_attivita-marcher","12":"pa_attivita-outdoor-fr","13":"pa_colore-peak-hybrid-hooded-jacket-w-black-fr","14":"pa_marca-montura-fr","15":"pa_sesso-femme","16":"pa_size-small-fr","17":"pa_size-medium-fr","18":"pa_size-large-fr","20":"first","21":"instock","22":"taxable","23":"shipping-taxable","24":"purchasable","25":"product-type-variable","26":"wvs-archive-product-wrapper"},"acf":[],"yoast_head":"<!-- This site is optimized with the Yoast SEO plugin v26.8 - https:\/\/yoast.com\/product\/yoast-seo-wordpress\/ -->\n<title>Montura Peak Hybrid Hooded Jacket femme - Veste femme - MioMioRun<\/title>\n<meta name=\"description\" content=\"Veste Peak Hybrid Hooded pour femme : protection, l\u00e9g\u00e8ret\u00e9 et chaleur, avec tissu Pertex Quantum. Respirante, r\u00e9sistante et id\u00e9ale pour les activit\u00e9s en montagne.\" \/>\n<meta name=\"robots\" content=\"index, follow, max-snippet:-1, max-image-preview:large, max-video-preview:-1\" \/>\n<link rel=\"canonical\" href=\"https:\/\/www.miomiorun.com\/fr\/produit\/peak-hybrid-hooded-jacket-femme\/\" \/>\n<meta property=\"og:locale\" content=\"fr_FR\" \/>\n<meta property=\"og:type\" content=\"article\" \/>\n<meta property=\"og:title\" content=\"Montura Peak Hybrid Hooded Jacket femme - Veste femme - MioMioRun\" \/>\n<meta property=\"og:description\" content=\"Veste Peak Hybrid Hooded pour femme : protection, l\u00e9g\u00e8ret\u00e9 et chaleur, avec tissu Pertex Quantum. Respirante, r\u00e9sistante et id\u00e9ale pour les activit\u00e9s en montagne.\" \/>\n<meta property=\"og:url\" content=\"https:\/\/www.miomiorun.com\/fr\/produit\/peak-hybrid-hooded-jacket-femme\/\" \/>\n<meta property=\"og:site_name\" content=\"MioMioRun\" \/>\n<meta property=\"article:publisher\" content=\"https:\/\/www.facebook.com\/miomiorun\/\" \/>\n<meta property=\"article:modified_time\" content=\"2026-01-29T09:23:39+00:00\" \/>\n<meta property=\"og:image\" content=\"https:\/\/www.miomiorun.com\/app\/uploads\/2025\/12\/montura-Peak-hybrid-hooded-jacket-W-black-MJAK71W.90.webp\" \/>\n\t<meta property=\"og:image:width\" content=\"720\" \/>\n\t<meta property=\"og:image:height\" content=\"720\" \/>\n\t<meta property=\"og:image:type\" content=\"image\/webp\" \/>\n<meta name=\"twitter:card\" content=\"summary_large_image\" \/>\n<meta name=\"twitter:label1\" content=\"Est. reading time\" \/>\n\t<meta name=\"twitter:data1\" content=\"1 minute\" \/>\n<script type=\"application\/ld+json\" class=\"yoast-schema-graph\">{\"@context\":\"https:\/\/schema.org\",\"@graph\":[{\"@type\":\"WebPage\",\"@id\":\"https:\/\/www.miomiorun.com\/fr\/produit\/peak-hybrid-hooded-jacket-femme\/\",\"url\":\"https:\/\/www.miomiorun.com\/fr\/produit\/peak-hybrid-hooded-jacket-femme\/\",\"name\":\"Montura Peak Hybrid Hooded Jacket femme - Veste femme - MioMioRun\",\"isPartOf\":{\"@id\":\"https:\/\/www.miomiorun.com\/fr\/#website\"},\"primaryImageOfPage\":{\"@id\":\"https:\/\/www.miomiorun.com\/fr\/produit\/peak-hybrid-hooded-jacket-femme\/#primaryimage\"},\"image\":{\"@id\":\"https:\/\/www.miomiorun.com\/fr\/produit\/peak-hybrid-hooded-jacket-femme\/#primaryimage\"},\"thumbnailUrl\":\"https:\/\/www.miomiorun.com\/app\/uploads\/2025\/12\/montura-Peak-hybrid-hooded-jacket-W-black-MJAK71W.90.webp\",\"datePublished\":\"2025-11-25T18:07:39+00:00\",\"dateModified\":\"2026-01-29T09:23:39+00:00\",\"description\":\"Veste Peak Hybrid Hooded pour femme : protection, l\u00e9g\u00e8ret\u00e9 et chaleur, avec tissu Pertex Quantum. Respirante, r\u00e9sistante et id\u00e9ale pour les activit\u00e9s en montagne.\",\"breadcrumb\":{\"@id\":\"https:\/\/www.miomiorun.com\/fr\/produit\/peak-hybrid-hooded-jacket-femme\/#breadcrumb\"},\"inLanguage\":\"fr-FR\",\"potentialAction\":[{\"@type\":\"ReadAction\",\"target\":[\"https:\/\/www.miomiorun.com\/fr\/produit\/peak-hybrid-hooded-jacket-femme\/\"]}]},{\"@type\":\"ImageObject\",\"inLanguage\":\"fr-FR\",\"@id\":\"https:\/\/www.miomiorun.com\/fr\/produit\/peak-hybrid-hooded-jacket-femme\/#primaryimage\",\"url\":\"https:\/\/www.miomiorun.com\/app\/uploads\/2025\/12\/montura-Peak-hybrid-hooded-jacket-W-black-MJAK71W.90.webp\",\"contentUrl\":\"https:\/\/www.miomiorun.com\/app\/uploads\/2025\/12\/montura-Peak-hybrid-hooded-jacket-W-black-MJAK71W.90.webp\",\"width\":720,\"height\":720,\"caption\":\"montura Peak hybrid hooded jacket W black MJAK71W.90\"},{\"@type\":\"BreadcrumbList\",\"@id\":\"https:\/\/www.miomiorun.com\/fr\/produit\/peak-hybrid-hooded-jacket-femme\/#breadcrumb\",\"itemListElement\":[{\"@type\":\"ListItem\",\"position\":1,\"name\":\"Home\",\"item\":\"https:\/\/www.miomiorun.com\/fr\/home-page\/\"},{\"@type\":\"ListItem\",\"position\":2,\"name\":\"Shop\",\"item\":\"https:\/\/www.miomiorun.com\/shop\/\"},{\"@type\":\"ListItem\",\"position\":3,\"name\":\"Peak Hybrid Hooded Jacket femme\"}]},{\"@type\":\"WebSite\",\"@id\":\"https:\/\/www.miomiorun.com\/fr\/#website\",\"url\":\"https:\/\/www.miomiorun.com\/fr\/\",\"name\":\"MioMioRun\",\"description\":\"Boutique 100% running et trail\",\"publisher\":{\"@id\":\"https:\/\/www.miomiorun.com\/fr\/#organization\"},\"potentialAction\":[{\"@type\":\"SearchAction\",\"target\":{\"@type\":\"EntryPoint\",\"urlTemplate\":\"https:\/\/www.miomiorun.com\/fr\/?s={search_term_string}\"},\"query-input\":{\"@type\":\"PropertyValueSpecification\",\"valueRequired\":true,\"valueName\":\"search_term_string\"}}],\"inLanguage\":\"fr-FR\"},{\"@type\":\"Organization\",\"@id\":\"https:\/\/www.miomiorun.com\/fr\/#organization\",\"name\":\"MioMio Run\",\"url\":\"https:\/\/www.miomiorun.com\/fr\/\",\"logo\":{\"@type\":\"ImageObject\",\"inLanguage\":\"fr-FR\",\"@id\":\"https:\/\/www.miomiorun.com\/fr\/#\/schema\/logo\/image\/\",\"url\":\"https:\/\/www.miomiorun.com\/app\/uploads\/2019\/12\/logomio.png\",\"contentUrl\":\"https:\/\/www.miomiorun.com\/app\/uploads\/2019\/12\/logomio.png\",\"width\":115,\"height\":82,\"caption\":\"MioMio Run\"},\"image\":{\"@id\":\"https:\/\/www.miomiorun.com\/fr\/#\/schema\/logo\/image\/\"},\"sameAs\":[\"https:\/\/www.facebook.com\/miomiorun\/\",\"https:\/\/www.instagram.com\/miomiorun\/\"]}]}<\/script>\n<!-- \/ Yoast SEO plugin. -->","yoast_head_json":{"title":"Montura Peak Hybrid Hooded Jacket femme - Veste femme - MioMioRun","description":"Veste Peak Hybrid Hooded pour femme : protection, l\u00e9g\u00e8ret\u00e9 et chaleur, avec tissu Pertex Quantum. Respirante, r\u00e9sistante et id\u00e9ale pour les activit\u00e9s en montagne.","robots":{"index":"index","follow":"follow","max-snippet":"max-snippet:-1","max-image-preview":"max-image-preview:large","max-video-preview":"max-video-preview:-1"},"canonical":"https:\/\/www.miomiorun.com\/fr\/produit\/peak-hybrid-hooded-jacket-femme\/","og_locale":"fr_FR","og_type":"article","og_title":"Montura Peak Hybrid Hooded Jacket femme - Veste femme - MioMioRun","og_description":"Veste Peak Hybrid Hooded pour femme : protection, l\u00e9g\u00e8ret\u00e9 et chaleur, avec tissu Pertex Quantum. Respirante, r\u00e9sistante et id\u00e9ale pour les activit\u00e9s en montagne.","og_url":"https:\/\/www.miomiorun.com\/fr\/produit\/peak-hybrid-hooded-jacket-femme\/","og_site_name":"MioMioRun","article_publisher":"https:\/\/www.facebook.com\/miomiorun\/","article_modified_time":"2026-01-29T09:23:39+00:00","og_image":[{"width":720,"height":720,"url":"https:\/\/www.miomiorun.com\/app\/uploads\/2025\/12\/montura-Peak-hybrid-hooded-jacket-W-black-MJAK71W.90.webp","type":"image\/webp"}],"twitter_card":"summary_large_image","twitter_misc":{"Est. reading time":"1 minute"},"schema":{"@context":"https:\/\/schema.org","@graph":[{"@type":"WebPage","@id":"https:\/\/www.miomiorun.com\/fr\/produit\/peak-hybrid-hooded-jacket-femme\/","url":"https:\/\/www.miomiorun.com\/fr\/produit\/peak-hybrid-hooded-jacket-femme\/","name":"Montura Peak Hybrid Hooded Jacket femme - Veste femme - MioMioRun","isPartOf":{"@id":"https:\/\/www.miomiorun.com\/fr\/#website"},"primaryImageOfPage":{"@id":"https:\/\/www.miomiorun.com\/fr\/produit\/peak-hybrid-hooded-jacket-femme\/#primaryimage"},"image":{"@id":"https:\/\/www.miomiorun.com\/fr\/produit\/peak-hybrid-hooded-jacket-femme\/#primaryimage"},"thumbnailUrl":"https:\/\/www.miomiorun.com\/app\/uploads\/2025\/12\/montura-Peak-hybrid-hooded-jacket-W-black-MJAK71W.90.webp","datePublished":"2025-11-25T18:07:39+00:00","dateModified":"2026-01-29T09:23:39+00:00","description":"Veste Peak Hybrid Hooded pour femme : protection, l\u00e9g\u00e8ret\u00e9 et chaleur, avec tissu Pertex Quantum. Respirante, r\u00e9sistante et id\u00e9ale pour les activit\u00e9s en montagne.","breadcrumb":{"@id":"https:\/\/www.miomiorun.com\/fr\/produit\/peak-hybrid-hooded-jacket-femme\/#breadcrumb"},"inLanguage":"fr-FR","potentialAction":[{"@type":"ReadAction","target":["https:\/\/www.miomiorun.com\/fr\/produit\/peak-hybrid-hooded-jacket-femme\/"]}]},{"@type":"ImageObject","inLanguage":"fr-FR","@id":"https:\/\/www.miomiorun.com\/fr\/produit\/peak-hybrid-hooded-jacket-femme\/#primaryimage","url":"https:\/\/www.miomiorun.com\/app\/uploads\/2025\/12\/montura-Peak-hybrid-hooded-jacket-W-black-MJAK71W.90.webp","contentUrl":"https:\/\/www.miomiorun.com\/app\/uploads\/2025\/12\/montura-Peak-hybrid-hooded-jacket-W-black-MJAK71W.90.webp","width":720,"height":720,"caption":"montura Peak hybrid hooded jacket W black MJAK71W.90"},{"@type":"BreadcrumbList","@id":"https:\/\/www.miomiorun.com\/fr\/produit\/peak-hybrid-hooded-jacket-femme\/#breadcrumb","itemListElement":[{"@type":"ListItem","position":1,"name":"Home","item":"https:\/\/www.miomiorun.com\/fr\/home-page\/"},{"@type":"ListItem","position":2,"name":"Shop","item":"https:\/\/www.miomiorun.com\/shop\/"},{"@type":"ListItem","position":3,"name":"Peak Hybrid Hooded Jacket femme"}]},{"@type":"WebSite","@id":"https:\/\/www.miomiorun.com\/fr\/#website","url":"https:\/\/www.miomiorun.com\/fr\/","name":"MioMioRun","description":"Boutique 100% running et trail","publisher":{"@id":"https:\/\/www.miomiorun.com\/fr\/#organization"},"potentialAction":[{"@type":"SearchAction","target":{"@type":"EntryPoint","urlTemplate":"https:\/\/www.miomiorun.com\/fr\/?s={search_term_string}"},"query-input":{"@type":"PropertyValueSpecification","valueRequired":true,"valueName":"search_term_string"}}],"inLanguage":"fr-FR"},{"@type":"Organization","@id":"https:\/\/www.miomiorun.com\/fr\/#organization","name":"MioMio Run","url":"https:\/\/www.miomiorun.com\/fr\/","logo":{"@type":"ImageObject","inLanguage":"fr-FR","@id":"https:\/\/www.miomiorun.com\/fr\/#\/schema\/logo\/image\/","url":"https:\/\/www.miomiorun.com\/app\/uploads\/2019\/12\/logomio.png","contentUrl":"https:\/\/www.miomiorun.com\/app\/uploads\/2019\/12\/logomio.png","width":115,"height":82,"caption":"MioMio Run"},"image":{"@id":"https:\/\/www.miomiorun.com\/fr\/#\/schema\/logo\/image\/"},"sameAs":["https:\/\/www.facebook.com\/miomiorun\/","https:\/\/www.instagram.com\/miomiorun\/"]}]}},"_links":{"self":[{"href":"https:\/\/www.miomiorun.com\/fr\/wp-json\/wp\/v2\/product\/374298","targetHints":{"allow":["GET"]}}],"collection":[{"href":"https:\/\/www.miomiorun.com\/fr\/wp-json\/wp\/v2\/product"}],"about":[{"href":"https:\/\/www.miomiorun.com\/fr\/wp-json\/wp\/v2\/types\/product"}],"wp:featuredmedia":[{"embeddable":true,"href":"https:\/\/www.miomiorun.com\/fr\/wp-json\/wp\/v2\/media\/380726"}],"wp:attachment":[{"href":"https:\/\/www.miomiorun.com\/fr\/wp-json\/wp\/v2\/media?parent=374298"}],"wp:term":[{"taxonomy":"product_brand","embeddable":true,"href":"https:\/\/www.miomiorun.com\/fr\/wp-json\/wp\/v2\/product_brand?post=374298"},{"taxonomy":"product_cat","embeddable":true,"href":"https:\/\/www.miomiorun.com\/fr\/wp-json\/wp\/v2\/product_cat?post=374298"},{"taxonomy":"product_tag","embeddable":true,"href":"https:\/\/www.miomiorun.com\/fr\/wp-json\/wp\/v2\/product_tag?post=374298"}],"curies":[{"name":"wp","href":"https:\/\/api.w.org\/{rel}","templated":true}]}}