{"id":374185,"date":"2025-11-25T18:55:36","date_gmt":"2025-11-25T17:55:36","guid":{"rendered":"https:\/\/www.miomiorun.com\/?post_type=product&#038;p=374185"},"modified":"2026-04-17T10:17:58","modified_gmt":"2026-04-17T08:17:58","slug":"gel-trabuco-14-femme","status":"publish","type":"product","link":"https:\/\/www.miomiorun.com\/fr\/produit\/gel-trabuco-14-femme\/","title":{"rendered":"Gel-Trabuco 14 femme"},"content":{"rendered":"<div class=\"vc-row container\"><div class=\"vc-column\"><div class=\"vc-column-text\"><\/p>\n<p><strong>Caract\u00e9ristiques techniques<\/strong><\/p>\n<p>Cat\u00e9gorie : amorti sup\u00e9rieur<br \/>\nD\u00e9calage : 8 mm<br \/>\nPoids : 249 g<br \/>\nId\u00e9al pour : les coureurs de trail \u00e0 la recherche d&#8217;un mod\u00e8le l\u00e9ger, capable d&#8217;assurer un appui souple et une bonne \u00e9lasticit\u00e9, avec une bonne traction sur les terrains montagneux, m\u00eame difficiles.<br \/>\nPoids de l&#8217;athl\u00e8te : 60-70 kg<br \/>\nAllure de course : moyenne (5,00-5,30 min\/km)<br \/>\n<a href=\"https:\/\/miomiorun.com\/guida-alle-specifiche-tecniche\/\">Guide des caract\u00e9ristiques techniques<\/a><\/p>\n<p><\/div><\/div><div class=\"vc-column\"><div class=\"vc-column-text\"><\/p>\n<p data-start=\"147\" data-end=\"464\">La <strong data-start=\"150\" data-end=\"170\">ASICS TRABUCO 14<\/strong> est con\u00e7ue pour vous offrir s\u00e9curit\u00e9, stabilit\u00e9 et confort, m\u00eame sur les sentiers les plus impr\u00e9visibles. Gr\u00e2ce \u00e0 sa semelle dot\u00e9e de la technologie <strong data-start=\"296\" data-end=\"309\">ASICSGRIP<\/strong>, elle garantit une adh\u00e9rence avanc\u00e9e sur les surfaces accident\u00e9es et irr\u00e9guli\u00e8res, vous permettant d&#8217;affronter les mont\u00e9es, les descentes et les terrains techniques avec plus de contr\u00f4le.<\/p>\n<p data-start=\"466\" data-end=\"949\">Cette version est environ <strong data-start=\"490\" data-end=\"514\">4 grammes plus l\u00e9g\u00e8re<\/strong> que la pr\u00e9c\u00e9dente et dispose de <strong data-start=\"543\" data-end=\"590\">2 mm d&#8217;amorti FF BLAST MAX suppl\u00e9mentaires<\/strong> sous le pied, offrant une souplesse sup\u00e9rieure \u00e0 l&#8217;impact et un retour d&#8217;\u00e9nergie r\u00e9actif lors de la pouss\u00e9e. La <strong data-start=\"719\" data-end=\"767\">nouvelle coupe sp\u00e9cifique au trail running<\/strong> am\u00e9liore le maintien du milieu du pied, r\u00e9duisant les mouvements internes de la chaussure et augmentant le soutien. L&#8217;avant-pied plus large garantit un confort accru, m\u00eame sur de longues distances.<\/p>\n<p data-start=\"951\" data-end=\"1428\">La tige renforc\u00e9e en <strong data-start=\"975\" data-end=\"995\">mesh respirant<\/strong> r\u00e9duit le besoin de couches suppl\u00e9mentaires, am\u00e9liorant ainsi la ventilation et la l\u00e9g\u00e8ret\u00e9. La <strong data-start=\"1088\" data-end=\"1109\">bande de maintien des lacets<\/strong> pratique aide \u00e0 maintenir les lacets en place, tandis que la <strong data-start=\"1160\" data-end=\"1182\">plaque anti-roches<\/strong> prot\u00e8ge le pied des chocs et des obstacles typiques des terrains accident\u00e9s. La chaussure utilise des mat\u00e9riaux adapt\u00e9s \u00e0 ceux qui recherchent une option <strong data-start=\"1311\" data-end=\"1321\">v\u00e9gane<\/strong> et combine toutes ces caract\u00e9ristiques dans un design moderne, stable et pr\u00eat pour toutes les aventures hors route.<br \/>\n<\/div><\/div><\/div><\/p>\n","protected":false},"excerpt":{"rendered":"<ul>\n<li data-start=\"1682\" data-end=\"1741\">Semelle ASICSGRIP pour une traction avanc\u00e9e sur les terrains accident\u00e9s<\/li>\n<li data-start=\"1744\" data-end=\"1831\">Amorti FF BLAST MAX + nouvelle coupe trail pour plus de confort, de maintien et de r\u00e9activit\u00e9<\/li>\n<li data-start=\"1834\" data-end=\"1928\">Tige en mesh renforc\u00e9, bande de maintien des lacets et plaque anti-roches pour plus de protection et de praticit\u00e9<\/li>\n<\/ul>\n","protected":false},"featured_media":378091,"template":"","meta":{"_acf_changed":false,"inline_featured_image":false},"product_brand":[],"product_cat":[22605,22608],"product_tag":[23560,23668],"class_list":{"0":"post-374185","1":"product","2":"type-product","3":"status-publish","4":"has-post-thumbnail","6":"product_cat-chaussures-pour-femmes","7":"product_cat-trail-fr","8":"product_tag-asics-fr","9":"product_tag-asics-femme","10":"pa_attivita-outdoor-fr","11":"pa_attivita-trail-fr","12":"pa_colore-trabuco-14-w-amethyst-cobalt-burst-fr","13":"pa_colore-trabuco-14-w-morganite-mineral-beige-fr","14":"pa_marca-asics-fr","15":"pa_sesso-femme","16":"pa_size-38-fr","17":"pa_size-39-5-fr","18":"pa_size-40-fr","19":"pa_size-40-5-fr","20":"pa_size-41-5-fr","22":"first","23":"instock","24":"sale","25":"taxable","26":"shipping-taxable","27":"purchasable","28":"product-type-variable","29":"wvs-archive-product-wrapper"},"acf":[],"yoast_head":"<!-- This site is optimized with the Yoast SEO plugin v26.8 - https:\/\/yoast.com\/product\/yoast-seo-wordpress\/ -->\n<title>Asics Gel-Trabuco 14 femme - chaussures de trail running - MioMioRun<\/title>\n<meta name=\"description\" content=\"ASICS TRABUCO 14 : chaussure de trail l\u00e9g\u00e8re avec semelle ASICSGRIP, amorti FF BLAST MAX, tige en mesh renforc\u00e9 et plaque anti-roches.\" \/>\n<meta name=\"robots\" content=\"index, follow, max-snippet:-1, max-image-preview:large, max-video-preview:-1\" \/>\n<link rel=\"canonical\" href=\"https:\/\/www.miomiorun.com\/fr\/produit\/gel-trabuco-14-femme\/\" \/>\n<meta property=\"og:locale\" content=\"fr_FR\" \/>\n<meta property=\"og:type\" content=\"article\" \/>\n<meta property=\"og:title\" content=\"Asics Gel-Trabuco 14 femme - chaussures de trail running - MioMioRun\" \/>\n<meta property=\"og:description\" content=\"ASICS TRABUCO 14 : chaussure de trail l\u00e9g\u00e8re avec semelle ASICSGRIP, amorti FF BLAST MAX, tige en mesh renforc\u00e9 et plaque anti-roches.\" \/>\n<meta property=\"og:url\" content=\"https:\/\/www.miomiorun.com\/fr\/produit\/gel-trabuco-14-femme\/\" \/>\n<meta property=\"og:site_name\" content=\"MioMioRun\" \/>\n<meta property=\"article:publisher\" content=\"https:\/\/www.facebook.com\/miomiorun\/\" \/>\n<meta property=\"article:modified_time\" content=\"2026-04-17T08:17:58+00:00\" \/>\n<meta property=\"og:image\" content=\"https:\/\/www.miomiorun.com\/app\/uploads\/2025\/12\/asics-Trabuco-14-W-amethyst-cobalt-burst-1012B938-500.webp\" \/>\n\t<meta property=\"og:image:width\" content=\"720\" \/>\n\t<meta property=\"og:image:height\" content=\"720\" \/>\n\t<meta property=\"og:image:type\" content=\"image\/webp\" \/>\n<meta name=\"twitter:card\" content=\"summary_large_image\" \/>\n<meta name=\"twitter:label1\" content=\"Est. reading time\" \/>\n\t<meta name=\"twitter:data1\" content=\"2 minutes\" \/>\n<script type=\"application\/ld+json\" class=\"yoast-schema-graph\">{\"@context\":\"https:\/\/schema.org\",\"@graph\":[{\"@type\":\"WebPage\",\"@id\":\"https:\/\/www.miomiorun.com\/fr\/produit\/gel-trabuco-14-femme\/\",\"url\":\"https:\/\/www.miomiorun.com\/fr\/produit\/gel-trabuco-14-femme\/\",\"name\":\"Asics Gel-Trabuco 14 femme - chaussures de trail running - MioMioRun\",\"isPartOf\":{\"@id\":\"https:\/\/www.miomiorun.com\/fr\/#website\"},\"primaryImageOfPage\":{\"@id\":\"https:\/\/www.miomiorun.com\/fr\/produit\/gel-trabuco-14-femme\/#primaryimage\"},\"image\":{\"@id\":\"https:\/\/www.miomiorun.com\/fr\/produit\/gel-trabuco-14-femme\/#primaryimage\"},\"thumbnailUrl\":\"https:\/\/www.miomiorun.com\/app\/uploads\/2025\/12\/asics-Trabuco-14-W-amethyst-cobalt-burst-1012B938-500.webp\",\"datePublished\":\"2025-11-25T17:55:36+00:00\",\"dateModified\":\"2026-04-17T08:17:58+00:00\",\"description\":\"ASICS TRABUCO 14 : chaussure de trail l\u00e9g\u00e8re avec semelle ASICSGRIP, amorti FF BLAST MAX, tige en mesh renforc\u00e9 et plaque anti-roches.\",\"breadcrumb\":{\"@id\":\"https:\/\/www.miomiorun.com\/fr\/produit\/gel-trabuco-14-femme\/#breadcrumb\"},\"inLanguage\":\"fr-FR\",\"potentialAction\":[{\"@type\":\"ReadAction\",\"target\":[\"https:\/\/www.miomiorun.com\/fr\/produit\/gel-trabuco-14-femme\/\"]}]},{\"@type\":\"ImageObject\",\"inLanguage\":\"fr-FR\",\"@id\":\"https:\/\/www.miomiorun.com\/fr\/produit\/gel-trabuco-14-femme\/#primaryimage\",\"url\":\"https:\/\/www.miomiorun.com\/app\/uploads\/2025\/12\/asics-Trabuco-14-W-amethyst-cobalt-burst-1012B938-500.webp\",\"contentUrl\":\"https:\/\/www.miomiorun.com\/app\/uploads\/2025\/12\/asics-Trabuco-14-W-amethyst-cobalt-burst-1012B938-500.webp\",\"width\":720,\"height\":720,\"caption\":\"asics Trabuco 14 W amethyst cobalt burst 1012B938 500\"},{\"@type\":\"BreadcrumbList\",\"@id\":\"https:\/\/www.miomiorun.com\/fr\/produit\/gel-trabuco-14-femme\/#breadcrumb\",\"itemListElement\":[{\"@type\":\"ListItem\",\"position\":1,\"name\":\"Home\",\"item\":\"https:\/\/www.miomiorun.com\/fr\/home-page\/\"},{\"@type\":\"ListItem\",\"position\":2,\"name\":\"Shop\",\"item\":\"https:\/\/www.miomiorun.com\/shop\/\"},{\"@type\":\"ListItem\",\"position\":3,\"name\":\"Gel-Trabuco 14 femme\"}]},{\"@type\":\"WebSite\",\"@id\":\"https:\/\/www.miomiorun.com\/fr\/#website\",\"url\":\"https:\/\/www.miomiorun.com\/fr\/\",\"name\":\"MioMioRun\",\"description\":\"Boutique 100% running et trail\",\"publisher\":{\"@id\":\"https:\/\/www.miomiorun.com\/fr\/#organization\"},\"potentialAction\":[{\"@type\":\"SearchAction\",\"target\":{\"@type\":\"EntryPoint\",\"urlTemplate\":\"https:\/\/www.miomiorun.com\/fr\/?s={search_term_string}\"},\"query-input\":{\"@type\":\"PropertyValueSpecification\",\"valueRequired\":true,\"valueName\":\"search_term_string\"}}],\"inLanguage\":\"fr-FR\"},{\"@type\":\"Organization\",\"@id\":\"https:\/\/www.miomiorun.com\/fr\/#organization\",\"name\":\"MioMio Run\",\"url\":\"https:\/\/www.miomiorun.com\/fr\/\",\"logo\":{\"@type\":\"ImageObject\",\"inLanguage\":\"fr-FR\",\"@id\":\"https:\/\/www.miomiorun.com\/fr\/#\/schema\/logo\/image\/\",\"url\":\"https:\/\/www.miomiorun.com\/app\/uploads\/2019\/12\/logomio.png\",\"contentUrl\":\"https:\/\/www.miomiorun.com\/app\/uploads\/2019\/12\/logomio.png\",\"width\":115,\"height\":82,\"caption\":\"MioMio Run\"},\"image\":{\"@id\":\"https:\/\/www.miomiorun.com\/fr\/#\/schema\/logo\/image\/\"},\"sameAs\":[\"https:\/\/www.facebook.com\/miomiorun\/\",\"https:\/\/www.instagram.com\/miomiorun\/\"]}]}<\/script>\n<!-- \/ Yoast SEO plugin. -->","yoast_head_json":{"title":"Asics Gel-Trabuco 14 femme - chaussures de trail running - MioMioRun","description":"ASICS TRABUCO 14 : chaussure de trail l\u00e9g\u00e8re avec semelle ASICSGRIP, amorti FF BLAST MAX, tige en mesh renforc\u00e9 et plaque anti-roches.","robots":{"index":"index","follow":"follow","max-snippet":"max-snippet:-1","max-image-preview":"max-image-preview:large","max-video-preview":"max-video-preview:-1"},"canonical":"https:\/\/www.miomiorun.com\/fr\/produit\/gel-trabuco-14-femme\/","og_locale":"fr_FR","og_type":"article","og_title":"Asics Gel-Trabuco 14 femme - chaussures de trail running - MioMioRun","og_description":"ASICS TRABUCO 14 : chaussure de trail l\u00e9g\u00e8re avec semelle ASICSGRIP, amorti FF BLAST MAX, tige en mesh renforc\u00e9 et plaque anti-roches.","og_url":"https:\/\/www.miomiorun.com\/fr\/produit\/gel-trabuco-14-femme\/","og_site_name":"MioMioRun","article_publisher":"https:\/\/www.facebook.com\/miomiorun\/","article_modified_time":"2026-04-17T08:17:58+00:00","og_image":[{"width":720,"height":720,"url":"https:\/\/www.miomiorun.com\/app\/uploads\/2025\/12\/asics-Trabuco-14-W-amethyst-cobalt-burst-1012B938-500.webp","type":"image\/webp"}],"twitter_card":"summary_large_image","twitter_misc":{"Est. reading time":"2 minutes"},"schema":{"@context":"https:\/\/schema.org","@graph":[{"@type":"WebPage","@id":"https:\/\/www.miomiorun.com\/fr\/produit\/gel-trabuco-14-femme\/","url":"https:\/\/www.miomiorun.com\/fr\/produit\/gel-trabuco-14-femme\/","name":"Asics Gel-Trabuco 14 femme - chaussures de trail running - MioMioRun","isPartOf":{"@id":"https:\/\/www.miomiorun.com\/fr\/#website"},"primaryImageOfPage":{"@id":"https:\/\/www.miomiorun.com\/fr\/produit\/gel-trabuco-14-femme\/#primaryimage"},"image":{"@id":"https:\/\/www.miomiorun.com\/fr\/produit\/gel-trabuco-14-femme\/#primaryimage"},"thumbnailUrl":"https:\/\/www.miomiorun.com\/app\/uploads\/2025\/12\/asics-Trabuco-14-W-amethyst-cobalt-burst-1012B938-500.webp","datePublished":"2025-11-25T17:55:36+00:00","dateModified":"2026-04-17T08:17:58+00:00","description":"ASICS TRABUCO 14 : chaussure de trail l\u00e9g\u00e8re avec semelle ASICSGRIP, amorti FF BLAST MAX, tige en mesh renforc\u00e9 et plaque anti-roches.","breadcrumb":{"@id":"https:\/\/www.miomiorun.com\/fr\/produit\/gel-trabuco-14-femme\/#breadcrumb"},"inLanguage":"fr-FR","potentialAction":[{"@type":"ReadAction","target":["https:\/\/www.miomiorun.com\/fr\/produit\/gel-trabuco-14-femme\/"]}]},{"@type":"ImageObject","inLanguage":"fr-FR","@id":"https:\/\/www.miomiorun.com\/fr\/produit\/gel-trabuco-14-femme\/#primaryimage","url":"https:\/\/www.miomiorun.com\/app\/uploads\/2025\/12\/asics-Trabuco-14-W-amethyst-cobalt-burst-1012B938-500.webp","contentUrl":"https:\/\/www.miomiorun.com\/app\/uploads\/2025\/12\/asics-Trabuco-14-W-amethyst-cobalt-burst-1012B938-500.webp","width":720,"height":720,"caption":"asics Trabuco 14 W amethyst cobalt burst 1012B938 500"},{"@type":"BreadcrumbList","@id":"https:\/\/www.miomiorun.com\/fr\/produit\/gel-trabuco-14-femme\/#breadcrumb","itemListElement":[{"@type":"ListItem","position":1,"name":"Home","item":"https:\/\/www.miomiorun.com\/fr\/home-page\/"},{"@type":"ListItem","position":2,"name":"Shop","item":"https:\/\/www.miomiorun.com\/shop\/"},{"@type":"ListItem","position":3,"name":"Gel-Trabuco 14 femme"}]},{"@type":"WebSite","@id":"https:\/\/www.miomiorun.com\/fr\/#website","url":"https:\/\/www.miomiorun.com\/fr\/","name":"MioMioRun","description":"Boutique 100% running et trail","publisher":{"@id":"https:\/\/www.miomiorun.com\/fr\/#organization"},"potentialAction":[{"@type":"SearchAction","target":{"@type":"EntryPoint","urlTemplate":"https:\/\/www.miomiorun.com\/fr\/?s={search_term_string}"},"query-input":{"@type":"PropertyValueSpecification","valueRequired":true,"valueName":"search_term_string"}}],"inLanguage":"fr-FR"},{"@type":"Organization","@id":"https:\/\/www.miomiorun.com\/fr\/#organization","name":"MioMio Run","url":"https:\/\/www.miomiorun.com\/fr\/","logo":{"@type":"ImageObject","inLanguage":"fr-FR","@id":"https:\/\/www.miomiorun.com\/fr\/#\/schema\/logo\/image\/","url":"https:\/\/www.miomiorun.com\/app\/uploads\/2019\/12\/logomio.png","contentUrl":"https:\/\/www.miomiorun.com\/app\/uploads\/2019\/12\/logomio.png","width":115,"height":82,"caption":"MioMio Run"},"image":{"@id":"https:\/\/www.miomiorun.com\/fr\/#\/schema\/logo\/image\/"},"sameAs":["https:\/\/www.facebook.com\/miomiorun\/","https:\/\/www.instagram.com\/miomiorun\/"]}]}},"_links":{"self":[{"href":"https:\/\/www.miomiorun.com\/fr\/wp-json\/wp\/v2\/product\/374185","targetHints":{"allow":["GET"]}}],"collection":[{"href":"https:\/\/www.miomiorun.com\/fr\/wp-json\/wp\/v2\/product"}],"about":[{"href":"https:\/\/www.miomiorun.com\/fr\/wp-json\/wp\/v2\/types\/product"}],"wp:featuredmedia":[{"embeddable":true,"href":"https:\/\/www.miomiorun.com\/fr\/wp-json\/wp\/v2\/media\/378091"}],"wp:attachment":[{"href":"https:\/\/www.miomiorun.com\/fr\/wp-json\/wp\/v2\/media?parent=374185"}],"wp:term":[{"taxonomy":"product_brand","embeddable":true,"href":"https:\/\/www.miomiorun.com\/fr\/wp-json\/wp\/v2\/product_brand?post=374185"},{"taxonomy":"product_cat","embeddable":true,"href":"https:\/\/www.miomiorun.com\/fr\/wp-json\/wp\/v2\/product_cat?post=374185"},{"taxonomy":"product_tag","embeddable":true,"href":"https:\/\/www.miomiorun.com\/fr\/wp-json\/wp\/v2\/product_tag?post=374185"}],"curies":[{"name":"wp","href":"https:\/\/api.w.org\/{rel}","templated":true}]}}