{"id":373694,"date":"2025-11-25T18:39:27","date_gmt":"2025-11-25T17:39:27","guid":{"rendered":"https:\/\/www.miomiorun.com\/?post_type=product&#038;p=373694"},"modified":"2026-04-17T10:18:14","modified_gmt":"2026-04-17T08:18:14","slug":"peregrine-16-femme","status":"publish","type":"product","link":"https:\/\/www.miomiorun.com\/fr\/produit\/peregrine-16-femme\/","title":{"rendered":"Peregrine 16 femme"},"content":{"rendered":"<div class=\"vc-row container\"><div class=\"vc-column\"><div class=\"vc-column-text\"><\/p>\n<p><strong>Caract\u00e9ristiques techniques<\/strong><\/p>\n<p>Cat\u00e9gorie : amorti sup\u00e9rieur<br \/>\nD\u00e9calage : 4 mm (32\/28 mm)<br \/>\nPoids : 239 g<br \/>\nId\u00e9al pour : les coureurs, les coureurs de trail et les marcheurs \u00e0 la recherche d&#8217;un mod\u00e8le pas trop lourd, capable d&#8217;assurer un appui souple et une bonne \u00e9lasticit\u00e9, avec une bonne traction sur les terrains montagneux, m\u00eame difficiles.<br \/>\nPoids de l&#8217;athl\u00e8te : 60-70 kg<br \/>\nAllure de course : moyenne (5,00-5,30 min\/km)<br \/>\n<a href=\"https:\/\/miomiorun.com\/guida-alle-specifiche-tecniche\/\">Guide des sp\u00e9cifications techniques<\/a><\/p>\n<p><\/div><\/div><div class=\"vc-column\"><div class=\"vc-column-text\"><\/p>\n<p data-start=\"143\" data-end=\"469\">Les <strong data-start=\"146\" data-end=\"162\">Peregrine 16<\/strong> sont con\u00e7ues pour offrir s\u00e9curit\u00e9, stabilit\u00e9 et confort sur tous les sentiers. Gr\u00e2ce \u00e0 leur semelle <strong data-start=\"263\" data-end=\"283\">VIBRAM\u00ae MegaGrip<\/strong> int\u00e9grale, elles garantissent une traction sup\u00e9rieure et une dur\u00e9e de vie exceptionnelle, vous permettant d&#8217;affronter les terrains techniques, les rochers humides et les surfaces irr\u00e9guli\u00e8res en toute ma\u00eetrise.<\/p>\n<p data-start=\"471\" data-end=\"761\">L&#8217;amorti est assur\u00e9 par la mousse <strong data-start=\"524\" data-end=\"534\">PWRRUN<\/strong> \u00e9prouv\u00e9e, d\u00e9sormais encore plus souple et protectrice gr\u00e2ce \u00e0 un volume accru dans la semelle int\u00e9rieure. Une combinaison qui vous permet de courir plus longtemps, en r\u00e9duisant la fatigue et en am\u00e9liorant le confort tout au long de votre exp\u00e9rience de trail.<\/p>\n<p data-start=\"763\" data-end=\"1074\">La protection est \u00e9galement au rendez-vous : le caoutchouc enveloppant \u00e0 l&#8217;avant-pied prot\u00e8ge la pointe des chocs et des obstacles, tandis que la conception robuste soutient le pied m\u00eame sur les parcours les plus difficiles. Les <strong data-start=\"941\" data-end=\"964\">rainures de 4 mm<\/strong> de la semelle compl\u00e8tent un mod\u00e8le con\u00e7u pour ceux qui veulent affronter les sentiers en toute confiance, jour apr\u00e8s jour.<\/p>\n<p><\/div><\/div><\/div>\n","protected":false},"excerpt":{"rendered":"<ul>\n<li data-start=\"1300\" data-end=\"1375\">Semelle VIBRAM\u00ae MegaGrip sur toute la surface pour une durabilit\u00e9 et une traction sup\u00e9rieures<\/li>\n<li data-start=\"1378\" data-end=\"1464\">Amorti PWRRUN plus souple et protecteur pour plus de confort et de s\u00e9curit\u00e9 sur les sentiers<\/li>\n<li data-start=\"1467\" data-end=\"1558\">Pointe renforc\u00e9e et rainures de 4 mm pour une protection et une adh\u00e9rence maximales sur tous les terrains<\/li>\n<\/ul>\n","protected":false},"featured_media":374761,"template":"","meta":{"_acf_changed":false,"inline_featured_image":false},"product_brand":[],"product_cat":[22605,22608],"product_tag":[23579,33803],"class_list":{"0":"post-373694","1":"product","2":"type-product","3":"status-publish","4":"has-post-thumbnail","6":"product_cat-chaussures-pour-femmes","7":"product_cat-trail-fr","8":"product_tag-saucony-fr","9":"product_tag-saucony-donna-fr","10":"pa_attivita-outdoor-fr","11":"pa_attivita-trail-fr","12":"pa_colore-peregrine-16-w-aqua-citron-fr","13":"pa_colore-peregrine-16-w-mauve-salmon-fr","14":"pa_marca-saucony-fr","15":"pa_sesso-femme","16":"pa_size-37-5-fr","17":"pa_size-38-fr","18":"pa_size-38-5-fr","19":"pa_size-39-fr","20":"pa_size-40-fr","21":"pa_size-40-5-fr","22":"pa_size-41-fr","24":"first","25":"instock","26":"sale","27":"taxable","28":"shipping-taxable","29":"purchasable","30":"product-type-variable","31":"wvs-archive-product-wrapper"},"acf":[],"yoast_head":"<!-- This site is optimized with the Yoast SEO plugin v26.8 - https:\/\/yoast.com\/product\/yoast-seo-wordpress\/ -->\n<title>Saucony Peregrine 16 femme - chaussures de trail running - MioMioRun<\/title>\n<meta name=\"description\" content=\"Peregrine 16 : traction VIBRAM\u00ae MegaGrip, amorti PWRRUN et protection renforc\u00e9e. Des chaussures de trail robustes, confortables et s\u00fbres pour tous les types de terrain.\" \/>\n<meta name=\"robots\" content=\"index, follow, max-snippet:-1, max-image-preview:large, max-video-preview:-1\" \/>\n<link rel=\"canonical\" href=\"https:\/\/www.miomiorun.com\/fr\/produit\/peregrine-16-femme\/\" \/>\n<meta property=\"og:locale\" content=\"fr_FR\" \/>\n<meta property=\"og:type\" content=\"article\" \/>\n<meta property=\"og:title\" content=\"Saucony Peregrine 16 femme - chaussures de trail running - MioMioRun\" \/>\n<meta property=\"og:description\" content=\"Peregrine 16 : traction VIBRAM\u00ae MegaGrip, amorti PWRRUN et protection renforc\u00e9e. Des chaussures de trail robustes, confortables et s\u00fbres pour tous les types de terrain.\" \/>\n<meta property=\"og:url\" content=\"https:\/\/www.miomiorun.com\/fr\/produit\/peregrine-16-femme\/\" \/>\n<meta property=\"og:site_name\" content=\"MioMioRun\" \/>\n<meta property=\"article:publisher\" content=\"https:\/\/www.facebook.com\/miomiorun\/\" \/>\n<meta property=\"article:modified_time\" content=\"2026-04-17T08:18:14+00:00\" \/>\n<meta property=\"og:image\" content=\"https:\/\/www.miomiorun.com\/app\/uploads\/2025\/11\/saucony-PEREGRINE-16-W-AQUA-CITRON-S11066-130.webp\" \/>\n\t<meta property=\"og:image:width\" content=\"720\" \/>\n\t<meta property=\"og:image:height\" content=\"720\" \/>\n\t<meta property=\"og:image:type\" content=\"image\/webp\" \/>\n<meta name=\"twitter:card\" content=\"summary_large_image\" \/>\n<meta name=\"twitter:label1\" content=\"Est. reading time\" \/>\n\t<meta name=\"twitter:data1\" content=\"1 minute\" \/>\n<script type=\"application\/ld+json\" class=\"yoast-schema-graph\">{\"@context\":\"https:\/\/schema.org\",\"@graph\":[{\"@type\":\"WebPage\",\"@id\":\"https:\/\/www.miomiorun.com\/fr\/produit\/peregrine-16-femme\/\",\"url\":\"https:\/\/www.miomiorun.com\/fr\/produit\/peregrine-16-femme\/\",\"name\":\"Saucony Peregrine 16 femme - chaussures de trail running - MioMioRun\",\"isPartOf\":{\"@id\":\"https:\/\/www.miomiorun.com\/fr\/#website\"},\"primaryImageOfPage\":{\"@id\":\"https:\/\/www.miomiorun.com\/fr\/produit\/peregrine-16-femme\/#primaryimage\"},\"image\":{\"@id\":\"https:\/\/www.miomiorun.com\/fr\/produit\/peregrine-16-femme\/#primaryimage\"},\"thumbnailUrl\":\"https:\/\/www.miomiorun.com\/app\/uploads\/2025\/11\/saucony-PEREGRINE-16-W-AQUA-CITRON-S11066-130.webp\",\"datePublished\":\"2025-11-25T17:39:27+00:00\",\"dateModified\":\"2026-04-17T08:18:14+00:00\",\"description\":\"Peregrine 16 : traction VIBRAM\u00ae MegaGrip, amorti PWRRUN et protection renforc\u00e9e. Des chaussures de trail robustes, confortables et s\u00fbres pour tous les types de terrain.\",\"breadcrumb\":{\"@id\":\"https:\/\/www.miomiorun.com\/fr\/produit\/peregrine-16-femme\/#breadcrumb\"},\"inLanguage\":\"fr-FR\",\"potentialAction\":[{\"@type\":\"ReadAction\",\"target\":[\"https:\/\/www.miomiorun.com\/fr\/produit\/peregrine-16-femme\/\"]}]},{\"@type\":\"ImageObject\",\"inLanguage\":\"fr-FR\",\"@id\":\"https:\/\/www.miomiorun.com\/fr\/produit\/peregrine-16-femme\/#primaryimage\",\"url\":\"https:\/\/www.miomiorun.com\/app\/uploads\/2025\/11\/saucony-PEREGRINE-16-W-AQUA-CITRON-S11066-130.webp\",\"contentUrl\":\"https:\/\/www.miomiorun.com\/app\/uploads\/2025\/11\/saucony-PEREGRINE-16-W-AQUA-CITRON-S11066-130.webp\",\"width\":720,\"height\":720,\"caption\":\"saucony PEREGRINE 16 W AQUA CITRON S11066-130\"},{\"@type\":\"BreadcrumbList\",\"@id\":\"https:\/\/www.miomiorun.com\/fr\/produit\/peregrine-16-femme\/#breadcrumb\",\"itemListElement\":[{\"@type\":\"ListItem\",\"position\":1,\"name\":\"Home\",\"item\":\"https:\/\/www.miomiorun.com\/fr\/home-page\/\"},{\"@type\":\"ListItem\",\"position\":2,\"name\":\"Shop\",\"item\":\"https:\/\/www.miomiorun.com\/shop\/\"},{\"@type\":\"ListItem\",\"position\":3,\"name\":\"Peregrine 16 femme\"}]},{\"@type\":\"WebSite\",\"@id\":\"https:\/\/www.miomiorun.com\/fr\/#website\",\"url\":\"https:\/\/www.miomiorun.com\/fr\/\",\"name\":\"MioMioRun\",\"description\":\"Boutique 100% running et trail\",\"publisher\":{\"@id\":\"https:\/\/www.miomiorun.com\/fr\/#organization\"},\"potentialAction\":[{\"@type\":\"SearchAction\",\"target\":{\"@type\":\"EntryPoint\",\"urlTemplate\":\"https:\/\/www.miomiorun.com\/fr\/?s={search_term_string}\"},\"query-input\":{\"@type\":\"PropertyValueSpecification\",\"valueRequired\":true,\"valueName\":\"search_term_string\"}}],\"inLanguage\":\"fr-FR\"},{\"@type\":\"Organization\",\"@id\":\"https:\/\/www.miomiorun.com\/fr\/#organization\",\"name\":\"MioMio Run\",\"url\":\"https:\/\/www.miomiorun.com\/fr\/\",\"logo\":{\"@type\":\"ImageObject\",\"inLanguage\":\"fr-FR\",\"@id\":\"https:\/\/www.miomiorun.com\/fr\/#\/schema\/logo\/image\/\",\"url\":\"https:\/\/www.miomiorun.com\/app\/uploads\/2019\/12\/logomio.png\",\"contentUrl\":\"https:\/\/www.miomiorun.com\/app\/uploads\/2019\/12\/logomio.png\",\"width\":115,\"height\":82,\"caption\":\"MioMio Run\"},\"image\":{\"@id\":\"https:\/\/www.miomiorun.com\/fr\/#\/schema\/logo\/image\/\"},\"sameAs\":[\"https:\/\/www.facebook.com\/miomiorun\/\",\"https:\/\/www.instagram.com\/miomiorun\/\"]}]}<\/script>\n<!-- \/ Yoast SEO plugin. -->","yoast_head_json":{"title":"Saucony Peregrine 16 femme - chaussures de trail running - MioMioRun","description":"Peregrine 16 : traction VIBRAM\u00ae MegaGrip, amorti PWRRUN et protection renforc\u00e9e. Des chaussures de trail robustes, confortables et s\u00fbres pour tous les types de terrain.","robots":{"index":"index","follow":"follow","max-snippet":"max-snippet:-1","max-image-preview":"max-image-preview:large","max-video-preview":"max-video-preview:-1"},"canonical":"https:\/\/www.miomiorun.com\/fr\/produit\/peregrine-16-femme\/","og_locale":"fr_FR","og_type":"article","og_title":"Saucony Peregrine 16 femme - chaussures de trail running - MioMioRun","og_description":"Peregrine 16 : traction VIBRAM\u00ae MegaGrip, amorti PWRRUN et protection renforc\u00e9e. Des chaussures de trail robustes, confortables et s\u00fbres pour tous les types de terrain.","og_url":"https:\/\/www.miomiorun.com\/fr\/produit\/peregrine-16-femme\/","og_site_name":"MioMioRun","article_publisher":"https:\/\/www.facebook.com\/miomiorun\/","article_modified_time":"2026-04-17T08:18:14+00:00","og_image":[{"width":720,"height":720,"url":"https:\/\/www.miomiorun.com\/app\/uploads\/2025\/11\/saucony-PEREGRINE-16-W-AQUA-CITRON-S11066-130.webp","type":"image\/webp"}],"twitter_card":"summary_large_image","twitter_misc":{"Est. reading time":"1 minute"},"schema":{"@context":"https:\/\/schema.org","@graph":[{"@type":"WebPage","@id":"https:\/\/www.miomiorun.com\/fr\/produit\/peregrine-16-femme\/","url":"https:\/\/www.miomiorun.com\/fr\/produit\/peregrine-16-femme\/","name":"Saucony Peregrine 16 femme - chaussures de trail running - MioMioRun","isPartOf":{"@id":"https:\/\/www.miomiorun.com\/fr\/#website"},"primaryImageOfPage":{"@id":"https:\/\/www.miomiorun.com\/fr\/produit\/peregrine-16-femme\/#primaryimage"},"image":{"@id":"https:\/\/www.miomiorun.com\/fr\/produit\/peregrine-16-femme\/#primaryimage"},"thumbnailUrl":"https:\/\/www.miomiorun.com\/app\/uploads\/2025\/11\/saucony-PEREGRINE-16-W-AQUA-CITRON-S11066-130.webp","datePublished":"2025-11-25T17:39:27+00:00","dateModified":"2026-04-17T08:18:14+00:00","description":"Peregrine 16 : traction VIBRAM\u00ae MegaGrip, amorti PWRRUN et protection renforc\u00e9e. Des chaussures de trail robustes, confortables et s\u00fbres pour tous les types de terrain.","breadcrumb":{"@id":"https:\/\/www.miomiorun.com\/fr\/produit\/peregrine-16-femme\/#breadcrumb"},"inLanguage":"fr-FR","potentialAction":[{"@type":"ReadAction","target":["https:\/\/www.miomiorun.com\/fr\/produit\/peregrine-16-femme\/"]}]},{"@type":"ImageObject","inLanguage":"fr-FR","@id":"https:\/\/www.miomiorun.com\/fr\/produit\/peregrine-16-femme\/#primaryimage","url":"https:\/\/www.miomiorun.com\/app\/uploads\/2025\/11\/saucony-PEREGRINE-16-W-AQUA-CITRON-S11066-130.webp","contentUrl":"https:\/\/www.miomiorun.com\/app\/uploads\/2025\/11\/saucony-PEREGRINE-16-W-AQUA-CITRON-S11066-130.webp","width":720,"height":720,"caption":"saucony PEREGRINE 16 W AQUA CITRON S11066-130"},{"@type":"BreadcrumbList","@id":"https:\/\/www.miomiorun.com\/fr\/produit\/peregrine-16-femme\/#breadcrumb","itemListElement":[{"@type":"ListItem","position":1,"name":"Home","item":"https:\/\/www.miomiorun.com\/fr\/home-page\/"},{"@type":"ListItem","position":2,"name":"Shop","item":"https:\/\/www.miomiorun.com\/shop\/"},{"@type":"ListItem","position":3,"name":"Peregrine 16 femme"}]},{"@type":"WebSite","@id":"https:\/\/www.miomiorun.com\/fr\/#website","url":"https:\/\/www.miomiorun.com\/fr\/","name":"MioMioRun","description":"Boutique 100% running et trail","publisher":{"@id":"https:\/\/www.miomiorun.com\/fr\/#organization"},"potentialAction":[{"@type":"SearchAction","target":{"@type":"EntryPoint","urlTemplate":"https:\/\/www.miomiorun.com\/fr\/?s={search_term_string}"},"query-input":{"@type":"PropertyValueSpecification","valueRequired":true,"valueName":"search_term_string"}}],"inLanguage":"fr-FR"},{"@type":"Organization","@id":"https:\/\/www.miomiorun.com\/fr\/#organization","name":"MioMio Run","url":"https:\/\/www.miomiorun.com\/fr\/","logo":{"@type":"ImageObject","inLanguage":"fr-FR","@id":"https:\/\/www.miomiorun.com\/fr\/#\/schema\/logo\/image\/","url":"https:\/\/www.miomiorun.com\/app\/uploads\/2019\/12\/logomio.png","contentUrl":"https:\/\/www.miomiorun.com\/app\/uploads\/2019\/12\/logomio.png","width":115,"height":82,"caption":"MioMio Run"},"image":{"@id":"https:\/\/www.miomiorun.com\/fr\/#\/schema\/logo\/image\/"},"sameAs":["https:\/\/www.facebook.com\/miomiorun\/","https:\/\/www.instagram.com\/miomiorun\/"]}]}},"_links":{"self":[{"href":"https:\/\/www.miomiorun.com\/fr\/wp-json\/wp\/v2\/product\/373694","targetHints":{"allow":["GET"]}}],"collection":[{"href":"https:\/\/www.miomiorun.com\/fr\/wp-json\/wp\/v2\/product"}],"about":[{"href":"https:\/\/www.miomiorun.com\/fr\/wp-json\/wp\/v2\/types\/product"}],"wp:featuredmedia":[{"embeddable":true,"href":"https:\/\/www.miomiorun.com\/fr\/wp-json\/wp\/v2\/media\/374761"}],"wp:attachment":[{"href":"https:\/\/www.miomiorun.com\/fr\/wp-json\/wp\/v2\/media?parent=373694"}],"wp:term":[{"taxonomy":"product_brand","embeddable":true,"href":"https:\/\/www.miomiorun.com\/fr\/wp-json\/wp\/v2\/product_brand?post=373694"},{"taxonomy":"product_cat","embeddable":true,"href":"https:\/\/www.miomiorun.com\/fr\/wp-json\/wp\/v2\/product_cat?post=373694"},{"taxonomy":"product_tag","embeddable":true,"href":"https:\/\/www.miomiorun.com\/fr\/wp-json\/wp\/v2\/product_tag?post=373694"}],"curies":[{"name":"wp","href":"https:\/\/api.w.org\/{rel}","templated":true}]}}