{"id":373200,"date":"2025-11-25T12:13:40","date_gmt":"2025-11-25T11:13:40","guid":{"rendered":"https:\/\/www.miomiorun.com\/?post_type=product&#038;p=373200"},"modified":"2026-03-18T21:46:09","modified_gmt":"2026-03-18T20:46:09","slug":"launch-insulated-jacket-homme","status":"publish","type":"product","link":"https:\/\/www.miomiorun.com\/fr\/produit\/launch-insulated-jacket-homme\/","title":{"rendered":"Launch insulated jacket homme"},"content":{"rendered":"<p data-start=\"159\" data-end=\"514\">La <strong data-start=\"162\" data-end=\"197\">veste isolante Launch pour homme<\/strong> est con\u00e7ue pour garantir un confort et des performances optimales \u00e0 chaque sortie, m\u00eame lorsque les temp\u00e9ratures baissent. L&#8217;isolant \u00e0 l&#8217;avant retient la chaleur pendant les premi\u00e8res phases de l&#8217;entra\u00eenement, tandis que l&#8217;arri\u00e8re ventil\u00e9 \u00e9vite la surchauffe, maintenant le corps dans sa plage id\u00e9ale tout au long de l&#8217;activit\u00e9.<\/p>\n<p data-start=\"516\" data-end=\"980\">La technologie <strong data-start=\"530\" data-end=\"542\">UA Storm<\/strong> repousse l&#8217;eau sans compromettre la respirabilit\u00e9, vous permettant ainsi de continuer \u00e0 courir m\u00eame en cas de pluie l\u00e9g\u00e8re. Le corps est fabriqu\u00e9 dans un tissu r\u00e9sistant associ\u00e9 \u00e0 des ourlets et des poignets en maille extensible douce pour favoriser la libert\u00e9 de mouvement. L&#8217;isolation synth\u00e9tique de 80 g offre une chaleur suppl\u00e9mentaire pour un poids minimal, et les empi\u00e8cements en mesh sous les aisselles am\u00e9liorent encore la ventilation aux endroits strat\u00e9giques.<\/p>\n<p data-start=\"982\" data-end=\"1259\">Des poches zipp\u00e9es, une poche int\u00e9rieure pour appareils multim\u00e9dias et des d\u00e9tails r\u00e9fl\u00e9chissants con\u00e7us pour am\u00e9liorer la visibilit\u00e9 le soir compl\u00e8tent ce v\u00eatement. De plus, la veste b\u00e9n\u00e9ficie d&#8217;une finition d\u00e9perlante sans fluor, plus respectueuse de l&#8217;environnement.<\/p>\n<p>&nbsp;<\/p>\n","protected":false},"excerpt":{"rendered":"<ul>\n<li data-start=\"1512\" data-end=\"1606\">Isolation synth\u00e9tique 80 g \u00e0 l&#8217;avant et dos ventil\u00e9 pour une chaleur \u00e9quilibr\u00e9e<\/li>\n<li data-start=\"1609\" data-end=\"1692\">Technologie UA Storm hydrofuge et respirante, avec traitement sans fluor<\/li>\n<li data-start=\"1695\" data-end=\"1797\">Tissu r\u00e9sistant, maille extensible, empi\u00e8cements en mesh et poches zipp\u00e9es pour des performances optimales<\/li>\n<\/ul>\n","protected":false},"featured_media":382046,"template":"","meta":{"_acf_changed":false,"inline_featured_image":false},"product_brand":[],"product_cat":[24480,24482],"product_tag":[23530,23574],"class_list":{"0":"post-373200","1":"product","2":"type-product","3":"status-publish","4":"has-post-thumbnail","6":"product_cat-vestes-fr-2","7":"product_cat-vetements-pour-hommes-fr","8":"product_tag-under-armour-fr","9":"product_tag-under-armour-homme","10":"pa_attivita-marcher","11":"pa_attivita-running-fr","12":"pa_colore-launch-insulated-jacket-jasper-blue-fr","13":"pa_marca-under-armour-fr","14":"pa_sesso-homme","15":"pa_size-small-fr","16":"pa_size-medium-fr","17":"pa_size-large-fr","19":"first","20":"outofstock","21":"taxable","22":"shipping-taxable","23":"product-type-variable","24":"wvs-archive-product-wrapper"},"acf":[],"yoast_head":"<!-- This site is optimized with the Yoast SEO plugin v26.8 - https:\/\/yoast.com\/product\/yoast-seo-wordpress\/ -->\n<title>Under Armour Launch insulated jacket homme - veste de course- MioMioRun<\/title>\n<meta name=\"description\" content=\"Veste Under Armour Launch Insulated Jacket pour homme : veste isolante et d\u00e9perlante avec technologie UA Storm, ventilation arri\u00e8re et d\u00e9tails r\u00e9fl\u00e9chissants.\" \/>\n<meta name=\"robots\" content=\"index, follow, max-snippet:-1, max-image-preview:large, max-video-preview:-1\" \/>\n<link rel=\"canonical\" href=\"https:\/\/www.miomiorun.com\/fr\/produit\/launch-insulated-jacket-homme\/\" \/>\n<meta property=\"og:locale\" content=\"fr_FR\" \/>\n<meta property=\"og:type\" content=\"article\" \/>\n<meta property=\"og:title\" content=\"Under Armour Launch insulated jacket homme - veste de course- MioMioRun\" \/>\n<meta property=\"og:description\" content=\"Veste Under Armour Launch Insulated Jacket pour homme : veste isolante et d\u00e9perlante avec technologie UA Storm, ventilation arri\u00e8re et d\u00e9tails r\u00e9fl\u00e9chissants.\" \/>\n<meta property=\"og:url\" content=\"https:\/\/www.miomiorun.com\/fr\/produit\/launch-insulated-jacket-homme\/\" \/>\n<meta property=\"og:site_name\" content=\"MioMioRun\" \/>\n<meta property=\"article:publisher\" content=\"https:\/\/www.facebook.com\/miomiorun\/\" \/>\n<meta property=\"article:modified_time\" content=\"2026-03-18T20:46:09+00:00\" \/>\n<meta property=\"og:image\" content=\"https:\/\/www.miomiorun.com\/app\/uploads\/2025\/12\/under-armour-Launch-insulated-jacket-jasper-blue-1380868-0587.webp\" \/>\n\t<meta property=\"og:image:width\" content=\"720\" \/>\n\t<meta property=\"og:image:height\" content=\"720\" \/>\n\t<meta property=\"og:image:type\" content=\"image\/webp\" \/>\n<meta name=\"twitter:card\" content=\"summary_large_image\" \/>\n<meta name=\"twitter:label1\" content=\"Est. reading time\" \/>\n\t<meta name=\"twitter:data1\" content=\"1 minute\" \/>\n<script type=\"application\/ld+json\" class=\"yoast-schema-graph\">{\"@context\":\"https:\/\/schema.org\",\"@graph\":[{\"@type\":\"WebPage\",\"@id\":\"https:\/\/www.miomiorun.com\/fr\/produit\/launch-insulated-jacket-homme\/\",\"url\":\"https:\/\/www.miomiorun.com\/fr\/produit\/launch-insulated-jacket-homme\/\",\"name\":\"Under Armour Launch insulated jacket homme - veste de course- MioMioRun\",\"isPartOf\":{\"@id\":\"https:\/\/www.miomiorun.com\/fr\/#website\"},\"primaryImageOfPage\":{\"@id\":\"https:\/\/www.miomiorun.com\/fr\/produit\/launch-insulated-jacket-homme\/#primaryimage\"},\"image\":{\"@id\":\"https:\/\/www.miomiorun.com\/fr\/produit\/launch-insulated-jacket-homme\/#primaryimage\"},\"thumbnailUrl\":\"https:\/\/www.miomiorun.com\/app\/uploads\/2025\/12\/under-armour-Launch-insulated-jacket-jasper-blue-1380868-0587.webp\",\"datePublished\":\"2025-11-25T11:13:40+00:00\",\"dateModified\":\"2026-03-18T20:46:09+00:00\",\"description\":\"Veste Under Armour Launch Insulated Jacket pour homme : veste isolante et d\u00e9perlante avec technologie UA Storm, ventilation arri\u00e8re et d\u00e9tails r\u00e9fl\u00e9chissants.\",\"breadcrumb\":{\"@id\":\"https:\/\/www.miomiorun.com\/fr\/produit\/launch-insulated-jacket-homme\/#breadcrumb\"},\"inLanguage\":\"fr-FR\",\"potentialAction\":[{\"@type\":\"ReadAction\",\"target\":[\"https:\/\/www.miomiorun.com\/fr\/produit\/launch-insulated-jacket-homme\/\"]}]},{\"@type\":\"ImageObject\",\"inLanguage\":\"fr-FR\",\"@id\":\"https:\/\/www.miomiorun.com\/fr\/produit\/launch-insulated-jacket-homme\/#primaryimage\",\"url\":\"https:\/\/www.miomiorun.com\/app\/uploads\/2025\/12\/under-armour-Launch-insulated-jacket-jasper-blue-1380868-0587.webp\",\"contentUrl\":\"https:\/\/www.miomiorun.com\/app\/uploads\/2025\/12\/under-armour-Launch-insulated-jacket-jasper-blue-1380868-0587.webp\",\"width\":720,\"height\":720,\"caption\":\"under armour Launch insulated jacket jasper blue 1380868-0587\"},{\"@type\":\"BreadcrumbList\",\"@id\":\"https:\/\/www.miomiorun.com\/fr\/produit\/launch-insulated-jacket-homme\/#breadcrumb\",\"itemListElement\":[{\"@type\":\"ListItem\",\"position\":1,\"name\":\"Home\",\"item\":\"https:\/\/www.miomiorun.com\/fr\/home-page\/\"},{\"@type\":\"ListItem\",\"position\":2,\"name\":\"Shop\",\"item\":\"https:\/\/www.miomiorun.com\/shop\/\"},{\"@type\":\"ListItem\",\"position\":3,\"name\":\"Launch insulated jacket homme\"}]},{\"@type\":\"WebSite\",\"@id\":\"https:\/\/www.miomiorun.com\/fr\/#website\",\"url\":\"https:\/\/www.miomiorun.com\/fr\/\",\"name\":\"MioMioRun\",\"description\":\"Boutique 100% running et trail\",\"publisher\":{\"@id\":\"https:\/\/www.miomiorun.com\/fr\/#organization\"},\"potentialAction\":[{\"@type\":\"SearchAction\",\"target\":{\"@type\":\"EntryPoint\",\"urlTemplate\":\"https:\/\/www.miomiorun.com\/fr\/?s={search_term_string}\"},\"query-input\":{\"@type\":\"PropertyValueSpecification\",\"valueRequired\":true,\"valueName\":\"search_term_string\"}}],\"inLanguage\":\"fr-FR\"},{\"@type\":\"Organization\",\"@id\":\"https:\/\/www.miomiorun.com\/fr\/#organization\",\"name\":\"MioMio Run\",\"url\":\"https:\/\/www.miomiorun.com\/fr\/\",\"logo\":{\"@type\":\"ImageObject\",\"inLanguage\":\"fr-FR\",\"@id\":\"https:\/\/www.miomiorun.com\/fr\/#\/schema\/logo\/image\/\",\"url\":\"https:\/\/www.miomiorun.com\/app\/uploads\/2019\/12\/logomio.png\",\"contentUrl\":\"https:\/\/www.miomiorun.com\/app\/uploads\/2019\/12\/logomio.png\",\"width\":115,\"height\":82,\"caption\":\"MioMio Run\"},\"image\":{\"@id\":\"https:\/\/www.miomiorun.com\/fr\/#\/schema\/logo\/image\/\"},\"sameAs\":[\"https:\/\/www.facebook.com\/miomiorun\/\",\"https:\/\/www.instagram.com\/miomiorun\/\"]}]}<\/script>\n<!-- \/ Yoast SEO plugin. -->","yoast_head_json":{"title":"Under Armour Launch insulated jacket homme - veste de course- MioMioRun","description":"Veste Under Armour Launch Insulated Jacket pour homme : veste isolante et d\u00e9perlante avec technologie UA Storm, ventilation arri\u00e8re et d\u00e9tails r\u00e9fl\u00e9chissants.","robots":{"index":"index","follow":"follow","max-snippet":"max-snippet:-1","max-image-preview":"max-image-preview:large","max-video-preview":"max-video-preview:-1"},"canonical":"https:\/\/www.miomiorun.com\/fr\/produit\/launch-insulated-jacket-homme\/","og_locale":"fr_FR","og_type":"article","og_title":"Under Armour Launch insulated jacket homme - veste de course- MioMioRun","og_description":"Veste Under Armour Launch Insulated Jacket pour homme : veste isolante et d\u00e9perlante avec technologie UA Storm, ventilation arri\u00e8re et d\u00e9tails r\u00e9fl\u00e9chissants.","og_url":"https:\/\/www.miomiorun.com\/fr\/produit\/launch-insulated-jacket-homme\/","og_site_name":"MioMioRun","article_publisher":"https:\/\/www.facebook.com\/miomiorun\/","article_modified_time":"2026-03-18T20:46:09+00:00","og_image":[{"width":720,"height":720,"url":"https:\/\/www.miomiorun.com\/app\/uploads\/2025\/12\/under-armour-Launch-insulated-jacket-jasper-blue-1380868-0587.webp","type":"image\/webp"}],"twitter_card":"summary_large_image","twitter_misc":{"Est. reading time":"1 minute"},"schema":{"@context":"https:\/\/schema.org","@graph":[{"@type":"WebPage","@id":"https:\/\/www.miomiorun.com\/fr\/produit\/launch-insulated-jacket-homme\/","url":"https:\/\/www.miomiorun.com\/fr\/produit\/launch-insulated-jacket-homme\/","name":"Under Armour Launch insulated jacket homme - veste de course- MioMioRun","isPartOf":{"@id":"https:\/\/www.miomiorun.com\/fr\/#website"},"primaryImageOfPage":{"@id":"https:\/\/www.miomiorun.com\/fr\/produit\/launch-insulated-jacket-homme\/#primaryimage"},"image":{"@id":"https:\/\/www.miomiorun.com\/fr\/produit\/launch-insulated-jacket-homme\/#primaryimage"},"thumbnailUrl":"https:\/\/www.miomiorun.com\/app\/uploads\/2025\/12\/under-armour-Launch-insulated-jacket-jasper-blue-1380868-0587.webp","datePublished":"2025-11-25T11:13:40+00:00","dateModified":"2026-03-18T20:46:09+00:00","description":"Veste Under Armour Launch Insulated Jacket pour homme : veste isolante et d\u00e9perlante avec technologie UA Storm, ventilation arri\u00e8re et d\u00e9tails r\u00e9fl\u00e9chissants.","breadcrumb":{"@id":"https:\/\/www.miomiorun.com\/fr\/produit\/launch-insulated-jacket-homme\/#breadcrumb"},"inLanguage":"fr-FR","potentialAction":[{"@type":"ReadAction","target":["https:\/\/www.miomiorun.com\/fr\/produit\/launch-insulated-jacket-homme\/"]}]},{"@type":"ImageObject","inLanguage":"fr-FR","@id":"https:\/\/www.miomiorun.com\/fr\/produit\/launch-insulated-jacket-homme\/#primaryimage","url":"https:\/\/www.miomiorun.com\/app\/uploads\/2025\/12\/under-armour-Launch-insulated-jacket-jasper-blue-1380868-0587.webp","contentUrl":"https:\/\/www.miomiorun.com\/app\/uploads\/2025\/12\/under-armour-Launch-insulated-jacket-jasper-blue-1380868-0587.webp","width":720,"height":720,"caption":"under armour Launch insulated jacket jasper blue 1380868-0587"},{"@type":"BreadcrumbList","@id":"https:\/\/www.miomiorun.com\/fr\/produit\/launch-insulated-jacket-homme\/#breadcrumb","itemListElement":[{"@type":"ListItem","position":1,"name":"Home","item":"https:\/\/www.miomiorun.com\/fr\/home-page\/"},{"@type":"ListItem","position":2,"name":"Shop","item":"https:\/\/www.miomiorun.com\/shop\/"},{"@type":"ListItem","position":3,"name":"Launch insulated jacket homme"}]},{"@type":"WebSite","@id":"https:\/\/www.miomiorun.com\/fr\/#website","url":"https:\/\/www.miomiorun.com\/fr\/","name":"MioMioRun","description":"Boutique 100% running et trail","publisher":{"@id":"https:\/\/www.miomiorun.com\/fr\/#organization"},"potentialAction":[{"@type":"SearchAction","target":{"@type":"EntryPoint","urlTemplate":"https:\/\/www.miomiorun.com\/fr\/?s={search_term_string}"},"query-input":{"@type":"PropertyValueSpecification","valueRequired":true,"valueName":"search_term_string"}}],"inLanguage":"fr-FR"},{"@type":"Organization","@id":"https:\/\/www.miomiorun.com\/fr\/#organization","name":"MioMio Run","url":"https:\/\/www.miomiorun.com\/fr\/","logo":{"@type":"ImageObject","inLanguage":"fr-FR","@id":"https:\/\/www.miomiorun.com\/fr\/#\/schema\/logo\/image\/","url":"https:\/\/www.miomiorun.com\/app\/uploads\/2019\/12\/logomio.png","contentUrl":"https:\/\/www.miomiorun.com\/app\/uploads\/2019\/12\/logomio.png","width":115,"height":82,"caption":"MioMio Run"},"image":{"@id":"https:\/\/www.miomiorun.com\/fr\/#\/schema\/logo\/image\/"},"sameAs":["https:\/\/www.facebook.com\/miomiorun\/","https:\/\/www.instagram.com\/miomiorun\/"]}]}},"_links":{"self":[{"href":"https:\/\/www.miomiorun.com\/fr\/wp-json\/wp\/v2\/product\/373200","targetHints":{"allow":["GET"]}}],"collection":[{"href":"https:\/\/www.miomiorun.com\/fr\/wp-json\/wp\/v2\/product"}],"about":[{"href":"https:\/\/www.miomiorun.com\/fr\/wp-json\/wp\/v2\/types\/product"}],"wp:featuredmedia":[{"embeddable":true,"href":"https:\/\/www.miomiorun.com\/fr\/wp-json\/wp\/v2\/media\/382046"}],"wp:attachment":[{"href":"https:\/\/www.miomiorun.com\/fr\/wp-json\/wp\/v2\/media?parent=373200"}],"wp:term":[{"taxonomy":"product_brand","embeddable":true,"href":"https:\/\/www.miomiorun.com\/fr\/wp-json\/wp\/v2\/product_brand?post=373200"},{"taxonomy":"product_cat","embeddable":true,"href":"https:\/\/www.miomiorun.com\/fr\/wp-json\/wp\/v2\/product_cat?post=373200"},{"taxonomy":"product_tag","embeddable":true,"href":"https:\/\/www.miomiorun.com\/fr\/wp-json\/wp\/v2\/product_tag?post=373200"}],"curies":[{"name":"wp","href":"https:\/\/api.w.org\/{rel}","templated":true}]}}