{"id":373058,"date":"2025-11-25T11:46:41","date_gmt":"2025-11-25T10:46:41","guid":{"rendered":"https:\/\/www.miomiorun.com\/?post_type=product&#038;p=373058"},"modified":"2026-04-17T10:19:20","modified_gmt":"2026-04-17T08:19:20","slug":"rival-fleece-crew-homme","status":"publish","type":"product","link":"https:\/\/www.miomiorun.com\/fr\/produit\/rival-fleece-crew-homme\/","title":{"rendered":"Rival Fleece Crew homme"},"content":{"rendered":"<p data-start=\"148\" data-end=\"544\">Le <strong data-start=\"151\" data-end=\"172\">Rival Fleece Crew<\/strong> est le choix id\u00e9al pour ceux qui recherchent un v\u00eatement simple, confortable et chaud \u00e0 porter au quotidien. Confectionn\u00e9 dans un molleton doux en coton m\u00e9lang\u00e9 avec int\u00e9rieur bross\u00e9, il offre une sensation enveloppante qui retient la chaleur sans \u00eatre lourd. Id\u00e9al pour s&#8217;\u00e9chauffer, les loisirs ou les activit\u00e9s l\u00e9g\u00e8res, il garantit un confort imm\u00e9diat et une grande libert\u00e9 de mouvement. <\/p>\n<p data-start=\"546\" data-end=\"769\">Son design \u00e9pur\u00e9 est compl\u00e9t\u00e9 par un col, des poignets et un ourlet inf\u00e9rieur c\u00f4tel\u00e9s, qui am\u00e9liorent la coupe et ajoutent une touche de style essentielle. Un v\u00eatement polyvalent, \u00e0 porter partout o\u00f9 vous avez besoin de chaleur et de douceur.<\/p>\n","protected":false},"excerpt":{"rendered":"<ul>\n<li data-start=\"985\" data-end=\"1055\">M\u00e9lange de coton et polyester avec int\u00e9rieur bross\u00e9 pour une chaleur enveloppante<\/li>\n<li data-start=\"1058\" data-end=\"1129\">Col, poignets et ourlet c\u00f4tel\u00e9s pour un ajustement confortable et stable<\/li>\n<li data-start=\"1132\" data-end=\"1202\">L\u00e9ger, doux et id\u00e9al pour les activit\u00e9s quotidiennes ou les moments de d\u00e9tente<\/li>\n<\/ul>\n","protected":false},"featured_media":381987,"template":"","meta":{"_acf_changed":false,"inline_featured_image":false},"product_brand":[],"product_cat":[24478,24482],"product_tag":[23530,23574],"class_list":{"0":"post-373058","1":"product","2":"type-product","3":"status-publish","4":"has-post-thumbnail","6":"product_cat-maillots-fr-2","7":"product_cat-vetements-pour-hommes-fr","8":"product_tag-under-armour-fr","9":"product_tag-under-armour-homme","10":"pa_attivita-lifestyle-fr","11":"pa_colore-rival-fleece-crew-castlerock-light-fr","12":"pa_marca-under-armour-fr","13":"pa_sesso-homme","14":"pa_size-extra-small-fr","15":"pa_size-small-fr","16":"pa_size-medium-fr","17":"pa_size-large-fr","19":"first","20":"instock","21":"sale","22":"taxable","23":"shipping-taxable","24":"purchasable","25":"product-type-variable","26":"wvs-archive-product-wrapper"},"acf":[],"yoast_head":"<!-- This site is optimized with the Yoast SEO plugin v26.8 - https:\/\/yoast.com\/product\/yoast-seo-wordpress\/ -->\n<title>Under Armour Rival Fleece Crew homme - Sweat-shirt - MioMioRun<\/title>\n<meta name=\"description\" content=\"Rival Fleece Crew : sweat-shirt chaud et ultra-doux en molleton bross\u00e9, id\u00e9al pour toutes les activit\u00e9s. Confort au quotidien gr\u00e2ce \u00e0 son col, ses poignets et son ourlet c\u00f4tel\u00e9s.\" \/>\n<meta name=\"robots\" content=\"index, follow, max-snippet:-1, max-image-preview:large, max-video-preview:-1\" \/>\n<link rel=\"canonical\" href=\"https:\/\/www.miomiorun.com\/fr\/produit\/rival-fleece-crew-homme\/\" \/>\n<meta property=\"og:locale\" content=\"fr_FR\" \/>\n<meta property=\"og:type\" content=\"article\" \/>\n<meta property=\"og:title\" content=\"Under Armour Rival Fleece Crew homme - Sweat-shirt - MioMioRun\" \/>\n<meta property=\"og:description\" content=\"Rival Fleece Crew : sweat-shirt chaud et ultra-doux en molleton bross\u00e9, id\u00e9al pour toutes les activit\u00e9s. Confort au quotidien gr\u00e2ce \u00e0 son col, ses poignets et son ourlet c\u00f4tel\u00e9s.\" \/>\n<meta property=\"og:url\" content=\"https:\/\/www.miomiorun.com\/fr\/produit\/rival-fleece-crew-homme\/\" \/>\n<meta property=\"og:site_name\" content=\"MioMioRun\" \/>\n<meta property=\"article:publisher\" content=\"https:\/\/www.facebook.com\/miomiorun\/\" \/>\n<meta property=\"article:modified_time\" content=\"2026-04-17T08:19:20+00:00\" \/>\n<meta property=\"og:image\" content=\"https:\/\/www.miomiorun.com\/app\/uploads\/2025\/12\/under-armour-Rival-fleece-crew-castlerock-light-1379755-0025.webp\" \/>\n\t<meta property=\"og:image:width\" content=\"720\" \/>\n\t<meta property=\"og:image:height\" content=\"720\" \/>\n\t<meta property=\"og:image:type\" content=\"image\/webp\" \/>\n<meta name=\"twitter:card\" content=\"summary_large_image\" \/>\n<meta name=\"twitter:label1\" content=\"Est. reading time\" \/>\n\t<meta name=\"twitter:data1\" content=\"1 minute\" \/>\n<script type=\"application\/ld+json\" class=\"yoast-schema-graph\">{\"@context\":\"https:\/\/schema.org\",\"@graph\":[{\"@type\":\"WebPage\",\"@id\":\"https:\/\/www.miomiorun.com\/fr\/produit\/rival-fleece-crew-homme\/\",\"url\":\"https:\/\/www.miomiorun.com\/fr\/produit\/rival-fleece-crew-homme\/\",\"name\":\"Under Armour Rival Fleece Crew homme - Sweat-shirt - MioMioRun\",\"isPartOf\":{\"@id\":\"https:\/\/www.miomiorun.com\/fr\/#website\"},\"primaryImageOfPage\":{\"@id\":\"https:\/\/www.miomiorun.com\/fr\/produit\/rival-fleece-crew-homme\/#primaryimage\"},\"image\":{\"@id\":\"https:\/\/www.miomiorun.com\/fr\/produit\/rival-fleece-crew-homme\/#primaryimage\"},\"thumbnailUrl\":\"https:\/\/www.miomiorun.com\/app\/uploads\/2025\/12\/under-armour-Rival-fleece-crew-castlerock-light-1379755-0025.webp\",\"datePublished\":\"2025-11-25T10:46:41+00:00\",\"dateModified\":\"2026-04-17T08:19:20+00:00\",\"description\":\"Rival Fleece Crew : sweat-shirt chaud et ultra-doux en molleton bross\u00e9, id\u00e9al pour toutes les activit\u00e9s. Confort au quotidien gr\u00e2ce \u00e0 son col, ses poignets et son ourlet c\u00f4tel\u00e9s.\",\"breadcrumb\":{\"@id\":\"https:\/\/www.miomiorun.com\/fr\/produit\/rival-fleece-crew-homme\/#breadcrumb\"},\"inLanguage\":\"fr-FR\",\"potentialAction\":[{\"@type\":\"ReadAction\",\"target\":[\"https:\/\/www.miomiorun.com\/fr\/produit\/rival-fleece-crew-homme\/\"]}]},{\"@type\":\"ImageObject\",\"inLanguage\":\"fr-FR\",\"@id\":\"https:\/\/www.miomiorun.com\/fr\/produit\/rival-fleece-crew-homme\/#primaryimage\",\"url\":\"https:\/\/www.miomiorun.com\/app\/uploads\/2025\/12\/under-armour-Rival-fleece-crew-castlerock-light-1379755-0025.webp\",\"contentUrl\":\"https:\/\/www.miomiorun.com\/app\/uploads\/2025\/12\/under-armour-Rival-fleece-crew-castlerock-light-1379755-0025.webp\",\"width\":720,\"height\":720,\"caption\":\"under armour Rival fleece crew castlerock light 1379755-0025\"},{\"@type\":\"BreadcrumbList\",\"@id\":\"https:\/\/www.miomiorun.com\/fr\/produit\/rival-fleece-crew-homme\/#breadcrumb\",\"itemListElement\":[{\"@type\":\"ListItem\",\"position\":1,\"name\":\"Home\",\"item\":\"https:\/\/www.miomiorun.com\/fr\/home-page\/\"},{\"@type\":\"ListItem\",\"position\":2,\"name\":\"Shop\",\"item\":\"https:\/\/www.miomiorun.com\/shop\/\"},{\"@type\":\"ListItem\",\"position\":3,\"name\":\"Rival Fleece Crew homme\"}]},{\"@type\":\"WebSite\",\"@id\":\"https:\/\/www.miomiorun.com\/fr\/#website\",\"url\":\"https:\/\/www.miomiorun.com\/fr\/\",\"name\":\"MioMioRun\",\"description\":\"Boutique 100% running et trail\",\"publisher\":{\"@id\":\"https:\/\/www.miomiorun.com\/fr\/#organization\"},\"potentialAction\":[{\"@type\":\"SearchAction\",\"target\":{\"@type\":\"EntryPoint\",\"urlTemplate\":\"https:\/\/www.miomiorun.com\/fr\/?s={search_term_string}\"},\"query-input\":{\"@type\":\"PropertyValueSpecification\",\"valueRequired\":true,\"valueName\":\"search_term_string\"}}],\"inLanguage\":\"fr-FR\"},{\"@type\":\"Organization\",\"@id\":\"https:\/\/www.miomiorun.com\/fr\/#organization\",\"name\":\"MioMio Run\",\"url\":\"https:\/\/www.miomiorun.com\/fr\/\",\"logo\":{\"@type\":\"ImageObject\",\"inLanguage\":\"fr-FR\",\"@id\":\"https:\/\/www.miomiorun.com\/fr\/#\/schema\/logo\/image\/\",\"url\":\"https:\/\/www.miomiorun.com\/app\/uploads\/2019\/12\/logomio.png\",\"contentUrl\":\"https:\/\/www.miomiorun.com\/app\/uploads\/2019\/12\/logomio.png\",\"width\":115,\"height\":82,\"caption\":\"MioMio Run\"},\"image\":{\"@id\":\"https:\/\/www.miomiorun.com\/fr\/#\/schema\/logo\/image\/\"},\"sameAs\":[\"https:\/\/www.facebook.com\/miomiorun\/\",\"https:\/\/www.instagram.com\/miomiorun\/\"]}]}<\/script>\n<!-- \/ Yoast SEO plugin. -->","yoast_head_json":{"title":"Under Armour Rival Fleece Crew homme - Sweat-shirt - MioMioRun","description":"Rival Fleece Crew : sweat-shirt chaud et ultra-doux en molleton bross\u00e9, id\u00e9al pour toutes les activit\u00e9s. Confort au quotidien gr\u00e2ce \u00e0 son col, ses poignets et son ourlet c\u00f4tel\u00e9s.","robots":{"index":"index","follow":"follow","max-snippet":"max-snippet:-1","max-image-preview":"max-image-preview:large","max-video-preview":"max-video-preview:-1"},"canonical":"https:\/\/www.miomiorun.com\/fr\/produit\/rival-fleece-crew-homme\/","og_locale":"fr_FR","og_type":"article","og_title":"Under Armour Rival Fleece Crew homme - Sweat-shirt - MioMioRun","og_description":"Rival Fleece Crew : sweat-shirt chaud et ultra-doux en molleton bross\u00e9, id\u00e9al pour toutes les activit\u00e9s. Confort au quotidien gr\u00e2ce \u00e0 son col, ses poignets et son ourlet c\u00f4tel\u00e9s.","og_url":"https:\/\/www.miomiorun.com\/fr\/produit\/rival-fleece-crew-homme\/","og_site_name":"MioMioRun","article_publisher":"https:\/\/www.facebook.com\/miomiorun\/","article_modified_time":"2026-04-17T08:19:20+00:00","og_image":[{"width":720,"height":720,"url":"https:\/\/www.miomiorun.com\/app\/uploads\/2025\/12\/under-armour-Rival-fleece-crew-castlerock-light-1379755-0025.webp","type":"image\/webp"}],"twitter_card":"summary_large_image","twitter_misc":{"Est. reading time":"1 minute"},"schema":{"@context":"https:\/\/schema.org","@graph":[{"@type":"WebPage","@id":"https:\/\/www.miomiorun.com\/fr\/produit\/rival-fleece-crew-homme\/","url":"https:\/\/www.miomiorun.com\/fr\/produit\/rival-fleece-crew-homme\/","name":"Under Armour Rival Fleece Crew homme - Sweat-shirt - MioMioRun","isPartOf":{"@id":"https:\/\/www.miomiorun.com\/fr\/#website"},"primaryImageOfPage":{"@id":"https:\/\/www.miomiorun.com\/fr\/produit\/rival-fleece-crew-homme\/#primaryimage"},"image":{"@id":"https:\/\/www.miomiorun.com\/fr\/produit\/rival-fleece-crew-homme\/#primaryimage"},"thumbnailUrl":"https:\/\/www.miomiorun.com\/app\/uploads\/2025\/12\/under-armour-Rival-fleece-crew-castlerock-light-1379755-0025.webp","datePublished":"2025-11-25T10:46:41+00:00","dateModified":"2026-04-17T08:19:20+00:00","description":"Rival Fleece Crew : sweat-shirt chaud et ultra-doux en molleton bross\u00e9, id\u00e9al pour toutes les activit\u00e9s. Confort au quotidien gr\u00e2ce \u00e0 son col, ses poignets et son ourlet c\u00f4tel\u00e9s.","breadcrumb":{"@id":"https:\/\/www.miomiorun.com\/fr\/produit\/rival-fleece-crew-homme\/#breadcrumb"},"inLanguage":"fr-FR","potentialAction":[{"@type":"ReadAction","target":["https:\/\/www.miomiorun.com\/fr\/produit\/rival-fleece-crew-homme\/"]}]},{"@type":"ImageObject","inLanguage":"fr-FR","@id":"https:\/\/www.miomiorun.com\/fr\/produit\/rival-fleece-crew-homme\/#primaryimage","url":"https:\/\/www.miomiorun.com\/app\/uploads\/2025\/12\/under-armour-Rival-fleece-crew-castlerock-light-1379755-0025.webp","contentUrl":"https:\/\/www.miomiorun.com\/app\/uploads\/2025\/12\/under-armour-Rival-fleece-crew-castlerock-light-1379755-0025.webp","width":720,"height":720,"caption":"under armour Rival fleece crew castlerock light 1379755-0025"},{"@type":"BreadcrumbList","@id":"https:\/\/www.miomiorun.com\/fr\/produit\/rival-fleece-crew-homme\/#breadcrumb","itemListElement":[{"@type":"ListItem","position":1,"name":"Home","item":"https:\/\/www.miomiorun.com\/fr\/home-page\/"},{"@type":"ListItem","position":2,"name":"Shop","item":"https:\/\/www.miomiorun.com\/shop\/"},{"@type":"ListItem","position":3,"name":"Rival Fleece Crew homme"}]},{"@type":"WebSite","@id":"https:\/\/www.miomiorun.com\/fr\/#website","url":"https:\/\/www.miomiorun.com\/fr\/","name":"MioMioRun","description":"Boutique 100% running et trail","publisher":{"@id":"https:\/\/www.miomiorun.com\/fr\/#organization"},"potentialAction":[{"@type":"SearchAction","target":{"@type":"EntryPoint","urlTemplate":"https:\/\/www.miomiorun.com\/fr\/?s={search_term_string}"},"query-input":{"@type":"PropertyValueSpecification","valueRequired":true,"valueName":"search_term_string"}}],"inLanguage":"fr-FR"},{"@type":"Organization","@id":"https:\/\/www.miomiorun.com\/fr\/#organization","name":"MioMio Run","url":"https:\/\/www.miomiorun.com\/fr\/","logo":{"@type":"ImageObject","inLanguage":"fr-FR","@id":"https:\/\/www.miomiorun.com\/fr\/#\/schema\/logo\/image\/","url":"https:\/\/www.miomiorun.com\/app\/uploads\/2019\/12\/logomio.png","contentUrl":"https:\/\/www.miomiorun.com\/app\/uploads\/2019\/12\/logomio.png","width":115,"height":82,"caption":"MioMio Run"},"image":{"@id":"https:\/\/www.miomiorun.com\/fr\/#\/schema\/logo\/image\/"},"sameAs":["https:\/\/www.facebook.com\/miomiorun\/","https:\/\/www.instagram.com\/miomiorun\/"]}]}},"_links":{"self":[{"href":"https:\/\/www.miomiorun.com\/fr\/wp-json\/wp\/v2\/product\/373058","targetHints":{"allow":["GET"]}}],"collection":[{"href":"https:\/\/www.miomiorun.com\/fr\/wp-json\/wp\/v2\/product"}],"about":[{"href":"https:\/\/www.miomiorun.com\/fr\/wp-json\/wp\/v2\/types\/product"}],"wp:featuredmedia":[{"embeddable":true,"href":"https:\/\/www.miomiorun.com\/fr\/wp-json\/wp\/v2\/media\/381987"}],"wp:attachment":[{"href":"https:\/\/www.miomiorun.com\/fr\/wp-json\/wp\/v2\/media?parent=373058"}],"wp:term":[{"taxonomy":"product_brand","embeddable":true,"href":"https:\/\/www.miomiorun.com\/fr\/wp-json\/wp\/v2\/product_brand?post=373058"},{"taxonomy":"product_cat","embeddable":true,"href":"https:\/\/www.miomiorun.com\/fr\/wp-json\/wp\/v2\/product_cat?post=373058"},{"taxonomy":"product_tag","embeddable":true,"href":"https:\/\/www.miomiorun.com\/fr\/wp-json\/wp\/v2\/product_tag?post=373058"}],"curies":[{"name":"wp","href":"https:\/\/api.w.org\/{rel}","templated":true}]}}