{"id":372908,"date":"2025-11-24T17:22:19","date_gmt":"2025-11-24T16:22:19","guid":{"rendered":"https:\/\/www.miomiorun.com\/?post_type=product&#038;p=372908"},"modified":"2026-04-17T10:19:33","modified_gmt":"2026-04-17T08:19:33","slug":"strm-session-run-vest-femme","status":"publish","type":"product","link":"https:\/\/www.miomiorun.com\/fr\/produit\/strm-session-run-vest-femme\/","title":{"rendered":"STRM session run vest femme"},"content":{"rendered":"<p data-start=\"158\" data-end=\"550\">La <strong data-start=\"161\" data-end=\"195\">STRM Session Run Vest pour femme<\/strong> est la couche id\u00e9ale pour courir en toute confiance et confortablement lorsque le temps devient impr\u00e9visible. Son isolation strat\u00e9gique, l\u00e9g\u00e8re et extensible, vous garde au chaud sans vous alourdir, tandis que la technologie <strong data-start=\"408\" data-end=\"420\">UA Storm<\/strong> repousse l&#8217;eau et favorise une excellente respirabilit\u00e9, vous permettant de bouger librement m\u00eame sous une pluie l\u00e9g\u00e8re.<\/p>\n<p data-start=\"552\" data-end=\"1043\">La partie avant est confectionn\u00e9e dans un tissu r\u00e9sistant pour vous prot\u00e9ger du vent, tandis que le dos haut et les \u00e9paules en mati\u00e8re stretch suivent chacun de vos mouvements sans restriction. Le rembourrage synth\u00e9tique de 60 g \u00e0 l&#8217;avant offre juste ce qu&#8217;il faut de chaleur, tout en restant l\u00e9ger. Les poches zipp\u00e9es, associ\u00e9es \u00e0 la poche int\u00e9rieure pour appareils multim\u00e9dias, garantissent un confort optimal pendant la course. Les d\u00e9tails r\u00e9fl\u00e9chissants et l&#8217;ourlet arri\u00e8re allong\u00e9 compl\u00e8tent un v\u00eatement con\u00e7u pour la performance et la protection.<\/p>\n","protected":false},"excerpt":{"rendered":"<ul>\n<li data-start=\"1292\" data-end=\"1393\">\n<p data-start=\"1294\" data-end=\"1393\">Technologie UA Storm : hydrofuge et respirante pour une protection sans compromis sur la fra\u00eecheur<\/p>\n<\/li>\n<li data-start=\"1394\" data-end=\"1494\">\n<p data-start=\"1396\" data-end=\"1494\">Isolation synth\u00e9tique 60 g, chaude et l\u00e9g\u00e8re, avec tissu r\u00e9sistant \u00e0 l&#8217;avant et zones extensibles<\/p>\n<\/li>\n<li data-start=\"1495\" data-end=\"1591\">\n<p data-start=\"1497\" data-end=\"1591\">Poches zipp\u00e9es, poche multim\u00e9dia int\u00e9rieure, d\u00e9tails r\u00e9fl\u00e9chissants et ourlet arri\u00e8re allong\u00e9<\/p>\n<\/li>\n<\/ul>\n","protected":false},"featured_media":381941,"template":"","meta":{"_acf_changed":false,"inline_featured_image":false},"product_brand":[],"product_cat":[22599,22596],"product_tag":[23530,23575],"class_list":{"0":"post-372908","1":"product","2":"type-product","3":"status-publish","4":"has-post-thumbnail","6":"product_cat-vestes","7":"product_cat-vetements-pour-femmes","8":"product_tag-under-armour-fr","9":"product_tag-under-armour-femme","10":"pa_attivita-lifestyle-fr","11":"pa_attivita-marcher","12":"pa_attivita-running-fr","13":"pa_colore-strm-session-run-vest-w-white-fr","14":"pa_marca-under-armour-fr","15":"pa_sesso-femme","16":"pa_size-extra-small-fr","17":"pa_size-small-fr","18":"pa_size-medium-fr","20":"first","21":"instock","22":"sale","23":"taxable","24":"shipping-taxable","25":"purchasable","26":"product-type-variable","27":"wvs-archive-product-wrapper"},"acf":[],"yoast_head":"<!-- This site is optimized with the Yoast SEO plugin v26.8 - https:\/\/yoast.com\/product\/yoast-seo-wordpress\/ -->\n<title>Under Armour STRM session run vest femme - gilet de course- MioMioRun<\/title>\n<meta name=\"description\" content=\"Le gilet STRM Session Run Vest est un gilet l\u00e9ger, isolant et d\u00e9perlant dot\u00e9 de la technologie UA Storm, de d\u00e9tails r\u00e9fl\u00e9chissants et de poches zipp\u00e9es.\" \/>\n<meta name=\"robots\" content=\"index, follow, max-snippet:-1, max-image-preview:large, max-video-preview:-1\" \/>\n<link rel=\"canonical\" href=\"https:\/\/www.miomiorun.com\/fr\/produit\/strm-session-run-vest-femme\/\" \/>\n<meta property=\"og:locale\" content=\"fr_FR\" \/>\n<meta property=\"og:type\" content=\"article\" \/>\n<meta property=\"og:title\" content=\"Under Armour STRM session run vest femme - gilet de course- MioMioRun\" \/>\n<meta property=\"og:description\" content=\"Le gilet STRM Session Run Vest est un gilet l\u00e9ger, isolant et d\u00e9perlant dot\u00e9 de la technologie UA Storm, de d\u00e9tails r\u00e9fl\u00e9chissants et de poches zipp\u00e9es.\" \/>\n<meta property=\"og:url\" content=\"https:\/\/www.miomiorun.com\/fr\/produit\/strm-session-run-vest-femme\/\" \/>\n<meta property=\"og:site_name\" content=\"MioMioRun\" \/>\n<meta property=\"article:publisher\" content=\"https:\/\/www.facebook.com\/miomiorun\/\" \/>\n<meta property=\"article:modified_time\" content=\"2026-04-17T08:19:33+00:00\" \/>\n<meta property=\"og:image\" content=\"https:\/\/www.miomiorun.com\/app\/uploads\/2025\/12\/under-armour-STRM-session-run-vest-W-white-1378502-0100.webp\" \/>\n\t<meta property=\"og:image:width\" content=\"720\" \/>\n\t<meta property=\"og:image:height\" content=\"720\" \/>\n\t<meta property=\"og:image:type\" content=\"image\/webp\" \/>\n<meta name=\"twitter:card\" content=\"summary_large_image\" \/>\n<meta name=\"twitter:label1\" content=\"Est. reading time\" \/>\n\t<meta name=\"twitter:data1\" content=\"1 minute\" \/>\n<script type=\"application\/ld+json\" class=\"yoast-schema-graph\">{\"@context\":\"https:\/\/schema.org\",\"@graph\":[{\"@type\":\"WebPage\",\"@id\":\"https:\/\/www.miomiorun.com\/fr\/produit\/strm-session-run-vest-femme\/\",\"url\":\"https:\/\/www.miomiorun.com\/fr\/produit\/strm-session-run-vest-femme\/\",\"name\":\"Under Armour STRM session run vest femme - gilet de course- MioMioRun\",\"isPartOf\":{\"@id\":\"https:\/\/www.miomiorun.com\/fr\/#website\"},\"primaryImageOfPage\":{\"@id\":\"https:\/\/www.miomiorun.com\/fr\/produit\/strm-session-run-vest-femme\/#primaryimage\"},\"image\":{\"@id\":\"https:\/\/www.miomiorun.com\/fr\/produit\/strm-session-run-vest-femme\/#primaryimage\"},\"thumbnailUrl\":\"https:\/\/www.miomiorun.com\/app\/uploads\/2025\/12\/under-armour-STRM-session-run-vest-W-white-1378502-0100.webp\",\"datePublished\":\"2025-11-24T16:22:19+00:00\",\"dateModified\":\"2026-04-17T08:19:33+00:00\",\"description\":\"Le gilet STRM Session Run Vest est un gilet l\u00e9ger, isolant et d\u00e9perlant dot\u00e9 de la technologie UA Storm, de d\u00e9tails r\u00e9fl\u00e9chissants et de poches zipp\u00e9es.\",\"breadcrumb\":{\"@id\":\"https:\/\/www.miomiorun.com\/fr\/produit\/strm-session-run-vest-femme\/#breadcrumb\"},\"inLanguage\":\"fr-FR\",\"potentialAction\":[{\"@type\":\"ReadAction\",\"target\":[\"https:\/\/www.miomiorun.com\/fr\/produit\/strm-session-run-vest-femme\/\"]}]},{\"@type\":\"ImageObject\",\"inLanguage\":\"fr-FR\",\"@id\":\"https:\/\/www.miomiorun.com\/fr\/produit\/strm-session-run-vest-femme\/#primaryimage\",\"url\":\"https:\/\/www.miomiorun.com\/app\/uploads\/2025\/12\/under-armour-STRM-session-run-vest-W-white-1378502-0100.webp\",\"contentUrl\":\"https:\/\/www.miomiorun.com\/app\/uploads\/2025\/12\/under-armour-STRM-session-run-vest-W-white-1378502-0100.webp\",\"width\":720,\"height\":720,\"caption\":\"under armour STRM session run vest W white 1378502-0100\"},{\"@type\":\"BreadcrumbList\",\"@id\":\"https:\/\/www.miomiorun.com\/fr\/produit\/strm-session-run-vest-femme\/#breadcrumb\",\"itemListElement\":[{\"@type\":\"ListItem\",\"position\":1,\"name\":\"Home\",\"item\":\"https:\/\/www.miomiorun.com\/fr\/home-page\/\"},{\"@type\":\"ListItem\",\"position\":2,\"name\":\"Shop\",\"item\":\"https:\/\/www.miomiorun.com\/shop\/\"},{\"@type\":\"ListItem\",\"position\":3,\"name\":\"STRM session run vest femme\"}]},{\"@type\":\"WebSite\",\"@id\":\"https:\/\/www.miomiorun.com\/fr\/#website\",\"url\":\"https:\/\/www.miomiorun.com\/fr\/\",\"name\":\"MioMioRun\",\"description\":\"Boutique 100% running et trail\",\"publisher\":{\"@id\":\"https:\/\/www.miomiorun.com\/fr\/#organization\"},\"potentialAction\":[{\"@type\":\"SearchAction\",\"target\":{\"@type\":\"EntryPoint\",\"urlTemplate\":\"https:\/\/www.miomiorun.com\/fr\/?s={search_term_string}\"},\"query-input\":{\"@type\":\"PropertyValueSpecification\",\"valueRequired\":true,\"valueName\":\"search_term_string\"}}],\"inLanguage\":\"fr-FR\"},{\"@type\":\"Organization\",\"@id\":\"https:\/\/www.miomiorun.com\/fr\/#organization\",\"name\":\"MioMio Run\",\"url\":\"https:\/\/www.miomiorun.com\/fr\/\",\"logo\":{\"@type\":\"ImageObject\",\"inLanguage\":\"fr-FR\",\"@id\":\"https:\/\/www.miomiorun.com\/fr\/#\/schema\/logo\/image\/\",\"url\":\"https:\/\/www.miomiorun.com\/app\/uploads\/2019\/12\/logomio.png\",\"contentUrl\":\"https:\/\/www.miomiorun.com\/app\/uploads\/2019\/12\/logomio.png\",\"width\":115,\"height\":82,\"caption\":\"MioMio Run\"},\"image\":{\"@id\":\"https:\/\/www.miomiorun.com\/fr\/#\/schema\/logo\/image\/\"},\"sameAs\":[\"https:\/\/www.facebook.com\/miomiorun\/\",\"https:\/\/www.instagram.com\/miomiorun\/\"]}]}<\/script>\n<!-- \/ Yoast SEO plugin. -->","yoast_head_json":{"title":"Under Armour STRM session run vest femme - gilet de course- MioMioRun","description":"Le gilet STRM Session Run Vest est un gilet l\u00e9ger, isolant et d\u00e9perlant dot\u00e9 de la technologie UA Storm, de d\u00e9tails r\u00e9fl\u00e9chissants et de poches zipp\u00e9es.","robots":{"index":"index","follow":"follow","max-snippet":"max-snippet:-1","max-image-preview":"max-image-preview:large","max-video-preview":"max-video-preview:-1"},"canonical":"https:\/\/www.miomiorun.com\/fr\/produit\/strm-session-run-vest-femme\/","og_locale":"fr_FR","og_type":"article","og_title":"Under Armour STRM session run vest femme - gilet de course- MioMioRun","og_description":"Le gilet STRM Session Run Vest est un gilet l\u00e9ger, isolant et d\u00e9perlant dot\u00e9 de la technologie UA Storm, de d\u00e9tails r\u00e9fl\u00e9chissants et de poches zipp\u00e9es.","og_url":"https:\/\/www.miomiorun.com\/fr\/produit\/strm-session-run-vest-femme\/","og_site_name":"MioMioRun","article_publisher":"https:\/\/www.facebook.com\/miomiorun\/","article_modified_time":"2026-04-17T08:19:33+00:00","og_image":[{"width":720,"height":720,"url":"https:\/\/www.miomiorun.com\/app\/uploads\/2025\/12\/under-armour-STRM-session-run-vest-W-white-1378502-0100.webp","type":"image\/webp"}],"twitter_card":"summary_large_image","twitter_misc":{"Est. reading time":"1 minute"},"schema":{"@context":"https:\/\/schema.org","@graph":[{"@type":"WebPage","@id":"https:\/\/www.miomiorun.com\/fr\/produit\/strm-session-run-vest-femme\/","url":"https:\/\/www.miomiorun.com\/fr\/produit\/strm-session-run-vest-femme\/","name":"Under Armour STRM session run vest femme - gilet de course- MioMioRun","isPartOf":{"@id":"https:\/\/www.miomiorun.com\/fr\/#website"},"primaryImageOfPage":{"@id":"https:\/\/www.miomiorun.com\/fr\/produit\/strm-session-run-vest-femme\/#primaryimage"},"image":{"@id":"https:\/\/www.miomiorun.com\/fr\/produit\/strm-session-run-vest-femme\/#primaryimage"},"thumbnailUrl":"https:\/\/www.miomiorun.com\/app\/uploads\/2025\/12\/under-armour-STRM-session-run-vest-W-white-1378502-0100.webp","datePublished":"2025-11-24T16:22:19+00:00","dateModified":"2026-04-17T08:19:33+00:00","description":"Le gilet STRM Session Run Vest est un gilet l\u00e9ger, isolant et d\u00e9perlant dot\u00e9 de la technologie UA Storm, de d\u00e9tails r\u00e9fl\u00e9chissants et de poches zipp\u00e9es.","breadcrumb":{"@id":"https:\/\/www.miomiorun.com\/fr\/produit\/strm-session-run-vest-femme\/#breadcrumb"},"inLanguage":"fr-FR","potentialAction":[{"@type":"ReadAction","target":["https:\/\/www.miomiorun.com\/fr\/produit\/strm-session-run-vest-femme\/"]}]},{"@type":"ImageObject","inLanguage":"fr-FR","@id":"https:\/\/www.miomiorun.com\/fr\/produit\/strm-session-run-vest-femme\/#primaryimage","url":"https:\/\/www.miomiorun.com\/app\/uploads\/2025\/12\/under-armour-STRM-session-run-vest-W-white-1378502-0100.webp","contentUrl":"https:\/\/www.miomiorun.com\/app\/uploads\/2025\/12\/under-armour-STRM-session-run-vest-W-white-1378502-0100.webp","width":720,"height":720,"caption":"under armour STRM session run vest W white 1378502-0100"},{"@type":"BreadcrumbList","@id":"https:\/\/www.miomiorun.com\/fr\/produit\/strm-session-run-vest-femme\/#breadcrumb","itemListElement":[{"@type":"ListItem","position":1,"name":"Home","item":"https:\/\/www.miomiorun.com\/fr\/home-page\/"},{"@type":"ListItem","position":2,"name":"Shop","item":"https:\/\/www.miomiorun.com\/shop\/"},{"@type":"ListItem","position":3,"name":"STRM session run vest femme"}]},{"@type":"WebSite","@id":"https:\/\/www.miomiorun.com\/fr\/#website","url":"https:\/\/www.miomiorun.com\/fr\/","name":"MioMioRun","description":"Boutique 100% running et trail","publisher":{"@id":"https:\/\/www.miomiorun.com\/fr\/#organization"},"potentialAction":[{"@type":"SearchAction","target":{"@type":"EntryPoint","urlTemplate":"https:\/\/www.miomiorun.com\/fr\/?s={search_term_string}"},"query-input":{"@type":"PropertyValueSpecification","valueRequired":true,"valueName":"search_term_string"}}],"inLanguage":"fr-FR"},{"@type":"Organization","@id":"https:\/\/www.miomiorun.com\/fr\/#organization","name":"MioMio Run","url":"https:\/\/www.miomiorun.com\/fr\/","logo":{"@type":"ImageObject","inLanguage":"fr-FR","@id":"https:\/\/www.miomiorun.com\/fr\/#\/schema\/logo\/image\/","url":"https:\/\/www.miomiorun.com\/app\/uploads\/2019\/12\/logomio.png","contentUrl":"https:\/\/www.miomiorun.com\/app\/uploads\/2019\/12\/logomio.png","width":115,"height":82,"caption":"MioMio Run"},"image":{"@id":"https:\/\/www.miomiorun.com\/fr\/#\/schema\/logo\/image\/"},"sameAs":["https:\/\/www.facebook.com\/miomiorun\/","https:\/\/www.instagram.com\/miomiorun\/"]}]}},"_links":{"self":[{"href":"https:\/\/www.miomiorun.com\/fr\/wp-json\/wp\/v2\/product\/372908","targetHints":{"allow":["GET"]}}],"collection":[{"href":"https:\/\/www.miomiorun.com\/fr\/wp-json\/wp\/v2\/product"}],"about":[{"href":"https:\/\/www.miomiorun.com\/fr\/wp-json\/wp\/v2\/types\/product"}],"wp:featuredmedia":[{"embeddable":true,"href":"https:\/\/www.miomiorun.com\/fr\/wp-json\/wp\/v2\/media\/381941"}],"wp:attachment":[{"href":"https:\/\/www.miomiorun.com\/fr\/wp-json\/wp\/v2\/media?parent=372908"}],"wp:term":[{"taxonomy":"product_brand","embeddable":true,"href":"https:\/\/www.miomiorun.com\/fr\/wp-json\/wp\/v2\/product_brand?post=372908"},{"taxonomy":"product_cat","embeddable":true,"href":"https:\/\/www.miomiorun.com\/fr\/wp-json\/wp\/v2\/product_cat?post=372908"},{"taxonomy":"product_tag","embeddable":true,"href":"https:\/\/www.miomiorun.com\/fr\/wp-json\/wp\/v2\/product_tag?post=372908"}],"curies":[{"name":"wp","href":"https:\/\/api.w.org\/{rel}","templated":true}]}}