{"id":372856,"date":"2025-11-24T16:41:55","date_gmt":"2025-11-24T15:41:55","guid":{"rendered":"https:\/\/www.miomiorun.com\/?post_type=product&#038;p=372856"},"modified":"2026-04-17T10:19:45","modified_gmt":"2026-04-17T08:19:45","slug":"launch-ankle-print-tight-femme","status":"publish","type":"product","link":"https:\/\/www.miomiorun.com\/fr\/produit\/launch-ankle-print-tight-femme\/","title":{"rendered":"Launch ankle print tight femme"},"content":{"rendered":"<p data-start=\"161\" data-end=\"587\">Les collants Launch Ankle Print Tight pour femme sont con\u00e7us pour celles qui exigent le maximum de chaque entra\u00eenement. Suffisamment ajust\u00e9s, ils sculptent la silhouette sans comprimer et accompagnent chaque mouvement avec naturel. Le tissu ultra-l\u00e9ger et \u00e0 s\u00e9chage rapide garde le corps au frais et au sec m\u00eame pendant les s\u00e9ances les plus intenses, tandis que les perforations laser am\u00e9liorent encore la respirabilit\u00e9 aux endroits strat\u00e9giques.<\/p>\n<p data-start=\"589\" data-end=\"949\">La taille haute avec cordon de serrage interne assure soutien et stabilit\u00e9, offrant un ajustement s\u00fbr et confortable. Les d\u00e9tails r\u00e9fl\u00e9chissants augmentent la visibilit\u00e9 le soir et la poche lat\u00e9rale permet de transporter de petits objets essentiels. Un v\u00eatement technique, \u00e9l\u00e9gant et fonctionnel, con\u00e7u pour am\u00e9liorer les performances et mettre en valeur la silhouette.<\/p>\n","protected":false},"excerpt":{"rendered":"<ul>\n<li data-start=\"1191\" data-end=\"1263\">\n<p data-start=\"1193\" data-end=\"1263\">Tissu HeatGear\u00ae ultra l\u00e9ger, respirant et \u00e0 s\u00e9chage rapide<\/p>\n<\/li>\n<li data-start=\"1264\" data-end=\"1340\">\n<p data-start=\"1266\" data-end=\"1340\">Taille haute avec cordon de serrage interne et poche lat\u00e9rale pour un maximum de praticit\u00e9<\/p>\n<\/li>\n<li data-start=\"1341\" data-end=\"1450\">\n<p data-start=\"1343\" data-end=\"1450\">\u00c9lasticit\u00e9 4 directions, perforations laser et d\u00e9tails r\u00e9fl\u00e9chissants pour des entra\u00eenements s\u00fbrs et confortables<\/p>\n<\/li>\n<\/ul>\n","protected":false},"featured_media":381931,"template":"","meta":{"_acf_changed":false,"inline_featured_image":false},"product_brand":[],"product_cat":[22603,22596],"product_tag":[23530,23575],"class_list":{"0":"post-372856","1":"product","2":"type-product","3":"status-publish","4":"has-post-thumbnail","6":"product_cat-pantalon-long","7":"product_cat-vetements-pour-femmes","8":"product_tag-under-armour-fr","9":"product_tag-under-armour-femme","10":"pa_attivita-marcher","11":"pa_attivita-running-fr","12":"pa_colore-launch-ankle-print-tight-w-black-fr","13":"pa_marca-under-armour-fr","14":"pa_sesso-femme","15":"pa_size-extra-small-fr","16":"pa_size-small-fr","17":"pa_size-medium-fr","19":"first","20":"instock","21":"sale","22":"taxable","23":"shipping-taxable","24":"purchasable","25":"product-type-variable","26":"wvs-archive-product-wrapper"},"acf":[],"yoast_head":"<!-- This site is optimized with the Yoast SEO plugin v26.8 - https:\/\/yoast.com\/product\/yoast-seo-wordpress\/ -->\n<title>Under Armour Launch ankle print tight femme - Leggings pour femmes - MioMioRun<\/title>\n<meta name=\"description\" content=\"Launch Ankle Print Tight : leggings en tissu l\u00e9ger et respirant, maintien optimal, taille haute ajustable et d\u00e9tails r\u00e9fl\u00e9chissants. Confort et performance.\" \/>\n<meta name=\"robots\" content=\"index, follow, max-snippet:-1, max-image-preview:large, max-video-preview:-1\" \/>\n<link rel=\"canonical\" href=\"https:\/\/www.miomiorun.com\/fr\/produit\/launch-ankle-print-tight-femme\/\" \/>\n<meta property=\"og:locale\" content=\"fr_FR\" \/>\n<meta property=\"og:type\" content=\"article\" \/>\n<meta property=\"og:title\" content=\"Under Armour Launch ankle print tight femme - Leggings pour femmes - MioMioRun\" \/>\n<meta property=\"og:description\" content=\"Launch Ankle Print Tight : leggings en tissu l\u00e9ger et respirant, maintien optimal, taille haute ajustable et d\u00e9tails r\u00e9fl\u00e9chissants. Confort et performance.\" \/>\n<meta property=\"og:url\" content=\"https:\/\/www.miomiorun.com\/fr\/produit\/launch-ankle-print-tight-femme\/\" \/>\n<meta property=\"og:site_name\" content=\"MioMioRun\" \/>\n<meta property=\"article:publisher\" content=\"https:\/\/www.facebook.com\/miomiorun\/\" \/>\n<meta property=\"article:modified_time\" content=\"2026-04-17T08:19:45+00:00\" \/>\n<meta property=\"og:image\" content=\"https:\/\/www.miomiorun.com\/app\/uploads\/2025\/12\/under-armour-Launch-ankle-print-tight-W-black-1369772-0009.webp\" \/>\n\t<meta property=\"og:image:width\" content=\"720\" \/>\n\t<meta property=\"og:image:height\" content=\"720\" \/>\n\t<meta property=\"og:image:type\" content=\"image\/webp\" \/>\n<meta name=\"twitter:card\" content=\"summary_large_image\" \/>\n<meta name=\"twitter:label1\" content=\"Est. reading time\" \/>\n\t<meta name=\"twitter:data1\" content=\"1 minute\" \/>\n<script type=\"application\/ld+json\" class=\"yoast-schema-graph\">{\"@context\":\"https:\/\/schema.org\",\"@graph\":[{\"@type\":\"WebPage\",\"@id\":\"https:\/\/www.miomiorun.com\/fr\/produit\/launch-ankle-print-tight-femme\/\",\"url\":\"https:\/\/www.miomiorun.com\/fr\/produit\/launch-ankle-print-tight-femme\/\",\"name\":\"Under Armour Launch ankle print tight femme - Leggings pour femmes - MioMioRun\",\"isPartOf\":{\"@id\":\"https:\/\/www.miomiorun.com\/fr\/#website\"},\"primaryImageOfPage\":{\"@id\":\"https:\/\/www.miomiorun.com\/fr\/produit\/launch-ankle-print-tight-femme\/#primaryimage\"},\"image\":{\"@id\":\"https:\/\/www.miomiorun.com\/fr\/produit\/launch-ankle-print-tight-femme\/#primaryimage\"},\"thumbnailUrl\":\"https:\/\/www.miomiorun.com\/app\/uploads\/2025\/12\/under-armour-Launch-ankle-print-tight-W-black-1369772-0009.webp\",\"datePublished\":\"2025-11-24T15:41:55+00:00\",\"dateModified\":\"2026-04-17T08:19:45+00:00\",\"description\":\"Launch Ankle Print Tight : leggings en tissu l\u00e9ger et respirant, maintien optimal, taille haute ajustable et d\u00e9tails r\u00e9fl\u00e9chissants. Confort et performance.\",\"breadcrumb\":{\"@id\":\"https:\/\/www.miomiorun.com\/fr\/produit\/launch-ankle-print-tight-femme\/#breadcrumb\"},\"inLanguage\":\"fr-FR\",\"potentialAction\":[{\"@type\":\"ReadAction\",\"target\":[\"https:\/\/www.miomiorun.com\/fr\/produit\/launch-ankle-print-tight-femme\/\"]}]},{\"@type\":\"ImageObject\",\"inLanguage\":\"fr-FR\",\"@id\":\"https:\/\/www.miomiorun.com\/fr\/produit\/launch-ankle-print-tight-femme\/#primaryimage\",\"url\":\"https:\/\/www.miomiorun.com\/app\/uploads\/2025\/12\/under-armour-Launch-ankle-print-tight-W-black-1369772-0009.webp\",\"contentUrl\":\"https:\/\/www.miomiorun.com\/app\/uploads\/2025\/12\/under-armour-Launch-ankle-print-tight-W-black-1369772-0009.webp\",\"width\":720,\"height\":720,\"caption\":\"under armour Launch ankle print tight W black 1369772-0009\"},{\"@type\":\"BreadcrumbList\",\"@id\":\"https:\/\/www.miomiorun.com\/fr\/produit\/launch-ankle-print-tight-femme\/#breadcrumb\",\"itemListElement\":[{\"@type\":\"ListItem\",\"position\":1,\"name\":\"Home\",\"item\":\"https:\/\/www.miomiorun.com\/fr\/home-page\/\"},{\"@type\":\"ListItem\",\"position\":2,\"name\":\"Shop\",\"item\":\"https:\/\/www.miomiorun.com\/shop\/\"},{\"@type\":\"ListItem\",\"position\":3,\"name\":\"Launch ankle print tight femme\"}]},{\"@type\":\"WebSite\",\"@id\":\"https:\/\/www.miomiorun.com\/fr\/#website\",\"url\":\"https:\/\/www.miomiorun.com\/fr\/\",\"name\":\"MioMioRun\",\"description\":\"Boutique 100% running et trail\",\"publisher\":{\"@id\":\"https:\/\/www.miomiorun.com\/fr\/#organization\"},\"potentialAction\":[{\"@type\":\"SearchAction\",\"target\":{\"@type\":\"EntryPoint\",\"urlTemplate\":\"https:\/\/www.miomiorun.com\/fr\/?s={search_term_string}\"},\"query-input\":{\"@type\":\"PropertyValueSpecification\",\"valueRequired\":true,\"valueName\":\"search_term_string\"}}],\"inLanguage\":\"fr-FR\"},{\"@type\":\"Organization\",\"@id\":\"https:\/\/www.miomiorun.com\/fr\/#organization\",\"name\":\"MioMio Run\",\"url\":\"https:\/\/www.miomiorun.com\/fr\/\",\"logo\":{\"@type\":\"ImageObject\",\"inLanguage\":\"fr-FR\",\"@id\":\"https:\/\/www.miomiorun.com\/fr\/#\/schema\/logo\/image\/\",\"url\":\"https:\/\/www.miomiorun.com\/app\/uploads\/2019\/12\/logomio.png\",\"contentUrl\":\"https:\/\/www.miomiorun.com\/app\/uploads\/2019\/12\/logomio.png\",\"width\":115,\"height\":82,\"caption\":\"MioMio Run\"},\"image\":{\"@id\":\"https:\/\/www.miomiorun.com\/fr\/#\/schema\/logo\/image\/\"},\"sameAs\":[\"https:\/\/www.facebook.com\/miomiorun\/\",\"https:\/\/www.instagram.com\/miomiorun\/\"]}]}<\/script>\n<!-- \/ Yoast SEO plugin. -->","yoast_head_json":{"title":"Under Armour Launch ankle print tight femme - Leggings pour femmes - MioMioRun","description":"Launch Ankle Print Tight : leggings en tissu l\u00e9ger et respirant, maintien optimal, taille haute ajustable et d\u00e9tails r\u00e9fl\u00e9chissants. Confort et performance.","robots":{"index":"index","follow":"follow","max-snippet":"max-snippet:-1","max-image-preview":"max-image-preview:large","max-video-preview":"max-video-preview:-1"},"canonical":"https:\/\/www.miomiorun.com\/fr\/produit\/launch-ankle-print-tight-femme\/","og_locale":"fr_FR","og_type":"article","og_title":"Under Armour Launch ankle print tight femme - Leggings pour femmes - MioMioRun","og_description":"Launch Ankle Print Tight : leggings en tissu l\u00e9ger et respirant, maintien optimal, taille haute ajustable et d\u00e9tails r\u00e9fl\u00e9chissants. Confort et performance.","og_url":"https:\/\/www.miomiorun.com\/fr\/produit\/launch-ankle-print-tight-femme\/","og_site_name":"MioMioRun","article_publisher":"https:\/\/www.facebook.com\/miomiorun\/","article_modified_time":"2026-04-17T08:19:45+00:00","og_image":[{"width":720,"height":720,"url":"https:\/\/www.miomiorun.com\/app\/uploads\/2025\/12\/under-armour-Launch-ankle-print-tight-W-black-1369772-0009.webp","type":"image\/webp"}],"twitter_card":"summary_large_image","twitter_misc":{"Est. reading time":"1 minute"},"schema":{"@context":"https:\/\/schema.org","@graph":[{"@type":"WebPage","@id":"https:\/\/www.miomiorun.com\/fr\/produit\/launch-ankle-print-tight-femme\/","url":"https:\/\/www.miomiorun.com\/fr\/produit\/launch-ankle-print-tight-femme\/","name":"Under Armour Launch ankle print tight femme - Leggings pour femmes - MioMioRun","isPartOf":{"@id":"https:\/\/www.miomiorun.com\/fr\/#website"},"primaryImageOfPage":{"@id":"https:\/\/www.miomiorun.com\/fr\/produit\/launch-ankle-print-tight-femme\/#primaryimage"},"image":{"@id":"https:\/\/www.miomiorun.com\/fr\/produit\/launch-ankle-print-tight-femme\/#primaryimage"},"thumbnailUrl":"https:\/\/www.miomiorun.com\/app\/uploads\/2025\/12\/under-armour-Launch-ankle-print-tight-W-black-1369772-0009.webp","datePublished":"2025-11-24T15:41:55+00:00","dateModified":"2026-04-17T08:19:45+00:00","description":"Launch Ankle Print Tight : leggings en tissu l\u00e9ger et respirant, maintien optimal, taille haute ajustable et d\u00e9tails r\u00e9fl\u00e9chissants. Confort et performance.","breadcrumb":{"@id":"https:\/\/www.miomiorun.com\/fr\/produit\/launch-ankle-print-tight-femme\/#breadcrumb"},"inLanguage":"fr-FR","potentialAction":[{"@type":"ReadAction","target":["https:\/\/www.miomiorun.com\/fr\/produit\/launch-ankle-print-tight-femme\/"]}]},{"@type":"ImageObject","inLanguage":"fr-FR","@id":"https:\/\/www.miomiorun.com\/fr\/produit\/launch-ankle-print-tight-femme\/#primaryimage","url":"https:\/\/www.miomiorun.com\/app\/uploads\/2025\/12\/under-armour-Launch-ankle-print-tight-W-black-1369772-0009.webp","contentUrl":"https:\/\/www.miomiorun.com\/app\/uploads\/2025\/12\/under-armour-Launch-ankle-print-tight-W-black-1369772-0009.webp","width":720,"height":720,"caption":"under armour Launch ankle print tight W black 1369772-0009"},{"@type":"BreadcrumbList","@id":"https:\/\/www.miomiorun.com\/fr\/produit\/launch-ankle-print-tight-femme\/#breadcrumb","itemListElement":[{"@type":"ListItem","position":1,"name":"Home","item":"https:\/\/www.miomiorun.com\/fr\/home-page\/"},{"@type":"ListItem","position":2,"name":"Shop","item":"https:\/\/www.miomiorun.com\/shop\/"},{"@type":"ListItem","position":3,"name":"Launch ankle print tight femme"}]},{"@type":"WebSite","@id":"https:\/\/www.miomiorun.com\/fr\/#website","url":"https:\/\/www.miomiorun.com\/fr\/","name":"MioMioRun","description":"Boutique 100% running et trail","publisher":{"@id":"https:\/\/www.miomiorun.com\/fr\/#organization"},"potentialAction":[{"@type":"SearchAction","target":{"@type":"EntryPoint","urlTemplate":"https:\/\/www.miomiorun.com\/fr\/?s={search_term_string}"},"query-input":{"@type":"PropertyValueSpecification","valueRequired":true,"valueName":"search_term_string"}}],"inLanguage":"fr-FR"},{"@type":"Organization","@id":"https:\/\/www.miomiorun.com\/fr\/#organization","name":"MioMio Run","url":"https:\/\/www.miomiorun.com\/fr\/","logo":{"@type":"ImageObject","inLanguage":"fr-FR","@id":"https:\/\/www.miomiorun.com\/fr\/#\/schema\/logo\/image\/","url":"https:\/\/www.miomiorun.com\/app\/uploads\/2019\/12\/logomio.png","contentUrl":"https:\/\/www.miomiorun.com\/app\/uploads\/2019\/12\/logomio.png","width":115,"height":82,"caption":"MioMio Run"},"image":{"@id":"https:\/\/www.miomiorun.com\/fr\/#\/schema\/logo\/image\/"},"sameAs":["https:\/\/www.facebook.com\/miomiorun\/","https:\/\/www.instagram.com\/miomiorun\/"]}]}},"_links":{"self":[{"href":"https:\/\/www.miomiorun.com\/fr\/wp-json\/wp\/v2\/product\/372856","targetHints":{"allow":["GET"]}}],"collection":[{"href":"https:\/\/www.miomiorun.com\/fr\/wp-json\/wp\/v2\/product"}],"about":[{"href":"https:\/\/www.miomiorun.com\/fr\/wp-json\/wp\/v2\/types\/product"}],"wp:featuredmedia":[{"embeddable":true,"href":"https:\/\/www.miomiorun.com\/fr\/wp-json\/wp\/v2\/media\/381931"}],"wp:attachment":[{"href":"https:\/\/www.miomiorun.com\/fr\/wp-json\/wp\/v2\/media?parent=372856"}],"wp:term":[{"taxonomy":"product_brand","embeddable":true,"href":"https:\/\/www.miomiorun.com\/fr\/wp-json\/wp\/v2\/product_brand?post=372856"},{"taxonomy":"product_cat","embeddable":true,"href":"https:\/\/www.miomiorun.com\/fr\/wp-json\/wp\/v2\/product_cat?post=372856"},{"taxonomy":"product_tag","embeddable":true,"href":"https:\/\/www.miomiorun.com\/fr\/wp-json\/wp\/v2\/product_tag?post=372856"}],"curies":[{"name":"wp","href":"https:\/\/api.w.org\/{rel}","templated":true}]}}