{"id":369763,"date":"2025-11-11T12:28:32","date_gmt":"2025-11-11T11:28:32","guid":{"rendered":"https:\/\/www.miomiorun.com\/?post_type=product&#038;p=369763"},"modified":"2026-05-09T10:40:05","modified_gmt":"2026-05-09T08:40:05","slug":"stay-wild-pantalon-avec-revers-en-chenille-cotelee-femme","status":"publish","type":"product","link":"https:\/\/www.miomiorun.com\/fr\/produit\/stay-wild-pantalon-avec-revers-en-chenille-cotelee-femme\/","title":{"rendered":"Stay Wild pantalon avec revers en chenille c\u00f4tel\u00e9e femme"},"content":{"rendered":"<div id=\"tw-target-text-container\" class=\"tw-ta-container F0azHf tw-nfl\">\n<div id=\"acc-1\" class=\"g-accordion-content collapse show\">\n<div id=\"acc-3\" class=\"g-accordion-content collapse\">\n<p>Pantalon avec revers au bas, confectionn\u00e9 en chenille c\u00f4tel\u00e9e confortable. Sa coupe r\u00e9guli\u00e8re et son design simple et \u00e9pur\u00e9 en font un v\u00eatement pratique et polyvalent, id\u00e9al pour un look d\u00e9contract\u00e9 au quotidien. Les cordons de serrage de la ceinture sont en velours et compl\u00e8tent les d\u00e9tails styl\u00e9s.<\/p>\n<ul>\n<li>Ceinture \u00e9lastique avec cordon de serrage r\u00e9glable en velours<\/li>\n<li>Poches lat\u00e9rales<\/li>\n<li>Bords-c\u00f4tes aux chevilles<\/li>\n<li>Plaque m\u00e9tallique avec logo<\/li>\n<\/ul>\n<\/div>\n<\/div>\n<\/div>\n<div id=\"tw-target-rmn-container\" class=\"tw-target-rmn tw-ta-container F0azHf tw-nfl\">\n<pre id=\"tw-target-rmn\" class=\"tw-data-placeholder tw-text-small tw-ta\" dir=\"ltr\" data-placeholder=\"\"><\/pre>\n<\/div>\n","protected":false},"excerpt":{"rendered":"<ul>\n<li>Bracelet \u00e9lastique avec cordon de serrage r\u00e9glable en velours<\/li>\n<li>Poches lat\u00e9rales<\/li>\n<li>Poignets au bas<\/li>\n<\/ul>\n","protected":false},"featured_media":374544,"template":"","meta":{"_acf_changed":false,"inline_featured_image":false},"product_brand":[],"product_cat":[22603,22596,22595],"product_tag":[23485,23490],"class_list":{"0":"post-369763","1":"product","2":"type-product","3":"status-publish","4":"has-post-thumbnail","6":"product_cat-pantalon-long","7":"product_cat-vetements-pour-femmes","8":"product_cat-femme","9":"product_tag-everlast-fr","10":"product_tag-everlast-femme","11":"pa_attivita-fitness-fr","12":"pa_attivita-lifestyle-fr","13":"pa_attivita-marcher","14":"pa_attivita-running-fr","15":"pa_colore-pant-ciniglia-w-black-fr","16":"pa_colore-pant-ciniglia-w-off-white-fr","17":"pa_marca-everlast-fr","18":"pa_sesso-femme","19":"pa_size-extra-small-fr","20":"pa_size-small-fr","21":"pa_size-medium-fr","23":"first","24":"instock","25":"sale","26":"taxable","27":"shipping-taxable","28":"purchasable","29":"product-type-variable","30":"wvs-archive-product-wrapper"},"acf":[],"yoast_head":"<!-- This site is optimized with the Yoast SEO plugin v26.8 - https:\/\/yoast.com\/product\/yoast-seo-wordpress\/ -->\n<title>Everlast Stay Wild pantalon avec revers en chenille c\u00f4tel\u00e9e femme - Pantalons d\u00e9contract\u00e9sMioMioRun<\/title>\n<meta name=\"description\" content=\"Pantalon femme avec ceinture \u00e9lastique et cordon de serrage en velours : confortable, pratique et raffin\u00e9, avec poches lat\u00e9rales et ourlets \u00e0 revers.\" \/>\n<meta name=\"robots\" content=\"index, follow, max-snippet:-1, max-image-preview:large, max-video-preview:-1\" \/>\n<link rel=\"canonical\" href=\"https:\/\/www.miomiorun.com\/fr\/produit\/stay-wild-pantalon-avec-revers-en-chenille-cotelee-femme\/\" \/>\n<meta property=\"og:locale\" content=\"fr_FR\" \/>\n<meta property=\"og:type\" content=\"article\" \/>\n<meta property=\"og:title\" content=\"Everlast Stay Wild pantalon avec revers en chenille c\u00f4tel\u00e9e femme - Pantalons d\u00e9contract\u00e9sMioMioRun\" \/>\n<meta property=\"og:description\" content=\"Pantalon femme avec ceinture \u00e9lastique et cordon de serrage en velours : confortable, pratique et raffin\u00e9, avec poches lat\u00e9rales et ourlets \u00e0 revers.\" \/>\n<meta property=\"og:url\" content=\"https:\/\/www.miomiorun.com\/fr\/produit\/stay-wild-pantalon-avec-revers-en-chenille-cotelee-femme\/\" \/>\n<meta property=\"og:site_name\" content=\"MioMioRun\" \/>\n<meta property=\"article:publisher\" content=\"https:\/\/www.facebook.com\/miomiorun\/\" \/>\n<meta property=\"article:modified_time\" content=\"2026-05-09T08:40:05+00:00\" \/>\n<meta property=\"og:image\" content=\"https:\/\/www.miomiorun.com\/app\/uploads\/2025\/11\/everlast-Pant-ciniglia-W-black-39W525E99.2000.webp\" \/>\n\t<meta property=\"og:image:width\" content=\"720\" \/>\n\t<meta property=\"og:image:height\" content=\"720\" \/>\n\t<meta property=\"og:image:type\" content=\"image\/webp\" \/>\n<meta name=\"twitter:card\" content=\"summary_large_image\" \/>\n<script type=\"application\/ld+json\" class=\"yoast-schema-graph\">{\"@context\":\"https:\/\/schema.org\",\"@graph\":[{\"@type\":\"WebPage\",\"@id\":\"https:\/\/www.miomiorun.com\/fr\/produit\/stay-wild-pantalon-avec-revers-en-chenille-cotelee-femme\/\",\"url\":\"https:\/\/www.miomiorun.com\/fr\/produit\/stay-wild-pantalon-avec-revers-en-chenille-cotelee-femme\/\",\"name\":\"Everlast Stay Wild pantalon avec revers en chenille c\u00f4tel\u00e9e femme - Pantalons d\u00e9contract\u00e9sMioMioRun\",\"isPartOf\":{\"@id\":\"https:\/\/www.miomiorun.com\/fr\/#website\"},\"primaryImageOfPage\":{\"@id\":\"https:\/\/www.miomiorun.com\/fr\/produit\/stay-wild-pantalon-avec-revers-en-chenille-cotelee-femme\/#primaryimage\"},\"image\":{\"@id\":\"https:\/\/www.miomiorun.com\/fr\/produit\/stay-wild-pantalon-avec-revers-en-chenille-cotelee-femme\/#primaryimage\"},\"thumbnailUrl\":\"https:\/\/www.miomiorun.com\/app\/uploads\/2025\/11\/everlast-Pant-ciniglia-W-black-39W525E99.2000.webp\",\"datePublished\":\"2025-11-11T11:28:32+00:00\",\"dateModified\":\"2026-05-09T08:40:05+00:00\",\"description\":\"Pantalon femme avec ceinture \u00e9lastique et cordon de serrage en velours : confortable, pratique et raffin\u00e9, avec poches lat\u00e9rales et ourlets \u00e0 revers.\",\"breadcrumb\":{\"@id\":\"https:\/\/www.miomiorun.com\/fr\/produit\/stay-wild-pantalon-avec-revers-en-chenille-cotelee-femme\/#breadcrumb\"},\"inLanguage\":\"fr-FR\",\"potentialAction\":[{\"@type\":\"ReadAction\",\"target\":[\"https:\/\/www.miomiorun.com\/fr\/produit\/stay-wild-pantalon-avec-revers-en-chenille-cotelee-femme\/\"]}]},{\"@type\":\"ImageObject\",\"inLanguage\":\"fr-FR\",\"@id\":\"https:\/\/www.miomiorun.com\/fr\/produit\/stay-wild-pantalon-avec-revers-en-chenille-cotelee-femme\/#primaryimage\",\"url\":\"https:\/\/www.miomiorun.com\/app\/uploads\/2025\/11\/everlast-Pant-ciniglia-W-black-39W525E99.2000.webp\",\"contentUrl\":\"https:\/\/www.miomiorun.com\/app\/uploads\/2025\/11\/everlast-Pant-ciniglia-W-black-39W525E99.2000.webp\",\"width\":720,\"height\":720,\"caption\":\"everlast Pant ciniglia W black 39W525E99.2000\"},{\"@type\":\"BreadcrumbList\",\"@id\":\"https:\/\/www.miomiorun.com\/fr\/produit\/stay-wild-pantalon-avec-revers-en-chenille-cotelee-femme\/#breadcrumb\",\"itemListElement\":[{\"@type\":\"ListItem\",\"position\":1,\"name\":\"Home\",\"item\":\"https:\/\/www.miomiorun.com\/fr\/home-page\/\"},{\"@type\":\"ListItem\",\"position\":2,\"name\":\"Shop\",\"item\":\"https:\/\/www.miomiorun.com\/shop\/\"},{\"@type\":\"ListItem\",\"position\":3,\"name\":\"Stay Wild pantalon avec revers en chenille c\u00f4tel\u00e9e femme\"}]},{\"@type\":\"WebSite\",\"@id\":\"https:\/\/www.miomiorun.com\/fr\/#website\",\"url\":\"https:\/\/www.miomiorun.com\/fr\/\",\"name\":\"MioMioRun\",\"description\":\"Boutique 100% running et trail\",\"publisher\":{\"@id\":\"https:\/\/www.miomiorun.com\/fr\/#organization\"},\"potentialAction\":[{\"@type\":\"SearchAction\",\"target\":{\"@type\":\"EntryPoint\",\"urlTemplate\":\"https:\/\/www.miomiorun.com\/fr\/?s={search_term_string}\"},\"query-input\":{\"@type\":\"PropertyValueSpecification\",\"valueRequired\":true,\"valueName\":\"search_term_string\"}}],\"inLanguage\":\"fr-FR\"},{\"@type\":\"Organization\",\"@id\":\"https:\/\/www.miomiorun.com\/fr\/#organization\",\"name\":\"MioMio Run\",\"url\":\"https:\/\/www.miomiorun.com\/fr\/\",\"logo\":{\"@type\":\"ImageObject\",\"inLanguage\":\"fr-FR\",\"@id\":\"https:\/\/www.miomiorun.com\/fr\/#\/schema\/logo\/image\/\",\"url\":\"https:\/\/www.miomiorun.com\/app\/uploads\/2019\/12\/logomio.png\",\"contentUrl\":\"https:\/\/www.miomiorun.com\/app\/uploads\/2019\/12\/logomio.png\",\"width\":115,\"height\":82,\"caption\":\"MioMio Run\"},\"image\":{\"@id\":\"https:\/\/www.miomiorun.com\/fr\/#\/schema\/logo\/image\/\"},\"sameAs\":[\"https:\/\/www.facebook.com\/miomiorun\/\",\"https:\/\/www.instagram.com\/miomiorun\/\"]}]}<\/script>\n<!-- \/ Yoast SEO plugin. -->","yoast_head_json":{"title":"Everlast Stay Wild pantalon avec revers en chenille c\u00f4tel\u00e9e femme - Pantalons d\u00e9contract\u00e9sMioMioRun","description":"Pantalon femme avec ceinture \u00e9lastique et cordon de serrage en velours : confortable, pratique et raffin\u00e9, avec poches lat\u00e9rales et ourlets \u00e0 revers.","robots":{"index":"index","follow":"follow","max-snippet":"max-snippet:-1","max-image-preview":"max-image-preview:large","max-video-preview":"max-video-preview:-1"},"canonical":"https:\/\/www.miomiorun.com\/fr\/produit\/stay-wild-pantalon-avec-revers-en-chenille-cotelee-femme\/","og_locale":"fr_FR","og_type":"article","og_title":"Everlast Stay Wild pantalon avec revers en chenille c\u00f4tel\u00e9e femme - Pantalons d\u00e9contract\u00e9sMioMioRun","og_description":"Pantalon femme avec ceinture \u00e9lastique et cordon de serrage en velours : confortable, pratique et raffin\u00e9, avec poches lat\u00e9rales et ourlets \u00e0 revers.","og_url":"https:\/\/www.miomiorun.com\/fr\/produit\/stay-wild-pantalon-avec-revers-en-chenille-cotelee-femme\/","og_site_name":"MioMioRun","article_publisher":"https:\/\/www.facebook.com\/miomiorun\/","article_modified_time":"2026-05-09T08:40:05+00:00","og_image":[{"width":720,"height":720,"url":"https:\/\/www.miomiorun.com\/app\/uploads\/2025\/11\/everlast-Pant-ciniglia-W-black-39W525E99.2000.webp","type":"image\/webp"}],"twitter_card":"summary_large_image","schema":{"@context":"https:\/\/schema.org","@graph":[{"@type":"WebPage","@id":"https:\/\/www.miomiorun.com\/fr\/produit\/stay-wild-pantalon-avec-revers-en-chenille-cotelee-femme\/","url":"https:\/\/www.miomiorun.com\/fr\/produit\/stay-wild-pantalon-avec-revers-en-chenille-cotelee-femme\/","name":"Everlast Stay Wild pantalon avec revers en chenille c\u00f4tel\u00e9e femme - Pantalons d\u00e9contract\u00e9sMioMioRun","isPartOf":{"@id":"https:\/\/www.miomiorun.com\/fr\/#website"},"primaryImageOfPage":{"@id":"https:\/\/www.miomiorun.com\/fr\/produit\/stay-wild-pantalon-avec-revers-en-chenille-cotelee-femme\/#primaryimage"},"image":{"@id":"https:\/\/www.miomiorun.com\/fr\/produit\/stay-wild-pantalon-avec-revers-en-chenille-cotelee-femme\/#primaryimage"},"thumbnailUrl":"https:\/\/www.miomiorun.com\/app\/uploads\/2025\/11\/everlast-Pant-ciniglia-W-black-39W525E99.2000.webp","datePublished":"2025-11-11T11:28:32+00:00","dateModified":"2026-05-09T08:40:05+00:00","description":"Pantalon femme avec ceinture \u00e9lastique et cordon de serrage en velours : confortable, pratique et raffin\u00e9, avec poches lat\u00e9rales et ourlets \u00e0 revers.","breadcrumb":{"@id":"https:\/\/www.miomiorun.com\/fr\/produit\/stay-wild-pantalon-avec-revers-en-chenille-cotelee-femme\/#breadcrumb"},"inLanguage":"fr-FR","potentialAction":[{"@type":"ReadAction","target":["https:\/\/www.miomiorun.com\/fr\/produit\/stay-wild-pantalon-avec-revers-en-chenille-cotelee-femme\/"]}]},{"@type":"ImageObject","inLanguage":"fr-FR","@id":"https:\/\/www.miomiorun.com\/fr\/produit\/stay-wild-pantalon-avec-revers-en-chenille-cotelee-femme\/#primaryimage","url":"https:\/\/www.miomiorun.com\/app\/uploads\/2025\/11\/everlast-Pant-ciniglia-W-black-39W525E99.2000.webp","contentUrl":"https:\/\/www.miomiorun.com\/app\/uploads\/2025\/11\/everlast-Pant-ciniglia-W-black-39W525E99.2000.webp","width":720,"height":720,"caption":"everlast Pant ciniglia W black 39W525E99.2000"},{"@type":"BreadcrumbList","@id":"https:\/\/www.miomiorun.com\/fr\/produit\/stay-wild-pantalon-avec-revers-en-chenille-cotelee-femme\/#breadcrumb","itemListElement":[{"@type":"ListItem","position":1,"name":"Home","item":"https:\/\/www.miomiorun.com\/fr\/home-page\/"},{"@type":"ListItem","position":2,"name":"Shop","item":"https:\/\/www.miomiorun.com\/shop\/"},{"@type":"ListItem","position":3,"name":"Stay Wild pantalon avec revers en chenille c\u00f4tel\u00e9e femme"}]},{"@type":"WebSite","@id":"https:\/\/www.miomiorun.com\/fr\/#website","url":"https:\/\/www.miomiorun.com\/fr\/","name":"MioMioRun","description":"Boutique 100% running et trail","publisher":{"@id":"https:\/\/www.miomiorun.com\/fr\/#organization"},"potentialAction":[{"@type":"SearchAction","target":{"@type":"EntryPoint","urlTemplate":"https:\/\/www.miomiorun.com\/fr\/?s={search_term_string}"},"query-input":{"@type":"PropertyValueSpecification","valueRequired":true,"valueName":"search_term_string"}}],"inLanguage":"fr-FR"},{"@type":"Organization","@id":"https:\/\/www.miomiorun.com\/fr\/#organization","name":"MioMio Run","url":"https:\/\/www.miomiorun.com\/fr\/","logo":{"@type":"ImageObject","inLanguage":"fr-FR","@id":"https:\/\/www.miomiorun.com\/fr\/#\/schema\/logo\/image\/","url":"https:\/\/www.miomiorun.com\/app\/uploads\/2019\/12\/logomio.png","contentUrl":"https:\/\/www.miomiorun.com\/app\/uploads\/2019\/12\/logomio.png","width":115,"height":82,"caption":"MioMio Run"},"image":{"@id":"https:\/\/www.miomiorun.com\/fr\/#\/schema\/logo\/image\/"},"sameAs":["https:\/\/www.facebook.com\/miomiorun\/","https:\/\/www.instagram.com\/miomiorun\/"]}]}},"_links":{"self":[{"href":"https:\/\/www.miomiorun.com\/fr\/wp-json\/wp\/v2\/product\/369763","targetHints":{"allow":["GET"]}}],"collection":[{"href":"https:\/\/www.miomiorun.com\/fr\/wp-json\/wp\/v2\/product"}],"about":[{"href":"https:\/\/www.miomiorun.com\/fr\/wp-json\/wp\/v2\/types\/product"}],"wp:featuredmedia":[{"embeddable":true,"href":"https:\/\/www.miomiorun.com\/fr\/wp-json\/wp\/v2\/media\/374544"}],"wp:attachment":[{"href":"https:\/\/www.miomiorun.com\/fr\/wp-json\/wp\/v2\/media?parent=369763"}],"wp:term":[{"taxonomy":"product_brand","embeddable":true,"href":"https:\/\/www.miomiorun.com\/fr\/wp-json\/wp\/v2\/product_brand?post=369763"},{"taxonomy":"product_cat","embeddable":true,"href":"https:\/\/www.miomiorun.com\/fr\/wp-json\/wp\/v2\/product_cat?post=369763"},{"taxonomy":"product_tag","embeddable":true,"href":"https:\/\/www.miomiorun.com\/fr\/wp-json\/wp\/v2\/product_tag?post=369763"}],"curies":[{"name":"wp","href":"https:\/\/api.w.org\/{rel}","templated":true}]}}