{"id":369572,"date":"2025-11-11T11:51:45","date_gmt":"2025-11-11T10:51:45","guid":{"rendered":"https:\/\/www.miomiorun.com\/?post_type=product&#038;p=369572"},"modified":"2026-05-09T10:36:59","modified_gmt":"2026-05-09T08:36:59","slug":"sweat-shirt-full-zip-femme","status":"publish","type":"product","link":"https:\/\/www.miomiorun.com\/fr\/produit\/sweat-shirt-full-zip-femme\/","title":{"rendered":"Sweat-shirt full zip femme"},"content":{"rendered":"<p>Raffin\u00e9e et contemporaine, cette veste \u00e0 col montant et fermeture \u00e9clair int\u00e9grale est le mariage parfait entre style sportif et f\u00e9minit\u00e9. Confectionn\u00e9e dans un tissu doux et confortable, elle tombe naturellement et met en valeur la silhouette gr\u00e2ce \u00e0 sa ligne \u00e9pur\u00e9e et moderne.<br \/>\nLe col montant apporte une touche affirm\u00e9e et sophistiqu\u00e9e, tandis que le bas et les poignets en rib assurent un ajustement impeccable et un confort qui dure toute la journ\u00e9e. Les poches passepoil\u00e9es ajoutent une touche fonctionnelle sans renoncer \u00e0 l&#8217;\u00e9l\u00e9gance.<br \/>\nPour illuminer le look, le logo en strass ton sur ton, discret mais brillant, signe le v\u00eatement d&#8217;un d\u00e9tail pr\u00e9cieux et distinctif.<br \/>\nParfaite pour compl\u00e9ter vos looks casual chic ou pour donner une touche \u00e9l\u00e9gante \u00e0 vos loisirs : une veste polyvalente, f\u00e9minine et toujours tendance.<\/p>\n<ul>\n<li>Fermeture zipp\u00e9e sur toute la longueur \u00e0 l&#8217;avant<\/li>\n<li>&nbsp;Col montant au design moderne<\/li>\n<li>Bas et poignets en jersey \u00e9lastique<\/li>\n<li>&nbsp;Poches lat\u00e9rales passepoil\u00e9es<\/li>\n<li>Logo en strass ton sur ton pour une touche lumineuse et raffin\u00e9e<\/li>\n<\/ul>\n","protected":false},"excerpt":{"rendered":"<ul>\n<li>Fond et poignets en jersey stretch<\/li>\n<li>&nbsp;Poches lat\u00e9rales passepoil\u00e9es<\/li>\n<li>Logo en strass ton sur ton pour une touche lumineuse et raffin\u00e9e<\/li>\n<\/ul>\n","protected":false},"featured_media":374480,"template":"","meta":{"_acf_changed":false,"inline_featured_image":false},"product_brand":[],"product_cat":[22601,22596],"product_tag":[23485,23490],"class_list":{"0":"post-369572","1":"product","2":"type-product","3":"status-publish","4":"has-post-thumbnail","6":"product_cat-maillots","7":"product_cat-vetements-pour-femmes","8":"product_tag-everlast-fr","9":"product_tag-everlast-femme","10":"pa_attivita-fitness-fr","11":"pa_attivita-lifestyle-fr","12":"pa_colore-felpa-full-zip-w-blu-navy-fr","13":"pa_marca-everlast-fr","14":"pa_sesso-femme","15":"pa_size-extra-small-fr","16":"pa_size-small-fr","17":"pa_size-medium-fr","19":"first","20":"instock","21":"sale","22":"taxable","23":"shipping-taxable","24":"purchasable","25":"product-type-variable","26":"wvs-archive-product-wrapper"},"acf":[],"yoast_head":"<!-- This site is optimized with the Yoast SEO plugin v26.8 - https:\/\/yoast.com\/product\/yoast-seo-wordpress\/ -->\n<title>Everlast Sweat-shirt full zip femme - Sweat-shirt d\u00e9contract\u00e9 - MioMioRun<\/title>\n<meta name=\"description\" content=\"Veste zipp\u00e9e raffin\u00e9e pour femme : style sportif et f\u00e9minin, confort au quotidien et logo en strass pour un look casual chic toujours tendance.\" \/>\n<meta name=\"robots\" content=\"index, follow, max-snippet:-1, max-image-preview:large, max-video-preview:-1\" \/>\n<link rel=\"canonical\" href=\"https:\/\/www.miomiorun.com\/fr\/produit\/sweat-shirt-full-zip-femme\/\" \/>\n<meta property=\"og:locale\" content=\"fr_FR\" \/>\n<meta property=\"og:type\" content=\"article\" \/>\n<meta property=\"og:title\" content=\"Everlast Sweat-shirt full zip femme - Sweat-shirt d\u00e9contract\u00e9 - MioMioRun\" \/>\n<meta property=\"og:description\" content=\"Veste zipp\u00e9e raffin\u00e9e pour femme : style sportif et f\u00e9minin, confort au quotidien et logo en strass pour un look casual chic toujours tendance.\" \/>\n<meta property=\"og:url\" content=\"https:\/\/www.miomiorun.com\/fr\/produit\/sweat-shirt-full-zip-femme\/\" \/>\n<meta property=\"og:site_name\" content=\"MioMioRun\" \/>\n<meta property=\"article:publisher\" content=\"https:\/\/www.facebook.com\/miomiorun\/\" \/>\n<meta property=\"article:modified_time\" content=\"2026-05-09T08:36:59+00:00\" \/>\n<meta property=\"og:image\" content=\"https:\/\/www.miomiorun.com\/app\/uploads\/2025\/11\/everlast-Felpa-full-zip-W-blu-navy-39W493F98.4000.webp\" \/>\n\t<meta property=\"og:image:width\" content=\"720\" \/>\n\t<meta property=\"og:image:height\" content=\"720\" \/>\n\t<meta property=\"og:image:type\" content=\"image\/webp\" \/>\n<meta name=\"twitter:card\" content=\"summary_large_image\" \/>\n<meta name=\"twitter:label1\" content=\"Est. reading time\" \/>\n\t<meta name=\"twitter:data1\" content=\"1 minute\" \/>\n<script type=\"application\/ld+json\" class=\"yoast-schema-graph\">{\"@context\":\"https:\/\/schema.org\",\"@graph\":[{\"@type\":\"WebPage\",\"@id\":\"https:\/\/www.miomiorun.com\/fr\/produit\/sweat-shirt-full-zip-femme\/\",\"url\":\"https:\/\/www.miomiorun.com\/fr\/produit\/sweat-shirt-full-zip-femme\/\",\"name\":\"Everlast Sweat-shirt full zip femme - Sweat-shirt d\u00e9contract\u00e9 - MioMioRun\",\"isPartOf\":{\"@id\":\"https:\/\/www.miomiorun.com\/fr\/#website\"},\"primaryImageOfPage\":{\"@id\":\"https:\/\/www.miomiorun.com\/fr\/produit\/sweat-shirt-full-zip-femme\/#primaryimage\"},\"image\":{\"@id\":\"https:\/\/www.miomiorun.com\/fr\/produit\/sweat-shirt-full-zip-femme\/#primaryimage\"},\"thumbnailUrl\":\"https:\/\/www.miomiorun.com\/app\/uploads\/2025\/11\/everlast-Felpa-full-zip-W-blu-navy-39W493F98.4000.webp\",\"datePublished\":\"2025-11-11T10:51:45+00:00\",\"dateModified\":\"2026-05-09T08:36:59+00:00\",\"description\":\"Veste zipp\u00e9e raffin\u00e9e pour femme : style sportif et f\u00e9minin, confort au quotidien et logo en strass pour un look casual chic toujours tendance.\",\"breadcrumb\":{\"@id\":\"https:\/\/www.miomiorun.com\/fr\/produit\/sweat-shirt-full-zip-femme\/#breadcrumb\"},\"inLanguage\":\"fr-FR\",\"potentialAction\":[{\"@type\":\"ReadAction\",\"target\":[\"https:\/\/www.miomiorun.com\/fr\/produit\/sweat-shirt-full-zip-femme\/\"]}]},{\"@type\":\"ImageObject\",\"inLanguage\":\"fr-FR\",\"@id\":\"https:\/\/www.miomiorun.com\/fr\/produit\/sweat-shirt-full-zip-femme\/#primaryimage\",\"url\":\"https:\/\/www.miomiorun.com\/app\/uploads\/2025\/11\/everlast-Felpa-full-zip-W-blu-navy-39W493F98.4000.webp\",\"contentUrl\":\"https:\/\/www.miomiorun.com\/app\/uploads\/2025\/11\/everlast-Felpa-full-zip-W-blu-navy-39W493F98.4000.webp\",\"width\":720,\"height\":720,\"caption\":\"everlast Felpa full zip W blu navy 39W493F98.4000\"},{\"@type\":\"BreadcrumbList\",\"@id\":\"https:\/\/www.miomiorun.com\/fr\/produit\/sweat-shirt-full-zip-femme\/#breadcrumb\",\"itemListElement\":[{\"@type\":\"ListItem\",\"position\":1,\"name\":\"Home\",\"item\":\"https:\/\/www.miomiorun.com\/fr\/home-page\/\"},{\"@type\":\"ListItem\",\"position\":2,\"name\":\"Shop\",\"item\":\"https:\/\/www.miomiorun.com\/shop\/\"},{\"@type\":\"ListItem\",\"position\":3,\"name\":\"Sweat-shirt full zip femme\"}]},{\"@type\":\"WebSite\",\"@id\":\"https:\/\/www.miomiorun.com\/fr\/#website\",\"url\":\"https:\/\/www.miomiorun.com\/fr\/\",\"name\":\"MioMioRun\",\"description\":\"Boutique 100% running et trail\",\"publisher\":{\"@id\":\"https:\/\/www.miomiorun.com\/fr\/#organization\"},\"potentialAction\":[{\"@type\":\"SearchAction\",\"target\":{\"@type\":\"EntryPoint\",\"urlTemplate\":\"https:\/\/www.miomiorun.com\/fr\/?s={search_term_string}\"},\"query-input\":{\"@type\":\"PropertyValueSpecification\",\"valueRequired\":true,\"valueName\":\"search_term_string\"}}],\"inLanguage\":\"fr-FR\"},{\"@type\":\"Organization\",\"@id\":\"https:\/\/www.miomiorun.com\/fr\/#organization\",\"name\":\"MioMio Run\",\"url\":\"https:\/\/www.miomiorun.com\/fr\/\",\"logo\":{\"@type\":\"ImageObject\",\"inLanguage\":\"fr-FR\",\"@id\":\"https:\/\/www.miomiorun.com\/fr\/#\/schema\/logo\/image\/\",\"url\":\"https:\/\/www.miomiorun.com\/app\/uploads\/2019\/12\/logomio.png\",\"contentUrl\":\"https:\/\/www.miomiorun.com\/app\/uploads\/2019\/12\/logomio.png\",\"width\":115,\"height\":82,\"caption\":\"MioMio Run\"},\"image\":{\"@id\":\"https:\/\/www.miomiorun.com\/fr\/#\/schema\/logo\/image\/\"},\"sameAs\":[\"https:\/\/www.facebook.com\/miomiorun\/\",\"https:\/\/www.instagram.com\/miomiorun\/\"]}]}<\/script>\n<!-- \/ Yoast SEO plugin. -->","yoast_head_json":{"title":"Everlast Sweat-shirt full zip femme - Sweat-shirt d\u00e9contract\u00e9 - MioMioRun","description":"Veste zipp\u00e9e raffin\u00e9e pour femme : style sportif et f\u00e9minin, confort au quotidien et logo en strass pour un look casual chic toujours tendance.","robots":{"index":"index","follow":"follow","max-snippet":"max-snippet:-1","max-image-preview":"max-image-preview:large","max-video-preview":"max-video-preview:-1"},"canonical":"https:\/\/www.miomiorun.com\/fr\/produit\/sweat-shirt-full-zip-femme\/","og_locale":"fr_FR","og_type":"article","og_title":"Everlast Sweat-shirt full zip femme - Sweat-shirt d\u00e9contract\u00e9 - MioMioRun","og_description":"Veste zipp\u00e9e raffin\u00e9e pour femme : style sportif et f\u00e9minin, confort au quotidien et logo en strass pour un look casual chic toujours tendance.","og_url":"https:\/\/www.miomiorun.com\/fr\/produit\/sweat-shirt-full-zip-femme\/","og_site_name":"MioMioRun","article_publisher":"https:\/\/www.facebook.com\/miomiorun\/","article_modified_time":"2026-05-09T08:36:59+00:00","og_image":[{"width":720,"height":720,"url":"https:\/\/www.miomiorun.com\/app\/uploads\/2025\/11\/everlast-Felpa-full-zip-W-blu-navy-39W493F98.4000.webp","type":"image\/webp"}],"twitter_card":"summary_large_image","twitter_misc":{"Est. reading time":"1 minute"},"schema":{"@context":"https:\/\/schema.org","@graph":[{"@type":"WebPage","@id":"https:\/\/www.miomiorun.com\/fr\/produit\/sweat-shirt-full-zip-femme\/","url":"https:\/\/www.miomiorun.com\/fr\/produit\/sweat-shirt-full-zip-femme\/","name":"Everlast Sweat-shirt full zip femme - Sweat-shirt d\u00e9contract\u00e9 - MioMioRun","isPartOf":{"@id":"https:\/\/www.miomiorun.com\/fr\/#website"},"primaryImageOfPage":{"@id":"https:\/\/www.miomiorun.com\/fr\/produit\/sweat-shirt-full-zip-femme\/#primaryimage"},"image":{"@id":"https:\/\/www.miomiorun.com\/fr\/produit\/sweat-shirt-full-zip-femme\/#primaryimage"},"thumbnailUrl":"https:\/\/www.miomiorun.com\/app\/uploads\/2025\/11\/everlast-Felpa-full-zip-W-blu-navy-39W493F98.4000.webp","datePublished":"2025-11-11T10:51:45+00:00","dateModified":"2026-05-09T08:36:59+00:00","description":"Veste zipp\u00e9e raffin\u00e9e pour femme : style sportif et f\u00e9minin, confort au quotidien et logo en strass pour un look casual chic toujours tendance.","breadcrumb":{"@id":"https:\/\/www.miomiorun.com\/fr\/produit\/sweat-shirt-full-zip-femme\/#breadcrumb"},"inLanguage":"fr-FR","potentialAction":[{"@type":"ReadAction","target":["https:\/\/www.miomiorun.com\/fr\/produit\/sweat-shirt-full-zip-femme\/"]}]},{"@type":"ImageObject","inLanguage":"fr-FR","@id":"https:\/\/www.miomiorun.com\/fr\/produit\/sweat-shirt-full-zip-femme\/#primaryimage","url":"https:\/\/www.miomiorun.com\/app\/uploads\/2025\/11\/everlast-Felpa-full-zip-W-blu-navy-39W493F98.4000.webp","contentUrl":"https:\/\/www.miomiorun.com\/app\/uploads\/2025\/11\/everlast-Felpa-full-zip-W-blu-navy-39W493F98.4000.webp","width":720,"height":720,"caption":"everlast Felpa full zip W blu navy 39W493F98.4000"},{"@type":"BreadcrumbList","@id":"https:\/\/www.miomiorun.com\/fr\/produit\/sweat-shirt-full-zip-femme\/#breadcrumb","itemListElement":[{"@type":"ListItem","position":1,"name":"Home","item":"https:\/\/www.miomiorun.com\/fr\/home-page\/"},{"@type":"ListItem","position":2,"name":"Shop","item":"https:\/\/www.miomiorun.com\/shop\/"},{"@type":"ListItem","position":3,"name":"Sweat-shirt full zip femme"}]},{"@type":"WebSite","@id":"https:\/\/www.miomiorun.com\/fr\/#website","url":"https:\/\/www.miomiorun.com\/fr\/","name":"MioMioRun","description":"Boutique 100% running et trail","publisher":{"@id":"https:\/\/www.miomiorun.com\/fr\/#organization"},"potentialAction":[{"@type":"SearchAction","target":{"@type":"EntryPoint","urlTemplate":"https:\/\/www.miomiorun.com\/fr\/?s={search_term_string}"},"query-input":{"@type":"PropertyValueSpecification","valueRequired":true,"valueName":"search_term_string"}}],"inLanguage":"fr-FR"},{"@type":"Organization","@id":"https:\/\/www.miomiorun.com\/fr\/#organization","name":"MioMio Run","url":"https:\/\/www.miomiorun.com\/fr\/","logo":{"@type":"ImageObject","inLanguage":"fr-FR","@id":"https:\/\/www.miomiorun.com\/fr\/#\/schema\/logo\/image\/","url":"https:\/\/www.miomiorun.com\/app\/uploads\/2019\/12\/logomio.png","contentUrl":"https:\/\/www.miomiorun.com\/app\/uploads\/2019\/12\/logomio.png","width":115,"height":82,"caption":"MioMio Run"},"image":{"@id":"https:\/\/www.miomiorun.com\/fr\/#\/schema\/logo\/image\/"},"sameAs":["https:\/\/www.facebook.com\/miomiorun\/","https:\/\/www.instagram.com\/miomiorun\/"]}]}},"_links":{"self":[{"href":"https:\/\/www.miomiorun.com\/fr\/wp-json\/wp\/v2\/product\/369572","targetHints":{"allow":["GET"]}}],"collection":[{"href":"https:\/\/www.miomiorun.com\/fr\/wp-json\/wp\/v2\/product"}],"about":[{"href":"https:\/\/www.miomiorun.com\/fr\/wp-json\/wp\/v2\/types\/product"}],"wp:featuredmedia":[{"embeddable":true,"href":"https:\/\/www.miomiorun.com\/fr\/wp-json\/wp\/v2\/media\/374480"}],"wp:attachment":[{"href":"https:\/\/www.miomiorun.com\/fr\/wp-json\/wp\/v2\/media?parent=369572"}],"wp:term":[{"taxonomy":"product_brand","embeddable":true,"href":"https:\/\/www.miomiorun.com\/fr\/wp-json\/wp\/v2\/product_brand?post=369572"},{"taxonomy":"product_cat","embeddable":true,"href":"https:\/\/www.miomiorun.com\/fr\/wp-json\/wp\/v2\/product_cat?post=369572"},{"taxonomy":"product_tag","embeddable":true,"href":"https:\/\/www.miomiorun.com\/fr\/wp-json\/wp\/v2\/product_tag?post=369572"}],"curies":[{"name":"wp","href":"https:\/\/api.w.org\/{rel}","templated":true}]}}