{"id":369448,"date":"2025-11-11T11:33:30","date_gmt":"2025-11-11T10:33:30","guid":{"rendered":"https:\/\/www.miomiorun.com\/?post_type=product&#038;p=369448"},"modified":"2026-05-09T10:35:58","modified_gmt":"2026-05-09T08:35:58","slug":"sweat-a-col-rond-homme","status":"publish","type":"product","link":"https:\/\/www.miomiorun.com\/fr\/produit\/sweat-a-col-rond-homme\/","title":{"rendered":"Sweat \u00e0 col rond homme"},"content":{"rendered":"<p>Sweat \u00e0 col rond confectionn\u00e9 dans un molleton de coton gratt\u00e9 confortable. Ce v\u00eatement se caract\u00e9rise par ses coutures particuli\u00e8res et son style vintage qui le rend unique et exclusif.<\/p>\n<ul>\n<li>Col rond en c\u00f4tes ray\u00e9es<\/li>\n<li>Poignets et bas en c\u00f4tes ray\u00e9es<\/li>\n<li>Poches lat\u00e9rales<\/li>\n<li>\u00c9tiquette m\u00e9tallique avec logo<\/li>\n<\/ul>\n","protected":false},"excerpt":{"rendered":"<p>Sweat \u00e0 col rond confectionn\u00e9 dans un molleton de coton gratt\u00e9 confortable. Ce v\u00eatement se caract\u00e9rise par ses coutures particuli\u00e8res et son style vintage qui le rend unique et exclusif. Col rond en c\u00f4tes ray\u00e9es Poignets et bas en c\u00f4tes ray\u00e9es Poches lat\u00e9rales \u00c9tiquette m\u00e9tallique avec logo<\/p>\n","protected":false},"featured_media":374455,"template":"","meta":{"_acf_changed":false,"inline_featured_image":false},"product_brand":[],"product_cat":[24478,24482],"product_tag":[23485,23608],"class_list":{"0":"post-369448","1":"product","2":"type-product","3":"status-publish","4":"has-post-thumbnail","6":"product_cat-maillots-fr-2","7":"product_cat-vetements-pour-hommes-fr","8":"product_tag-everlast-fr","9":"product_tag-everlast-homme","10":"pa_attivita-lifestyle-fr","11":"pa_colore-girocollo-felpa-uomo-blu-navy-fr","12":"pa_marca-everlast-fr","13":"pa_sesso-homme","14":"pa_size-small-fr","15":"pa_size-medium-fr","16":"pa_size-large-fr","18":"first","19":"instock","20":"sale","21":"taxable","22":"shipping-taxable","23":"purchasable","24":"product-type-variable","25":"wvs-archive-product-wrapper"},"acf":[],"yoast_head":"<!-- This site is optimized with the Yoast SEO plugin v26.8 - https:\/\/yoast.com\/product\/yoast-seo-wordpress\/ -->\n<title>Everlast Sweat \u00e0 col rond homme - Sweat-shirt d\u00e9contract\u00e9 - MioMioRun<\/title>\n<meta name=\"description\" content=\"Sweat-shirt \u00e0 col rond pour homme en coton gratt\u00e9 : doux, vintage et confortable, avec des d\u00e9tails en c\u00f4tes ray\u00e9es et un logo m\u00e9tallique pour un style exclusif.\" \/>\n<meta name=\"robots\" content=\"index, follow, max-snippet:-1, max-image-preview:large, max-video-preview:-1\" \/>\n<link rel=\"canonical\" href=\"https:\/\/www.miomiorun.com\/fr\/produit\/sweat-a-col-rond-homme\/\" \/>\n<meta property=\"og:locale\" content=\"fr_FR\" \/>\n<meta property=\"og:type\" content=\"article\" \/>\n<meta property=\"og:title\" content=\"Everlast Sweat \u00e0 col rond homme - Sweat-shirt d\u00e9contract\u00e9 - MioMioRun\" \/>\n<meta property=\"og:description\" content=\"Sweat-shirt \u00e0 col rond pour homme en coton gratt\u00e9 : doux, vintage et confortable, avec des d\u00e9tails en c\u00f4tes ray\u00e9es et un logo m\u00e9tallique pour un style exclusif.\" \/>\n<meta property=\"og:url\" content=\"https:\/\/www.miomiorun.com\/fr\/produit\/sweat-a-col-rond-homme\/\" \/>\n<meta property=\"og:site_name\" content=\"MioMioRun\" \/>\n<meta property=\"article:publisher\" content=\"https:\/\/www.facebook.com\/miomiorun\/\" \/>\n<meta property=\"article:modified_time\" content=\"2026-05-09T08:35:58+00:00\" \/>\n<meta property=\"og:image\" content=\"https:\/\/www.miomiorun.com\/app\/uploads\/2025\/11\/everlast-Girocollo-felpa-uomo-39M212F49.4000.webp\" \/>\n\t<meta property=\"og:image:width\" content=\"720\" \/>\n\t<meta property=\"og:image:height\" content=\"720\" \/>\n\t<meta property=\"og:image:type\" content=\"image\/webp\" \/>\n<meta name=\"twitter:card\" content=\"summary_large_image\" \/>\n<script type=\"application\/ld+json\" class=\"yoast-schema-graph\">{\"@context\":\"https:\/\/schema.org\",\"@graph\":[{\"@type\":\"WebPage\",\"@id\":\"https:\/\/www.miomiorun.com\/fr\/produit\/sweat-a-col-rond-homme\/\",\"url\":\"https:\/\/www.miomiorun.com\/fr\/produit\/sweat-a-col-rond-homme\/\",\"name\":\"Everlast Sweat \u00e0 col rond homme - Sweat-shirt d\u00e9contract\u00e9 - MioMioRun\",\"isPartOf\":{\"@id\":\"https:\/\/www.miomiorun.com\/fr\/#website\"},\"primaryImageOfPage\":{\"@id\":\"https:\/\/www.miomiorun.com\/fr\/produit\/sweat-a-col-rond-homme\/#primaryimage\"},\"image\":{\"@id\":\"https:\/\/www.miomiorun.com\/fr\/produit\/sweat-a-col-rond-homme\/#primaryimage\"},\"thumbnailUrl\":\"https:\/\/www.miomiorun.com\/app\/uploads\/2025\/11\/everlast-Girocollo-felpa-uomo-39M212F49.4000.webp\",\"datePublished\":\"2025-11-11T10:33:30+00:00\",\"dateModified\":\"2026-05-09T08:35:58+00:00\",\"description\":\"Sweat-shirt \u00e0 col rond pour homme en coton gratt\u00e9 : doux, vintage et confortable, avec des d\u00e9tails en c\u00f4tes ray\u00e9es et un logo m\u00e9tallique pour un style exclusif.\",\"breadcrumb\":{\"@id\":\"https:\/\/www.miomiorun.com\/fr\/produit\/sweat-a-col-rond-homme\/#breadcrumb\"},\"inLanguage\":\"fr-FR\",\"potentialAction\":[{\"@type\":\"ReadAction\",\"target\":[\"https:\/\/www.miomiorun.com\/fr\/produit\/sweat-a-col-rond-homme\/\"]}]},{\"@type\":\"ImageObject\",\"inLanguage\":\"fr-FR\",\"@id\":\"https:\/\/www.miomiorun.com\/fr\/produit\/sweat-a-col-rond-homme\/#primaryimage\",\"url\":\"https:\/\/www.miomiorun.com\/app\/uploads\/2025\/11\/everlast-Girocollo-felpa-uomo-39M212F49.4000.webp\",\"contentUrl\":\"https:\/\/www.miomiorun.com\/app\/uploads\/2025\/11\/everlast-Girocollo-felpa-uomo-39M212F49.4000.webp\",\"width\":720,\"height\":720,\"caption\":\"everlast Girocollo felpa uomo 39M212F49.4000\"},{\"@type\":\"BreadcrumbList\",\"@id\":\"https:\/\/www.miomiorun.com\/fr\/produit\/sweat-a-col-rond-homme\/#breadcrumb\",\"itemListElement\":[{\"@type\":\"ListItem\",\"position\":1,\"name\":\"Home\",\"item\":\"https:\/\/www.miomiorun.com\/fr\/home-page\/\"},{\"@type\":\"ListItem\",\"position\":2,\"name\":\"Shop\",\"item\":\"https:\/\/www.miomiorun.com\/shop\/\"},{\"@type\":\"ListItem\",\"position\":3,\"name\":\"Sweat \u00e0 col rond homme\"}]},{\"@type\":\"WebSite\",\"@id\":\"https:\/\/www.miomiorun.com\/fr\/#website\",\"url\":\"https:\/\/www.miomiorun.com\/fr\/\",\"name\":\"MioMioRun\",\"description\":\"Boutique 100% running et trail\",\"publisher\":{\"@id\":\"https:\/\/www.miomiorun.com\/fr\/#organization\"},\"potentialAction\":[{\"@type\":\"SearchAction\",\"target\":{\"@type\":\"EntryPoint\",\"urlTemplate\":\"https:\/\/www.miomiorun.com\/fr\/?s={search_term_string}\"},\"query-input\":{\"@type\":\"PropertyValueSpecification\",\"valueRequired\":true,\"valueName\":\"search_term_string\"}}],\"inLanguage\":\"fr-FR\"},{\"@type\":\"Organization\",\"@id\":\"https:\/\/www.miomiorun.com\/fr\/#organization\",\"name\":\"MioMio Run\",\"url\":\"https:\/\/www.miomiorun.com\/fr\/\",\"logo\":{\"@type\":\"ImageObject\",\"inLanguage\":\"fr-FR\",\"@id\":\"https:\/\/www.miomiorun.com\/fr\/#\/schema\/logo\/image\/\",\"url\":\"https:\/\/www.miomiorun.com\/app\/uploads\/2019\/12\/logomio.png\",\"contentUrl\":\"https:\/\/www.miomiorun.com\/app\/uploads\/2019\/12\/logomio.png\",\"width\":115,\"height\":82,\"caption\":\"MioMio Run\"},\"image\":{\"@id\":\"https:\/\/www.miomiorun.com\/fr\/#\/schema\/logo\/image\/\"},\"sameAs\":[\"https:\/\/www.facebook.com\/miomiorun\/\",\"https:\/\/www.instagram.com\/miomiorun\/\"]}]}<\/script>\n<!-- \/ Yoast SEO plugin. -->","yoast_head_json":{"title":"Everlast Sweat \u00e0 col rond homme - Sweat-shirt d\u00e9contract\u00e9 - MioMioRun","description":"Sweat-shirt \u00e0 col rond pour homme en coton gratt\u00e9 : doux, vintage et confortable, avec des d\u00e9tails en c\u00f4tes ray\u00e9es et un logo m\u00e9tallique pour un style exclusif.","robots":{"index":"index","follow":"follow","max-snippet":"max-snippet:-1","max-image-preview":"max-image-preview:large","max-video-preview":"max-video-preview:-1"},"canonical":"https:\/\/www.miomiorun.com\/fr\/produit\/sweat-a-col-rond-homme\/","og_locale":"fr_FR","og_type":"article","og_title":"Everlast Sweat \u00e0 col rond homme - Sweat-shirt d\u00e9contract\u00e9 - MioMioRun","og_description":"Sweat-shirt \u00e0 col rond pour homme en coton gratt\u00e9 : doux, vintage et confortable, avec des d\u00e9tails en c\u00f4tes ray\u00e9es et un logo m\u00e9tallique pour un style exclusif.","og_url":"https:\/\/www.miomiorun.com\/fr\/produit\/sweat-a-col-rond-homme\/","og_site_name":"MioMioRun","article_publisher":"https:\/\/www.facebook.com\/miomiorun\/","article_modified_time":"2026-05-09T08:35:58+00:00","og_image":[{"width":720,"height":720,"url":"https:\/\/www.miomiorun.com\/app\/uploads\/2025\/11\/everlast-Girocollo-felpa-uomo-39M212F49.4000.webp","type":"image\/webp"}],"twitter_card":"summary_large_image","schema":{"@context":"https:\/\/schema.org","@graph":[{"@type":"WebPage","@id":"https:\/\/www.miomiorun.com\/fr\/produit\/sweat-a-col-rond-homme\/","url":"https:\/\/www.miomiorun.com\/fr\/produit\/sweat-a-col-rond-homme\/","name":"Everlast Sweat \u00e0 col rond homme - Sweat-shirt d\u00e9contract\u00e9 - MioMioRun","isPartOf":{"@id":"https:\/\/www.miomiorun.com\/fr\/#website"},"primaryImageOfPage":{"@id":"https:\/\/www.miomiorun.com\/fr\/produit\/sweat-a-col-rond-homme\/#primaryimage"},"image":{"@id":"https:\/\/www.miomiorun.com\/fr\/produit\/sweat-a-col-rond-homme\/#primaryimage"},"thumbnailUrl":"https:\/\/www.miomiorun.com\/app\/uploads\/2025\/11\/everlast-Girocollo-felpa-uomo-39M212F49.4000.webp","datePublished":"2025-11-11T10:33:30+00:00","dateModified":"2026-05-09T08:35:58+00:00","description":"Sweat-shirt \u00e0 col rond pour homme en coton gratt\u00e9 : doux, vintage et confortable, avec des d\u00e9tails en c\u00f4tes ray\u00e9es et un logo m\u00e9tallique pour un style exclusif.","breadcrumb":{"@id":"https:\/\/www.miomiorun.com\/fr\/produit\/sweat-a-col-rond-homme\/#breadcrumb"},"inLanguage":"fr-FR","potentialAction":[{"@type":"ReadAction","target":["https:\/\/www.miomiorun.com\/fr\/produit\/sweat-a-col-rond-homme\/"]}]},{"@type":"ImageObject","inLanguage":"fr-FR","@id":"https:\/\/www.miomiorun.com\/fr\/produit\/sweat-a-col-rond-homme\/#primaryimage","url":"https:\/\/www.miomiorun.com\/app\/uploads\/2025\/11\/everlast-Girocollo-felpa-uomo-39M212F49.4000.webp","contentUrl":"https:\/\/www.miomiorun.com\/app\/uploads\/2025\/11\/everlast-Girocollo-felpa-uomo-39M212F49.4000.webp","width":720,"height":720,"caption":"everlast Girocollo felpa uomo 39M212F49.4000"},{"@type":"BreadcrumbList","@id":"https:\/\/www.miomiorun.com\/fr\/produit\/sweat-a-col-rond-homme\/#breadcrumb","itemListElement":[{"@type":"ListItem","position":1,"name":"Home","item":"https:\/\/www.miomiorun.com\/fr\/home-page\/"},{"@type":"ListItem","position":2,"name":"Shop","item":"https:\/\/www.miomiorun.com\/shop\/"},{"@type":"ListItem","position":3,"name":"Sweat \u00e0 col rond homme"}]},{"@type":"WebSite","@id":"https:\/\/www.miomiorun.com\/fr\/#website","url":"https:\/\/www.miomiorun.com\/fr\/","name":"MioMioRun","description":"Boutique 100% running et trail","publisher":{"@id":"https:\/\/www.miomiorun.com\/fr\/#organization"},"potentialAction":[{"@type":"SearchAction","target":{"@type":"EntryPoint","urlTemplate":"https:\/\/www.miomiorun.com\/fr\/?s={search_term_string}"},"query-input":{"@type":"PropertyValueSpecification","valueRequired":true,"valueName":"search_term_string"}}],"inLanguage":"fr-FR"},{"@type":"Organization","@id":"https:\/\/www.miomiorun.com\/fr\/#organization","name":"MioMio Run","url":"https:\/\/www.miomiorun.com\/fr\/","logo":{"@type":"ImageObject","inLanguage":"fr-FR","@id":"https:\/\/www.miomiorun.com\/fr\/#\/schema\/logo\/image\/","url":"https:\/\/www.miomiorun.com\/app\/uploads\/2019\/12\/logomio.png","contentUrl":"https:\/\/www.miomiorun.com\/app\/uploads\/2019\/12\/logomio.png","width":115,"height":82,"caption":"MioMio Run"},"image":{"@id":"https:\/\/www.miomiorun.com\/fr\/#\/schema\/logo\/image\/"},"sameAs":["https:\/\/www.facebook.com\/miomiorun\/","https:\/\/www.instagram.com\/miomiorun\/"]}]}},"_links":{"self":[{"href":"https:\/\/www.miomiorun.com\/fr\/wp-json\/wp\/v2\/product\/369448","targetHints":{"allow":["GET"]}}],"collection":[{"href":"https:\/\/www.miomiorun.com\/fr\/wp-json\/wp\/v2\/product"}],"about":[{"href":"https:\/\/www.miomiorun.com\/fr\/wp-json\/wp\/v2\/types\/product"}],"wp:featuredmedia":[{"embeddable":true,"href":"https:\/\/www.miomiorun.com\/fr\/wp-json\/wp\/v2\/media\/374455"}],"wp:attachment":[{"href":"https:\/\/www.miomiorun.com\/fr\/wp-json\/wp\/v2\/media?parent=369448"}],"wp:term":[{"taxonomy":"product_brand","embeddable":true,"href":"https:\/\/www.miomiorun.com\/fr\/wp-json\/wp\/v2\/product_brand?post=369448"},{"taxonomy":"product_cat","embeddable":true,"href":"https:\/\/www.miomiorun.com\/fr\/wp-json\/wp\/v2\/product_cat?post=369448"},{"taxonomy":"product_tag","embeddable":true,"href":"https:\/\/www.miomiorun.com\/fr\/wp-json\/wp\/v2\/product_tag?post=369448"}],"curies":[{"name":"wp","href":"https:\/\/api.w.org\/{rel}","templated":true}]}}