{"id":369149,"date":"2025-11-11T10:12:15","date_gmt":"2025-11-11T09:12:15","guid":{"rendered":"https:\/\/www.miomiorun.com\/?post_type=product&#038;p=369149"},"modified":"2026-05-09T10:33:52","modified_gmt":"2026-05-09T08:33:52","slug":"ghost-trail-femme","status":"publish","type":"product","link":"https:\/\/www.miomiorun.com\/fr\/produit\/ghost-trail-femme\/","title":{"rendered":"Ghost Trail femme"},"content":{"rendered":"<div class=\"vc-row container\"><div class=\"vc-column\"><div class=\"vc-column-text\"><\/p>\n<h4>Caract\u00e9ristiques techniques<\/h4>\n<p>Cat\u00e9gorie : amorti souple et dynamique<br \/>\nD\u00e9calage : 8 mm<br \/>\nPoids : 300,5 g<\/p>\n<p>Id\u00e9al pour : les coureurs \u00e0 foul\u00e9e neutre \u00e0 la recherche d&#8217;un mod\u00e8le offrant un bon amorti et une excellente polyvalence pour la course et la marche hors route, dans les parcs urbains, sur les terrains graveleux ou sur les sentiers battus<br \/>\nPoids de l&#8217;athl\u00e8te : 60 kg<br \/>\nAllure de course : moyenne (4,40-5 min\/km)<br \/>\n<a href=\"https:\/\/miomiorun.com\/guida-alle-specifiche-tecniche\/\">Guide des sp\u00e9cifications techniques<\/a><\/p>\n<p><\/div><\/div><div class=\"vc-column\"><div class=\"vc-column-text\"><\/p>\n<p data-start=\"205\" data-end=\"516\">Affrontez toutes les aventures avec <strong data-start=\"233\" data-end=\"248\">Ghost Trail<\/strong>, la nouvelle chaussure de trail running de Brooks con\u00e7ue pour ceux qui aiment alterner entre route et sentier. Ce mod\u00e8le hybride allie le confort et la fluidit\u00e9 de la course sur asphalte \u00e0 la stabilit\u00e9 et \u00e0 la traction n\u00e9cessaires sur les terrains accident\u00e9s, offrant une polyvalence totale.<\/p>\n<p data-start=\"518\" data-end=\"871\">Gr\u00e2ce \u00e0 son <strong data-start=\"530\" data-end=\"569\">amorti nitro-infusion<\/strong>, la Ghost Trail offre une r\u00e9ponse dynamique et un confort \u00e9quilibr\u00e9, id\u00e9al pour les longues distances et les terrains vari\u00e9s. La <strong data-start=\"690\" data-end=\"720\">tige en mesh respirant<\/strong> maintient le pied au frais et stable, tandis que la <strong data-start=\"767\" data-end=\"793\">semelle \u00e0 haute adh\u00e9rence<\/strong> garantit s\u00e9curit\u00e9 et contr\u00f4le sur toutes les surfaces, de la boue au gravier.<br \/>\n<\/div><\/div><\/div><\/p>\n","protected":false},"excerpt":{"rendered":"<ul>\n<li data-start=\"907\" data-end=\"986\">\n<p data-start=\"909\" data-end=\"986\">Amorti nitro-infus\u00e9 pour une foul\u00e9e l\u00e9g\u00e8re et r\u00e9active.<\/p>\n<\/li>\n<li data-start=\"987\" data-end=\"1064\">\n<p data-start=\"989\" data-end=\"1064\">Adh\u00e9rence optimale sur tous les terrains, pour une s\u00e9curit\u00e9 maximale.<\/p>\n<\/li>\n<li data-start=\"1065\" data-end=\"1128\">\n<p data-start=\"1067\" data-end=\"1128\">Tige en mesh respirant pour un confort durable.<\/p>\n<\/li>\n<\/ul>\n","protected":false},"featured_media":373232,"template":"","meta":{"_acf_changed":false,"inline_featured_image":false},"product_brand":[],"product_cat":[22605,22608],"product_tag":[23462,23656],"class_list":{"0":"post-369149","1":"product","2":"type-product","3":"status-publish","4":"has-post-thumbnail","6":"product_cat-chaussures-pour-femmes","7":"product_cat-trail-fr","8":"product_tag-brooks-fr","9":"product_tag-brooks-femme","10":"pa_attivita-fitness-fr","11":"pa_attivita-marcher","12":"pa_attivita-running-fr","13":"pa_colore-ghost-trail-w-harbor-mist-poppy-yucca-fr","14":"pa_colore-ghost-trail-w-poppy-seed-black-pink-fr","15":"pa_colore-ghost-trail-w-sand-star-white-golden-hou-fr","16":"pa_marca-brooks-fr","17":"pa_sesso-femme","18":"pa_size-37-5-fr","19":"pa_size-38-fr","20":"pa_size-38-5-fr","21":"pa_size-39-fr","22":"pa_size-40-fr","23":"pa_size-40-5-fr","24":"pa_size-41-fr","26":"first","27":"instock","28":"sale","29":"taxable","30":"shipping-taxable","31":"purchasable","32":"product-type-variable","33":"wvs-archive-product-wrapper"},"acf":[],"yoast_head":"<!-- This site is optimized with the Yoast SEO plugin v26.8 - https:\/\/yoast.com\/product\/yoast-seo-wordpress\/ -->\n<title>Brooks Ghost Trail femme - chaussures de trail running- MioMioRun.com<\/title>\n<meta name=\"description\" content=\"D\u00e9couvrez la Brooks Ghost Trail : une chaussure de trail running polyvalente, amortissante et respirante, id\u00e9ale pour affronter en toute confiance les routes et les sentiers.\" \/>\n<meta name=\"robots\" content=\"index, follow, max-snippet:-1, max-image-preview:large, max-video-preview:-1\" \/>\n<link rel=\"canonical\" href=\"https:\/\/www.miomiorun.com\/fr\/produit\/ghost-trail-femme\/\" \/>\n<meta property=\"og:locale\" content=\"fr_FR\" \/>\n<meta property=\"og:type\" content=\"article\" \/>\n<meta property=\"og:title\" content=\"Brooks Ghost Trail femme - chaussures de trail running- MioMioRun.com\" \/>\n<meta property=\"og:description\" content=\"D\u00e9couvrez la Brooks Ghost Trail : une chaussure de trail running polyvalente, amortissante et respirante, id\u00e9ale pour affronter en toute confiance les routes et les sentiers.\" \/>\n<meta property=\"og:url\" content=\"https:\/\/www.miomiorun.com\/fr\/produit\/ghost-trail-femme\/\" \/>\n<meta property=\"og:site_name\" content=\"MioMioRun\" \/>\n<meta property=\"article:publisher\" content=\"https:\/\/www.facebook.com\/miomiorun\/\" \/>\n<meta property=\"article:modified_time\" content=\"2026-05-09T08:33:52+00:00\" \/>\n<meta property=\"og:image\" content=\"https:\/\/www.miomiorun.com\/app\/uploads\/2025\/11\/brooks-Ghost-Trail-W-sand-star-white-golden-hou-1204641B222.webp\" \/>\n\t<meta property=\"og:image:width\" content=\"720\" \/>\n\t<meta property=\"og:image:height\" content=\"720\" \/>\n\t<meta property=\"og:image:type\" content=\"image\/webp\" \/>\n<meta name=\"twitter:card\" content=\"summary_large_image\" \/>\n<meta name=\"twitter:label1\" content=\"Est. reading time\" \/>\n\t<meta name=\"twitter:data1\" content=\"1 minute\" \/>\n<script type=\"application\/ld+json\" class=\"yoast-schema-graph\">{\"@context\":\"https:\/\/schema.org\",\"@graph\":[{\"@type\":\"WebPage\",\"@id\":\"https:\/\/www.miomiorun.com\/fr\/produit\/ghost-trail-femme\/\",\"url\":\"https:\/\/www.miomiorun.com\/fr\/produit\/ghost-trail-femme\/\",\"name\":\"Brooks Ghost Trail femme - chaussures de trail running- MioMioRun.com\",\"isPartOf\":{\"@id\":\"https:\/\/www.miomiorun.com\/fr\/#website\"},\"primaryImageOfPage\":{\"@id\":\"https:\/\/www.miomiorun.com\/fr\/produit\/ghost-trail-femme\/#primaryimage\"},\"image\":{\"@id\":\"https:\/\/www.miomiorun.com\/fr\/produit\/ghost-trail-femme\/#primaryimage\"},\"thumbnailUrl\":\"https:\/\/www.miomiorun.com\/app\/uploads\/2025\/11\/brooks-Ghost-Trail-W-sand-star-white-golden-hou-1204641B222.webp\",\"datePublished\":\"2025-11-11T09:12:15+00:00\",\"dateModified\":\"2026-05-09T08:33:52+00:00\",\"description\":\"D\u00e9couvrez la Brooks Ghost Trail : une chaussure de trail running polyvalente, amortissante et respirante, id\u00e9ale pour affronter en toute confiance les routes et les sentiers.\",\"breadcrumb\":{\"@id\":\"https:\/\/www.miomiorun.com\/fr\/produit\/ghost-trail-femme\/#breadcrumb\"},\"inLanguage\":\"fr-FR\",\"potentialAction\":[{\"@type\":\"ReadAction\",\"target\":[\"https:\/\/www.miomiorun.com\/fr\/produit\/ghost-trail-femme\/\"]}]},{\"@type\":\"ImageObject\",\"inLanguage\":\"fr-FR\",\"@id\":\"https:\/\/www.miomiorun.com\/fr\/produit\/ghost-trail-femme\/#primaryimage\",\"url\":\"https:\/\/www.miomiorun.com\/app\/uploads\/2025\/11\/brooks-Ghost-Trail-W-sand-star-white-golden-hou-1204641B222.webp\",\"contentUrl\":\"https:\/\/www.miomiorun.com\/app\/uploads\/2025\/11\/brooks-Ghost-Trail-W-sand-star-white-golden-hou-1204641B222.webp\",\"width\":720,\"height\":720,\"caption\":\"brooks Ghost Trail W sand star white golden hou 1204641B222\"},{\"@type\":\"BreadcrumbList\",\"@id\":\"https:\/\/www.miomiorun.com\/fr\/produit\/ghost-trail-femme\/#breadcrumb\",\"itemListElement\":[{\"@type\":\"ListItem\",\"position\":1,\"name\":\"Home\",\"item\":\"https:\/\/www.miomiorun.com\/fr\/home-page\/\"},{\"@type\":\"ListItem\",\"position\":2,\"name\":\"Shop\",\"item\":\"https:\/\/www.miomiorun.com\/shop\/\"},{\"@type\":\"ListItem\",\"position\":3,\"name\":\"Ghost Trail femme\"}]},{\"@type\":\"WebSite\",\"@id\":\"https:\/\/www.miomiorun.com\/fr\/#website\",\"url\":\"https:\/\/www.miomiorun.com\/fr\/\",\"name\":\"MioMioRun\",\"description\":\"Boutique 100% running et trail\",\"publisher\":{\"@id\":\"https:\/\/www.miomiorun.com\/fr\/#organization\"},\"potentialAction\":[{\"@type\":\"SearchAction\",\"target\":{\"@type\":\"EntryPoint\",\"urlTemplate\":\"https:\/\/www.miomiorun.com\/fr\/?s={search_term_string}\"},\"query-input\":{\"@type\":\"PropertyValueSpecification\",\"valueRequired\":true,\"valueName\":\"search_term_string\"}}],\"inLanguage\":\"fr-FR\"},{\"@type\":\"Organization\",\"@id\":\"https:\/\/www.miomiorun.com\/fr\/#organization\",\"name\":\"MioMio Run\",\"url\":\"https:\/\/www.miomiorun.com\/fr\/\",\"logo\":{\"@type\":\"ImageObject\",\"inLanguage\":\"fr-FR\",\"@id\":\"https:\/\/www.miomiorun.com\/fr\/#\/schema\/logo\/image\/\",\"url\":\"https:\/\/www.miomiorun.com\/app\/uploads\/2019\/12\/logomio.png\",\"contentUrl\":\"https:\/\/www.miomiorun.com\/app\/uploads\/2019\/12\/logomio.png\",\"width\":115,\"height\":82,\"caption\":\"MioMio Run\"},\"image\":{\"@id\":\"https:\/\/www.miomiorun.com\/fr\/#\/schema\/logo\/image\/\"},\"sameAs\":[\"https:\/\/www.facebook.com\/miomiorun\/\",\"https:\/\/www.instagram.com\/miomiorun\/\"]}]}<\/script>\n<!-- \/ Yoast SEO plugin. -->","yoast_head_json":{"title":"Brooks Ghost Trail femme - chaussures de trail running- MioMioRun.com","description":"D\u00e9couvrez la Brooks Ghost Trail : une chaussure de trail running polyvalente, amortissante et respirante, id\u00e9ale pour affronter en toute confiance les routes et les sentiers.","robots":{"index":"index","follow":"follow","max-snippet":"max-snippet:-1","max-image-preview":"max-image-preview:large","max-video-preview":"max-video-preview:-1"},"canonical":"https:\/\/www.miomiorun.com\/fr\/produit\/ghost-trail-femme\/","og_locale":"fr_FR","og_type":"article","og_title":"Brooks Ghost Trail femme - chaussures de trail running- MioMioRun.com","og_description":"D\u00e9couvrez la Brooks Ghost Trail : une chaussure de trail running polyvalente, amortissante et respirante, id\u00e9ale pour affronter en toute confiance les routes et les sentiers.","og_url":"https:\/\/www.miomiorun.com\/fr\/produit\/ghost-trail-femme\/","og_site_name":"MioMioRun","article_publisher":"https:\/\/www.facebook.com\/miomiorun\/","article_modified_time":"2026-05-09T08:33:52+00:00","og_image":[{"width":720,"height":720,"url":"https:\/\/www.miomiorun.com\/app\/uploads\/2025\/11\/brooks-Ghost-Trail-W-sand-star-white-golden-hou-1204641B222.webp","type":"image\/webp"}],"twitter_card":"summary_large_image","twitter_misc":{"Est. reading time":"1 minute"},"schema":{"@context":"https:\/\/schema.org","@graph":[{"@type":"WebPage","@id":"https:\/\/www.miomiorun.com\/fr\/produit\/ghost-trail-femme\/","url":"https:\/\/www.miomiorun.com\/fr\/produit\/ghost-trail-femme\/","name":"Brooks Ghost Trail femme - chaussures de trail running- MioMioRun.com","isPartOf":{"@id":"https:\/\/www.miomiorun.com\/fr\/#website"},"primaryImageOfPage":{"@id":"https:\/\/www.miomiorun.com\/fr\/produit\/ghost-trail-femme\/#primaryimage"},"image":{"@id":"https:\/\/www.miomiorun.com\/fr\/produit\/ghost-trail-femme\/#primaryimage"},"thumbnailUrl":"https:\/\/www.miomiorun.com\/app\/uploads\/2025\/11\/brooks-Ghost-Trail-W-sand-star-white-golden-hou-1204641B222.webp","datePublished":"2025-11-11T09:12:15+00:00","dateModified":"2026-05-09T08:33:52+00:00","description":"D\u00e9couvrez la Brooks Ghost Trail : une chaussure de trail running polyvalente, amortissante et respirante, id\u00e9ale pour affronter en toute confiance les routes et les sentiers.","breadcrumb":{"@id":"https:\/\/www.miomiorun.com\/fr\/produit\/ghost-trail-femme\/#breadcrumb"},"inLanguage":"fr-FR","potentialAction":[{"@type":"ReadAction","target":["https:\/\/www.miomiorun.com\/fr\/produit\/ghost-trail-femme\/"]}]},{"@type":"ImageObject","inLanguage":"fr-FR","@id":"https:\/\/www.miomiorun.com\/fr\/produit\/ghost-trail-femme\/#primaryimage","url":"https:\/\/www.miomiorun.com\/app\/uploads\/2025\/11\/brooks-Ghost-Trail-W-sand-star-white-golden-hou-1204641B222.webp","contentUrl":"https:\/\/www.miomiorun.com\/app\/uploads\/2025\/11\/brooks-Ghost-Trail-W-sand-star-white-golden-hou-1204641B222.webp","width":720,"height":720,"caption":"brooks Ghost Trail W sand star white golden hou 1204641B222"},{"@type":"BreadcrumbList","@id":"https:\/\/www.miomiorun.com\/fr\/produit\/ghost-trail-femme\/#breadcrumb","itemListElement":[{"@type":"ListItem","position":1,"name":"Home","item":"https:\/\/www.miomiorun.com\/fr\/home-page\/"},{"@type":"ListItem","position":2,"name":"Shop","item":"https:\/\/www.miomiorun.com\/shop\/"},{"@type":"ListItem","position":3,"name":"Ghost Trail femme"}]},{"@type":"WebSite","@id":"https:\/\/www.miomiorun.com\/fr\/#website","url":"https:\/\/www.miomiorun.com\/fr\/","name":"MioMioRun","description":"Boutique 100% running et trail","publisher":{"@id":"https:\/\/www.miomiorun.com\/fr\/#organization"},"potentialAction":[{"@type":"SearchAction","target":{"@type":"EntryPoint","urlTemplate":"https:\/\/www.miomiorun.com\/fr\/?s={search_term_string}"},"query-input":{"@type":"PropertyValueSpecification","valueRequired":true,"valueName":"search_term_string"}}],"inLanguage":"fr-FR"},{"@type":"Organization","@id":"https:\/\/www.miomiorun.com\/fr\/#organization","name":"MioMio Run","url":"https:\/\/www.miomiorun.com\/fr\/","logo":{"@type":"ImageObject","inLanguage":"fr-FR","@id":"https:\/\/www.miomiorun.com\/fr\/#\/schema\/logo\/image\/","url":"https:\/\/www.miomiorun.com\/app\/uploads\/2019\/12\/logomio.png","contentUrl":"https:\/\/www.miomiorun.com\/app\/uploads\/2019\/12\/logomio.png","width":115,"height":82,"caption":"MioMio Run"},"image":{"@id":"https:\/\/www.miomiorun.com\/fr\/#\/schema\/logo\/image\/"},"sameAs":["https:\/\/www.facebook.com\/miomiorun\/","https:\/\/www.instagram.com\/miomiorun\/"]}]}},"_links":{"self":[{"href":"https:\/\/www.miomiorun.com\/fr\/wp-json\/wp\/v2\/product\/369149","targetHints":{"allow":["GET"]}}],"collection":[{"href":"https:\/\/www.miomiorun.com\/fr\/wp-json\/wp\/v2\/product"}],"about":[{"href":"https:\/\/www.miomiorun.com\/fr\/wp-json\/wp\/v2\/types\/product"}],"wp:featuredmedia":[{"embeddable":true,"href":"https:\/\/www.miomiorun.com\/fr\/wp-json\/wp\/v2\/media\/373232"}],"wp:attachment":[{"href":"https:\/\/www.miomiorun.com\/fr\/wp-json\/wp\/v2\/media?parent=369149"}],"wp:term":[{"taxonomy":"product_brand","embeddable":true,"href":"https:\/\/www.miomiorun.com\/fr\/wp-json\/wp\/v2\/product_brand?post=369149"},{"taxonomy":"product_cat","embeddable":true,"href":"https:\/\/www.miomiorun.com\/fr\/wp-json\/wp\/v2\/product_cat?post=369149"},{"taxonomy":"product_tag","embeddable":true,"href":"https:\/\/www.miomiorun.com\/fr\/wp-json\/wp\/v2\/product_tag?post=369149"}],"curies":[{"name":"wp","href":"https:\/\/api.w.org\/{rel}","templated":true}]}}