{"id":368977,"date":"2025-11-10T19:26:09","date_gmt":"2025-11-10T18:26:09","guid":{"rendered":"https:\/\/www.miomiorun.com\/?post_type=product&#038;p=368977"},"modified":"2026-04-17T10:21:28","modified_gmt":"2026-04-17T08:21:28","slug":"essence-wool-thermal-glove","status":"publish","type":"product","link":"https:\/\/www.miomiorun.com\/fr\/produit\/essence-wool-thermal-glove\/","title":{"rendered":"Essence wool thermal glove"},"content":{"rendered":"<p>Essence Wool Light Glove est un gant fin en laine con\u00e7u pour l&#8217;entra\u00eenement et l&#8217;usage quotidien pendant la saison froide. Son tissu l\u00e9ger et extensible en laine m\u00e9rinos garantit une excellente chaleur et un ajustement parfait. Par temps tr\u00e8s froid, il peut \u00eatre port\u00e9 sous un gant plus \u00e9pais pour offrir une isolation suppl\u00e9mentaire.<\/p>\n<p>\u2022 Tissu fin et doux en laine m\u00e9rinos (95 %) et \u00e9lasthanne (5 %)<br \/>\n\u2022 Tissu \u00e9lastique \u00e0 couche unique<\/p>\n<p>&nbsp;<\/p>\n<p>&nbsp;<\/p>\n<p>&nbsp;<\/p>\n<p>&nbsp;<\/p>\n<p>&nbsp;<\/p>\n<p dir=\"ltr\" data-placeholder=\"Traduzione\">\n","protected":false},"excerpt":{"rendered":"<ul>\n<li data-start=\"1194\" data-end=\"1242\">\n<p data-start=\"1196\" data-end=\"1242\">Gants l\u00e9gers et ajust\u00e9s en <strong data-start=\"1225\" data-end=\"1240\">laine m\u00e9rinos<\/strong><\/p>\n<\/li>\n<li data-start=\"1363\" data-end=\"1434\">\n<p data-start=\"1365\" data-end=\"1434\"><strong data-start=\"1365\" data-end=\"1407\">Tissu extensible \u00e0 couche unique<\/strong> pour une libert\u00e9 de mouvement optimale<\/p>\n<\/li>\n<li data-start=\"1435\" data-end=\"1490\">\n<p data-start=\"1437\" data-end=\"1490\">Id\u00e9aux pour <strong data-start=\"1448\" data-end=\"1488\">les entra\u00eenements en ext\u00e9rieur et un usage quotidien<\/strong><\/p>\n<\/li>\n<li data-start=\"1491\" data-end=\"1552\">\n<p data-start=\"1493\" data-end=\"1552\">Peuvent \u00eatre utilis\u00e9s comme <strong data-start=\"1511\" data-end=\"1526\">sous-gants<\/strong> pour une meilleure isolation<\/p>\n<\/li>\n<\/ul>\n","protected":false},"featured_media":369062,"template":"","meta":{"_acf_changed":false,"inline_featured_image":false},"product_brand":[],"product_cat":[22581,22538],"product_tag":[23554,23648,23647],"class_list":{"0":"post-368977","1":"product","2":"type-product","3":"status-publish","4":"has-post-thumbnail","6":"product_cat-gants","7":"product_cat-accessoires","8":"product_tag-craft-fr","9":"product_tag-craft-femme","10":"product_tag-craft-homme","11":"pa_attivita-marcher","12":"pa_attivita-outdoor-fr","13":"pa_attivita-running-fr","14":"pa_attivita-trail-fr","15":"pa_colore-essence-wool-thermal-glove-black-fr","16":"pa_marca-craft-fr","17":"pa_sesso-femme","18":"pa_sesso-homme","19":"pa_size-extra-small-fr","20":"pa_size-small-fr","21":"pa_size-medium-fr","22":"pa_size-large-fr","23":"pa_size-extra-large-fr","24":"pa_size-xxl-fr","26":"first","27":"instock","28":"sale","29":"taxable","30":"shipping-taxable","31":"purchasable","32":"product-type-variable","33":"wvs-archive-product-wrapper"},"acf":[],"yoast_head":"<!-- This site is optimized with the Yoast SEO plugin v26.8 - https:\/\/yoast.com\/product\/yoast-seo-wordpress\/ -->\n<title>Craft Essence wool thermal glove - Gants de course- MioMioRun<\/title>\n<meta name=\"description\" content=\"Essence Wool Light Glove : gants l\u00e9gers en laine m\u00e9rinos, chauds, doux et ajust\u00e9s. Parfaits pour l&#039;entra\u00eenement et un usage quotidien en hiver.\" \/>\n<meta name=\"robots\" content=\"index, follow, max-snippet:-1, max-image-preview:large, max-video-preview:-1\" \/>\n<link rel=\"canonical\" href=\"https:\/\/www.miomiorun.com\/fr\/produit\/essence-wool-thermal-glove\/\" \/>\n<meta property=\"og:locale\" content=\"fr_FR\" \/>\n<meta property=\"og:type\" content=\"article\" \/>\n<meta property=\"og:title\" content=\"Craft Essence wool thermal glove - Gants de course- MioMioRun\" \/>\n<meta property=\"og:description\" content=\"Essence Wool Light Glove : gants l\u00e9gers en laine m\u00e9rinos, chauds, doux et ajust\u00e9s. Parfaits pour l&#039;entra\u00eenement et un usage quotidien en hiver.\" \/>\n<meta property=\"og:url\" content=\"https:\/\/www.miomiorun.com\/fr\/produit\/essence-wool-thermal-glove\/\" \/>\n<meta property=\"og:site_name\" content=\"MioMioRun\" \/>\n<meta property=\"article:publisher\" content=\"https:\/\/www.facebook.com\/miomiorun\/\" \/>\n<meta property=\"article:modified_time\" content=\"2026-04-17T08:21:28+00:00\" \/>\n<meta property=\"og:image\" content=\"https:\/\/www.miomiorun.com\/app\/uploads\/2025\/11\/craft-Essence-wool-thermal-glove-black-1916634-999000.webp\" \/>\n\t<meta property=\"og:image:width\" content=\"720\" \/>\n\t<meta property=\"og:image:height\" content=\"720\" \/>\n\t<meta property=\"og:image:type\" content=\"image\/webp\" \/>\n<meta name=\"twitter:card\" content=\"summary_large_image\" \/>\n<script type=\"application\/ld+json\" class=\"yoast-schema-graph\">{\"@context\":\"https:\/\/schema.org\",\"@graph\":[{\"@type\":\"WebPage\",\"@id\":\"https:\/\/www.miomiorun.com\/fr\/produit\/essence-wool-thermal-glove\/\",\"url\":\"https:\/\/www.miomiorun.com\/fr\/produit\/essence-wool-thermal-glove\/\",\"name\":\"Craft Essence wool thermal glove - Gants de course- MioMioRun\",\"isPartOf\":{\"@id\":\"https:\/\/www.miomiorun.com\/fr\/#website\"},\"primaryImageOfPage\":{\"@id\":\"https:\/\/www.miomiorun.com\/fr\/produit\/essence-wool-thermal-glove\/#primaryimage\"},\"image\":{\"@id\":\"https:\/\/www.miomiorun.com\/fr\/produit\/essence-wool-thermal-glove\/#primaryimage\"},\"thumbnailUrl\":\"https:\/\/www.miomiorun.com\/app\/uploads\/2025\/11\/craft-Essence-wool-thermal-glove-black-1916634-999000.webp\",\"datePublished\":\"2025-11-10T18:26:09+00:00\",\"dateModified\":\"2026-04-17T08:21:28+00:00\",\"description\":\"Essence Wool Light Glove : gants l\u00e9gers en laine m\u00e9rinos, chauds, doux et ajust\u00e9s. Parfaits pour l'entra\u00eenement et un usage quotidien en hiver.\",\"breadcrumb\":{\"@id\":\"https:\/\/www.miomiorun.com\/fr\/produit\/essence-wool-thermal-glove\/#breadcrumb\"},\"inLanguage\":\"fr-FR\",\"potentialAction\":[{\"@type\":\"ReadAction\",\"target\":[\"https:\/\/www.miomiorun.com\/fr\/produit\/essence-wool-thermal-glove\/\"]}]},{\"@type\":\"ImageObject\",\"inLanguage\":\"fr-FR\",\"@id\":\"https:\/\/www.miomiorun.com\/fr\/produit\/essence-wool-thermal-glove\/#primaryimage\",\"url\":\"https:\/\/www.miomiorun.com\/app\/uploads\/2025\/11\/craft-Essence-wool-thermal-glove-black-1916634-999000.webp\",\"contentUrl\":\"https:\/\/www.miomiorun.com\/app\/uploads\/2025\/11\/craft-Essence-wool-thermal-glove-black-1916634-999000.webp\",\"width\":720,\"height\":720,\"caption\":\"craft Essence wool thermal glove black 1916634-999000\"},{\"@type\":\"BreadcrumbList\",\"@id\":\"https:\/\/www.miomiorun.com\/fr\/produit\/essence-wool-thermal-glove\/#breadcrumb\",\"itemListElement\":[{\"@type\":\"ListItem\",\"position\":1,\"name\":\"Home\",\"item\":\"https:\/\/www.miomiorun.com\/fr\/home-page\/\"},{\"@type\":\"ListItem\",\"position\":2,\"name\":\"Shop\",\"item\":\"https:\/\/www.miomiorun.com\/shop\/\"},{\"@type\":\"ListItem\",\"position\":3,\"name\":\"Essence wool thermal glove\"}]},{\"@type\":\"WebSite\",\"@id\":\"https:\/\/www.miomiorun.com\/fr\/#website\",\"url\":\"https:\/\/www.miomiorun.com\/fr\/\",\"name\":\"MioMioRun\",\"description\":\"Boutique 100% running et trail\",\"publisher\":{\"@id\":\"https:\/\/www.miomiorun.com\/fr\/#organization\"},\"potentialAction\":[{\"@type\":\"SearchAction\",\"target\":{\"@type\":\"EntryPoint\",\"urlTemplate\":\"https:\/\/www.miomiorun.com\/fr\/?s={search_term_string}\"},\"query-input\":{\"@type\":\"PropertyValueSpecification\",\"valueRequired\":true,\"valueName\":\"search_term_string\"}}],\"inLanguage\":\"fr-FR\"},{\"@type\":\"Organization\",\"@id\":\"https:\/\/www.miomiorun.com\/fr\/#organization\",\"name\":\"MioMio Run\",\"url\":\"https:\/\/www.miomiorun.com\/fr\/\",\"logo\":{\"@type\":\"ImageObject\",\"inLanguage\":\"fr-FR\",\"@id\":\"https:\/\/www.miomiorun.com\/fr\/#\/schema\/logo\/image\/\",\"url\":\"https:\/\/www.miomiorun.com\/app\/uploads\/2019\/12\/logomio.png\",\"contentUrl\":\"https:\/\/www.miomiorun.com\/app\/uploads\/2019\/12\/logomio.png\",\"width\":115,\"height\":82,\"caption\":\"MioMio Run\"},\"image\":{\"@id\":\"https:\/\/www.miomiorun.com\/fr\/#\/schema\/logo\/image\/\"},\"sameAs\":[\"https:\/\/www.facebook.com\/miomiorun\/\",\"https:\/\/www.instagram.com\/miomiorun\/\"]}]}<\/script>\n<!-- \/ Yoast SEO plugin. -->","yoast_head_json":{"title":"Craft Essence wool thermal glove - Gants de course- MioMioRun","description":"Essence Wool Light Glove : gants l\u00e9gers en laine m\u00e9rinos, chauds, doux et ajust\u00e9s. Parfaits pour l'entra\u00eenement et un usage quotidien en hiver.","robots":{"index":"index","follow":"follow","max-snippet":"max-snippet:-1","max-image-preview":"max-image-preview:large","max-video-preview":"max-video-preview:-1"},"canonical":"https:\/\/www.miomiorun.com\/fr\/produit\/essence-wool-thermal-glove\/","og_locale":"fr_FR","og_type":"article","og_title":"Craft Essence wool thermal glove - Gants de course- MioMioRun","og_description":"Essence Wool Light Glove : gants l\u00e9gers en laine m\u00e9rinos, chauds, doux et ajust\u00e9s. Parfaits pour l'entra\u00eenement et un usage quotidien en hiver.","og_url":"https:\/\/www.miomiorun.com\/fr\/produit\/essence-wool-thermal-glove\/","og_site_name":"MioMioRun","article_publisher":"https:\/\/www.facebook.com\/miomiorun\/","article_modified_time":"2026-04-17T08:21:28+00:00","og_image":[{"width":720,"height":720,"url":"https:\/\/www.miomiorun.com\/app\/uploads\/2025\/11\/craft-Essence-wool-thermal-glove-black-1916634-999000.webp","type":"image\/webp"}],"twitter_card":"summary_large_image","schema":{"@context":"https:\/\/schema.org","@graph":[{"@type":"WebPage","@id":"https:\/\/www.miomiorun.com\/fr\/produit\/essence-wool-thermal-glove\/","url":"https:\/\/www.miomiorun.com\/fr\/produit\/essence-wool-thermal-glove\/","name":"Craft Essence wool thermal glove - Gants de course- MioMioRun","isPartOf":{"@id":"https:\/\/www.miomiorun.com\/fr\/#website"},"primaryImageOfPage":{"@id":"https:\/\/www.miomiorun.com\/fr\/produit\/essence-wool-thermal-glove\/#primaryimage"},"image":{"@id":"https:\/\/www.miomiorun.com\/fr\/produit\/essence-wool-thermal-glove\/#primaryimage"},"thumbnailUrl":"https:\/\/www.miomiorun.com\/app\/uploads\/2025\/11\/craft-Essence-wool-thermal-glove-black-1916634-999000.webp","datePublished":"2025-11-10T18:26:09+00:00","dateModified":"2026-04-17T08:21:28+00:00","description":"Essence Wool Light Glove : gants l\u00e9gers en laine m\u00e9rinos, chauds, doux et ajust\u00e9s. Parfaits pour l'entra\u00eenement et un usage quotidien en hiver.","breadcrumb":{"@id":"https:\/\/www.miomiorun.com\/fr\/produit\/essence-wool-thermal-glove\/#breadcrumb"},"inLanguage":"fr-FR","potentialAction":[{"@type":"ReadAction","target":["https:\/\/www.miomiorun.com\/fr\/produit\/essence-wool-thermal-glove\/"]}]},{"@type":"ImageObject","inLanguage":"fr-FR","@id":"https:\/\/www.miomiorun.com\/fr\/produit\/essence-wool-thermal-glove\/#primaryimage","url":"https:\/\/www.miomiorun.com\/app\/uploads\/2025\/11\/craft-Essence-wool-thermal-glove-black-1916634-999000.webp","contentUrl":"https:\/\/www.miomiorun.com\/app\/uploads\/2025\/11\/craft-Essence-wool-thermal-glove-black-1916634-999000.webp","width":720,"height":720,"caption":"craft Essence wool thermal glove black 1916634-999000"},{"@type":"BreadcrumbList","@id":"https:\/\/www.miomiorun.com\/fr\/produit\/essence-wool-thermal-glove\/#breadcrumb","itemListElement":[{"@type":"ListItem","position":1,"name":"Home","item":"https:\/\/www.miomiorun.com\/fr\/home-page\/"},{"@type":"ListItem","position":2,"name":"Shop","item":"https:\/\/www.miomiorun.com\/shop\/"},{"@type":"ListItem","position":3,"name":"Essence wool thermal glove"}]},{"@type":"WebSite","@id":"https:\/\/www.miomiorun.com\/fr\/#website","url":"https:\/\/www.miomiorun.com\/fr\/","name":"MioMioRun","description":"Boutique 100% running et trail","publisher":{"@id":"https:\/\/www.miomiorun.com\/fr\/#organization"},"potentialAction":[{"@type":"SearchAction","target":{"@type":"EntryPoint","urlTemplate":"https:\/\/www.miomiorun.com\/fr\/?s={search_term_string}"},"query-input":{"@type":"PropertyValueSpecification","valueRequired":true,"valueName":"search_term_string"}}],"inLanguage":"fr-FR"},{"@type":"Organization","@id":"https:\/\/www.miomiorun.com\/fr\/#organization","name":"MioMio Run","url":"https:\/\/www.miomiorun.com\/fr\/","logo":{"@type":"ImageObject","inLanguage":"fr-FR","@id":"https:\/\/www.miomiorun.com\/fr\/#\/schema\/logo\/image\/","url":"https:\/\/www.miomiorun.com\/app\/uploads\/2019\/12\/logomio.png","contentUrl":"https:\/\/www.miomiorun.com\/app\/uploads\/2019\/12\/logomio.png","width":115,"height":82,"caption":"MioMio Run"},"image":{"@id":"https:\/\/www.miomiorun.com\/fr\/#\/schema\/logo\/image\/"},"sameAs":["https:\/\/www.facebook.com\/miomiorun\/","https:\/\/www.instagram.com\/miomiorun\/"]}]}},"_links":{"self":[{"href":"https:\/\/www.miomiorun.com\/fr\/wp-json\/wp\/v2\/product\/368977","targetHints":{"allow":["GET"]}}],"collection":[{"href":"https:\/\/www.miomiorun.com\/fr\/wp-json\/wp\/v2\/product"}],"about":[{"href":"https:\/\/www.miomiorun.com\/fr\/wp-json\/wp\/v2\/types\/product"}],"wp:featuredmedia":[{"embeddable":true,"href":"https:\/\/www.miomiorun.com\/fr\/wp-json\/wp\/v2\/media\/369062"}],"wp:attachment":[{"href":"https:\/\/www.miomiorun.com\/fr\/wp-json\/wp\/v2\/media?parent=368977"}],"wp:term":[{"taxonomy":"product_brand","embeddable":true,"href":"https:\/\/www.miomiorun.com\/fr\/wp-json\/wp\/v2\/product_brand?post=368977"},{"taxonomy":"product_cat","embeddable":true,"href":"https:\/\/www.miomiorun.com\/fr\/wp-json\/wp\/v2\/product_cat?post=368977"},{"taxonomy":"product_tag","embeddable":true,"href":"https:\/\/www.miomiorun.com\/fr\/wp-json\/wp\/v2\/product_tag?post=368977"}],"curies":[{"name":"wp","href":"https:\/\/api.w.org\/{rel}","templated":true}]}}