{"id":368839,"date":"2025-11-10T18:42:59","date_gmt":"2025-11-10T17:42:59","guid":{"rendered":"https:\/\/www.miomiorun.com\/?post_type=product&#038;p=368839"},"modified":"2026-05-09T10:23:49","modified_gmt":"2026-05-09T08:23:49","slug":"pulse-hooded-pull-homme","status":"publish","type":"product","link":"https:\/\/www.miomiorun.com\/fr\/produit\/pulse-hooded-pull-homme\/","title":{"rendered":"Pulse hooded pull homme"},"content":{"rendered":"<p data-start=\"257\" data-end=\"665\">Ce <strong data-start=\"292\" data-end=\"337\">sweat technique \u00e0 capuche et fermeture \u00e9clair pour homme<\/strong> est une <strong data-start=\"344\" data-end=\"375\">couche interm\u00e9diaire polyvalente<\/strong> con\u00e7ue pour affronter les basses temp\u00e9ratures avec confort, protection et style. Id\u00e9ale pour une large gamme d&#8217;<strong data-start=\"483\" data-end=\"525\">activit\u00e9s de plein air et de loisirs<\/strong>, elle allie <strong data-start=\"534\" data-end=\"566\">des performances thermiques \u00e9lev\u00e9es<\/strong> \u00e0 une <strong data-start=\"573\" data-end=\"597\">coupe dynamique<\/strong>, parfaite pour ceux qui vivent la montagne et la ville avec un esprit actif.<\/p>\n<p data-start=\"667\" data-end=\"1072\">Fabriqu\u00e9e en <strong data-start=\"681\" data-end=\"727\">polaire power-stretch en polyester recycl\u00e9<\/strong>, elle offre une <strong data-start=\"735\" data-end=\"778\">\u00e9lasticit\u00e9, une isolation et une respirabilit\u00e9<\/strong> optimales. L&#8217;<strong data-start=\"792\" data-end=\"812\">envers gratt\u00e9<\/strong> augmente la chaleur, tandis que la structure <strong data-start=\"852\" data-end=\"897\">\u00e0 s\u00e9chage rapide et avec protection UV<\/strong> maintient la peau s\u00e8che et prot\u00e9g\u00e9e m\u00eame pendant les activit\u00e9s les plus intenses. Le v\u00eatement r\u00e9siste \u00e0 l&#8217;usure et au boulochage, garantissant <strong data-start=\"1026\" data-end=\"1059\">durabilit\u00e9 et libert\u00e9 de mouvement<\/strong> dans le temps.<\/p>\n<p data-start=\"1074\" data-end=\"1304\">Le design est compl\u00e9t\u00e9 par une <strong data-start=\"1098\" data-end=\"1131\">doublure partielle en polyester<\/strong> pour plus de confort, des <strong data-start=\"1157\" data-end=\"1177\">finitions extensibles<\/strong> sur la capuche, les poignets et le bas pour un ajustement s\u00fbr et des <strong data-start=\"1237\" data-end=\"1264\">poches lat\u00e9rales zipp\u00e9es<\/strong> pour ranger les objets essentiels.<\/p>\n<div class=\"attribute_container tw-pb-24 last-of-type:tw-pb-0\">\n<div class=\"content__image-wrapper tw-w-fit \"><\/div>\n<\/div>\n<div class=\"attribute_container tw-pb-24 last-of-type:tw-pb-0\">\n<p class=\"tw-text-greyish-brown tw-text-xs tw-pt-[0.4rem]\">\n<\/div><\/p>\n","protected":false},"excerpt":{"rendered":"<ul>\n<li data-start=\"1520\" data-end=\"1574\">\n<p data-start=\"1522\" data-end=\"1574\">Polaire power-stretch en polyester recycl\u00e9<\/p>\n<\/li>\n<li data-start=\"1575\" data-end=\"1633\">\n<p data-start=\"1577\" data-end=\"1633\">Respirant, s\u00e9chage rapide et protection UV<\/p>\n<\/li>\n<li data-start=\"1634\" data-end=\"1696\">\n<p data-start=\"1636\" data-end=\"1696\">R\u00e9sistant au boulochage et \u00e0 l&#8217;usure pour des performances durables<\/p>\n<\/li>\n<\/ul>\n","protected":false},"featured_media":369051,"template":"","meta":{"_acf_changed":false,"inline_featured_image":false},"product_brand":[],"product_cat":[24478,24482],"product_tag":[23512,23524],"class_list":{"0":"post-368839","1":"product","2":"type-product","3":"status-publish","4":"has-post-thumbnail","6":"product_cat-maillots-fr-2","7":"product_cat-vetements-pour-hommes-fr","8":"product_tag-montura-fr","9":"product_tag-montura-homme","10":"pa_attivita-marcher","11":"pa_attivita-outdoor-fr","12":"pa_colore-pulse-hooded-maglia-mustard-fr","13":"pa_marca-montura-fr","14":"pa_sesso-homme","15":"pa_size-large-fr","17":"first","18":"instock","19":"sale","20":"taxable","21":"shipping-taxable","22":"purchasable","23":"product-type-variable","24":"wvs-archive-product-wrapper"},"acf":[],"yoast_head":"<!-- This site is optimized with the Yoast SEO plugin v26.8 - https:\/\/yoast.com\/product\/yoast-seo-wordpress\/ -->\n<title>Montura Pulse hooded pull homme - Pull de randonn\u00e9e- MioMioRun<\/title>\n<meta name=\"description\" content=\"Sweat technique pour homme en polaire power-stretch recycl\u00e9e. Chaud, respirant et r\u00e9sistant, id\u00e9al comme couche interm\u00e9diaire pour les activit\u00e9s de plein air et les loisirs.\" \/>\n<meta name=\"robots\" content=\"index, follow, max-snippet:-1, max-image-preview:large, max-video-preview:-1\" \/>\n<link rel=\"canonical\" href=\"https:\/\/www.miomiorun.com\/fr\/produit\/pulse-hooded-pull-homme\/\" \/>\n<meta property=\"og:locale\" content=\"fr_FR\" \/>\n<meta property=\"og:type\" content=\"article\" \/>\n<meta property=\"og:title\" content=\"Montura Pulse hooded pull homme - Pull de randonn\u00e9e- MioMioRun\" \/>\n<meta property=\"og:description\" content=\"Sweat technique pour homme en polaire power-stretch recycl\u00e9e. Chaud, respirant et r\u00e9sistant, id\u00e9al comme couche interm\u00e9diaire pour les activit\u00e9s de plein air et les loisirs.\" \/>\n<meta property=\"og:url\" content=\"https:\/\/www.miomiorun.com\/fr\/produit\/pulse-hooded-pull-homme\/\" \/>\n<meta property=\"og:site_name\" content=\"MioMioRun\" \/>\n<meta property=\"article:publisher\" content=\"https:\/\/www.facebook.com\/miomiorun\/\" \/>\n<meta property=\"article:modified_time\" content=\"2026-05-09T08:23:49+00:00\" \/>\n<meta property=\"og:image\" content=\"https:\/\/www.miomiorun.com\/app\/uploads\/2025\/11\/montura-Pulse-hooded-maglia-mustard-MMAP82X.348.webp\" \/>\n\t<meta property=\"og:image:width\" content=\"720\" \/>\n\t<meta property=\"og:image:height\" content=\"720\" \/>\n\t<meta property=\"og:image:type\" content=\"image\/webp\" \/>\n<meta name=\"twitter:card\" content=\"summary_large_image\" \/>\n<meta name=\"twitter:label1\" content=\"Est. reading time\" \/>\n\t<meta name=\"twitter:data1\" content=\"1 minute\" \/>\n<script type=\"application\/ld+json\" class=\"yoast-schema-graph\">{\"@context\":\"https:\/\/schema.org\",\"@graph\":[{\"@type\":\"WebPage\",\"@id\":\"https:\/\/www.miomiorun.com\/fr\/produit\/pulse-hooded-pull-homme\/\",\"url\":\"https:\/\/www.miomiorun.com\/fr\/produit\/pulse-hooded-pull-homme\/\",\"name\":\"Montura Pulse hooded pull homme - Pull de randonn\u00e9e- MioMioRun\",\"isPartOf\":{\"@id\":\"https:\/\/www.miomiorun.com\/fr\/#website\"},\"primaryImageOfPage\":{\"@id\":\"https:\/\/www.miomiorun.com\/fr\/produit\/pulse-hooded-pull-homme\/#primaryimage\"},\"image\":{\"@id\":\"https:\/\/www.miomiorun.com\/fr\/produit\/pulse-hooded-pull-homme\/#primaryimage\"},\"thumbnailUrl\":\"https:\/\/www.miomiorun.com\/app\/uploads\/2025\/11\/montura-Pulse-hooded-maglia-mustard-MMAP82X.348.webp\",\"datePublished\":\"2025-11-10T17:42:59+00:00\",\"dateModified\":\"2026-05-09T08:23:49+00:00\",\"description\":\"Sweat technique pour homme en polaire power-stretch recycl\u00e9e. Chaud, respirant et r\u00e9sistant, id\u00e9al comme couche interm\u00e9diaire pour les activit\u00e9s de plein air et les loisirs.\",\"breadcrumb\":{\"@id\":\"https:\/\/www.miomiorun.com\/fr\/produit\/pulse-hooded-pull-homme\/#breadcrumb\"},\"inLanguage\":\"fr-FR\",\"potentialAction\":[{\"@type\":\"ReadAction\",\"target\":[\"https:\/\/www.miomiorun.com\/fr\/produit\/pulse-hooded-pull-homme\/\"]}]},{\"@type\":\"ImageObject\",\"inLanguage\":\"fr-FR\",\"@id\":\"https:\/\/www.miomiorun.com\/fr\/produit\/pulse-hooded-pull-homme\/#primaryimage\",\"url\":\"https:\/\/www.miomiorun.com\/app\/uploads\/2025\/11\/montura-Pulse-hooded-maglia-mustard-MMAP82X.348.webp\",\"contentUrl\":\"https:\/\/www.miomiorun.com\/app\/uploads\/2025\/11\/montura-Pulse-hooded-maglia-mustard-MMAP82X.348.webp\",\"width\":720,\"height\":720,\"caption\":\"montura Pulse hooded maglia mustard MMAP82X.348\"},{\"@type\":\"BreadcrumbList\",\"@id\":\"https:\/\/www.miomiorun.com\/fr\/produit\/pulse-hooded-pull-homme\/#breadcrumb\",\"itemListElement\":[{\"@type\":\"ListItem\",\"position\":1,\"name\":\"Home\",\"item\":\"https:\/\/www.miomiorun.com\/fr\/home-page\/\"},{\"@type\":\"ListItem\",\"position\":2,\"name\":\"Shop\",\"item\":\"https:\/\/www.miomiorun.com\/shop\/\"},{\"@type\":\"ListItem\",\"position\":3,\"name\":\"Pulse hooded pull homme\"}]},{\"@type\":\"WebSite\",\"@id\":\"https:\/\/www.miomiorun.com\/fr\/#website\",\"url\":\"https:\/\/www.miomiorun.com\/fr\/\",\"name\":\"MioMioRun\",\"description\":\"Boutique 100% running et trail\",\"publisher\":{\"@id\":\"https:\/\/www.miomiorun.com\/fr\/#organization\"},\"potentialAction\":[{\"@type\":\"SearchAction\",\"target\":{\"@type\":\"EntryPoint\",\"urlTemplate\":\"https:\/\/www.miomiorun.com\/fr\/?s={search_term_string}\"},\"query-input\":{\"@type\":\"PropertyValueSpecification\",\"valueRequired\":true,\"valueName\":\"search_term_string\"}}],\"inLanguage\":\"fr-FR\"},{\"@type\":\"Organization\",\"@id\":\"https:\/\/www.miomiorun.com\/fr\/#organization\",\"name\":\"MioMio Run\",\"url\":\"https:\/\/www.miomiorun.com\/fr\/\",\"logo\":{\"@type\":\"ImageObject\",\"inLanguage\":\"fr-FR\",\"@id\":\"https:\/\/www.miomiorun.com\/fr\/#\/schema\/logo\/image\/\",\"url\":\"https:\/\/www.miomiorun.com\/app\/uploads\/2019\/12\/logomio.png\",\"contentUrl\":\"https:\/\/www.miomiorun.com\/app\/uploads\/2019\/12\/logomio.png\",\"width\":115,\"height\":82,\"caption\":\"MioMio Run\"},\"image\":{\"@id\":\"https:\/\/www.miomiorun.com\/fr\/#\/schema\/logo\/image\/\"},\"sameAs\":[\"https:\/\/www.facebook.com\/miomiorun\/\",\"https:\/\/www.instagram.com\/miomiorun\/\"]}]}<\/script>\n<!-- \/ Yoast SEO plugin. -->","yoast_head_json":{"title":"Montura Pulse hooded pull homme - Pull de randonn\u00e9e- MioMioRun","description":"Sweat technique pour homme en polaire power-stretch recycl\u00e9e. Chaud, respirant et r\u00e9sistant, id\u00e9al comme couche interm\u00e9diaire pour les activit\u00e9s de plein air et les loisirs.","robots":{"index":"index","follow":"follow","max-snippet":"max-snippet:-1","max-image-preview":"max-image-preview:large","max-video-preview":"max-video-preview:-1"},"canonical":"https:\/\/www.miomiorun.com\/fr\/produit\/pulse-hooded-pull-homme\/","og_locale":"fr_FR","og_type":"article","og_title":"Montura Pulse hooded pull homme - Pull de randonn\u00e9e- MioMioRun","og_description":"Sweat technique pour homme en polaire power-stretch recycl\u00e9e. Chaud, respirant et r\u00e9sistant, id\u00e9al comme couche interm\u00e9diaire pour les activit\u00e9s de plein air et les loisirs.","og_url":"https:\/\/www.miomiorun.com\/fr\/produit\/pulse-hooded-pull-homme\/","og_site_name":"MioMioRun","article_publisher":"https:\/\/www.facebook.com\/miomiorun\/","article_modified_time":"2026-05-09T08:23:49+00:00","og_image":[{"width":720,"height":720,"url":"https:\/\/www.miomiorun.com\/app\/uploads\/2025\/11\/montura-Pulse-hooded-maglia-mustard-MMAP82X.348.webp","type":"image\/webp"}],"twitter_card":"summary_large_image","twitter_misc":{"Est. reading time":"1 minute"},"schema":{"@context":"https:\/\/schema.org","@graph":[{"@type":"WebPage","@id":"https:\/\/www.miomiorun.com\/fr\/produit\/pulse-hooded-pull-homme\/","url":"https:\/\/www.miomiorun.com\/fr\/produit\/pulse-hooded-pull-homme\/","name":"Montura Pulse hooded pull homme - Pull de randonn\u00e9e- MioMioRun","isPartOf":{"@id":"https:\/\/www.miomiorun.com\/fr\/#website"},"primaryImageOfPage":{"@id":"https:\/\/www.miomiorun.com\/fr\/produit\/pulse-hooded-pull-homme\/#primaryimage"},"image":{"@id":"https:\/\/www.miomiorun.com\/fr\/produit\/pulse-hooded-pull-homme\/#primaryimage"},"thumbnailUrl":"https:\/\/www.miomiorun.com\/app\/uploads\/2025\/11\/montura-Pulse-hooded-maglia-mustard-MMAP82X.348.webp","datePublished":"2025-11-10T17:42:59+00:00","dateModified":"2026-05-09T08:23:49+00:00","description":"Sweat technique pour homme en polaire power-stretch recycl\u00e9e. Chaud, respirant et r\u00e9sistant, id\u00e9al comme couche interm\u00e9diaire pour les activit\u00e9s de plein air et les loisirs.","breadcrumb":{"@id":"https:\/\/www.miomiorun.com\/fr\/produit\/pulse-hooded-pull-homme\/#breadcrumb"},"inLanguage":"fr-FR","potentialAction":[{"@type":"ReadAction","target":["https:\/\/www.miomiorun.com\/fr\/produit\/pulse-hooded-pull-homme\/"]}]},{"@type":"ImageObject","inLanguage":"fr-FR","@id":"https:\/\/www.miomiorun.com\/fr\/produit\/pulse-hooded-pull-homme\/#primaryimage","url":"https:\/\/www.miomiorun.com\/app\/uploads\/2025\/11\/montura-Pulse-hooded-maglia-mustard-MMAP82X.348.webp","contentUrl":"https:\/\/www.miomiorun.com\/app\/uploads\/2025\/11\/montura-Pulse-hooded-maglia-mustard-MMAP82X.348.webp","width":720,"height":720,"caption":"montura Pulse hooded maglia mustard MMAP82X.348"},{"@type":"BreadcrumbList","@id":"https:\/\/www.miomiorun.com\/fr\/produit\/pulse-hooded-pull-homme\/#breadcrumb","itemListElement":[{"@type":"ListItem","position":1,"name":"Home","item":"https:\/\/www.miomiorun.com\/fr\/home-page\/"},{"@type":"ListItem","position":2,"name":"Shop","item":"https:\/\/www.miomiorun.com\/shop\/"},{"@type":"ListItem","position":3,"name":"Pulse hooded pull homme"}]},{"@type":"WebSite","@id":"https:\/\/www.miomiorun.com\/fr\/#website","url":"https:\/\/www.miomiorun.com\/fr\/","name":"MioMioRun","description":"Boutique 100% running et trail","publisher":{"@id":"https:\/\/www.miomiorun.com\/fr\/#organization"},"potentialAction":[{"@type":"SearchAction","target":{"@type":"EntryPoint","urlTemplate":"https:\/\/www.miomiorun.com\/fr\/?s={search_term_string}"},"query-input":{"@type":"PropertyValueSpecification","valueRequired":true,"valueName":"search_term_string"}}],"inLanguage":"fr-FR"},{"@type":"Organization","@id":"https:\/\/www.miomiorun.com\/fr\/#organization","name":"MioMio Run","url":"https:\/\/www.miomiorun.com\/fr\/","logo":{"@type":"ImageObject","inLanguage":"fr-FR","@id":"https:\/\/www.miomiorun.com\/fr\/#\/schema\/logo\/image\/","url":"https:\/\/www.miomiorun.com\/app\/uploads\/2019\/12\/logomio.png","contentUrl":"https:\/\/www.miomiorun.com\/app\/uploads\/2019\/12\/logomio.png","width":115,"height":82,"caption":"MioMio Run"},"image":{"@id":"https:\/\/www.miomiorun.com\/fr\/#\/schema\/logo\/image\/"},"sameAs":["https:\/\/www.facebook.com\/miomiorun\/","https:\/\/www.instagram.com\/miomiorun\/"]}]}},"_links":{"self":[{"href":"https:\/\/www.miomiorun.com\/fr\/wp-json\/wp\/v2\/product\/368839","targetHints":{"allow":["GET"]}}],"collection":[{"href":"https:\/\/www.miomiorun.com\/fr\/wp-json\/wp\/v2\/product"}],"about":[{"href":"https:\/\/www.miomiorun.com\/fr\/wp-json\/wp\/v2\/types\/product"}],"wp:featuredmedia":[{"embeddable":true,"href":"https:\/\/www.miomiorun.com\/fr\/wp-json\/wp\/v2\/media\/369051"}],"wp:attachment":[{"href":"https:\/\/www.miomiorun.com\/fr\/wp-json\/wp\/v2\/media?parent=368839"}],"wp:term":[{"taxonomy":"product_brand","embeddable":true,"href":"https:\/\/www.miomiorun.com\/fr\/wp-json\/wp\/v2\/product_brand?post=368839"},{"taxonomy":"product_cat","embeddable":true,"href":"https:\/\/www.miomiorun.com\/fr\/wp-json\/wp\/v2\/product_cat?post=368839"},{"taxonomy":"product_tag","embeddable":true,"href":"https:\/\/www.miomiorun.com\/fr\/wp-json\/wp\/v2\/product_tag?post=368839"}],"curies":[{"name":"wp","href":"https:\/\/api.w.org\/{rel}","templated":true}]}}