{"id":368749,"date":"2025-11-10T18:27:32","date_gmt":"2025-11-10T17:27:32","guid":{"rendered":"https:\/\/www.miomiorun.com\/?post_type=product&#038;p=368749"},"modified":"2026-05-09T10:23:36","modified_gmt":"2026-05-09T08:23:36","slug":"pulse-maillot-homme","status":"publish","type":"product","link":"https:\/\/www.miomiorun.com\/fr\/produit\/pulse-maillot-homme\/","title":{"rendered":"Pulse maillot homme"},"content":{"rendered":"<p data-start=\"197\" data-end=\"581\">Le <strong data-start=\"228\" data-end=\"244\">Pulse Maglia<\/strong> est un <strong data-start=\"250\" data-end=\"282\">polaire technique pour homme avec fermeture \u00e9clair<\/strong> con\u00e7u pour offrir <strong data-start=\"306\" data-end=\"364\">confort thermique, respirabilit\u00e9 et libert\u00e9 de mouvement<\/strong> dans une large gamme d&#8217;activit\u00e9s de plein air et de loisirs. Parfait comme <strong data-start=\"438\" data-end=\"459\">couche interm\u00e9diaire<\/strong> pendant les saisons froides, c&#8217;est un v\u00eatement fiable et \u00e9cologique, fabriqu\u00e9 en <strong data-start=\"532\" data-end=\"578\">polaire power-stretch en polyester recycl\u00e9<\/strong>.<\/p>\n<p data-start=\"583\" data-end=\"936\">Le tissu l\u00e9ger et r\u00e9sistant garantit <strong data-start=\"626\" data-end=\"657\">d&#8217;excellentes performances thermiques<\/strong> et une <strong data-start=\"664\" data-end=\"685\">grande durabilit\u00e9<\/strong>, tandis que l&#8217;int\u00e9rieur <strong data-start=\"704\" data-end=\"725\">bross\u00e9 et doux<\/strong> assure une sensation agr\u00e9able au contact de la peau. La grande \u00e9lasticit\u00e9 du mat\u00e9riau offre <strong data-start=\"826\" data-end=\"857\">des mouvements naturels et fluides<\/strong>, ce qui rend ce pull id\u00e9al aussi bien pour la randonn\u00e9e que pour un usage quotidien.<\/p>\n<p data-start=\"938\" data-end=\"1150\">Le mod\u00e8le comprend des <strong data-start=\"957\" data-end=\"984\">poignets et un bas extensibles<\/strong> pour retenir la chaleur, une <strong data-start=\"1015\" data-end=\"1048\">doublure partielle en polyester<\/strong> pour plus de confort et des <strong data-start=\"1072\" data-end=\"1099\">poches lat\u00e9rales zipp\u00e9es<\/strong> pour ranger vos objets essentiels en toute s\u00e9curit\u00e9.<\/p>\n<ul>\n<li data-start=\"1378\" data-end=\"1450\">\n<p data-start=\"1380\" data-end=\"1450\">Polaire power-stretch en polyester recycl\u00e9 pour plus de chaleur et de souplesse<\/p>\n<\/li>\n<li data-start=\"1451\" data-end=\"1513\">\n<p data-start=\"1453\" data-end=\"1513\">Int\u00e9rieur molletonn\u00e9 doux et respirant pour un confort optimal<\/p>\n<\/li>\n<li data-start=\"1514\" data-end=\"1559\">\n<p data-start=\"1516\" data-end=\"1559\">Haute r\u00e9sistance au boulochage et \u00e0 l&#8217;usure<\/p>\n<\/li>\n<li data-start=\"1560\" data-end=\"1612\">\n<p data-start=\"1562\" data-end=\"1612\">Poignets et bas extensibles pour retenir la chaleur<\/p>\n<\/li>\n<li data-start=\"1613\" data-end=\"1663\">\n<p data-start=\"1615\" data-end=\"1663\">Poches lat\u00e9rales zipp\u00e9es pour les objets essentiels<\/p>\n<\/li>\n<li data-start=\"1664\" data-end=\"1722\">\n<p data-start=\"1666\" data-end=\"1722\">Conception \u00e9cologique, id\u00e9ale pour la randonn\u00e9e et un usage quotidien<\/p>\n<\/li>\n<\/ul>\n<p>&nbsp;<\/p>\n<div class=\"attribute_container tw-pb-24 last-of-type:tw-pb-0\">\n<div class=\"content__image-wrapper tw-w-fit \">\n<div class=\"content__image tw-relative tw-w-[3.2rem]\"><img loading=\"lazy\" decoding=\"async\" class=\"tw-absolute tw-top-0 tw-left-0 tw-w-full tw-h-full\" src=\"https:\/\/www.montura.com\/cdn\/shop\/files\/004_Breathable_Black.svg?v=1709125473&amp;width=200\" alt=\"\" width=\"61\" height=\"61\"><\/div>\n<\/div>\n<h3 class=\"tw-text-s tw-pt-[1.2rem] tw-pb-[0.4rem] tw-font-medium\">Respirant<\/h3>\n<p class=\"tw-text-greyish-brown tw-text-xs tw-pt-[0.4rem]\">Gr\u00e2ce \u00e0 ses tissus respirants, ce v\u00eatement favorise la transpiration naturelle de la peau tout en maintenant le corps \u00e0 une temp\u00e9rature optimale. <\/p>\n<\/div>\n<div class=\"attribute_container tw-pb-24 last-of-type:tw-pb-0\">\n<div class=\"content__image-wrapper tw-w-fit \">\n<div class=\"content__image tw-relative tw-w-[3.2rem]\"><img loading=\"lazy\" decoding=\"async\" class=\"tw-absolute tw-top-0 tw-left-0 tw-w-full tw-h-full\" src=\"https:\/\/www.montura.com\/cdn\/shop\/files\/012_RecycledMaterial_Black.svg?v=1709125426&amp;width=200\" alt=\"\" width=\"62\" height=\"62\"><\/div>\n<\/div>\n<h3 class=\"tw-text-s tw-pt-[1.2rem] tw-pb-[0.4rem] tw-font-medium\">Mat\u00e9riaux recycl\u00e9s<\/h3>\n<p class=\"tw-text-greyish-brown tw-text-xs tw-pt-[0.4rem]\">Fabriqu\u00e9 \u00e0 partir de mat\u00e9riaux recycl\u00e9s, ce produit contribue \u00e0 r\u00e9duire les d\u00e9chets et l&#8217;utilisation de mat\u00e9riaux vierges<\/p>\n<\/div>\n<p>&nbsp;<\/p>\n","protected":false},"excerpt":{"rendered":"<ul>\n<li data-start=\"1378\" data-end=\"1450\">\n<p data-start=\"1380\" data-end=\"1450\">Polaire power-stretch en polyester recycl\u00e9 pour plus de chaleur et de souplesse<\/p>\n<\/li>\n<li data-start=\"1451\" data-end=\"1513\">\n<p data-start=\"1453\" data-end=\"1513\">Int\u00e9rieur molletonn\u00e9 doux et respirant pour un confort optimal<\/p>\n<\/li>\n<\/ul>\n","protected":false},"featured_media":368962,"template":"","meta":{"_acf_changed":false,"inline_featured_image":false},"product_brand":[],"product_cat":[24478,24482,24484],"product_tag":[23512,23524],"class_list":{"0":"post-368749","1":"product","2":"type-product","3":"status-publish","4":"has-post-thumbnail","6":"product_cat-maillots-fr-2","7":"product_cat-vetements-pour-hommes-fr","8":"product_cat-homme","9":"product_tag-montura-fr","10":"product_tag-montura-homme","11":"pa_attivita-marcher","12":"pa_attivita-outdoor-fr","13":"pa_colore-pulse-maglia-black-fr","14":"pa_marca-montura-fr","15":"pa_sesso-homme","16":"pa_size-large-fr","18":"first","19":"instock","20":"sale","21":"taxable","22":"shipping-taxable","23":"purchasable","24":"product-type-variable","25":"wvs-archive-product-wrapper"},"acf":[],"yoast_head":"<!-- This site is optimized with the Yoast SEO plugin v26.8 - https:\/\/yoast.com\/product\/yoast-seo-wordpress\/ -->\n<title>Montura Pulse maillot homme - pull de randonn\u00e9e- MioMioRun.com<\/title>\n<meta name=\"description\" content=\"Polaire technique pour homme en polyester recycl\u00e9 power-stretch. Chaude, respirante et r\u00e9sistante, parfaite comme couche interm\u00e9diaire pour le trekking et les activit\u00e9s de plein air.\" \/>\n<meta name=\"robots\" content=\"index, follow, max-snippet:-1, max-image-preview:large, max-video-preview:-1\" \/>\n<link rel=\"canonical\" href=\"https:\/\/www.miomiorun.com\/fr\/produit\/pulse-maillot-homme\/\" \/>\n<meta property=\"og:locale\" content=\"fr_FR\" \/>\n<meta property=\"og:type\" content=\"article\" \/>\n<meta property=\"og:title\" content=\"Montura Pulse maillot homme - pull de randonn\u00e9e- MioMioRun.com\" \/>\n<meta property=\"og:description\" content=\"Polaire technique pour homme en polyester recycl\u00e9 power-stretch. Chaude, respirante et r\u00e9sistante, parfaite comme couche interm\u00e9diaire pour le trekking et les activit\u00e9s de plein air.\" \/>\n<meta property=\"og:url\" content=\"https:\/\/www.miomiorun.com\/fr\/produit\/pulse-maillot-homme\/\" \/>\n<meta property=\"og:site_name\" content=\"MioMioRun\" \/>\n<meta property=\"article:publisher\" content=\"https:\/\/www.facebook.com\/miomiorun\/\" \/>\n<meta property=\"article:modified_time\" content=\"2026-05-09T08:23:36+00:00\" \/>\n<meta property=\"og:image\" content=\"https:\/\/www.miomiorun.com\/app\/uploads\/2025\/11\/montura-Pulse-maglia-black-MMAP83X.90.webp\" \/>\n\t<meta property=\"og:image:width\" content=\"720\" \/>\n\t<meta property=\"og:image:height\" content=\"720\" \/>\n\t<meta property=\"og:image:type\" content=\"image\/webp\" \/>\n<meta name=\"twitter:card\" content=\"summary_large_image\" \/>\n<meta name=\"twitter:label1\" content=\"Est. reading time\" \/>\n\t<meta name=\"twitter:data1\" content=\"1 minute\" \/>\n<script type=\"application\/ld+json\" class=\"yoast-schema-graph\">{\"@context\":\"https:\/\/schema.org\",\"@graph\":[{\"@type\":\"WebPage\",\"@id\":\"https:\/\/www.miomiorun.com\/fr\/produit\/pulse-maillot-homme\/\",\"url\":\"https:\/\/www.miomiorun.com\/fr\/produit\/pulse-maillot-homme\/\",\"name\":\"Montura Pulse maillot homme - pull de randonn\u00e9e- MioMioRun.com\",\"isPartOf\":{\"@id\":\"https:\/\/www.miomiorun.com\/fr\/#website\"},\"primaryImageOfPage\":{\"@id\":\"https:\/\/www.miomiorun.com\/fr\/produit\/pulse-maillot-homme\/#primaryimage\"},\"image\":{\"@id\":\"https:\/\/www.miomiorun.com\/fr\/produit\/pulse-maillot-homme\/#primaryimage\"},\"thumbnailUrl\":\"https:\/\/www.miomiorun.com\/app\/uploads\/2025\/11\/montura-Pulse-maglia-black-MMAP83X.90.webp\",\"datePublished\":\"2025-11-10T17:27:32+00:00\",\"dateModified\":\"2026-05-09T08:23:36+00:00\",\"description\":\"Polaire technique pour homme en polyester recycl\u00e9 power-stretch. Chaude, respirante et r\u00e9sistante, parfaite comme couche interm\u00e9diaire pour le trekking et les activit\u00e9s de plein air.\",\"breadcrumb\":{\"@id\":\"https:\/\/www.miomiorun.com\/fr\/produit\/pulse-maillot-homme\/#breadcrumb\"},\"inLanguage\":\"fr-FR\",\"potentialAction\":[{\"@type\":\"ReadAction\",\"target\":[\"https:\/\/www.miomiorun.com\/fr\/produit\/pulse-maillot-homme\/\"]}]},{\"@type\":\"ImageObject\",\"inLanguage\":\"fr-FR\",\"@id\":\"https:\/\/www.miomiorun.com\/fr\/produit\/pulse-maillot-homme\/#primaryimage\",\"url\":\"https:\/\/www.miomiorun.com\/app\/uploads\/2025\/11\/montura-Pulse-maglia-black-MMAP83X.90.webp\",\"contentUrl\":\"https:\/\/www.miomiorun.com\/app\/uploads\/2025\/11\/montura-Pulse-maglia-black-MMAP83X.90.webp\",\"width\":720,\"height\":720,\"caption\":\"montura Pulse maglia black MMAP83X.90\"},{\"@type\":\"BreadcrumbList\",\"@id\":\"https:\/\/www.miomiorun.com\/fr\/produit\/pulse-maillot-homme\/#breadcrumb\",\"itemListElement\":[{\"@type\":\"ListItem\",\"position\":1,\"name\":\"Home\",\"item\":\"https:\/\/www.miomiorun.com\/fr\/home-page\/\"},{\"@type\":\"ListItem\",\"position\":2,\"name\":\"Shop\",\"item\":\"https:\/\/www.miomiorun.com\/shop\/\"},{\"@type\":\"ListItem\",\"position\":3,\"name\":\"Pulse maillot homme\"}]},{\"@type\":\"WebSite\",\"@id\":\"https:\/\/www.miomiorun.com\/fr\/#website\",\"url\":\"https:\/\/www.miomiorun.com\/fr\/\",\"name\":\"MioMioRun\",\"description\":\"Boutique 100% running et trail\",\"publisher\":{\"@id\":\"https:\/\/www.miomiorun.com\/fr\/#organization\"},\"potentialAction\":[{\"@type\":\"SearchAction\",\"target\":{\"@type\":\"EntryPoint\",\"urlTemplate\":\"https:\/\/www.miomiorun.com\/fr\/?s={search_term_string}\"},\"query-input\":{\"@type\":\"PropertyValueSpecification\",\"valueRequired\":true,\"valueName\":\"search_term_string\"}}],\"inLanguage\":\"fr-FR\"},{\"@type\":\"Organization\",\"@id\":\"https:\/\/www.miomiorun.com\/fr\/#organization\",\"name\":\"MioMio Run\",\"url\":\"https:\/\/www.miomiorun.com\/fr\/\",\"logo\":{\"@type\":\"ImageObject\",\"inLanguage\":\"fr-FR\",\"@id\":\"https:\/\/www.miomiorun.com\/fr\/#\/schema\/logo\/image\/\",\"url\":\"https:\/\/www.miomiorun.com\/app\/uploads\/2019\/12\/logomio.png\",\"contentUrl\":\"https:\/\/www.miomiorun.com\/app\/uploads\/2019\/12\/logomio.png\",\"width\":115,\"height\":82,\"caption\":\"MioMio Run\"},\"image\":{\"@id\":\"https:\/\/www.miomiorun.com\/fr\/#\/schema\/logo\/image\/\"},\"sameAs\":[\"https:\/\/www.facebook.com\/miomiorun\/\",\"https:\/\/www.instagram.com\/miomiorun\/\"]}]}<\/script>\n<!-- \/ Yoast SEO plugin. -->","yoast_head_json":{"title":"Montura Pulse maillot homme - pull de randonn\u00e9e- MioMioRun.com","description":"Polaire technique pour homme en polyester recycl\u00e9 power-stretch. Chaude, respirante et r\u00e9sistante, parfaite comme couche interm\u00e9diaire pour le trekking et les activit\u00e9s de plein air.","robots":{"index":"index","follow":"follow","max-snippet":"max-snippet:-1","max-image-preview":"max-image-preview:large","max-video-preview":"max-video-preview:-1"},"canonical":"https:\/\/www.miomiorun.com\/fr\/produit\/pulse-maillot-homme\/","og_locale":"fr_FR","og_type":"article","og_title":"Montura Pulse maillot homme - pull de randonn\u00e9e- MioMioRun.com","og_description":"Polaire technique pour homme en polyester recycl\u00e9 power-stretch. Chaude, respirante et r\u00e9sistante, parfaite comme couche interm\u00e9diaire pour le trekking et les activit\u00e9s de plein air.","og_url":"https:\/\/www.miomiorun.com\/fr\/produit\/pulse-maillot-homme\/","og_site_name":"MioMioRun","article_publisher":"https:\/\/www.facebook.com\/miomiorun\/","article_modified_time":"2026-05-09T08:23:36+00:00","og_image":[{"width":720,"height":720,"url":"https:\/\/www.miomiorun.com\/app\/uploads\/2025\/11\/montura-Pulse-maglia-black-MMAP83X.90.webp","type":"image\/webp"}],"twitter_card":"summary_large_image","twitter_misc":{"Est. reading time":"1 minute"},"schema":{"@context":"https:\/\/schema.org","@graph":[{"@type":"WebPage","@id":"https:\/\/www.miomiorun.com\/fr\/produit\/pulse-maillot-homme\/","url":"https:\/\/www.miomiorun.com\/fr\/produit\/pulse-maillot-homme\/","name":"Montura Pulse maillot homme - pull de randonn\u00e9e- MioMioRun.com","isPartOf":{"@id":"https:\/\/www.miomiorun.com\/fr\/#website"},"primaryImageOfPage":{"@id":"https:\/\/www.miomiorun.com\/fr\/produit\/pulse-maillot-homme\/#primaryimage"},"image":{"@id":"https:\/\/www.miomiorun.com\/fr\/produit\/pulse-maillot-homme\/#primaryimage"},"thumbnailUrl":"https:\/\/www.miomiorun.com\/app\/uploads\/2025\/11\/montura-Pulse-maglia-black-MMAP83X.90.webp","datePublished":"2025-11-10T17:27:32+00:00","dateModified":"2026-05-09T08:23:36+00:00","description":"Polaire technique pour homme en polyester recycl\u00e9 power-stretch. Chaude, respirante et r\u00e9sistante, parfaite comme couche interm\u00e9diaire pour le trekking et les activit\u00e9s de plein air.","breadcrumb":{"@id":"https:\/\/www.miomiorun.com\/fr\/produit\/pulse-maillot-homme\/#breadcrumb"},"inLanguage":"fr-FR","potentialAction":[{"@type":"ReadAction","target":["https:\/\/www.miomiorun.com\/fr\/produit\/pulse-maillot-homme\/"]}]},{"@type":"ImageObject","inLanguage":"fr-FR","@id":"https:\/\/www.miomiorun.com\/fr\/produit\/pulse-maillot-homme\/#primaryimage","url":"https:\/\/www.miomiorun.com\/app\/uploads\/2025\/11\/montura-Pulse-maglia-black-MMAP83X.90.webp","contentUrl":"https:\/\/www.miomiorun.com\/app\/uploads\/2025\/11\/montura-Pulse-maglia-black-MMAP83X.90.webp","width":720,"height":720,"caption":"montura Pulse maglia black MMAP83X.90"},{"@type":"BreadcrumbList","@id":"https:\/\/www.miomiorun.com\/fr\/produit\/pulse-maillot-homme\/#breadcrumb","itemListElement":[{"@type":"ListItem","position":1,"name":"Home","item":"https:\/\/www.miomiorun.com\/fr\/home-page\/"},{"@type":"ListItem","position":2,"name":"Shop","item":"https:\/\/www.miomiorun.com\/shop\/"},{"@type":"ListItem","position":3,"name":"Pulse maillot homme"}]},{"@type":"WebSite","@id":"https:\/\/www.miomiorun.com\/fr\/#website","url":"https:\/\/www.miomiorun.com\/fr\/","name":"MioMioRun","description":"Boutique 100% running et trail","publisher":{"@id":"https:\/\/www.miomiorun.com\/fr\/#organization"},"potentialAction":[{"@type":"SearchAction","target":{"@type":"EntryPoint","urlTemplate":"https:\/\/www.miomiorun.com\/fr\/?s={search_term_string}"},"query-input":{"@type":"PropertyValueSpecification","valueRequired":true,"valueName":"search_term_string"}}],"inLanguage":"fr-FR"},{"@type":"Organization","@id":"https:\/\/www.miomiorun.com\/fr\/#organization","name":"MioMio Run","url":"https:\/\/www.miomiorun.com\/fr\/","logo":{"@type":"ImageObject","inLanguage":"fr-FR","@id":"https:\/\/www.miomiorun.com\/fr\/#\/schema\/logo\/image\/","url":"https:\/\/www.miomiorun.com\/app\/uploads\/2019\/12\/logomio.png","contentUrl":"https:\/\/www.miomiorun.com\/app\/uploads\/2019\/12\/logomio.png","width":115,"height":82,"caption":"MioMio Run"},"image":{"@id":"https:\/\/www.miomiorun.com\/fr\/#\/schema\/logo\/image\/"},"sameAs":["https:\/\/www.facebook.com\/miomiorun\/","https:\/\/www.instagram.com\/miomiorun\/"]}]}},"_links":{"self":[{"href":"https:\/\/www.miomiorun.com\/fr\/wp-json\/wp\/v2\/product\/368749","targetHints":{"allow":["GET"]}}],"collection":[{"href":"https:\/\/www.miomiorun.com\/fr\/wp-json\/wp\/v2\/product"}],"about":[{"href":"https:\/\/www.miomiorun.com\/fr\/wp-json\/wp\/v2\/types\/product"}],"wp:featuredmedia":[{"embeddable":true,"href":"https:\/\/www.miomiorun.com\/fr\/wp-json\/wp\/v2\/media\/368962"}],"wp:attachment":[{"href":"https:\/\/www.miomiorun.com\/fr\/wp-json\/wp\/v2\/media?parent=368749"}],"wp:term":[{"taxonomy":"product_brand","embeddable":true,"href":"https:\/\/www.miomiorun.com\/fr\/wp-json\/wp\/v2\/product_brand?post=368749"},{"taxonomy":"product_cat","embeddable":true,"href":"https:\/\/www.miomiorun.com\/fr\/wp-json\/wp\/v2\/product_cat?post=368749"},{"taxonomy":"product_tag","embeddable":true,"href":"https:\/\/www.miomiorun.com\/fr\/wp-json\/wp\/v2\/product_tag?post=368749"}],"curies":[{"name":"wp","href":"https:\/\/api.w.org\/{rel}","templated":true}]}}