{"id":368439,"date":"2025-11-08T17:28:47","date_gmt":"2025-11-08T16:28:47","guid":{"rendered":"https:\/\/www.miomiorun.com\/?post_type=product&#038;p=368439"},"modified":"2026-05-09T10:23:18","modified_gmt":"2026-05-09T08:23:18","slug":"launch-camo-singlet-femme","status":"publish","type":"product","link":"https:\/\/www.miomiorun.com\/fr\/produit\/launch-camo-singlet-femme\/","title":{"rendered":"Launch camo singlet femme"},"content":{"rendered":"<h3 style=\"text-align: center\">Pour courir plus longtemps et plus vite, vous avez besoin d&#8217;un confort, d&#8217;une \u00e9lasticit\u00e9 et d&#8217;une l\u00e9g\u00e8ret\u00e9 exceptionnels.<\/h3>\n<p>Le d\u00e9bardeur<strong> Launch camo singlet<\/strong> pour femme vous offre tout cela. Vous aurez presque l&#8217;impression de ne rien porter.<\/p>\n<h3>Caract\u00e9ristiques :<\/h3>\n<div id=\"acc-1\" class=\"g-accordion-content collapse show\">\n<div id=\"acc-1\" class=\"g-accordion-content collapse show\">\n<ul class=\"t-tabs_data\">\n<li class=\"t-tabs_list\">Tissu doux, l\u00e9ger et respirant<\/li>\n<li class=\"t-tabs_list\">Le tissu absorbe la transpiration et s\u00e8che tr\u00e8s rapidement<\/li>\n<li class=\"t-tabs_list\">Ourlet superpos\u00e9 pour une meilleure ventilation<\/li>\n<li class=\"t-tabs_list\">D\u00e9tails r\u00e9fl\u00e9chissants pour une meilleure visibilit\u00e9 lors des courses dans des conditions de faible luminosit\u00e9<\/li>\n<li>Tissu : 94 % polyester\/6 % elastarell<\/li>\n<\/ul>\n<\/div>\n<h3>Coupe et entretien<\/h3>\n<div id=\"acc-3\" class=\"g-accordion-content collapse\">\n<div id=\"acc-3\" class=\"g-accordion-content collapse\">\n<ul class=\"t-tabs_data\">\n<li class=\"t-tabs_list\"><span class=\"t-bold_font\">Coupe ajust\u00e9e :&nbsp;<\/span>Coupe essentielle, ni trop moulante ni trop ample. <\/li>\n<li class=\"t-tabs_list\">Lavage en machine \u00e0 froid avec des couleurs similaires<\/li>\n<li class=\"t-tabs_list\">Si n\u00e9cessaire, utiliser uniquement de l&#8217;eau de Javel sans chlore<\/li>\n<li class=\"t-tabs_list\">S\u00e9cher en machine \u00e0 basse temp\u00e9rature<\/li>\n<li class=\"t-tabs_list\">Ne pas repasser<\/li>\n<li class=\"t-tabs_list\">Ne pas utiliser d&#8217;adoucissant<\/li>\n<li class=\"t-tabs_list\">Ne pas nettoyer \u00e0 sec<\/li>\n<\/ul>\n<\/div>\n<\/div>\n<\/div>\n<p>&nbsp;<\/p>\n<p>&nbsp;<\/p>\n","protected":false},"excerpt":{"rendered":"<ul class=\"m-long-description__features\">\n<li class=\"m-long-description__feature\">Coupe id\u00e9ale pour la course \u00e0 pied.<\/li>\n<li>Dot\u00e9 de d\u00e9tails r\u00e9fl\u00e9chissants pour une meilleure visibilit\u00e9.<\/li>\n<\/ul>\n","protected":false},"featured_media":368409,"template":"","meta":{"_acf_changed":false,"inline_featured_image":false},"product_brand":[],"product_cat":[22598,22596],"product_tag":[23530,23575],"class_list":{"0":"post-368439","1":"product","2":"type-product","3":"status-publish","4":"has-post-thumbnail","6":"product_cat-gilets","7":"product_cat-vetements-pour-femmes","8":"product_tag-under-armour-fr","9":"product_tag-under-armour-femme","10":"pa_attivita-fitness-fr","11":"pa_attivita-lifestyle-fr","12":"pa_attivita-marcher","13":"pa_attivita-running-fr","14":"pa_colore-launch-camo-singlet-shaded-fuchsia-fr","15":"pa_marca-under-armour-fr","16":"pa_sesso-femme","17":"pa_size-extra-small-fr","18":"pa_size-small-fr","20":"first","21":"instock","22":"sale","23":"taxable","24":"shipping-taxable","25":"purchasable","26":"product-type-variable","27":"wvs-archive-product-wrapper"},"acf":[],"yoast_head":"<!-- This site is optimized with the Yoast SEO plugin v26.8 - https:\/\/yoast.com\/product\/yoast-seo-wordpress\/ -->\n<title>Under Armour Launch camo singlet femme -D\u00e9bardeurs de course \u00e0 pied- MioMioRun<\/title>\n<meta name=\"description\" content=\"Pour courir plus longtemps et plus vite, vous avez besoin d&#039;un confort, d&#039;une \u00e9lasticit\u00e9 et d&#039;une l\u00e9g\u00e8ret\u00e9 exceptionnels. Le d\u00e9bardeur Launch camo vous offre tout cela.\" \/>\n<meta name=\"robots\" content=\"index, follow, max-snippet:-1, max-image-preview:large, max-video-preview:-1\" \/>\n<link rel=\"canonical\" href=\"https:\/\/www.miomiorun.com\/fr\/produit\/launch-camo-singlet-femme\/\" \/>\n<meta property=\"og:locale\" content=\"fr_FR\" \/>\n<meta property=\"og:type\" content=\"article\" \/>\n<meta property=\"og:title\" content=\"Under Armour Launch camo singlet femme -D\u00e9bardeurs de course \u00e0 pied- MioMioRun\" \/>\n<meta property=\"og:description\" content=\"Pour courir plus longtemps et plus vite, vous avez besoin d&#039;un confort, d&#039;une \u00e9lasticit\u00e9 et d&#039;une l\u00e9g\u00e8ret\u00e9 exceptionnels. Le d\u00e9bardeur Launch camo vous offre tout cela.\" \/>\n<meta property=\"og:url\" content=\"https:\/\/www.miomiorun.com\/fr\/produit\/launch-camo-singlet-femme\/\" \/>\n<meta property=\"og:site_name\" content=\"MioMioRun\" \/>\n<meta property=\"article:publisher\" content=\"https:\/\/www.facebook.com\/miomiorun\/\" \/>\n<meta property=\"article:modified_time\" content=\"2026-05-09T08:23:18+00:00\" \/>\n<meta property=\"og:image\" content=\"https:\/\/www.miomiorun.com\/app\/uploads\/2025\/11\/under-armour-Launch-camo-singlet-shaded-fuchsia-6000013-0681.webp\" \/>\n\t<meta property=\"og:image:width\" content=\"600\" \/>\n\t<meta property=\"og:image:height\" content=\"600\" \/>\n\t<meta property=\"og:image:type\" content=\"image\/webp\" \/>\n<meta name=\"twitter:card\" content=\"summary_large_image\" \/>\n<meta name=\"twitter:label1\" content=\"Est. reading time\" \/>\n\t<meta name=\"twitter:data1\" content=\"1 minute\" \/>\n<script type=\"application\/ld+json\" class=\"yoast-schema-graph\">{\"@context\":\"https:\/\/schema.org\",\"@graph\":[{\"@type\":\"WebPage\",\"@id\":\"https:\/\/www.miomiorun.com\/fr\/produit\/launch-camo-singlet-femme\/\",\"url\":\"https:\/\/www.miomiorun.com\/fr\/produit\/launch-camo-singlet-femme\/\",\"name\":\"Under Armour Launch camo singlet femme -D\u00e9bardeurs de course \u00e0 pied- MioMioRun\",\"isPartOf\":{\"@id\":\"https:\/\/www.miomiorun.com\/fr\/#website\"},\"primaryImageOfPage\":{\"@id\":\"https:\/\/www.miomiorun.com\/fr\/produit\/launch-camo-singlet-femme\/#primaryimage\"},\"image\":{\"@id\":\"https:\/\/www.miomiorun.com\/fr\/produit\/launch-camo-singlet-femme\/#primaryimage\"},\"thumbnailUrl\":\"https:\/\/www.miomiorun.com\/app\/uploads\/2025\/11\/under-armour-Launch-camo-singlet-shaded-fuchsia-6000013-0681.webp\",\"datePublished\":\"2025-11-08T16:28:47+00:00\",\"dateModified\":\"2026-05-09T08:23:18+00:00\",\"description\":\"Pour courir plus longtemps et plus vite, vous avez besoin d'un confort, d'une \u00e9lasticit\u00e9 et d'une l\u00e9g\u00e8ret\u00e9 exceptionnels. Le d\u00e9bardeur Launch camo vous offre tout cela.\",\"breadcrumb\":{\"@id\":\"https:\/\/www.miomiorun.com\/fr\/produit\/launch-camo-singlet-femme\/#breadcrumb\"},\"inLanguage\":\"fr-FR\",\"potentialAction\":[{\"@type\":\"ReadAction\",\"target\":[\"https:\/\/www.miomiorun.com\/fr\/produit\/launch-camo-singlet-femme\/\"]}]},{\"@type\":\"ImageObject\",\"inLanguage\":\"fr-FR\",\"@id\":\"https:\/\/www.miomiorun.com\/fr\/produit\/launch-camo-singlet-femme\/#primaryimage\",\"url\":\"https:\/\/www.miomiorun.com\/app\/uploads\/2025\/11\/under-armour-Launch-camo-singlet-shaded-fuchsia-6000013-0681.webp\",\"contentUrl\":\"https:\/\/www.miomiorun.com\/app\/uploads\/2025\/11\/under-armour-Launch-camo-singlet-shaded-fuchsia-6000013-0681.webp\",\"width\":600,\"height\":600,\"caption\":\"under armour Launch camo singlet shaded fuchsia 6000013 0681\"},{\"@type\":\"BreadcrumbList\",\"@id\":\"https:\/\/www.miomiorun.com\/fr\/produit\/launch-camo-singlet-femme\/#breadcrumb\",\"itemListElement\":[{\"@type\":\"ListItem\",\"position\":1,\"name\":\"Home\",\"item\":\"https:\/\/www.miomiorun.com\/fr\/home-page\/\"},{\"@type\":\"ListItem\",\"position\":2,\"name\":\"Shop\",\"item\":\"https:\/\/www.miomiorun.com\/shop\/\"},{\"@type\":\"ListItem\",\"position\":3,\"name\":\"Launch camo singlet femme\"}]},{\"@type\":\"WebSite\",\"@id\":\"https:\/\/www.miomiorun.com\/fr\/#website\",\"url\":\"https:\/\/www.miomiorun.com\/fr\/\",\"name\":\"MioMioRun\",\"description\":\"Boutique 100% running et trail\",\"publisher\":{\"@id\":\"https:\/\/www.miomiorun.com\/fr\/#organization\"},\"potentialAction\":[{\"@type\":\"SearchAction\",\"target\":{\"@type\":\"EntryPoint\",\"urlTemplate\":\"https:\/\/www.miomiorun.com\/fr\/?s={search_term_string}\"},\"query-input\":{\"@type\":\"PropertyValueSpecification\",\"valueRequired\":true,\"valueName\":\"search_term_string\"}}],\"inLanguage\":\"fr-FR\"},{\"@type\":\"Organization\",\"@id\":\"https:\/\/www.miomiorun.com\/fr\/#organization\",\"name\":\"MioMio Run\",\"url\":\"https:\/\/www.miomiorun.com\/fr\/\",\"logo\":{\"@type\":\"ImageObject\",\"inLanguage\":\"fr-FR\",\"@id\":\"https:\/\/www.miomiorun.com\/fr\/#\/schema\/logo\/image\/\",\"url\":\"https:\/\/www.miomiorun.com\/app\/uploads\/2019\/12\/logomio.png\",\"contentUrl\":\"https:\/\/www.miomiorun.com\/app\/uploads\/2019\/12\/logomio.png\",\"width\":115,\"height\":82,\"caption\":\"MioMio Run\"},\"image\":{\"@id\":\"https:\/\/www.miomiorun.com\/fr\/#\/schema\/logo\/image\/\"},\"sameAs\":[\"https:\/\/www.facebook.com\/miomiorun\/\",\"https:\/\/www.instagram.com\/miomiorun\/\"]}]}<\/script>\n<!-- \/ Yoast SEO plugin. -->","yoast_head_json":{"title":"Under Armour Launch camo singlet femme -D\u00e9bardeurs de course \u00e0 pied- MioMioRun","description":"Pour courir plus longtemps et plus vite, vous avez besoin d'un confort, d'une \u00e9lasticit\u00e9 et d'une l\u00e9g\u00e8ret\u00e9 exceptionnels. Le d\u00e9bardeur Launch camo vous offre tout cela.","robots":{"index":"index","follow":"follow","max-snippet":"max-snippet:-1","max-image-preview":"max-image-preview:large","max-video-preview":"max-video-preview:-1"},"canonical":"https:\/\/www.miomiorun.com\/fr\/produit\/launch-camo-singlet-femme\/","og_locale":"fr_FR","og_type":"article","og_title":"Under Armour Launch camo singlet femme -D\u00e9bardeurs de course \u00e0 pied- MioMioRun","og_description":"Pour courir plus longtemps et plus vite, vous avez besoin d'un confort, d'une \u00e9lasticit\u00e9 et d'une l\u00e9g\u00e8ret\u00e9 exceptionnels. Le d\u00e9bardeur Launch camo vous offre tout cela.","og_url":"https:\/\/www.miomiorun.com\/fr\/produit\/launch-camo-singlet-femme\/","og_site_name":"MioMioRun","article_publisher":"https:\/\/www.facebook.com\/miomiorun\/","article_modified_time":"2026-05-09T08:23:18+00:00","og_image":[{"width":600,"height":600,"url":"https:\/\/www.miomiorun.com\/app\/uploads\/2025\/11\/under-armour-Launch-camo-singlet-shaded-fuchsia-6000013-0681.webp","type":"image\/webp"}],"twitter_card":"summary_large_image","twitter_misc":{"Est. reading time":"1 minute"},"schema":{"@context":"https:\/\/schema.org","@graph":[{"@type":"WebPage","@id":"https:\/\/www.miomiorun.com\/fr\/produit\/launch-camo-singlet-femme\/","url":"https:\/\/www.miomiorun.com\/fr\/produit\/launch-camo-singlet-femme\/","name":"Under Armour Launch camo singlet femme -D\u00e9bardeurs de course \u00e0 pied- MioMioRun","isPartOf":{"@id":"https:\/\/www.miomiorun.com\/fr\/#website"},"primaryImageOfPage":{"@id":"https:\/\/www.miomiorun.com\/fr\/produit\/launch-camo-singlet-femme\/#primaryimage"},"image":{"@id":"https:\/\/www.miomiorun.com\/fr\/produit\/launch-camo-singlet-femme\/#primaryimage"},"thumbnailUrl":"https:\/\/www.miomiorun.com\/app\/uploads\/2025\/11\/under-armour-Launch-camo-singlet-shaded-fuchsia-6000013-0681.webp","datePublished":"2025-11-08T16:28:47+00:00","dateModified":"2026-05-09T08:23:18+00:00","description":"Pour courir plus longtemps et plus vite, vous avez besoin d'un confort, d'une \u00e9lasticit\u00e9 et d'une l\u00e9g\u00e8ret\u00e9 exceptionnels. Le d\u00e9bardeur Launch camo vous offre tout cela.","breadcrumb":{"@id":"https:\/\/www.miomiorun.com\/fr\/produit\/launch-camo-singlet-femme\/#breadcrumb"},"inLanguage":"fr-FR","potentialAction":[{"@type":"ReadAction","target":["https:\/\/www.miomiorun.com\/fr\/produit\/launch-camo-singlet-femme\/"]}]},{"@type":"ImageObject","inLanguage":"fr-FR","@id":"https:\/\/www.miomiorun.com\/fr\/produit\/launch-camo-singlet-femme\/#primaryimage","url":"https:\/\/www.miomiorun.com\/app\/uploads\/2025\/11\/under-armour-Launch-camo-singlet-shaded-fuchsia-6000013-0681.webp","contentUrl":"https:\/\/www.miomiorun.com\/app\/uploads\/2025\/11\/under-armour-Launch-camo-singlet-shaded-fuchsia-6000013-0681.webp","width":600,"height":600,"caption":"under armour Launch camo singlet shaded fuchsia 6000013 0681"},{"@type":"BreadcrumbList","@id":"https:\/\/www.miomiorun.com\/fr\/produit\/launch-camo-singlet-femme\/#breadcrumb","itemListElement":[{"@type":"ListItem","position":1,"name":"Home","item":"https:\/\/www.miomiorun.com\/fr\/home-page\/"},{"@type":"ListItem","position":2,"name":"Shop","item":"https:\/\/www.miomiorun.com\/shop\/"},{"@type":"ListItem","position":3,"name":"Launch camo singlet femme"}]},{"@type":"WebSite","@id":"https:\/\/www.miomiorun.com\/fr\/#website","url":"https:\/\/www.miomiorun.com\/fr\/","name":"MioMioRun","description":"Boutique 100% running et trail","publisher":{"@id":"https:\/\/www.miomiorun.com\/fr\/#organization"},"potentialAction":[{"@type":"SearchAction","target":{"@type":"EntryPoint","urlTemplate":"https:\/\/www.miomiorun.com\/fr\/?s={search_term_string}"},"query-input":{"@type":"PropertyValueSpecification","valueRequired":true,"valueName":"search_term_string"}}],"inLanguage":"fr-FR"},{"@type":"Organization","@id":"https:\/\/www.miomiorun.com\/fr\/#organization","name":"MioMio Run","url":"https:\/\/www.miomiorun.com\/fr\/","logo":{"@type":"ImageObject","inLanguage":"fr-FR","@id":"https:\/\/www.miomiorun.com\/fr\/#\/schema\/logo\/image\/","url":"https:\/\/www.miomiorun.com\/app\/uploads\/2019\/12\/logomio.png","contentUrl":"https:\/\/www.miomiorun.com\/app\/uploads\/2019\/12\/logomio.png","width":115,"height":82,"caption":"MioMio Run"},"image":{"@id":"https:\/\/www.miomiorun.com\/fr\/#\/schema\/logo\/image\/"},"sameAs":["https:\/\/www.facebook.com\/miomiorun\/","https:\/\/www.instagram.com\/miomiorun\/"]}]}},"_links":{"self":[{"href":"https:\/\/www.miomiorun.com\/fr\/wp-json\/wp\/v2\/product\/368439","targetHints":{"allow":["GET"]}}],"collection":[{"href":"https:\/\/www.miomiorun.com\/fr\/wp-json\/wp\/v2\/product"}],"about":[{"href":"https:\/\/www.miomiorun.com\/fr\/wp-json\/wp\/v2\/types\/product"}],"wp:featuredmedia":[{"embeddable":true,"href":"https:\/\/www.miomiorun.com\/fr\/wp-json\/wp\/v2\/media\/368409"}],"wp:attachment":[{"href":"https:\/\/www.miomiorun.com\/fr\/wp-json\/wp\/v2\/media?parent=368439"}],"wp:term":[{"taxonomy":"product_brand","embeddable":true,"href":"https:\/\/www.miomiorun.com\/fr\/wp-json\/wp\/v2\/product_brand?post=368439"},{"taxonomy":"product_cat","embeddable":true,"href":"https:\/\/www.miomiorun.com\/fr\/wp-json\/wp\/v2\/product_cat?post=368439"},{"taxonomy":"product_tag","embeddable":true,"href":"https:\/\/www.miomiorun.com\/fr\/wp-json\/wp\/v2\/product_tag?post=368439"}],"curies":[{"name":"wp","href":"https:\/\/api.w.org\/{rel}","templated":true}]}}