{"id":368268,"date":"2025-11-08T15:54:45","date_gmt":"2025-11-08T14:54:45","guid":{"rendered":"https:\/\/www.miomiorun.com\/?post_type=product&#038;p=368268"},"modified":"2026-05-09T10:23:13","modified_gmt":"2026-05-09T08:23:13","slug":"essence-thermal-ponytail-hat","status":"publish","type":"product","link":"https:\/\/www.miomiorun.com\/fr\/produit\/essence-thermal-ponytail-hat\/","title":{"rendered":"Essence Thermal Ponytail Hat"},"content":{"rendered":"<p data-start=\"213\" data-end=\"604\">L&#8217;<strong data-start=\"243\" data-end=\"267\">Essence Ponytail Hat<\/strong> est un <strong data-start=\"273\" data-end=\"318\">bonnet technique souple et extensible<\/strong>, con\u00e7u pour offrir <strong data-start=\"343\" data-end=\"363\">chaleur et confort<\/strong> pendant les entra\u00eenements par temps frais. Fabriqu\u00e9 en <strong data-start=\"425\" data-end=\"449\">polyester recycl\u00e9<\/strong>, il pr\u00e9sente une <strong data-start=\"463\" data-end=\"485\">doublure bross\u00e9e<\/strong> qui garantit une excellente isolation thermique tout en gardant la peau au sec gr\u00e2ce \u00e0 sa capacit\u00e9 \u00e0 absorber l&#8217;humidit\u00e9.<\/p>\n<p data-start=\"606\" data-end=\"898\">La <strong data-start=\"617\" data-end=\"659\">ouverture arri\u00e8re pratique pour la queue de cheval<\/strong> assure un ajustement confortable et stable, ce qui le rend id\u00e9al pour ceux qui recherchent fonctionnalit\u00e9 et style m\u00eame pendant l&#8217;activit\u00e9 sportive. La coupe ajust\u00e9e garantit une protection optimale contre le froid sans sacrifier la libert\u00e9 de mouvement.<\/p>\n<p data-start=\"900\" data-end=\"980\">Parfait pour <strong data-start=\"913\" data-end=\"956\">la course \u00e0 pied, la randonn\u00e9e et les entra\u00eenements en plein air<\/strong> pendant les demi-saisons.<\/p>\n<ul>\n<li data-start=\"1206\" data-end=\"1267\">\n<p data-start=\"1208\" data-end=\"1267\">Fabriqu\u00e9 en polyester recycl\u00e9 avec int\u00e9rieur bross\u00e9<\/p>\n<\/li>\n<li data-start=\"1268\" data-end=\"1327\">\n<p data-start=\"1270\" data-end=\"1327\">Ouverture arri\u00e8re pour queue de cheval pour un confort maximal<\/p>\n<\/li>\n<li data-start=\"1328\" data-end=\"1381\">\n<p data-start=\"1330\" data-end=\"1381\">Coupe ajust\u00e9e et chaleur id\u00e9ale pour les climats frais<\/p>\n<\/li>\n<li data-start=\"1382\" data-end=\"1437\">\n<p data-start=\"1384\" data-end=\"1437\">Excellente gestion de l&#8217;humidit\u00e9 et libert\u00e9 de mouvement<\/p>\n<\/li>\n<\/ul>\n","protected":false},"excerpt":{"rendered":"<ul>\n<li data-start=\"1268\" data-end=\"1327\">\n<p data-start=\"1270\" data-end=\"1327\">Ouverture arri\u00e8re pour queue de cheval pour un confort maximal<\/p>\n<\/li>\n<li data-start=\"1328\" data-end=\"1381\">\n<p data-start=\"1330\" data-end=\"1381\">Coupe ajust\u00e9e et chaleur id\u00e9ale pour les climats frais<\/p>\n<\/li>\n<li data-start=\"1382\" data-end=\"1437\">\n<p data-start=\"1384\" data-end=\"1437\">Excellente gestion de l&#8217;humidit\u00e9 et libert\u00e9 de mouvement<\/p>\n<\/li>\n<\/ul>\n","protected":false},"featured_media":368900,"template":"","meta":{"_acf_changed":false,"inline_featured_image":false},"product_brand":[],"product_cat":[22580,22538],"product_tag":[23554],"class_list":{"0":"post-368268","1":"product","2":"type-product","3":"status-publish","4":"has-post-thumbnail","6":"product_cat-chapeaux-casquettes","7":"product_cat-accessoires","8":"product_tag-craft-fr","9":"pa_attivita-marcher","10":"pa_attivita-running-fr","11":"pa_colore-essence-thermal-ponytail-hat-plaster-fr","12":"pa_marca-craft-fr","13":"pa_sesso-femme","14":"pa_sesso-homme","16":"first","17":"instock","18":"sale","19":"taxable","20":"shipping-taxable","21":"purchasable","22":"product-type-variable","23":"wvs-archive-product-wrapper"},"acf":[],"yoast_head":"<!-- This site is optimized with the Yoast SEO plugin v26.8 - https:\/\/yoast.com\/product\/yoast-seo-wordpress\/ -->\n<title>Craft Essence Thermal Ponytail Hat - casquette de course - MioMioRun.com<\/title>\n<meta name=\"description\" content=\"Bonnet technique en polyester recycl\u00e9 avec int\u00e9rieur bross\u00e9 et trou pour queue de cheval. Chaud, confortable et id\u00e9al pour l&#039;entra\u00eenement en plein air.\" \/>\n<meta name=\"robots\" content=\"index, follow, max-snippet:-1, max-image-preview:large, max-video-preview:-1\" \/>\n<link rel=\"canonical\" href=\"https:\/\/www.miomiorun.com\/fr\/produit\/essence-thermal-ponytail-hat\/\" \/>\n<meta property=\"og:locale\" content=\"fr_FR\" \/>\n<meta property=\"og:type\" content=\"article\" \/>\n<meta property=\"og:title\" content=\"Craft Essence Thermal Ponytail Hat - casquette de course - MioMioRun.com\" \/>\n<meta property=\"og:description\" content=\"Bonnet technique en polyester recycl\u00e9 avec int\u00e9rieur bross\u00e9 et trou pour queue de cheval. Chaud, confortable et id\u00e9al pour l&#039;entra\u00eenement en plein air.\" \/>\n<meta property=\"og:url\" content=\"https:\/\/www.miomiorun.com\/fr\/produit\/essence-thermal-ponytail-hat\/\" \/>\n<meta property=\"og:site_name\" content=\"MioMioRun\" \/>\n<meta property=\"article:publisher\" content=\"https:\/\/www.facebook.com\/miomiorun\/\" \/>\n<meta property=\"article:modified_time\" content=\"2026-05-09T08:23:13+00:00\" \/>\n<meta property=\"og:image\" content=\"https:\/\/www.miomiorun.com\/app\/uploads\/2025\/11\/craft-Essence-thermal-ponytail-hat-black-1916628-999000.webp\" \/>\n\t<meta property=\"og:image:width\" content=\"720\" \/>\n\t<meta property=\"og:image:height\" content=\"720\" \/>\n\t<meta property=\"og:image:type\" content=\"image\/webp\" \/>\n<meta name=\"twitter:card\" content=\"summary_large_image\" \/>\n<meta name=\"twitter:label1\" content=\"Est. reading time\" \/>\n\t<meta name=\"twitter:data1\" content=\"1 minute\" \/>\n<script type=\"application\/ld+json\" class=\"yoast-schema-graph\">{\"@context\":\"https:\/\/schema.org\",\"@graph\":[{\"@type\":\"WebPage\",\"@id\":\"https:\/\/www.miomiorun.com\/fr\/produit\/essence-thermal-ponytail-hat\/\",\"url\":\"https:\/\/www.miomiorun.com\/fr\/produit\/essence-thermal-ponytail-hat\/\",\"name\":\"Craft Essence Thermal Ponytail Hat - casquette de course - MioMioRun.com\",\"isPartOf\":{\"@id\":\"https:\/\/www.miomiorun.com\/fr\/#website\"},\"primaryImageOfPage\":{\"@id\":\"https:\/\/www.miomiorun.com\/fr\/produit\/essence-thermal-ponytail-hat\/#primaryimage\"},\"image\":{\"@id\":\"https:\/\/www.miomiorun.com\/fr\/produit\/essence-thermal-ponytail-hat\/#primaryimage\"},\"thumbnailUrl\":\"https:\/\/www.miomiorun.com\/app\/uploads\/2025\/11\/craft-Essence-thermal-ponytail-hat-black-1916628-999000.webp\",\"datePublished\":\"2025-11-08T14:54:45+00:00\",\"dateModified\":\"2026-05-09T08:23:13+00:00\",\"description\":\"Bonnet technique en polyester recycl\u00e9 avec int\u00e9rieur bross\u00e9 et trou pour queue de cheval. Chaud, confortable et id\u00e9al pour l'entra\u00eenement en plein air.\",\"breadcrumb\":{\"@id\":\"https:\/\/www.miomiorun.com\/fr\/produit\/essence-thermal-ponytail-hat\/#breadcrumb\"},\"inLanguage\":\"fr-FR\",\"potentialAction\":[{\"@type\":\"ReadAction\",\"target\":[\"https:\/\/www.miomiorun.com\/fr\/produit\/essence-thermal-ponytail-hat\/\"]}]},{\"@type\":\"ImageObject\",\"inLanguage\":\"fr-FR\",\"@id\":\"https:\/\/www.miomiorun.com\/fr\/produit\/essence-thermal-ponytail-hat\/#primaryimage\",\"url\":\"https:\/\/www.miomiorun.com\/app\/uploads\/2025\/11\/craft-Essence-thermal-ponytail-hat-black-1916628-999000.webp\",\"contentUrl\":\"https:\/\/www.miomiorun.com\/app\/uploads\/2025\/11\/craft-Essence-thermal-ponytail-hat-black-1916628-999000.webp\",\"width\":720,\"height\":720,\"caption\":\"craft Essence thermal ponytail hat black 1916628-999000\"},{\"@type\":\"BreadcrumbList\",\"@id\":\"https:\/\/www.miomiorun.com\/fr\/produit\/essence-thermal-ponytail-hat\/#breadcrumb\",\"itemListElement\":[{\"@type\":\"ListItem\",\"position\":1,\"name\":\"Home\",\"item\":\"https:\/\/www.miomiorun.com\/fr\/home-page\/\"},{\"@type\":\"ListItem\",\"position\":2,\"name\":\"Shop\",\"item\":\"https:\/\/www.miomiorun.com\/shop\/\"},{\"@type\":\"ListItem\",\"position\":3,\"name\":\"Essence Thermal Ponytail Hat\"}]},{\"@type\":\"WebSite\",\"@id\":\"https:\/\/www.miomiorun.com\/fr\/#website\",\"url\":\"https:\/\/www.miomiorun.com\/fr\/\",\"name\":\"MioMioRun\",\"description\":\"Boutique 100% running et trail\",\"publisher\":{\"@id\":\"https:\/\/www.miomiorun.com\/fr\/#organization\"},\"potentialAction\":[{\"@type\":\"SearchAction\",\"target\":{\"@type\":\"EntryPoint\",\"urlTemplate\":\"https:\/\/www.miomiorun.com\/fr\/?s={search_term_string}\"},\"query-input\":{\"@type\":\"PropertyValueSpecification\",\"valueRequired\":true,\"valueName\":\"search_term_string\"}}],\"inLanguage\":\"fr-FR\"},{\"@type\":\"Organization\",\"@id\":\"https:\/\/www.miomiorun.com\/fr\/#organization\",\"name\":\"MioMio Run\",\"url\":\"https:\/\/www.miomiorun.com\/fr\/\",\"logo\":{\"@type\":\"ImageObject\",\"inLanguage\":\"fr-FR\",\"@id\":\"https:\/\/www.miomiorun.com\/fr\/#\/schema\/logo\/image\/\",\"url\":\"https:\/\/www.miomiorun.com\/app\/uploads\/2019\/12\/logomio.png\",\"contentUrl\":\"https:\/\/www.miomiorun.com\/app\/uploads\/2019\/12\/logomio.png\",\"width\":115,\"height\":82,\"caption\":\"MioMio Run\"},\"image\":{\"@id\":\"https:\/\/www.miomiorun.com\/fr\/#\/schema\/logo\/image\/\"},\"sameAs\":[\"https:\/\/www.facebook.com\/miomiorun\/\",\"https:\/\/www.instagram.com\/miomiorun\/\"]}]}<\/script>\n<!-- \/ Yoast SEO plugin. -->","yoast_head_json":{"title":"Craft Essence Thermal Ponytail Hat - casquette de course - MioMioRun.com","description":"Bonnet technique en polyester recycl\u00e9 avec int\u00e9rieur bross\u00e9 et trou pour queue de cheval. Chaud, confortable et id\u00e9al pour l'entra\u00eenement en plein air.","robots":{"index":"index","follow":"follow","max-snippet":"max-snippet:-1","max-image-preview":"max-image-preview:large","max-video-preview":"max-video-preview:-1"},"canonical":"https:\/\/www.miomiorun.com\/fr\/produit\/essence-thermal-ponytail-hat\/","og_locale":"fr_FR","og_type":"article","og_title":"Craft Essence Thermal Ponytail Hat - casquette de course - MioMioRun.com","og_description":"Bonnet technique en polyester recycl\u00e9 avec int\u00e9rieur bross\u00e9 et trou pour queue de cheval. Chaud, confortable et id\u00e9al pour l'entra\u00eenement en plein air.","og_url":"https:\/\/www.miomiorun.com\/fr\/produit\/essence-thermal-ponytail-hat\/","og_site_name":"MioMioRun","article_publisher":"https:\/\/www.facebook.com\/miomiorun\/","article_modified_time":"2026-05-09T08:23:13+00:00","og_image":[{"width":720,"height":720,"url":"https:\/\/www.miomiorun.com\/app\/uploads\/2025\/11\/craft-Essence-thermal-ponytail-hat-black-1916628-999000.webp","type":"image\/webp"}],"twitter_card":"summary_large_image","twitter_misc":{"Est. reading time":"1 minute"},"schema":{"@context":"https:\/\/schema.org","@graph":[{"@type":"WebPage","@id":"https:\/\/www.miomiorun.com\/fr\/produit\/essence-thermal-ponytail-hat\/","url":"https:\/\/www.miomiorun.com\/fr\/produit\/essence-thermal-ponytail-hat\/","name":"Craft Essence Thermal Ponytail Hat - casquette de course - MioMioRun.com","isPartOf":{"@id":"https:\/\/www.miomiorun.com\/fr\/#website"},"primaryImageOfPage":{"@id":"https:\/\/www.miomiorun.com\/fr\/produit\/essence-thermal-ponytail-hat\/#primaryimage"},"image":{"@id":"https:\/\/www.miomiorun.com\/fr\/produit\/essence-thermal-ponytail-hat\/#primaryimage"},"thumbnailUrl":"https:\/\/www.miomiorun.com\/app\/uploads\/2025\/11\/craft-Essence-thermal-ponytail-hat-black-1916628-999000.webp","datePublished":"2025-11-08T14:54:45+00:00","dateModified":"2026-05-09T08:23:13+00:00","description":"Bonnet technique en polyester recycl\u00e9 avec int\u00e9rieur bross\u00e9 et trou pour queue de cheval. Chaud, confortable et id\u00e9al pour l'entra\u00eenement en plein air.","breadcrumb":{"@id":"https:\/\/www.miomiorun.com\/fr\/produit\/essence-thermal-ponytail-hat\/#breadcrumb"},"inLanguage":"fr-FR","potentialAction":[{"@type":"ReadAction","target":["https:\/\/www.miomiorun.com\/fr\/produit\/essence-thermal-ponytail-hat\/"]}]},{"@type":"ImageObject","inLanguage":"fr-FR","@id":"https:\/\/www.miomiorun.com\/fr\/produit\/essence-thermal-ponytail-hat\/#primaryimage","url":"https:\/\/www.miomiorun.com\/app\/uploads\/2025\/11\/craft-Essence-thermal-ponytail-hat-black-1916628-999000.webp","contentUrl":"https:\/\/www.miomiorun.com\/app\/uploads\/2025\/11\/craft-Essence-thermal-ponytail-hat-black-1916628-999000.webp","width":720,"height":720,"caption":"craft Essence thermal ponytail hat black 1916628-999000"},{"@type":"BreadcrumbList","@id":"https:\/\/www.miomiorun.com\/fr\/produit\/essence-thermal-ponytail-hat\/#breadcrumb","itemListElement":[{"@type":"ListItem","position":1,"name":"Home","item":"https:\/\/www.miomiorun.com\/fr\/home-page\/"},{"@type":"ListItem","position":2,"name":"Shop","item":"https:\/\/www.miomiorun.com\/shop\/"},{"@type":"ListItem","position":3,"name":"Essence Thermal Ponytail Hat"}]},{"@type":"WebSite","@id":"https:\/\/www.miomiorun.com\/fr\/#website","url":"https:\/\/www.miomiorun.com\/fr\/","name":"MioMioRun","description":"Boutique 100% running et trail","publisher":{"@id":"https:\/\/www.miomiorun.com\/fr\/#organization"},"potentialAction":[{"@type":"SearchAction","target":{"@type":"EntryPoint","urlTemplate":"https:\/\/www.miomiorun.com\/fr\/?s={search_term_string}"},"query-input":{"@type":"PropertyValueSpecification","valueRequired":true,"valueName":"search_term_string"}}],"inLanguage":"fr-FR"},{"@type":"Organization","@id":"https:\/\/www.miomiorun.com\/fr\/#organization","name":"MioMio Run","url":"https:\/\/www.miomiorun.com\/fr\/","logo":{"@type":"ImageObject","inLanguage":"fr-FR","@id":"https:\/\/www.miomiorun.com\/fr\/#\/schema\/logo\/image\/","url":"https:\/\/www.miomiorun.com\/app\/uploads\/2019\/12\/logomio.png","contentUrl":"https:\/\/www.miomiorun.com\/app\/uploads\/2019\/12\/logomio.png","width":115,"height":82,"caption":"MioMio Run"},"image":{"@id":"https:\/\/www.miomiorun.com\/fr\/#\/schema\/logo\/image\/"},"sameAs":["https:\/\/www.facebook.com\/miomiorun\/","https:\/\/www.instagram.com\/miomiorun\/"]}]}},"_links":{"self":[{"href":"https:\/\/www.miomiorun.com\/fr\/wp-json\/wp\/v2\/product\/368268","targetHints":{"allow":["GET"]}}],"collection":[{"href":"https:\/\/www.miomiorun.com\/fr\/wp-json\/wp\/v2\/product"}],"about":[{"href":"https:\/\/www.miomiorun.com\/fr\/wp-json\/wp\/v2\/types\/product"}],"wp:featuredmedia":[{"embeddable":true,"href":"https:\/\/www.miomiorun.com\/fr\/wp-json\/wp\/v2\/media\/368900"}],"wp:attachment":[{"href":"https:\/\/www.miomiorun.com\/fr\/wp-json\/wp\/v2\/media?parent=368268"}],"wp:term":[{"taxonomy":"product_brand","embeddable":true,"href":"https:\/\/www.miomiorun.com\/fr\/wp-json\/wp\/v2\/product_brand?post=368268"},{"taxonomy":"product_cat","embeddable":true,"href":"https:\/\/www.miomiorun.com\/fr\/wp-json\/wp\/v2\/product_cat?post=368268"},{"taxonomy":"product_tag","embeddable":true,"href":"https:\/\/www.miomiorun.com\/fr\/wp-json\/wp\/v2\/product_tag?post=368268"}],"curies":[{"name":"wp","href":"https:\/\/api.w.org\/{rel}","templated":true}]}}