{"id":368200,"date":"2025-11-08T15:34:25","date_gmt":"2025-11-08T14:34:25","guid":{"rendered":"https:\/\/www.miomiorun.com\/?post_type=product&#038;p=368200"},"modified":"2026-05-08T15:47:27","modified_gmt":"2026-05-08T13:47:27","slug":"core-essence-headband","status":"publish","type":"product","link":"https:\/\/www.miomiorun.com\/fr\/produit\/core-essence-headband\/","title":{"rendered":"Core essence headband"},"content":{"rendered":"<p data-start=\"216\" data-end=\"627\">Le <strong data-start=\"247\" data-end=\"280\">Core Essence Headband<\/strong> est un <strong data-start=\"287\" data-end=\"330\">bandeau technique l\u00e9ger et extensible<\/strong>, fabriqu\u00e9 en <strong data-start=\"346\" data-end=\"385\">jersey thermique bross\u00e9 recycl\u00e9<\/strong> pour offrir <strong data-start=\"398\" data-end=\"439\">une chaleur, une douceur et un confort optimaux<\/strong> lors des activit\u00e9s de plein air. Le tissu garantit un excellent \u00e9quilibre entre <strong data-start=\"520\" data-end=\"551\">isolation et respirabilit\u00e9<\/strong>, gardant la t\u00eate au sec et prot\u00e9g\u00e9e m\u00eame pendant les journ\u00e9es les plus froides.<\/p>\n<p data-start=\"629\" data-end=\"913\">Son design minimaliste et fonctionnel la rend parfaite pour <strong data-start=\"682\" data-end=\"728\">la course \u00e0 pied, la randonn\u00e9e ou les entra\u00eenements en plein air<\/strong> par temps mod\u00e9r\u00e9ment froid. Sa structure \u00e9lastique assure un ajustement stable et confortable, tandis que le tissu recycl\u00e9 contribue \u00e0 r\u00e9duire l&#8217;impact environnemental.<\/p>\n<ul>\n<li data-start=\"1127\" data-end=\"1194\">\n<p data-start=\"1129\" data-end=\"1194\">Fabriqu\u00e9 en jersey thermique bross\u00e9 \u00e0 partir de polyester recycl\u00e9<\/p>\n<\/li>\n<li data-start=\"1195\" data-end=\"1252\">\n<p data-start=\"1197\" data-end=\"1252\">L\u00e9ger, doux et extensible pour un confort maximal<\/p>\n<\/li>\n<li data-start=\"1253\" data-end=\"1299\">\n<p data-start=\"1255\" data-end=\"1299\">Excellente isolation thermique et respirabilit\u00e9<\/p>\n<\/li>\n<li data-start=\"1300\" data-end=\"1363\">\n<p data-start=\"1302\" data-end=\"1363\">Coupe stable, id\u00e9ale pour l&#8217;entra\u00eenement et les sports de plein air<\/p>\n<\/li>\n<\/ul>\n<p>&nbsp;<\/p>\n<p>&nbsp;<\/p>\n<p dir=\"ltr\" data-placeholder=\"Traduzione\"><\/p>\n","protected":false},"excerpt":{"rendered":"<ul>\n<li data-start=\"1127\" data-end=\"1194\">\n<p data-start=\"1129\" data-end=\"1194\">Fabriqu\u00e9 en jersey thermique bross\u00e9 \u00e0 partir de polyester recycl\u00e9<\/p>\n<\/li>\n<li data-start=\"1195\" data-end=\"1252\">\n<p data-start=\"1197\" data-end=\"1252\">L\u00e9ger, doux et extensible pour un confort maximal<\/p>\n<\/li>\n<\/ul>\n","protected":false},"featured_media":368883,"template":"","meta":{"_acf_changed":false,"inline_featured_image":false},"product_brand":[],"product_cat":[22580,22538],"product_tag":[23554],"class_list":{"0":"post-368200","1":"product","2":"type-product","3":"status-publish","4":"has-post-thumbnail","6":"product_cat-chapeaux-casquettes","7":"product_cat-accessoires","8":"product_tag-craft-fr","9":"pa_attivita-marcher","10":"pa_attivita-running-fr","11":"pa_colore-core-essence-headband-black-fr","12":"pa_colore-core-essence-headband-blaze-fr","13":"pa_marca-craft-fr","14":"pa_sesso-femme","15":"pa_sesso-homme","16":"pa_size-s-m-fr","17":"pa_size-l-xl-fr","19":"first","20":"instock","21":"sale","22":"taxable","23":"shipping-taxable","24":"purchasable","25":"product-type-variable","26":"wvs-archive-product-wrapper"},"acf":[],"yoast_head":"<!-- This site is optimized with the Yoast SEO plugin v26.8 - https:\/\/yoast.com\/product\/yoast-seo-wordpress\/ -->\n<title>Craft Core essence headband - bandeau de course - MioMioRun.com<\/title>\n<meta name=\"description\" content=\"Bande thermique l\u00e9g\u00e8re en jersey recycl\u00e9 bross\u00e9. Chaude, respirante et \u00e9lastique, id\u00e9ale pour la course \u00e0 pied et les activit\u00e9s hivernales en plein air.\" \/>\n<meta name=\"robots\" content=\"index, follow, max-snippet:-1, max-image-preview:large, max-video-preview:-1\" \/>\n<link rel=\"canonical\" href=\"https:\/\/www.miomiorun.com\/fr\/produit\/core-essence-headband\/\" \/>\n<meta property=\"og:locale\" content=\"fr_FR\" \/>\n<meta property=\"og:type\" content=\"article\" \/>\n<meta property=\"og:title\" content=\"Craft Core essence headband - bandeau de course - MioMioRun.com\" \/>\n<meta property=\"og:description\" content=\"Bande thermique l\u00e9g\u00e8re en jersey recycl\u00e9 bross\u00e9. Chaude, respirante et \u00e9lastique, id\u00e9ale pour la course \u00e0 pied et les activit\u00e9s hivernales en plein air.\" \/>\n<meta property=\"og:url\" content=\"https:\/\/www.miomiorun.com\/fr\/produit\/core-essence-headband\/\" \/>\n<meta property=\"og:site_name\" content=\"MioMioRun\" \/>\n<meta property=\"article:publisher\" content=\"https:\/\/www.facebook.com\/miomiorun\/\" \/>\n<meta property=\"article:modified_time\" content=\"2026-05-08T13:47:27+00:00\" \/>\n<meta property=\"og:image\" content=\"https:\/\/www.miomiorun.com\/app\/uploads\/2025\/11\/craft-Core-essence-headband-blaze-1916627-396000.webp\" \/>\n\t<meta property=\"og:image:width\" content=\"720\" \/>\n\t<meta property=\"og:image:height\" content=\"720\" \/>\n\t<meta property=\"og:image:type\" content=\"image\/webp\" \/>\n<meta name=\"twitter:card\" content=\"summary_large_image\" \/>\n<meta name=\"twitter:label1\" content=\"Est. reading time\" \/>\n\t<meta name=\"twitter:data1\" content=\"1 minute\" \/>\n<script type=\"application\/ld+json\" class=\"yoast-schema-graph\">{\"@context\":\"https:\/\/schema.org\",\"@graph\":[{\"@type\":\"WebPage\",\"@id\":\"https:\/\/www.miomiorun.com\/fr\/produit\/core-essence-headband\/\",\"url\":\"https:\/\/www.miomiorun.com\/fr\/produit\/core-essence-headband\/\",\"name\":\"Craft Core essence headband - bandeau de course - MioMioRun.com\",\"isPartOf\":{\"@id\":\"https:\/\/www.miomiorun.com\/fr\/#website\"},\"primaryImageOfPage\":{\"@id\":\"https:\/\/www.miomiorun.com\/fr\/produit\/core-essence-headband\/#primaryimage\"},\"image\":{\"@id\":\"https:\/\/www.miomiorun.com\/fr\/produit\/core-essence-headband\/#primaryimage\"},\"thumbnailUrl\":\"https:\/\/www.miomiorun.com\/app\/uploads\/2025\/11\/craft-Core-essence-headband-blaze-1916627-396000.webp\",\"datePublished\":\"2025-11-08T14:34:25+00:00\",\"dateModified\":\"2026-05-08T13:47:27+00:00\",\"description\":\"Bande thermique l\u00e9g\u00e8re en jersey recycl\u00e9 bross\u00e9. Chaude, respirante et \u00e9lastique, id\u00e9ale pour la course \u00e0 pied et les activit\u00e9s hivernales en plein air.\",\"breadcrumb\":{\"@id\":\"https:\/\/www.miomiorun.com\/fr\/produit\/core-essence-headband\/#breadcrumb\"},\"inLanguage\":\"fr-FR\",\"potentialAction\":[{\"@type\":\"ReadAction\",\"target\":[\"https:\/\/www.miomiorun.com\/fr\/produit\/core-essence-headband\/\"]}]},{\"@type\":\"ImageObject\",\"inLanguage\":\"fr-FR\",\"@id\":\"https:\/\/www.miomiorun.com\/fr\/produit\/core-essence-headband\/#primaryimage\",\"url\":\"https:\/\/www.miomiorun.com\/app\/uploads\/2025\/11\/craft-Core-essence-headband-blaze-1916627-396000.webp\",\"contentUrl\":\"https:\/\/www.miomiorun.com\/app\/uploads\/2025\/11\/craft-Core-essence-headband-blaze-1916627-396000.webp\",\"width\":720,\"height\":720,\"caption\":\"craft Core essence headband blaze 1916627-396000\"},{\"@type\":\"BreadcrumbList\",\"@id\":\"https:\/\/www.miomiorun.com\/fr\/produit\/core-essence-headband\/#breadcrumb\",\"itemListElement\":[{\"@type\":\"ListItem\",\"position\":1,\"name\":\"Home\",\"item\":\"https:\/\/www.miomiorun.com\/fr\/home-page\/\"},{\"@type\":\"ListItem\",\"position\":2,\"name\":\"Shop\",\"item\":\"https:\/\/www.miomiorun.com\/shop\/\"},{\"@type\":\"ListItem\",\"position\":3,\"name\":\"Core essence headband\"}]},{\"@type\":\"WebSite\",\"@id\":\"https:\/\/www.miomiorun.com\/fr\/#website\",\"url\":\"https:\/\/www.miomiorun.com\/fr\/\",\"name\":\"MioMioRun\",\"description\":\"Boutique 100% running et trail\",\"publisher\":{\"@id\":\"https:\/\/www.miomiorun.com\/fr\/#organization\"},\"potentialAction\":[{\"@type\":\"SearchAction\",\"target\":{\"@type\":\"EntryPoint\",\"urlTemplate\":\"https:\/\/www.miomiorun.com\/fr\/?s={search_term_string}\"},\"query-input\":{\"@type\":\"PropertyValueSpecification\",\"valueRequired\":true,\"valueName\":\"search_term_string\"}}],\"inLanguage\":\"fr-FR\"},{\"@type\":\"Organization\",\"@id\":\"https:\/\/www.miomiorun.com\/fr\/#organization\",\"name\":\"MioMio Run\",\"url\":\"https:\/\/www.miomiorun.com\/fr\/\",\"logo\":{\"@type\":\"ImageObject\",\"inLanguage\":\"fr-FR\",\"@id\":\"https:\/\/www.miomiorun.com\/fr\/#\/schema\/logo\/image\/\",\"url\":\"https:\/\/www.miomiorun.com\/app\/uploads\/2019\/12\/logomio.png\",\"contentUrl\":\"https:\/\/www.miomiorun.com\/app\/uploads\/2019\/12\/logomio.png\",\"width\":115,\"height\":82,\"caption\":\"MioMio Run\"},\"image\":{\"@id\":\"https:\/\/www.miomiorun.com\/fr\/#\/schema\/logo\/image\/\"},\"sameAs\":[\"https:\/\/www.facebook.com\/miomiorun\/\",\"https:\/\/www.instagram.com\/miomiorun\/\"]}]}<\/script>\n<!-- \/ Yoast SEO plugin. -->","yoast_head_json":{"title":"Craft Core essence headband - bandeau de course - MioMioRun.com","description":"Bande thermique l\u00e9g\u00e8re en jersey recycl\u00e9 bross\u00e9. Chaude, respirante et \u00e9lastique, id\u00e9ale pour la course \u00e0 pied et les activit\u00e9s hivernales en plein air.","robots":{"index":"index","follow":"follow","max-snippet":"max-snippet:-1","max-image-preview":"max-image-preview:large","max-video-preview":"max-video-preview:-1"},"canonical":"https:\/\/www.miomiorun.com\/fr\/produit\/core-essence-headband\/","og_locale":"fr_FR","og_type":"article","og_title":"Craft Core essence headband - bandeau de course - MioMioRun.com","og_description":"Bande thermique l\u00e9g\u00e8re en jersey recycl\u00e9 bross\u00e9. Chaude, respirante et \u00e9lastique, id\u00e9ale pour la course \u00e0 pied et les activit\u00e9s hivernales en plein air.","og_url":"https:\/\/www.miomiorun.com\/fr\/produit\/core-essence-headband\/","og_site_name":"MioMioRun","article_publisher":"https:\/\/www.facebook.com\/miomiorun\/","article_modified_time":"2026-05-08T13:47:27+00:00","og_image":[{"width":720,"height":720,"url":"https:\/\/www.miomiorun.com\/app\/uploads\/2025\/11\/craft-Core-essence-headband-blaze-1916627-396000.webp","type":"image\/webp"}],"twitter_card":"summary_large_image","twitter_misc":{"Est. reading time":"1 minute"},"schema":{"@context":"https:\/\/schema.org","@graph":[{"@type":"WebPage","@id":"https:\/\/www.miomiorun.com\/fr\/produit\/core-essence-headband\/","url":"https:\/\/www.miomiorun.com\/fr\/produit\/core-essence-headband\/","name":"Craft Core essence headband - bandeau de course - MioMioRun.com","isPartOf":{"@id":"https:\/\/www.miomiorun.com\/fr\/#website"},"primaryImageOfPage":{"@id":"https:\/\/www.miomiorun.com\/fr\/produit\/core-essence-headband\/#primaryimage"},"image":{"@id":"https:\/\/www.miomiorun.com\/fr\/produit\/core-essence-headband\/#primaryimage"},"thumbnailUrl":"https:\/\/www.miomiorun.com\/app\/uploads\/2025\/11\/craft-Core-essence-headband-blaze-1916627-396000.webp","datePublished":"2025-11-08T14:34:25+00:00","dateModified":"2026-05-08T13:47:27+00:00","description":"Bande thermique l\u00e9g\u00e8re en jersey recycl\u00e9 bross\u00e9. Chaude, respirante et \u00e9lastique, id\u00e9ale pour la course \u00e0 pied et les activit\u00e9s hivernales en plein air.","breadcrumb":{"@id":"https:\/\/www.miomiorun.com\/fr\/produit\/core-essence-headband\/#breadcrumb"},"inLanguage":"fr-FR","potentialAction":[{"@type":"ReadAction","target":["https:\/\/www.miomiorun.com\/fr\/produit\/core-essence-headband\/"]}]},{"@type":"ImageObject","inLanguage":"fr-FR","@id":"https:\/\/www.miomiorun.com\/fr\/produit\/core-essence-headband\/#primaryimage","url":"https:\/\/www.miomiorun.com\/app\/uploads\/2025\/11\/craft-Core-essence-headband-blaze-1916627-396000.webp","contentUrl":"https:\/\/www.miomiorun.com\/app\/uploads\/2025\/11\/craft-Core-essence-headband-blaze-1916627-396000.webp","width":720,"height":720,"caption":"craft Core essence headband blaze 1916627-396000"},{"@type":"BreadcrumbList","@id":"https:\/\/www.miomiorun.com\/fr\/produit\/core-essence-headband\/#breadcrumb","itemListElement":[{"@type":"ListItem","position":1,"name":"Home","item":"https:\/\/www.miomiorun.com\/fr\/home-page\/"},{"@type":"ListItem","position":2,"name":"Shop","item":"https:\/\/www.miomiorun.com\/shop\/"},{"@type":"ListItem","position":3,"name":"Core essence headband"}]},{"@type":"WebSite","@id":"https:\/\/www.miomiorun.com\/fr\/#website","url":"https:\/\/www.miomiorun.com\/fr\/","name":"MioMioRun","description":"Boutique 100% running et trail","publisher":{"@id":"https:\/\/www.miomiorun.com\/fr\/#organization"},"potentialAction":[{"@type":"SearchAction","target":{"@type":"EntryPoint","urlTemplate":"https:\/\/www.miomiorun.com\/fr\/?s={search_term_string}"},"query-input":{"@type":"PropertyValueSpecification","valueRequired":true,"valueName":"search_term_string"}}],"inLanguage":"fr-FR"},{"@type":"Organization","@id":"https:\/\/www.miomiorun.com\/fr\/#organization","name":"MioMio Run","url":"https:\/\/www.miomiorun.com\/fr\/","logo":{"@type":"ImageObject","inLanguage":"fr-FR","@id":"https:\/\/www.miomiorun.com\/fr\/#\/schema\/logo\/image\/","url":"https:\/\/www.miomiorun.com\/app\/uploads\/2019\/12\/logomio.png","contentUrl":"https:\/\/www.miomiorun.com\/app\/uploads\/2019\/12\/logomio.png","width":115,"height":82,"caption":"MioMio Run"},"image":{"@id":"https:\/\/www.miomiorun.com\/fr\/#\/schema\/logo\/image\/"},"sameAs":["https:\/\/www.facebook.com\/miomiorun\/","https:\/\/www.instagram.com\/miomiorun\/"]}]}},"_links":{"self":[{"href":"https:\/\/www.miomiorun.com\/fr\/wp-json\/wp\/v2\/product\/368200","targetHints":{"allow":["GET"]}}],"collection":[{"href":"https:\/\/www.miomiorun.com\/fr\/wp-json\/wp\/v2\/product"}],"about":[{"href":"https:\/\/www.miomiorun.com\/fr\/wp-json\/wp\/v2\/types\/product"}],"wp:featuredmedia":[{"embeddable":true,"href":"https:\/\/www.miomiorun.com\/fr\/wp-json\/wp\/v2\/media\/368883"}],"wp:attachment":[{"href":"https:\/\/www.miomiorun.com\/fr\/wp-json\/wp\/v2\/media?parent=368200"}],"wp:term":[{"taxonomy":"product_brand","embeddable":true,"href":"https:\/\/www.miomiorun.com\/fr\/wp-json\/wp\/v2\/product_brand?post=368200"},{"taxonomy":"product_cat","embeddable":true,"href":"https:\/\/www.miomiorun.com\/fr\/wp-json\/wp\/v2\/product_cat?post=368200"},{"taxonomy":"product_tag","embeddable":true,"href":"https:\/\/www.miomiorun.com\/fr\/wp-json\/wp\/v2\/product_tag?post=368200"}],"curies":[{"name":"wp","href":"https:\/\/api.w.org\/{rel}","templated":true}]}}