{"id":368166,"date":"2025-11-08T12:25:01","date_gmt":"2025-11-08T11:25:01","guid":{"rendered":"https:\/\/www.miomiorun.com\/?post_type=product&#038;p=368166"},"modified":"2026-05-09T10:22:45","modified_gmt":"2026-05-09T08:22:45","slug":"core-essence-hat","status":"publish","type":"product","link":"https:\/\/www.miomiorun.com\/fr\/produit\/core-essence-hat\/","title":{"rendered":"CORE Essence Hat"},"content":{"rendered":"<p data-start=\"228\" data-end=\"653\">Le <strong data-start=\"259\" data-end=\"289\">Core Essence Thermal Hat 2<\/strong> est un <strong data-start=\"295\" data-end=\"340\">bonnet technique l\u00e9ger et extensible<\/strong>, con\u00e7u pour offrir <strong data-start=\"365\" data-end=\"394\">une chaleur et un confort optimaux<\/strong> lors des entra\u00eenements par temps froid. Fabriqu\u00e9 en <strong data-start=\"455\" data-end=\"486\">jersey recycl\u00e9 bross\u00e9<\/strong>, il allie douceur, respirabilit\u00e9 et excellentes capacit\u00e9s de gestion de l&#8217;humidit\u00e9, gardant votre t\u00eate <strong data-start=\"587\" data-end=\"610\">au sec et prot\u00e9g\u00e9e<\/strong> m\u00eame pendant une activit\u00e9 physique intense.<\/p>\n<p data-start=\"655\" data-end=\"934\">La nouvelle version pr\u00e9sente un <strong data-start=\"685\" data-end=\"707\">design pliable<\/strong>, qui permet d&#8217;<strong data-start=\"725\" data-end=\"772\">adapter facilement la couverture et le style<\/strong> en fonction de la temp\u00e9rature et des pr\u00e9f\u00e9rences personnelles. Le logo r\u00e9fl\u00e9chissant sur le devant garantit une <strong data-start=\"870\" data-end=\"893\">meilleure visibilit\u00e9<\/strong> dans des conditions de faible luminosit\u00e9.<\/p>\n<p data-start=\"936\" data-end=\"1109\">Parfait pour la <strong data-start=\"952\" data-end=\"1000\">course \u00e0 pied, la randonn\u00e9e ou l&#8217;entra\u00eenement en plein air<\/strong> pendant les saisons froides, c&#8217;est un accessoire technique et durable, con\u00e7u pour vous accompagner dans tous vos d\u00e9fis.<\/p>\n<ul>\n<li data-start=\"1325\" data-end=\"1395\">\n<p data-start=\"1327\" data-end=\"1395\">Jersey doux, extensible et bross\u00e9 en polyester recycl\u00e9<\/p>\n<\/li>\n<li data-start=\"1396\" data-end=\"1450\">\n<p data-start=\"1398\" data-end=\"1450\">Excellente gestion de l&#8217;humidit\u00e9 et confort thermique<\/p>\n<\/li>\n<li data-start=\"1451\" data-end=\"1513\">\n<p data-start=\"1453\" data-end=\"1513\">Conception pliable pour des r\u00e9glages rapides et personnalis\u00e9s<\/p>\n<\/li>\n<li data-start=\"1514\" data-end=\"1567\">\n<p data-start=\"1516\" data-end=\"1567\">Logo r\u00e9fl\u00e9chissant \u00e0 l&#8217;avant pour une meilleure visibilit\u00e9<\/p>\n<\/li>\n<li data-start=\"1568\" data-end=\"1632\">\n<p data-start=\"1570\" data-end=\"1632\">Parfait pour la course \u00e0 pied et les activit\u00e9s de plein air par temps froid<\/p>\n<\/li>\n<\/ul>\n<p>&nbsp;<\/p>\n<p dir=\"ltr\" data-placeholder=\"Traduzione\"><\/p>\n","protected":false},"excerpt":{"rendered":"<ul>\n<li data-start=\"1514\" data-end=\"1567\">\n<p data-start=\"1516\" data-end=\"1567\">Logo r\u00e9fl\u00e9chissant \u00e0 l&#8217;avant pour une meilleure visibilit\u00e9<\/p>\n<\/li>\n<li data-start=\"1568\" data-end=\"1632\">\n<p data-start=\"1570\" data-end=\"1632\">Id\u00e9al pour la course \u00e0 pied et les activit\u00e9s de plein air par temps froid<\/p>\n<\/li>\n<\/ul>\n","protected":false},"featured_media":368792,"template":"","meta":{"_acf_changed":false,"inline_featured_image":false},"product_brand":[],"product_cat":[22580,22538],"product_tag":[23554],"class_list":{"0":"post-368166","1":"product","2":"type-product","3":"status-publish","4":"has-post-thumbnail","6":"product_cat-chapeaux-casquettes","7":"product_cat-accessoires","8":"product_tag-craft-fr","9":"pa_attivita-marcher","10":"pa_attivita-running-fr","11":"pa_colore-core-essence-hat-black-fr","12":"pa_colore-core-essence-hat-blaze-fr","13":"pa_colore-core-essence-hat-flumino-fr","14":"pa_colore-core-essence-hat-ink-blue-fr","15":"pa_marca-craft-fr","16":"pa_sesso-femme","17":"pa_sesso-homme","18":"pa_size-s-m-fr","19":"pa_size-l-xl-fr","21":"first","22":"instock","23":"sale","24":"taxable","25":"shipping-taxable","26":"purchasable","27":"product-type-variable","28":"wvs-archive-product-wrapper"},"acf":[],"yoast_head":"<!-- This site is optimized with the Yoast SEO plugin v26.8 - https:\/\/yoast.com\/product\/yoast-seo-wordpress\/ -->\n<title>Craft CORE Essence Hat - casquette de course - MioMioRun.com<\/title>\n<meta name=\"description\" content=\"Bonnet technique en jersey recycl\u00e9 bross\u00e9. Chaud, respirant et ajustable, il offre confort et visibilit\u00e9 lors des entra\u00eenements hivernaux.\" \/>\n<meta name=\"robots\" content=\"index, follow, max-snippet:-1, max-image-preview:large, max-video-preview:-1\" \/>\n<link rel=\"canonical\" href=\"https:\/\/www.miomiorun.com\/fr\/produit\/core-essence-hat\/\" \/>\n<meta property=\"og:locale\" content=\"fr_FR\" \/>\n<meta property=\"og:type\" content=\"article\" \/>\n<meta property=\"og:title\" content=\"Craft CORE Essence Hat - casquette de course - MioMioRun.com\" \/>\n<meta property=\"og:description\" content=\"Bonnet technique en jersey recycl\u00e9 bross\u00e9. Chaud, respirant et ajustable, il offre confort et visibilit\u00e9 lors des entra\u00eenements hivernaux.\" \/>\n<meta property=\"og:url\" content=\"https:\/\/www.miomiorun.com\/fr\/produit\/core-essence-hat\/\" \/>\n<meta property=\"og:site_name\" content=\"MioMioRun\" \/>\n<meta property=\"article:publisher\" content=\"https:\/\/www.facebook.com\/miomiorun\/\" \/>\n<meta property=\"article:modified_time\" content=\"2026-05-09T08:22:45+00:00\" \/>\n<meta property=\"og:image\" content=\"https:\/\/www.miomiorun.com\/app\/uploads\/2025\/11\/craft-Core-essence-hat-flumino-1916626-851000.webp\" \/>\n\t<meta property=\"og:image:width\" content=\"720\" \/>\n\t<meta property=\"og:image:height\" content=\"720\" \/>\n\t<meta property=\"og:image:type\" content=\"image\/webp\" \/>\n<meta name=\"twitter:card\" content=\"summary_large_image\" \/>\n<meta name=\"twitter:label1\" content=\"Est. reading time\" \/>\n\t<meta name=\"twitter:data1\" content=\"1 minute\" \/>\n<script type=\"application\/ld+json\" class=\"yoast-schema-graph\">{\"@context\":\"https:\/\/schema.org\",\"@graph\":[{\"@type\":\"WebPage\",\"@id\":\"https:\/\/www.miomiorun.com\/fr\/produit\/core-essence-hat\/\",\"url\":\"https:\/\/www.miomiorun.com\/fr\/produit\/core-essence-hat\/\",\"name\":\"Craft CORE Essence Hat - casquette de course - MioMioRun.com\",\"isPartOf\":{\"@id\":\"https:\/\/www.miomiorun.com\/fr\/#website\"},\"primaryImageOfPage\":{\"@id\":\"https:\/\/www.miomiorun.com\/fr\/produit\/core-essence-hat\/#primaryimage\"},\"image\":{\"@id\":\"https:\/\/www.miomiorun.com\/fr\/produit\/core-essence-hat\/#primaryimage\"},\"thumbnailUrl\":\"https:\/\/www.miomiorun.com\/app\/uploads\/2025\/11\/craft-Core-essence-hat-flumino-1916626-851000.webp\",\"datePublished\":\"2025-11-08T11:25:01+00:00\",\"dateModified\":\"2026-05-09T08:22:45+00:00\",\"description\":\"Bonnet technique en jersey recycl\u00e9 bross\u00e9. Chaud, respirant et ajustable, il offre confort et visibilit\u00e9 lors des entra\u00eenements hivernaux.\",\"breadcrumb\":{\"@id\":\"https:\/\/www.miomiorun.com\/fr\/produit\/core-essence-hat\/#breadcrumb\"},\"inLanguage\":\"fr-FR\",\"potentialAction\":[{\"@type\":\"ReadAction\",\"target\":[\"https:\/\/www.miomiorun.com\/fr\/produit\/core-essence-hat\/\"]}]},{\"@type\":\"ImageObject\",\"inLanguage\":\"fr-FR\",\"@id\":\"https:\/\/www.miomiorun.com\/fr\/produit\/core-essence-hat\/#primaryimage\",\"url\":\"https:\/\/www.miomiorun.com\/app\/uploads\/2025\/11\/craft-Core-essence-hat-flumino-1916626-851000.webp\",\"contentUrl\":\"https:\/\/www.miomiorun.com\/app\/uploads\/2025\/11\/craft-Core-essence-hat-flumino-1916626-851000.webp\",\"width\":720,\"height\":720,\"caption\":\"craft Core essence hat flumino 1916626-851000\"},{\"@type\":\"BreadcrumbList\",\"@id\":\"https:\/\/www.miomiorun.com\/fr\/produit\/core-essence-hat\/#breadcrumb\",\"itemListElement\":[{\"@type\":\"ListItem\",\"position\":1,\"name\":\"Home\",\"item\":\"https:\/\/www.miomiorun.com\/fr\/home-page\/\"},{\"@type\":\"ListItem\",\"position\":2,\"name\":\"Shop\",\"item\":\"https:\/\/www.miomiorun.com\/shop\/\"},{\"@type\":\"ListItem\",\"position\":3,\"name\":\"CORE Essence Hat\"}]},{\"@type\":\"WebSite\",\"@id\":\"https:\/\/www.miomiorun.com\/fr\/#website\",\"url\":\"https:\/\/www.miomiorun.com\/fr\/\",\"name\":\"MioMioRun\",\"description\":\"Boutique 100% running et trail\",\"publisher\":{\"@id\":\"https:\/\/www.miomiorun.com\/fr\/#organization\"},\"potentialAction\":[{\"@type\":\"SearchAction\",\"target\":{\"@type\":\"EntryPoint\",\"urlTemplate\":\"https:\/\/www.miomiorun.com\/fr\/?s={search_term_string}\"},\"query-input\":{\"@type\":\"PropertyValueSpecification\",\"valueRequired\":true,\"valueName\":\"search_term_string\"}}],\"inLanguage\":\"fr-FR\"},{\"@type\":\"Organization\",\"@id\":\"https:\/\/www.miomiorun.com\/fr\/#organization\",\"name\":\"MioMio Run\",\"url\":\"https:\/\/www.miomiorun.com\/fr\/\",\"logo\":{\"@type\":\"ImageObject\",\"inLanguage\":\"fr-FR\",\"@id\":\"https:\/\/www.miomiorun.com\/fr\/#\/schema\/logo\/image\/\",\"url\":\"https:\/\/www.miomiorun.com\/app\/uploads\/2019\/12\/logomio.png\",\"contentUrl\":\"https:\/\/www.miomiorun.com\/app\/uploads\/2019\/12\/logomio.png\",\"width\":115,\"height\":82,\"caption\":\"MioMio Run\"},\"image\":{\"@id\":\"https:\/\/www.miomiorun.com\/fr\/#\/schema\/logo\/image\/\"},\"sameAs\":[\"https:\/\/www.facebook.com\/miomiorun\/\",\"https:\/\/www.instagram.com\/miomiorun\/\"]}]}<\/script>\n<!-- \/ Yoast SEO plugin. -->","yoast_head_json":{"title":"Craft CORE Essence Hat - casquette de course - MioMioRun.com","description":"Bonnet technique en jersey recycl\u00e9 bross\u00e9. Chaud, respirant et ajustable, il offre confort et visibilit\u00e9 lors des entra\u00eenements hivernaux.","robots":{"index":"index","follow":"follow","max-snippet":"max-snippet:-1","max-image-preview":"max-image-preview:large","max-video-preview":"max-video-preview:-1"},"canonical":"https:\/\/www.miomiorun.com\/fr\/produit\/core-essence-hat\/","og_locale":"fr_FR","og_type":"article","og_title":"Craft CORE Essence Hat - casquette de course - MioMioRun.com","og_description":"Bonnet technique en jersey recycl\u00e9 bross\u00e9. Chaud, respirant et ajustable, il offre confort et visibilit\u00e9 lors des entra\u00eenements hivernaux.","og_url":"https:\/\/www.miomiorun.com\/fr\/produit\/core-essence-hat\/","og_site_name":"MioMioRun","article_publisher":"https:\/\/www.facebook.com\/miomiorun\/","article_modified_time":"2026-05-09T08:22:45+00:00","og_image":[{"width":720,"height":720,"url":"https:\/\/www.miomiorun.com\/app\/uploads\/2025\/11\/craft-Core-essence-hat-flumino-1916626-851000.webp","type":"image\/webp"}],"twitter_card":"summary_large_image","twitter_misc":{"Est. reading time":"1 minute"},"schema":{"@context":"https:\/\/schema.org","@graph":[{"@type":"WebPage","@id":"https:\/\/www.miomiorun.com\/fr\/produit\/core-essence-hat\/","url":"https:\/\/www.miomiorun.com\/fr\/produit\/core-essence-hat\/","name":"Craft CORE Essence Hat - casquette de course - MioMioRun.com","isPartOf":{"@id":"https:\/\/www.miomiorun.com\/fr\/#website"},"primaryImageOfPage":{"@id":"https:\/\/www.miomiorun.com\/fr\/produit\/core-essence-hat\/#primaryimage"},"image":{"@id":"https:\/\/www.miomiorun.com\/fr\/produit\/core-essence-hat\/#primaryimage"},"thumbnailUrl":"https:\/\/www.miomiorun.com\/app\/uploads\/2025\/11\/craft-Core-essence-hat-flumino-1916626-851000.webp","datePublished":"2025-11-08T11:25:01+00:00","dateModified":"2026-05-09T08:22:45+00:00","description":"Bonnet technique en jersey recycl\u00e9 bross\u00e9. Chaud, respirant et ajustable, il offre confort et visibilit\u00e9 lors des entra\u00eenements hivernaux.","breadcrumb":{"@id":"https:\/\/www.miomiorun.com\/fr\/produit\/core-essence-hat\/#breadcrumb"},"inLanguage":"fr-FR","potentialAction":[{"@type":"ReadAction","target":["https:\/\/www.miomiorun.com\/fr\/produit\/core-essence-hat\/"]}]},{"@type":"ImageObject","inLanguage":"fr-FR","@id":"https:\/\/www.miomiorun.com\/fr\/produit\/core-essence-hat\/#primaryimage","url":"https:\/\/www.miomiorun.com\/app\/uploads\/2025\/11\/craft-Core-essence-hat-flumino-1916626-851000.webp","contentUrl":"https:\/\/www.miomiorun.com\/app\/uploads\/2025\/11\/craft-Core-essence-hat-flumino-1916626-851000.webp","width":720,"height":720,"caption":"craft Core essence hat flumino 1916626-851000"},{"@type":"BreadcrumbList","@id":"https:\/\/www.miomiorun.com\/fr\/produit\/core-essence-hat\/#breadcrumb","itemListElement":[{"@type":"ListItem","position":1,"name":"Home","item":"https:\/\/www.miomiorun.com\/fr\/home-page\/"},{"@type":"ListItem","position":2,"name":"Shop","item":"https:\/\/www.miomiorun.com\/shop\/"},{"@type":"ListItem","position":3,"name":"CORE Essence Hat"}]},{"@type":"WebSite","@id":"https:\/\/www.miomiorun.com\/fr\/#website","url":"https:\/\/www.miomiorun.com\/fr\/","name":"MioMioRun","description":"Boutique 100% running et trail","publisher":{"@id":"https:\/\/www.miomiorun.com\/fr\/#organization"},"potentialAction":[{"@type":"SearchAction","target":{"@type":"EntryPoint","urlTemplate":"https:\/\/www.miomiorun.com\/fr\/?s={search_term_string}"},"query-input":{"@type":"PropertyValueSpecification","valueRequired":true,"valueName":"search_term_string"}}],"inLanguage":"fr-FR"},{"@type":"Organization","@id":"https:\/\/www.miomiorun.com\/fr\/#organization","name":"MioMio Run","url":"https:\/\/www.miomiorun.com\/fr\/","logo":{"@type":"ImageObject","inLanguage":"fr-FR","@id":"https:\/\/www.miomiorun.com\/fr\/#\/schema\/logo\/image\/","url":"https:\/\/www.miomiorun.com\/app\/uploads\/2019\/12\/logomio.png","contentUrl":"https:\/\/www.miomiorun.com\/app\/uploads\/2019\/12\/logomio.png","width":115,"height":82,"caption":"MioMio Run"},"image":{"@id":"https:\/\/www.miomiorun.com\/fr\/#\/schema\/logo\/image\/"},"sameAs":["https:\/\/www.facebook.com\/miomiorun\/","https:\/\/www.instagram.com\/miomiorun\/"]}]}},"_links":{"self":[{"href":"https:\/\/www.miomiorun.com\/fr\/wp-json\/wp\/v2\/product\/368166","targetHints":{"allow":["GET"]}}],"collection":[{"href":"https:\/\/www.miomiorun.com\/fr\/wp-json\/wp\/v2\/product"}],"about":[{"href":"https:\/\/www.miomiorun.com\/fr\/wp-json\/wp\/v2\/types\/product"}],"wp:featuredmedia":[{"embeddable":true,"href":"https:\/\/www.miomiorun.com\/fr\/wp-json\/wp\/v2\/media\/368792"}],"wp:attachment":[{"href":"https:\/\/www.miomiorun.com\/fr\/wp-json\/wp\/v2\/media?parent=368166"}],"wp:term":[{"taxonomy":"product_brand","embeddable":true,"href":"https:\/\/www.miomiorun.com\/fr\/wp-json\/wp\/v2\/product_brand?post=368166"},{"taxonomy":"product_cat","embeddable":true,"href":"https:\/\/www.miomiorun.com\/fr\/wp-json\/wp\/v2\/product_cat?post=368166"},{"taxonomy":"product_tag","embeddable":true,"href":"https:\/\/www.miomiorun.com\/fr\/wp-json\/wp\/v2\/product_tag?post=368166"}],"curies":[{"name":"wp","href":"https:\/\/api.w.org\/{rel}","templated":true}]}}