{"id":367981,"date":"2025-11-08T10:21:20","date_gmt":"2025-11-08T09:21:20","guid":{"rendered":"https:\/\/www.miomiorun.com\/?post_type=product&#038;p=367981"},"modified":"2026-04-17T10:29:18","modified_gmt":"2026-04-17T08:29:18","slug":"adv-essence-warm-vest-2-homme","status":"publish","type":"product","link":"https:\/\/www.miomiorun.com\/fr\/produit\/adv-essence-warm-vest-2-homme\/","title":{"rendered":"ADV Essence Warm Vest 2 homme"},"content":{"rendered":"<p data-start=\"190\" data-end=\"564\">L&#8217;<strong data-start=\"221\" data-end=\"248\">Adv Essence Warm Vest 2<\/strong> est un <strong data-start=\"254\" data-end=\"292\">gilet multisports chaud et polyvalent<\/strong>, id\u00e9al comme <strong data-start=\"306\" data-end=\"337\">couche interm\u00e9diaire ou ext\u00e9rieure<\/strong> pendant les entra\u00eenements d&#8217;automne et d&#8217;hiver. Con\u00e7u pour offrir un \u00e9quilibre parfait entre chaleur, confort et libert\u00e9 de mouvement, ce v\u00eatement est fabriqu\u00e9 \u00e0 partir de <strong data-start=\"504\" data-end=\"525\">tissus recycl\u00e9s<\/strong> et de mat\u00e9riaux techniques de haute qualit\u00e9.<\/p>\n<p data-start=\"566\" data-end=\"1119\">Le <strong data-start=\"568\" data-end=\"591\">rembourrage l\u00e9ger<\/strong> sur le devant et le haut du dos assure une isolation thermique efficace sans alourdir, tandis que le <strong data-start=\"713\" data-end=\"742\">polaire bross\u00e9e dans le dos<\/strong> et le <strong data-start=\"748\" data-end=\"779\">jersey extensible sur les c\u00f4t\u00e9s<\/strong> garantissent une respirabilit\u00e9 et une mobilit\u00e9 optimales. La <strong data-start=\"830\" data-end=\"852\">taille \u00e9lastiqu\u00e9e<\/strong> offre un ajustement confortable et pr\u00e8s du corps, compl\u00e9t\u00e9 par <strong data-start=\"914\" data-end=\"937\">deux poches lat\u00e9rales<\/strong> (dont une avec fermeture \u00e0 glissi\u00e8re) pour garder vos objets essentiels en s\u00e9curit\u00e9. Les <strong data-start=\"1013\" data-end=\"1037\">d\u00e9tails r\u00e9fl\u00e9chissants<\/strong> am\u00e9liorent la visibilit\u00e9 le soir ou dans des conditions de faible luminosit\u00e9.<\/p>\n<p data-start=\"1121\" data-end=\"1277\">Un v\u00eatement parfait pour ceux qui recherchent un <strong data-start=\"1155\" data-end=\"1189\">gilet technique, chaud et l\u00e9ger<\/strong>, id\u00e9al pour l&#8217;entra\u00eenement, la randonn\u00e9e ou les activit\u00e9s de plein air pendant les mois les plus froids.<\/p>\n<ul>\n<li data-start=\"1510\" data-end=\"1545\">\n<p data-start=\"1512\" data-end=\"1545\">Tissus recycl\u00e9s et durables<\/p>\n<\/li>\n<li data-start=\"1546\" data-end=\"1610\">\n<p data-start=\"1548\" data-end=\"1610\">Rembourrage l\u00e9ger \u00e0 l&#8217;avant et \u00e0 l&#8217;arri\u00e8re pour plus de chaleur et de confort<\/p>\n<\/li>\n<li data-start=\"1611\" data-end=\"1672\">\n<p data-start=\"1613\" data-end=\"1672\">Polaire bross\u00e9e \u00e0 l&#8217;arri\u00e8re pour plus d&#8217;isolation et de respirabilit\u00e9<\/p>\n<\/li>\n<li data-start=\"1673\" data-end=\"1733\">\n<p data-start=\"1675\" data-end=\"1733\">Jersey extensible sur les c\u00f4t\u00e9s pour une libert\u00e9 de mouvement maximale<\/p>\n<\/li>\n<li data-start=\"1734\" data-end=\"1785\">\n<p data-start=\"1736\" data-end=\"1785\">Taille \u00e9lastiqu\u00e9e pour un ajustement optimal<\/p>\n<\/li>\n<li data-start=\"1786\" data-end=\"1823\">\n<p data-start=\"1788\" data-end=\"1823\">Deux poches lat\u00e9rales (dont une zipp\u00e9e)<\/p>\n<\/li>\n<li data-start=\"1824\" data-end=\"1875\">\n<p data-start=\"1826\" data-end=\"1875\">D\u00e9tails r\u00e9fl\u00e9chissants pour plus de visibilit\u00e9 et de s\u00e9curit\u00e9<\/p>\n<\/li>\n<\/ul><\/p>\n","protected":false},"excerpt":{"rendered":"<ul>\n<li data-start=\"1611\" data-end=\"1672\">\n<p data-start=\"1613\" data-end=\"1672\">Polaire bross\u00e9e \u00e0 l&#8217;arri\u00e8re pour plus d&#8217;isolation et de respirabilit\u00e9<\/p>\n<\/li>\n<li data-start=\"1673\" data-end=\"1733\">\n<p data-start=\"1675\" data-end=\"1733\">Jersey extensible sur les c\u00f4t\u00e9s pour une libert\u00e9 de mouvement maximale<\/p>\n<\/li>\n<li data-start=\"1734\" data-end=\"1785\">\n<p data-start=\"1736\" data-end=\"1785\">Taille \u00e9lastiqu\u00e9e pour un ajustement optimal<\/p>\n<\/li>\n<\/ul>\n","protected":false},"featured_media":368679,"template":"","meta":{"_acf_changed":false,"inline_featured_image":false},"product_brand":[],"product_cat":[24480,24482,24484],"product_tag":[23554,23647],"class_list":{"0":"post-367981","1":"product","2":"type-product","3":"status-publish","4":"has-post-thumbnail","6":"product_cat-vestes-fr-2","7":"product_cat-vetements-pour-hommes-fr","8":"product_cat-homme","9":"product_tag-craft-fr","10":"product_tag-craft-homme","11":"pa_attivita-fitness-fr","12":"pa_attivita-marcher","13":"pa_attivita-running-fr","14":"pa_colore-adv-essence-warm-vest-2-m-black-fr","15":"pa_marca-craft-fr","16":"pa_sesso-homme","17":"pa_size-small-fr","18":"pa_size-medium-fr","19":"pa_size-large-fr","20":"pa_size-extra-large-fr","22":"first","23":"instock","24":"sale","25":"taxable","26":"shipping-taxable","27":"purchasable","28":"product-type-variable","29":"wvs-archive-product-wrapper"},"acf":[],"yoast_head":"<!-- This site is optimized with the Yoast SEO plugin v26.8 - https:\/\/yoast.com\/product\/yoast-seo-wordpress\/ -->\n<title>Craft ADV Essence Warm Vest 2 homme -gilet pour homme- MioMioRun.com<\/title>\n<meta name=\"description\" content=\"Gilet technique chaud et l\u00e9ger en tissu recycl\u00e9. Il offre une isolation, un confort et une libert\u00e9 de mouvement id\u00e9aux pour les entra\u00eenements et les activit\u00e9s de plein air en hiver.\" \/>\n<meta name=\"robots\" content=\"index, follow, max-snippet:-1, max-image-preview:large, max-video-preview:-1\" \/>\n<link rel=\"canonical\" href=\"https:\/\/www.miomiorun.com\/fr\/produit\/adv-essence-warm-vest-2-homme\/\" \/>\n<meta property=\"og:locale\" content=\"fr_FR\" \/>\n<meta property=\"og:type\" content=\"article\" \/>\n<meta property=\"og:title\" content=\"Craft ADV Essence Warm Vest 2 homme -gilet pour homme- MioMioRun.com\" \/>\n<meta property=\"og:description\" content=\"Gilet technique chaud et l\u00e9ger en tissu recycl\u00e9. Il offre une isolation, un confort et une libert\u00e9 de mouvement id\u00e9aux pour les entra\u00eenements et les activit\u00e9s de plein air en hiver.\" \/>\n<meta property=\"og:url\" content=\"https:\/\/www.miomiorun.com\/fr\/produit\/adv-essence-warm-vest-2-homme\/\" \/>\n<meta property=\"og:site_name\" content=\"MioMioRun\" \/>\n<meta property=\"article:publisher\" content=\"https:\/\/www.facebook.com\/miomiorun\/\" \/>\n<meta property=\"article:modified_time\" content=\"2026-04-17T08:29:18+00:00\" \/>\n<meta property=\"og:image\" content=\"https:\/\/www.miomiorun.com\/app\/uploads\/2025\/11\/craft-ADV-Essence-Warm-Vest-2-M-black-1916620-999000.webp\" \/>\n\t<meta property=\"og:image:width\" content=\"720\" \/>\n\t<meta property=\"og:image:height\" content=\"720\" \/>\n\t<meta property=\"og:image:type\" content=\"image\/webp\" \/>\n<meta name=\"twitter:card\" content=\"summary_large_image\" \/>\n<meta name=\"twitter:label1\" content=\"Est. reading time\" \/>\n\t<meta name=\"twitter:data1\" content=\"1 minute\" \/>\n<script type=\"application\/ld+json\" class=\"yoast-schema-graph\">{\"@context\":\"https:\/\/schema.org\",\"@graph\":[{\"@type\":\"WebPage\",\"@id\":\"https:\/\/www.miomiorun.com\/fr\/produit\/adv-essence-warm-vest-2-homme\/\",\"url\":\"https:\/\/www.miomiorun.com\/fr\/produit\/adv-essence-warm-vest-2-homme\/\",\"name\":\"Craft ADV Essence Warm Vest 2 homme -gilet pour homme- MioMioRun.com\",\"isPartOf\":{\"@id\":\"https:\/\/www.miomiorun.com\/fr\/#website\"},\"primaryImageOfPage\":{\"@id\":\"https:\/\/www.miomiorun.com\/fr\/produit\/adv-essence-warm-vest-2-homme\/#primaryimage\"},\"image\":{\"@id\":\"https:\/\/www.miomiorun.com\/fr\/produit\/adv-essence-warm-vest-2-homme\/#primaryimage\"},\"thumbnailUrl\":\"https:\/\/www.miomiorun.com\/app\/uploads\/2025\/11\/craft-ADV-Essence-Warm-Vest-2-M-black-1916620-999000.webp\",\"datePublished\":\"2025-11-08T09:21:20+00:00\",\"dateModified\":\"2026-04-17T08:29:18+00:00\",\"description\":\"Gilet technique chaud et l\u00e9ger en tissu recycl\u00e9. Il offre une isolation, un confort et une libert\u00e9 de mouvement id\u00e9aux pour les entra\u00eenements et les activit\u00e9s de plein air en hiver.\",\"breadcrumb\":{\"@id\":\"https:\/\/www.miomiorun.com\/fr\/produit\/adv-essence-warm-vest-2-homme\/#breadcrumb\"},\"inLanguage\":\"fr-FR\",\"potentialAction\":[{\"@type\":\"ReadAction\",\"target\":[\"https:\/\/www.miomiorun.com\/fr\/produit\/adv-essence-warm-vest-2-homme\/\"]}]},{\"@type\":\"ImageObject\",\"inLanguage\":\"fr-FR\",\"@id\":\"https:\/\/www.miomiorun.com\/fr\/produit\/adv-essence-warm-vest-2-homme\/#primaryimage\",\"url\":\"https:\/\/www.miomiorun.com\/app\/uploads\/2025\/11\/craft-ADV-Essence-Warm-Vest-2-M-black-1916620-999000.webp\",\"contentUrl\":\"https:\/\/www.miomiorun.com\/app\/uploads\/2025\/11\/craft-ADV-Essence-Warm-Vest-2-M-black-1916620-999000.webp\",\"width\":720,\"height\":720,\"caption\":\"craft ADV Essence Warm Vest 2 M black 1916620-999000\"},{\"@type\":\"BreadcrumbList\",\"@id\":\"https:\/\/www.miomiorun.com\/fr\/produit\/adv-essence-warm-vest-2-homme\/#breadcrumb\",\"itemListElement\":[{\"@type\":\"ListItem\",\"position\":1,\"name\":\"Home\",\"item\":\"https:\/\/www.miomiorun.com\/fr\/home-page\/\"},{\"@type\":\"ListItem\",\"position\":2,\"name\":\"Shop\",\"item\":\"https:\/\/www.miomiorun.com\/shop\/\"},{\"@type\":\"ListItem\",\"position\":3,\"name\":\"ADV Essence Warm Vest 2 homme\"}]},{\"@type\":\"WebSite\",\"@id\":\"https:\/\/www.miomiorun.com\/fr\/#website\",\"url\":\"https:\/\/www.miomiorun.com\/fr\/\",\"name\":\"MioMioRun\",\"description\":\"Boutique 100% running et trail\",\"publisher\":{\"@id\":\"https:\/\/www.miomiorun.com\/fr\/#organization\"},\"potentialAction\":[{\"@type\":\"SearchAction\",\"target\":{\"@type\":\"EntryPoint\",\"urlTemplate\":\"https:\/\/www.miomiorun.com\/fr\/?s={search_term_string}\"},\"query-input\":{\"@type\":\"PropertyValueSpecification\",\"valueRequired\":true,\"valueName\":\"search_term_string\"}}],\"inLanguage\":\"fr-FR\"},{\"@type\":\"Organization\",\"@id\":\"https:\/\/www.miomiorun.com\/fr\/#organization\",\"name\":\"MioMio Run\",\"url\":\"https:\/\/www.miomiorun.com\/fr\/\",\"logo\":{\"@type\":\"ImageObject\",\"inLanguage\":\"fr-FR\",\"@id\":\"https:\/\/www.miomiorun.com\/fr\/#\/schema\/logo\/image\/\",\"url\":\"https:\/\/www.miomiorun.com\/app\/uploads\/2019\/12\/logomio.png\",\"contentUrl\":\"https:\/\/www.miomiorun.com\/app\/uploads\/2019\/12\/logomio.png\",\"width\":115,\"height\":82,\"caption\":\"MioMio Run\"},\"image\":{\"@id\":\"https:\/\/www.miomiorun.com\/fr\/#\/schema\/logo\/image\/\"},\"sameAs\":[\"https:\/\/www.facebook.com\/miomiorun\/\",\"https:\/\/www.instagram.com\/miomiorun\/\"]}]}<\/script>\n<!-- \/ Yoast SEO plugin. -->","yoast_head_json":{"title":"Craft ADV Essence Warm Vest 2 homme -gilet pour homme- MioMioRun.com","description":"Gilet technique chaud et l\u00e9ger en tissu recycl\u00e9. Il offre une isolation, un confort et une libert\u00e9 de mouvement id\u00e9aux pour les entra\u00eenements et les activit\u00e9s de plein air en hiver.","robots":{"index":"index","follow":"follow","max-snippet":"max-snippet:-1","max-image-preview":"max-image-preview:large","max-video-preview":"max-video-preview:-1"},"canonical":"https:\/\/www.miomiorun.com\/fr\/produit\/adv-essence-warm-vest-2-homme\/","og_locale":"fr_FR","og_type":"article","og_title":"Craft ADV Essence Warm Vest 2 homme -gilet pour homme- MioMioRun.com","og_description":"Gilet technique chaud et l\u00e9ger en tissu recycl\u00e9. Il offre une isolation, un confort et une libert\u00e9 de mouvement id\u00e9aux pour les entra\u00eenements et les activit\u00e9s de plein air en hiver.","og_url":"https:\/\/www.miomiorun.com\/fr\/produit\/adv-essence-warm-vest-2-homme\/","og_site_name":"MioMioRun","article_publisher":"https:\/\/www.facebook.com\/miomiorun\/","article_modified_time":"2026-04-17T08:29:18+00:00","og_image":[{"width":720,"height":720,"url":"https:\/\/www.miomiorun.com\/app\/uploads\/2025\/11\/craft-ADV-Essence-Warm-Vest-2-M-black-1916620-999000.webp","type":"image\/webp"}],"twitter_card":"summary_large_image","twitter_misc":{"Est. reading time":"1 minute"},"schema":{"@context":"https:\/\/schema.org","@graph":[{"@type":"WebPage","@id":"https:\/\/www.miomiorun.com\/fr\/produit\/adv-essence-warm-vest-2-homme\/","url":"https:\/\/www.miomiorun.com\/fr\/produit\/adv-essence-warm-vest-2-homme\/","name":"Craft ADV Essence Warm Vest 2 homme -gilet pour homme- MioMioRun.com","isPartOf":{"@id":"https:\/\/www.miomiorun.com\/fr\/#website"},"primaryImageOfPage":{"@id":"https:\/\/www.miomiorun.com\/fr\/produit\/adv-essence-warm-vest-2-homme\/#primaryimage"},"image":{"@id":"https:\/\/www.miomiorun.com\/fr\/produit\/adv-essence-warm-vest-2-homme\/#primaryimage"},"thumbnailUrl":"https:\/\/www.miomiorun.com\/app\/uploads\/2025\/11\/craft-ADV-Essence-Warm-Vest-2-M-black-1916620-999000.webp","datePublished":"2025-11-08T09:21:20+00:00","dateModified":"2026-04-17T08:29:18+00:00","description":"Gilet technique chaud et l\u00e9ger en tissu recycl\u00e9. Il offre une isolation, un confort et une libert\u00e9 de mouvement id\u00e9aux pour les entra\u00eenements et les activit\u00e9s de plein air en hiver.","breadcrumb":{"@id":"https:\/\/www.miomiorun.com\/fr\/produit\/adv-essence-warm-vest-2-homme\/#breadcrumb"},"inLanguage":"fr-FR","potentialAction":[{"@type":"ReadAction","target":["https:\/\/www.miomiorun.com\/fr\/produit\/adv-essence-warm-vest-2-homme\/"]}]},{"@type":"ImageObject","inLanguage":"fr-FR","@id":"https:\/\/www.miomiorun.com\/fr\/produit\/adv-essence-warm-vest-2-homme\/#primaryimage","url":"https:\/\/www.miomiorun.com\/app\/uploads\/2025\/11\/craft-ADV-Essence-Warm-Vest-2-M-black-1916620-999000.webp","contentUrl":"https:\/\/www.miomiorun.com\/app\/uploads\/2025\/11\/craft-ADV-Essence-Warm-Vest-2-M-black-1916620-999000.webp","width":720,"height":720,"caption":"craft ADV Essence Warm Vest 2 M black 1916620-999000"},{"@type":"BreadcrumbList","@id":"https:\/\/www.miomiorun.com\/fr\/produit\/adv-essence-warm-vest-2-homme\/#breadcrumb","itemListElement":[{"@type":"ListItem","position":1,"name":"Home","item":"https:\/\/www.miomiorun.com\/fr\/home-page\/"},{"@type":"ListItem","position":2,"name":"Shop","item":"https:\/\/www.miomiorun.com\/shop\/"},{"@type":"ListItem","position":3,"name":"ADV Essence Warm Vest 2 homme"}]},{"@type":"WebSite","@id":"https:\/\/www.miomiorun.com\/fr\/#website","url":"https:\/\/www.miomiorun.com\/fr\/","name":"MioMioRun","description":"Boutique 100% running et trail","publisher":{"@id":"https:\/\/www.miomiorun.com\/fr\/#organization"},"potentialAction":[{"@type":"SearchAction","target":{"@type":"EntryPoint","urlTemplate":"https:\/\/www.miomiorun.com\/fr\/?s={search_term_string}"},"query-input":{"@type":"PropertyValueSpecification","valueRequired":true,"valueName":"search_term_string"}}],"inLanguage":"fr-FR"},{"@type":"Organization","@id":"https:\/\/www.miomiorun.com\/fr\/#organization","name":"MioMio Run","url":"https:\/\/www.miomiorun.com\/fr\/","logo":{"@type":"ImageObject","inLanguage":"fr-FR","@id":"https:\/\/www.miomiorun.com\/fr\/#\/schema\/logo\/image\/","url":"https:\/\/www.miomiorun.com\/app\/uploads\/2019\/12\/logomio.png","contentUrl":"https:\/\/www.miomiorun.com\/app\/uploads\/2019\/12\/logomio.png","width":115,"height":82,"caption":"MioMio Run"},"image":{"@id":"https:\/\/www.miomiorun.com\/fr\/#\/schema\/logo\/image\/"},"sameAs":["https:\/\/www.facebook.com\/miomiorun\/","https:\/\/www.instagram.com\/miomiorun\/"]}]}},"_links":{"self":[{"href":"https:\/\/www.miomiorun.com\/fr\/wp-json\/wp\/v2\/product\/367981","targetHints":{"allow":["GET"]}}],"collection":[{"href":"https:\/\/www.miomiorun.com\/fr\/wp-json\/wp\/v2\/product"}],"about":[{"href":"https:\/\/www.miomiorun.com\/fr\/wp-json\/wp\/v2\/types\/product"}],"wp:featuredmedia":[{"embeddable":true,"href":"https:\/\/www.miomiorun.com\/fr\/wp-json\/wp\/v2\/media\/368679"}],"wp:attachment":[{"href":"https:\/\/www.miomiorun.com\/fr\/wp-json\/wp\/v2\/media?parent=367981"}],"wp:term":[{"taxonomy":"product_brand","embeddable":true,"href":"https:\/\/www.miomiorun.com\/fr\/wp-json\/wp\/v2\/product_brand?post=367981"},{"taxonomy":"product_cat","embeddable":true,"href":"https:\/\/www.miomiorun.com\/fr\/wp-json\/wp\/v2\/product_cat?post=367981"},{"taxonomy":"product_tag","embeddable":true,"href":"https:\/\/www.miomiorun.com\/fr\/wp-json\/wp\/v2\/product_tag?post=367981"}],"curies":[{"name":"wp","href":"https:\/\/api.w.org\/{rel}","templated":true}]}}