{"id":367766,"date":"2025-11-08T09:52:42","date_gmt":"2025-11-08T08:52:42","guid":{"rendered":"https:\/\/www.miomiorun.com\/?post_type=product&#038;p=367766"},"modified":"2026-04-17T10:29:57","modified_gmt":"2026-04-17T08:29:57","slug":"wool-ls-tee-femme","status":"publish","type":"product","link":"https:\/\/www.miomiorun.com\/fr\/produit\/wool-ls-tee-femme\/","title":{"rendered":"Wool LS Tee femme"},"content":{"rendered":"<p data-start=\"208\" data-end=\"635\">Le <strong data-start=\"239\" data-end=\"256\">Wool LS Tee<\/strong> est un t-shirt \u00e0 manches longues con\u00e7u pour les <strong data-start=\"314\" data-end=\"381\">entra\u00eenements intenses pendant les journ\u00e9es froides d&#8217;automne et d&#8217;hiver<\/strong>. Con\u00e7u pour offrir chaleur, respirabilit\u00e9 et confort optimal, il combine la <strong data-start=\"460\" data-end=\"501\">douceur naturelle de la laine m\u00e9rinos<\/strong> avec les <strong data-start=\"509\" data-end=\"558\">performances techniques du polyester recycl\u00e9<\/strong>, garantissant une gestion efficace de l&#8217;humidit\u00e9 et un s\u00e9chage rapide.<\/p>\n<p data-start=\"637\" data-end=\"1061\">Le <strong data-start=\"640\" data-end=\"674\">panneau en mesh dans le dos<\/strong> favorise une ventilation cibl\u00e9e pendant l&#8217;effort, tandis que le <strong data-start=\"738\" data-end=\"760\">col montant avec fermeture \u00e9clair<\/strong> et la <strong data-start=\"766\" data-end=\"792\">doublure int\u00e9rieure en mesh<\/strong> offrent une sensation suppl\u00e9mentaire de confort et de protection. Les <strong data-start=\"849\" data-end=\"873\">d\u00e9tails r\u00e9fl\u00e9chissants<\/strong> sur les manches am\u00e9liorent la visibilit\u00e9 dans des conditions de faible luminosit\u00e9, et les <strong data-start=\"956\" data-end=\"984\">poignets avec passe-pouce<\/strong> assurent un ajustement stable et une protection suppl\u00e9mentaire contre le froid.<\/p>\n<p data-start=\"1063\" data-end=\"1223\">Un v\u00eatement id\u00e9al pour ceux qui recherchent un <strong data-start=\"1096\" data-end=\"1138\">maillot technique performant et polyvalent<\/strong>, parfait pour l&#8217;entra\u00eenement ou les activit\u00e9s de plein air dans des conditions climatiques rigoureuses.<br \/>\n&nbsp;<\/p><\/p>\n","protected":false},"excerpt":{"rendered":"<ul>\n<li data-start=\"1444\" data-end=\"1512\">\n<p data-start=\"1446\" data-end=\"1512\">Tissu chaud et fonctionnel en laine m\u00e9rinos et polyester recycl\u00e9<\/p>\n<\/li>\n<li data-start=\"1513\" data-end=\"1570\">\n<p data-start=\"1515\" data-end=\"1570\">Empi\u00e8cement en mesh \u00e0 l&#8217;arri\u00e8re pour une ventilation optimale<\/p>\n<\/li>\n<li data-start=\"1571\" data-end=\"1632\">\n<p data-start=\"1573\" data-end=\"1632\">Col montant avec fermeture \u00e9clair et doublure en mesh pour un confort sup\u00e9rieur<\/p>\n<\/li>\n<\/ul>\n","protected":false},"featured_media":368630,"template":"","meta":{"_acf_changed":false,"inline_featured_image":false},"product_brand":[],"product_cat":[24439,24444],"product_tag":[23554,23648],"class_list":{"0":"post-367766","1":"product","2":"type-product","3":"status-publish","4":"has-post-thumbnail","6":"product_cat-maillots-fr","7":"product_cat-vetements-pour-femmes-fr","8":"product_tag-craft-fr","9":"product_tag-craft-femme","10":"pa_attivita-marcher","11":"pa_attivita-outdoor-fr","12":"pa_attivita-trail-fr","13":"pa_colore-wool-ls-tee-w-syrup-melange-fr","14":"pa_marca-craft-fr","15":"pa_sesso-femme","16":"pa_size-extra-small-fr","17":"pa_size-small-fr","18":"pa_size-medium-fr","19":"pa_size-large-fr","21":"first","22":"instock","23":"sale","24":"taxable","25":"shipping-taxable","26":"purchasable","27":"product-type-variable","28":"wvs-archive-product-wrapper"},"acf":[],"yoast_head":"<!-- This site is optimized with the Yoast SEO plugin v26.8 - https:\/\/yoast.com\/product\/yoast-seo-wordpress\/ -->\n<title>Craft Wool LS Tee femme - maillot de course \u00e0 pied - MioMioRun.com<\/title>\n<meta name=\"description\" content=\"T-shirt de course \u00e0 pied pour femme en laine m\u00e9rinos et polyester recycl\u00e9. Chaud, respirant et confortable, id\u00e9al pour les entra\u00eenements intenses par temps froid.\" \/>\n<meta name=\"robots\" content=\"index, follow, max-snippet:-1, max-image-preview:large, max-video-preview:-1\" \/>\n<link rel=\"canonical\" href=\"https:\/\/www.miomiorun.com\/fr\/produit\/wool-ls-tee-femme\/\" \/>\n<meta property=\"og:locale\" content=\"fr_FR\" \/>\n<meta property=\"og:type\" content=\"article\" \/>\n<meta property=\"og:title\" content=\"Craft Wool LS Tee femme - maillot de course \u00e0 pied - MioMioRun.com\" \/>\n<meta property=\"og:description\" content=\"T-shirt de course \u00e0 pied pour femme en laine m\u00e9rinos et polyester recycl\u00e9. Chaud, respirant et confortable, id\u00e9al pour les entra\u00eenements intenses par temps froid.\" \/>\n<meta property=\"og:url\" content=\"https:\/\/www.miomiorun.com\/fr\/produit\/wool-ls-tee-femme\/\" \/>\n<meta property=\"og:site_name\" content=\"MioMioRun\" \/>\n<meta property=\"article:publisher\" content=\"https:\/\/www.facebook.com\/miomiorun\/\" \/>\n<meta property=\"article:modified_time\" content=\"2026-04-17T08:29:57+00:00\" \/>\n<meta property=\"og:image\" content=\"https:\/\/www.miomiorun.com\/app\/uploads\/2025\/11\/craft-Wool-LS-tee-W-syrup-melange-1915138-246200.webp\" \/>\n\t<meta property=\"og:image:width\" content=\"720\" \/>\n\t<meta property=\"og:image:height\" content=\"720\" \/>\n\t<meta property=\"og:image:type\" content=\"image\/webp\" \/>\n<meta name=\"twitter:card\" content=\"summary_large_image\" \/>\n<meta name=\"twitter:label1\" content=\"Est. reading time\" \/>\n\t<meta name=\"twitter:data1\" content=\"1 minute\" \/>\n<script type=\"application\/ld+json\" class=\"yoast-schema-graph\">{\"@context\":\"https:\/\/schema.org\",\"@graph\":[{\"@type\":\"WebPage\",\"@id\":\"https:\/\/www.miomiorun.com\/fr\/produit\/wool-ls-tee-femme\/\",\"url\":\"https:\/\/www.miomiorun.com\/fr\/produit\/wool-ls-tee-femme\/\",\"name\":\"Craft Wool LS Tee femme - maillot de course \u00e0 pied - MioMioRun.com\",\"isPartOf\":{\"@id\":\"https:\/\/www.miomiorun.com\/fr\/#website\"},\"primaryImageOfPage\":{\"@id\":\"https:\/\/www.miomiorun.com\/fr\/produit\/wool-ls-tee-femme\/#primaryimage\"},\"image\":{\"@id\":\"https:\/\/www.miomiorun.com\/fr\/produit\/wool-ls-tee-femme\/#primaryimage\"},\"thumbnailUrl\":\"https:\/\/www.miomiorun.com\/app\/uploads\/2025\/11\/craft-Wool-LS-tee-W-syrup-melange-1915138-246200.webp\",\"datePublished\":\"2025-11-08T08:52:42+00:00\",\"dateModified\":\"2026-04-17T08:29:57+00:00\",\"description\":\"T-shirt de course \u00e0 pied pour femme en laine m\u00e9rinos et polyester recycl\u00e9. Chaud, respirant et confortable, id\u00e9al pour les entra\u00eenements intenses par temps froid.\",\"breadcrumb\":{\"@id\":\"https:\/\/www.miomiorun.com\/fr\/produit\/wool-ls-tee-femme\/#breadcrumb\"},\"inLanguage\":\"fr-FR\",\"potentialAction\":[{\"@type\":\"ReadAction\",\"target\":[\"https:\/\/www.miomiorun.com\/fr\/produit\/wool-ls-tee-femme\/\"]}]},{\"@type\":\"ImageObject\",\"inLanguage\":\"fr-FR\",\"@id\":\"https:\/\/www.miomiorun.com\/fr\/produit\/wool-ls-tee-femme\/#primaryimage\",\"url\":\"https:\/\/www.miomiorun.com\/app\/uploads\/2025\/11\/craft-Wool-LS-tee-W-syrup-melange-1915138-246200.webp\",\"contentUrl\":\"https:\/\/www.miomiorun.com\/app\/uploads\/2025\/11\/craft-Wool-LS-tee-W-syrup-melange-1915138-246200.webp\",\"width\":720,\"height\":720,\"caption\":\"craft Wool LS tee W syrup melange 1915138-246200\"},{\"@type\":\"BreadcrumbList\",\"@id\":\"https:\/\/www.miomiorun.com\/fr\/produit\/wool-ls-tee-femme\/#breadcrumb\",\"itemListElement\":[{\"@type\":\"ListItem\",\"position\":1,\"name\":\"Home\",\"item\":\"https:\/\/www.miomiorun.com\/fr\/home-page\/\"},{\"@type\":\"ListItem\",\"position\":2,\"name\":\"Shop\",\"item\":\"https:\/\/www.miomiorun.com\/shop\/\"},{\"@type\":\"ListItem\",\"position\":3,\"name\":\"Wool LS Tee femme\"}]},{\"@type\":\"WebSite\",\"@id\":\"https:\/\/www.miomiorun.com\/fr\/#website\",\"url\":\"https:\/\/www.miomiorun.com\/fr\/\",\"name\":\"MioMioRun\",\"description\":\"Boutique 100% running et trail\",\"publisher\":{\"@id\":\"https:\/\/www.miomiorun.com\/fr\/#organization\"},\"potentialAction\":[{\"@type\":\"SearchAction\",\"target\":{\"@type\":\"EntryPoint\",\"urlTemplate\":\"https:\/\/www.miomiorun.com\/fr\/?s={search_term_string}\"},\"query-input\":{\"@type\":\"PropertyValueSpecification\",\"valueRequired\":true,\"valueName\":\"search_term_string\"}}],\"inLanguage\":\"fr-FR\"},{\"@type\":\"Organization\",\"@id\":\"https:\/\/www.miomiorun.com\/fr\/#organization\",\"name\":\"MioMio Run\",\"url\":\"https:\/\/www.miomiorun.com\/fr\/\",\"logo\":{\"@type\":\"ImageObject\",\"inLanguage\":\"fr-FR\",\"@id\":\"https:\/\/www.miomiorun.com\/fr\/#\/schema\/logo\/image\/\",\"url\":\"https:\/\/www.miomiorun.com\/app\/uploads\/2019\/12\/logomio.png\",\"contentUrl\":\"https:\/\/www.miomiorun.com\/app\/uploads\/2019\/12\/logomio.png\",\"width\":115,\"height\":82,\"caption\":\"MioMio Run\"},\"image\":{\"@id\":\"https:\/\/www.miomiorun.com\/fr\/#\/schema\/logo\/image\/\"},\"sameAs\":[\"https:\/\/www.facebook.com\/miomiorun\/\",\"https:\/\/www.instagram.com\/miomiorun\/\"]}]}<\/script>\n<!-- \/ Yoast SEO plugin. -->","yoast_head_json":{"title":"Craft Wool LS Tee femme - maillot de course \u00e0 pied - MioMioRun.com","description":"T-shirt de course \u00e0 pied pour femme en laine m\u00e9rinos et polyester recycl\u00e9. Chaud, respirant et confortable, id\u00e9al pour les entra\u00eenements intenses par temps froid.","robots":{"index":"index","follow":"follow","max-snippet":"max-snippet:-1","max-image-preview":"max-image-preview:large","max-video-preview":"max-video-preview:-1"},"canonical":"https:\/\/www.miomiorun.com\/fr\/produit\/wool-ls-tee-femme\/","og_locale":"fr_FR","og_type":"article","og_title":"Craft Wool LS Tee femme - maillot de course \u00e0 pied - MioMioRun.com","og_description":"T-shirt de course \u00e0 pied pour femme en laine m\u00e9rinos et polyester recycl\u00e9. Chaud, respirant et confortable, id\u00e9al pour les entra\u00eenements intenses par temps froid.","og_url":"https:\/\/www.miomiorun.com\/fr\/produit\/wool-ls-tee-femme\/","og_site_name":"MioMioRun","article_publisher":"https:\/\/www.facebook.com\/miomiorun\/","article_modified_time":"2026-04-17T08:29:57+00:00","og_image":[{"width":720,"height":720,"url":"https:\/\/www.miomiorun.com\/app\/uploads\/2025\/11\/craft-Wool-LS-tee-W-syrup-melange-1915138-246200.webp","type":"image\/webp"}],"twitter_card":"summary_large_image","twitter_misc":{"Est. reading time":"1 minute"},"schema":{"@context":"https:\/\/schema.org","@graph":[{"@type":"WebPage","@id":"https:\/\/www.miomiorun.com\/fr\/produit\/wool-ls-tee-femme\/","url":"https:\/\/www.miomiorun.com\/fr\/produit\/wool-ls-tee-femme\/","name":"Craft Wool LS Tee femme - maillot de course \u00e0 pied - MioMioRun.com","isPartOf":{"@id":"https:\/\/www.miomiorun.com\/fr\/#website"},"primaryImageOfPage":{"@id":"https:\/\/www.miomiorun.com\/fr\/produit\/wool-ls-tee-femme\/#primaryimage"},"image":{"@id":"https:\/\/www.miomiorun.com\/fr\/produit\/wool-ls-tee-femme\/#primaryimage"},"thumbnailUrl":"https:\/\/www.miomiorun.com\/app\/uploads\/2025\/11\/craft-Wool-LS-tee-W-syrup-melange-1915138-246200.webp","datePublished":"2025-11-08T08:52:42+00:00","dateModified":"2026-04-17T08:29:57+00:00","description":"T-shirt de course \u00e0 pied pour femme en laine m\u00e9rinos et polyester recycl\u00e9. Chaud, respirant et confortable, id\u00e9al pour les entra\u00eenements intenses par temps froid.","breadcrumb":{"@id":"https:\/\/www.miomiorun.com\/fr\/produit\/wool-ls-tee-femme\/#breadcrumb"},"inLanguage":"fr-FR","potentialAction":[{"@type":"ReadAction","target":["https:\/\/www.miomiorun.com\/fr\/produit\/wool-ls-tee-femme\/"]}]},{"@type":"ImageObject","inLanguage":"fr-FR","@id":"https:\/\/www.miomiorun.com\/fr\/produit\/wool-ls-tee-femme\/#primaryimage","url":"https:\/\/www.miomiorun.com\/app\/uploads\/2025\/11\/craft-Wool-LS-tee-W-syrup-melange-1915138-246200.webp","contentUrl":"https:\/\/www.miomiorun.com\/app\/uploads\/2025\/11\/craft-Wool-LS-tee-W-syrup-melange-1915138-246200.webp","width":720,"height":720,"caption":"craft Wool LS tee W syrup melange 1915138-246200"},{"@type":"BreadcrumbList","@id":"https:\/\/www.miomiorun.com\/fr\/produit\/wool-ls-tee-femme\/#breadcrumb","itemListElement":[{"@type":"ListItem","position":1,"name":"Home","item":"https:\/\/www.miomiorun.com\/fr\/home-page\/"},{"@type":"ListItem","position":2,"name":"Shop","item":"https:\/\/www.miomiorun.com\/shop\/"},{"@type":"ListItem","position":3,"name":"Wool LS Tee femme"}]},{"@type":"WebSite","@id":"https:\/\/www.miomiorun.com\/fr\/#website","url":"https:\/\/www.miomiorun.com\/fr\/","name":"MioMioRun","description":"Boutique 100% running et trail","publisher":{"@id":"https:\/\/www.miomiorun.com\/fr\/#organization"},"potentialAction":[{"@type":"SearchAction","target":{"@type":"EntryPoint","urlTemplate":"https:\/\/www.miomiorun.com\/fr\/?s={search_term_string}"},"query-input":{"@type":"PropertyValueSpecification","valueRequired":true,"valueName":"search_term_string"}}],"inLanguage":"fr-FR"},{"@type":"Organization","@id":"https:\/\/www.miomiorun.com\/fr\/#organization","name":"MioMio Run","url":"https:\/\/www.miomiorun.com\/fr\/","logo":{"@type":"ImageObject","inLanguage":"fr-FR","@id":"https:\/\/www.miomiorun.com\/fr\/#\/schema\/logo\/image\/","url":"https:\/\/www.miomiorun.com\/app\/uploads\/2019\/12\/logomio.png","contentUrl":"https:\/\/www.miomiorun.com\/app\/uploads\/2019\/12\/logomio.png","width":115,"height":82,"caption":"MioMio Run"},"image":{"@id":"https:\/\/www.miomiorun.com\/fr\/#\/schema\/logo\/image\/"},"sameAs":["https:\/\/www.facebook.com\/miomiorun\/","https:\/\/www.instagram.com\/miomiorun\/"]}]}},"_links":{"self":[{"href":"https:\/\/www.miomiorun.com\/fr\/wp-json\/wp\/v2\/product\/367766","targetHints":{"allow":["GET"]}}],"collection":[{"href":"https:\/\/www.miomiorun.com\/fr\/wp-json\/wp\/v2\/product"}],"about":[{"href":"https:\/\/www.miomiorun.com\/fr\/wp-json\/wp\/v2\/types\/product"}],"wp:featuredmedia":[{"embeddable":true,"href":"https:\/\/www.miomiorun.com\/fr\/wp-json\/wp\/v2\/media\/368630"}],"wp:attachment":[{"href":"https:\/\/www.miomiorun.com\/fr\/wp-json\/wp\/v2\/media?parent=367766"}],"wp:term":[{"taxonomy":"product_brand","embeddable":true,"href":"https:\/\/www.miomiorun.com\/fr\/wp-json\/wp\/v2\/product_brand?post=367766"},{"taxonomy":"product_cat","embeddable":true,"href":"https:\/\/www.miomiorun.com\/fr\/wp-json\/wp\/v2\/product_cat?post=367766"},{"taxonomy":"product_tag","embeddable":true,"href":"https:\/\/www.miomiorun.com\/fr\/wp-json\/wp\/v2\/product_tag?post=367766"}],"curies":[{"name":"wp","href":"https:\/\/api.w.org\/{rel}","templated":true}]}}