{"id":367692,"date":"2025-11-08T09:44:26","date_gmt":"2025-11-08T08:44:26","guid":{"rendered":"https:\/\/www.miomiorun.com\/?post_type=product&#038;p=367692"},"modified":"2026-05-09T10:21:07","modified_gmt":"2026-05-09T08:21:07","slug":"wool-seamless-boxer-3inch-homme","status":"publish","type":"product","link":"https:\/\/www.miomiorun.com\/fr\/produit\/wool-seamless-boxer-3inch-homme\/","title":{"rendered":"Wool seamless boxer 3inch homme"},"content":{"rendered":"<p data-start=\"194\" data-end=\"626\">Le <strong data-start=\"252\" data-end=\"282\">Wool Seamless Boxer 3-Inch<\/strong> est un boxer technique de haute qualit\u00e9, con\u00e7u pour offrir <strong data-start=\"342\" data-end=\"378\">chaleur, confort et respirabilit\u00e9<\/strong> lors d&#8217;activit\u00e9s de plein air ou d&#8217;une utilisation quotidienne. Sa <strong data-start=\"434\" data-end=\"462\">structure sans coutures<\/strong> assure une sensation de douceur et d&#8217;absence de frottements, tandis que son <strong data-start=\"529\" data-end=\"550\">design ergonomique<\/strong> garantit un ajustement parfait et une excellente libert\u00e9 de mouvement.<\/p>\n<p data-start=\"628\" data-end=\"912\">Fabriqu\u00e9 dans un <strong data-start=\"645\" data-end=\"718\">tissu doux et r\u00e9sistant m\u00e9lang\u00e9 de laine m\u00e9rinos, de polyamide et d&#8217;\u00e9lasthanne<\/strong>, il garde le corps au chaud et au sec m\u00eame lorsqu&#8217;il est mouill\u00e9, tout en offrant une r\u00e9sistance naturelle aux odeurs. La <strong data-start=\"827\" data-end=\"849\">laine sans mulesing<\/strong> refl\u00e8te notre engagement en faveur d&#8217;une production \u00e9thique et durable.<\/p>\n<p data-start=\"914\" data-end=\"1149\">Avec sa coupe de 3 pouces et son ajustement pr\u00e8s du corps, le boxer sans coutures en laine est le choix id\u00e9al pour les <strong data-start=\"1018\" data-end=\"1051\">entra\u00eenements de faible intensit\u00e9<\/strong>, les <strong data-start=\"1053\" data-end=\"1089\">activit\u00e9s de plein air par temps froid<\/strong> ou comme <strong data-start=\"1097\" data-end=\"1120\">couche de base technique<\/strong> lors des journ\u00e9es les plus rigoureuses.<\/p><\/p>\n","protected":false},"excerpt":{"rendered":"<ul>\n<li data-start=\"1356\" data-end=\"1427\">\n<p data-start=\"1358\" data-end=\"1427\">Tissu en laine m\u00e9rinos, polyamide et \u00e9lasthanne, doux et r\u00e9sistant<\/p>\n<\/li>\n<li data-start=\"1428\" data-end=\"1492\">\n<p data-start=\"1430\" data-end=\"1492\">Conception sans coutures pour un confort et une libert\u00e9 de mouvement sup\u00e9rieurs<\/p>\n<\/li>\n<li data-start=\"1493\" data-end=\"1537\">\n<p data-start=\"1495\" data-end=\"1537\">Thermor\u00e9gulateur et naturellement anti-odeurs<\/p>\n<\/li>\n<\/ul>\n","protected":false},"featured_media":368615,"template":"","meta":{"_acf_changed":false,"inline_featured_image":false},"product_brand":[],"product_cat":[24479,24482,24484],"product_tag":[23554,23647],"class_list":{"0":"post-367692","1":"product","2":"type-product","3":"status-publish","4":"has-post-thumbnail","6":"product_cat-sous-vetements-fr-2","7":"product_cat-vetements-pour-hommes-fr","8":"product_cat-homme","9":"product_tag-craft-fr","10":"product_tag-craft-homme","11":"pa_attivita-fitness-fr","12":"pa_attivita-lifestyle-fr","13":"pa_attivita-marcher","14":"pa_attivita-outdoor-fr","15":"pa_attivita-running-fr","16":"pa_attivita-trail-fr","17":"pa_colore-wool-seamless-boxer-3inch-m-black-fr","18":"pa_marca-craft-fr","19":"pa_sesso-homme","20":"pa_size-xs-s-fr","21":"pa_size-m-l-fr","22":"pa_size-xl-xxl-fr","24":"first","25":"instock","26":"sale","27":"taxable","28":"shipping-taxable","29":"purchasable","30":"product-type-variable","31":"wvs-archive-product-wrapper"},"acf":[],"yoast_head":"<!-- This site is optimized with the Yoast SEO plugin v26.8 - https:\/\/yoast.com\/product\/yoast-seo-wordpress\/ -->\n<title>Craft Wool seamless boxer 3inch homme - Sous-v\u00eatements - MioMioRun.com<\/title>\n<meta name=\"description\" content=\"Boxer technique en laine m\u00e9rinos sans coutures : chaud, respirant et inodore. Confort id\u00e9al pour les activit\u00e9s de plein air et un usage quotidien.\" \/>\n<meta name=\"robots\" content=\"index, follow, max-snippet:-1, max-image-preview:large, max-video-preview:-1\" \/>\n<link rel=\"canonical\" href=\"https:\/\/www.miomiorun.com\/fr\/produit\/wool-seamless-boxer-3inch-homme\/\" \/>\n<meta property=\"og:locale\" content=\"fr_FR\" \/>\n<meta property=\"og:type\" content=\"article\" \/>\n<meta property=\"og:title\" content=\"Craft Wool seamless boxer 3inch homme - Sous-v\u00eatements - MioMioRun.com\" \/>\n<meta property=\"og:description\" content=\"Boxer technique en laine m\u00e9rinos sans coutures : chaud, respirant et inodore. Confort id\u00e9al pour les activit\u00e9s de plein air et un usage quotidien.\" \/>\n<meta property=\"og:url\" content=\"https:\/\/www.miomiorun.com\/fr\/produit\/wool-seamless-boxer-3inch-homme\/\" \/>\n<meta property=\"og:site_name\" content=\"MioMioRun\" \/>\n<meta property=\"article:publisher\" content=\"https:\/\/www.facebook.com\/miomiorun\/\" \/>\n<meta property=\"article:modified_time\" content=\"2026-05-09T08:21:07+00:00\" \/>\n<meta property=\"og:image\" content=\"https:\/\/www.miomiorun.com\/app\/uploads\/2025\/11\/craft-Wool-seamless-boxer-3inch-M-black-1916703-999000.webp\" \/>\n\t<meta property=\"og:image:width\" content=\"720\" \/>\n\t<meta property=\"og:image:height\" content=\"720\" \/>\n\t<meta property=\"og:image:type\" content=\"image\/webp\" \/>\n<meta name=\"twitter:card\" content=\"summary_large_image\" \/>\n<meta name=\"twitter:label1\" content=\"Est. reading time\" \/>\n\t<meta name=\"twitter:data1\" content=\"1 minute\" \/>\n<script type=\"application\/ld+json\" class=\"yoast-schema-graph\">{\"@context\":\"https:\/\/schema.org\",\"@graph\":[{\"@type\":\"WebPage\",\"@id\":\"https:\/\/www.miomiorun.com\/fr\/produit\/wool-seamless-boxer-3inch-homme\/\",\"url\":\"https:\/\/www.miomiorun.com\/fr\/produit\/wool-seamless-boxer-3inch-homme\/\",\"name\":\"Craft Wool seamless boxer 3inch homme - Sous-v\u00eatements - MioMioRun.com\",\"isPartOf\":{\"@id\":\"https:\/\/www.miomiorun.com\/fr\/#website\"},\"primaryImageOfPage\":{\"@id\":\"https:\/\/www.miomiorun.com\/fr\/produit\/wool-seamless-boxer-3inch-homme\/#primaryimage\"},\"image\":{\"@id\":\"https:\/\/www.miomiorun.com\/fr\/produit\/wool-seamless-boxer-3inch-homme\/#primaryimage\"},\"thumbnailUrl\":\"https:\/\/www.miomiorun.com\/app\/uploads\/2025\/11\/craft-Wool-seamless-boxer-3inch-M-black-1916703-999000.webp\",\"datePublished\":\"2025-11-08T08:44:26+00:00\",\"dateModified\":\"2026-05-09T08:21:07+00:00\",\"description\":\"Boxer technique en laine m\u00e9rinos sans coutures : chaud, respirant et inodore. Confort id\u00e9al pour les activit\u00e9s de plein air et un usage quotidien.\",\"breadcrumb\":{\"@id\":\"https:\/\/www.miomiorun.com\/fr\/produit\/wool-seamless-boxer-3inch-homme\/#breadcrumb\"},\"inLanguage\":\"fr-FR\",\"potentialAction\":[{\"@type\":\"ReadAction\",\"target\":[\"https:\/\/www.miomiorun.com\/fr\/produit\/wool-seamless-boxer-3inch-homme\/\"]}]},{\"@type\":\"ImageObject\",\"inLanguage\":\"fr-FR\",\"@id\":\"https:\/\/www.miomiorun.com\/fr\/produit\/wool-seamless-boxer-3inch-homme\/#primaryimage\",\"url\":\"https:\/\/www.miomiorun.com\/app\/uploads\/2025\/11\/craft-Wool-seamless-boxer-3inch-M-black-1916703-999000.webp\",\"contentUrl\":\"https:\/\/www.miomiorun.com\/app\/uploads\/2025\/11\/craft-Wool-seamless-boxer-3inch-M-black-1916703-999000.webp\",\"width\":720,\"height\":720,\"caption\":\"craft Wool seamless boxer 3inch M black 1916703-999000\"},{\"@type\":\"BreadcrumbList\",\"@id\":\"https:\/\/www.miomiorun.com\/fr\/produit\/wool-seamless-boxer-3inch-homme\/#breadcrumb\",\"itemListElement\":[{\"@type\":\"ListItem\",\"position\":1,\"name\":\"Home\",\"item\":\"https:\/\/www.miomiorun.com\/fr\/home-page\/\"},{\"@type\":\"ListItem\",\"position\":2,\"name\":\"Shop\",\"item\":\"https:\/\/www.miomiorun.com\/shop\/\"},{\"@type\":\"ListItem\",\"position\":3,\"name\":\"Wool seamless boxer 3inch homme\"}]},{\"@type\":\"WebSite\",\"@id\":\"https:\/\/www.miomiorun.com\/fr\/#website\",\"url\":\"https:\/\/www.miomiorun.com\/fr\/\",\"name\":\"MioMioRun\",\"description\":\"Boutique 100% running et trail\",\"publisher\":{\"@id\":\"https:\/\/www.miomiorun.com\/fr\/#organization\"},\"potentialAction\":[{\"@type\":\"SearchAction\",\"target\":{\"@type\":\"EntryPoint\",\"urlTemplate\":\"https:\/\/www.miomiorun.com\/fr\/?s={search_term_string}\"},\"query-input\":{\"@type\":\"PropertyValueSpecification\",\"valueRequired\":true,\"valueName\":\"search_term_string\"}}],\"inLanguage\":\"fr-FR\"},{\"@type\":\"Organization\",\"@id\":\"https:\/\/www.miomiorun.com\/fr\/#organization\",\"name\":\"MioMio Run\",\"url\":\"https:\/\/www.miomiorun.com\/fr\/\",\"logo\":{\"@type\":\"ImageObject\",\"inLanguage\":\"fr-FR\",\"@id\":\"https:\/\/www.miomiorun.com\/fr\/#\/schema\/logo\/image\/\",\"url\":\"https:\/\/www.miomiorun.com\/app\/uploads\/2019\/12\/logomio.png\",\"contentUrl\":\"https:\/\/www.miomiorun.com\/app\/uploads\/2019\/12\/logomio.png\",\"width\":115,\"height\":82,\"caption\":\"MioMio Run\"},\"image\":{\"@id\":\"https:\/\/www.miomiorun.com\/fr\/#\/schema\/logo\/image\/\"},\"sameAs\":[\"https:\/\/www.facebook.com\/miomiorun\/\",\"https:\/\/www.instagram.com\/miomiorun\/\"]}]}<\/script>\n<!-- \/ Yoast SEO plugin. -->","yoast_head_json":{"title":"Craft Wool seamless boxer 3inch homme - Sous-v\u00eatements - MioMioRun.com","description":"Boxer technique en laine m\u00e9rinos sans coutures : chaud, respirant et inodore. Confort id\u00e9al pour les activit\u00e9s de plein air et un usage quotidien.","robots":{"index":"index","follow":"follow","max-snippet":"max-snippet:-1","max-image-preview":"max-image-preview:large","max-video-preview":"max-video-preview:-1"},"canonical":"https:\/\/www.miomiorun.com\/fr\/produit\/wool-seamless-boxer-3inch-homme\/","og_locale":"fr_FR","og_type":"article","og_title":"Craft Wool seamless boxer 3inch homme - Sous-v\u00eatements - MioMioRun.com","og_description":"Boxer technique en laine m\u00e9rinos sans coutures : chaud, respirant et inodore. Confort id\u00e9al pour les activit\u00e9s de plein air et un usage quotidien.","og_url":"https:\/\/www.miomiorun.com\/fr\/produit\/wool-seamless-boxer-3inch-homme\/","og_site_name":"MioMioRun","article_publisher":"https:\/\/www.facebook.com\/miomiorun\/","article_modified_time":"2026-05-09T08:21:07+00:00","og_image":[{"width":720,"height":720,"url":"https:\/\/www.miomiorun.com\/app\/uploads\/2025\/11\/craft-Wool-seamless-boxer-3inch-M-black-1916703-999000.webp","type":"image\/webp"}],"twitter_card":"summary_large_image","twitter_misc":{"Est. reading time":"1 minute"},"schema":{"@context":"https:\/\/schema.org","@graph":[{"@type":"WebPage","@id":"https:\/\/www.miomiorun.com\/fr\/produit\/wool-seamless-boxer-3inch-homme\/","url":"https:\/\/www.miomiorun.com\/fr\/produit\/wool-seamless-boxer-3inch-homme\/","name":"Craft Wool seamless boxer 3inch homme - Sous-v\u00eatements - MioMioRun.com","isPartOf":{"@id":"https:\/\/www.miomiorun.com\/fr\/#website"},"primaryImageOfPage":{"@id":"https:\/\/www.miomiorun.com\/fr\/produit\/wool-seamless-boxer-3inch-homme\/#primaryimage"},"image":{"@id":"https:\/\/www.miomiorun.com\/fr\/produit\/wool-seamless-boxer-3inch-homme\/#primaryimage"},"thumbnailUrl":"https:\/\/www.miomiorun.com\/app\/uploads\/2025\/11\/craft-Wool-seamless-boxer-3inch-M-black-1916703-999000.webp","datePublished":"2025-11-08T08:44:26+00:00","dateModified":"2026-05-09T08:21:07+00:00","description":"Boxer technique en laine m\u00e9rinos sans coutures : chaud, respirant et inodore. Confort id\u00e9al pour les activit\u00e9s de plein air et un usage quotidien.","breadcrumb":{"@id":"https:\/\/www.miomiorun.com\/fr\/produit\/wool-seamless-boxer-3inch-homme\/#breadcrumb"},"inLanguage":"fr-FR","potentialAction":[{"@type":"ReadAction","target":["https:\/\/www.miomiorun.com\/fr\/produit\/wool-seamless-boxer-3inch-homme\/"]}]},{"@type":"ImageObject","inLanguage":"fr-FR","@id":"https:\/\/www.miomiorun.com\/fr\/produit\/wool-seamless-boxer-3inch-homme\/#primaryimage","url":"https:\/\/www.miomiorun.com\/app\/uploads\/2025\/11\/craft-Wool-seamless-boxer-3inch-M-black-1916703-999000.webp","contentUrl":"https:\/\/www.miomiorun.com\/app\/uploads\/2025\/11\/craft-Wool-seamless-boxer-3inch-M-black-1916703-999000.webp","width":720,"height":720,"caption":"craft Wool seamless boxer 3inch M black 1916703-999000"},{"@type":"BreadcrumbList","@id":"https:\/\/www.miomiorun.com\/fr\/produit\/wool-seamless-boxer-3inch-homme\/#breadcrumb","itemListElement":[{"@type":"ListItem","position":1,"name":"Home","item":"https:\/\/www.miomiorun.com\/fr\/home-page\/"},{"@type":"ListItem","position":2,"name":"Shop","item":"https:\/\/www.miomiorun.com\/shop\/"},{"@type":"ListItem","position":3,"name":"Wool seamless boxer 3inch homme"}]},{"@type":"WebSite","@id":"https:\/\/www.miomiorun.com\/fr\/#website","url":"https:\/\/www.miomiorun.com\/fr\/","name":"MioMioRun","description":"Boutique 100% running et trail","publisher":{"@id":"https:\/\/www.miomiorun.com\/fr\/#organization"},"potentialAction":[{"@type":"SearchAction","target":{"@type":"EntryPoint","urlTemplate":"https:\/\/www.miomiorun.com\/fr\/?s={search_term_string}"},"query-input":{"@type":"PropertyValueSpecification","valueRequired":true,"valueName":"search_term_string"}}],"inLanguage":"fr-FR"},{"@type":"Organization","@id":"https:\/\/www.miomiorun.com\/fr\/#organization","name":"MioMio Run","url":"https:\/\/www.miomiorun.com\/fr\/","logo":{"@type":"ImageObject","inLanguage":"fr-FR","@id":"https:\/\/www.miomiorun.com\/fr\/#\/schema\/logo\/image\/","url":"https:\/\/www.miomiorun.com\/app\/uploads\/2019\/12\/logomio.png","contentUrl":"https:\/\/www.miomiorun.com\/app\/uploads\/2019\/12\/logomio.png","width":115,"height":82,"caption":"MioMio Run"},"image":{"@id":"https:\/\/www.miomiorun.com\/fr\/#\/schema\/logo\/image\/"},"sameAs":["https:\/\/www.facebook.com\/miomiorun\/","https:\/\/www.instagram.com\/miomiorun\/"]}]}},"_links":{"self":[{"href":"https:\/\/www.miomiorun.com\/fr\/wp-json\/wp\/v2\/product\/367692","targetHints":{"allow":["GET"]}}],"collection":[{"href":"https:\/\/www.miomiorun.com\/fr\/wp-json\/wp\/v2\/product"}],"about":[{"href":"https:\/\/www.miomiorun.com\/fr\/wp-json\/wp\/v2\/types\/product"}],"wp:featuredmedia":[{"embeddable":true,"href":"https:\/\/www.miomiorun.com\/fr\/wp-json\/wp\/v2\/media\/368615"}],"wp:attachment":[{"href":"https:\/\/www.miomiorun.com\/fr\/wp-json\/wp\/v2\/media?parent=367692"}],"wp:term":[{"taxonomy":"product_brand","embeddable":true,"href":"https:\/\/www.miomiorun.com\/fr\/wp-json\/wp\/v2\/product_brand?post=367692"},{"taxonomy":"product_cat","embeddable":true,"href":"https:\/\/www.miomiorun.com\/fr\/wp-json\/wp\/v2\/product_cat?post=367692"},{"taxonomy":"product_tag","embeddable":true,"href":"https:\/\/www.miomiorun.com\/fr\/wp-json\/wp\/v2\/product_tag?post=367692"}],"curies":[{"name":"wp","href":"https:\/\/api.w.org\/{rel}","templated":true}]}}