{"id":367622,"date":"2025-11-07T19:28:42","date_gmt":"2025-11-07T18:28:42","guid":{"rendered":"https:\/\/www.miomiorun.com\/?post_type=product&#038;p=367622"},"modified":"2026-05-09T10:21:01","modified_gmt":"2026-05-09T08:21:01","slug":"wool-seamless-bra-femme","status":"publish","type":"product","link":"https:\/\/www.miomiorun.com\/fr\/produit\/wool-seamless-bra-femme\/","title":{"rendered":"Wool Seamless Bra femme"},"content":{"rendered":"<p data-start=\"166\" data-end=\"583\">Le <strong data-start=\"224\" data-end=\"245\">Wool Seamless Bra<\/strong> est un soutien-gorge technique haut de gamme en <strong data-start=\"299\" data-end=\"314\">laine m\u00e9rinos<\/strong>, con\u00e7u pour offrir un confort thermique optimal lors d&#8217;activit\u00e9s en plein air ou d&#8217;une utilisation quotidienne. Sa <strong data-start=\"422\" data-end=\"452\">construction sans coutures<\/strong> assure un ajustement parfait et confortable, \u00e9vitant les frottements et les irritations, m\u00eame pendant une activit\u00e9 physique prolong\u00e9e.<\/p>\n<p data-start=\"585\" data-end=\"892\">Le tissu, un <strong data-start=\"601\" data-end=\"676\">m\u00e9lange doux et r\u00e9sistant de laine m\u00e9rinos, de polyamide et d&#8217;\u00e9lasthanne<\/strong>, garantit chaleur et respirabilit\u00e9, tout en gardant la peau s\u00e8che et sans odeurs d\u00e9sagr\u00e9ables, m\u00eame dans des conditions froides ou humides. La <strong data-start=\"807\" data-end=\"829\">laine sans mulesing<\/strong> t\u00e9moigne d&#8217;une approche \u00e9thique et durable de la production.<\/p>\n<p data-start=\"894\" data-end=\"1170\">Gr\u00e2ce \u00e0 sa conception ergonomique et \u00e0 la capacit\u00e9 naturelle de la laine \u00e0 r\u00e9guler la temp\u00e9rature corporelle, le soutien-gorge Wool Seamless Bra est le choix id\u00e9al pour les <strong data-start=\"1039\" data-end=\"1072\">entra\u00eenements de faible intensit\u00e9<\/strong> ou les <strong data-start=\"1079\" data-end=\"1115\">activit\u00e9s de plein air par temps froid<\/strong>, offrant soutien et douceur tout au long de la journ\u00e9e.<\/p>\n<p>&nbsp;<\/p>\n<p>&nbsp;<\/p>\n<div class=\"o-feature-callout__feature-copy\">\n<div class=\"o-feature-callout__feature-copy\">\n<p>&nbsp;<\/p>\n<\/div>\n<\/div>\n","protected":false},"excerpt":{"rendered":"<ul>\n<li data-start=\"1371\" data-end=\"1441\">Tissu en laine m\u00e9rinos, polyamide et \u00e9lasthanne, doux et respirant<\/li>\n<li data-start=\"1444\" data-end=\"1504\">Conception sans coutures pour un confort maximal et une grande libert\u00e9 de mouvement<\/li>\n<li data-start=\"1507\" data-end=\"1555\">Thermor\u00e9gulation naturelle et laine sans mulesing<\/li>\n<\/ul>\n","protected":false},"featured_media":367388,"template":"","meta":{"_acf_changed":false,"inline_featured_image":false},"product_brand":[],"product_cat":[22600,22596],"product_tag":[23554,23648],"class_list":{"0":"post-367622","1":"product","2":"type-product","3":"status-publish","4":"has-post-thumbnail","6":"product_cat-sous-vetements","7":"product_cat-vetements-pour-femmes","8":"product_tag-craft-fr","9":"product_tag-craft-femme","10":"pa_attivita-fitness-fr","11":"pa_attivita-marcher","12":"pa_attivita-running-fr","13":"pa_colore-wool-seamless-bra-w-black-fr","14":"pa_marca-craft-fr","15":"pa_sesso-femme","16":"pa_size-xs-s-fr","17":"pa_size-m-l-fr","19":"first","20":"instock","21":"sale","22":"taxable","23":"shipping-taxable","24":"purchasable","25":"product-type-variable","26":"wvs-archive-product-wrapper"},"acf":[],"yoast_head":"<!-- This site is optimized with the Yoast SEO plugin v26.8 - https:\/\/yoast.com\/product\/yoast-seo-wordpress\/ -->\n<title>CraftWool Seamless Bra femme - haut de sport - MioMioRun<\/title>\n<meta name=\"description\" content=\"Soutien-gorge technique en laine m\u00e9rinos sans coutures : confort, chaleur et respirabilit\u00e9 pour les activit\u00e9s de plein air et un usage quotidien. D\u00e9couvrez-en plus sur notre site !\" \/>\n<meta name=\"robots\" content=\"index, follow, max-snippet:-1, max-image-preview:large, max-video-preview:-1\" \/>\n<link rel=\"canonical\" href=\"https:\/\/www.miomiorun.com\/fr\/produit\/wool-seamless-bra-femme\/\" \/>\n<meta property=\"og:locale\" content=\"fr_FR\" \/>\n<meta property=\"og:type\" content=\"article\" \/>\n<meta property=\"og:title\" content=\"CraftWool Seamless Bra femme - haut de sport - MioMioRun\" \/>\n<meta property=\"og:description\" content=\"Soutien-gorge technique en laine m\u00e9rinos sans coutures : confort, chaleur et respirabilit\u00e9 pour les activit\u00e9s de plein air et un usage quotidien. D\u00e9couvrez-en plus sur notre site !\" \/>\n<meta property=\"og:url\" content=\"https:\/\/www.miomiorun.com\/fr\/produit\/wool-seamless-bra-femme\/\" \/>\n<meta property=\"og:site_name\" content=\"MioMioRun\" \/>\n<meta property=\"article:publisher\" content=\"https:\/\/www.facebook.com\/miomiorun\/\" \/>\n<meta property=\"article:modified_time\" content=\"2026-05-09T08:21:01+00:00\" \/>\n<meta property=\"og:image\" content=\"https:\/\/www.miomiorun.com\/app\/uploads\/2025\/11\/craft-Wool-seamless-Bra-W-black-1916663-999000.webp\" \/>\n\t<meta property=\"og:image:width\" content=\"720\" \/>\n\t<meta property=\"og:image:height\" content=\"720\" \/>\n\t<meta property=\"og:image:type\" content=\"image\/webp\" \/>\n<meta name=\"twitter:card\" content=\"summary_large_image\" \/>\n<meta name=\"twitter:label1\" content=\"Est. reading time\" \/>\n\t<meta name=\"twitter:data1\" content=\"1 minute\" \/>\n<script type=\"application\/ld+json\" class=\"yoast-schema-graph\">{\"@context\":\"https:\/\/schema.org\",\"@graph\":[{\"@type\":\"WebPage\",\"@id\":\"https:\/\/www.miomiorun.com\/fr\/produit\/wool-seamless-bra-femme\/\",\"url\":\"https:\/\/www.miomiorun.com\/fr\/produit\/wool-seamless-bra-femme\/\",\"name\":\"CraftWool Seamless Bra femme - haut de sport - MioMioRun\",\"isPartOf\":{\"@id\":\"https:\/\/www.miomiorun.com\/fr\/#website\"},\"primaryImageOfPage\":{\"@id\":\"https:\/\/www.miomiorun.com\/fr\/produit\/wool-seamless-bra-femme\/#primaryimage\"},\"image\":{\"@id\":\"https:\/\/www.miomiorun.com\/fr\/produit\/wool-seamless-bra-femme\/#primaryimage\"},\"thumbnailUrl\":\"https:\/\/www.miomiorun.com\/app\/uploads\/2025\/11\/craft-Wool-seamless-Bra-W-black-1916663-999000.webp\",\"datePublished\":\"2025-11-07T18:28:42+00:00\",\"dateModified\":\"2026-05-09T08:21:01+00:00\",\"description\":\"Soutien-gorge technique en laine m\u00e9rinos sans coutures : confort, chaleur et respirabilit\u00e9 pour les activit\u00e9s de plein air et un usage quotidien. D\u00e9couvrez-en plus sur notre site !\",\"breadcrumb\":{\"@id\":\"https:\/\/www.miomiorun.com\/fr\/produit\/wool-seamless-bra-femme\/#breadcrumb\"},\"inLanguage\":\"fr-FR\",\"potentialAction\":[{\"@type\":\"ReadAction\",\"target\":[\"https:\/\/www.miomiorun.com\/fr\/produit\/wool-seamless-bra-femme\/\"]}]},{\"@type\":\"ImageObject\",\"inLanguage\":\"fr-FR\",\"@id\":\"https:\/\/www.miomiorun.com\/fr\/produit\/wool-seamless-bra-femme\/#primaryimage\",\"url\":\"https:\/\/www.miomiorun.com\/app\/uploads\/2025\/11\/craft-Wool-seamless-Bra-W-black-1916663-999000.webp\",\"contentUrl\":\"https:\/\/www.miomiorun.com\/app\/uploads\/2025\/11\/craft-Wool-seamless-Bra-W-black-1916663-999000.webp\",\"width\":720,\"height\":720,\"caption\":\"craft Wool seamless Bra W black 1916663-999000\"},{\"@type\":\"BreadcrumbList\",\"@id\":\"https:\/\/www.miomiorun.com\/fr\/produit\/wool-seamless-bra-femme\/#breadcrumb\",\"itemListElement\":[{\"@type\":\"ListItem\",\"position\":1,\"name\":\"Home\",\"item\":\"https:\/\/www.miomiorun.com\/fr\/home-page\/\"},{\"@type\":\"ListItem\",\"position\":2,\"name\":\"Shop\",\"item\":\"https:\/\/www.miomiorun.com\/shop\/\"},{\"@type\":\"ListItem\",\"position\":3,\"name\":\"Wool Seamless Bra femme\"}]},{\"@type\":\"WebSite\",\"@id\":\"https:\/\/www.miomiorun.com\/fr\/#website\",\"url\":\"https:\/\/www.miomiorun.com\/fr\/\",\"name\":\"MioMioRun\",\"description\":\"Boutique 100% running et trail\",\"publisher\":{\"@id\":\"https:\/\/www.miomiorun.com\/fr\/#organization\"},\"potentialAction\":[{\"@type\":\"SearchAction\",\"target\":{\"@type\":\"EntryPoint\",\"urlTemplate\":\"https:\/\/www.miomiorun.com\/fr\/?s={search_term_string}\"},\"query-input\":{\"@type\":\"PropertyValueSpecification\",\"valueRequired\":true,\"valueName\":\"search_term_string\"}}],\"inLanguage\":\"fr-FR\"},{\"@type\":\"Organization\",\"@id\":\"https:\/\/www.miomiorun.com\/fr\/#organization\",\"name\":\"MioMio Run\",\"url\":\"https:\/\/www.miomiorun.com\/fr\/\",\"logo\":{\"@type\":\"ImageObject\",\"inLanguage\":\"fr-FR\",\"@id\":\"https:\/\/www.miomiorun.com\/fr\/#\/schema\/logo\/image\/\",\"url\":\"https:\/\/www.miomiorun.com\/app\/uploads\/2019\/12\/logomio.png\",\"contentUrl\":\"https:\/\/www.miomiorun.com\/app\/uploads\/2019\/12\/logomio.png\",\"width\":115,\"height\":82,\"caption\":\"MioMio Run\"},\"image\":{\"@id\":\"https:\/\/www.miomiorun.com\/fr\/#\/schema\/logo\/image\/\"},\"sameAs\":[\"https:\/\/www.facebook.com\/miomiorun\/\",\"https:\/\/www.instagram.com\/miomiorun\/\"]}]}<\/script>\n<!-- \/ Yoast SEO plugin. -->","yoast_head_json":{"title":"CraftWool Seamless Bra femme - haut de sport - MioMioRun","description":"Soutien-gorge technique en laine m\u00e9rinos sans coutures : confort, chaleur et respirabilit\u00e9 pour les activit\u00e9s de plein air et un usage quotidien. D\u00e9couvrez-en plus sur notre site !","robots":{"index":"index","follow":"follow","max-snippet":"max-snippet:-1","max-image-preview":"max-image-preview:large","max-video-preview":"max-video-preview:-1"},"canonical":"https:\/\/www.miomiorun.com\/fr\/produit\/wool-seamless-bra-femme\/","og_locale":"fr_FR","og_type":"article","og_title":"CraftWool Seamless Bra femme - haut de sport - MioMioRun","og_description":"Soutien-gorge technique en laine m\u00e9rinos sans coutures : confort, chaleur et respirabilit\u00e9 pour les activit\u00e9s de plein air et un usage quotidien. D\u00e9couvrez-en plus sur notre site !","og_url":"https:\/\/www.miomiorun.com\/fr\/produit\/wool-seamless-bra-femme\/","og_site_name":"MioMioRun","article_publisher":"https:\/\/www.facebook.com\/miomiorun\/","article_modified_time":"2026-05-09T08:21:01+00:00","og_image":[{"width":720,"height":720,"url":"https:\/\/www.miomiorun.com\/app\/uploads\/2025\/11\/craft-Wool-seamless-Bra-W-black-1916663-999000.webp","type":"image\/webp"}],"twitter_card":"summary_large_image","twitter_misc":{"Est. reading time":"1 minute"},"schema":{"@context":"https:\/\/schema.org","@graph":[{"@type":"WebPage","@id":"https:\/\/www.miomiorun.com\/fr\/produit\/wool-seamless-bra-femme\/","url":"https:\/\/www.miomiorun.com\/fr\/produit\/wool-seamless-bra-femme\/","name":"CraftWool Seamless Bra femme - haut de sport - MioMioRun","isPartOf":{"@id":"https:\/\/www.miomiorun.com\/fr\/#website"},"primaryImageOfPage":{"@id":"https:\/\/www.miomiorun.com\/fr\/produit\/wool-seamless-bra-femme\/#primaryimage"},"image":{"@id":"https:\/\/www.miomiorun.com\/fr\/produit\/wool-seamless-bra-femme\/#primaryimage"},"thumbnailUrl":"https:\/\/www.miomiorun.com\/app\/uploads\/2025\/11\/craft-Wool-seamless-Bra-W-black-1916663-999000.webp","datePublished":"2025-11-07T18:28:42+00:00","dateModified":"2026-05-09T08:21:01+00:00","description":"Soutien-gorge technique en laine m\u00e9rinos sans coutures : confort, chaleur et respirabilit\u00e9 pour les activit\u00e9s de plein air et un usage quotidien. D\u00e9couvrez-en plus sur notre site !","breadcrumb":{"@id":"https:\/\/www.miomiorun.com\/fr\/produit\/wool-seamless-bra-femme\/#breadcrumb"},"inLanguage":"fr-FR","potentialAction":[{"@type":"ReadAction","target":["https:\/\/www.miomiorun.com\/fr\/produit\/wool-seamless-bra-femme\/"]}]},{"@type":"ImageObject","inLanguage":"fr-FR","@id":"https:\/\/www.miomiorun.com\/fr\/produit\/wool-seamless-bra-femme\/#primaryimage","url":"https:\/\/www.miomiorun.com\/app\/uploads\/2025\/11\/craft-Wool-seamless-Bra-W-black-1916663-999000.webp","contentUrl":"https:\/\/www.miomiorun.com\/app\/uploads\/2025\/11\/craft-Wool-seamless-Bra-W-black-1916663-999000.webp","width":720,"height":720,"caption":"craft Wool seamless Bra W black 1916663-999000"},{"@type":"BreadcrumbList","@id":"https:\/\/www.miomiorun.com\/fr\/produit\/wool-seamless-bra-femme\/#breadcrumb","itemListElement":[{"@type":"ListItem","position":1,"name":"Home","item":"https:\/\/www.miomiorun.com\/fr\/home-page\/"},{"@type":"ListItem","position":2,"name":"Shop","item":"https:\/\/www.miomiorun.com\/shop\/"},{"@type":"ListItem","position":3,"name":"Wool Seamless Bra femme"}]},{"@type":"WebSite","@id":"https:\/\/www.miomiorun.com\/fr\/#website","url":"https:\/\/www.miomiorun.com\/fr\/","name":"MioMioRun","description":"Boutique 100% running et trail","publisher":{"@id":"https:\/\/www.miomiorun.com\/fr\/#organization"},"potentialAction":[{"@type":"SearchAction","target":{"@type":"EntryPoint","urlTemplate":"https:\/\/www.miomiorun.com\/fr\/?s={search_term_string}"},"query-input":{"@type":"PropertyValueSpecification","valueRequired":true,"valueName":"search_term_string"}}],"inLanguage":"fr-FR"},{"@type":"Organization","@id":"https:\/\/www.miomiorun.com\/fr\/#organization","name":"MioMio Run","url":"https:\/\/www.miomiorun.com\/fr\/","logo":{"@type":"ImageObject","inLanguage":"fr-FR","@id":"https:\/\/www.miomiorun.com\/fr\/#\/schema\/logo\/image\/","url":"https:\/\/www.miomiorun.com\/app\/uploads\/2019\/12\/logomio.png","contentUrl":"https:\/\/www.miomiorun.com\/app\/uploads\/2019\/12\/logomio.png","width":115,"height":82,"caption":"MioMio Run"},"image":{"@id":"https:\/\/www.miomiorun.com\/fr\/#\/schema\/logo\/image\/"},"sameAs":["https:\/\/www.facebook.com\/miomiorun\/","https:\/\/www.instagram.com\/miomiorun\/"]}]}},"_links":{"self":[{"href":"https:\/\/www.miomiorun.com\/fr\/wp-json\/wp\/v2\/product\/367622","targetHints":{"allow":["GET"]}}],"collection":[{"href":"https:\/\/www.miomiorun.com\/fr\/wp-json\/wp\/v2\/product"}],"about":[{"href":"https:\/\/www.miomiorun.com\/fr\/wp-json\/wp\/v2\/types\/product"}],"wp:featuredmedia":[{"embeddable":true,"href":"https:\/\/www.miomiorun.com\/fr\/wp-json\/wp\/v2\/media\/367388"}],"wp:attachment":[{"href":"https:\/\/www.miomiorun.com\/fr\/wp-json\/wp\/v2\/media?parent=367622"}],"wp:term":[{"taxonomy":"product_brand","embeddable":true,"href":"https:\/\/www.miomiorun.com\/fr\/wp-json\/wp\/v2\/product_brand?post=367622"},{"taxonomy":"product_cat","embeddable":true,"href":"https:\/\/www.miomiorun.com\/fr\/wp-json\/wp\/v2\/product_cat?post=367622"},{"taxonomy":"product_tag","embeddable":true,"href":"https:\/\/www.miomiorun.com\/fr\/wp-json\/wp\/v2\/product_tag?post=367622"}],"curies":[{"name":"wp","href":"https:\/\/api.w.org\/{rel}","templated":true}]}}