{"id":367515,"date":"2025-11-07T19:10:58","date_gmt":"2025-11-07T18:10:58","guid":{"rendered":"https:\/\/www.miomiorun.com\/?post_type=product&#038;p=367515"},"modified":"2026-05-09T10:20:41","modified_gmt":"2026-05-09T08:20:41","slug":"wool-seamless-hipster-femme","status":"publish","type":"product","link":"https:\/\/www.miomiorun.com\/fr\/produit\/wool-seamless-hipster-femme\/","title":{"rendered":"Wool Seamless Hipster femme"},"content":{"rendered":"<p>Les <strong data-start=\"194\" data-end=\"219\">Wool Seamless Hipster<\/strong> sont des slips techniques haut de gamme sans coutures, con\u00e7us pour offrir chaleur, confort et libert\u00e9 de mouvement lors d&#8217;activit\u00e9s de plein air ou d&#8217;une utilisation quotidienne. <br data-start=\"379\" data-end=\"382\">Fabriqu\u00e9s dans un tissu r\u00e9sistant \u00e0 base de <strong data-start=\"428\" data-end=\"443\">laine m\u00e9rinos<\/strong>, <strong data-start=\"445\" data-end=\"459\">polyamide<\/strong> et <strong data-start=\"463\" data-end=\"474\">\u00e9lasthanne<\/strong>, ils allient douceur, respirabilit\u00e9 et gestion optimale de l&#8217;humidit\u00e9. La laine m\u00e9rinos, provenant d&#8217;\u00e9levages <strong data-start=\"590\" data-end=\"607\">sans mulesing<\/strong>, maintient le corps au chaud et au sec m\u00eame dans des conditions humides, emp\u00eachant naturellement la formation de mauvaises odeurs. <br data-start=\"731\" data-end=\"734\">La construction <strong data-start=\"749\" data-end=\"761\" data-is-only-node=\"\">sans coutures<\/strong> garantit un ajustement parfait et sans irritation, tandis que la structure ergonomique assure confort et libert\u00e9 de mouvement dans toutes les situations. Id\u00e9al pour les entra\u00eenements de faible intensit\u00e9 ou comme couche de base dans les environnements froids.<\/p>\n","protected":false},"excerpt":{"rendered":"<ul>\n<li>Tissu en laine m\u00e9rinos, polyamide et \u00e9lasthanne, doux et r\u00e9sistant<\/li>\n<li>Conception sans coutures pour un confort sup\u00e9rieur et une coupe ergonomique<\/li>\n<li>Thermor\u00e9gulation et protection naturelle contre les odeurs<\/li>\n<\/ul>\n","protected":false},"featured_media":368544,"template":"","meta":{"_acf_changed":false,"inline_featured_image":false},"product_brand":[],"product_cat":[22600,22596],"product_tag":[23554,23648],"class_list":{"0":"post-367515","1":"product","2":"type-product","3":"status-publish","4":"has-post-thumbnail","6":"product_cat-sous-vetements","7":"product_cat-vetements-pour-femmes","8":"product_tag-craft-fr","9":"product_tag-craft-femme","10":"pa_attivita-fitness-fr","11":"pa_attivita-lifestyle-fr","12":"pa_attivita-marcher","13":"pa_attivita-outdoor-fr","14":"pa_attivita-running-fr","15":"pa_attivita-trail-fr","16":"pa_colore-wool-seamless-hipster-w-black-fr","17":"pa_marca-craft-fr","18":"pa_sesso-femme","19":"pa_size-xs-s-fr","20":"pa_size-m-l-fr","22":"first","23":"instock","24":"sale","25":"taxable","26":"shipping-taxable","27":"purchasable","28":"product-type-variable","29":"wvs-archive-product-wrapper"},"acf":[],"yoast_head":"<!-- This site is optimized with the Yoast SEO plugin v26.8 - https:\/\/yoast.com\/product\/yoast-seo-wordpress\/ -->\n<title>Craft Wool Seamless Hipster femme - Sous-v\u00eatements - MioMioRun.com<\/title>\n<meta name=\"description\" content=\"Slips techniques en laine m\u00e9rinos sans coutures : chaleur, confort et respirabilit\u00e9 id\u00e9aux pour les activit\u00e9s de plein air et un usage quotidien.\" \/>\n<meta name=\"robots\" content=\"index, follow, max-snippet:-1, max-image-preview:large, max-video-preview:-1\" \/>\n<link rel=\"canonical\" href=\"https:\/\/www.miomiorun.com\/fr\/produit\/wool-seamless-hipster-femme\/\" \/>\n<meta property=\"og:locale\" content=\"fr_FR\" \/>\n<meta property=\"og:type\" content=\"article\" \/>\n<meta property=\"og:title\" content=\"Craft Wool Seamless Hipster femme - Sous-v\u00eatements - MioMioRun.com\" \/>\n<meta property=\"og:description\" content=\"Slips techniques en laine m\u00e9rinos sans coutures : chaleur, confort et respirabilit\u00e9 id\u00e9aux pour les activit\u00e9s de plein air et un usage quotidien.\" \/>\n<meta property=\"og:url\" content=\"https:\/\/www.miomiorun.com\/fr\/produit\/wool-seamless-hipster-femme\/\" \/>\n<meta property=\"og:site_name\" content=\"MioMioRun\" \/>\n<meta property=\"article:publisher\" content=\"https:\/\/www.facebook.com\/miomiorun\/\" \/>\n<meta property=\"article:modified_time\" content=\"2026-05-09T08:20:41+00:00\" \/>\n<meta property=\"og:image\" content=\"https:\/\/www.miomiorun.com\/app\/uploads\/2025\/11\/craft-Wool-seamless-hipster-W-black-1916700-999000.webp\" \/>\n\t<meta property=\"og:image:width\" content=\"720\" \/>\n\t<meta property=\"og:image:height\" content=\"720\" \/>\n\t<meta property=\"og:image:type\" content=\"image\/webp\" \/>\n<meta name=\"twitter:card\" content=\"summary_large_image\" \/>\n<meta name=\"twitter:label1\" content=\"Est. reading time\" \/>\n\t<meta name=\"twitter:data1\" content=\"1 minute\" \/>\n<script type=\"application\/ld+json\" class=\"yoast-schema-graph\">{\"@context\":\"https:\/\/schema.org\",\"@graph\":[{\"@type\":\"WebPage\",\"@id\":\"https:\/\/www.miomiorun.com\/fr\/produit\/wool-seamless-hipster-femme\/\",\"url\":\"https:\/\/www.miomiorun.com\/fr\/produit\/wool-seamless-hipster-femme\/\",\"name\":\"Craft Wool Seamless Hipster femme - Sous-v\u00eatements - MioMioRun.com\",\"isPartOf\":{\"@id\":\"https:\/\/www.miomiorun.com\/fr\/#website\"},\"primaryImageOfPage\":{\"@id\":\"https:\/\/www.miomiorun.com\/fr\/produit\/wool-seamless-hipster-femme\/#primaryimage\"},\"image\":{\"@id\":\"https:\/\/www.miomiorun.com\/fr\/produit\/wool-seamless-hipster-femme\/#primaryimage\"},\"thumbnailUrl\":\"https:\/\/www.miomiorun.com\/app\/uploads\/2025\/11\/craft-Wool-seamless-hipster-W-black-1916700-999000.webp\",\"datePublished\":\"2025-11-07T18:10:58+00:00\",\"dateModified\":\"2026-05-09T08:20:41+00:00\",\"description\":\"Slips techniques en laine m\u00e9rinos sans coutures : chaleur, confort et respirabilit\u00e9 id\u00e9aux pour les activit\u00e9s de plein air et un usage quotidien.\",\"breadcrumb\":{\"@id\":\"https:\/\/www.miomiorun.com\/fr\/produit\/wool-seamless-hipster-femme\/#breadcrumb\"},\"inLanguage\":\"fr-FR\",\"potentialAction\":[{\"@type\":\"ReadAction\",\"target\":[\"https:\/\/www.miomiorun.com\/fr\/produit\/wool-seamless-hipster-femme\/\"]}]},{\"@type\":\"ImageObject\",\"inLanguage\":\"fr-FR\",\"@id\":\"https:\/\/www.miomiorun.com\/fr\/produit\/wool-seamless-hipster-femme\/#primaryimage\",\"url\":\"https:\/\/www.miomiorun.com\/app\/uploads\/2025\/11\/craft-Wool-seamless-hipster-W-black-1916700-999000.webp\",\"contentUrl\":\"https:\/\/www.miomiorun.com\/app\/uploads\/2025\/11\/craft-Wool-seamless-hipster-W-black-1916700-999000.webp\",\"width\":720,\"height\":720,\"caption\":\"craft Wool seamless hipster W black 1916700-999000\"},{\"@type\":\"BreadcrumbList\",\"@id\":\"https:\/\/www.miomiorun.com\/fr\/produit\/wool-seamless-hipster-femme\/#breadcrumb\",\"itemListElement\":[{\"@type\":\"ListItem\",\"position\":1,\"name\":\"Home\",\"item\":\"https:\/\/www.miomiorun.com\/fr\/home-page\/\"},{\"@type\":\"ListItem\",\"position\":2,\"name\":\"Shop\",\"item\":\"https:\/\/www.miomiorun.com\/shop\/\"},{\"@type\":\"ListItem\",\"position\":3,\"name\":\"Wool Seamless Hipster femme\"}]},{\"@type\":\"WebSite\",\"@id\":\"https:\/\/www.miomiorun.com\/fr\/#website\",\"url\":\"https:\/\/www.miomiorun.com\/fr\/\",\"name\":\"MioMioRun\",\"description\":\"Boutique 100% running et trail\",\"publisher\":{\"@id\":\"https:\/\/www.miomiorun.com\/fr\/#organization\"},\"potentialAction\":[{\"@type\":\"SearchAction\",\"target\":{\"@type\":\"EntryPoint\",\"urlTemplate\":\"https:\/\/www.miomiorun.com\/fr\/?s={search_term_string}\"},\"query-input\":{\"@type\":\"PropertyValueSpecification\",\"valueRequired\":true,\"valueName\":\"search_term_string\"}}],\"inLanguage\":\"fr-FR\"},{\"@type\":\"Organization\",\"@id\":\"https:\/\/www.miomiorun.com\/fr\/#organization\",\"name\":\"MioMio Run\",\"url\":\"https:\/\/www.miomiorun.com\/fr\/\",\"logo\":{\"@type\":\"ImageObject\",\"inLanguage\":\"fr-FR\",\"@id\":\"https:\/\/www.miomiorun.com\/fr\/#\/schema\/logo\/image\/\",\"url\":\"https:\/\/www.miomiorun.com\/app\/uploads\/2019\/12\/logomio.png\",\"contentUrl\":\"https:\/\/www.miomiorun.com\/app\/uploads\/2019\/12\/logomio.png\",\"width\":115,\"height\":82,\"caption\":\"MioMio Run\"},\"image\":{\"@id\":\"https:\/\/www.miomiorun.com\/fr\/#\/schema\/logo\/image\/\"},\"sameAs\":[\"https:\/\/www.facebook.com\/miomiorun\/\",\"https:\/\/www.instagram.com\/miomiorun\/\"]}]}<\/script>\n<!-- \/ Yoast SEO plugin. -->","yoast_head_json":{"title":"Craft Wool Seamless Hipster femme - Sous-v\u00eatements - MioMioRun.com","description":"Slips techniques en laine m\u00e9rinos sans coutures : chaleur, confort et respirabilit\u00e9 id\u00e9aux pour les activit\u00e9s de plein air et un usage quotidien.","robots":{"index":"index","follow":"follow","max-snippet":"max-snippet:-1","max-image-preview":"max-image-preview:large","max-video-preview":"max-video-preview:-1"},"canonical":"https:\/\/www.miomiorun.com\/fr\/produit\/wool-seamless-hipster-femme\/","og_locale":"fr_FR","og_type":"article","og_title":"Craft Wool Seamless Hipster femme - Sous-v\u00eatements - MioMioRun.com","og_description":"Slips techniques en laine m\u00e9rinos sans coutures : chaleur, confort et respirabilit\u00e9 id\u00e9aux pour les activit\u00e9s de plein air et un usage quotidien.","og_url":"https:\/\/www.miomiorun.com\/fr\/produit\/wool-seamless-hipster-femme\/","og_site_name":"MioMioRun","article_publisher":"https:\/\/www.facebook.com\/miomiorun\/","article_modified_time":"2026-05-09T08:20:41+00:00","og_image":[{"width":720,"height":720,"url":"https:\/\/www.miomiorun.com\/app\/uploads\/2025\/11\/craft-Wool-seamless-hipster-W-black-1916700-999000.webp","type":"image\/webp"}],"twitter_card":"summary_large_image","twitter_misc":{"Est. reading time":"1 minute"},"schema":{"@context":"https:\/\/schema.org","@graph":[{"@type":"WebPage","@id":"https:\/\/www.miomiorun.com\/fr\/produit\/wool-seamless-hipster-femme\/","url":"https:\/\/www.miomiorun.com\/fr\/produit\/wool-seamless-hipster-femme\/","name":"Craft Wool Seamless Hipster femme - Sous-v\u00eatements - MioMioRun.com","isPartOf":{"@id":"https:\/\/www.miomiorun.com\/fr\/#website"},"primaryImageOfPage":{"@id":"https:\/\/www.miomiorun.com\/fr\/produit\/wool-seamless-hipster-femme\/#primaryimage"},"image":{"@id":"https:\/\/www.miomiorun.com\/fr\/produit\/wool-seamless-hipster-femme\/#primaryimage"},"thumbnailUrl":"https:\/\/www.miomiorun.com\/app\/uploads\/2025\/11\/craft-Wool-seamless-hipster-W-black-1916700-999000.webp","datePublished":"2025-11-07T18:10:58+00:00","dateModified":"2026-05-09T08:20:41+00:00","description":"Slips techniques en laine m\u00e9rinos sans coutures : chaleur, confort et respirabilit\u00e9 id\u00e9aux pour les activit\u00e9s de plein air et un usage quotidien.","breadcrumb":{"@id":"https:\/\/www.miomiorun.com\/fr\/produit\/wool-seamless-hipster-femme\/#breadcrumb"},"inLanguage":"fr-FR","potentialAction":[{"@type":"ReadAction","target":["https:\/\/www.miomiorun.com\/fr\/produit\/wool-seamless-hipster-femme\/"]}]},{"@type":"ImageObject","inLanguage":"fr-FR","@id":"https:\/\/www.miomiorun.com\/fr\/produit\/wool-seamless-hipster-femme\/#primaryimage","url":"https:\/\/www.miomiorun.com\/app\/uploads\/2025\/11\/craft-Wool-seamless-hipster-W-black-1916700-999000.webp","contentUrl":"https:\/\/www.miomiorun.com\/app\/uploads\/2025\/11\/craft-Wool-seamless-hipster-W-black-1916700-999000.webp","width":720,"height":720,"caption":"craft Wool seamless hipster W black 1916700-999000"},{"@type":"BreadcrumbList","@id":"https:\/\/www.miomiorun.com\/fr\/produit\/wool-seamless-hipster-femme\/#breadcrumb","itemListElement":[{"@type":"ListItem","position":1,"name":"Home","item":"https:\/\/www.miomiorun.com\/fr\/home-page\/"},{"@type":"ListItem","position":2,"name":"Shop","item":"https:\/\/www.miomiorun.com\/shop\/"},{"@type":"ListItem","position":3,"name":"Wool Seamless Hipster femme"}]},{"@type":"WebSite","@id":"https:\/\/www.miomiorun.com\/fr\/#website","url":"https:\/\/www.miomiorun.com\/fr\/","name":"MioMioRun","description":"Boutique 100% running et trail","publisher":{"@id":"https:\/\/www.miomiorun.com\/fr\/#organization"},"potentialAction":[{"@type":"SearchAction","target":{"@type":"EntryPoint","urlTemplate":"https:\/\/www.miomiorun.com\/fr\/?s={search_term_string}"},"query-input":{"@type":"PropertyValueSpecification","valueRequired":true,"valueName":"search_term_string"}}],"inLanguage":"fr-FR"},{"@type":"Organization","@id":"https:\/\/www.miomiorun.com\/fr\/#organization","name":"MioMio Run","url":"https:\/\/www.miomiorun.com\/fr\/","logo":{"@type":"ImageObject","inLanguage":"fr-FR","@id":"https:\/\/www.miomiorun.com\/fr\/#\/schema\/logo\/image\/","url":"https:\/\/www.miomiorun.com\/app\/uploads\/2019\/12\/logomio.png","contentUrl":"https:\/\/www.miomiorun.com\/app\/uploads\/2019\/12\/logomio.png","width":115,"height":82,"caption":"MioMio Run"},"image":{"@id":"https:\/\/www.miomiorun.com\/fr\/#\/schema\/logo\/image\/"},"sameAs":["https:\/\/www.facebook.com\/miomiorun\/","https:\/\/www.instagram.com\/miomiorun\/"]}]}},"_links":{"self":[{"href":"https:\/\/www.miomiorun.com\/fr\/wp-json\/wp\/v2\/product\/367515","targetHints":{"allow":["GET"]}}],"collection":[{"href":"https:\/\/www.miomiorun.com\/fr\/wp-json\/wp\/v2\/product"}],"about":[{"href":"https:\/\/www.miomiorun.com\/fr\/wp-json\/wp\/v2\/types\/product"}],"wp:featuredmedia":[{"embeddable":true,"href":"https:\/\/www.miomiorun.com\/fr\/wp-json\/wp\/v2\/media\/368544"}],"wp:attachment":[{"href":"https:\/\/www.miomiorun.com\/fr\/wp-json\/wp\/v2\/media?parent=367515"}],"wp:term":[{"taxonomy":"product_brand","embeddable":true,"href":"https:\/\/www.miomiorun.com\/fr\/wp-json\/wp\/v2\/product_brand?post=367515"},{"taxonomy":"product_cat","embeddable":true,"href":"https:\/\/www.miomiorun.com\/fr\/wp-json\/wp\/v2\/product_cat?post=367515"},{"taxonomy":"product_tag","embeddable":true,"href":"https:\/\/www.miomiorun.com\/fr\/wp-json\/wp\/v2\/product_tag?post=367515"}],"curies":[{"name":"wp","href":"https:\/\/api.w.org\/{rel}","templated":true}]}}