{"id":366609,"date":"2025-11-05T17:48:33","date_gmt":"2025-11-05T16:48:33","guid":{"rendered":"https:\/\/www.miomiorun.com\/?post_type=product&#038;p=366609"},"modified":"2026-04-17T10:30:38","modified_gmt":"2026-04-17T08:30:38","slug":"glycerin-max-2-femme","status":"publish","type":"product","link":"https:\/\/www.miomiorun.com\/fr\/produit\/glycerin-max-2-femme\/","title":{"rendered":"Glycerin Max 2 femme"},"content":{"rendered":"<div class=\"vc-row container\"><div class=\"vc-column\"><div class=\"vc-column-text\"><\/p>\n<h4>Sp\u00e9cifications techniques<\/h4>\n<p>Cat\u00e9gorie : super amorti<br \/>\nD\u00e9calage : 6 mm<br \/>\nPoids : 289,2 g<br \/>\nId\u00e9al pour : les coureurs qui recherchent un amorti et une protection contre les chocs optimaux, gr\u00e2ce \u00e0 la semelle \u00e9paisse et \u00e0 la pr\u00e9sence du GlideRoll Rocker qui garantit des transitions fluides.<br \/>\nPoids de l&#8217;athl\u00e8te : &gt; 70 kg<br \/>\nAllure de course : &gt; 5,30 min\/km<br \/>\n<a href=\"https:\/\/miomiorun.com\/guida-alle-specifiche-tecniche\/\">Guide des sp\u00e9cifications techniques<\/a><\/p>\n<p><\/div><\/div><div class=\"vc-column\"><div class=\"vc-column-text\"><\/p>\n<p data-start=\"192\" data-end=\"547\">Con\u00e7ue pour offrir un maximum de souplesse et un confort sans compromis, la <strong data-start=\"272\" data-end=\"290\">Glycerin Max 2<\/strong> est la chaussure de course id\u00e9ale pour ceux qui recherchent un amorti sup\u00e9rieur et une transition fluide. Parfaite pour les entra\u00eenements quotidiens et les longues distances, elle allie technicit\u00e9 et confort pour une exp\u00e9rience de course hautement r\u00e9active et stable.<\/p>\n<p data-start=\"549\" data-end=\"896\">La nouvelle semelle interm\u00e9diaire avec <strong data-start=\"573\" data-end=\"612\">amorti souple et calibr\u00e9<\/strong> absorbe les chocs et restitue une \u00e9nergie constante, r\u00e9duisant ainsi le stress sur les pieds et les articulations. Gr\u00e2ce \u00e0 la technologie <strong data-start=\"737\" data-end=\"758\">GlideRoll\u2122 Rocker<\/strong>, chaque foul\u00e9e se d\u00e9roule naturellement du talon \u00e0 la pointe, garantissant un roulement fluide et continu qui accompagne le mouvement du pied.<\/p>\n<p data-start=\"898\" data-end=\"1129\">Sa <strong data-start=\"905\" data-end=\"941\">semelle amortissante \u00e9paisse<\/strong> offre une protection compl\u00e8te sans sacrifier la l\u00e9g\u00e8ret\u00e9, tandis que la tige respirante et enveloppante assure un ajustement s\u00fbr et confortable, m\u00eame pendant les entra\u00eenements les plus intenses.<\/p>\n<p data-start=\"1131\" data-end=\"1314\">Avec la <strong data-start=\"1138\" data-end=\"1156\">Glycerin Max 2<\/strong>, chaque course devient une exp\u00e9rience de confort total : un mod\u00e8le polyvalent, stable et r\u00e9actif, con\u00e7u pour accompagner le coureur \u00e0 chaque phase du mouvement.<\/p>\n<p><\/div><\/div><\/div>\n","protected":false},"excerpt":{"rendered":"<ul>\n<li data-start=\"1528\" data-end=\"1593\">\n<p data-start=\"1530\" data-end=\"1593\">Amorti souple et calibr\u00e9 pour un confort prolong\u00e9<\/p>\n<\/li>\n<li data-start=\"1594\" data-end=\"1653\">\n<p data-start=\"1596\" data-end=\"1653\">GlideRoll\u2122 Rocker pour une transition fluide et naturelle<\/p>\n<\/li>\n<li data-start=\"1654\" data-end=\"1715\">\n<p data-start=\"1656\" data-end=\"1715\">Semelle \u00e9paisse pour une protection et une r\u00e9activit\u00e9 optimales sur tous les terrains<\/p>\n<\/li>\n<li data-start=\"1716\" data-end=\"1775\">\n<p data-start=\"1718\" data-end=\"1775\">Tige respirante et enveloppante pour un ajustement stable<\/p>\n<\/li>\n<\/ul>\n","protected":false},"featured_media":373159,"template":"","meta":{"_acf_changed":false,"inline_featured_image":false},"product_brand":[],"product_cat":[22605,22606],"product_tag":[23462,23656],"class_list":{"0":"post-366609","1":"product","2":"type-product","3":"status-publish","4":"has-post-thumbnail","6":"product_cat-chaussures-pour-femmes","7":"product_cat-neutre","8":"product_tag-brooks-fr","9":"product_tag-brooks-femme","10":"pa_attivita-lifestyle-fr","11":"pa_attivita-marcher","12":"pa_attivita-running-fr","13":"pa_colore-glycerin-max-2-w-oyster-argyle-cyber-pin-fr","14":"pa_colore-glycerin-max-2-w-white-coral-peach-fr","15":"pa_marca-brooks-fr","16":"pa_sesso-femme","17":"pa_size-38-5-fr","18":"pa_size-39-fr","19":"pa_size-41-fr","21":"first","22":"instock","23":"taxable","24":"shipping-taxable","25":"purchasable","26":"product-type-variable","27":"wvs-archive-product-wrapper"},"acf":[],"yoast_head":"<!-- This site is optimized with the Yoast SEO plugin v26.8 - https:\/\/yoast.com\/product\/yoast-seo-wordpress\/ -->\n<title>Brooks Glycerin Max 2 femme - chaussures de course - MioMioRun.com<\/title>\n<meta name=\"description\" content=\"Brooks Glycerin Max 2 : amorti maximal et GlideRoll\u2122 Rocker pour des transitions fluides. Confort et protection pour tous les types de course.\" \/>\n<meta name=\"robots\" content=\"index, follow, max-snippet:-1, max-image-preview:large, max-video-preview:-1\" \/>\n<link rel=\"canonical\" href=\"https:\/\/www.miomiorun.com\/fr\/produit\/glycerin-max-2-femme\/\" \/>\n<meta property=\"og:locale\" content=\"fr_FR\" \/>\n<meta property=\"og:type\" content=\"article\" \/>\n<meta property=\"og:title\" content=\"Brooks Glycerin Max 2 femme - chaussures de course - MioMioRun.com\" \/>\n<meta property=\"og:description\" content=\"Brooks Glycerin Max 2 : amorti maximal et GlideRoll\u2122 Rocker pour des transitions fluides. Confort et protection pour tous les types de course.\" \/>\n<meta property=\"og:url\" content=\"https:\/\/www.miomiorun.com\/fr\/produit\/glycerin-max-2-femme\/\" \/>\n<meta property=\"og:site_name\" content=\"MioMioRun\" \/>\n<meta property=\"article:publisher\" content=\"https:\/\/www.facebook.com\/miomiorun\/\" \/>\n<meta property=\"article:modified_time\" content=\"2026-04-17T08:30:38+00:00\" \/>\n<meta property=\"og:image\" content=\"https:\/\/www.miomiorun.com\/app\/uploads\/2025\/11\/brooks-Glycerin-Max-2-W-oyster-argyle-cyber-pin-1204681B048.webp\" \/>\n\t<meta property=\"og:image:width\" content=\"720\" \/>\n\t<meta property=\"og:image:height\" content=\"720\" \/>\n\t<meta property=\"og:image:type\" content=\"image\/webp\" \/>\n<meta name=\"twitter:card\" content=\"summary_large_image\" \/>\n<meta name=\"twitter:label1\" content=\"Est. reading time\" \/>\n\t<meta name=\"twitter:data1\" content=\"1 minute\" \/>\n<script type=\"application\/ld+json\" class=\"yoast-schema-graph\">{\"@context\":\"https:\/\/schema.org\",\"@graph\":[{\"@type\":\"WebPage\",\"@id\":\"https:\/\/www.miomiorun.com\/fr\/produit\/glycerin-max-2-femme\/\",\"url\":\"https:\/\/www.miomiorun.com\/fr\/produit\/glycerin-max-2-femme\/\",\"name\":\"Brooks Glycerin Max 2 femme - chaussures de course - MioMioRun.com\",\"isPartOf\":{\"@id\":\"https:\/\/www.miomiorun.com\/fr\/#website\"},\"primaryImageOfPage\":{\"@id\":\"https:\/\/www.miomiorun.com\/fr\/produit\/glycerin-max-2-femme\/#primaryimage\"},\"image\":{\"@id\":\"https:\/\/www.miomiorun.com\/fr\/produit\/glycerin-max-2-femme\/#primaryimage\"},\"thumbnailUrl\":\"https:\/\/www.miomiorun.com\/app\/uploads\/2025\/11\/brooks-Glycerin-Max-2-W-oyster-argyle-cyber-pin-1204681B048.webp\",\"datePublished\":\"2025-11-05T16:48:33+00:00\",\"dateModified\":\"2026-04-17T08:30:38+00:00\",\"description\":\"Brooks Glycerin Max 2 : amorti maximal et GlideRoll\u2122 Rocker pour des transitions fluides. Confort et protection pour tous les types de course.\",\"breadcrumb\":{\"@id\":\"https:\/\/www.miomiorun.com\/fr\/produit\/glycerin-max-2-femme\/#breadcrumb\"},\"inLanguage\":\"fr-FR\",\"potentialAction\":[{\"@type\":\"ReadAction\",\"target\":[\"https:\/\/www.miomiorun.com\/fr\/produit\/glycerin-max-2-femme\/\"]}]},{\"@type\":\"ImageObject\",\"inLanguage\":\"fr-FR\",\"@id\":\"https:\/\/www.miomiorun.com\/fr\/produit\/glycerin-max-2-femme\/#primaryimage\",\"url\":\"https:\/\/www.miomiorun.com\/app\/uploads\/2025\/11\/brooks-Glycerin-Max-2-W-oyster-argyle-cyber-pin-1204681B048.webp\",\"contentUrl\":\"https:\/\/www.miomiorun.com\/app\/uploads\/2025\/11\/brooks-Glycerin-Max-2-W-oyster-argyle-cyber-pin-1204681B048.webp\",\"width\":720,\"height\":720,\"caption\":\"brooks Glycerin Max 2 W oyster argyle cyber pin 1204681B048\"},{\"@type\":\"BreadcrumbList\",\"@id\":\"https:\/\/www.miomiorun.com\/fr\/produit\/glycerin-max-2-femme\/#breadcrumb\",\"itemListElement\":[{\"@type\":\"ListItem\",\"position\":1,\"name\":\"Home\",\"item\":\"https:\/\/www.miomiorun.com\/fr\/home-page\/\"},{\"@type\":\"ListItem\",\"position\":2,\"name\":\"Shop\",\"item\":\"https:\/\/www.miomiorun.com\/shop\/\"},{\"@type\":\"ListItem\",\"position\":3,\"name\":\"Glycerin Max 2 femme\"}]},{\"@type\":\"WebSite\",\"@id\":\"https:\/\/www.miomiorun.com\/fr\/#website\",\"url\":\"https:\/\/www.miomiorun.com\/fr\/\",\"name\":\"MioMioRun\",\"description\":\"Boutique 100% running et trail\",\"publisher\":{\"@id\":\"https:\/\/www.miomiorun.com\/fr\/#organization\"},\"potentialAction\":[{\"@type\":\"SearchAction\",\"target\":{\"@type\":\"EntryPoint\",\"urlTemplate\":\"https:\/\/www.miomiorun.com\/fr\/?s={search_term_string}\"},\"query-input\":{\"@type\":\"PropertyValueSpecification\",\"valueRequired\":true,\"valueName\":\"search_term_string\"}}],\"inLanguage\":\"fr-FR\"},{\"@type\":\"Organization\",\"@id\":\"https:\/\/www.miomiorun.com\/fr\/#organization\",\"name\":\"MioMio Run\",\"url\":\"https:\/\/www.miomiorun.com\/fr\/\",\"logo\":{\"@type\":\"ImageObject\",\"inLanguage\":\"fr-FR\",\"@id\":\"https:\/\/www.miomiorun.com\/fr\/#\/schema\/logo\/image\/\",\"url\":\"https:\/\/www.miomiorun.com\/app\/uploads\/2019\/12\/logomio.png\",\"contentUrl\":\"https:\/\/www.miomiorun.com\/app\/uploads\/2019\/12\/logomio.png\",\"width\":115,\"height\":82,\"caption\":\"MioMio Run\"},\"image\":{\"@id\":\"https:\/\/www.miomiorun.com\/fr\/#\/schema\/logo\/image\/\"},\"sameAs\":[\"https:\/\/www.facebook.com\/miomiorun\/\",\"https:\/\/www.instagram.com\/miomiorun\/\"]}]}<\/script>\n<!-- \/ Yoast SEO plugin. -->","yoast_head_json":{"title":"Brooks Glycerin Max 2 femme - chaussures de course - MioMioRun.com","description":"Brooks Glycerin Max 2 : amorti maximal et GlideRoll\u2122 Rocker pour des transitions fluides. Confort et protection pour tous les types de course.","robots":{"index":"index","follow":"follow","max-snippet":"max-snippet:-1","max-image-preview":"max-image-preview:large","max-video-preview":"max-video-preview:-1"},"canonical":"https:\/\/www.miomiorun.com\/fr\/produit\/glycerin-max-2-femme\/","og_locale":"fr_FR","og_type":"article","og_title":"Brooks Glycerin Max 2 femme - chaussures de course - MioMioRun.com","og_description":"Brooks Glycerin Max 2 : amorti maximal et GlideRoll\u2122 Rocker pour des transitions fluides. Confort et protection pour tous les types de course.","og_url":"https:\/\/www.miomiorun.com\/fr\/produit\/glycerin-max-2-femme\/","og_site_name":"MioMioRun","article_publisher":"https:\/\/www.facebook.com\/miomiorun\/","article_modified_time":"2026-04-17T08:30:38+00:00","og_image":[{"width":720,"height":720,"url":"https:\/\/www.miomiorun.com\/app\/uploads\/2025\/11\/brooks-Glycerin-Max-2-W-oyster-argyle-cyber-pin-1204681B048.webp","type":"image\/webp"}],"twitter_card":"summary_large_image","twitter_misc":{"Est. reading time":"1 minute"},"schema":{"@context":"https:\/\/schema.org","@graph":[{"@type":"WebPage","@id":"https:\/\/www.miomiorun.com\/fr\/produit\/glycerin-max-2-femme\/","url":"https:\/\/www.miomiorun.com\/fr\/produit\/glycerin-max-2-femme\/","name":"Brooks Glycerin Max 2 femme - chaussures de course - MioMioRun.com","isPartOf":{"@id":"https:\/\/www.miomiorun.com\/fr\/#website"},"primaryImageOfPage":{"@id":"https:\/\/www.miomiorun.com\/fr\/produit\/glycerin-max-2-femme\/#primaryimage"},"image":{"@id":"https:\/\/www.miomiorun.com\/fr\/produit\/glycerin-max-2-femme\/#primaryimage"},"thumbnailUrl":"https:\/\/www.miomiorun.com\/app\/uploads\/2025\/11\/brooks-Glycerin-Max-2-W-oyster-argyle-cyber-pin-1204681B048.webp","datePublished":"2025-11-05T16:48:33+00:00","dateModified":"2026-04-17T08:30:38+00:00","description":"Brooks Glycerin Max 2 : amorti maximal et GlideRoll\u2122 Rocker pour des transitions fluides. Confort et protection pour tous les types de course.","breadcrumb":{"@id":"https:\/\/www.miomiorun.com\/fr\/produit\/glycerin-max-2-femme\/#breadcrumb"},"inLanguage":"fr-FR","potentialAction":[{"@type":"ReadAction","target":["https:\/\/www.miomiorun.com\/fr\/produit\/glycerin-max-2-femme\/"]}]},{"@type":"ImageObject","inLanguage":"fr-FR","@id":"https:\/\/www.miomiorun.com\/fr\/produit\/glycerin-max-2-femme\/#primaryimage","url":"https:\/\/www.miomiorun.com\/app\/uploads\/2025\/11\/brooks-Glycerin-Max-2-W-oyster-argyle-cyber-pin-1204681B048.webp","contentUrl":"https:\/\/www.miomiorun.com\/app\/uploads\/2025\/11\/brooks-Glycerin-Max-2-W-oyster-argyle-cyber-pin-1204681B048.webp","width":720,"height":720,"caption":"brooks Glycerin Max 2 W oyster argyle cyber pin 1204681B048"},{"@type":"BreadcrumbList","@id":"https:\/\/www.miomiorun.com\/fr\/produit\/glycerin-max-2-femme\/#breadcrumb","itemListElement":[{"@type":"ListItem","position":1,"name":"Home","item":"https:\/\/www.miomiorun.com\/fr\/home-page\/"},{"@type":"ListItem","position":2,"name":"Shop","item":"https:\/\/www.miomiorun.com\/shop\/"},{"@type":"ListItem","position":3,"name":"Glycerin Max 2 femme"}]},{"@type":"WebSite","@id":"https:\/\/www.miomiorun.com\/fr\/#website","url":"https:\/\/www.miomiorun.com\/fr\/","name":"MioMioRun","description":"Boutique 100% running et trail","publisher":{"@id":"https:\/\/www.miomiorun.com\/fr\/#organization"},"potentialAction":[{"@type":"SearchAction","target":{"@type":"EntryPoint","urlTemplate":"https:\/\/www.miomiorun.com\/fr\/?s={search_term_string}"},"query-input":{"@type":"PropertyValueSpecification","valueRequired":true,"valueName":"search_term_string"}}],"inLanguage":"fr-FR"},{"@type":"Organization","@id":"https:\/\/www.miomiorun.com\/fr\/#organization","name":"MioMio Run","url":"https:\/\/www.miomiorun.com\/fr\/","logo":{"@type":"ImageObject","inLanguage":"fr-FR","@id":"https:\/\/www.miomiorun.com\/fr\/#\/schema\/logo\/image\/","url":"https:\/\/www.miomiorun.com\/app\/uploads\/2019\/12\/logomio.png","contentUrl":"https:\/\/www.miomiorun.com\/app\/uploads\/2019\/12\/logomio.png","width":115,"height":82,"caption":"MioMio Run"},"image":{"@id":"https:\/\/www.miomiorun.com\/fr\/#\/schema\/logo\/image\/"},"sameAs":["https:\/\/www.facebook.com\/miomiorun\/","https:\/\/www.instagram.com\/miomiorun\/"]}]}},"_links":{"self":[{"href":"https:\/\/www.miomiorun.com\/fr\/wp-json\/wp\/v2\/product\/366609","targetHints":{"allow":["GET"]}}],"collection":[{"href":"https:\/\/www.miomiorun.com\/fr\/wp-json\/wp\/v2\/product"}],"about":[{"href":"https:\/\/www.miomiorun.com\/fr\/wp-json\/wp\/v2\/types\/product"}],"wp:featuredmedia":[{"embeddable":true,"href":"https:\/\/www.miomiorun.com\/fr\/wp-json\/wp\/v2\/media\/373159"}],"wp:attachment":[{"href":"https:\/\/www.miomiorun.com\/fr\/wp-json\/wp\/v2\/media?parent=366609"}],"wp:term":[{"taxonomy":"product_brand","embeddable":true,"href":"https:\/\/www.miomiorun.com\/fr\/wp-json\/wp\/v2\/product_brand?post=366609"},{"taxonomy":"product_cat","embeddable":true,"href":"https:\/\/www.miomiorun.com\/fr\/wp-json\/wp\/v2\/product_cat?post=366609"},{"taxonomy":"product_tag","embeddable":true,"href":"https:\/\/www.miomiorun.com\/fr\/wp-json\/wp\/v2\/product_tag?post=366609"}],"curies":[{"name":"wp","href":"https:\/\/api.w.org\/{rel}","templated":true}]}}