{"id":366020,"date":"2025-11-04T10:19:48","date_gmt":"2025-11-04T09:19:48","guid":{"rendered":"https:\/\/www.miomiorun.com\/?post_type=product&#038;p=366020"},"modified":"2026-05-08T11:22:37","modified_gmt":"2026-05-08T09:22:37","slug":"pant-pegasus-homme","status":"publish","type":"product","link":"https:\/\/www.miomiorun.com\/fr\/produit\/pant-pegasus-homme\/","title":{"rendered":"Pant pegasus homme"},"content":{"rendered":"<p data-start=\"227\" data-end=\"602\">Le nouveau <strong data-start=\"264\" data-end=\"280\">Pant Pegasus<\/strong> inaugure une nouvelle g\u00e9n\u00e9ration de pantalons sign\u00e9s Crazy, con\u00e7us pour allier <strong data-start=\"362\" data-end=\"404\">style quotidien et performances outdoor<\/strong>. Souple, l\u00e9ger et incroyablement \u00e9lastique, ce mod\u00e8le est id\u00e9al pour le trekking, la randonn\u00e9e et les activit\u00e9s dynamiques en plein air, sans renoncer au confort au quotidien.<\/p>\n<p data-start=\"604\" data-end=\"948\">Sa v\u00e9ritable r\u00e9volution r\u00e9side dans la <strong data-start=\"650\" data-end=\"674\">technologie Acrofuse\u00ae<\/strong>, un syst\u00e8me de construction innovant qui <strong data-start=\"717\" data-end=\"765\">remplace les coutures par des micro-collages<\/strong>, r\u00e9duisant ainsi le poids total et conf\u00e9rant au v\u00eatement un look \u00e9pur\u00e9 et hautement technologique. Cette solution augmente la libert\u00e9 de mouvement, la r\u00e9sistance et la durabilit\u00e9 du tissu.<\/p>\n<p data-start=\"950\" data-end=\"1249\">Fabriqu\u00e9 en <strong data-start=\"964\" data-end=\"983\">Endurance Light<\/strong>, un tissu bi-\u00e9lastique l\u00e9ger et respirant, le pantalon Pegasus garantit un confort thermique et une polyvalence maximale dans toutes les conditions. Le design est compl\u00e9t\u00e9 par une <strong data-start=\"1141\" data-end=\"1181\">taille ajustable avec cordon \u00e9lastique<\/strong>, une <strong data-start=\"1187\" data-end=\"1203\">poche ouverte<\/strong> et une <strong data-start=\"1210\" data-end=\"1246\">poche laser\u00e9e avec fermeture \u00e9clair coll\u00e9e<\/strong>.<\/p>\n","protected":false},"excerpt":{"rendered":"<ul>\n<li data-start=\"1271\" data-end=\"1371\">\n<p data-start=\"1273\" data-end=\"1371\"><strong data-start=\"1273\" data-end=\"1298\">Technologie Acrofuse\u00ae :<\/strong> micro-collages \u00e0 la place des coutures pour plus de l\u00e9g\u00e8ret\u00e9 et de flexibilit\u00e9<\/p>\n<\/li>\n<li data-start=\"1372\" data-end=\"1442\">\n<p data-start=\"1374\" data-end=\"1442\">Tissu <strong data-start=\"1382\" data-end=\"1401\">Endurance Light<\/strong> : bi-\u00e9lastique, r\u00e9sistant et respirant<\/p>\n<\/li>\n<li data-start=\"1443\" data-end=\"1524\">\n<p data-start=\"1445\" data-end=\"1524\"><strong data-start=\"1445\" data-end=\"1472\">Design \u00e9pur\u00e9 et technique<\/strong>, avec poche laser et taille ajustable par cordon<\/p>\n<\/li>\n<\/ul>\n","protected":false},"featured_media":365860,"template":"","meta":{"_acf_changed":false,"inline_featured_image":false},"product_brand":[],"product_cat":[24450,24482],"product_tag":[23489,23610],"class_list":{"0":"post-366020","1":"product","2":"type-product","3":"status-publish","4":"has-post-thumbnail","6":"product_cat-pantalon-long-fr-3","7":"product_cat-vetements-pour-hommes-fr","8":"product_tag-crazy-idea-fr","9":"product_tag-crazy-idea-homme","10":"pa_attivita-marcher","11":"pa_attivita-outdoor-fr","12":"pa_colore-pant-pegasus-brick-fr","13":"pa_colore-pant-pegasus-energy-fr","14":"pa_marca-crazy-idea-fr","15":"pa_sesso-homme","16":"pa_size-small-fr","17":"pa_size-large-fr","18":"pa_size-extra-large-fr","19":"pa_size-xxl-fr","21":"first","22":"instock","23":"sale","24":"taxable","25":"shipping-taxable","26":"purchasable","27":"product-type-variable","28":"wvs-archive-product-wrapper"},"acf":[],"yoast_head":"<!-- This site is optimized with the Yoast SEO plugin v26.8 - https:\/\/yoast.com\/product\/yoast-seo-wordpress\/ -->\n<title>Crazy Idea Pant pegasus homme - Pantalon pour homme - MioMioRun<\/title>\n<meta name=\"description\" content=\"Pantalon Pegasus Crazy : pantalon technique avec technologie Acrofuse\u00ae sans coutures. L\u00e9ger, \u00e9lastique et polyvalent, pour la randonn\u00e9e et un usage quotidien.\" \/>\n<meta name=\"robots\" content=\"index, follow, max-snippet:-1, max-image-preview:large, max-video-preview:-1\" \/>\n<link rel=\"canonical\" href=\"https:\/\/www.miomiorun.com\/fr\/produit\/pant-pegasus-homme\/\" \/>\n<meta property=\"og:locale\" content=\"fr_FR\" \/>\n<meta property=\"og:type\" content=\"article\" \/>\n<meta property=\"og:title\" content=\"Crazy Idea Pant pegasus homme - Pantalon pour homme - MioMioRun\" \/>\n<meta property=\"og:description\" content=\"Pantalon Pegasus Crazy : pantalon technique avec technologie Acrofuse\u00ae sans coutures. L\u00e9ger, \u00e9lastique et polyvalent, pour la randonn\u00e9e et un usage quotidien.\" \/>\n<meta property=\"og:url\" content=\"https:\/\/www.miomiorun.com\/fr\/produit\/pant-pegasus-homme\/\" \/>\n<meta property=\"og:site_name\" content=\"MioMioRun\" \/>\n<meta property=\"article:publisher\" content=\"https:\/\/www.facebook.com\/miomiorun\/\" \/>\n<meta property=\"article:modified_time\" content=\"2026-05-08T09:22:37+00:00\" \/>\n<meta property=\"og:image\" content=\"https:\/\/www.miomiorun.com\/app\/uploads\/2025\/11\/crazy-Pant-pegasus-energy-W25016043U-0062.webp\" \/>\n\t<meta property=\"og:image:width\" content=\"720\" \/>\n\t<meta property=\"og:image:height\" content=\"720\" \/>\n\t<meta property=\"og:image:type\" content=\"image\/webp\" \/>\n<meta name=\"twitter:card\" content=\"summary_large_image\" \/>\n<meta name=\"twitter:label1\" content=\"Est. reading time\" \/>\n\t<meta name=\"twitter:data1\" content=\"1 minute\" \/>\n<script type=\"application\/ld+json\" class=\"yoast-schema-graph\">{\"@context\":\"https:\/\/schema.org\",\"@graph\":[{\"@type\":\"WebPage\",\"@id\":\"https:\/\/www.miomiorun.com\/fr\/produit\/pant-pegasus-homme\/\",\"url\":\"https:\/\/www.miomiorun.com\/fr\/produit\/pant-pegasus-homme\/\",\"name\":\"Crazy Idea Pant pegasus homme - Pantalon pour homme - MioMioRun\",\"isPartOf\":{\"@id\":\"https:\/\/www.miomiorun.com\/fr\/#website\"},\"primaryImageOfPage\":{\"@id\":\"https:\/\/www.miomiorun.com\/fr\/produit\/pant-pegasus-homme\/#primaryimage\"},\"image\":{\"@id\":\"https:\/\/www.miomiorun.com\/fr\/produit\/pant-pegasus-homme\/#primaryimage\"},\"thumbnailUrl\":\"https:\/\/www.miomiorun.com\/app\/uploads\/2025\/11\/crazy-Pant-pegasus-energy-W25016043U-0062.webp\",\"datePublished\":\"2025-11-04T09:19:48+00:00\",\"dateModified\":\"2026-05-08T09:22:37+00:00\",\"description\":\"Pantalon Pegasus Crazy : pantalon technique avec technologie Acrofuse\u00ae sans coutures. L\u00e9ger, \u00e9lastique et polyvalent, pour la randonn\u00e9e et un usage quotidien.\",\"breadcrumb\":{\"@id\":\"https:\/\/www.miomiorun.com\/fr\/produit\/pant-pegasus-homme\/#breadcrumb\"},\"inLanguage\":\"fr-FR\",\"potentialAction\":[{\"@type\":\"ReadAction\",\"target\":[\"https:\/\/www.miomiorun.com\/fr\/produit\/pant-pegasus-homme\/\"]}]},{\"@type\":\"ImageObject\",\"inLanguage\":\"fr-FR\",\"@id\":\"https:\/\/www.miomiorun.com\/fr\/produit\/pant-pegasus-homme\/#primaryimage\",\"url\":\"https:\/\/www.miomiorun.com\/app\/uploads\/2025\/11\/crazy-Pant-pegasus-energy-W25016043U-0062.webp\",\"contentUrl\":\"https:\/\/www.miomiorun.com\/app\/uploads\/2025\/11\/crazy-Pant-pegasus-energy-W25016043U-0062.webp\",\"width\":720,\"height\":720,\"caption\":\"crazy Pant pegasus energy W25016043U-0062\"},{\"@type\":\"BreadcrumbList\",\"@id\":\"https:\/\/www.miomiorun.com\/fr\/produit\/pant-pegasus-homme\/#breadcrumb\",\"itemListElement\":[{\"@type\":\"ListItem\",\"position\":1,\"name\":\"Home\",\"item\":\"https:\/\/www.miomiorun.com\/fr\/home-page\/\"},{\"@type\":\"ListItem\",\"position\":2,\"name\":\"Shop\",\"item\":\"https:\/\/www.miomiorun.com\/shop\/\"},{\"@type\":\"ListItem\",\"position\":3,\"name\":\"Pant pegasus homme\"}]},{\"@type\":\"WebSite\",\"@id\":\"https:\/\/www.miomiorun.com\/fr\/#website\",\"url\":\"https:\/\/www.miomiorun.com\/fr\/\",\"name\":\"MioMioRun\",\"description\":\"Boutique 100% running et trail\",\"publisher\":{\"@id\":\"https:\/\/www.miomiorun.com\/fr\/#organization\"},\"potentialAction\":[{\"@type\":\"SearchAction\",\"target\":{\"@type\":\"EntryPoint\",\"urlTemplate\":\"https:\/\/www.miomiorun.com\/fr\/?s={search_term_string}\"},\"query-input\":{\"@type\":\"PropertyValueSpecification\",\"valueRequired\":true,\"valueName\":\"search_term_string\"}}],\"inLanguage\":\"fr-FR\"},{\"@type\":\"Organization\",\"@id\":\"https:\/\/www.miomiorun.com\/fr\/#organization\",\"name\":\"MioMio Run\",\"url\":\"https:\/\/www.miomiorun.com\/fr\/\",\"logo\":{\"@type\":\"ImageObject\",\"inLanguage\":\"fr-FR\",\"@id\":\"https:\/\/www.miomiorun.com\/fr\/#\/schema\/logo\/image\/\",\"url\":\"https:\/\/www.miomiorun.com\/app\/uploads\/2019\/12\/logomio.png\",\"contentUrl\":\"https:\/\/www.miomiorun.com\/app\/uploads\/2019\/12\/logomio.png\",\"width\":115,\"height\":82,\"caption\":\"MioMio Run\"},\"image\":{\"@id\":\"https:\/\/www.miomiorun.com\/fr\/#\/schema\/logo\/image\/\"},\"sameAs\":[\"https:\/\/www.facebook.com\/miomiorun\/\",\"https:\/\/www.instagram.com\/miomiorun\/\"]}]}<\/script>\n<!-- \/ Yoast SEO plugin. -->","yoast_head_json":{"title":"Crazy Idea Pant pegasus homme - Pantalon pour homme - MioMioRun","description":"Pantalon Pegasus Crazy : pantalon technique avec technologie Acrofuse\u00ae sans coutures. L\u00e9ger, \u00e9lastique et polyvalent, pour la randonn\u00e9e et un usage quotidien.","robots":{"index":"index","follow":"follow","max-snippet":"max-snippet:-1","max-image-preview":"max-image-preview:large","max-video-preview":"max-video-preview:-1"},"canonical":"https:\/\/www.miomiorun.com\/fr\/produit\/pant-pegasus-homme\/","og_locale":"fr_FR","og_type":"article","og_title":"Crazy Idea Pant pegasus homme - Pantalon pour homme - MioMioRun","og_description":"Pantalon Pegasus Crazy : pantalon technique avec technologie Acrofuse\u00ae sans coutures. L\u00e9ger, \u00e9lastique et polyvalent, pour la randonn\u00e9e et un usage quotidien.","og_url":"https:\/\/www.miomiorun.com\/fr\/produit\/pant-pegasus-homme\/","og_site_name":"MioMioRun","article_publisher":"https:\/\/www.facebook.com\/miomiorun\/","article_modified_time":"2026-05-08T09:22:37+00:00","og_image":[{"width":720,"height":720,"url":"https:\/\/www.miomiorun.com\/app\/uploads\/2025\/11\/crazy-Pant-pegasus-energy-W25016043U-0062.webp","type":"image\/webp"}],"twitter_card":"summary_large_image","twitter_misc":{"Est. reading time":"1 minute"},"schema":{"@context":"https:\/\/schema.org","@graph":[{"@type":"WebPage","@id":"https:\/\/www.miomiorun.com\/fr\/produit\/pant-pegasus-homme\/","url":"https:\/\/www.miomiorun.com\/fr\/produit\/pant-pegasus-homme\/","name":"Crazy Idea Pant pegasus homme - Pantalon pour homme - MioMioRun","isPartOf":{"@id":"https:\/\/www.miomiorun.com\/fr\/#website"},"primaryImageOfPage":{"@id":"https:\/\/www.miomiorun.com\/fr\/produit\/pant-pegasus-homme\/#primaryimage"},"image":{"@id":"https:\/\/www.miomiorun.com\/fr\/produit\/pant-pegasus-homme\/#primaryimage"},"thumbnailUrl":"https:\/\/www.miomiorun.com\/app\/uploads\/2025\/11\/crazy-Pant-pegasus-energy-W25016043U-0062.webp","datePublished":"2025-11-04T09:19:48+00:00","dateModified":"2026-05-08T09:22:37+00:00","description":"Pantalon Pegasus Crazy : pantalon technique avec technologie Acrofuse\u00ae sans coutures. L\u00e9ger, \u00e9lastique et polyvalent, pour la randonn\u00e9e et un usage quotidien.","breadcrumb":{"@id":"https:\/\/www.miomiorun.com\/fr\/produit\/pant-pegasus-homme\/#breadcrumb"},"inLanguage":"fr-FR","potentialAction":[{"@type":"ReadAction","target":["https:\/\/www.miomiorun.com\/fr\/produit\/pant-pegasus-homme\/"]}]},{"@type":"ImageObject","inLanguage":"fr-FR","@id":"https:\/\/www.miomiorun.com\/fr\/produit\/pant-pegasus-homme\/#primaryimage","url":"https:\/\/www.miomiorun.com\/app\/uploads\/2025\/11\/crazy-Pant-pegasus-energy-W25016043U-0062.webp","contentUrl":"https:\/\/www.miomiorun.com\/app\/uploads\/2025\/11\/crazy-Pant-pegasus-energy-W25016043U-0062.webp","width":720,"height":720,"caption":"crazy Pant pegasus energy W25016043U-0062"},{"@type":"BreadcrumbList","@id":"https:\/\/www.miomiorun.com\/fr\/produit\/pant-pegasus-homme\/#breadcrumb","itemListElement":[{"@type":"ListItem","position":1,"name":"Home","item":"https:\/\/www.miomiorun.com\/fr\/home-page\/"},{"@type":"ListItem","position":2,"name":"Shop","item":"https:\/\/www.miomiorun.com\/shop\/"},{"@type":"ListItem","position":3,"name":"Pant pegasus homme"}]},{"@type":"WebSite","@id":"https:\/\/www.miomiorun.com\/fr\/#website","url":"https:\/\/www.miomiorun.com\/fr\/","name":"MioMioRun","description":"Boutique 100% running et trail","publisher":{"@id":"https:\/\/www.miomiorun.com\/fr\/#organization"},"potentialAction":[{"@type":"SearchAction","target":{"@type":"EntryPoint","urlTemplate":"https:\/\/www.miomiorun.com\/fr\/?s={search_term_string}"},"query-input":{"@type":"PropertyValueSpecification","valueRequired":true,"valueName":"search_term_string"}}],"inLanguage":"fr-FR"},{"@type":"Organization","@id":"https:\/\/www.miomiorun.com\/fr\/#organization","name":"MioMio Run","url":"https:\/\/www.miomiorun.com\/fr\/","logo":{"@type":"ImageObject","inLanguage":"fr-FR","@id":"https:\/\/www.miomiorun.com\/fr\/#\/schema\/logo\/image\/","url":"https:\/\/www.miomiorun.com\/app\/uploads\/2019\/12\/logomio.png","contentUrl":"https:\/\/www.miomiorun.com\/app\/uploads\/2019\/12\/logomio.png","width":115,"height":82,"caption":"MioMio Run"},"image":{"@id":"https:\/\/www.miomiorun.com\/fr\/#\/schema\/logo\/image\/"},"sameAs":["https:\/\/www.facebook.com\/miomiorun\/","https:\/\/www.instagram.com\/miomiorun\/"]}]}},"_links":{"self":[{"href":"https:\/\/www.miomiorun.com\/fr\/wp-json\/wp\/v2\/product\/366020","targetHints":{"allow":["GET"]}}],"collection":[{"href":"https:\/\/www.miomiorun.com\/fr\/wp-json\/wp\/v2\/product"}],"about":[{"href":"https:\/\/www.miomiorun.com\/fr\/wp-json\/wp\/v2\/types\/product"}],"wp:featuredmedia":[{"embeddable":true,"href":"https:\/\/www.miomiorun.com\/fr\/wp-json\/wp\/v2\/media\/365860"}],"wp:attachment":[{"href":"https:\/\/www.miomiorun.com\/fr\/wp-json\/wp\/v2\/media?parent=366020"}],"wp:term":[{"taxonomy":"product_brand","embeddable":true,"href":"https:\/\/www.miomiorun.com\/fr\/wp-json\/wp\/v2\/product_brand?post=366020"},{"taxonomy":"product_cat","embeddable":true,"href":"https:\/\/www.miomiorun.com\/fr\/wp-json\/wp\/v2\/product_cat?post=366020"},{"taxonomy":"product_tag","embeddable":true,"href":"https:\/\/www.miomiorun.com\/fr\/wp-json\/wp\/v2\/product_tag?post=366020"}],"curies":[{"name":"wp","href":"https:\/\/api.w.org\/{rel}","templated":true}]}}