{"id":365971,"date":"2025-11-04T10:03:18","date_gmt":"2025-11-04T09:03:18","guid":{"rendered":"https:\/\/www.miomiorun.com\/?post_type=product&#038;p=365971"},"modified":"2026-05-09T10:19:46","modified_gmt":"2026-05-09T08:19:46","slug":"pull-exit-femme","status":"publish","type":"product","link":"https:\/\/www.miomiorun.com\/fr\/produit\/pull-exit-femme\/","title":{"rendered":"Pull exit femme"},"content":{"rendered":"<p>Nouvelle proposition de la collection hiver, le <strong data-start=\"233\" data-end=\"246\">Pull Exit<\/strong> est une couche interm\u00e9diaire polyvalente et performante, con\u00e7ue pour accompagner toutes les activit\u00e9s outdoor ou quotidiennes. Sa <strong data-start=\"351\" data-end=\"379\">coupe athl\u00e9tique et f\u00e9minine<\/strong> met en valeur la silhouette sans compromettre la libert\u00e9 de mouvement, tandis que le tissu <strong data-start=\"467\" data-end=\"491\">Vuelta Made in Italy<\/strong> garantit une <strong data-start=\"503\" data-end=\"538\">thermicit\u00e9, une \u00e9lasticit\u00e9 et un confort<\/strong> sup\u00e9rieurs. <br data-start=\"549\" data-end=\"552\">Le design \u00e9pur\u00e9 et moderne est rehauss\u00e9 par des <strong data-start=\"595\" data-end=\"626\">coutures plates contrast\u00e9es<\/strong>, des <strong data-start=\"628\" data-end=\"649\">logos r\u00e9fl\u00e9chissants<\/strong> et une <strong data-start=\"656\" data-end=\"694\">fermeture \u00e9clair frontale enti\u00e8rement divisible<\/strong> qui facilite la ventilation et le r\u00e9glage de la temp\u00e9rature. La <strong data-start=\"763\" data-end=\"810\">capuche ergonomique avec sortie pour la queue<\/strong> et les <strong data-start=\"816\" data-end=\"839\">passants pour les pouces<\/strong> compl\u00e8tent ce v\u00eatement technique, parfait comme deuxi\u00e8me couche par temps froid ou comme couche ext\u00e9rieure entre les saisons.<\/p>\n","protected":false},"excerpt":{"rendered":"<ul>\n<li data-start=\"983\" data-end=\"1060\">\n<p data-start=\"985\" data-end=\"1060\">Tissu <strong data-start=\"993\" data-end=\"1017\">Vuelta Made in Italy<\/strong> : chaud, respirant et tr\u00e8s \u00e9lastique<\/p>\n<\/li>\n<li data-start=\"1061\" data-end=\"1123\">\n<p data-start=\"1063\" data-end=\"1123\">Design technique avec <strong data-start=\"1082\" data-end=\"1121\">coupe athl\u00e9tique et d\u00e9tails r\u00e9fl\u00e9chissants<\/strong><\/p>\n<\/li>\n<li data-start=\"1124\" data-end=\"1224\">\n<p data-start=\"1126\" data-end=\"1224\"><strong data-start=\"1126\" data-end=\"1150\">Capuche ergonomique<\/strong>, <strong data-start=\"1152\" data-end=\"1176\">passant pour le pouce<\/strong> et <strong data-start=\"1179\" data-end=\"1197\">fermeture \u00e9clair divisible<\/strong> pour une fonctionnalit\u00e9 maximale<\/p>\n<\/li>\n<\/ul>\n","protected":false},"featured_media":365713,"template":"","meta":{"_acf_changed":false,"inline_featured_image":false},"product_brand":[],"product_cat":[22601,22596],"product_tag":[23489,23491],"class_list":{"0":"post-365971","1":"product","2":"type-product","3":"status-publish","4":"has-post-thumbnail","6":"product_cat-maillots","7":"product_cat-vetements-pour-femmes","8":"product_tag-crazy-idea-fr","9":"product_tag-crazy-idea-femme","10":"pa_attivita-marcher","11":"pa_attivita-outdoor-fr","12":"pa_attivita-trail-fr","13":"pa_colore-pull-exit-w-early-fr","14":"pa_marca-crazy-idea-fr","15":"pa_sesso-femme","16":"pa_size-extra-small-fr","17":"pa_size-small-fr","18":"pa_size-medium-fr","19":"pa_size-large-fr","21":"first","22":"instock","23":"sale","24":"taxable","25":"shipping-taxable","26":"purchasable","27":"product-type-variable","28":"wvs-archive-product-wrapper"},"acf":[],"yoast_head":"<!-- This site is optimized with the Yoast SEO plugin v26.8 - https:\/\/yoast.com\/product\/yoast-seo-wordpress\/ -->\n<title>Crazy Idea Pull exit femme - Pull d&#039;hiver- MioMioRun<\/title>\n<meta name=\"description\" content=\"Couche interm\u00e9diaire pour femme Pull Exit en tissu Vuelta Made in Italy : chaud, \u00e9lastique et respirant. Coupe athl\u00e9tique, d\u00e9tails r\u00e9fl\u00e9chissants et confort technique hivernal.\" \/>\n<meta name=\"robots\" content=\"index, follow, max-snippet:-1, max-image-preview:large, max-video-preview:-1\" \/>\n<link rel=\"canonical\" href=\"https:\/\/www.miomiorun.com\/fr\/produit\/pull-exit-femme\/\" \/>\n<meta property=\"og:locale\" content=\"fr_FR\" \/>\n<meta property=\"og:type\" content=\"article\" \/>\n<meta property=\"og:title\" content=\"Crazy Idea Pull exit femme - Pull d&#039;hiver- MioMioRun\" \/>\n<meta property=\"og:description\" content=\"Couche interm\u00e9diaire pour femme Pull Exit en tissu Vuelta Made in Italy : chaud, \u00e9lastique et respirant. Coupe athl\u00e9tique, d\u00e9tails r\u00e9fl\u00e9chissants et confort technique hivernal.\" \/>\n<meta property=\"og:url\" content=\"https:\/\/www.miomiorun.com\/fr\/produit\/pull-exit-femme\/\" \/>\n<meta property=\"og:site_name\" content=\"MioMioRun\" \/>\n<meta property=\"article:publisher\" content=\"https:\/\/www.facebook.com\/miomiorun\/\" \/>\n<meta property=\"article:modified_time\" content=\"2026-05-09T08:19:46+00:00\" \/>\n<meta property=\"og:image\" content=\"https:\/\/www.miomiorun.com\/app\/uploads\/2025\/10\/crazy-Pull-exit-W-pop-W25025122D-0063.webp\" \/>\n\t<meta property=\"og:image:width\" content=\"720\" \/>\n\t<meta property=\"og:image:height\" content=\"720\" \/>\n\t<meta property=\"og:image:type\" content=\"image\/webp\" \/>\n<meta name=\"twitter:card\" content=\"summary_large_image\" \/>\n<meta name=\"twitter:label1\" content=\"Est. reading time\" \/>\n\t<meta name=\"twitter:data1\" content=\"1 minute\" \/>\n<script type=\"application\/ld+json\" class=\"yoast-schema-graph\">{\"@context\":\"https:\/\/schema.org\",\"@graph\":[{\"@type\":\"WebPage\",\"@id\":\"https:\/\/www.miomiorun.com\/fr\/produit\/pull-exit-femme\/\",\"url\":\"https:\/\/www.miomiorun.com\/fr\/produit\/pull-exit-femme\/\",\"name\":\"Crazy Idea Pull exit femme - Pull d'hiver- MioMioRun\",\"isPartOf\":{\"@id\":\"https:\/\/www.miomiorun.com\/fr\/#website\"},\"primaryImageOfPage\":{\"@id\":\"https:\/\/www.miomiorun.com\/fr\/produit\/pull-exit-femme\/#primaryimage\"},\"image\":{\"@id\":\"https:\/\/www.miomiorun.com\/fr\/produit\/pull-exit-femme\/#primaryimage\"},\"thumbnailUrl\":\"https:\/\/www.miomiorun.com\/app\/uploads\/2025\/10\/crazy-Pull-exit-W-pop-W25025122D-0063.webp\",\"datePublished\":\"2025-11-04T09:03:18+00:00\",\"dateModified\":\"2026-05-09T08:19:46+00:00\",\"description\":\"Couche interm\u00e9diaire pour femme Pull Exit en tissu Vuelta Made in Italy : chaud, \u00e9lastique et respirant. Coupe athl\u00e9tique, d\u00e9tails r\u00e9fl\u00e9chissants et confort technique hivernal.\",\"breadcrumb\":{\"@id\":\"https:\/\/www.miomiorun.com\/fr\/produit\/pull-exit-femme\/#breadcrumb\"},\"inLanguage\":\"fr-FR\",\"potentialAction\":[{\"@type\":\"ReadAction\",\"target\":[\"https:\/\/www.miomiorun.com\/fr\/produit\/pull-exit-femme\/\"]}]},{\"@type\":\"ImageObject\",\"inLanguage\":\"fr-FR\",\"@id\":\"https:\/\/www.miomiorun.com\/fr\/produit\/pull-exit-femme\/#primaryimage\",\"url\":\"https:\/\/www.miomiorun.com\/app\/uploads\/2025\/10\/crazy-Pull-exit-W-pop-W25025122D-0063.webp\",\"contentUrl\":\"https:\/\/www.miomiorun.com\/app\/uploads\/2025\/10\/crazy-Pull-exit-W-pop-W25025122D-0063.webp\",\"width\":720,\"height\":720,\"caption\":\"crazy Pull exit W pop W25025122D-0063\"},{\"@type\":\"BreadcrumbList\",\"@id\":\"https:\/\/www.miomiorun.com\/fr\/produit\/pull-exit-femme\/#breadcrumb\",\"itemListElement\":[{\"@type\":\"ListItem\",\"position\":1,\"name\":\"Home\",\"item\":\"https:\/\/www.miomiorun.com\/fr\/home-page\/\"},{\"@type\":\"ListItem\",\"position\":2,\"name\":\"Shop\",\"item\":\"https:\/\/www.miomiorun.com\/shop\/\"},{\"@type\":\"ListItem\",\"position\":3,\"name\":\"Pull exit femme\"}]},{\"@type\":\"WebSite\",\"@id\":\"https:\/\/www.miomiorun.com\/fr\/#website\",\"url\":\"https:\/\/www.miomiorun.com\/fr\/\",\"name\":\"MioMioRun\",\"description\":\"Boutique 100% running et trail\",\"publisher\":{\"@id\":\"https:\/\/www.miomiorun.com\/fr\/#organization\"},\"potentialAction\":[{\"@type\":\"SearchAction\",\"target\":{\"@type\":\"EntryPoint\",\"urlTemplate\":\"https:\/\/www.miomiorun.com\/fr\/?s={search_term_string}\"},\"query-input\":{\"@type\":\"PropertyValueSpecification\",\"valueRequired\":true,\"valueName\":\"search_term_string\"}}],\"inLanguage\":\"fr-FR\"},{\"@type\":\"Organization\",\"@id\":\"https:\/\/www.miomiorun.com\/fr\/#organization\",\"name\":\"MioMio Run\",\"url\":\"https:\/\/www.miomiorun.com\/fr\/\",\"logo\":{\"@type\":\"ImageObject\",\"inLanguage\":\"fr-FR\",\"@id\":\"https:\/\/www.miomiorun.com\/fr\/#\/schema\/logo\/image\/\",\"url\":\"https:\/\/www.miomiorun.com\/app\/uploads\/2019\/12\/logomio.png\",\"contentUrl\":\"https:\/\/www.miomiorun.com\/app\/uploads\/2019\/12\/logomio.png\",\"width\":115,\"height\":82,\"caption\":\"MioMio Run\"},\"image\":{\"@id\":\"https:\/\/www.miomiorun.com\/fr\/#\/schema\/logo\/image\/\"},\"sameAs\":[\"https:\/\/www.facebook.com\/miomiorun\/\",\"https:\/\/www.instagram.com\/miomiorun\/\"]}]}<\/script>\n<!-- \/ Yoast SEO plugin. -->","yoast_head_json":{"title":"Crazy Idea Pull exit femme - Pull d'hiver- MioMioRun","description":"Couche interm\u00e9diaire pour femme Pull Exit en tissu Vuelta Made in Italy : chaud, \u00e9lastique et respirant. Coupe athl\u00e9tique, d\u00e9tails r\u00e9fl\u00e9chissants et confort technique hivernal.","robots":{"index":"index","follow":"follow","max-snippet":"max-snippet:-1","max-image-preview":"max-image-preview:large","max-video-preview":"max-video-preview:-1"},"canonical":"https:\/\/www.miomiorun.com\/fr\/produit\/pull-exit-femme\/","og_locale":"fr_FR","og_type":"article","og_title":"Crazy Idea Pull exit femme - Pull d'hiver- MioMioRun","og_description":"Couche interm\u00e9diaire pour femme Pull Exit en tissu Vuelta Made in Italy : chaud, \u00e9lastique et respirant. Coupe athl\u00e9tique, d\u00e9tails r\u00e9fl\u00e9chissants et confort technique hivernal.","og_url":"https:\/\/www.miomiorun.com\/fr\/produit\/pull-exit-femme\/","og_site_name":"MioMioRun","article_publisher":"https:\/\/www.facebook.com\/miomiorun\/","article_modified_time":"2026-05-09T08:19:46+00:00","og_image":[{"width":720,"height":720,"url":"https:\/\/www.miomiorun.com\/app\/uploads\/2025\/10\/crazy-Pull-exit-W-pop-W25025122D-0063.webp","type":"image\/webp"}],"twitter_card":"summary_large_image","twitter_misc":{"Est. reading time":"1 minute"},"schema":{"@context":"https:\/\/schema.org","@graph":[{"@type":"WebPage","@id":"https:\/\/www.miomiorun.com\/fr\/produit\/pull-exit-femme\/","url":"https:\/\/www.miomiorun.com\/fr\/produit\/pull-exit-femme\/","name":"Crazy Idea Pull exit femme - Pull d'hiver- MioMioRun","isPartOf":{"@id":"https:\/\/www.miomiorun.com\/fr\/#website"},"primaryImageOfPage":{"@id":"https:\/\/www.miomiorun.com\/fr\/produit\/pull-exit-femme\/#primaryimage"},"image":{"@id":"https:\/\/www.miomiorun.com\/fr\/produit\/pull-exit-femme\/#primaryimage"},"thumbnailUrl":"https:\/\/www.miomiorun.com\/app\/uploads\/2025\/10\/crazy-Pull-exit-W-pop-W25025122D-0063.webp","datePublished":"2025-11-04T09:03:18+00:00","dateModified":"2026-05-09T08:19:46+00:00","description":"Couche interm\u00e9diaire pour femme Pull Exit en tissu Vuelta Made in Italy : chaud, \u00e9lastique et respirant. Coupe athl\u00e9tique, d\u00e9tails r\u00e9fl\u00e9chissants et confort technique hivernal.","breadcrumb":{"@id":"https:\/\/www.miomiorun.com\/fr\/produit\/pull-exit-femme\/#breadcrumb"},"inLanguage":"fr-FR","potentialAction":[{"@type":"ReadAction","target":["https:\/\/www.miomiorun.com\/fr\/produit\/pull-exit-femme\/"]}]},{"@type":"ImageObject","inLanguage":"fr-FR","@id":"https:\/\/www.miomiorun.com\/fr\/produit\/pull-exit-femme\/#primaryimage","url":"https:\/\/www.miomiorun.com\/app\/uploads\/2025\/10\/crazy-Pull-exit-W-pop-W25025122D-0063.webp","contentUrl":"https:\/\/www.miomiorun.com\/app\/uploads\/2025\/10\/crazy-Pull-exit-W-pop-W25025122D-0063.webp","width":720,"height":720,"caption":"crazy Pull exit W pop W25025122D-0063"},{"@type":"BreadcrumbList","@id":"https:\/\/www.miomiorun.com\/fr\/produit\/pull-exit-femme\/#breadcrumb","itemListElement":[{"@type":"ListItem","position":1,"name":"Home","item":"https:\/\/www.miomiorun.com\/fr\/home-page\/"},{"@type":"ListItem","position":2,"name":"Shop","item":"https:\/\/www.miomiorun.com\/shop\/"},{"@type":"ListItem","position":3,"name":"Pull exit femme"}]},{"@type":"WebSite","@id":"https:\/\/www.miomiorun.com\/fr\/#website","url":"https:\/\/www.miomiorun.com\/fr\/","name":"MioMioRun","description":"Boutique 100% running et trail","publisher":{"@id":"https:\/\/www.miomiorun.com\/fr\/#organization"},"potentialAction":[{"@type":"SearchAction","target":{"@type":"EntryPoint","urlTemplate":"https:\/\/www.miomiorun.com\/fr\/?s={search_term_string}"},"query-input":{"@type":"PropertyValueSpecification","valueRequired":true,"valueName":"search_term_string"}}],"inLanguage":"fr-FR"},{"@type":"Organization","@id":"https:\/\/www.miomiorun.com\/fr\/#organization","name":"MioMio Run","url":"https:\/\/www.miomiorun.com\/fr\/","logo":{"@type":"ImageObject","inLanguage":"fr-FR","@id":"https:\/\/www.miomiorun.com\/fr\/#\/schema\/logo\/image\/","url":"https:\/\/www.miomiorun.com\/app\/uploads\/2019\/12\/logomio.png","contentUrl":"https:\/\/www.miomiorun.com\/app\/uploads\/2019\/12\/logomio.png","width":115,"height":82,"caption":"MioMio Run"},"image":{"@id":"https:\/\/www.miomiorun.com\/fr\/#\/schema\/logo\/image\/"},"sameAs":["https:\/\/www.facebook.com\/miomiorun\/","https:\/\/www.instagram.com\/miomiorun\/"]}]}},"_links":{"self":[{"href":"https:\/\/www.miomiorun.com\/fr\/wp-json\/wp\/v2\/product\/365971","targetHints":{"allow":["GET"]}}],"collection":[{"href":"https:\/\/www.miomiorun.com\/fr\/wp-json\/wp\/v2\/product"}],"about":[{"href":"https:\/\/www.miomiorun.com\/fr\/wp-json\/wp\/v2\/types\/product"}],"wp:featuredmedia":[{"embeddable":true,"href":"https:\/\/www.miomiorun.com\/fr\/wp-json\/wp\/v2\/media\/365713"}],"wp:attachment":[{"href":"https:\/\/www.miomiorun.com\/fr\/wp-json\/wp\/v2\/media?parent=365971"}],"wp:term":[{"taxonomy":"product_brand","embeddable":true,"href":"https:\/\/www.miomiorun.com\/fr\/wp-json\/wp\/v2\/product_brand?post=365971"},{"taxonomy":"product_cat","embeddable":true,"href":"https:\/\/www.miomiorun.com\/fr\/wp-json\/wp\/v2\/product_cat?post=365971"},{"taxonomy":"product_tag","embeddable":true,"href":"https:\/\/www.miomiorun.com\/fr\/wp-json\/wp\/v2\/product_tag?post=365971"}],"curies":[{"name":"wp","href":"https:\/\/api.w.org\/{rel}","templated":true}]}}