{"id":365535,"date":"2025-10-31T12:29:26","date_gmt":"2025-10-31T11:29:26","guid":{"rendered":"https:\/\/www.miomiorun.com\/?post_type=product&#038;p=365535"},"modified":"2026-05-08T16:24:17","modified_gmt":"2026-05-08T14:24:17","slug":"z-n-e-hoodie-homme","status":"publish","type":"product","link":"https:\/\/www.miomiorun.com\/fr\/produit\/z-n-e-hoodie-homme\/","title":{"rendered":"Z.N.E. Hoodie homme"},"content":{"rendered":"<div class=\"extra-instructions___2TR8b\">\n<p>Le sweat-shirt M Z.N.E. HD d&#8217;adidas est con\u00e7u pour les moments de d\u00e9tente et de concentration apr\u00e8s l&#8217;effort physique. Fabriqu\u00e9 dans un tissu <strong data-start=\"282\" data-end=\"296\">trois couches<\/strong> \u00e0 double maille, il aide \u00e0 retenir la chaleur tout en assurant confort et protection. <br data-start=\"427\" data-end=\"430\">Son design refl\u00e8te l&#8217;esprit de la communaut\u00e9 Z.N.E. : sa capuche int\u00e9gr\u00e9e et sa coupe ample vous permettent de vous isoler du monde ext\u00e9rieur lorsque vous avez besoin de vous r\u00e9g\u00e9n\u00e9rer. <span class=\"\" data-state=\"closed\"><span class=\"ms-1 inline-flex max-w-full items-center relative top-[-0.094rem] animate-[show_150ms_ease-in]\" data-testid=\"webpage-citation-pill\"><\/span><\/span><br data-start=\"640\" data-end=\"643\">Composition indiqu\u00e9e : 57 % polyester recycl\u00e9 et 43 % coton, pour un \u00e9quilibre entre performance et durabilit\u00e9. <span class=\"\" data-state=\"closed\"><span class=\"ms-1 inline-flex max-w-full items-center relative top-[-0.094rem] animate-[show_150ms_ease-in]\" data-testid=\"webpage-citation-pill\"><\/span><\/span><br data-start=\"793\" data-end=\"796\">La poche kangourou apporte une touche pratique, tandis que le look minimaliste avec des graphismes en caoutchouc mat met en valeur le style sportif sobre.<\/p>\n<\/div>\n<div class=\"o-feature-callout__feature-copy\">\n<div class=\"o-feature-callout__feature-copy\">\n<div class=\"o-feature-callout__feature-copy\">\n<p class=\"a-type-p o-feature-callout__feature-body\">\n<\/div>\n<\/div>\n<\/div>\n","protected":false},"excerpt":{"rendered":"<ul class=\"m-long-description__features\">\n<li data-start=\"997\" data-end=\"1053\">\n<p data-start=\"999\" data-end=\"1053\">Tissu double \u00e0 trois couches pour l&#8217;isolation et le confort<\/p>\n<\/li>\n<li data-start=\"1054\" data-end=\"1117\">\n<p data-start=\"1056\" data-end=\"1117\">Capuche int\u00e9gr\u00e9e, coupe ample pour les moments de d\u00e9tente<\/p>\n<\/li>\n<li data-start=\"1173\" data-end=\"1239\">\n<p data-start=\"1175\" data-end=\"1239\">Poche kangourou et d\u00e9tails en caoutchouc mat pour un style technique<\/p>\n<\/li>\n<\/ul>\n<p><span style=\"font-weight: 400\">&nbsp;<\/span><\/p>\n","protected":false},"featured_media":366941,"template":"","meta":{"_acf_changed":false,"inline_featured_image":false},"product_brand":[],"product_cat":[24478,24482,24484],"product_tag":[23557,23564],"class_list":{"0":"post-365535","1":"product","2":"type-product","3":"status-publish","4":"has-post-thumbnail","6":"product_cat-maillots-fr-2","7":"product_cat-vetements-pour-hommes-fr","8":"product_cat-homme","9":"product_tag-adidas-fr","10":"product_tag-adidas-homme","11":"pa_attivita-lifestyle-fr","12":"pa_colore-m-z-n-e-hd-black-fr","13":"pa_marca-adidas-fr","14":"pa_sesso-homme","15":"pa_size-extra-small-fr","16":"pa_size-small-fr","17":"pa_size-medium-fr","18":"pa_size-large-fr","20":"first","21":"instock","22":"sale","23":"taxable","24":"shipping-taxable","25":"purchasable","26":"product-type-variable","27":"wvs-archive-product-wrapper"},"acf":[],"yoast_head":"<!-- This site is optimized with the Yoast SEO plugin v26.8 - https:\/\/yoast.com\/product\/yoast-seo-wordpress\/ -->\n<title>Adidas Z.N.E. Hoodie homme - sweat \u00e0 capuche pour homme - MioMioRun<\/title>\n<meta name=\"description\" content=\"Sweat-shirt adidas M Z.N.E. HD pour homme : confort, chaleur et style. Tissu technique \u00e0 trois couches et capuche pour un look sportif et d\u00e9contract\u00e9.\" \/>\n<meta name=\"robots\" content=\"index, follow, max-snippet:-1, max-image-preview:large, max-video-preview:-1\" \/>\n<link rel=\"canonical\" href=\"https:\/\/www.miomiorun.com\/fr\/produit\/z-n-e-hoodie-homme\/\" \/>\n<meta property=\"og:locale\" content=\"fr_FR\" \/>\n<meta property=\"og:type\" content=\"article\" \/>\n<meta property=\"og:title\" content=\"Adidas Z.N.E. Hoodie homme - sweat \u00e0 capuche pour homme - MioMioRun\" \/>\n<meta property=\"og:description\" content=\"Sweat-shirt adidas M Z.N.E. HD pour homme : confort, chaleur et style. Tissu technique \u00e0 trois couches et capuche pour un look sportif et d\u00e9contract\u00e9.\" \/>\n<meta property=\"og:url\" content=\"https:\/\/www.miomiorun.com\/fr\/produit\/z-n-e-hoodie-homme\/\" \/>\n<meta property=\"og:site_name\" content=\"MioMioRun\" \/>\n<meta property=\"article:publisher\" content=\"https:\/\/www.facebook.com\/miomiorun\/\" \/>\n<meta property=\"article:modified_time\" content=\"2026-05-08T14:24:17+00:00\" \/>\n<meta property=\"og:image\" content=\"https:\/\/www.miomiorun.com\/app\/uploads\/2025\/11\/adidas-M-Z.N.E.-HD-black-JE7537.webp\" \/>\n\t<meta property=\"og:image:width\" content=\"720\" \/>\n\t<meta property=\"og:image:height\" content=\"720\" \/>\n\t<meta property=\"og:image:type\" content=\"image\/webp\" \/>\n<meta name=\"twitter:card\" content=\"summary_large_image\" \/>\n<meta name=\"twitter:label1\" content=\"Est. reading time\" \/>\n\t<meta name=\"twitter:data1\" content=\"1 minute\" \/>\n<script type=\"application\/ld+json\" class=\"yoast-schema-graph\">{\"@context\":\"https:\/\/schema.org\",\"@graph\":[{\"@type\":\"WebPage\",\"@id\":\"https:\/\/www.miomiorun.com\/fr\/produit\/z-n-e-hoodie-homme\/\",\"url\":\"https:\/\/www.miomiorun.com\/fr\/produit\/z-n-e-hoodie-homme\/\",\"name\":\"Adidas Z.N.E. Hoodie homme - sweat \u00e0 capuche pour homme - MioMioRun\",\"isPartOf\":{\"@id\":\"https:\/\/www.miomiorun.com\/fr\/#website\"},\"primaryImageOfPage\":{\"@id\":\"https:\/\/www.miomiorun.com\/fr\/produit\/z-n-e-hoodie-homme\/#primaryimage\"},\"image\":{\"@id\":\"https:\/\/www.miomiorun.com\/fr\/produit\/z-n-e-hoodie-homme\/#primaryimage\"},\"thumbnailUrl\":\"https:\/\/www.miomiorun.com\/app\/uploads\/2025\/11\/adidas-M-Z.N.E.-HD-black-JE7537.webp\",\"datePublished\":\"2025-10-31T11:29:26+00:00\",\"dateModified\":\"2026-05-08T14:24:17+00:00\",\"description\":\"Sweat-shirt adidas M Z.N.E. HD pour homme : confort, chaleur et style. Tissu technique \u00e0 trois couches et capuche pour un look sportif et d\u00e9contract\u00e9.\",\"breadcrumb\":{\"@id\":\"https:\/\/www.miomiorun.com\/fr\/produit\/z-n-e-hoodie-homme\/#breadcrumb\"},\"inLanguage\":\"fr-FR\",\"potentialAction\":[{\"@type\":\"ReadAction\",\"target\":[\"https:\/\/www.miomiorun.com\/fr\/produit\/z-n-e-hoodie-homme\/\"]}]},{\"@type\":\"ImageObject\",\"inLanguage\":\"fr-FR\",\"@id\":\"https:\/\/www.miomiorun.com\/fr\/produit\/z-n-e-hoodie-homme\/#primaryimage\",\"url\":\"https:\/\/www.miomiorun.com\/app\/uploads\/2025\/11\/adidas-M-Z.N.E.-HD-black-JE7537.webp\",\"contentUrl\":\"https:\/\/www.miomiorun.com\/app\/uploads\/2025\/11\/adidas-M-Z.N.E.-HD-black-JE7537.webp\",\"width\":720,\"height\":720,\"caption\":\"adidas M Z.N.E. HD black JE7537\"},{\"@type\":\"BreadcrumbList\",\"@id\":\"https:\/\/www.miomiorun.com\/fr\/produit\/z-n-e-hoodie-homme\/#breadcrumb\",\"itemListElement\":[{\"@type\":\"ListItem\",\"position\":1,\"name\":\"Home\",\"item\":\"https:\/\/www.miomiorun.com\/fr\/home-page\/\"},{\"@type\":\"ListItem\",\"position\":2,\"name\":\"Shop\",\"item\":\"https:\/\/www.miomiorun.com\/shop\/\"},{\"@type\":\"ListItem\",\"position\":3,\"name\":\"Z.N.E. Hoodie homme\"}]},{\"@type\":\"WebSite\",\"@id\":\"https:\/\/www.miomiorun.com\/fr\/#website\",\"url\":\"https:\/\/www.miomiorun.com\/fr\/\",\"name\":\"MioMioRun\",\"description\":\"Boutique 100% running et trail\",\"publisher\":{\"@id\":\"https:\/\/www.miomiorun.com\/fr\/#organization\"},\"potentialAction\":[{\"@type\":\"SearchAction\",\"target\":{\"@type\":\"EntryPoint\",\"urlTemplate\":\"https:\/\/www.miomiorun.com\/fr\/?s={search_term_string}\"},\"query-input\":{\"@type\":\"PropertyValueSpecification\",\"valueRequired\":true,\"valueName\":\"search_term_string\"}}],\"inLanguage\":\"fr-FR\"},{\"@type\":\"Organization\",\"@id\":\"https:\/\/www.miomiorun.com\/fr\/#organization\",\"name\":\"MioMio Run\",\"url\":\"https:\/\/www.miomiorun.com\/fr\/\",\"logo\":{\"@type\":\"ImageObject\",\"inLanguage\":\"fr-FR\",\"@id\":\"https:\/\/www.miomiorun.com\/fr\/#\/schema\/logo\/image\/\",\"url\":\"https:\/\/www.miomiorun.com\/app\/uploads\/2019\/12\/logomio.png\",\"contentUrl\":\"https:\/\/www.miomiorun.com\/app\/uploads\/2019\/12\/logomio.png\",\"width\":115,\"height\":82,\"caption\":\"MioMio Run\"},\"image\":{\"@id\":\"https:\/\/www.miomiorun.com\/fr\/#\/schema\/logo\/image\/\"},\"sameAs\":[\"https:\/\/www.facebook.com\/miomiorun\/\",\"https:\/\/www.instagram.com\/miomiorun\/\"]}]}<\/script>\n<!-- \/ Yoast SEO plugin. -->","yoast_head_json":{"title":"Adidas Z.N.E. Hoodie homme - sweat \u00e0 capuche pour homme - MioMioRun","description":"Sweat-shirt adidas M Z.N.E. HD pour homme : confort, chaleur et style. Tissu technique \u00e0 trois couches et capuche pour un look sportif et d\u00e9contract\u00e9.","robots":{"index":"index","follow":"follow","max-snippet":"max-snippet:-1","max-image-preview":"max-image-preview:large","max-video-preview":"max-video-preview:-1"},"canonical":"https:\/\/www.miomiorun.com\/fr\/produit\/z-n-e-hoodie-homme\/","og_locale":"fr_FR","og_type":"article","og_title":"Adidas Z.N.E. Hoodie homme - sweat \u00e0 capuche pour homme - MioMioRun","og_description":"Sweat-shirt adidas M Z.N.E. HD pour homme : confort, chaleur et style. Tissu technique \u00e0 trois couches et capuche pour un look sportif et d\u00e9contract\u00e9.","og_url":"https:\/\/www.miomiorun.com\/fr\/produit\/z-n-e-hoodie-homme\/","og_site_name":"MioMioRun","article_publisher":"https:\/\/www.facebook.com\/miomiorun\/","article_modified_time":"2026-05-08T14:24:17+00:00","og_image":[{"width":720,"height":720,"url":"https:\/\/www.miomiorun.com\/app\/uploads\/2025\/11\/adidas-M-Z.N.E.-HD-black-JE7537.webp","type":"image\/webp"}],"twitter_card":"summary_large_image","twitter_misc":{"Est. reading time":"1 minute"},"schema":{"@context":"https:\/\/schema.org","@graph":[{"@type":"WebPage","@id":"https:\/\/www.miomiorun.com\/fr\/produit\/z-n-e-hoodie-homme\/","url":"https:\/\/www.miomiorun.com\/fr\/produit\/z-n-e-hoodie-homme\/","name":"Adidas Z.N.E. Hoodie homme - sweat \u00e0 capuche pour homme - MioMioRun","isPartOf":{"@id":"https:\/\/www.miomiorun.com\/fr\/#website"},"primaryImageOfPage":{"@id":"https:\/\/www.miomiorun.com\/fr\/produit\/z-n-e-hoodie-homme\/#primaryimage"},"image":{"@id":"https:\/\/www.miomiorun.com\/fr\/produit\/z-n-e-hoodie-homme\/#primaryimage"},"thumbnailUrl":"https:\/\/www.miomiorun.com\/app\/uploads\/2025\/11\/adidas-M-Z.N.E.-HD-black-JE7537.webp","datePublished":"2025-10-31T11:29:26+00:00","dateModified":"2026-05-08T14:24:17+00:00","description":"Sweat-shirt adidas M Z.N.E. HD pour homme : confort, chaleur et style. Tissu technique \u00e0 trois couches et capuche pour un look sportif et d\u00e9contract\u00e9.","breadcrumb":{"@id":"https:\/\/www.miomiorun.com\/fr\/produit\/z-n-e-hoodie-homme\/#breadcrumb"},"inLanguage":"fr-FR","potentialAction":[{"@type":"ReadAction","target":["https:\/\/www.miomiorun.com\/fr\/produit\/z-n-e-hoodie-homme\/"]}]},{"@type":"ImageObject","inLanguage":"fr-FR","@id":"https:\/\/www.miomiorun.com\/fr\/produit\/z-n-e-hoodie-homme\/#primaryimage","url":"https:\/\/www.miomiorun.com\/app\/uploads\/2025\/11\/adidas-M-Z.N.E.-HD-black-JE7537.webp","contentUrl":"https:\/\/www.miomiorun.com\/app\/uploads\/2025\/11\/adidas-M-Z.N.E.-HD-black-JE7537.webp","width":720,"height":720,"caption":"adidas M Z.N.E. HD black JE7537"},{"@type":"BreadcrumbList","@id":"https:\/\/www.miomiorun.com\/fr\/produit\/z-n-e-hoodie-homme\/#breadcrumb","itemListElement":[{"@type":"ListItem","position":1,"name":"Home","item":"https:\/\/www.miomiorun.com\/fr\/home-page\/"},{"@type":"ListItem","position":2,"name":"Shop","item":"https:\/\/www.miomiorun.com\/shop\/"},{"@type":"ListItem","position":3,"name":"Z.N.E. Hoodie homme"}]},{"@type":"WebSite","@id":"https:\/\/www.miomiorun.com\/fr\/#website","url":"https:\/\/www.miomiorun.com\/fr\/","name":"MioMioRun","description":"Boutique 100% running et trail","publisher":{"@id":"https:\/\/www.miomiorun.com\/fr\/#organization"},"potentialAction":[{"@type":"SearchAction","target":{"@type":"EntryPoint","urlTemplate":"https:\/\/www.miomiorun.com\/fr\/?s={search_term_string}"},"query-input":{"@type":"PropertyValueSpecification","valueRequired":true,"valueName":"search_term_string"}}],"inLanguage":"fr-FR"},{"@type":"Organization","@id":"https:\/\/www.miomiorun.com\/fr\/#organization","name":"MioMio Run","url":"https:\/\/www.miomiorun.com\/fr\/","logo":{"@type":"ImageObject","inLanguage":"fr-FR","@id":"https:\/\/www.miomiorun.com\/fr\/#\/schema\/logo\/image\/","url":"https:\/\/www.miomiorun.com\/app\/uploads\/2019\/12\/logomio.png","contentUrl":"https:\/\/www.miomiorun.com\/app\/uploads\/2019\/12\/logomio.png","width":115,"height":82,"caption":"MioMio Run"},"image":{"@id":"https:\/\/www.miomiorun.com\/fr\/#\/schema\/logo\/image\/"},"sameAs":["https:\/\/www.facebook.com\/miomiorun\/","https:\/\/www.instagram.com\/miomiorun\/"]}]}},"_links":{"self":[{"href":"https:\/\/www.miomiorun.com\/fr\/wp-json\/wp\/v2\/product\/365535","targetHints":{"allow":["GET"]}}],"collection":[{"href":"https:\/\/www.miomiorun.com\/fr\/wp-json\/wp\/v2\/product"}],"about":[{"href":"https:\/\/www.miomiorun.com\/fr\/wp-json\/wp\/v2\/types\/product"}],"wp:featuredmedia":[{"embeddable":true,"href":"https:\/\/www.miomiorun.com\/fr\/wp-json\/wp\/v2\/media\/366941"}],"wp:attachment":[{"href":"https:\/\/www.miomiorun.com\/fr\/wp-json\/wp\/v2\/media?parent=365535"}],"wp:term":[{"taxonomy":"product_brand","embeddable":true,"href":"https:\/\/www.miomiorun.com\/fr\/wp-json\/wp\/v2\/product_brand?post=365535"},{"taxonomy":"product_cat","embeddable":true,"href":"https:\/\/www.miomiorun.com\/fr\/wp-json\/wp\/v2\/product_cat?post=365535"},{"taxonomy":"product_tag","embeddable":true,"href":"https:\/\/www.miomiorun.com\/fr\/wp-json\/wp\/v2\/product_tag?post=365535"}],"curies":[{"name":"wp","href":"https:\/\/api.w.org\/{rel}","templated":true}]}}