{"id":365503,"date":"2025-10-31T12:12:05","date_gmt":"2025-10-31T11:12:05","guid":{"rendered":"https:\/\/www.miomiorun.com\/?post_type=product&#038;p=365503"},"modified":"2026-05-08T16:24:19","modified_gmt":"2026-05-08T14:24:19","slug":"t-shirt-z-n-e-loose-fit-homme","status":"publish","type":"product","link":"https:\/\/www.miomiorun.com\/fr\/produit\/t-shirt-z-n-e-loose-fit-homme\/","title":{"rendered":"T-shirt Z.N.E. Loose-Fit homme"},"content":{"rendered":"<p>Con\u00e7ue pour ceux qui vivent le sport comme un esprit d&#8217;\u00e9quipe et de connexion, ce t-shirt adidas offre un confort sup\u00e9rieur gr\u00e2ce \u00e0 son tissu <strong data-start=\"387\" data-end=\"406\">frais au toucher<\/strong> et \u00e0 sa <strong data-start=\"414\" data-end=\"435\">coupe ample<\/strong>, id\u00e9ale pour garantir une libert\u00e9 de mouvement dans toutes les situations. Son design \u00e9pur\u00e9 est rehauss\u00e9 par le <strong data-start=\"539\" data-end=\"553\">logo 3 barres<\/strong> sur la poitrine, symbole de l&#8217;identit\u00e9 et de la tradition adidas.<br data-start=\"613\" data-end=\"616\">Compos\u00e9 d&#8217;au moins <strong data-start=\"639\" data-end=\"669\">70 % de mat\u00e9riaux recycl\u00e9s<\/strong>, il contribue \u00e0 r\u00e9duire les d\u00e9chets et l&#8217;utilisation de ressources non renouvelables, alliant performance et responsabilit\u00e9 environnementale dans un v\u00eatement parfait pour l&#8217;entra\u00eenement ou les loisirs.<\/p>\n","protected":false},"excerpt":{"rendered":"<ul>\n<li data-start=\"877\" data-end=\"940\">\n<p data-start=\"879\" data-end=\"940\">Tissu technique <strong data-start=\"895\" data-end=\"914\">frais au toucher<\/strong> pour un confort durable<\/p>\n<\/li>\n<li data-start=\"941\" data-end=\"1003\">\n<p data-start=\"943\" data-end=\"1003\">Coupe ample pour une libert\u00e9 de mouvement et un look sportif<\/p>\n<\/li>\n<li data-start=\"1004\" data-end=\"1086\">\n<p data-start=\"1006\" data-end=\"1086\">Au moins <strong data-start=\"1013\" data-end=\"1043\">70 % de mat\u00e9riaux recycl\u00e9s<\/strong> pour r\u00e9duire les d\u00e9chets et l&#8217;impact environnemental<\/p>\n<\/li>\n<\/ul>\n","protected":false},"featured_media":366962,"template":"","meta":{"_acf_changed":false,"inline_featured_image":false},"product_brand":[],"product_cat":[24449,24482],"product_tag":[23557,23564],"class_list":{"0":"post-365503","1":"product","2":"type-product","3":"status-publish","4":"has-post-thumbnail","6":"product_cat-t-shirt-fr-3","7":"product_cat-vetements-pour-hommes-fr","8":"product_tag-adidas-fr","9":"product_tag-adidas-homme","10":"pa_attivita-marcher","11":"pa_attivita-running-fr","12":"pa_colore-m-z-n-e-tee-lo-white-fr","13":"pa_marca-adidas-fr","14":"pa_sesso-homme","15":"pa_size-small-fr","16":"pa_size-medium-fr","17":"pa_size-large-fr","19":"first","20":"instock","21":"sale","22":"taxable","23":"shipping-taxable","24":"purchasable","25":"product-type-variable","26":"wvs-archive-product-wrapper"},"acf":[],"yoast_head":"<!-- This site is optimized with the Yoast SEO plugin v26.8 - https:\/\/yoast.com\/product\/yoast-seo-wordpress\/ -->\n<title>Adidas T-shirt Z.N.E. Loose-Fit homme - T-shirts pour hommes - MioMioRun<\/title>\n<meta name=\"description\" content=\"T-shirt adidas 3 Bar Logo en tissu frais et recycl\u00e9 \u00e0 70 %. Coupe ample, confort sportif et style durable pour toutes les occasions.\" \/>\n<meta name=\"robots\" content=\"index, follow, max-snippet:-1, max-image-preview:large, max-video-preview:-1\" \/>\n<link rel=\"canonical\" href=\"https:\/\/www.miomiorun.com\/fr\/produit\/t-shirt-z-n-e-loose-fit-homme\/\" \/>\n<meta property=\"og:locale\" content=\"fr_FR\" \/>\n<meta property=\"og:type\" content=\"article\" \/>\n<meta property=\"og:title\" content=\"Adidas T-shirt Z.N.E. Loose-Fit homme - T-shirts pour hommes - MioMioRun\" \/>\n<meta property=\"og:description\" content=\"T-shirt adidas 3 Bar Logo en tissu frais et recycl\u00e9 \u00e0 70 %. Coupe ample, confort sportif et style durable pour toutes les occasions.\" \/>\n<meta property=\"og:url\" content=\"https:\/\/www.miomiorun.com\/fr\/produit\/t-shirt-z-n-e-loose-fit-homme\/\" \/>\n<meta property=\"og:site_name\" content=\"MioMioRun\" \/>\n<meta property=\"article:publisher\" content=\"https:\/\/www.facebook.com\/miomiorun\/\" \/>\n<meta property=\"article:modified_time\" content=\"2026-05-08T14:24:19+00:00\" \/>\n<meta property=\"og:image\" content=\"https:\/\/www.miomiorun.com\/app\/uploads\/2025\/11\/adidas-M-Z.N.E.-TEE-LO-WHITE-JC5482.webp\" \/>\n\t<meta property=\"og:image:width\" content=\"720\" \/>\n\t<meta property=\"og:image:height\" content=\"720\" \/>\n\t<meta property=\"og:image:type\" content=\"image\/webp\" \/>\n<meta name=\"twitter:card\" content=\"summary_large_image\" \/>\n<meta name=\"twitter:label1\" content=\"Est. reading time\" \/>\n\t<meta name=\"twitter:data1\" content=\"1 minute\" \/>\n<script type=\"application\/ld+json\" class=\"yoast-schema-graph\">{\"@context\":\"https:\/\/schema.org\",\"@graph\":[{\"@type\":\"WebPage\",\"@id\":\"https:\/\/www.miomiorun.com\/fr\/produit\/t-shirt-z-n-e-loose-fit-homme\/\",\"url\":\"https:\/\/www.miomiorun.com\/fr\/produit\/t-shirt-z-n-e-loose-fit-homme\/\",\"name\":\"Adidas T-shirt Z.N.E. Loose-Fit homme - T-shirts pour hommes - MioMioRun\",\"isPartOf\":{\"@id\":\"https:\/\/www.miomiorun.com\/fr\/#website\"},\"primaryImageOfPage\":{\"@id\":\"https:\/\/www.miomiorun.com\/fr\/produit\/t-shirt-z-n-e-loose-fit-homme\/#primaryimage\"},\"image\":{\"@id\":\"https:\/\/www.miomiorun.com\/fr\/produit\/t-shirt-z-n-e-loose-fit-homme\/#primaryimage\"},\"thumbnailUrl\":\"https:\/\/www.miomiorun.com\/app\/uploads\/2025\/11\/adidas-M-Z.N.E.-TEE-LO-WHITE-JC5482.webp\",\"datePublished\":\"2025-10-31T11:12:05+00:00\",\"dateModified\":\"2026-05-08T14:24:19+00:00\",\"description\":\"T-shirt adidas 3 Bar Logo en tissu frais et recycl\u00e9 \u00e0 70 %. Coupe ample, confort sportif et style durable pour toutes les occasions.\",\"breadcrumb\":{\"@id\":\"https:\/\/www.miomiorun.com\/fr\/produit\/t-shirt-z-n-e-loose-fit-homme\/#breadcrumb\"},\"inLanguage\":\"fr-FR\",\"potentialAction\":[{\"@type\":\"ReadAction\",\"target\":[\"https:\/\/www.miomiorun.com\/fr\/produit\/t-shirt-z-n-e-loose-fit-homme\/\"]}]},{\"@type\":\"ImageObject\",\"inLanguage\":\"fr-FR\",\"@id\":\"https:\/\/www.miomiorun.com\/fr\/produit\/t-shirt-z-n-e-loose-fit-homme\/#primaryimage\",\"url\":\"https:\/\/www.miomiorun.com\/app\/uploads\/2025\/11\/adidas-M-Z.N.E.-TEE-LO-WHITE-JC5482.webp\",\"contentUrl\":\"https:\/\/www.miomiorun.com\/app\/uploads\/2025\/11\/adidas-M-Z.N.E.-TEE-LO-WHITE-JC5482.webp\",\"width\":720,\"height\":720,\"caption\":\"adidas M Z.N.E. TEE LO WHITE JC5482\"},{\"@type\":\"BreadcrumbList\",\"@id\":\"https:\/\/www.miomiorun.com\/fr\/produit\/t-shirt-z-n-e-loose-fit-homme\/#breadcrumb\",\"itemListElement\":[{\"@type\":\"ListItem\",\"position\":1,\"name\":\"Home\",\"item\":\"https:\/\/www.miomiorun.com\/fr\/home-page\/\"},{\"@type\":\"ListItem\",\"position\":2,\"name\":\"Shop\",\"item\":\"https:\/\/www.miomiorun.com\/shop\/\"},{\"@type\":\"ListItem\",\"position\":3,\"name\":\"T-shirt Z.N.E. Loose-Fit homme\"}]},{\"@type\":\"WebSite\",\"@id\":\"https:\/\/www.miomiorun.com\/fr\/#website\",\"url\":\"https:\/\/www.miomiorun.com\/fr\/\",\"name\":\"MioMioRun\",\"description\":\"Boutique 100% running et trail\",\"publisher\":{\"@id\":\"https:\/\/www.miomiorun.com\/fr\/#organization\"},\"potentialAction\":[{\"@type\":\"SearchAction\",\"target\":{\"@type\":\"EntryPoint\",\"urlTemplate\":\"https:\/\/www.miomiorun.com\/fr\/?s={search_term_string}\"},\"query-input\":{\"@type\":\"PropertyValueSpecification\",\"valueRequired\":true,\"valueName\":\"search_term_string\"}}],\"inLanguage\":\"fr-FR\"},{\"@type\":\"Organization\",\"@id\":\"https:\/\/www.miomiorun.com\/fr\/#organization\",\"name\":\"MioMio Run\",\"url\":\"https:\/\/www.miomiorun.com\/fr\/\",\"logo\":{\"@type\":\"ImageObject\",\"inLanguage\":\"fr-FR\",\"@id\":\"https:\/\/www.miomiorun.com\/fr\/#\/schema\/logo\/image\/\",\"url\":\"https:\/\/www.miomiorun.com\/app\/uploads\/2019\/12\/logomio.png\",\"contentUrl\":\"https:\/\/www.miomiorun.com\/app\/uploads\/2019\/12\/logomio.png\",\"width\":115,\"height\":82,\"caption\":\"MioMio Run\"},\"image\":{\"@id\":\"https:\/\/www.miomiorun.com\/fr\/#\/schema\/logo\/image\/\"},\"sameAs\":[\"https:\/\/www.facebook.com\/miomiorun\/\",\"https:\/\/www.instagram.com\/miomiorun\/\"]}]}<\/script>\n<!-- \/ Yoast SEO plugin. -->","yoast_head_json":{"title":"Adidas T-shirt Z.N.E. Loose-Fit homme - T-shirts pour hommes - MioMioRun","description":"T-shirt adidas 3 Bar Logo en tissu frais et recycl\u00e9 \u00e0 70 %. Coupe ample, confort sportif et style durable pour toutes les occasions.","robots":{"index":"index","follow":"follow","max-snippet":"max-snippet:-1","max-image-preview":"max-image-preview:large","max-video-preview":"max-video-preview:-1"},"canonical":"https:\/\/www.miomiorun.com\/fr\/produit\/t-shirt-z-n-e-loose-fit-homme\/","og_locale":"fr_FR","og_type":"article","og_title":"Adidas T-shirt Z.N.E. Loose-Fit homme - T-shirts pour hommes - MioMioRun","og_description":"T-shirt adidas 3 Bar Logo en tissu frais et recycl\u00e9 \u00e0 70 %. Coupe ample, confort sportif et style durable pour toutes les occasions.","og_url":"https:\/\/www.miomiorun.com\/fr\/produit\/t-shirt-z-n-e-loose-fit-homme\/","og_site_name":"MioMioRun","article_publisher":"https:\/\/www.facebook.com\/miomiorun\/","article_modified_time":"2026-05-08T14:24:19+00:00","og_image":[{"width":720,"height":720,"url":"https:\/\/www.miomiorun.com\/app\/uploads\/2025\/11\/adidas-M-Z.N.E.-TEE-LO-WHITE-JC5482.webp","type":"image\/webp"}],"twitter_card":"summary_large_image","twitter_misc":{"Est. reading time":"1 minute"},"schema":{"@context":"https:\/\/schema.org","@graph":[{"@type":"WebPage","@id":"https:\/\/www.miomiorun.com\/fr\/produit\/t-shirt-z-n-e-loose-fit-homme\/","url":"https:\/\/www.miomiorun.com\/fr\/produit\/t-shirt-z-n-e-loose-fit-homme\/","name":"Adidas T-shirt Z.N.E. Loose-Fit homme - T-shirts pour hommes - MioMioRun","isPartOf":{"@id":"https:\/\/www.miomiorun.com\/fr\/#website"},"primaryImageOfPage":{"@id":"https:\/\/www.miomiorun.com\/fr\/produit\/t-shirt-z-n-e-loose-fit-homme\/#primaryimage"},"image":{"@id":"https:\/\/www.miomiorun.com\/fr\/produit\/t-shirt-z-n-e-loose-fit-homme\/#primaryimage"},"thumbnailUrl":"https:\/\/www.miomiorun.com\/app\/uploads\/2025\/11\/adidas-M-Z.N.E.-TEE-LO-WHITE-JC5482.webp","datePublished":"2025-10-31T11:12:05+00:00","dateModified":"2026-05-08T14:24:19+00:00","description":"T-shirt adidas 3 Bar Logo en tissu frais et recycl\u00e9 \u00e0 70 %. Coupe ample, confort sportif et style durable pour toutes les occasions.","breadcrumb":{"@id":"https:\/\/www.miomiorun.com\/fr\/produit\/t-shirt-z-n-e-loose-fit-homme\/#breadcrumb"},"inLanguage":"fr-FR","potentialAction":[{"@type":"ReadAction","target":["https:\/\/www.miomiorun.com\/fr\/produit\/t-shirt-z-n-e-loose-fit-homme\/"]}]},{"@type":"ImageObject","inLanguage":"fr-FR","@id":"https:\/\/www.miomiorun.com\/fr\/produit\/t-shirt-z-n-e-loose-fit-homme\/#primaryimage","url":"https:\/\/www.miomiorun.com\/app\/uploads\/2025\/11\/adidas-M-Z.N.E.-TEE-LO-WHITE-JC5482.webp","contentUrl":"https:\/\/www.miomiorun.com\/app\/uploads\/2025\/11\/adidas-M-Z.N.E.-TEE-LO-WHITE-JC5482.webp","width":720,"height":720,"caption":"adidas M Z.N.E. TEE LO WHITE JC5482"},{"@type":"BreadcrumbList","@id":"https:\/\/www.miomiorun.com\/fr\/produit\/t-shirt-z-n-e-loose-fit-homme\/#breadcrumb","itemListElement":[{"@type":"ListItem","position":1,"name":"Home","item":"https:\/\/www.miomiorun.com\/fr\/home-page\/"},{"@type":"ListItem","position":2,"name":"Shop","item":"https:\/\/www.miomiorun.com\/shop\/"},{"@type":"ListItem","position":3,"name":"T-shirt Z.N.E. Loose-Fit homme"}]},{"@type":"WebSite","@id":"https:\/\/www.miomiorun.com\/fr\/#website","url":"https:\/\/www.miomiorun.com\/fr\/","name":"MioMioRun","description":"Boutique 100% running et trail","publisher":{"@id":"https:\/\/www.miomiorun.com\/fr\/#organization"},"potentialAction":[{"@type":"SearchAction","target":{"@type":"EntryPoint","urlTemplate":"https:\/\/www.miomiorun.com\/fr\/?s={search_term_string}"},"query-input":{"@type":"PropertyValueSpecification","valueRequired":true,"valueName":"search_term_string"}}],"inLanguage":"fr-FR"},{"@type":"Organization","@id":"https:\/\/www.miomiorun.com\/fr\/#organization","name":"MioMio Run","url":"https:\/\/www.miomiorun.com\/fr\/","logo":{"@type":"ImageObject","inLanguage":"fr-FR","@id":"https:\/\/www.miomiorun.com\/fr\/#\/schema\/logo\/image\/","url":"https:\/\/www.miomiorun.com\/app\/uploads\/2019\/12\/logomio.png","contentUrl":"https:\/\/www.miomiorun.com\/app\/uploads\/2019\/12\/logomio.png","width":115,"height":82,"caption":"MioMio Run"},"image":{"@id":"https:\/\/www.miomiorun.com\/fr\/#\/schema\/logo\/image\/"},"sameAs":["https:\/\/www.facebook.com\/miomiorun\/","https:\/\/www.instagram.com\/miomiorun\/"]}]}},"_links":{"self":[{"href":"https:\/\/www.miomiorun.com\/fr\/wp-json\/wp\/v2\/product\/365503","targetHints":{"allow":["GET"]}}],"collection":[{"href":"https:\/\/www.miomiorun.com\/fr\/wp-json\/wp\/v2\/product"}],"about":[{"href":"https:\/\/www.miomiorun.com\/fr\/wp-json\/wp\/v2\/types\/product"}],"wp:featuredmedia":[{"embeddable":true,"href":"https:\/\/www.miomiorun.com\/fr\/wp-json\/wp\/v2\/media\/366962"}],"wp:attachment":[{"href":"https:\/\/www.miomiorun.com\/fr\/wp-json\/wp\/v2\/media?parent=365503"}],"wp:term":[{"taxonomy":"product_brand","embeddable":true,"href":"https:\/\/www.miomiorun.com\/fr\/wp-json\/wp\/v2\/product_brand?post=365503"},{"taxonomy":"product_cat","embeddable":true,"href":"https:\/\/www.miomiorun.com\/fr\/wp-json\/wp\/v2\/product_cat?post=365503"},{"taxonomy":"product_tag","embeddable":true,"href":"https:\/\/www.miomiorun.com\/fr\/wp-json\/wp\/v2\/product_tag?post=365503"}],"curies":[{"name":"wp","href":"https:\/\/api.w.org\/{rel}","templated":true}]}}