{"id":365384,"date":"2025-10-31T11:54:53","date_gmt":"2025-10-31T10:54:53","guid":{"rendered":"https:\/\/www.miomiorun.com\/?post_type=product&#038;p=365384"},"modified":"2026-05-09T10:19:03","modified_gmt":"2026-05-09T08:19:03","slug":"felpa-essentials-fleece-3-stripes-femme","status":"publish","type":"product","link":"https:\/\/www.miomiorun.com\/fr\/produit\/felpa-essentials-fleece-3-stripes-femme\/","title":{"rendered":"Felpa Essentials Fleece 3-Stripes femme"},"content":{"rendered":"<p>Ce sweat-shirt \u00e0 col rond pour femme adidas allie un style sportif \u00e9pur\u00e9 et un confort au quotidien. Confectionn\u00e9 dans un tissu molletonn\u00e9 \u00e0 l&#8217;int\u00e9rieur pour offrir une sensation de chaleur et de douceur au contact de la peau, il pr\u00e9sente une <strong data-start=\"446\" data-end=\"470\">coupe r\u00e9guli\u00e8re<\/strong> et des poignets et un ourlet c\u00f4tel\u00e9s pour une finition soign\u00e9e. Le design est rehauss\u00e9 par les trois bandes embl\u00e9matiques sur les manches. La composition garantit confort et durabilit\u00e9. <br data-start=\"755\" data-end=\"758\">Parfait pour se d\u00e9tendre, pour un usage quotidien ou comme \u00e9l\u00e9ment sport-style dans une garde-robe d\u00e9contract\u00e9e.<\/p>\n","protected":false},"excerpt":{"rendered":"<ul>\n<li>Sweat \u00e0 col rond id\u00e9al \u00e0 porter en toute occasion, et pas seulement pendant l&#8217;activit\u00e9 physique.<\/li>\n<li>Coupe confortable.<\/li>\n<\/ul>\n","protected":false},"featured_media":367016,"template":"","meta":{"_acf_changed":false,"inline_featured_image":false},"product_brand":[],"product_cat":[22601,22596],"product_tag":[23557,23563],"class_list":{"0":"post-365384","1":"product","2":"type-product","3":"status-publish","4":"has-post-thumbnail","6":"product_cat-maillots","7":"product_cat-vetements-pour-femmes","8":"product_tag-adidas-fr","9":"product_tag-adidas-femme","10":"pa_attivita-lifestyle-fr","11":"pa_colore-w-3s-fl-swt-greyh-white-fr","12":"pa_marca-adidas-fr","13":"pa_sesso-femme","14":"pa_size-extra-small-fr","15":"pa_size-small-fr","16":"pa_size-medium-fr","18":"first","19":"instock","20":"sale","21":"taxable","22":"shipping-taxable","23":"purchasable","24":"product-type-variable","25":"wvs-archive-product-wrapper"},"acf":[],"yoast_head":"<!-- This site is optimized with the Yoast SEO plugin v26.8 - https:\/\/yoast.com\/product\/yoast-seo-wordpress\/ -->\n<title>Adidas Felpa Essentials Fleece 3-Stripes femme - Sweat \u00e0 col rond- MioMioRun<\/title>\n<meta name=\"description\" content=\"Ce sweat \u00e0 col rond adidas 3S FL SWT pour femme \u00e9l\u00e8ve un v\u00eatement embl\u00e9matique \u00e0 de nouveaux sommets en mati\u00e8re de style et de confort. D\u00e9couvrez-le sur notre site !\" \/>\n<meta name=\"robots\" content=\"index, follow, max-snippet:-1, max-image-preview:large, max-video-preview:-1\" \/>\n<link rel=\"canonical\" href=\"https:\/\/www.miomiorun.com\/fr\/produit\/felpa-essentials-fleece-3-stripes-femme\/\" \/>\n<meta property=\"og:locale\" content=\"fr_FR\" \/>\n<meta property=\"og:type\" content=\"article\" \/>\n<meta property=\"og:title\" content=\"Adidas Felpa Essentials Fleece 3-Stripes femme - Sweat \u00e0 col rond- MioMioRun\" \/>\n<meta property=\"og:description\" content=\"Ce sweat \u00e0 col rond adidas 3S FL SWT pour femme \u00e9l\u00e8ve un v\u00eatement embl\u00e9matique \u00e0 de nouveaux sommets en mati\u00e8re de style et de confort. D\u00e9couvrez-le sur notre site !\" \/>\n<meta property=\"og:url\" content=\"https:\/\/www.miomiorun.com\/fr\/produit\/felpa-essentials-fleece-3-stripes-femme\/\" \/>\n<meta property=\"og:site_name\" content=\"MioMioRun\" \/>\n<meta property=\"article:publisher\" content=\"https:\/\/www.facebook.com\/miomiorun\/\" \/>\n<meta property=\"article:modified_time\" content=\"2026-05-09T08:19:03+00:00\" \/>\n<meta property=\"og:image\" content=\"https:\/\/www.miomiorun.com\/app\/uploads\/2025\/11\/adidas-W-3S-FL-SWT-GREYH-WHITE-JE1295.webp\" \/>\n\t<meta property=\"og:image:width\" content=\"720\" \/>\n\t<meta property=\"og:image:height\" content=\"720\" \/>\n\t<meta property=\"og:image:type\" content=\"image\/webp\" \/>\n<meta name=\"twitter:card\" content=\"summary_large_image\" \/>\n<script type=\"application\/ld+json\" class=\"yoast-schema-graph\">{\"@context\":\"https:\/\/schema.org\",\"@graph\":[{\"@type\":\"WebPage\",\"@id\":\"https:\/\/www.miomiorun.com\/fr\/produit\/felpa-essentials-fleece-3-stripes-femme\/\",\"url\":\"https:\/\/www.miomiorun.com\/fr\/produit\/felpa-essentials-fleece-3-stripes-femme\/\",\"name\":\"Adidas Felpa Essentials Fleece 3-Stripes femme - Sweat \u00e0 col rond- MioMioRun\",\"isPartOf\":{\"@id\":\"https:\/\/www.miomiorun.com\/fr\/#website\"},\"primaryImageOfPage\":{\"@id\":\"https:\/\/www.miomiorun.com\/fr\/produit\/felpa-essentials-fleece-3-stripes-femme\/#primaryimage\"},\"image\":{\"@id\":\"https:\/\/www.miomiorun.com\/fr\/produit\/felpa-essentials-fleece-3-stripes-femme\/#primaryimage\"},\"thumbnailUrl\":\"https:\/\/www.miomiorun.com\/app\/uploads\/2025\/11\/adidas-W-3S-FL-SWT-GREYH-WHITE-JE1295.webp\",\"datePublished\":\"2025-10-31T10:54:53+00:00\",\"dateModified\":\"2026-05-09T08:19:03+00:00\",\"description\":\"Ce sweat \u00e0 col rond adidas 3S FL SWT pour femme \u00e9l\u00e8ve un v\u00eatement embl\u00e9matique \u00e0 de nouveaux sommets en mati\u00e8re de style et de confort. D\u00e9couvrez-le sur notre site !\",\"breadcrumb\":{\"@id\":\"https:\/\/www.miomiorun.com\/fr\/produit\/felpa-essentials-fleece-3-stripes-femme\/#breadcrumb\"},\"inLanguage\":\"fr-FR\",\"potentialAction\":[{\"@type\":\"ReadAction\",\"target\":[\"https:\/\/www.miomiorun.com\/fr\/produit\/felpa-essentials-fleece-3-stripes-femme\/\"]}]},{\"@type\":\"ImageObject\",\"inLanguage\":\"fr-FR\",\"@id\":\"https:\/\/www.miomiorun.com\/fr\/produit\/felpa-essentials-fleece-3-stripes-femme\/#primaryimage\",\"url\":\"https:\/\/www.miomiorun.com\/app\/uploads\/2025\/11\/adidas-W-3S-FL-SWT-GREYH-WHITE-JE1295.webp\",\"contentUrl\":\"https:\/\/www.miomiorun.com\/app\/uploads\/2025\/11\/adidas-W-3S-FL-SWT-GREYH-WHITE-JE1295.webp\",\"width\":720,\"height\":720,\"caption\":\"adidas W 3S FL SWT GREYH WHITE JE1295\"},{\"@type\":\"BreadcrumbList\",\"@id\":\"https:\/\/www.miomiorun.com\/fr\/produit\/felpa-essentials-fleece-3-stripes-femme\/#breadcrumb\",\"itemListElement\":[{\"@type\":\"ListItem\",\"position\":1,\"name\":\"Home\",\"item\":\"https:\/\/www.miomiorun.com\/fr\/home-page\/\"},{\"@type\":\"ListItem\",\"position\":2,\"name\":\"Shop\",\"item\":\"https:\/\/www.miomiorun.com\/shop\/\"},{\"@type\":\"ListItem\",\"position\":3,\"name\":\"Felpa Essentials Fleece 3-Stripes femme\"}]},{\"@type\":\"WebSite\",\"@id\":\"https:\/\/www.miomiorun.com\/fr\/#website\",\"url\":\"https:\/\/www.miomiorun.com\/fr\/\",\"name\":\"MioMioRun\",\"description\":\"Boutique 100% running et trail\",\"publisher\":{\"@id\":\"https:\/\/www.miomiorun.com\/fr\/#organization\"},\"potentialAction\":[{\"@type\":\"SearchAction\",\"target\":{\"@type\":\"EntryPoint\",\"urlTemplate\":\"https:\/\/www.miomiorun.com\/fr\/?s={search_term_string}\"},\"query-input\":{\"@type\":\"PropertyValueSpecification\",\"valueRequired\":true,\"valueName\":\"search_term_string\"}}],\"inLanguage\":\"fr-FR\"},{\"@type\":\"Organization\",\"@id\":\"https:\/\/www.miomiorun.com\/fr\/#organization\",\"name\":\"MioMio Run\",\"url\":\"https:\/\/www.miomiorun.com\/fr\/\",\"logo\":{\"@type\":\"ImageObject\",\"inLanguage\":\"fr-FR\",\"@id\":\"https:\/\/www.miomiorun.com\/fr\/#\/schema\/logo\/image\/\",\"url\":\"https:\/\/www.miomiorun.com\/app\/uploads\/2019\/12\/logomio.png\",\"contentUrl\":\"https:\/\/www.miomiorun.com\/app\/uploads\/2019\/12\/logomio.png\",\"width\":115,\"height\":82,\"caption\":\"MioMio Run\"},\"image\":{\"@id\":\"https:\/\/www.miomiorun.com\/fr\/#\/schema\/logo\/image\/\"},\"sameAs\":[\"https:\/\/www.facebook.com\/miomiorun\/\",\"https:\/\/www.instagram.com\/miomiorun\/\"]}]}<\/script>\n<!-- \/ Yoast SEO plugin. -->","yoast_head_json":{"title":"Adidas Felpa Essentials Fleece 3-Stripes femme - Sweat \u00e0 col rond- MioMioRun","description":"Ce sweat \u00e0 col rond adidas 3S FL SWT pour femme \u00e9l\u00e8ve un v\u00eatement embl\u00e9matique \u00e0 de nouveaux sommets en mati\u00e8re de style et de confort. D\u00e9couvrez-le sur notre site !","robots":{"index":"index","follow":"follow","max-snippet":"max-snippet:-1","max-image-preview":"max-image-preview:large","max-video-preview":"max-video-preview:-1"},"canonical":"https:\/\/www.miomiorun.com\/fr\/produit\/felpa-essentials-fleece-3-stripes-femme\/","og_locale":"fr_FR","og_type":"article","og_title":"Adidas Felpa Essentials Fleece 3-Stripes femme - Sweat \u00e0 col rond- MioMioRun","og_description":"Ce sweat \u00e0 col rond adidas 3S FL SWT pour femme \u00e9l\u00e8ve un v\u00eatement embl\u00e9matique \u00e0 de nouveaux sommets en mati\u00e8re de style et de confort. D\u00e9couvrez-le sur notre site !","og_url":"https:\/\/www.miomiorun.com\/fr\/produit\/felpa-essentials-fleece-3-stripes-femme\/","og_site_name":"MioMioRun","article_publisher":"https:\/\/www.facebook.com\/miomiorun\/","article_modified_time":"2026-05-09T08:19:03+00:00","og_image":[{"width":720,"height":720,"url":"https:\/\/www.miomiorun.com\/app\/uploads\/2025\/11\/adidas-W-3S-FL-SWT-GREYH-WHITE-JE1295.webp","type":"image\/webp"}],"twitter_card":"summary_large_image","schema":{"@context":"https:\/\/schema.org","@graph":[{"@type":"WebPage","@id":"https:\/\/www.miomiorun.com\/fr\/produit\/felpa-essentials-fleece-3-stripes-femme\/","url":"https:\/\/www.miomiorun.com\/fr\/produit\/felpa-essentials-fleece-3-stripes-femme\/","name":"Adidas Felpa Essentials Fleece 3-Stripes femme - Sweat \u00e0 col rond- MioMioRun","isPartOf":{"@id":"https:\/\/www.miomiorun.com\/fr\/#website"},"primaryImageOfPage":{"@id":"https:\/\/www.miomiorun.com\/fr\/produit\/felpa-essentials-fleece-3-stripes-femme\/#primaryimage"},"image":{"@id":"https:\/\/www.miomiorun.com\/fr\/produit\/felpa-essentials-fleece-3-stripes-femme\/#primaryimage"},"thumbnailUrl":"https:\/\/www.miomiorun.com\/app\/uploads\/2025\/11\/adidas-W-3S-FL-SWT-GREYH-WHITE-JE1295.webp","datePublished":"2025-10-31T10:54:53+00:00","dateModified":"2026-05-09T08:19:03+00:00","description":"Ce sweat \u00e0 col rond adidas 3S FL SWT pour femme \u00e9l\u00e8ve un v\u00eatement embl\u00e9matique \u00e0 de nouveaux sommets en mati\u00e8re de style et de confort. D\u00e9couvrez-le sur notre site !","breadcrumb":{"@id":"https:\/\/www.miomiorun.com\/fr\/produit\/felpa-essentials-fleece-3-stripes-femme\/#breadcrumb"},"inLanguage":"fr-FR","potentialAction":[{"@type":"ReadAction","target":["https:\/\/www.miomiorun.com\/fr\/produit\/felpa-essentials-fleece-3-stripes-femme\/"]}]},{"@type":"ImageObject","inLanguage":"fr-FR","@id":"https:\/\/www.miomiorun.com\/fr\/produit\/felpa-essentials-fleece-3-stripes-femme\/#primaryimage","url":"https:\/\/www.miomiorun.com\/app\/uploads\/2025\/11\/adidas-W-3S-FL-SWT-GREYH-WHITE-JE1295.webp","contentUrl":"https:\/\/www.miomiorun.com\/app\/uploads\/2025\/11\/adidas-W-3S-FL-SWT-GREYH-WHITE-JE1295.webp","width":720,"height":720,"caption":"adidas W 3S FL SWT GREYH WHITE JE1295"},{"@type":"BreadcrumbList","@id":"https:\/\/www.miomiorun.com\/fr\/produit\/felpa-essentials-fleece-3-stripes-femme\/#breadcrumb","itemListElement":[{"@type":"ListItem","position":1,"name":"Home","item":"https:\/\/www.miomiorun.com\/fr\/home-page\/"},{"@type":"ListItem","position":2,"name":"Shop","item":"https:\/\/www.miomiorun.com\/shop\/"},{"@type":"ListItem","position":3,"name":"Felpa Essentials Fleece 3-Stripes femme"}]},{"@type":"WebSite","@id":"https:\/\/www.miomiorun.com\/fr\/#website","url":"https:\/\/www.miomiorun.com\/fr\/","name":"MioMioRun","description":"Boutique 100% running et trail","publisher":{"@id":"https:\/\/www.miomiorun.com\/fr\/#organization"},"potentialAction":[{"@type":"SearchAction","target":{"@type":"EntryPoint","urlTemplate":"https:\/\/www.miomiorun.com\/fr\/?s={search_term_string}"},"query-input":{"@type":"PropertyValueSpecification","valueRequired":true,"valueName":"search_term_string"}}],"inLanguage":"fr-FR"},{"@type":"Organization","@id":"https:\/\/www.miomiorun.com\/fr\/#organization","name":"MioMio Run","url":"https:\/\/www.miomiorun.com\/fr\/","logo":{"@type":"ImageObject","inLanguage":"fr-FR","@id":"https:\/\/www.miomiorun.com\/fr\/#\/schema\/logo\/image\/","url":"https:\/\/www.miomiorun.com\/app\/uploads\/2019\/12\/logomio.png","contentUrl":"https:\/\/www.miomiorun.com\/app\/uploads\/2019\/12\/logomio.png","width":115,"height":82,"caption":"MioMio Run"},"image":{"@id":"https:\/\/www.miomiorun.com\/fr\/#\/schema\/logo\/image\/"},"sameAs":["https:\/\/www.facebook.com\/miomiorun\/","https:\/\/www.instagram.com\/miomiorun\/"]}]}},"_links":{"self":[{"href":"https:\/\/www.miomiorun.com\/fr\/wp-json\/wp\/v2\/product\/365384","targetHints":{"allow":["GET"]}}],"collection":[{"href":"https:\/\/www.miomiorun.com\/fr\/wp-json\/wp\/v2\/product"}],"about":[{"href":"https:\/\/www.miomiorun.com\/fr\/wp-json\/wp\/v2\/types\/product"}],"wp:featuredmedia":[{"embeddable":true,"href":"https:\/\/www.miomiorun.com\/fr\/wp-json\/wp\/v2\/media\/367016"}],"wp:attachment":[{"href":"https:\/\/www.miomiorun.com\/fr\/wp-json\/wp\/v2\/media?parent=365384"}],"wp:term":[{"taxonomy":"product_brand","embeddable":true,"href":"https:\/\/www.miomiorun.com\/fr\/wp-json\/wp\/v2\/product_brand?post=365384"},{"taxonomy":"product_cat","embeddable":true,"href":"https:\/\/www.miomiorun.com\/fr\/wp-json\/wp\/v2\/product_cat?post=365384"},{"taxonomy":"product_tag","embeddable":true,"href":"https:\/\/www.miomiorun.com\/fr\/wp-json\/wp\/v2\/product_tag?post=365384"}],"curies":[{"name":"wp","href":"https:\/\/api.w.org\/{rel}","templated":true}]}}