{"id":365211,"date":"2025-10-31T09:54:11","date_gmt":"2025-10-31T08:54:11","guid":{"rendered":"https:\/\/www.miomiorun.com\/?post_type=product&#038;p=365211"},"modified":"2026-04-17T10:28:20","modified_gmt":"2026-04-17T08:28:20","slug":"soft-flask-500-ml-ultra","status":"publish","type":"product","link":"https:\/\/www.miomiorun.com\/fr\/produit\/soft-flask-500-ml-ultra\/","title":{"rendered":"Soft Flask 500 ml ultra"},"content":{"rendered":"<p>La SOFT FLASK 500 ml\/17 oz ULTRA 42 b\u00e9n\u00e9ficie d&#8217;un design anatomique con\u00e7u pour s&#8217;adapter confortablement au corps. Avec ses lignes douces du bouchon au fond, cette gourde de 500 ml se glisse facilement dans la poche d&#8217;un sac \u00e0 dos, d&#8217;un gilet ou d&#8217;une ceinture de course. Pour s&#8217;hydrater facilement pendant l&#8217;effort.<\/p>\n<h3>Caract\u00e9ristiques :<\/h3>\n<div class=\"pdp-gap-m\">\n<p class=\"pdp-sidebar-popin-details_subtitle\">HYDRATATION<\/p>\n<ul>\n<li>Valve \u00e0 haut d\u00e9bit<\/li>\n<li>Large ouverture de 42 mm<\/li>\n<li>Coutures soud\u00e9es en TPU et par radiofr\u00e9quence<\/li>\n<li>Large plage de temp\u00e9ratures d&#8217;utilisation<\/li>\n<\/ul>\n<\/div>\n<div class=\"pdp-gap-m\">\n<p class=\"pdp-sidebar-popin-details_subtitle\">DURABILIT\u00c9<\/p>\n<ul>\n<li>100 % sans BPA ni PVC<\/li>\n<li>Sans PFC<\/li>\n<\/ul>\n<\/div>\n<p>&nbsp;<\/p>\n<p>&nbsp;<\/p>\n<p>&nbsp;<\/p>\n","protected":false},"excerpt":{"rendered":"<ul>\n<li>Gourde compressible pouvant contenir jusqu&#8217;\u00e0 500 ml de liquide.<\/li>\n<li>Id\u00e9ale pour s&#8217;hydrater pendant les trails.<\/li>\n<\/ul>\n","protected":false},"featured_media":365215,"template":"","meta":{"_acf_changed":false,"inline_featured_image":false},"product_brand":[],"product_cat":[22575,22574,22538],"product_tag":[23581],"class_list":{"0":"post-365211","1":"product","2":"type-product","3":"status-publish","4":"has-post-thumbnail","6":"product_cat-flacons","7":"product_cat-hydratation","8":"product_cat-accessoires","9":"product_tag-salomon-fr","10":"pa_attivita-outdoor-fr","11":"pa_attivita-trail-fr","12":"pa_marca-salomon-fr","13":"pa_sesso-femme","14":"pa_sesso-homme","16":"first","17":"instock","18":"sale","19":"taxable","20":"shipping-taxable","21":"purchasable","22":"product-type-simple"},"acf":[],"yoast_head":"<!-- This site is optimized with the Yoast SEO plugin v26.8 - https:\/\/yoast.com\/product\/yoast-seo-wordpress\/ -->\n<title>SalomonSoft Flask 500 ml ultra - Bouteille d&#039;eau pour le running- MioMioRun<\/title>\n<meta name=\"description\" content=\"La SOFT FLASK 500 ml ULTRA b\u00e9n\u00e9ficie d&#039;un design anatomique con\u00e7u pour s&#039;adapter au corps. Avec ses lignes douces du bouchon au fond, elle se glisse facilement dans un sac \u00e0 dos.\" \/>\n<meta name=\"robots\" content=\"index, follow, max-snippet:-1, max-image-preview:large, max-video-preview:-1\" \/>\n<link rel=\"canonical\" href=\"https:\/\/www.miomiorun.com\/fr\/produit\/soft-flask-500-ml-ultra\/\" \/>\n<meta property=\"og:locale\" content=\"fr_FR\" \/>\n<meta property=\"og:type\" content=\"article\" \/>\n<meta property=\"og:title\" content=\"SalomonSoft Flask 500 ml ultra - Bouteille d&#039;eau pour le running- MioMioRun\" \/>\n<meta property=\"og:description\" content=\"La SOFT FLASK 500 ml ULTRA b\u00e9n\u00e9ficie d&#039;un design anatomique con\u00e7u pour s&#039;adapter au corps. Avec ses lignes douces du bouchon au fond, elle se glisse facilement dans un sac \u00e0 dos.\" \/>\n<meta property=\"og:url\" content=\"https:\/\/www.miomiorun.com\/fr\/produit\/soft-flask-500-ml-ultra\/\" \/>\n<meta property=\"og:site_name\" content=\"MioMioRun\" \/>\n<meta property=\"article:publisher\" content=\"https:\/\/www.facebook.com\/miomiorun\/\" \/>\n<meta property=\"article:modified_time\" content=\"2026-04-17T08:28:20+00:00\" \/>\n<meta property=\"og:image\" content=\"https:\/\/www.miomiorun.com\/app\/uploads\/2025\/10\/salomon-Soft-flask-500ml-clear-blue-LC2337700.webp\" \/>\n\t<meta property=\"og:image:width\" content=\"720\" \/>\n\t<meta property=\"og:image:height\" content=\"720\" \/>\n\t<meta property=\"og:image:type\" content=\"image\/webp\" \/>\n<meta name=\"twitter:card\" content=\"summary_large_image\" \/>\n<script type=\"application\/ld+json\" class=\"yoast-schema-graph\">{\"@context\":\"https:\/\/schema.org\",\"@graph\":[{\"@type\":\"WebPage\",\"@id\":\"https:\/\/www.miomiorun.com\/fr\/produit\/soft-flask-500-ml-ultra\/\",\"url\":\"https:\/\/www.miomiorun.com\/fr\/produit\/soft-flask-500-ml-ultra\/\",\"name\":\"SalomonSoft Flask 500 ml ultra - Bouteille d'eau pour le running- MioMioRun\",\"isPartOf\":{\"@id\":\"https:\/\/www.miomiorun.com\/fr\/#website\"},\"primaryImageOfPage\":{\"@id\":\"https:\/\/www.miomiorun.com\/fr\/produit\/soft-flask-500-ml-ultra\/#primaryimage\"},\"image\":{\"@id\":\"https:\/\/www.miomiorun.com\/fr\/produit\/soft-flask-500-ml-ultra\/#primaryimage\"},\"thumbnailUrl\":\"https:\/\/www.miomiorun.com\/app\/uploads\/2025\/10\/salomon-Soft-flask-500ml-clear-blue-LC2337700.webp\",\"datePublished\":\"2025-10-31T08:54:11+00:00\",\"dateModified\":\"2026-04-17T08:28:20+00:00\",\"description\":\"La SOFT FLASK 500 ml ULTRA b\u00e9n\u00e9ficie d'un design anatomique con\u00e7u pour s'adapter au corps. Avec ses lignes douces du bouchon au fond, elle se glisse facilement dans un sac \u00e0 dos.\",\"breadcrumb\":{\"@id\":\"https:\/\/www.miomiorun.com\/fr\/produit\/soft-flask-500-ml-ultra\/#breadcrumb\"},\"inLanguage\":\"fr-FR\",\"potentialAction\":[{\"@type\":\"ReadAction\",\"target\":[\"https:\/\/www.miomiorun.com\/fr\/produit\/soft-flask-500-ml-ultra\/\"]}]},{\"@type\":\"ImageObject\",\"inLanguage\":\"fr-FR\",\"@id\":\"https:\/\/www.miomiorun.com\/fr\/produit\/soft-flask-500-ml-ultra\/#primaryimage\",\"url\":\"https:\/\/www.miomiorun.com\/app\/uploads\/2025\/10\/salomon-Soft-flask-500ml-clear-blue-LC2337700.webp\",\"contentUrl\":\"https:\/\/www.miomiorun.com\/app\/uploads\/2025\/10\/salomon-Soft-flask-500ml-clear-blue-LC2337700.webp\",\"width\":720,\"height\":720,\"caption\":\"salomon Soft flask 500ml clear blue LC2337700\"},{\"@type\":\"BreadcrumbList\",\"@id\":\"https:\/\/www.miomiorun.com\/fr\/produit\/soft-flask-500-ml-ultra\/#breadcrumb\",\"itemListElement\":[{\"@type\":\"ListItem\",\"position\":1,\"name\":\"Home\",\"item\":\"https:\/\/www.miomiorun.com\/fr\/home-page\/\"},{\"@type\":\"ListItem\",\"position\":2,\"name\":\"Shop\",\"item\":\"https:\/\/www.miomiorun.com\/shop\/\"},{\"@type\":\"ListItem\",\"position\":3,\"name\":\"Soft Flask 500 ml ultra\"}]},{\"@type\":\"WebSite\",\"@id\":\"https:\/\/www.miomiorun.com\/fr\/#website\",\"url\":\"https:\/\/www.miomiorun.com\/fr\/\",\"name\":\"MioMioRun\",\"description\":\"Boutique 100% running et trail\",\"publisher\":{\"@id\":\"https:\/\/www.miomiorun.com\/fr\/#organization\"},\"potentialAction\":[{\"@type\":\"SearchAction\",\"target\":{\"@type\":\"EntryPoint\",\"urlTemplate\":\"https:\/\/www.miomiorun.com\/fr\/?s={search_term_string}\"},\"query-input\":{\"@type\":\"PropertyValueSpecification\",\"valueRequired\":true,\"valueName\":\"search_term_string\"}}],\"inLanguage\":\"fr-FR\"},{\"@type\":\"Organization\",\"@id\":\"https:\/\/www.miomiorun.com\/fr\/#organization\",\"name\":\"MioMio Run\",\"url\":\"https:\/\/www.miomiorun.com\/fr\/\",\"logo\":{\"@type\":\"ImageObject\",\"inLanguage\":\"fr-FR\",\"@id\":\"https:\/\/www.miomiorun.com\/fr\/#\/schema\/logo\/image\/\",\"url\":\"https:\/\/www.miomiorun.com\/app\/uploads\/2019\/12\/logomio.png\",\"contentUrl\":\"https:\/\/www.miomiorun.com\/app\/uploads\/2019\/12\/logomio.png\",\"width\":115,\"height\":82,\"caption\":\"MioMio Run\"},\"image\":{\"@id\":\"https:\/\/www.miomiorun.com\/fr\/#\/schema\/logo\/image\/\"},\"sameAs\":[\"https:\/\/www.facebook.com\/miomiorun\/\",\"https:\/\/www.instagram.com\/miomiorun\/\"]}]}<\/script>\n<!-- \/ Yoast SEO plugin. -->","yoast_head_json":{"title":"SalomonSoft Flask 500 ml ultra - Bouteille d'eau pour le running- MioMioRun","description":"La SOFT FLASK 500 ml ULTRA b\u00e9n\u00e9ficie d'un design anatomique con\u00e7u pour s'adapter au corps. Avec ses lignes douces du bouchon au fond, elle se glisse facilement dans un sac \u00e0 dos.","robots":{"index":"index","follow":"follow","max-snippet":"max-snippet:-1","max-image-preview":"max-image-preview:large","max-video-preview":"max-video-preview:-1"},"canonical":"https:\/\/www.miomiorun.com\/fr\/produit\/soft-flask-500-ml-ultra\/","og_locale":"fr_FR","og_type":"article","og_title":"SalomonSoft Flask 500 ml ultra - Bouteille d'eau pour le running- MioMioRun","og_description":"La SOFT FLASK 500 ml ULTRA b\u00e9n\u00e9ficie d'un design anatomique con\u00e7u pour s'adapter au corps. Avec ses lignes douces du bouchon au fond, elle se glisse facilement dans un sac \u00e0 dos.","og_url":"https:\/\/www.miomiorun.com\/fr\/produit\/soft-flask-500-ml-ultra\/","og_site_name":"MioMioRun","article_publisher":"https:\/\/www.facebook.com\/miomiorun\/","article_modified_time":"2026-04-17T08:28:20+00:00","og_image":[{"width":720,"height":720,"url":"https:\/\/www.miomiorun.com\/app\/uploads\/2025\/10\/salomon-Soft-flask-500ml-clear-blue-LC2337700.webp","type":"image\/webp"}],"twitter_card":"summary_large_image","schema":{"@context":"https:\/\/schema.org","@graph":[{"@type":"WebPage","@id":"https:\/\/www.miomiorun.com\/fr\/produit\/soft-flask-500-ml-ultra\/","url":"https:\/\/www.miomiorun.com\/fr\/produit\/soft-flask-500-ml-ultra\/","name":"SalomonSoft Flask 500 ml ultra - Bouteille d'eau pour le running- MioMioRun","isPartOf":{"@id":"https:\/\/www.miomiorun.com\/fr\/#website"},"primaryImageOfPage":{"@id":"https:\/\/www.miomiorun.com\/fr\/produit\/soft-flask-500-ml-ultra\/#primaryimage"},"image":{"@id":"https:\/\/www.miomiorun.com\/fr\/produit\/soft-flask-500-ml-ultra\/#primaryimage"},"thumbnailUrl":"https:\/\/www.miomiorun.com\/app\/uploads\/2025\/10\/salomon-Soft-flask-500ml-clear-blue-LC2337700.webp","datePublished":"2025-10-31T08:54:11+00:00","dateModified":"2026-04-17T08:28:20+00:00","description":"La SOFT FLASK 500 ml ULTRA b\u00e9n\u00e9ficie d'un design anatomique con\u00e7u pour s'adapter au corps. Avec ses lignes douces du bouchon au fond, elle se glisse facilement dans un sac \u00e0 dos.","breadcrumb":{"@id":"https:\/\/www.miomiorun.com\/fr\/produit\/soft-flask-500-ml-ultra\/#breadcrumb"},"inLanguage":"fr-FR","potentialAction":[{"@type":"ReadAction","target":["https:\/\/www.miomiorun.com\/fr\/produit\/soft-flask-500-ml-ultra\/"]}]},{"@type":"ImageObject","inLanguage":"fr-FR","@id":"https:\/\/www.miomiorun.com\/fr\/produit\/soft-flask-500-ml-ultra\/#primaryimage","url":"https:\/\/www.miomiorun.com\/app\/uploads\/2025\/10\/salomon-Soft-flask-500ml-clear-blue-LC2337700.webp","contentUrl":"https:\/\/www.miomiorun.com\/app\/uploads\/2025\/10\/salomon-Soft-flask-500ml-clear-blue-LC2337700.webp","width":720,"height":720,"caption":"salomon Soft flask 500ml clear blue LC2337700"},{"@type":"BreadcrumbList","@id":"https:\/\/www.miomiorun.com\/fr\/produit\/soft-flask-500-ml-ultra\/#breadcrumb","itemListElement":[{"@type":"ListItem","position":1,"name":"Home","item":"https:\/\/www.miomiorun.com\/fr\/home-page\/"},{"@type":"ListItem","position":2,"name":"Shop","item":"https:\/\/www.miomiorun.com\/shop\/"},{"@type":"ListItem","position":3,"name":"Soft Flask 500 ml ultra"}]},{"@type":"WebSite","@id":"https:\/\/www.miomiorun.com\/fr\/#website","url":"https:\/\/www.miomiorun.com\/fr\/","name":"MioMioRun","description":"Boutique 100% running et trail","publisher":{"@id":"https:\/\/www.miomiorun.com\/fr\/#organization"},"potentialAction":[{"@type":"SearchAction","target":{"@type":"EntryPoint","urlTemplate":"https:\/\/www.miomiorun.com\/fr\/?s={search_term_string}"},"query-input":{"@type":"PropertyValueSpecification","valueRequired":true,"valueName":"search_term_string"}}],"inLanguage":"fr-FR"},{"@type":"Organization","@id":"https:\/\/www.miomiorun.com\/fr\/#organization","name":"MioMio Run","url":"https:\/\/www.miomiorun.com\/fr\/","logo":{"@type":"ImageObject","inLanguage":"fr-FR","@id":"https:\/\/www.miomiorun.com\/fr\/#\/schema\/logo\/image\/","url":"https:\/\/www.miomiorun.com\/app\/uploads\/2019\/12\/logomio.png","contentUrl":"https:\/\/www.miomiorun.com\/app\/uploads\/2019\/12\/logomio.png","width":115,"height":82,"caption":"MioMio Run"},"image":{"@id":"https:\/\/www.miomiorun.com\/fr\/#\/schema\/logo\/image\/"},"sameAs":["https:\/\/www.facebook.com\/miomiorun\/","https:\/\/www.instagram.com\/miomiorun\/"]}]}},"_links":{"self":[{"href":"https:\/\/www.miomiorun.com\/fr\/wp-json\/wp\/v2\/product\/365211","targetHints":{"allow":["GET"]}}],"collection":[{"href":"https:\/\/www.miomiorun.com\/fr\/wp-json\/wp\/v2\/product"}],"about":[{"href":"https:\/\/www.miomiorun.com\/fr\/wp-json\/wp\/v2\/types\/product"}],"wp:featuredmedia":[{"embeddable":true,"href":"https:\/\/www.miomiorun.com\/fr\/wp-json\/wp\/v2\/media\/365215"}],"wp:attachment":[{"href":"https:\/\/www.miomiorun.com\/fr\/wp-json\/wp\/v2\/media?parent=365211"}],"wp:term":[{"taxonomy":"product_brand","embeddable":true,"href":"https:\/\/www.miomiorun.com\/fr\/wp-json\/wp\/v2\/product_brand?post=365211"},{"taxonomy":"product_cat","embeddable":true,"href":"https:\/\/www.miomiorun.com\/fr\/wp-json\/wp\/v2\/product_cat?post=365211"},{"taxonomy":"product_tag","embeddable":true,"href":"https:\/\/www.miomiorun.com\/fr\/wp-json\/wp\/v2\/product_tag?post=365211"}],"curies":[{"name":"wp","href":"https:\/\/api.w.org\/{rel}","templated":true}]}}