{"id":364830,"date":"2025-10-29T19:22:41","date_gmt":"2025-10-29T18:22:41","guid":{"rendered":"https:\/\/www.miomiorun.com\/?post_type=product&#038;p=364830"},"modified":"2026-04-17T10:31:23","modified_gmt":"2026-04-17T08:31:23","slug":"z-n-e-bb-tee-femme","status":"publish","type":"product","link":"https:\/\/www.miomiorun.com\/fr\/produit\/z-n-e-bb-tee-femme\/","title":{"rendered":"Z.N.E. BB TEE femme"},"content":{"rendered":"<p>Con\u00e7ue pour offrir confort et performance \u00e0 tout moment de la journ\u00e9e, cette T-shirt adidas allie style sportif et technologie avanc\u00e9e. Le tissu technique <strong data-start=\"367\" data-end=\"380\">CLIMACOOL<\/strong> garantit une gestion optimale de l&#8217;humidit\u00e9, gardant le corps frais et sec m\u00eame pendant les entra\u00eenements les plus intenses. Les fibres \u00e0 s\u00e9chage rapide favorisent la ventilation, tandis que la coupe r\u00e9guli\u00e8re et le design minimaliste assurent libert\u00e9 de mouvement et polyvalence. Le logo avec <strong data-start=\"677\" data-end=\"715\">3 bandes imprim\u00e9es en caoutchouc mat<\/strong> ajoute une touche distinctive \u00e0 ce look essentiel, parfait \u00e0 associer avec un pantalon de jogging ou un short de sport.<\/p>\n","protected":false},"excerpt":{"rendered":"<ul>\n<li data-start=\"844\" data-end=\"916\">\n<p data-start=\"846\" data-end=\"916\">Technologie <strong data-start=\"857\" data-end=\"870\">CLIMACOOL<\/strong> pour la respirabilit\u00e9 et le contr\u00f4le de l&#8217;humidit\u00e9<\/p>\n<\/li>\n<li data-start=\"917\" data-end=\"973\">\n<p data-start=\"919\" data-end=\"973\">Tissu \u00e0 s\u00e9chage rapide pour un confort constant<\/p>\n<\/li>\n<li data-start=\"974\" data-end=\"1027\">\n<p data-start=\"976\" data-end=\"1027\">Design sportif avec logo 3 bandes en caoutchouc mat<\/p>\n<\/li>\n<\/ul>\n","protected":false},"featured_media":366993,"template":"","meta":{"_acf_changed":false,"inline_featured_image":false},"product_brand":[],"product_cat":[22604,22596],"product_tag":[23557,23563],"class_list":{"0":"post-364830","1":"product","2":"type-product","3":"status-publish","4":"has-post-thumbnail","6":"product_cat-t-shirt","7":"product_cat-vetements-pour-femmes","8":"product_tag-adidas-fr","9":"product_tag-adidas-femme","10":"pa_attivita-lifestyle-fr","11":"pa_colore-w-z-n-e-bb-tee-white-fr","12":"pa_marca-adidas-fr","13":"pa_sesso-femme","14":"pa_size-extra-small-fr","16":"first","17":"instock","18":"sale","19":"taxable","20":"shipping-taxable","21":"purchasable","22":"product-type-variable","23":"wvs-archive-product-wrapper"},"acf":[],"yoast_head":"<!-- This site is optimized with the Yoast SEO plugin v26.8 - https:\/\/yoast.com\/product\/yoast-seo-wordpress\/ -->\n<title>Adidas Z.N.E. BB TEE femme - T-Shirt Casual- MioMioRun<\/title>\n<meta name=\"description\" content=\"T-shirt adidas CLIMACOOL : respirant, l\u00e9ger et \u00e0 s\u00e9chage rapide. Confort et style sportif pour rester toujours fra\u00eeche et concentr\u00e9e.\" \/>\n<meta name=\"robots\" content=\"index, follow, max-snippet:-1, max-image-preview:large, max-video-preview:-1\" \/>\n<link rel=\"canonical\" href=\"https:\/\/www.miomiorun.com\/fr\/produit\/z-n-e-bb-tee-femme\/\" \/>\n<meta property=\"og:locale\" content=\"fr_FR\" \/>\n<meta property=\"og:type\" content=\"article\" \/>\n<meta property=\"og:title\" content=\"Adidas Z.N.E. BB TEE femme - T-Shirt Casual- MioMioRun\" \/>\n<meta property=\"og:description\" content=\"T-shirt adidas CLIMACOOL : respirant, l\u00e9ger et \u00e0 s\u00e9chage rapide. Confort et style sportif pour rester toujours fra\u00eeche et concentr\u00e9e.\" \/>\n<meta property=\"og:url\" content=\"https:\/\/www.miomiorun.com\/fr\/produit\/z-n-e-bb-tee-femme\/\" \/>\n<meta property=\"og:site_name\" content=\"MioMioRun\" \/>\n<meta property=\"article:publisher\" content=\"https:\/\/www.facebook.com\/miomiorun\/\" \/>\n<meta property=\"article:modified_time\" content=\"2026-04-17T08:31:23+00:00\" \/>\n<meta property=\"og:image\" content=\"https:\/\/www.miomiorun.com\/app\/uploads\/2025\/11\/adidas-W-Z.N.E.-BB-TEE-BLACK-JW7782.webp\" \/>\n\t<meta property=\"og:image:width\" content=\"720\" \/>\n\t<meta property=\"og:image:height\" content=\"720\" \/>\n\t<meta property=\"og:image:type\" content=\"image\/webp\" \/>\n<meta name=\"twitter:card\" content=\"summary_large_image\" \/>\n<meta name=\"twitter:label1\" content=\"Est. reading time\" \/>\n\t<meta name=\"twitter:data1\" content=\"1 minute\" \/>\n<script type=\"application\/ld+json\" class=\"yoast-schema-graph\">{\"@context\":\"https:\/\/schema.org\",\"@graph\":[{\"@type\":\"WebPage\",\"@id\":\"https:\/\/www.miomiorun.com\/fr\/produit\/z-n-e-bb-tee-femme\/\",\"url\":\"https:\/\/www.miomiorun.com\/fr\/produit\/z-n-e-bb-tee-femme\/\",\"name\":\"Adidas Z.N.E. BB TEE femme - T-Shirt Casual- MioMioRun\",\"isPartOf\":{\"@id\":\"https:\/\/www.miomiorun.com\/fr\/#website\"},\"primaryImageOfPage\":{\"@id\":\"https:\/\/www.miomiorun.com\/fr\/produit\/z-n-e-bb-tee-femme\/#primaryimage\"},\"image\":{\"@id\":\"https:\/\/www.miomiorun.com\/fr\/produit\/z-n-e-bb-tee-femme\/#primaryimage\"},\"thumbnailUrl\":\"https:\/\/www.miomiorun.com\/app\/uploads\/2025\/11\/adidas-W-Z.N.E.-BB-TEE-BLACK-JW7782.webp\",\"datePublished\":\"2025-10-29T18:22:41+00:00\",\"dateModified\":\"2026-04-17T08:31:23+00:00\",\"description\":\"T-shirt adidas CLIMACOOL : respirant, l\u00e9ger et \u00e0 s\u00e9chage rapide. Confort et style sportif pour rester toujours fra\u00eeche et concentr\u00e9e.\",\"breadcrumb\":{\"@id\":\"https:\/\/www.miomiorun.com\/fr\/produit\/z-n-e-bb-tee-femme\/#breadcrumb\"},\"inLanguage\":\"fr-FR\",\"potentialAction\":[{\"@type\":\"ReadAction\",\"target\":[\"https:\/\/www.miomiorun.com\/fr\/produit\/z-n-e-bb-tee-femme\/\"]}]},{\"@type\":\"ImageObject\",\"inLanguage\":\"fr-FR\",\"@id\":\"https:\/\/www.miomiorun.com\/fr\/produit\/z-n-e-bb-tee-femme\/#primaryimage\",\"url\":\"https:\/\/www.miomiorun.com\/app\/uploads\/2025\/11\/adidas-W-Z.N.E.-BB-TEE-BLACK-JW7782.webp\",\"contentUrl\":\"https:\/\/www.miomiorun.com\/app\/uploads\/2025\/11\/adidas-W-Z.N.E.-BB-TEE-BLACK-JW7782.webp\",\"width\":720,\"height\":720,\"caption\":\"adidas W Z.N.E. BB TEE BLACK JW7782\"},{\"@type\":\"BreadcrumbList\",\"@id\":\"https:\/\/www.miomiorun.com\/fr\/produit\/z-n-e-bb-tee-femme\/#breadcrumb\",\"itemListElement\":[{\"@type\":\"ListItem\",\"position\":1,\"name\":\"Home\",\"item\":\"https:\/\/www.miomiorun.com\/fr\/home-page\/\"},{\"@type\":\"ListItem\",\"position\":2,\"name\":\"Shop\",\"item\":\"https:\/\/www.miomiorun.com\/shop\/\"},{\"@type\":\"ListItem\",\"position\":3,\"name\":\"Z.N.E. BB TEE femme\"}]},{\"@type\":\"WebSite\",\"@id\":\"https:\/\/www.miomiorun.com\/fr\/#website\",\"url\":\"https:\/\/www.miomiorun.com\/fr\/\",\"name\":\"MioMioRun\",\"description\":\"Boutique 100% running et trail\",\"publisher\":{\"@id\":\"https:\/\/www.miomiorun.com\/fr\/#organization\"},\"potentialAction\":[{\"@type\":\"SearchAction\",\"target\":{\"@type\":\"EntryPoint\",\"urlTemplate\":\"https:\/\/www.miomiorun.com\/fr\/?s={search_term_string}\"},\"query-input\":{\"@type\":\"PropertyValueSpecification\",\"valueRequired\":true,\"valueName\":\"search_term_string\"}}],\"inLanguage\":\"fr-FR\"},{\"@type\":\"Organization\",\"@id\":\"https:\/\/www.miomiorun.com\/fr\/#organization\",\"name\":\"MioMio Run\",\"url\":\"https:\/\/www.miomiorun.com\/fr\/\",\"logo\":{\"@type\":\"ImageObject\",\"inLanguage\":\"fr-FR\",\"@id\":\"https:\/\/www.miomiorun.com\/fr\/#\/schema\/logo\/image\/\",\"url\":\"https:\/\/www.miomiorun.com\/app\/uploads\/2019\/12\/logomio.png\",\"contentUrl\":\"https:\/\/www.miomiorun.com\/app\/uploads\/2019\/12\/logomio.png\",\"width\":115,\"height\":82,\"caption\":\"MioMio Run\"},\"image\":{\"@id\":\"https:\/\/www.miomiorun.com\/fr\/#\/schema\/logo\/image\/\"},\"sameAs\":[\"https:\/\/www.facebook.com\/miomiorun\/\",\"https:\/\/www.instagram.com\/miomiorun\/\"]}]}<\/script>\n<!-- \/ Yoast SEO plugin. -->","yoast_head_json":{"title":"Adidas Z.N.E. BB TEE femme - T-Shirt Casual- MioMioRun","description":"T-shirt adidas CLIMACOOL : respirant, l\u00e9ger et \u00e0 s\u00e9chage rapide. Confort et style sportif pour rester toujours fra\u00eeche et concentr\u00e9e.","robots":{"index":"index","follow":"follow","max-snippet":"max-snippet:-1","max-image-preview":"max-image-preview:large","max-video-preview":"max-video-preview:-1"},"canonical":"https:\/\/www.miomiorun.com\/fr\/produit\/z-n-e-bb-tee-femme\/","og_locale":"fr_FR","og_type":"article","og_title":"Adidas Z.N.E. BB TEE femme - T-Shirt Casual- MioMioRun","og_description":"T-shirt adidas CLIMACOOL : respirant, l\u00e9ger et \u00e0 s\u00e9chage rapide. Confort et style sportif pour rester toujours fra\u00eeche et concentr\u00e9e.","og_url":"https:\/\/www.miomiorun.com\/fr\/produit\/z-n-e-bb-tee-femme\/","og_site_name":"MioMioRun","article_publisher":"https:\/\/www.facebook.com\/miomiorun\/","article_modified_time":"2026-04-17T08:31:23+00:00","og_image":[{"width":720,"height":720,"url":"https:\/\/www.miomiorun.com\/app\/uploads\/2025\/11\/adidas-W-Z.N.E.-BB-TEE-BLACK-JW7782.webp","type":"image\/webp"}],"twitter_card":"summary_large_image","twitter_misc":{"Est. reading time":"1 minute"},"schema":{"@context":"https:\/\/schema.org","@graph":[{"@type":"WebPage","@id":"https:\/\/www.miomiorun.com\/fr\/produit\/z-n-e-bb-tee-femme\/","url":"https:\/\/www.miomiorun.com\/fr\/produit\/z-n-e-bb-tee-femme\/","name":"Adidas Z.N.E. BB TEE femme - T-Shirt Casual- MioMioRun","isPartOf":{"@id":"https:\/\/www.miomiorun.com\/fr\/#website"},"primaryImageOfPage":{"@id":"https:\/\/www.miomiorun.com\/fr\/produit\/z-n-e-bb-tee-femme\/#primaryimage"},"image":{"@id":"https:\/\/www.miomiorun.com\/fr\/produit\/z-n-e-bb-tee-femme\/#primaryimage"},"thumbnailUrl":"https:\/\/www.miomiorun.com\/app\/uploads\/2025\/11\/adidas-W-Z.N.E.-BB-TEE-BLACK-JW7782.webp","datePublished":"2025-10-29T18:22:41+00:00","dateModified":"2026-04-17T08:31:23+00:00","description":"T-shirt adidas CLIMACOOL : respirant, l\u00e9ger et \u00e0 s\u00e9chage rapide. Confort et style sportif pour rester toujours fra\u00eeche et concentr\u00e9e.","breadcrumb":{"@id":"https:\/\/www.miomiorun.com\/fr\/produit\/z-n-e-bb-tee-femme\/#breadcrumb"},"inLanguage":"fr-FR","potentialAction":[{"@type":"ReadAction","target":["https:\/\/www.miomiorun.com\/fr\/produit\/z-n-e-bb-tee-femme\/"]}]},{"@type":"ImageObject","inLanguage":"fr-FR","@id":"https:\/\/www.miomiorun.com\/fr\/produit\/z-n-e-bb-tee-femme\/#primaryimage","url":"https:\/\/www.miomiorun.com\/app\/uploads\/2025\/11\/adidas-W-Z.N.E.-BB-TEE-BLACK-JW7782.webp","contentUrl":"https:\/\/www.miomiorun.com\/app\/uploads\/2025\/11\/adidas-W-Z.N.E.-BB-TEE-BLACK-JW7782.webp","width":720,"height":720,"caption":"adidas W Z.N.E. BB TEE BLACK JW7782"},{"@type":"BreadcrumbList","@id":"https:\/\/www.miomiorun.com\/fr\/produit\/z-n-e-bb-tee-femme\/#breadcrumb","itemListElement":[{"@type":"ListItem","position":1,"name":"Home","item":"https:\/\/www.miomiorun.com\/fr\/home-page\/"},{"@type":"ListItem","position":2,"name":"Shop","item":"https:\/\/www.miomiorun.com\/shop\/"},{"@type":"ListItem","position":3,"name":"Z.N.E. BB TEE femme"}]},{"@type":"WebSite","@id":"https:\/\/www.miomiorun.com\/fr\/#website","url":"https:\/\/www.miomiorun.com\/fr\/","name":"MioMioRun","description":"Boutique 100% running et trail","publisher":{"@id":"https:\/\/www.miomiorun.com\/fr\/#organization"},"potentialAction":[{"@type":"SearchAction","target":{"@type":"EntryPoint","urlTemplate":"https:\/\/www.miomiorun.com\/fr\/?s={search_term_string}"},"query-input":{"@type":"PropertyValueSpecification","valueRequired":true,"valueName":"search_term_string"}}],"inLanguage":"fr-FR"},{"@type":"Organization","@id":"https:\/\/www.miomiorun.com\/fr\/#organization","name":"MioMio Run","url":"https:\/\/www.miomiorun.com\/fr\/","logo":{"@type":"ImageObject","inLanguage":"fr-FR","@id":"https:\/\/www.miomiorun.com\/fr\/#\/schema\/logo\/image\/","url":"https:\/\/www.miomiorun.com\/app\/uploads\/2019\/12\/logomio.png","contentUrl":"https:\/\/www.miomiorun.com\/app\/uploads\/2019\/12\/logomio.png","width":115,"height":82,"caption":"MioMio Run"},"image":{"@id":"https:\/\/www.miomiorun.com\/fr\/#\/schema\/logo\/image\/"},"sameAs":["https:\/\/www.facebook.com\/miomiorun\/","https:\/\/www.instagram.com\/miomiorun\/"]}]}},"_links":{"self":[{"href":"https:\/\/www.miomiorun.com\/fr\/wp-json\/wp\/v2\/product\/364830","targetHints":{"allow":["GET"]}}],"collection":[{"href":"https:\/\/www.miomiorun.com\/fr\/wp-json\/wp\/v2\/product"}],"about":[{"href":"https:\/\/www.miomiorun.com\/fr\/wp-json\/wp\/v2\/types\/product"}],"wp:featuredmedia":[{"embeddable":true,"href":"https:\/\/www.miomiorun.com\/fr\/wp-json\/wp\/v2\/media\/366993"}],"wp:attachment":[{"href":"https:\/\/www.miomiorun.com\/fr\/wp-json\/wp\/v2\/media?parent=364830"}],"wp:term":[{"taxonomy":"product_brand","embeddable":true,"href":"https:\/\/www.miomiorun.com\/fr\/wp-json\/wp\/v2\/product_brand?post=364830"},{"taxonomy":"product_cat","embeddable":true,"href":"https:\/\/www.miomiorun.com\/fr\/wp-json\/wp\/v2\/product_cat?post=364830"},{"taxonomy":"product_tag","embeddable":true,"href":"https:\/\/www.miomiorun.com\/fr\/wp-json\/wp\/v2\/product_tag?post=364830"}],"curies":[{"name":"wp","href":"https:\/\/api.w.org\/{rel}","templated":true}]}}