{"id":364385,"date":"2025-10-28T12:11:57","date_gmt":"2025-10-28T11:11:57","guid":{"rendered":"https:\/\/www.miomiorun.com\/?post_type=product&#038;p=364385"},"modified":"2026-05-09T10:18:41","modified_gmt":"2026-05-09T08:18:41","slug":"race-t-shirt-nn-black","status":"publish","type":"product","link":"https:\/\/www.miomiorun.com\/fr\/produit\/race-t-shirt-nn-black\/","title":{"rendered":"Race T-Shirt NN Black"},"content":{"rendered":"<p>Con\u00e7u pour les coureurs \u00e0 la recherche de performances, de confort et de respect de l&#8217;environnement, le nouveau maillot \u00e0 manches courtes de NNormal red\u00e9finit les normes en mati\u00e8re de v\u00eatements de course \u00e0 pied. Fabriqu\u00e9 \u00e0 partir de mat\u00e9riaux recycl\u00e9s de haute qualit\u00e9, il garantit une excellente respirabilit\u00e9 et une l\u00e9g\u00e8ret\u00e9 sup\u00e9rieure, m\u00eame lors des s\u00e9ances les plus intenses. Sa coupe slim fit actualis\u00e9e garantit un meilleur ajustement, l\u00e9g\u00e8rement plus ample que les mod\u00e8les pr\u00e9c\u00e9dents, pour offrir une libert\u00e9 de mouvement optimale sur toutes les distances. Son design minimaliste et durable incarne l&#8217;essence m\u00eame de NNormal : fonctionnalit\u00e9, durabilit\u00e9 et respect de la plan\u00e8te.<\/p>\n<p>&nbsp;<\/p>\n","protected":false},"excerpt":{"rendered":"<ul>\n<li data-start=\"844\" data-end=\"918\">\n<p data-start=\"846\" data-end=\"918\">Tissu technique recycl\u00e9 hautement respirant et \u00e0 s\u00e9chage rapide<\/p>\n<\/li>\n<li data-start=\"919\" data-end=\"978\">\n<p data-start=\"921\" data-end=\"978\">Nouvelle coupe slim fit plus confortable et polyvalente<\/p>\n<\/li>\n<li data-start=\"979\" data-end=\"1061\">\n<p data-start=\"981\" data-end=\"1061\">Design l\u00e9ger, \u00e9cologique et id\u00e9al pour les entra\u00eenements ou les comp\u00e9titions de longue dur\u00e9e<\/p>\n<\/li>\n<\/ul>\n","protected":false},"featured_media":358070,"template":"","meta":{"_acf_changed":false,"inline_featured_image":false},"product_brand":[],"product_cat":[24449,24482],"product_tag":[35958,35965],"class_list":{"0":"post-364385","1":"product","2":"type-product","3":"status-publish","4":"has-post-thumbnail","6":"product_cat-t-shirt-fr-3","7":"product_cat-vetements-pour-hommes-fr","8":"product_tag-nnormal-fr","9":"product_tag-nnormal-homme-fr","10":"pa_attivita-marcher","11":"pa_attivita-running-fr","12":"pa_attivita-trail-fr","13":"pa_colore-race-t-shirt-nn-black-fr","14":"pa_marca-nnormal-fr","15":"pa_sesso-homme","16":"pa_size-medium-fr","17":"pa_size-large-fr","19":"first","20":"instock","21":"sale","22":"taxable","23":"shipping-taxable","24":"purchasable","25":"product-type-variable","26":"wvs-archive-product-wrapper"},"acf":[],"yoast_head":"<!-- This site is optimized with the Yoast SEO plugin v26.8 - https:\/\/yoast.com\/product\/yoast-seo-wordpress\/ -->\n<title>NNormal Race T-Shirt NN Black - t-shirt running - MioMioRun.com<\/title>\n<meta name=\"description\" content=\"Maillot de course NNormal en tissu recycl\u00e9, l\u00e9ger et respirant. Nouvelle coupe slim fit pour un confort maximal et des performances durables.\" \/>\n<meta name=\"robots\" content=\"index, follow, max-snippet:-1, max-image-preview:large, max-video-preview:-1\" \/>\n<link rel=\"canonical\" href=\"https:\/\/www.miomiorun.com\/fr\/produit\/race-t-shirt-nn-black\/\" \/>\n<meta property=\"og:locale\" content=\"fr_FR\" \/>\n<meta property=\"og:type\" content=\"article\" \/>\n<meta property=\"og:title\" content=\"NNormal Race T-Shirt NN Black - t-shirt running - MioMioRun.com\" \/>\n<meta property=\"og:description\" content=\"Maillot de course NNormal en tissu recycl\u00e9, l\u00e9ger et respirant. Nouvelle coupe slim fit pour un confort maximal et des performances durables.\" \/>\n<meta property=\"og:url\" content=\"https:\/\/www.miomiorun.com\/fr\/produit\/race-t-shirt-nn-black\/\" \/>\n<meta property=\"og:site_name\" content=\"MioMioRun\" \/>\n<meta property=\"article:publisher\" content=\"https:\/\/www.facebook.com\/miomiorun\/\" \/>\n<meta property=\"article:modified_time\" content=\"2026-05-09T08:18:41+00:00\" \/>\n<meta property=\"og:image\" content=\"https:\/\/www.miomiorun.com\/app\/uploads\/2025\/10\/nnormal-Race-t-shirt-NN-black-N1CMTS2-004.webp\" \/>\n\t<meta property=\"og:image:width\" content=\"720\" \/>\n\t<meta property=\"og:image:height\" content=\"720\" \/>\n\t<meta property=\"og:image:type\" content=\"image\/webp\" \/>\n<meta name=\"twitter:card\" content=\"summary_large_image\" \/>\n<meta name=\"twitter:label1\" content=\"Est. reading time\" \/>\n\t<meta name=\"twitter:data1\" content=\"1 minute\" \/>\n<script type=\"application\/ld+json\" class=\"yoast-schema-graph\">{\"@context\":\"https:\/\/schema.org\",\"@graph\":[{\"@type\":\"WebPage\",\"@id\":\"https:\/\/www.miomiorun.com\/fr\/produit\/race-t-shirt-nn-black\/\",\"url\":\"https:\/\/www.miomiorun.com\/fr\/produit\/race-t-shirt-nn-black\/\",\"name\":\"NNormal Race T-Shirt NN Black - t-shirt running - MioMioRun.com\",\"isPartOf\":{\"@id\":\"https:\/\/www.miomiorun.com\/fr\/#website\"},\"primaryImageOfPage\":{\"@id\":\"https:\/\/www.miomiorun.com\/fr\/produit\/race-t-shirt-nn-black\/#primaryimage\"},\"image\":{\"@id\":\"https:\/\/www.miomiorun.com\/fr\/produit\/race-t-shirt-nn-black\/#primaryimage\"},\"thumbnailUrl\":\"https:\/\/www.miomiorun.com\/app\/uploads\/2025\/10\/nnormal-Race-t-shirt-NN-black-N1CMTS2-004.webp\",\"datePublished\":\"2025-10-28T11:11:57+00:00\",\"dateModified\":\"2026-05-09T08:18:41+00:00\",\"description\":\"Maillot de course NNormal en tissu recycl\u00e9, l\u00e9ger et respirant. Nouvelle coupe slim fit pour un confort maximal et des performances durables.\",\"breadcrumb\":{\"@id\":\"https:\/\/www.miomiorun.com\/fr\/produit\/race-t-shirt-nn-black\/#breadcrumb\"},\"inLanguage\":\"fr-FR\",\"potentialAction\":[{\"@type\":\"ReadAction\",\"target\":[\"https:\/\/www.miomiorun.com\/fr\/produit\/race-t-shirt-nn-black\/\"]}]},{\"@type\":\"ImageObject\",\"inLanguage\":\"fr-FR\",\"@id\":\"https:\/\/www.miomiorun.com\/fr\/produit\/race-t-shirt-nn-black\/#primaryimage\",\"url\":\"https:\/\/www.miomiorun.com\/app\/uploads\/2025\/10\/nnormal-Race-t-shirt-NN-black-N1CMTS2-004.webp\",\"contentUrl\":\"https:\/\/www.miomiorun.com\/app\/uploads\/2025\/10\/nnormal-Race-t-shirt-NN-black-N1CMTS2-004.webp\",\"width\":720,\"height\":720,\"caption\":\"nnormal Race t-shirt NN black N1CMTS2-004\"},{\"@type\":\"BreadcrumbList\",\"@id\":\"https:\/\/www.miomiorun.com\/fr\/produit\/race-t-shirt-nn-black\/#breadcrumb\",\"itemListElement\":[{\"@type\":\"ListItem\",\"position\":1,\"name\":\"Home\",\"item\":\"https:\/\/www.miomiorun.com\/fr\/home-page\/\"},{\"@type\":\"ListItem\",\"position\":2,\"name\":\"Shop\",\"item\":\"https:\/\/www.miomiorun.com\/shop\/\"},{\"@type\":\"ListItem\",\"position\":3,\"name\":\"Race T-Shirt NN Black\"}]},{\"@type\":\"WebSite\",\"@id\":\"https:\/\/www.miomiorun.com\/fr\/#website\",\"url\":\"https:\/\/www.miomiorun.com\/fr\/\",\"name\":\"MioMioRun\",\"description\":\"Boutique 100% running et trail\",\"publisher\":{\"@id\":\"https:\/\/www.miomiorun.com\/fr\/#organization\"},\"potentialAction\":[{\"@type\":\"SearchAction\",\"target\":{\"@type\":\"EntryPoint\",\"urlTemplate\":\"https:\/\/www.miomiorun.com\/fr\/?s={search_term_string}\"},\"query-input\":{\"@type\":\"PropertyValueSpecification\",\"valueRequired\":true,\"valueName\":\"search_term_string\"}}],\"inLanguage\":\"fr-FR\"},{\"@type\":\"Organization\",\"@id\":\"https:\/\/www.miomiorun.com\/fr\/#organization\",\"name\":\"MioMio Run\",\"url\":\"https:\/\/www.miomiorun.com\/fr\/\",\"logo\":{\"@type\":\"ImageObject\",\"inLanguage\":\"fr-FR\",\"@id\":\"https:\/\/www.miomiorun.com\/fr\/#\/schema\/logo\/image\/\",\"url\":\"https:\/\/www.miomiorun.com\/app\/uploads\/2019\/12\/logomio.png\",\"contentUrl\":\"https:\/\/www.miomiorun.com\/app\/uploads\/2019\/12\/logomio.png\",\"width\":115,\"height\":82,\"caption\":\"MioMio Run\"},\"image\":{\"@id\":\"https:\/\/www.miomiorun.com\/fr\/#\/schema\/logo\/image\/\"},\"sameAs\":[\"https:\/\/www.facebook.com\/miomiorun\/\",\"https:\/\/www.instagram.com\/miomiorun\/\"]}]}<\/script>\n<!-- \/ Yoast SEO plugin. -->","yoast_head_json":{"title":"NNormal Race T-Shirt NN Black - t-shirt running - MioMioRun.com","description":"Maillot de course NNormal en tissu recycl\u00e9, l\u00e9ger et respirant. Nouvelle coupe slim fit pour un confort maximal et des performances durables.","robots":{"index":"index","follow":"follow","max-snippet":"max-snippet:-1","max-image-preview":"max-image-preview:large","max-video-preview":"max-video-preview:-1"},"canonical":"https:\/\/www.miomiorun.com\/fr\/produit\/race-t-shirt-nn-black\/","og_locale":"fr_FR","og_type":"article","og_title":"NNormal Race T-Shirt NN Black - t-shirt running - MioMioRun.com","og_description":"Maillot de course NNormal en tissu recycl\u00e9, l\u00e9ger et respirant. Nouvelle coupe slim fit pour un confort maximal et des performances durables.","og_url":"https:\/\/www.miomiorun.com\/fr\/produit\/race-t-shirt-nn-black\/","og_site_name":"MioMioRun","article_publisher":"https:\/\/www.facebook.com\/miomiorun\/","article_modified_time":"2026-05-09T08:18:41+00:00","og_image":[{"width":720,"height":720,"url":"https:\/\/www.miomiorun.com\/app\/uploads\/2025\/10\/nnormal-Race-t-shirt-NN-black-N1CMTS2-004.webp","type":"image\/webp"}],"twitter_card":"summary_large_image","twitter_misc":{"Est. reading time":"1 minute"},"schema":{"@context":"https:\/\/schema.org","@graph":[{"@type":"WebPage","@id":"https:\/\/www.miomiorun.com\/fr\/produit\/race-t-shirt-nn-black\/","url":"https:\/\/www.miomiorun.com\/fr\/produit\/race-t-shirt-nn-black\/","name":"NNormal Race T-Shirt NN Black - t-shirt running - MioMioRun.com","isPartOf":{"@id":"https:\/\/www.miomiorun.com\/fr\/#website"},"primaryImageOfPage":{"@id":"https:\/\/www.miomiorun.com\/fr\/produit\/race-t-shirt-nn-black\/#primaryimage"},"image":{"@id":"https:\/\/www.miomiorun.com\/fr\/produit\/race-t-shirt-nn-black\/#primaryimage"},"thumbnailUrl":"https:\/\/www.miomiorun.com\/app\/uploads\/2025\/10\/nnormal-Race-t-shirt-NN-black-N1CMTS2-004.webp","datePublished":"2025-10-28T11:11:57+00:00","dateModified":"2026-05-09T08:18:41+00:00","description":"Maillot de course NNormal en tissu recycl\u00e9, l\u00e9ger et respirant. Nouvelle coupe slim fit pour un confort maximal et des performances durables.","breadcrumb":{"@id":"https:\/\/www.miomiorun.com\/fr\/produit\/race-t-shirt-nn-black\/#breadcrumb"},"inLanguage":"fr-FR","potentialAction":[{"@type":"ReadAction","target":["https:\/\/www.miomiorun.com\/fr\/produit\/race-t-shirt-nn-black\/"]}]},{"@type":"ImageObject","inLanguage":"fr-FR","@id":"https:\/\/www.miomiorun.com\/fr\/produit\/race-t-shirt-nn-black\/#primaryimage","url":"https:\/\/www.miomiorun.com\/app\/uploads\/2025\/10\/nnormal-Race-t-shirt-NN-black-N1CMTS2-004.webp","contentUrl":"https:\/\/www.miomiorun.com\/app\/uploads\/2025\/10\/nnormal-Race-t-shirt-NN-black-N1CMTS2-004.webp","width":720,"height":720,"caption":"nnormal Race t-shirt NN black N1CMTS2-004"},{"@type":"BreadcrumbList","@id":"https:\/\/www.miomiorun.com\/fr\/produit\/race-t-shirt-nn-black\/#breadcrumb","itemListElement":[{"@type":"ListItem","position":1,"name":"Home","item":"https:\/\/www.miomiorun.com\/fr\/home-page\/"},{"@type":"ListItem","position":2,"name":"Shop","item":"https:\/\/www.miomiorun.com\/shop\/"},{"@type":"ListItem","position":3,"name":"Race T-Shirt NN Black"}]},{"@type":"WebSite","@id":"https:\/\/www.miomiorun.com\/fr\/#website","url":"https:\/\/www.miomiorun.com\/fr\/","name":"MioMioRun","description":"Boutique 100% running et trail","publisher":{"@id":"https:\/\/www.miomiorun.com\/fr\/#organization"},"potentialAction":[{"@type":"SearchAction","target":{"@type":"EntryPoint","urlTemplate":"https:\/\/www.miomiorun.com\/fr\/?s={search_term_string}"},"query-input":{"@type":"PropertyValueSpecification","valueRequired":true,"valueName":"search_term_string"}}],"inLanguage":"fr-FR"},{"@type":"Organization","@id":"https:\/\/www.miomiorun.com\/fr\/#organization","name":"MioMio Run","url":"https:\/\/www.miomiorun.com\/fr\/","logo":{"@type":"ImageObject","inLanguage":"fr-FR","@id":"https:\/\/www.miomiorun.com\/fr\/#\/schema\/logo\/image\/","url":"https:\/\/www.miomiorun.com\/app\/uploads\/2019\/12\/logomio.png","contentUrl":"https:\/\/www.miomiorun.com\/app\/uploads\/2019\/12\/logomio.png","width":115,"height":82,"caption":"MioMio Run"},"image":{"@id":"https:\/\/www.miomiorun.com\/fr\/#\/schema\/logo\/image\/"},"sameAs":["https:\/\/www.facebook.com\/miomiorun\/","https:\/\/www.instagram.com\/miomiorun\/"]}]}},"_links":{"self":[{"href":"https:\/\/www.miomiorun.com\/fr\/wp-json\/wp\/v2\/product\/364385","targetHints":{"allow":["GET"]}}],"collection":[{"href":"https:\/\/www.miomiorun.com\/fr\/wp-json\/wp\/v2\/product"}],"about":[{"href":"https:\/\/www.miomiorun.com\/fr\/wp-json\/wp\/v2\/types\/product"}],"wp:featuredmedia":[{"embeddable":true,"href":"https:\/\/www.miomiorun.com\/fr\/wp-json\/wp\/v2\/media\/358070"}],"wp:attachment":[{"href":"https:\/\/www.miomiorun.com\/fr\/wp-json\/wp\/v2\/media?parent=364385"}],"wp:term":[{"taxonomy":"product_brand","embeddable":true,"href":"https:\/\/www.miomiorun.com\/fr\/wp-json\/wp\/v2\/product_brand?post=364385"},{"taxonomy":"product_cat","embeddable":true,"href":"https:\/\/www.miomiorun.com\/fr\/wp-json\/wp\/v2\/product_cat?post=364385"},{"taxonomy":"product_tag","embeddable":true,"href":"https:\/\/www.miomiorun.com\/fr\/wp-json\/wp\/v2\/product_tag?post=364385"}],"curies":[{"name":"wp","href":"https:\/\/api.w.org\/{rel}","templated":true}]}}