{"id":364034,"date":"2025-10-24T10:13:06","date_gmt":"2025-10-24T08:13:06","guid":{"rendered":"https:\/\/www.miomiorun.com\/?post_type=product&#038;p=364034"},"modified":"2026-04-17T10:32:09","modified_gmt":"2026-04-17T08:32:09","slug":"trail-ultra-low","status":"publish","type":"product","link":"https:\/\/www.miomiorun.com\/fr\/produit\/trail-ultra-low\/","title":{"rendered":"Trail Ultra Low"},"content":{"rendered":"<p><div class=\"vc-row container\"><div class=\"vc-column\"><div class=\"vc-column-text\"><\/p>\n<p data-start=\"293\" data-end=\"603\">La <strong data-start=\"324\" data-end=\"355\">TRAIL ULTRA LOW&nbsp;<\/strong> incarne l&#8217;excellence de l&#8217;innovation fran\u00e7aise appliqu\u00e9e au trail running. Con\u00e7ue dans le centre R&amp;D de la marque, cette chaussette allie <strong data-start=\"495\" data-end=\"533\">confort, maintien et respirabilit\u00e9<\/strong> pour garantir des performances optimales sur toutes les distances et tous les terrains.<\/p>\n<p data-start=\"605\" data-end=\"963\">La <strong data-start=\"608\" data-end=\"647\">semelle anatomique 3D ultra renforc\u00e9e<\/strong> am\u00e9liore l&#8217;adh\u00e9rence et le maintien, tandis que la <strong data-start=\"691\" data-end=\"720\">bande de maintien \u00e0 360\u00b0<\/strong> enveloppe la cheville et le pied pour une stabilit\u00e9 totale. Les <strong data-start=\"774\" data-end=\"793\">renforts cibl\u00e9s<\/strong> \u00e0 des endroits strat\u00e9giques (tendon d&#8217;Achille, zone de la\u00e7age, talon et pointe) offrent une protection contre les chocs et les frottements r\u00e9p\u00e9t\u00e9s, m\u00eame sur les terrains les plus techniques.<\/p>\n<p data-start=\"965\" data-end=\"1276\">Le <strong data-start=\"968\" data-end=\"988\">maillage ventil\u00e9<\/strong> assure une excellente gestion de la transpiration, gardant le pied au sec et au frais pendant l&#8217;effort. La <strong data-start=\"1093\" data-end=\"1118\">coupe basse<\/strong> avec <strong data-start=\"1123\" data-end=\"1150\">bord anti-compression<\/strong> \u00e9vite les points de pression, tandis que les <strong data-start=\"1187\" data-end=\"1206\">coutures plates<\/strong> et la construction <strong data-start=\"1224\" data-end=\"1239\">asym\u00e9trique<\/strong> garantissent un confort sur mesure.<\/p>\n<p data-start=\"1278\" data-end=\"1440\">Compl\u00e9t\u00e9e par un <strong data-start=\"1295\" data-end=\"1325\">emballage \u00e9co-responsable<\/strong> fabriqu\u00e9 \u00e0 partir de mat\u00e9riaux recyclables, la TRAIL ULTRA LOW allie performance, ergonomie et respect de l&#8217;environnement.<\/p>\n<p><\/div><\/div><\/div><div class=\"vc-row container\"><div class=\"vc-column\"><div class=\"vc-column-text\"><\/p>\n<div class=\"col-sm-5 col-12\"><img loading=\"lazy\" decoding=\"async\" src=\"https:\/\/m1.bvsport.com\/img\/cms\/Fiches_Produits\/Chaussettes\/Trail Ultra\/2025\/Chaussettes_TRAIL_ULTRA-2_noir_gris_290-012.jpg\" alt=\"Calzini Trail Ultra Low nero\/grigio\" width=\"868\" height=\"756\"><\/div>\n<p><\/div><\/div><div class=\"vc-column\"><div class=\"vc-column-text\"><\/p>\n<div class=\"col-sm-5 col-12\">\n<p><strong>1. Semelle anatomique 3D ultra renforc\u00e9e<\/strong><\/p>\n<p>Technique : combinaison de 2 types de mailles (\u00e9paisse et fine).<\/p>\n<p>Action : prot\u00e8ge les zones de contact, optimise la proprioception et am\u00e9liore la stabilisation du pied.<\/p>\n<p>Avantages : r\u00e9duit la friction et la surchauffe de la semelle.<\/p>\n<p><strong>2. Soutien et stabilisation \u00e0 360\u00b0 du pied et de la cheville<\/strong><\/p>\n<p>Technique : maille c\u00f4tel\u00e9e positionn\u00e9e au niveau de l&#8217;articulation de la cheville.<\/p>\n<p>Action : soutient et stabilise la cheville sans compression.<\/p>\n<p>Avantages : soutien optimal de la cheville pendant la course.<\/p>\n<p class=\"title\"><strong>3. Protection du tendon d&#8217;Achille<\/strong><\/p>\n<p>Technique : maille \u00e9ponge situ\u00e9e au niveau du tendon d&#8217;Achille.<\/p>\n<p>Action : prot\u00e8ge les zones sensibles et absorbe les chocs.<\/p>\n<p>Avantages : offre une protection cibl\u00e9e.<\/p>\n<p class=\"title\"><strong>4. Maille respirante<\/strong><\/p>\n<p>Technique : maille l\u00e9g\u00e8re et alv\u00e9ol\u00e9e sur le dessus du pied.<\/p>\n<p>Action : acc\u00e9l\u00e8re la r\u00e9gulation thermique. Ventilation optimale.<\/p>\n<p>Avantages : \u00c9vacue efficacement la transpiration.<\/p>\n<p class=\"title\"><strong>5.Renforts au niveau du talon et de la pointe<\/strong><\/p>\n<p>Technique : Maille \u00e9ponge positionn\u00e9e au niveau de la pointe et du talon.<\/p>\n<p>Action : Limite la surchauffe et les frottements au niveau des extr\u00e9mit\u00e9s du pied.<\/p>\n<p>Avantages : am\u00e9liore le confort et r\u00e9duit la formation d&#8217;ampoules.<\/p>\n<p class=\"title\"><strong>6.Renforts au niveau du la\u00e7age<\/strong><\/p>\n<p>Technique : maille \u00e9ponge.<\/p>\n<p>Action : r\u00e9duit la surchauffe sur le dessus du pied en contact avec le la\u00e7age et la languette de la chaussure.<\/p>\n<p>Avantages : am\u00e9liore le confort et limite la pression due au la\u00e7age.<\/p>\n<p class=\"title\"><strong>7. Large bord c\u00f4tel\u00e9<\/strong><\/p>\n<p>Technique : bande de d\u00e9charge sur le bord sup\u00e9rieur de la chaussette.<\/p>\n<p>Action : maintient la chaussette en place sans effet garrot.<\/p>\n<p>Avantages : am\u00e9liore le maintien de la tige.<\/p>\n<\/div>\n<p><\/div><\/div><\/div><\/p>\n","protected":false},"excerpt":{"rendered":"<ul>\n<li data-start=\"1645\" data-end=\"1710\">\n<p data-start=\"1647\" data-end=\"1710\">Semelle anatomique 3D renforc\u00e9e pour un meilleur maintien et une meilleure adh\u00e9rence<\/p>\n<\/li>\n<li data-start=\"1711\" data-end=\"1776\">\n<p data-start=\"1713\" data-end=\"1776\">Soutien \u00e0 360\u00b0 de la cheville et du pied, stabilit\u00e9 sur tous les terrains<\/p>\n<\/li>\n<li data-start=\"1777\" data-end=\"1831\">\n<p data-start=\"1779\" data-end=\"1831\">Renforts cibl\u00e9s et coutures plates anti-frottements<\/p>\n<\/li>\n<li data-start=\"1832\" data-end=\"1899\">\n<p data-start=\"1834\" data-end=\"1899\">Maille ventil\u00e9e et bord anti-compression pour un confort durable<\/p>\n<\/li>\n<\/ul>\n","protected":false},"featured_media":367042,"template":"","meta":{"_acf_changed":false,"inline_featured_image":false},"product_brand":[],"product_cat":[22597,24256,22596,24482],"product_tag":[23562,24174,24175],"class_list":{"0":"post-364034","1":"product","2":"type-product","3":"status-publish","4":"has-post-thumbnail","6":"product_cat-chaussettes","7":"product_cat-chaussettes-fr","8":"product_cat-vetements-pour-femmes","9":"product_cat-vetements-pour-hommes-fr","10":"product_tag-bv-sport-fr","11":"product_tag-bv-sport-femme","12":"product_tag-bv-sport-homme","13":"pa_attivita-outdoor","14":"pa_attivita-outdoor-fr","15":"pa_colore-trail-ultra-2-low-bleu-rose","16":"pa_colore-trail-ultra-2-low-bleu-rose-fr","17":"pa_marca-bv-sport","18":"pa_marca-bv-sport-fr","19":"pa_sesso-donna","20":"pa_sesso-femme","21":"pa_size-36-38","22":"pa_size-36-38-fr","24":"first","25":"instock","26":"sale","27":"taxable","28":"shipping-taxable","29":"purchasable","30":"product-type-variable","31":"wvs-archive-product-wrapper"},"acf":[],"yoast_head":"<!-- This site is optimized with the Yoast SEO plugin v26.8 - https:\/\/yoast.com\/product\/yoast-seo-wordpress\/ -->\n<title>Bv Sport Trail Ultra Low - Chaussettes de trail running- MioMioRun .com<\/title>\n<meta name=\"description\" content=\"Chaussette technique de trail avec semelle 3D renforc\u00e9e, maintien \u00e0 360\u00b0 et ventilation optimale. Confort, stabilit\u00e9 et design \u00e9co-responsable.\" \/>\n<meta name=\"robots\" content=\"index, follow, max-snippet:-1, max-image-preview:large, max-video-preview:-1\" \/>\n<link rel=\"canonical\" href=\"https:\/\/www.miomiorun.com\/fr\/produit\/trail-ultra-low\/\" \/>\n<meta property=\"og:locale\" content=\"fr_FR\" \/>\n<meta property=\"og:type\" content=\"article\" \/>\n<meta property=\"og:title\" content=\"Bv Sport Trail Ultra Low - Chaussettes de trail running- MioMioRun .com\" \/>\n<meta property=\"og:description\" content=\"Chaussette technique de trail avec semelle 3D renforc\u00e9e, maintien \u00e0 360\u00b0 et ventilation optimale. Confort, stabilit\u00e9 et design \u00e9co-responsable.\" \/>\n<meta property=\"og:url\" content=\"https:\/\/www.miomiorun.com\/fr\/produit\/trail-ultra-low\/\" \/>\n<meta property=\"og:site_name\" content=\"MioMioRun\" \/>\n<meta property=\"article:publisher\" content=\"https:\/\/www.facebook.com\/miomiorun\/\" \/>\n<meta property=\"article:modified_time\" content=\"2026-04-17T08:32:09+00:00\" \/>\n<meta property=\"og:image\" content=\"https:\/\/www.miomiorun.com\/app\/uploads\/2025\/11\/bv-sport-Trail-Ultra.2-low-noir-gris-290-012.webp\" \/>\n\t<meta property=\"og:image:width\" content=\"720\" \/>\n\t<meta property=\"og:image:height\" content=\"720\" \/>\n\t<meta property=\"og:image:type\" content=\"image\/webp\" \/>\n<meta name=\"twitter:card\" content=\"summary_large_image\" \/>\n<meta name=\"twitter:label1\" content=\"Est. reading time\" \/>\n\t<meta name=\"twitter:data1\" content=\"2 minutes\" \/>\n<script type=\"application\/ld+json\" class=\"yoast-schema-graph\">{\"@context\":\"https:\/\/schema.org\",\"@graph\":[{\"@type\":\"WebPage\",\"@id\":\"https:\/\/www.miomiorun.com\/fr\/produit\/trail-ultra-low\/\",\"url\":\"https:\/\/www.miomiorun.com\/fr\/produit\/trail-ultra-low\/\",\"name\":\"Bv Sport Trail Ultra Low - Chaussettes de trail running- MioMioRun .com\",\"isPartOf\":{\"@id\":\"https:\/\/www.miomiorun.com\/fr\/#website\"},\"primaryImageOfPage\":{\"@id\":\"https:\/\/www.miomiorun.com\/fr\/produit\/trail-ultra-low\/#primaryimage\"},\"image\":{\"@id\":\"https:\/\/www.miomiorun.com\/fr\/produit\/trail-ultra-low\/#primaryimage\"},\"thumbnailUrl\":\"https:\/\/www.miomiorun.com\/app\/uploads\/2025\/11\/bv-sport-Trail-Ultra.2-low-noir-gris-290-012.webp\",\"datePublished\":\"2025-10-24T08:13:06+00:00\",\"dateModified\":\"2026-04-17T08:32:09+00:00\",\"description\":\"Chaussette technique de trail avec semelle 3D renforc\u00e9e, maintien \u00e0 360\u00b0 et ventilation optimale. Confort, stabilit\u00e9 et design \u00e9co-responsable.\",\"breadcrumb\":{\"@id\":\"https:\/\/www.miomiorun.com\/fr\/produit\/trail-ultra-low\/#breadcrumb\"},\"inLanguage\":\"fr-FR\",\"potentialAction\":[{\"@type\":\"ReadAction\",\"target\":[\"https:\/\/www.miomiorun.com\/fr\/produit\/trail-ultra-low\/\"]}]},{\"@type\":\"ImageObject\",\"inLanguage\":\"fr-FR\",\"@id\":\"https:\/\/www.miomiorun.com\/fr\/produit\/trail-ultra-low\/#primaryimage\",\"url\":\"https:\/\/www.miomiorun.com\/app\/uploads\/2025\/11\/bv-sport-Trail-Ultra.2-low-noir-gris-290-012.webp\",\"contentUrl\":\"https:\/\/www.miomiorun.com\/app\/uploads\/2025\/11\/bv-sport-Trail-Ultra.2-low-noir-gris-290-012.webp\",\"width\":720,\"height\":720,\"caption\":\"bv sport Trail Ultra.2 low noir gris 290 012\"},{\"@type\":\"BreadcrumbList\",\"@id\":\"https:\/\/www.miomiorun.com\/fr\/produit\/trail-ultra-low\/#breadcrumb\",\"itemListElement\":[{\"@type\":\"ListItem\",\"position\":1,\"name\":\"Home\",\"item\":\"https:\/\/www.miomiorun.com\/fr\/home-page\/\"},{\"@type\":\"ListItem\",\"position\":2,\"name\":\"Shop\",\"item\":\"https:\/\/www.miomiorun.com\/shop\/\"},{\"@type\":\"ListItem\",\"position\":3,\"name\":\"Trail Ultra Low\"}]},{\"@type\":\"WebSite\",\"@id\":\"https:\/\/www.miomiorun.com\/fr\/#website\",\"url\":\"https:\/\/www.miomiorun.com\/fr\/\",\"name\":\"MioMioRun\",\"description\":\"Boutique 100% running et trail\",\"publisher\":{\"@id\":\"https:\/\/www.miomiorun.com\/fr\/#organization\"},\"potentialAction\":[{\"@type\":\"SearchAction\",\"target\":{\"@type\":\"EntryPoint\",\"urlTemplate\":\"https:\/\/www.miomiorun.com\/fr\/?s={search_term_string}\"},\"query-input\":{\"@type\":\"PropertyValueSpecification\",\"valueRequired\":true,\"valueName\":\"search_term_string\"}}],\"inLanguage\":\"fr-FR\"},{\"@type\":\"Organization\",\"@id\":\"https:\/\/www.miomiorun.com\/fr\/#organization\",\"name\":\"MioMio Run\",\"url\":\"https:\/\/www.miomiorun.com\/fr\/\",\"logo\":{\"@type\":\"ImageObject\",\"inLanguage\":\"fr-FR\",\"@id\":\"https:\/\/www.miomiorun.com\/fr\/#\/schema\/logo\/image\/\",\"url\":\"https:\/\/www.miomiorun.com\/app\/uploads\/2019\/12\/logomio.png\",\"contentUrl\":\"https:\/\/www.miomiorun.com\/app\/uploads\/2019\/12\/logomio.png\",\"width\":115,\"height\":82,\"caption\":\"MioMio Run\"},\"image\":{\"@id\":\"https:\/\/www.miomiorun.com\/fr\/#\/schema\/logo\/image\/\"},\"sameAs\":[\"https:\/\/www.facebook.com\/miomiorun\/\",\"https:\/\/www.instagram.com\/miomiorun\/\"]}]}<\/script>\n<!-- \/ Yoast SEO plugin. -->","yoast_head_json":{"title":"Bv Sport Trail Ultra Low - Chaussettes de trail running- MioMioRun .com","description":"Chaussette technique de trail avec semelle 3D renforc\u00e9e, maintien \u00e0 360\u00b0 et ventilation optimale. Confort, stabilit\u00e9 et design \u00e9co-responsable.","robots":{"index":"index","follow":"follow","max-snippet":"max-snippet:-1","max-image-preview":"max-image-preview:large","max-video-preview":"max-video-preview:-1"},"canonical":"https:\/\/www.miomiorun.com\/fr\/produit\/trail-ultra-low\/","og_locale":"fr_FR","og_type":"article","og_title":"Bv Sport Trail Ultra Low - Chaussettes de trail running- MioMioRun .com","og_description":"Chaussette technique de trail avec semelle 3D renforc\u00e9e, maintien \u00e0 360\u00b0 et ventilation optimale. Confort, stabilit\u00e9 et design \u00e9co-responsable.","og_url":"https:\/\/www.miomiorun.com\/fr\/produit\/trail-ultra-low\/","og_site_name":"MioMioRun","article_publisher":"https:\/\/www.facebook.com\/miomiorun\/","article_modified_time":"2026-04-17T08:32:09+00:00","og_image":[{"width":720,"height":720,"url":"https:\/\/www.miomiorun.com\/app\/uploads\/2025\/11\/bv-sport-Trail-Ultra.2-low-noir-gris-290-012.webp","type":"image\/webp"}],"twitter_card":"summary_large_image","twitter_misc":{"Est. reading time":"2 minutes"},"schema":{"@context":"https:\/\/schema.org","@graph":[{"@type":"WebPage","@id":"https:\/\/www.miomiorun.com\/fr\/produit\/trail-ultra-low\/","url":"https:\/\/www.miomiorun.com\/fr\/produit\/trail-ultra-low\/","name":"Bv Sport Trail Ultra Low - Chaussettes de trail running- MioMioRun .com","isPartOf":{"@id":"https:\/\/www.miomiorun.com\/fr\/#website"},"primaryImageOfPage":{"@id":"https:\/\/www.miomiorun.com\/fr\/produit\/trail-ultra-low\/#primaryimage"},"image":{"@id":"https:\/\/www.miomiorun.com\/fr\/produit\/trail-ultra-low\/#primaryimage"},"thumbnailUrl":"https:\/\/www.miomiorun.com\/app\/uploads\/2025\/11\/bv-sport-Trail-Ultra.2-low-noir-gris-290-012.webp","datePublished":"2025-10-24T08:13:06+00:00","dateModified":"2026-04-17T08:32:09+00:00","description":"Chaussette technique de trail avec semelle 3D renforc\u00e9e, maintien \u00e0 360\u00b0 et ventilation optimale. Confort, stabilit\u00e9 et design \u00e9co-responsable.","breadcrumb":{"@id":"https:\/\/www.miomiorun.com\/fr\/produit\/trail-ultra-low\/#breadcrumb"},"inLanguage":"fr-FR","potentialAction":[{"@type":"ReadAction","target":["https:\/\/www.miomiorun.com\/fr\/produit\/trail-ultra-low\/"]}]},{"@type":"ImageObject","inLanguage":"fr-FR","@id":"https:\/\/www.miomiorun.com\/fr\/produit\/trail-ultra-low\/#primaryimage","url":"https:\/\/www.miomiorun.com\/app\/uploads\/2025\/11\/bv-sport-Trail-Ultra.2-low-noir-gris-290-012.webp","contentUrl":"https:\/\/www.miomiorun.com\/app\/uploads\/2025\/11\/bv-sport-Trail-Ultra.2-low-noir-gris-290-012.webp","width":720,"height":720,"caption":"bv sport Trail Ultra.2 low noir gris 290 012"},{"@type":"BreadcrumbList","@id":"https:\/\/www.miomiorun.com\/fr\/produit\/trail-ultra-low\/#breadcrumb","itemListElement":[{"@type":"ListItem","position":1,"name":"Home","item":"https:\/\/www.miomiorun.com\/fr\/home-page\/"},{"@type":"ListItem","position":2,"name":"Shop","item":"https:\/\/www.miomiorun.com\/shop\/"},{"@type":"ListItem","position":3,"name":"Trail Ultra Low"}]},{"@type":"WebSite","@id":"https:\/\/www.miomiorun.com\/fr\/#website","url":"https:\/\/www.miomiorun.com\/fr\/","name":"MioMioRun","description":"Boutique 100% running et trail","publisher":{"@id":"https:\/\/www.miomiorun.com\/fr\/#organization"},"potentialAction":[{"@type":"SearchAction","target":{"@type":"EntryPoint","urlTemplate":"https:\/\/www.miomiorun.com\/fr\/?s={search_term_string}"},"query-input":{"@type":"PropertyValueSpecification","valueRequired":true,"valueName":"search_term_string"}}],"inLanguage":"fr-FR"},{"@type":"Organization","@id":"https:\/\/www.miomiorun.com\/fr\/#organization","name":"MioMio Run","url":"https:\/\/www.miomiorun.com\/fr\/","logo":{"@type":"ImageObject","inLanguage":"fr-FR","@id":"https:\/\/www.miomiorun.com\/fr\/#\/schema\/logo\/image\/","url":"https:\/\/www.miomiorun.com\/app\/uploads\/2019\/12\/logomio.png","contentUrl":"https:\/\/www.miomiorun.com\/app\/uploads\/2019\/12\/logomio.png","width":115,"height":82,"caption":"MioMio Run"},"image":{"@id":"https:\/\/www.miomiorun.com\/fr\/#\/schema\/logo\/image\/"},"sameAs":["https:\/\/www.facebook.com\/miomiorun\/","https:\/\/www.instagram.com\/miomiorun\/"]}]}},"_links":{"self":[{"href":"https:\/\/www.miomiorun.com\/fr\/wp-json\/wp\/v2\/product\/364034","targetHints":{"allow":["GET"]}}],"collection":[{"href":"https:\/\/www.miomiorun.com\/fr\/wp-json\/wp\/v2\/product"}],"about":[{"href":"https:\/\/www.miomiorun.com\/fr\/wp-json\/wp\/v2\/types\/product"}],"wp:featuredmedia":[{"embeddable":true,"href":"https:\/\/www.miomiorun.com\/fr\/wp-json\/wp\/v2\/media\/367042"}],"wp:attachment":[{"href":"https:\/\/www.miomiorun.com\/fr\/wp-json\/wp\/v2\/media?parent=364034"}],"wp:term":[{"taxonomy":"product_brand","embeddable":true,"href":"https:\/\/www.miomiorun.com\/fr\/wp-json\/wp\/v2\/product_brand?post=364034"},{"taxonomy":"product_cat","embeddable":true,"href":"https:\/\/www.miomiorun.com\/fr\/wp-json\/wp\/v2\/product_cat?post=364034"},{"taxonomy":"product_tag","embeddable":true,"href":"https:\/\/www.miomiorun.com\/fr\/wp-json\/wp\/v2\/product_tag?post=364034"}],"curies":[{"name":"wp","href":"https:\/\/api.w.org\/{rel}","templated":true}]}}