{"id":363646,"date":"2025-10-23T10:00:34","date_gmt":"2025-10-23T08:00:34","guid":{"rendered":"https:\/\/www.miomiorun.com\/?post_type=product&#038;p=363646"},"modified":"2026-04-17T10:32:32","modified_gmt":"2026-04-17T08:32:32","slug":"dolomiti-wind-vest-femme","status":"publish","type":"product","link":"https:\/\/www.miomiorun.com\/fr\/produit\/dolomiti-wind-vest-femme\/","title":{"rendered":"Dolomiti wind vest femme"},"content":{"rendered":"<p>Cette veste polyvalente est con\u00e7ue pour offrir une protection lors des activit\u00e9s de plein air et quotidiennes. Elle est id\u00e9ale comme couche interm\u00e9diaire ou couche ext\u00e9rieure l\u00e9g\u00e8re par temps mitig\u00e9. Alliant du polyester extensible \u00e0 une construction softshell \u00e0 double tissage, ce mod\u00e8le offre une protection contre le vent et un confort thermique. L&#8217;int\u00e9rieur est dot\u00e9 d&#8217;une grille bross\u00e9e douce qui am\u00e9liore l&#8217;isolation et la respirabilit\u00e9 en \u00e9vacuant l&#8217;humidit\u00e9. Les empi\u00e8cements r\u00e9sistants en nylon extensible dans les quatre sens augmentent la r\u00e9sistance \u00e0 l&#8217;usure et la libert\u00e9 de mouvement, tandis que le traitement DWR sans produits chimiques offre une imperm\u00e9abilit\u00e9 et une plus grande s\u00e9curit\u00e9 pour l&#8217;environnement. Dot\u00e9e d&#8217;emmanchures et d&#8217;un bas extensibles pour un ajustement s\u00fbr, cette veste sans manches dispose \u00e9galement de poches zipp\u00e9es, d&#8217;une fermeture \u00e9clair centrale sur le devant et d&#8217;une poche int\u00e9rieure doubl\u00e9e en maille.<\/p>\n<div class=\"attribute_container tw-pb-24 last-of-type:tw-pb-0\">\n<div class=\"content__image-wrapper tw-w-fit \">\n<div class=\"content__image tw-relative tw-w-[3.2rem]\"><img loading=\"lazy\" decoding=\"async\" class=\"tw-absolute tw-top-0 tw-left-0 tw-w-full tw-h-full\" src=\"https:\/\/www.montura.com\/cdn\/shop\/files\/003_Windproof_Black.svg?v=1709125529&amp;width=200\" alt=\"\" width=\"90\" height=\"90\"><\/div>\n<\/div>\n<h3 class=\"tw-text-s tw-pt-[1.2rem] tw-pb-[0.4rem] tw-font-medium\">Coupe-vent<\/h3>\n<p class=\"tw-text-greyish-brown tw-text-xs tw-pt-[0.4rem]\">Le tissu emp\u00eache le vent de p\u00e9n\u00e9trer, r\u00e9duisant ainsi le risque de refroidissement.<\/p>\n<\/div>\n<div class=\"attribute_container tw-pb-24 last-of-type:tw-pb-0\">\n<div class=\"content__image-wrapper tw-w-fit \">\n<div class=\"content__image tw-relative tw-w-[3.2rem]\"><img loading=\"lazy\" decoding=\"async\" class=\"tw-absolute tw-top-0 tw-left-0 tw-w-full tw-h-full\" src=\"https:\/\/www.montura.com\/cdn\/shop\/files\/002_WaterResistantDWR_Black.svg?v=1709125500&amp;width=200\" alt=\"\" width=\"90\" height=\"90\"><\/div>\n<\/div>\n<h3 class=\"tw-text-s tw-pt-[1.2rem] tw-pb-[0.4rem] tw-font-medium\">Hydrofuge (DWR)<\/h3>\n<p class=\"tw-text-greyish-brown tw-text-xs tw-pt-[0.4rem]\">Une couche hydrofuge appliqu\u00e9e sur le tissu assure une l\u00e9g\u00e8re protection contre l&#8217;humidit\u00e9 ext\u00e9rieure. <\/p>\n<\/div>\n","protected":false},"excerpt":{"rendered":"<ul>\n<li>&nbsp;respirabilit\u00e9<\/li>\n<li>&nbsp;l\u00e9g\u00e8ret\u00e9<\/li>\n<li>&nbsp;coupe slim<\/li>\n<\/ul>\n","protected":false},"featured_media":368102,"template":"","meta":{"_acf_changed":false,"inline_featured_image":false},"product_brand":[],"product_cat":[22599,22596],"product_tag":[23512,23514],"class_list":{"0":"post-363646","1":"product","2":"type-product","3":"status-publish","4":"has-post-thumbnail","6":"product_cat-vestes","7":"product_cat-vetements-pour-femmes","8":"product_tag-montura-fr","9":"product_tag-montura-femme","10":"pa_attivita-marcher","11":"pa_attivita-outdoor-fr","12":"pa_colore-dolomiti-wind-vest-w-black-melon-fr","13":"pa_marca-montura-fr","14":"pa_sesso-femme","15":"pa_size-small-fr","16":"pa_size-large-fr","18":"first","19":"instock","20":"sale","21":"taxable","22":"shipping-taxable","23":"purchasable","24":"product-type-variable","25":"wvs-archive-product-wrapper"},"acf":[],"yoast_head":"<!-- This site is optimized with the Yoast SEO plugin v26.8 - https:\/\/yoast.com\/product\/yoast-seo-wordpress\/ -->\n<title>Montura Dolomiti wind vest femme - gilet femme MioMioRun.com<\/title>\n<meta name=\"description\" content=\"Gilet technique softshell coupe-vent en tissu stretch, int\u00e9rieur thermique respirant et traitement DWR \u00e9cologique pour les activit\u00e9s de plein air et un usage quotidien.\" \/>\n<meta name=\"robots\" content=\"index, follow, max-snippet:-1, max-image-preview:large, max-video-preview:-1\" \/>\n<link rel=\"canonical\" href=\"https:\/\/www.miomiorun.com\/fr\/produit\/dolomiti-wind-vest-femme\/\" \/>\n<meta property=\"og:locale\" content=\"fr_FR\" \/>\n<meta property=\"og:type\" content=\"article\" \/>\n<meta property=\"og:title\" content=\"Montura Dolomiti wind vest femme - gilet femme MioMioRun.com\" \/>\n<meta property=\"og:description\" content=\"Gilet technique softshell coupe-vent en tissu stretch, int\u00e9rieur thermique respirant et traitement DWR \u00e9cologique pour les activit\u00e9s de plein air et un usage quotidien.\" \/>\n<meta property=\"og:url\" content=\"https:\/\/www.miomiorun.com\/fr\/produit\/dolomiti-wind-vest-femme\/\" \/>\n<meta property=\"og:site_name\" content=\"MioMioRun\" \/>\n<meta property=\"article:publisher\" content=\"https:\/\/www.facebook.com\/miomiorun\/\" \/>\n<meta property=\"article:modified_time\" content=\"2026-04-17T08:32:32+00:00\" \/>\n<meta property=\"og:image\" content=\"https:\/\/www.miomiorun.com\/app\/uploads\/2025\/11\/montura-Dolomiti-wind-vest-W-black-melon-MVVW49W.90354.webp\" \/>\n\t<meta property=\"og:image:width\" content=\"720\" \/>\n\t<meta property=\"og:image:height\" content=\"720\" \/>\n\t<meta property=\"og:image:type\" content=\"image\/webp\" \/>\n<meta name=\"twitter:card\" content=\"summary_large_image\" \/>\n<meta name=\"twitter:label1\" content=\"Est. reading time\" \/>\n\t<meta name=\"twitter:data1\" content=\"1 minute\" \/>\n<script type=\"application\/ld+json\" class=\"yoast-schema-graph\">{\"@context\":\"https:\/\/schema.org\",\"@graph\":[{\"@type\":\"WebPage\",\"@id\":\"https:\/\/www.miomiorun.com\/fr\/produit\/dolomiti-wind-vest-femme\/\",\"url\":\"https:\/\/www.miomiorun.com\/fr\/produit\/dolomiti-wind-vest-femme\/\",\"name\":\"Montura Dolomiti wind vest femme - gilet femme MioMioRun.com\",\"isPartOf\":{\"@id\":\"https:\/\/www.miomiorun.com\/fr\/#website\"},\"primaryImageOfPage\":{\"@id\":\"https:\/\/www.miomiorun.com\/fr\/produit\/dolomiti-wind-vest-femme\/#primaryimage\"},\"image\":{\"@id\":\"https:\/\/www.miomiorun.com\/fr\/produit\/dolomiti-wind-vest-femme\/#primaryimage\"},\"thumbnailUrl\":\"https:\/\/www.miomiorun.com\/app\/uploads\/2025\/11\/montura-Dolomiti-wind-vest-W-black-melon-MVVW49W.90354.webp\",\"datePublished\":\"2025-10-23T08:00:34+00:00\",\"dateModified\":\"2026-04-17T08:32:32+00:00\",\"description\":\"Gilet technique softshell coupe-vent en tissu stretch, int\u00e9rieur thermique respirant et traitement DWR \u00e9cologique pour les activit\u00e9s de plein air et un usage quotidien.\",\"breadcrumb\":{\"@id\":\"https:\/\/www.miomiorun.com\/fr\/produit\/dolomiti-wind-vest-femme\/#breadcrumb\"},\"inLanguage\":\"fr-FR\",\"potentialAction\":[{\"@type\":\"ReadAction\",\"target\":[\"https:\/\/www.miomiorun.com\/fr\/produit\/dolomiti-wind-vest-femme\/\"]}]},{\"@type\":\"ImageObject\",\"inLanguage\":\"fr-FR\",\"@id\":\"https:\/\/www.miomiorun.com\/fr\/produit\/dolomiti-wind-vest-femme\/#primaryimage\",\"url\":\"https:\/\/www.miomiorun.com\/app\/uploads\/2025\/11\/montura-Dolomiti-wind-vest-W-black-melon-MVVW49W.90354.webp\",\"contentUrl\":\"https:\/\/www.miomiorun.com\/app\/uploads\/2025\/11\/montura-Dolomiti-wind-vest-W-black-melon-MVVW49W.90354.webp\",\"width\":720,\"height\":720,\"caption\":\"montura Dolomiti wind vest W black melon MVVW49W.90354\"},{\"@type\":\"BreadcrumbList\",\"@id\":\"https:\/\/www.miomiorun.com\/fr\/produit\/dolomiti-wind-vest-femme\/#breadcrumb\",\"itemListElement\":[{\"@type\":\"ListItem\",\"position\":1,\"name\":\"Home\",\"item\":\"https:\/\/www.miomiorun.com\/fr\/home-page\/\"},{\"@type\":\"ListItem\",\"position\":2,\"name\":\"Shop\",\"item\":\"https:\/\/www.miomiorun.com\/shop\/\"},{\"@type\":\"ListItem\",\"position\":3,\"name\":\"Dolomiti wind vest femme\"}]},{\"@type\":\"WebSite\",\"@id\":\"https:\/\/www.miomiorun.com\/fr\/#website\",\"url\":\"https:\/\/www.miomiorun.com\/fr\/\",\"name\":\"MioMioRun\",\"description\":\"Boutique 100% running et trail\",\"publisher\":{\"@id\":\"https:\/\/www.miomiorun.com\/fr\/#organization\"},\"potentialAction\":[{\"@type\":\"SearchAction\",\"target\":{\"@type\":\"EntryPoint\",\"urlTemplate\":\"https:\/\/www.miomiorun.com\/fr\/?s={search_term_string}\"},\"query-input\":{\"@type\":\"PropertyValueSpecification\",\"valueRequired\":true,\"valueName\":\"search_term_string\"}}],\"inLanguage\":\"fr-FR\"},{\"@type\":\"Organization\",\"@id\":\"https:\/\/www.miomiorun.com\/fr\/#organization\",\"name\":\"MioMio Run\",\"url\":\"https:\/\/www.miomiorun.com\/fr\/\",\"logo\":{\"@type\":\"ImageObject\",\"inLanguage\":\"fr-FR\",\"@id\":\"https:\/\/www.miomiorun.com\/fr\/#\/schema\/logo\/image\/\",\"url\":\"https:\/\/www.miomiorun.com\/app\/uploads\/2019\/12\/logomio.png\",\"contentUrl\":\"https:\/\/www.miomiorun.com\/app\/uploads\/2019\/12\/logomio.png\",\"width\":115,\"height\":82,\"caption\":\"MioMio Run\"},\"image\":{\"@id\":\"https:\/\/www.miomiorun.com\/fr\/#\/schema\/logo\/image\/\"},\"sameAs\":[\"https:\/\/www.facebook.com\/miomiorun\/\",\"https:\/\/www.instagram.com\/miomiorun\/\"]}]}<\/script>\n<!-- \/ Yoast SEO plugin. -->","yoast_head_json":{"title":"Montura Dolomiti wind vest femme - gilet femme MioMioRun.com","description":"Gilet technique softshell coupe-vent en tissu stretch, int\u00e9rieur thermique respirant et traitement DWR \u00e9cologique pour les activit\u00e9s de plein air et un usage quotidien.","robots":{"index":"index","follow":"follow","max-snippet":"max-snippet:-1","max-image-preview":"max-image-preview:large","max-video-preview":"max-video-preview:-1"},"canonical":"https:\/\/www.miomiorun.com\/fr\/produit\/dolomiti-wind-vest-femme\/","og_locale":"fr_FR","og_type":"article","og_title":"Montura Dolomiti wind vest femme - gilet femme MioMioRun.com","og_description":"Gilet technique softshell coupe-vent en tissu stretch, int\u00e9rieur thermique respirant et traitement DWR \u00e9cologique pour les activit\u00e9s de plein air et un usage quotidien.","og_url":"https:\/\/www.miomiorun.com\/fr\/produit\/dolomiti-wind-vest-femme\/","og_site_name":"MioMioRun","article_publisher":"https:\/\/www.facebook.com\/miomiorun\/","article_modified_time":"2026-04-17T08:32:32+00:00","og_image":[{"width":720,"height":720,"url":"https:\/\/www.miomiorun.com\/app\/uploads\/2025\/11\/montura-Dolomiti-wind-vest-W-black-melon-MVVW49W.90354.webp","type":"image\/webp"}],"twitter_card":"summary_large_image","twitter_misc":{"Est. reading time":"1 minute"},"schema":{"@context":"https:\/\/schema.org","@graph":[{"@type":"WebPage","@id":"https:\/\/www.miomiorun.com\/fr\/produit\/dolomiti-wind-vest-femme\/","url":"https:\/\/www.miomiorun.com\/fr\/produit\/dolomiti-wind-vest-femme\/","name":"Montura Dolomiti wind vest femme - gilet femme MioMioRun.com","isPartOf":{"@id":"https:\/\/www.miomiorun.com\/fr\/#website"},"primaryImageOfPage":{"@id":"https:\/\/www.miomiorun.com\/fr\/produit\/dolomiti-wind-vest-femme\/#primaryimage"},"image":{"@id":"https:\/\/www.miomiorun.com\/fr\/produit\/dolomiti-wind-vest-femme\/#primaryimage"},"thumbnailUrl":"https:\/\/www.miomiorun.com\/app\/uploads\/2025\/11\/montura-Dolomiti-wind-vest-W-black-melon-MVVW49W.90354.webp","datePublished":"2025-10-23T08:00:34+00:00","dateModified":"2026-04-17T08:32:32+00:00","description":"Gilet technique softshell coupe-vent en tissu stretch, int\u00e9rieur thermique respirant et traitement DWR \u00e9cologique pour les activit\u00e9s de plein air et un usage quotidien.","breadcrumb":{"@id":"https:\/\/www.miomiorun.com\/fr\/produit\/dolomiti-wind-vest-femme\/#breadcrumb"},"inLanguage":"fr-FR","potentialAction":[{"@type":"ReadAction","target":["https:\/\/www.miomiorun.com\/fr\/produit\/dolomiti-wind-vest-femme\/"]}]},{"@type":"ImageObject","inLanguage":"fr-FR","@id":"https:\/\/www.miomiorun.com\/fr\/produit\/dolomiti-wind-vest-femme\/#primaryimage","url":"https:\/\/www.miomiorun.com\/app\/uploads\/2025\/11\/montura-Dolomiti-wind-vest-W-black-melon-MVVW49W.90354.webp","contentUrl":"https:\/\/www.miomiorun.com\/app\/uploads\/2025\/11\/montura-Dolomiti-wind-vest-W-black-melon-MVVW49W.90354.webp","width":720,"height":720,"caption":"montura Dolomiti wind vest W black melon MVVW49W.90354"},{"@type":"BreadcrumbList","@id":"https:\/\/www.miomiorun.com\/fr\/produit\/dolomiti-wind-vest-femme\/#breadcrumb","itemListElement":[{"@type":"ListItem","position":1,"name":"Home","item":"https:\/\/www.miomiorun.com\/fr\/home-page\/"},{"@type":"ListItem","position":2,"name":"Shop","item":"https:\/\/www.miomiorun.com\/shop\/"},{"@type":"ListItem","position":3,"name":"Dolomiti wind vest femme"}]},{"@type":"WebSite","@id":"https:\/\/www.miomiorun.com\/fr\/#website","url":"https:\/\/www.miomiorun.com\/fr\/","name":"MioMioRun","description":"Boutique 100% running et trail","publisher":{"@id":"https:\/\/www.miomiorun.com\/fr\/#organization"},"potentialAction":[{"@type":"SearchAction","target":{"@type":"EntryPoint","urlTemplate":"https:\/\/www.miomiorun.com\/fr\/?s={search_term_string}"},"query-input":{"@type":"PropertyValueSpecification","valueRequired":true,"valueName":"search_term_string"}}],"inLanguage":"fr-FR"},{"@type":"Organization","@id":"https:\/\/www.miomiorun.com\/fr\/#organization","name":"MioMio Run","url":"https:\/\/www.miomiorun.com\/fr\/","logo":{"@type":"ImageObject","inLanguage":"fr-FR","@id":"https:\/\/www.miomiorun.com\/fr\/#\/schema\/logo\/image\/","url":"https:\/\/www.miomiorun.com\/app\/uploads\/2019\/12\/logomio.png","contentUrl":"https:\/\/www.miomiorun.com\/app\/uploads\/2019\/12\/logomio.png","width":115,"height":82,"caption":"MioMio Run"},"image":{"@id":"https:\/\/www.miomiorun.com\/fr\/#\/schema\/logo\/image\/"},"sameAs":["https:\/\/www.facebook.com\/miomiorun\/","https:\/\/www.instagram.com\/miomiorun\/"]}]}},"_links":{"self":[{"href":"https:\/\/www.miomiorun.com\/fr\/wp-json\/wp\/v2\/product\/363646","targetHints":{"allow":["GET"]}}],"collection":[{"href":"https:\/\/www.miomiorun.com\/fr\/wp-json\/wp\/v2\/product"}],"about":[{"href":"https:\/\/www.miomiorun.com\/fr\/wp-json\/wp\/v2\/types\/product"}],"wp:featuredmedia":[{"embeddable":true,"href":"https:\/\/www.miomiorun.com\/fr\/wp-json\/wp\/v2\/media\/368102"}],"wp:attachment":[{"href":"https:\/\/www.miomiorun.com\/fr\/wp-json\/wp\/v2\/media?parent=363646"}],"wp:term":[{"taxonomy":"product_brand","embeddable":true,"href":"https:\/\/www.miomiorun.com\/fr\/wp-json\/wp\/v2\/product_brand?post=363646"},{"taxonomy":"product_cat","embeddable":true,"href":"https:\/\/www.miomiorun.com\/fr\/wp-json\/wp\/v2\/product_cat?post=363646"},{"taxonomy":"product_tag","embeddable":true,"href":"https:\/\/www.miomiorun.com\/fr\/wp-json\/wp\/v2\/product_tag?post=363646"}],"curies":[{"name":"wp","href":"https:\/\/api.w.org\/{rel}","templated":true}]}}