{"id":363457,"date":"2025-10-23T09:22:47","date_gmt":"2025-10-23T07:22:47","guid":{"rendered":"https:\/\/www.miomiorun.com\/?post_type=product&#038;p=363457"},"modified":"2026-04-17T10:33:19","modified_gmt":"2026-04-17T08:33:19","slug":"aero-blaze-3-grvl-gtx-homme","status":"publish","type":"product","link":"https:\/\/www.miomiorun.com\/fr\/produit\/aero-blaze-3-grvl-gtx-homme\/","title":{"rendered":"Aero Blaze 3 Grvl GTX homme"},"content":{"rendered":"<table style=\"border-collapse: collapse;width: 100%\">\n<tbody>\n<tr>\n<td style=\"width: 33.333%\">\n<h4>Caract\u00e9ristiques techniques<\/h4>\n<p>Cat\u00e9gorie : Amorti sup\u00e9rieur<\/p>\n<p>Poids : 283 g<\/p>\n<p>Drop : 8 mm<\/p>\n<p>Id\u00e9al pour : les coureurs qui recherchent une combinaison entre asphalte et chemin de terre sans renoncer \u00e0 la protection, au confort et \u00e0 l&#8217;amorti<br \/>\n<a href=\"https:\/\/miomiorun.com\/guida-alle-specifiche-tecniche\/\">Guide des sp\u00e9cifications techniques<\/a><\/p>\n<p>&nbsp;<\/p>\n<p>&nbsp;<\/p>\n<div style=\"width: 516px;\" class=\"wp-video\"><video class=\"wp-video-shortcode\" id=\"video-363457-1\" width=\"516\" height=\"618\" loop autoplay preload=\"metadata\" controls=\"controls\"><source type=\"video\/webm\" src=\"https:\/\/miomiorun.com\/wp-content\/uploads\/2025\/04\/aero-blaze-3-grvl.webm?_=1\" \/><a href=\"https:\/\/miomiorun.com\/wp-content\/uploads\/2025\/04\/aero-blaze-3-grvl.webm\">https:\/\/miomiorun.com\/wp-content\/uploads\/2025\/04\/aero-blaze-3-grvl.webm<\/a><\/video><\/div>\n<p>&nbsp;<\/td>\n<td style=\"width: 66.6666%\">Chers amateurs de course \u00e0 pied,<\/p>\n<p data-start=\"334\" data-end=\"608\">Si vous \u00eates pr\u00eat \u00e0 sortir des sentiers battus et \u00e0 repousser vos limites, d\u00e9couvrez <strong data-start=\"409\" data-end=\"434\">Aero Blaze 3 Grvl GTX<\/strong>, la chaussure imperm\u00e9able qui red\u00e9finit la course \u00e0 pied. Ce n&#8217;est pas seulement une chaussure de course, mais une invitation \u00e0 affronter <strong data-start=\"556\" data-end=\"605\">de nouveaux parcours et de nouvelles conditions m\u00e9t\u00e9orologiques sans crainte<\/strong>.<\/p>\n<p data-start=\"610\" data-end=\"898\">Gr\u00e2ce \u00e0 la <strong data-start=\"622\" data-end=\"644\">membrane GORE-TEX\u00ae<\/strong>, l&#8217;Aero Blaze 3 Grvl GTX offre une <strong data-start=\"674\" data-end=\"716\">protection totale contre la pluie et l&#8217;humidit\u00e9<\/strong>, gardant vos pieds au sec et \u00e0 l&#8217;aise sur tous les terrains. Chaque course, du bitume urbain aux chemins de terre, devient une occasion d&#8217;explorer et de vous d\u00e9passer.<\/p>\n<p data-start=\"900\" data-end=\"1211\">La <strong data-start=\"903\" data-end=\"933\">technologie Energy Foam Evo<\/strong> de la semelle interm\u00e9diaire assure un amorti r\u00e9actif et des atterrissages en douceur, tandis que la <strong data-start=\"1019\" data-end=\"1045\">semelle \u00e0 haute adh\u00e9rence<\/strong> garantit une traction s\u00fbre m\u00eame sur les surfaces mouill\u00e9es. Avec son <strong data-start=\"1112\" data-end=\"1140\">poids plume de seulement 248 g<\/strong> et un <strong data-start=\"1146\" data-end=\"1162\">drop de 8 mm<\/strong>, elle offre une foul\u00e9e fluide, stable et naturelle.<\/p>\n<p data-start=\"1213\" data-end=\"1435\">Que vous couriez deux ou trois fois par semaine ou que vous recherchiez une chaussure fiable pour toutes les saisons, l&#8217;<strong data-start=\"1311\" data-end=\"1336\">Aero Blaze 3 Grvl GTX<\/strong> allie <strong data-start=\"1345\" data-end=\"1382\">polyvalence, confort et protection<\/strong> pour vous permettre de courir o\u00f9 vous voulez, quand vous voulez.\n<\/p>\n<\/p>\n<\/td>\n<\/tr>\n<\/tbody>\n<\/table>\n<p>&nbsp;<\/p>\n","protected":false},"excerpt":{"rendered":"<p>Caract\u00e9ristiques techniques Cat\u00e9gorie : Amorti sup\u00e9rieur Poids : 283 g Drop : 8 mm Id\u00e9al pour : les coureurs qui recherchent une combinaison entre asphalte et chemin de terre sans renoncer \u00e0 la protection, au confort et \u00e0 l&#8217;amorti Guide des sp\u00e9cifications techniques &nbsp; &nbsp; &nbsp; Chers amateurs de course \u00e0 pied, Si vous \u00eates &hellip; <a href=\"https:\/\/www.miomiorun.com\/fr\/produit\/aero-blaze-3-grvl-gtx-homme\/\">Continued<\/a><\/p>\n","protected":false},"featured_media":364948,"template":"","meta":{"_acf_changed":false,"inline_featured_image":false},"product_brand":[],"product_cat":[24448,24445],"product_tag":[23581,23580],"class_list":{"0":"post-363457","1":"product","2":"type-product","3":"status-publish","4":"has-post-thumbnail","6":"product_cat-chaussures-pour-hommes-fr","7":"product_cat-trail-fr-3","8":"product_tag-salomon-fr","9":"product_tag-salomon-homme","10":"pa_attivita-marcher","11":"pa_attivita-outdoor-fr","12":"pa_attivita-trail-fr","13":"pa_colore-aero-blaze-3-grvl-gtx-black-asphalt-blac","14":"pa_colore-aero-blaze-3-grvl-gtx-vanilla-astral-lem-fr","15":"pa_marca-salomon-fr","16":"pa_sesso-homme","17":"pa_size-42-fr","19":"pa_size-43-fr","20":"pa_size-44-fr","22":"pa_size-45-fr","23":"pa_size-46-fr","26":"first","27":"instock","28":"sale","29":"taxable","30":"shipping-taxable","31":"purchasable","32":"product-type-variable","33":"wvs-archive-product-wrapper"},"acf":[],"yoast_head":"<!-- This site is optimized with the Yoast SEO plugin v26.8 - https:\/\/yoast.com\/product\/yoast-seo-wordpress\/ -->\n<title>Salomon Aero Blaze 3 Grvl GTX homme - chaussures de course pour homme - MioMioRun<\/title>\n<meta name=\"description\" content=\"L&#039;Aero Blaze 3 Grvl GTX est la chaussure de course l\u00e9g\u00e8re et polyvalente que vous recherchiez. Parfaite pour passer du bitume au chemin de terre et vice versa.\" \/>\n<meta name=\"robots\" content=\"index, follow, max-snippet:-1, max-image-preview:large, max-video-preview:-1\" \/>\n<link rel=\"canonical\" href=\"https:\/\/www.miomiorun.com\/fr\/produit\/aero-blaze-3-grvl-gtx-homme\/\" \/>\n<meta property=\"og:locale\" content=\"fr_FR\" \/>\n<meta property=\"og:type\" content=\"article\" \/>\n<meta property=\"og:title\" content=\"Salomon Aero Blaze 3 Grvl GTX homme - chaussures de course pour homme - MioMioRun\" \/>\n<meta property=\"og:description\" content=\"L&#039;Aero Blaze 3 Grvl GTX est la chaussure de course l\u00e9g\u00e8re et polyvalente que vous recherchiez. Parfaite pour passer du bitume au chemin de terre et vice versa.\" \/>\n<meta property=\"og:url\" content=\"https:\/\/www.miomiorun.com\/fr\/produit\/aero-blaze-3-grvl-gtx-homme\/\" \/>\n<meta property=\"og:site_name\" content=\"MioMioRun\" \/>\n<meta property=\"article:publisher\" content=\"https:\/\/www.facebook.com\/miomiorun\/\" \/>\n<meta property=\"article:modified_time\" content=\"2026-04-17T08:33:19+00:00\" \/>\n<meta property=\"og:image\" content=\"https:\/\/www.miomiorun.com\/app\/uploads\/2025\/10\/salomon-Aero-Blaze-3-GRVL-GTX-vanilla-astral-lem-L47953200.webp\" \/>\n\t<meta property=\"og:image:width\" content=\"720\" \/>\n\t<meta property=\"og:image:height\" content=\"720\" \/>\n\t<meta property=\"og:image:type\" content=\"image\/webp\" \/>\n<meta name=\"twitter:card\" content=\"summary_large_image\" \/>\n<meta name=\"twitter:label1\" content=\"Est. reading time\" \/>\n\t<meta name=\"twitter:data1\" content=\"1 minute\" \/>\n<script type=\"application\/ld+json\" class=\"yoast-schema-graph\">{\"@context\":\"https:\/\/schema.org\",\"@graph\":[{\"@type\":\"WebPage\",\"@id\":\"https:\/\/www.miomiorun.com\/fr\/produit\/aero-blaze-3-grvl-gtx-homme\/\",\"url\":\"https:\/\/www.miomiorun.com\/fr\/produit\/aero-blaze-3-grvl-gtx-homme\/\",\"name\":\"Salomon Aero Blaze 3 Grvl GTX homme - chaussures de course pour homme - MioMioRun\",\"isPartOf\":{\"@id\":\"https:\/\/www.miomiorun.com\/fr\/#website\"},\"primaryImageOfPage\":{\"@id\":\"https:\/\/www.miomiorun.com\/fr\/produit\/aero-blaze-3-grvl-gtx-homme\/#primaryimage\"},\"image\":{\"@id\":\"https:\/\/www.miomiorun.com\/fr\/produit\/aero-blaze-3-grvl-gtx-homme\/#primaryimage\"},\"thumbnailUrl\":\"https:\/\/www.miomiorun.com\/app\/uploads\/2025\/10\/salomon-Aero-Blaze-3-GRVL-GTX-vanilla-astral-lem-L47953200.webp\",\"datePublished\":\"2025-10-23T07:22:47+00:00\",\"dateModified\":\"2026-04-17T08:33:19+00:00\",\"description\":\"L'Aero Blaze 3 Grvl GTX est la chaussure de course l\u00e9g\u00e8re et polyvalente que vous recherchiez. Parfaite pour passer du bitume au chemin de terre et vice versa.\",\"breadcrumb\":{\"@id\":\"https:\/\/www.miomiorun.com\/fr\/produit\/aero-blaze-3-grvl-gtx-homme\/#breadcrumb\"},\"inLanguage\":\"fr-FR\",\"potentialAction\":[{\"@type\":\"ReadAction\",\"target\":[\"https:\/\/www.miomiorun.com\/fr\/produit\/aero-blaze-3-grvl-gtx-homme\/\"]}]},{\"@type\":\"ImageObject\",\"inLanguage\":\"fr-FR\",\"@id\":\"https:\/\/www.miomiorun.com\/fr\/produit\/aero-blaze-3-grvl-gtx-homme\/#primaryimage\",\"url\":\"https:\/\/www.miomiorun.com\/app\/uploads\/2025\/10\/salomon-Aero-Blaze-3-GRVL-GTX-vanilla-astral-lem-L47953200.webp\",\"contentUrl\":\"https:\/\/www.miomiorun.com\/app\/uploads\/2025\/10\/salomon-Aero-Blaze-3-GRVL-GTX-vanilla-astral-lem-L47953200.webp\",\"width\":720,\"height\":720,\"caption\":\"salomon Aero Blaze 3 GRVL GTX vanilla astral lem L47953200\"},{\"@type\":\"BreadcrumbList\",\"@id\":\"https:\/\/www.miomiorun.com\/fr\/produit\/aero-blaze-3-grvl-gtx-homme\/#breadcrumb\",\"itemListElement\":[{\"@type\":\"ListItem\",\"position\":1,\"name\":\"Home\",\"item\":\"https:\/\/www.miomiorun.com\/fr\/home-page\/\"},{\"@type\":\"ListItem\",\"position\":2,\"name\":\"Shop\",\"item\":\"https:\/\/www.miomiorun.com\/shop\/\"},{\"@type\":\"ListItem\",\"position\":3,\"name\":\"Aero Blaze 3 Grvl GTX homme\"}]},{\"@type\":\"WebSite\",\"@id\":\"https:\/\/www.miomiorun.com\/fr\/#website\",\"url\":\"https:\/\/www.miomiorun.com\/fr\/\",\"name\":\"MioMioRun\",\"description\":\"Boutique 100% running et trail\",\"publisher\":{\"@id\":\"https:\/\/www.miomiorun.com\/fr\/#organization\"},\"potentialAction\":[{\"@type\":\"SearchAction\",\"target\":{\"@type\":\"EntryPoint\",\"urlTemplate\":\"https:\/\/www.miomiorun.com\/fr\/?s={search_term_string}\"},\"query-input\":{\"@type\":\"PropertyValueSpecification\",\"valueRequired\":true,\"valueName\":\"search_term_string\"}}],\"inLanguage\":\"fr-FR\"},{\"@type\":\"Organization\",\"@id\":\"https:\/\/www.miomiorun.com\/fr\/#organization\",\"name\":\"MioMio Run\",\"url\":\"https:\/\/www.miomiorun.com\/fr\/\",\"logo\":{\"@type\":\"ImageObject\",\"inLanguage\":\"fr-FR\",\"@id\":\"https:\/\/www.miomiorun.com\/fr\/#\/schema\/logo\/image\/\",\"url\":\"https:\/\/www.miomiorun.com\/app\/uploads\/2019\/12\/logomio.png\",\"contentUrl\":\"https:\/\/www.miomiorun.com\/app\/uploads\/2019\/12\/logomio.png\",\"width\":115,\"height\":82,\"caption\":\"MioMio Run\"},\"image\":{\"@id\":\"https:\/\/www.miomiorun.com\/fr\/#\/schema\/logo\/image\/\"},\"sameAs\":[\"https:\/\/www.facebook.com\/miomiorun\/\",\"https:\/\/www.instagram.com\/miomiorun\/\"]}]}<\/script>\n<!-- \/ Yoast SEO plugin. -->","yoast_head_json":{"title":"Salomon Aero Blaze 3 Grvl GTX homme - chaussures de course pour homme - MioMioRun","description":"L'Aero Blaze 3 Grvl GTX est la chaussure de course l\u00e9g\u00e8re et polyvalente que vous recherchiez. Parfaite pour passer du bitume au chemin de terre et vice versa.","robots":{"index":"index","follow":"follow","max-snippet":"max-snippet:-1","max-image-preview":"max-image-preview:large","max-video-preview":"max-video-preview:-1"},"canonical":"https:\/\/www.miomiorun.com\/fr\/produit\/aero-blaze-3-grvl-gtx-homme\/","og_locale":"fr_FR","og_type":"article","og_title":"Salomon Aero Blaze 3 Grvl GTX homme - chaussures de course pour homme - MioMioRun","og_description":"L'Aero Blaze 3 Grvl GTX est la chaussure de course l\u00e9g\u00e8re et polyvalente que vous recherchiez. Parfaite pour passer du bitume au chemin de terre et vice versa.","og_url":"https:\/\/www.miomiorun.com\/fr\/produit\/aero-blaze-3-grvl-gtx-homme\/","og_site_name":"MioMioRun","article_publisher":"https:\/\/www.facebook.com\/miomiorun\/","article_modified_time":"2026-04-17T08:33:19+00:00","og_image":[{"width":720,"height":720,"url":"https:\/\/www.miomiorun.com\/app\/uploads\/2025\/10\/salomon-Aero-Blaze-3-GRVL-GTX-vanilla-astral-lem-L47953200.webp","type":"image\/webp"}],"twitter_card":"summary_large_image","twitter_misc":{"Est. reading time":"1 minute"},"schema":{"@context":"https:\/\/schema.org","@graph":[{"@type":"WebPage","@id":"https:\/\/www.miomiorun.com\/fr\/produit\/aero-blaze-3-grvl-gtx-homme\/","url":"https:\/\/www.miomiorun.com\/fr\/produit\/aero-blaze-3-grvl-gtx-homme\/","name":"Salomon Aero Blaze 3 Grvl GTX homme - chaussures de course pour homme - MioMioRun","isPartOf":{"@id":"https:\/\/www.miomiorun.com\/fr\/#website"},"primaryImageOfPage":{"@id":"https:\/\/www.miomiorun.com\/fr\/produit\/aero-blaze-3-grvl-gtx-homme\/#primaryimage"},"image":{"@id":"https:\/\/www.miomiorun.com\/fr\/produit\/aero-blaze-3-grvl-gtx-homme\/#primaryimage"},"thumbnailUrl":"https:\/\/www.miomiorun.com\/app\/uploads\/2025\/10\/salomon-Aero-Blaze-3-GRVL-GTX-vanilla-astral-lem-L47953200.webp","datePublished":"2025-10-23T07:22:47+00:00","dateModified":"2026-04-17T08:33:19+00:00","description":"L'Aero Blaze 3 Grvl GTX est la chaussure de course l\u00e9g\u00e8re et polyvalente que vous recherchiez. Parfaite pour passer du bitume au chemin de terre et vice versa.","breadcrumb":{"@id":"https:\/\/www.miomiorun.com\/fr\/produit\/aero-blaze-3-grvl-gtx-homme\/#breadcrumb"},"inLanguage":"fr-FR","potentialAction":[{"@type":"ReadAction","target":["https:\/\/www.miomiorun.com\/fr\/produit\/aero-blaze-3-grvl-gtx-homme\/"]}]},{"@type":"ImageObject","inLanguage":"fr-FR","@id":"https:\/\/www.miomiorun.com\/fr\/produit\/aero-blaze-3-grvl-gtx-homme\/#primaryimage","url":"https:\/\/www.miomiorun.com\/app\/uploads\/2025\/10\/salomon-Aero-Blaze-3-GRVL-GTX-vanilla-astral-lem-L47953200.webp","contentUrl":"https:\/\/www.miomiorun.com\/app\/uploads\/2025\/10\/salomon-Aero-Blaze-3-GRVL-GTX-vanilla-astral-lem-L47953200.webp","width":720,"height":720,"caption":"salomon Aero Blaze 3 GRVL GTX vanilla astral lem L47953200"},{"@type":"BreadcrumbList","@id":"https:\/\/www.miomiorun.com\/fr\/produit\/aero-blaze-3-grvl-gtx-homme\/#breadcrumb","itemListElement":[{"@type":"ListItem","position":1,"name":"Home","item":"https:\/\/www.miomiorun.com\/fr\/home-page\/"},{"@type":"ListItem","position":2,"name":"Shop","item":"https:\/\/www.miomiorun.com\/shop\/"},{"@type":"ListItem","position":3,"name":"Aero Blaze 3 Grvl GTX homme"}]},{"@type":"WebSite","@id":"https:\/\/www.miomiorun.com\/fr\/#website","url":"https:\/\/www.miomiorun.com\/fr\/","name":"MioMioRun","description":"Boutique 100% running et trail","publisher":{"@id":"https:\/\/www.miomiorun.com\/fr\/#organization"},"potentialAction":[{"@type":"SearchAction","target":{"@type":"EntryPoint","urlTemplate":"https:\/\/www.miomiorun.com\/fr\/?s={search_term_string}"},"query-input":{"@type":"PropertyValueSpecification","valueRequired":true,"valueName":"search_term_string"}}],"inLanguage":"fr-FR"},{"@type":"Organization","@id":"https:\/\/www.miomiorun.com\/fr\/#organization","name":"MioMio Run","url":"https:\/\/www.miomiorun.com\/fr\/","logo":{"@type":"ImageObject","inLanguage":"fr-FR","@id":"https:\/\/www.miomiorun.com\/fr\/#\/schema\/logo\/image\/","url":"https:\/\/www.miomiorun.com\/app\/uploads\/2019\/12\/logomio.png","contentUrl":"https:\/\/www.miomiorun.com\/app\/uploads\/2019\/12\/logomio.png","width":115,"height":82,"caption":"MioMio Run"},"image":{"@id":"https:\/\/www.miomiorun.com\/fr\/#\/schema\/logo\/image\/"},"sameAs":["https:\/\/www.facebook.com\/miomiorun\/","https:\/\/www.instagram.com\/miomiorun\/"]}]}},"_links":{"self":[{"href":"https:\/\/www.miomiorun.com\/fr\/wp-json\/wp\/v2\/product\/363457","targetHints":{"allow":["GET"]}}],"collection":[{"href":"https:\/\/www.miomiorun.com\/fr\/wp-json\/wp\/v2\/product"}],"about":[{"href":"https:\/\/www.miomiorun.com\/fr\/wp-json\/wp\/v2\/types\/product"}],"wp:featuredmedia":[{"embeddable":true,"href":"https:\/\/www.miomiorun.com\/fr\/wp-json\/wp\/v2\/media\/364948"}],"wp:attachment":[{"href":"https:\/\/www.miomiorun.com\/fr\/wp-json\/wp\/v2\/media?parent=363457"}],"wp:term":[{"taxonomy":"product_brand","embeddable":true,"href":"https:\/\/www.miomiorun.com\/fr\/wp-json\/wp\/v2\/product_brand?post=363457"},{"taxonomy":"product_cat","embeddable":true,"href":"https:\/\/www.miomiorun.com\/fr\/wp-json\/wp\/v2\/product_cat?post=363457"},{"taxonomy":"product_tag","embeddable":true,"href":"https:\/\/www.miomiorun.com\/fr\/wp-json\/wp\/v2\/product_tag?post=363457"}],"curies":[{"name":"wp","href":"https:\/\/api.w.org\/{rel}","templated":true}]}}