{"id":363223,"date":"2025-06-04T11:41:42","date_gmt":"2025-06-04T09:41:42","guid":{"rendered":"https:\/\/www.miomiorun.com\/prodotto\/treadflow-uomo\/"},"modified":"2025-12-12T11:41:11","modified_gmt":"2025-12-12T10:41:11","slug":"treadflow-homme","status":"publish","type":"product","link":"https:\/\/www.miomiorun.com\/fr\/produit\/treadflow-homme\/","title":{"rendered":"Treadflow homme"},"content":{"rendered":"<p><div class=\"vc-row container\"><div class=\"vc-column\"><div class=\"vc-column-text\"><\/p>\n<p><strong>Caract\u00e9ristiques techniques<\/strong><\/p>\n<p>Cat\u00e9gorie : amorti r\u00e9actif<br \/>\nD\u00e9calage : 10 mm (talon 32 mm \/ avant-pied 22 mm)<br \/>\nPoids : 220,0 grammes (taille UK 8,5)<br \/>\nId\u00e9al pour : salle de sport et activit\u00e9s de fitness.<br \/>\nPoids de l&#8217;athl\u00e8te : 60-80 kg<br \/>\nAllure de course : moyenne (5,00 min\/km)<br \/>\n<a href=\"https:\/\/miomiorun.com\/guida-alle-specifiche-tecniche\/\">Guide des sp\u00e9cifications techniques<\/a><\/p>\n<p><\/div><\/div><div class=\"vc-column\"><div class=\"vc-column-text\"><\/p>\n<p data-start=\"184\" data-end=\"562\">Trouvez votre rythme m\u00eame en salle avec les <strong data-start=\"226\" data-end=\"246\">adidas Treadflow<\/strong>, des chaussures de course sp\u00e9cialement con\u00e7ues pour les s\u00e9ances sur tapis roulant. <strong data-start=\"324\" data-end=\"387\">L\u00e9g\u00e8res, respirantes et con\u00e7ues pour une fra\u00eecheur maximale<\/strong>, ces chaussures combinent une tige en mesh technique avec la technologie avanc\u00e9e <strong data-start=\"466\" data-end=\"479\">CLIMACOOL<\/strong>, qui garde vos pieds au sec et \u00e0 l&#8217;aise m\u00eame pendant les entra\u00eenements les plus intenses.<\/p>\n<p data-start=\"564\" data-end=\"857\">L&#8217;<strong data-start=\"566\" data-end=\"601\">amorti Lightstrike Pro<\/strong> offre une foul\u00e9e r\u00e9active et \u00e9nergique, tandis que la conception ergonomique avec un <strong data-start=\"672\" data-end=\"689\">drop de 10 mm<\/strong> garantit stabilit\u00e9 et confort \u00e0 chaque foul\u00e9e. Avec un poids de seulement <strong data-start=\"759\" data-end=\"773\">220 grammes<\/strong> (taille UK 8,5), elles sont id\u00e9ales pour ceux qui recherchent la vitesse et la l\u00e9g\u00e8ret\u00e9 sans compromis.<\/p>\n<h4 data-start=\"864\" data-end=\"900\"><strong data-start=\"869\" data-end=\"900\">Caract\u00e9ristiques principales :<\/strong><\/h4>\n<ul data-start=\"901\" data-end=\"1315\">\n<li data-start=\"901\" data-end=\"948\">\n<p data-start=\"903\" data-end=\"948\">Coupe r\u00e9guli\u00e8re avec <strong data-start=\"928\" data-end=\"948\">fermeture \u00e0 lacets<\/strong><\/p>\n<\/li>\n<li data-start=\"949\" data-end=\"1003\">\n<p data-start=\"951\" data-end=\"1003\">Tige en <strong data-start=\"961\" data-end=\"981\">mesh respirant<\/strong> et mati\u00e8re synth\u00e9tique<\/p>\n<\/li>\n<li data-start=\"1004\" data-end=\"1081\">\n<p data-start=\"1006\" data-end=\"1081\">Technologie <strong data-start=\"1017\" data-end=\"1030\">CLIMACOOL<\/strong> : gestion optimale de la transpiration et s\u00e9chage rapide<\/p>\n<\/li>\n<li data-start=\"1082\" data-end=\"1155\">\n<p data-start=\"1084\" data-end=\"1155\"><strong data-start=\"1084\" data-end=\"1119\">Amorti Lightstrike Pro<\/strong> pour un meilleur retour d&#8217;\u00e9nergie<\/p>\n<\/li>\n<li data-start=\"1156\" data-end=\"1218\">\n<p data-start=\"1158\" data-end=\"1218\">Semelle en caoutchouc pour une traction durable sur les surfaces int\u00e9rieures<\/p>\n<\/li>\n<\/ul>\n<p><\/div><\/div><\/div><div class=\"vc-row container\"><div class=\"vc-column\"><div style=\"height:32px\" class=\"vc-empty-space\"><\/div><\/div><\/div><\/p><\/p>\n","protected":false},"excerpt":{"rendered":"<ul>\n<li>amorti Lightstrike Pro<\/li>\n<li>technologie CLIMACOOL<\/li>\n<\/ul>\n","protected":false},"featured_media":316788,"template":"","meta":{"_acf_changed":false,"inline_featured_image":false},"product_brand":[],"product_cat":[24448,24447],"product_tag":[23557,23564],"class_list":{"0":"post-363223","1":"product","2":"type-product","3":"status-publish","4":"has-post-thumbnail","6":"product_cat-chaussures-pour-hommes-fr","7":"product_cat-neutre-fr-3","8":"product_tag-adidas-fr","9":"product_tag-adidas-homme","10":"pa_attivita-fitness-fr","11":"pa_attivita-running-fr","12":"pa_colore-treadflow-minton-purtea-powtea-fr","13":"pa_marca-adidas-fr","14":"pa_sesso-homme","15":"pa_size-42-fr","17":"pa_size-43-fr","18":"pa_size-45-fr","19":"pa_size-46-fr","21":"first","22":"instock","23":"sale","24":"taxable","25":"shipping-taxable","26":"purchasable","27":"product-type-variable","28":"wvs-archive-product-wrapper"},"acf":[],"yoast_head":"<!-- This site is optimized with the Yoast SEO plugin v26.8 - https:\/\/yoast.com\/product\/yoast-seo-wordpress\/ -->\n<title>Adidas Treadflow homme - chaussures de course pour homme - MioMioRun<\/title>\n<meta name=\"description\" content=\"Chaussures de course adidas Treadflow l\u00e9g\u00e8res et respirantes, id\u00e9ales pour le tapis roulant. CLIMACOOL et Lightstrike Pro pour la fra\u00eecheur et l&#039;amorti.\" \/>\n<meta name=\"robots\" content=\"index, follow, max-snippet:-1, max-image-preview:large, max-video-preview:-1\" \/>\n<link rel=\"canonical\" href=\"https:\/\/www.miomiorun.com\/fr\/produit\/treadflow-homme\/\" \/>\n<meta property=\"og:locale\" content=\"fr_FR\" \/>\n<meta property=\"og:type\" content=\"article\" \/>\n<meta property=\"og:title\" content=\"Adidas Treadflow homme - chaussures de course pour homme - MioMioRun\" \/>\n<meta property=\"og:description\" content=\"Chaussures de course adidas Treadflow l\u00e9g\u00e8res et respirantes, id\u00e9ales pour le tapis roulant. CLIMACOOL et Lightstrike Pro pour la fra\u00eecheur et l&#039;amorti.\" \/>\n<meta property=\"og:url\" content=\"https:\/\/www.miomiorun.com\/fr\/produit\/treadflow-homme\/\" \/>\n<meta property=\"og:site_name\" content=\"MioMioRun\" \/>\n<meta property=\"article:publisher\" content=\"https:\/\/www.facebook.com\/miomiorun\/\" \/>\n<meta property=\"article:modified_time\" content=\"2025-12-12T10:41:11+00:00\" \/>\n<meta property=\"og:image\" content=\"https:\/\/www.miomiorun.com\/app\/uploads\/2025\/06\/adidas-Treadflow-minton-purtea-powtea-JR0433.webp\" \/>\n\t<meta property=\"og:image:width\" content=\"600\" \/>\n\t<meta property=\"og:image:height\" content=\"600\" \/>\n\t<meta property=\"og:image:type\" content=\"image\/webp\" \/>\n<meta name=\"twitter:card\" content=\"summary_large_image\" \/>\n<meta name=\"twitter:label1\" content=\"Est. reading time\" \/>\n\t<meta name=\"twitter:data1\" content=\"1 minute\" \/>\n<script type=\"application\/ld+json\" class=\"yoast-schema-graph\">{\"@context\":\"https:\/\/schema.org\",\"@graph\":[{\"@type\":\"WebPage\",\"@id\":\"https:\/\/www.miomiorun.com\/fr\/produit\/treadflow-homme\/\",\"url\":\"https:\/\/www.miomiorun.com\/fr\/produit\/treadflow-homme\/\",\"name\":\"Adidas Treadflow homme - chaussures de course pour homme - MioMioRun\",\"isPartOf\":{\"@id\":\"https:\/\/www.miomiorun.com\/fr\/#website\"},\"primaryImageOfPage\":{\"@id\":\"https:\/\/www.miomiorun.com\/fr\/produit\/treadflow-homme\/#primaryimage\"},\"image\":{\"@id\":\"https:\/\/www.miomiorun.com\/fr\/produit\/treadflow-homme\/#primaryimage\"},\"thumbnailUrl\":\"https:\/\/www.miomiorun.com\/app\/uploads\/2025\/06\/adidas-Treadflow-minton-purtea-powtea-JR0433.webp\",\"datePublished\":\"2025-06-04T09:41:42+00:00\",\"dateModified\":\"2025-12-12T10:41:11+00:00\",\"description\":\"Chaussures de course adidas Treadflow l\u00e9g\u00e8res et respirantes, id\u00e9ales pour le tapis roulant. CLIMACOOL et Lightstrike Pro pour la fra\u00eecheur et l'amorti.\",\"breadcrumb\":{\"@id\":\"https:\/\/www.miomiorun.com\/fr\/produit\/treadflow-homme\/#breadcrumb\"},\"inLanguage\":\"fr-FR\",\"potentialAction\":[{\"@type\":\"ReadAction\",\"target\":[\"https:\/\/www.miomiorun.com\/fr\/produit\/treadflow-homme\/\"]}]},{\"@type\":\"ImageObject\",\"inLanguage\":\"fr-FR\",\"@id\":\"https:\/\/www.miomiorun.com\/fr\/produit\/treadflow-homme\/#primaryimage\",\"url\":\"https:\/\/www.miomiorun.com\/app\/uploads\/2025\/06\/adidas-Treadflow-minton-purtea-powtea-JR0433.webp\",\"contentUrl\":\"https:\/\/www.miomiorun.com\/app\/uploads\/2025\/06\/adidas-Treadflow-minton-purtea-powtea-JR0433.webp\",\"width\":600,\"height\":600,\"caption\":\"adidas Treadflow minton purtea powtea JR0433\"},{\"@type\":\"BreadcrumbList\",\"@id\":\"https:\/\/www.miomiorun.com\/fr\/produit\/treadflow-homme\/#breadcrumb\",\"itemListElement\":[{\"@type\":\"ListItem\",\"position\":1,\"name\":\"Home\",\"item\":\"https:\/\/www.miomiorun.com\/fr\/home-page\/\"},{\"@type\":\"ListItem\",\"position\":2,\"name\":\"Shop\",\"item\":\"https:\/\/www.miomiorun.com\/shop\/\"},{\"@type\":\"ListItem\",\"position\":3,\"name\":\"Treadflow homme\"}]},{\"@type\":\"WebSite\",\"@id\":\"https:\/\/www.miomiorun.com\/fr\/#website\",\"url\":\"https:\/\/www.miomiorun.com\/fr\/\",\"name\":\"MioMioRun\",\"description\":\"Boutique 100% running et trail\",\"publisher\":{\"@id\":\"https:\/\/www.miomiorun.com\/fr\/#organization\"},\"potentialAction\":[{\"@type\":\"SearchAction\",\"target\":{\"@type\":\"EntryPoint\",\"urlTemplate\":\"https:\/\/www.miomiorun.com\/fr\/?s={search_term_string}\"},\"query-input\":{\"@type\":\"PropertyValueSpecification\",\"valueRequired\":true,\"valueName\":\"search_term_string\"}}],\"inLanguage\":\"fr-FR\"},{\"@type\":\"Organization\",\"@id\":\"https:\/\/www.miomiorun.com\/fr\/#organization\",\"name\":\"MioMio Run\",\"url\":\"https:\/\/www.miomiorun.com\/fr\/\",\"logo\":{\"@type\":\"ImageObject\",\"inLanguage\":\"fr-FR\",\"@id\":\"https:\/\/www.miomiorun.com\/fr\/#\/schema\/logo\/image\/\",\"url\":\"https:\/\/www.miomiorun.com\/app\/uploads\/2019\/12\/logomio.png\",\"contentUrl\":\"https:\/\/www.miomiorun.com\/app\/uploads\/2019\/12\/logomio.png\",\"width\":115,\"height\":82,\"caption\":\"MioMio Run\"},\"image\":{\"@id\":\"https:\/\/www.miomiorun.com\/fr\/#\/schema\/logo\/image\/\"},\"sameAs\":[\"https:\/\/www.facebook.com\/miomiorun\/\",\"https:\/\/www.instagram.com\/miomiorun\/\"]}]}<\/script>\n<!-- \/ Yoast SEO plugin. -->","yoast_head_json":{"title":"Adidas Treadflow homme - chaussures de course pour homme - MioMioRun","description":"Chaussures de course adidas Treadflow l\u00e9g\u00e8res et respirantes, id\u00e9ales pour le tapis roulant. CLIMACOOL et Lightstrike Pro pour la fra\u00eecheur et l'amorti.","robots":{"index":"index","follow":"follow","max-snippet":"max-snippet:-1","max-image-preview":"max-image-preview:large","max-video-preview":"max-video-preview:-1"},"canonical":"https:\/\/www.miomiorun.com\/fr\/produit\/treadflow-homme\/","og_locale":"fr_FR","og_type":"article","og_title":"Adidas Treadflow homme - chaussures de course pour homme - MioMioRun","og_description":"Chaussures de course adidas Treadflow l\u00e9g\u00e8res et respirantes, id\u00e9ales pour le tapis roulant. CLIMACOOL et Lightstrike Pro pour la fra\u00eecheur et l'amorti.","og_url":"https:\/\/www.miomiorun.com\/fr\/produit\/treadflow-homme\/","og_site_name":"MioMioRun","article_publisher":"https:\/\/www.facebook.com\/miomiorun\/","article_modified_time":"2025-12-12T10:41:11+00:00","og_image":[{"width":600,"height":600,"url":"https:\/\/www.miomiorun.com\/app\/uploads\/2025\/06\/adidas-Treadflow-minton-purtea-powtea-JR0433.webp","type":"image\/webp"}],"twitter_card":"summary_large_image","twitter_misc":{"Est. reading time":"1 minute"},"schema":{"@context":"https:\/\/schema.org","@graph":[{"@type":"WebPage","@id":"https:\/\/www.miomiorun.com\/fr\/produit\/treadflow-homme\/","url":"https:\/\/www.miomiorun.com\/fr\/produit\/treadflow-homme\/","name":"Adidas Treadflow homme - chaussures de course pour homme - MioMioRun","isPartOf":{"@id":"https:\/\/www.miomiorun.com\/fr\/#website"},"primaryImageOfPage":{"@id":"https:\/\/www.miomiorun.com\/fr\/produit\/treadflow-homme\/#primaryimage"},"image":{"@id":"https:\/\/www.miomiorun.com\/fr\/produit\/treadflow-homme\/#primaryimage"},"thumbnailUrl":"https:\/\/www.miomiorun.com\/app\/uploads\/2025\/06\/adidas-Treadflow-minton-purtea-powtea-JR0433.webp","datePublished":"2025-06-04T09:41:42+00:00","dateModified":"2025-12-12T10:41:11+00:00","description":"Chaussures de course adidas Treadflow l\u00e9g\u00e8res et respirantes, id\u00e9ales pour le tapis roulant. CLIMACOOL et Lightstrike Pro pour la fra\u00eecheur et l'amorti.","breadcrumb":{"@id":"https:\/\/www.miomiorun.com\/fr\/produit\/treadflow-homme\/#breadcrumb"},"inLanguage":"fr-FR","potentialAction":[{"@type":"ReadAction","target":["https:\/\/www.miomiorun.com\/fr\/produit\/treadflow-homme\/"]}]},{"@type":"ImageObject","inLanguage":"fr-FR","@id":"https:\/\/www.miomiorun.com\/fr\/produit\/treadflow-homme\/#primaryimage","url":"https:\/\/www.miomiorun.com\/app\/uploads\/2025\/06\/adidas-Treadflow-minton-purtea-powtea-JR0433.webp","contentUrl":"https:\/\/www.miomiorun.com\/app\/uploads\/2025\/06\/adidas-Treadflow-minton-purtea-powtea-JR0433.webp","width":600,"height":600,"caption":"adidas Treadflow minton purtea powtea JR0433"},{"@type":"BreadcrumbList","@id":"https:\/\/www.miomiorun.com\/fr\/produit\/treadflow-homme\/#breadcrumb","itemListElement":[{"@type":"ListItem","position":1,"name":"Home","item":"https:\/\/www.miomiorun.com\/fr\/home-page\/"},{"@type":"ListItem","position":2,"name":"Shop","item":"https:\/\/www.miomiorun.com\/shop\/"},{"@type":"ListItem","position":3,"name":"Treadflow homme"}]},{"@type":"WebSite","@id":"https:\/\/www.miomiorun.com\/fr\/#website","url":"https:\/\/www.miomiorun.com\/fr\/","name":"MioMioRun","description":"Boutique 100% running et trail","publisher":{"@id":"https:\/\/www.miomiorun.com\/fr\/#organization"},"potentialAction":[{"@type":"SearchAction","target":{"@type":"EntryPoint","urlTemplate":"https:\/\/www.miomiorun.com\/fr\/?s={search_term_string}"},"query-input":{"@type":"PropertyValueSpecification","valueRequired":true,"valueName":"search_term_string"}}],"inLanguage":"fr-FR"},{"@type":"Organization","@id":"https:\/\/www.miomiorun.com\/fr\/#organization","name":"MioMio Run","url":"https:\/\/www.miomiorun.com\/fr\/","logo":{"@type":"ImageObject","inLanguage":"fr-FR","@id":"https:\/\/www.miomiorun.com\/fr\/#\/schema\/logo\/image\/","url":"https:\/\/www.miomiorun.com\/app\/uploads\/2019\/12\/logomio.png","contentUrl":"https:\/\/www.miomiorun.com\/app\/uploads\/2019\/12\/logomio.png","width":115,"height":82,"caption":"MioMio Run"},"image":{"@id":"https:\/\/www.miomiorun.com\/fr\/#\/schema\/logo\/image\/"},"sameAs":["https:\/\/www.facebook.com\/miomiorun\/","https:\/\/www.instagram.com\/miomiorun\/"]}]}},"_links":{"self":[{"href":"https:\/\/www.miomiorun.com\/fr\/wp-json\/wp\/v2\/product\/363223","targetHints":{"allow":["GET"]}}],"collection":[{"href":"https:\/\/www.miomiorun.com\/fr\/wp-json\/wp\/v2\/product"}],"about":[{"href":"https:\/\/www.miomiorun.com\/fr\/wp-json\/wp\/v2\/types\/product"}],"wp:featuredmedia":[{"embeddable":true,"href":"https:\/\/www.miomiorun.com\/fr\/wp-json\/wp\/v2\/media\/316788"}],"wp:attachment":[{"href":"https:\/\/www.miomiorun.com\/fr\/wp-json\/wp\/v2\/media?parent=363223"}],"wp:term":[{"taxonomy":"product_brand","embeddable":true,"href":"https:\/\/www.miomiorun.com\/fr\/wp-json\/wp\/v2\/product_brand?post=363223"},{"taxonomy":"product_cat","embeddable":true,"href":"https:\/\/www.miomiorun.com\/fr\/wp-json\/wp\/v2\/product_cat?post=363223"},{"taxonomy":"product_tag","embeddable":true,"href":"https:\/\/www.miomiorun.com\/fr\/wp-json\/wp\/v2\/product_tag?post=363223"}],"curies":[{"name":"wp","href":"https:\/\/api.w.org\/{rel}","templated":true}]}}