{"id":363151,"date":"2025-08-14T19:24:51","date_gmt":"2025-08-14T17:24:51","guid":{"rendered":"https:\/\/www.miomiorun.com\/prodotto\/hurricane-25-donna\/"},"modified":"2025-12-12T11:42:23","modified_gmt":"2025-12-12T10:42:23","slug":"hurricane-25-femme","status":"publish","type":"product","link":"https:\/\/www.miomiorun.com\/fr\/produit\/hurricane-25-femme\/","title":{"rendered":"Hurricane 25 femme"},"content":{"rendered":"<div class=\"vc-row container\"><div class=\"vc-column\"><div class=\"vc-column-text\"><\/p>\n<p><strong>Caract\u00e9ristiques techniques<\/strong><\/p>\n<p>Cat\u00e9gorie : amorti structur\u00e9<br \/>\nD\u00e9calage : 6 mm (38\/32 mm)<br \/>\nPoids : 256 g<br \/>\nId\u00e9ales pour : course quotidienne, entra\u00eenements longs et soutien maximal.<br \/>\nPoids de l&#8217;athl\u00e8te : &lt;80 kg<br \/>\nAllure de course : moyenne (6 min\/km)<br \/>\n<a href=\"https:\/\/miomiorun.com\/guida-alle-specifiche-tecniche\/\">Guide des sp\u00e9cifications techniques<\/a><\/p>\n<p><\/div><\/div><div class=\"vc-column\"><div class=\"vc-column-text\"><\/p>\n<p>Les <strong data-start=\"149\" data-end=\"173\">Saucony Hurricane 25<\/strong> sont con\u00e7ues pour vous accompagner dans toutes vos courses quotidiennes en vous offrant une sensation de protection, de puissance et de confort absolu. Gr\u00e2ce \u00e0 leur amorti maximal et \u00e0 leur g\u00e9om\u00e9trie am\u00e9lior\u00e9e, ces chaussures offrent stabilit\u00e9 et fluidit\u00e9 \u00e0 chaque foul\u00e9e, vous permettant de courir en toute confiance, quel que soit votre rythme. La combinaison de la mousse superfoam <strong data-start=\"518\" data-end=\"531\">PWRRUN PB<\/strong>, souple et r\u00e9active, et de la couche \u00e9paisse de <strong data-start=\"575\" data-end=\"585\">PWRRUN<\/strong>, assure un \u00e9quilibre parfait entre souplesse et soutien, tandis que la technologie <strong data-start=\"667\" data-end=\"682\">CenterPath\u2122<\/strong> guide la transition en maintenant l&#8217;alignement du pied. Il en r\u00e9sulte une course plus s\u00fbre, plus fluide et plus naturelle. La maille technique et respirante enveloppe le pied dans un chaussant stable et confortable, id\u00e9al aussi bien pour les coureurs les plus exigeants que pour ceux qui recherchent une chaussure fiable pour leurs courses quotidiennes. Avec les Hurricane 25, chaque pas est synonyme de protection et de confort.<\/p>\n<p><\/div><\/div><\/div>\n","protected":false},"excerpt":{"rendered":"<ul>\n<li>Id\u00e9ales pour&nbsp;la course quotidienne, les entra\u00eenements longs et un soutien maximal<\/li>\n<li>Transitions fluides<\/li>\n<li>Amorti maximal<\/li>\n<\/ul>\n","protected":false},"featured_media":342241,"template":"","meta":{"_acf_changed":false,"inline_featured_image":false},"product_brand":[],"product_cat":[22605,22607],"product_tag":[23579,33803],"class_list":{"0":"post-363151","1":"product","2":"type-product","3":"status-publish","4":"has-post-thumbnail","6":"product_cat-chaussures-pour-femmes","7":"product_cat-ecuries","8":"product_tag-saucony-fr","9":"product_tag-saucony-donna-fr","10":"pa_attivita-lifestyle-fr","11":"pa_attivita-marcher","12":"pa_attivita-running-fr","13":"pa_colore-hurricane-25-w-arctic-white-fr","14":"pa_colore-hurricane-25-w-mist-cameo","15":"pa_colore-hurricane-25-w-thistle-aster-fr","16":"pa_colore-hurricane-25-w-white-cameo-fr","17":"pa_colore-hurricane-25-w-white-navy","18":"pa_marca-saucony-fr","19":"pa_sesso-femme","20":"pa_size-38-fr","21":"pa_size-38-5-fr","22":"pa_size-39-fr","23":"pa_size-40-fr","24":"pa_size-40-5-fr","25":"pa_size-41-fr","26":"pa_size-42-fr","28":"first","29":"instock","30":"sale","31":"taxable","32":"shipping-taxable","33":"purchasable","34":"product-type-variable","35":"wvs-archive-product-wrapper"},"acf":[],"yoast_head":"<!-- This site is optimized with the Yoast SEO plugin v26.8 - https:\/\/yoast.com\/product\/yoast-seo-wordpress\/ -->\n<title>Saucony Hurricane 25 femme - chaussures stables - MioMioRun.com<\/title>\n<meta name=\"description\" content=\"Saucony Hurricane 25 : chaussures de course \u00e0 pied avec amorti maximal PWRRUN PB + PWRRUN, g\u00e9om\u00e9trie CenterPath\u2122 et confort sup\u00e9rieur pour les courses quotidiennes.\" \/>\n<meta name=\"robots\" content=\"index, follow, max-snippet:-1, max-image-preview:large, max-video-preview:-1\" \/>\n<link rel=\"canonical\" href=\"https:\/\/www.miomiorun.com\/fr\/produit\/hurricane-25-femme\/\" \/>\n<meta property=\"og:locale\" content=\"fr_FR\" \/>\n<meta property=\"og:type\" content=\"article\" \/>\n<meta property=\"og:title\" content=\"Saucony Hurricane 25 femme - chaussures stables - MioMioRun.com\" \/>\n<meta property=\"og:description\" content=\"Saucony Hurricane 25 : chaussures de course \u00e0 pied avec amorti maximal PWRRUN PB + PWRRUN, g\u00e9om\u00e9trie CenterPath\u2122 et confort sup\u00e9rieur pour les courses quotidiennes.\" \/>\n<meta property=\"og:url\" content=\"https:\/\/www.miomiorun.com\/fr\/produit\/hurricane-25-femme\/\" \/>\n<meta property=\"og:site_name\" content=\"MioMioRun\" \/>\n<meta property=\"article:publisher\" content=\"https:\/\/www.facebook.com\/miomiorun\/\" \/>\n<meta property=\"article:modified_time\" content=\"2025-12-12T10:42:23+00:00\" \/>\n<meta property=\"og:image\" content=\"https:\/\/www.miomiorun.com\/app\/uploads\/2025\/09\/saucony-Hurricane-25-W-white-cameo-S11026-224.webp\" \/>\n\t<meta property=\"og:image:width\" content=\"720\" \/>\n\t<meta property=\"og:image:height\" content=\"720\" \/>\n\t<meta property=\"og:image:type\" content=\"image\/webp\" \/>\n<meta name=\"twitter:card\" content=\"summary_large_image\" \/>\n<meta name=\"twitter:label1\" content=\"Est. reading time\" \/>\n\t<meta name=\"twitter:data1\" content=\"1 minute\" \/>\n<script type=\"application\/ld+json\" class=\"yoast-schema-graph\">{\"@context\":\"https:\/\/schema.org\",\"@graph\":[{\"@type\":\"WebPage\",\"@id\":\"https:\/\/www.miomiorun.com\/fr\/produit\/hurricane-25-femme\/\",\"url\":\"https:\/\/www.miomiorun.com\/fr\/produit\/hurricane-25-femme\/\",\"name\":\"Saucony Hurricane 25 femme - chaussures stables - MioMioRun.com\",\"isPartOf\":{\"@id\":\"https:\/\/www.miomiorun.com\/fr\/#website\"},\"primaryImageOfPage\":{\"@id\":\"https:\/\/www.miomiorun.com\/fr\/produit\/hurricane-25-femme\/#primaryimage\"},\"image\":{\"@id\":\"https:\/\/www.miomiorun.com\/fr\/produit\/hurricane-25-femme\/#primaryimage\"},\"thumbnailUrl\":\"https:\/\/www.miomiorun.com\/app\/uploads\/2025\/09\/saucony-Hurricane-25-W-white-cameo-S11026-224.webp\",\"datePublished\":\"2025-08-14T17:24:51+00:00\",\"dateModified\":\"2025-12-12T10:42:23+00:00\",\"description\":\"Saucony Hurricane 25 : chaussures de course \u00e0 pied avec amorti maximal PWRRUN PB + PWRRUN, g\u00e9om\u00e9trie CenterPath\u2122 et confort sup\u00e9rieur pour les courses quotidiennes.\",\"breadcrumb\":{\"@id\":\"https:\/\/www.miomiorun.com\/fr\/produit\/hurricane-25-femme\/#breadcrumb\"},\"inLanguage\":\"fr-FR\",\"potentialAction\":[{\"@type\":\"ReadAction\",\"target\":[\"https:\/\/www.miomiorun.com\/fr\/produit\/hurricane-25-femme\/\"]}]},{\"@type\":\"ImageObject\",\"inLanguage\":\"fr-FR\",\"@id\":\"https:\/\/www.miomiorun.com\/fr\/produit\/hurricane-25-femme\/#primaryimage\",\"url\":\"https:\/\/www.miomiorun.com\/app\/uploads\/2025\/09\/saucony-Hurricane-25-W-white-cameo-S11026-224.webp\",\"contentUrl\":\"https:\/\/www.miomiorun.com\/app\/uploads\/2025\/09\/saucony-Hurricane-25-W-white-cameo-S11026-224.webp\",\"width\":720,\"height\":720,\"caption\":\"saucony Hurricane 25 W white cameo S11026-224\"},{\"@type\":\"BreadcrumbList\",\"@id\":\"https:\/\/www.miomiorun.com\/fr\/produit\/hurricane-25-femme\/#breadcrumb\",\"itemListElement\":[{\"@type\":\"ListItem\",\"position\":1,\"name\":\"Home\",\"item\":\"https:\/\/www.miomiorun.com\/fr\/home-page\/\"},{\"@type\":\"ListItem\",\"position\":2,\"name\":\"Shop\",\"item\":\"https:\/\/www.miomiorun.com\/shop\/\"},{\"@type\":\"ListItem\",\"position\":3,\"name\":\"Hurricane 25 femme\"}]},{\"@type\":\"WebSite\",\"@id\":\"https:\/\/www.miomiorun.com\/fr\/#website\",\"url\":\"https:\/\/www.miomiorun.com\/fr\/\",\"name\":\"MioMioRun\",\"description\":\"Boutique 100% running et trail\",\"publisher\":{\"@id\":\"https:\/\/www.miomiorun.com\/fr\/#organization\"},\"potentialAction\":[{\"@type\":\"SearchAction\",\"target\":{\"@type\":\"EntryPoint\",\"urlTemplate\":\"https:\/\/www.miomiorun.com\/fr\/?s={search_term_string}\"},\"query-input\":{\"@type\":\"PropertyValueSpecification\",\"valueRequired\":true,\"valueName\":\"search_term_string\"}}],\"inLanguage\":\"fr-FR\"},{\"@type\":\"Organization\",\"@id\":\"https:\/\/www.miomiorun.com\/fr\/#organization\",\"name\":\"MioMio Run\",\"url\":\"https:\/\/www.miomiorun.com\/fr\/\",\"logo\":{\"@type\":\"ImageObject\",\"inLanguage\":\"fr-FR\",\"@id\":\"https:\/\/www.miomiorun.com\/fr\/#\/schema\/logo\/image\/\",\"url\":\"https:\/\/www.miomiorun.com\/app\/uploads\/2019\/12\/logomio.png\",\"contentUrl\":\"https:\/\/www.miomiorun.com\/app\/uploads\/2019\/12\/logomio.png\",\"width\":115,\"height\":82,\"caption\":\"MioMio Run\"},\"image\":{\"@id\":\"https:\/\/www.miomiorun.com\/fr\/#\/schema\/logo\/image\/\"},\"sameAs\":[\"https:\/\/www.facebook.com\/miomiorun\/\",\"https:\/\/www.instagram.com\/miomiorun\/\"]}]}<\/script>\n<!-- \/ Yoast SEO plugin. -->","yoast_head_json":{"title":"Saucony Hurricane 25 femme - chaussures stables - MioMioRun.com","description":"Saucony Hurricane 25 : chaussures de course \u00e0 pied avec amorti maximal PWRRUN PB + PWRRUN, g\u00e9om\u00e9trie CenterPath\u2122 et confort sup\u00e9rieur pour les courses quotidiennes.","robots":{"index":"index","follow":"follow","max-snippet":"max-snippet:-1","max-image-preview":"max-image-preview:large","max-video-preview":"max-video-preview:-1"},"canonical":"https:\/\/www.miomiorun.com\/fr\/produit\/hurricane-25-femme\/","og_locale":"fr_FR","og_type":"article","og_title":"Saucony Hurricane 25 femme - chaussures stables - MioMioRun.com","og_description":"Saucony Hurricane 25 : chaussures de course \u00e0 pied avec amorti maximal PWRRUN PB + PWRRUN, g\u00e9om\u00e9trie CenterPath\u2122 et confort sup\u00e9rieur pour les courses quotidiennes.","og_url":"https:\/\/www.miomiorun.com\/fr\/produit\/hurricane-25-femme\/","og_site_name":"MioMioRun","article_publisher":"https:\/\/www.facebook.com\/miomiorun\/","article_modified_time":"2025-12-12T10:42:23+00:00","og_image":[{"width":720,"height":720,"url":"https:\/\/www.miomiorun.com\/app\/uploads\/2025\/09\/saucony-Hurricane-25-W-white-cameo-S11026-224.webp","type":"image\/webp"}],"twitter_card":"summary_large_image","twitter_misc":{"Est. reading time":"1 minute"},"schema":{"@context":"https:\/\/schema.org","@graph":[{"@type":"WebPage","@id":"https:\/\/www.miomiorun.com\/fr\/produit\/hurricane-25-femme\/","url":"https:\/\/www.miomiorun.com\/fr\/produit\/hurricane-25-femme\/","name":"Saucony Hurricane 25 femme - chaussures stables - MioMioRun.com","isPartOf":{"@id":"https:\/\/www.miomiorun.com\/fr\/#website"},"primaryImageOfPage":{"@id":"https:\/\/www.miomiorun.com\/fr\/produit\/hurricane-25-femme\/#primaryimage"},"image":{"@id":"https:\/\/www.miomiorun.com\/fr\/produit\/hurricane-25-femme\/#primaryimage"},"thumbnailUrl":"https:\/\/www.miomiorun.com\/app\/uploads\/2025\/09\/saucony-Hurricane-25-W-white-cameo-S11026-224.webp","datePublished":"2025-08-14T17:24:51+00:00","dateModified":"2025-12-12T10:42:23+00:00","description":"Saucony Hurricane 25 : chaussures de course \u00e0 pied avec amorti maximal PWRRUN PB + PWRRUN, g\u00e9om\u00e9trie CenterPath\u2122 et confort sup\u00e9rieur pour les courses quotidiennes.","breadcrumb":{"@id":"https:\/\/www.miomiorun.com\/fr\/produit\/hurricane-25-femme\/#breadcrumb"},"inLanguage":"fr-FR","potentialAction":[{"@type":"ReadAction","target":["https:\/\/www.miomiorun.com\/fr\/produit\/hurricane-25-femme\/"]}]},{"@type":"ImageObject","inLanguage":"fr-FR","@id":"https:\/\/www.miomiorun.com\/fr\/produit\/hurricane-25-femme\/#primaryimage","url":"https:\/\/www.miomiorun.com\/app\/uploads\/2025\/09\/saucony-Hurricane-25-W-white-cameo-S11026-224.webp","contentUrl":"https:\/\/www.miomiorun.com\/app\/uploads\/2025\/09\/saucony-Hurricane-25-W-white-cameo-S11026-224.webp","width":720,"height":720,"caption":"saucony Hurricane 25 W white cameo S11026-224"},{"@type":"BreadcrumbList","@id":"https:\/\/www.miomiorun.com\/fr\/produit\/hurricane-25-femme\/#breadcrumb","itemListElement":[{"@type":"ListItem","position":1,"name":"Home","item":"https:\/\/www.miomiorun.com\/fr\/home-page\/"},{"@type":"ListItem","position":2,"name":"Shop","item":"https:\/\/www.miomiorun.com\/shop\/"},{"@type":"ListItem","position":3,"name":"Hurricane 25 femme"}]},{"@type":"WebSite","@id":"https:\/\/www.miomiorun.com\/fr\/#website","url":"https:\/\/www.miomiorun.com\/fr\/","name":"MioMioRun","description":"Boutique 100% running et trail","publisher":{"@id":"https:\/\/www.miomiorun.com\/fr\/#organization"},"potentialAction":[{"@type":"SearchAction","target":{"@type":"EntryPoint","urlTemplate":"https:\/\/www.miomiorun.com\/fr\/?s={search_term_string}"},"query-input":{"@type":"PropertyValueSpecification","valueRequired":true,"valueName":"search_term_string"}}],"inLanguage":"fr-FR"},{"@type":"Organization","@id":"https:\/\/www.miomiorun.com\/fr\/#organization","name":"MioMio Run","url":"https:\/\/www.miomiorun.com\/fr\/","logo":{"@type":"ImageObject","inLanguage":"fr-FR","@id":"https:\/\/www.miomiorun.com\/fr\/#\/schema\/logo\/image\/","url":"https:\/\/www.miomiorun.com\/app\/uploads\/2019\/12\/logomio.png","contentUrl":"https:\/\/www.miomiorun.com\/app\/uploads\/2019\/12\/logomio.png","width":115,"height":82,"caption":"MioMio Run"},"image":{"@id":"https:\/\/www.miomiorun.com\/fr\/#\/schema\/logo\/image\/"},"sameAs":["https:\/\/www.facebook.com\/miomiorun\/","https:\/\/www.instagram.com\/miomiorun\/"]}]}},"_links":{"self":[{"href":"https:\/\/www.miomiorun.com\/fr\/wp-json\/wp\/v2\/product\/363151","targetHints":{"allow":["GET"]}}],"collection":[{"href":"https:\/\/www.miomiorun.com\/fr\/wp-json\/wp\/v2\/product"}],"about":[{"href":"https:\/\/www.miomiorun.com\/fr\/wp-json\/wp\/v2\/types\/product"}],"wp:featuredmedia":[{"embeddable":true,"href":"https:\/\/www.miomiorun.com\/fr\/wp-json\/wp\/v2\/media\/342241"}],"wp:attachment":[{"href":"https:\/\/www.miomiorun.com\/fr\/wp-json\/wp\/v2\/media?parent=363151"}],"wp:term":[{"taxonomy":"product_brand","embeddable":true,"href":"https:\/\/www.miomiorun.com\/fr\/wp-json\/wp\/v2\/product_brand?post=363151"},{"taxonomy":"product_cat","embeddable":true,"href":"https:\/\/www.miomiorun.com\/fr\/wp-json\/wp\/v2\/product_cat?post=363151"},{"taxonomy":"product_tag","embeddable":true,"href":"https:\/\/www.miomiorun.com\/fr\/wp-json\/wp\/v2\/product_tag?post=363151"}],"curies":[{"name":"wp","href":"https:\/\/api.w.org\/{rel}","templated":true}]}}