{"id":362991,"date":"2025-10-21T11:22:47","date_gmt":"2025-10-21T09:22:47","guid":{"rendered":"https:\/\/www.miomiorun.com\/?post_type=product&#038;p=362991"},"modified":"2026-04-17T10:33:30","modified_gmt":"2026-04-17T08:33:30","slug":"s-lab-adventure-20l","status":"publish","type":"product","link":"https:\/\/www.miomiorun.com\/fr\/produit\/s-lab-adventure-20l\/","title":{"rendered":"S\/Lab Adventure 20L"},"content":{"rendered":"<p data-start=\"253\" data-end=\"704\">Con\u00e7u en collaboration avec des athl\u00e8tes de haut niveau, le <strong data-start=\"341\" data-end=\"363\">S\/LAB Adventure 20<\/strong> repr\u00e9sente l&#8217;\u00e9volution du sac \u00e0 dos gilet pour l&#8217;ultra-trail et l&#8217;aventure. Avec une <strong data-start=\"443\" data-end=\"467\">capacit\u00e9 de 20 litres<\/strong> et un <strong data-start=\"473\" data-end=\"522\">poids r\u00e9duit de 485 g <\/strong>, il offre un \u00e9quilibre id\u00e9al entre <strong data-start=\"555\" data-end=\"601\">stabilit\u00e9, l\u00e9g\u00e8ret\u00e9 et capacit\u00e9 de charge<\/strong>, ce qui le rend parfait pour les <strong data-start=\"627\" data-end=\"661\">courses de plusieurs jours dans le d\u00e9sert<\/strong> ou les <strong data-start=\"664\" data-end=\"701\">exp\u00e9ditions en solitaire dans la nature<\/strong>.<\/p>\n<p data-start=\"706\" data-end=\"1079\">La structure <strong data-start=\"719\" data-end=\"732\">SensiFIT\u2122<\/strong> utilise des tissus <strong data-start=\"750\" data-end=\"773\">extensibles et respirants<\/strong> et des <strong data-start=\"776\" data-end=\"810\">syst\u00e8mes de r\u00e9glage l\u00e9gers<\/strong> pour garantir un <strong data-start=\"829\" data-end=\"863\">ajustement stable et parfait<\/strong> sur tous les terrains. Son volume g\u00e9n\u00e9reux permet de transporter votre \u00e9quipement, votre nourriture et vos boissons de mani\u00e8re organis\u00e9e, tandis que la <strong data-start=\"992\" data-end=\"1030\">solution d&#8217;hydratation int\u00e9gr\u00e9e<\/strong> garantit un acc\u00e8s facile pendant l&#8217;activit\u00e9.<\/p>\n<p data-start=\"1081\" data-end=\"1355\">Gr\u00e2ce \u00e0 sa <strong data-start=\"1093\" data-end=\"1124\">protection contre les intemp\u00e9ries<\/strong>, le S\/LAB Adventure 20 garde son contenu au sec m\u00eame dans des conditions m\u00e9t\u00e9orologiques difficiles. C&#8217;est le compagnon id\u00e9al des athl\u00e8tes et des aventuriers qui recherchent <strong data-start=\"1284\" data-end=\"1320\">performance, confort et autonomie<\/strong> dans un seul sac \u00e0 dos gilet technique.<\/p>\n","protected":false},"excerpt":{"rendered":"<ul>\n<li data-start=\"1613\" data-end=\"1671\">Construction SensiFIT\u2122 : ajustement stable et respirant<\/li>\n<li data-start=\"1672\" data-end=\"1726\">\n<p data-start=\"1674\" data-end=\"1726\">Solution d&#8217;hydratation int\u00e9gr\u00e9e et acc\u00e8s rapide<\/p>\n<\/li>\n<li data-start=\"1727\" data-end=\"1795\">\n<p data-start=\"1729\" data-end=\"1795\">Tissu r\u00e9sistant aux intemp\u00e9ries pour des conditions variables<\/p>\n<\/li>\n<\/ul>\n","protected":false},"featured_media":365182,"template":"","meta":{"_acf_changed":false,"inline_featured_image":false},"product_brand":[],"product_cat":[22589,22587,22538],"product_tag":[23581,23619,23580],"class_list":{"0":"post-362991","1":"product","2":"type-product","3":"status-publish","4":"has-post-thumbnail","6":"product_cat-sacs-a-dos","7":"product_cat-sacs-a-dos-et-ceintures","8":"product_cat-accessoires","9":"product_tag-salomon-fr","10":"product_tag-salomon-femme","11":"product_tag-salomon-homme","12":"pa_attivita-outdoor-fr","13":"pa_attivita-trail-fr","14":"pa_colore-s-lab-adventure-20l-set-black-white-fr","15":"pa_marca-salomon-fr","16":"pa_sesso-femme","17":"pa_sesso-homme","18":"pa_size-medium-fr","19":"pa_size-large-fr","20":"pa_size-extra-large-fr","22":"first","23":"instock","24":"sale","25":"taxable","26":"shipping-taxable","27":"purchasable","28":"product-type-variable","29":"wvs-archive-product-wrapper"},"acf":[],"yoast_head":"<!-- This site is optimized with the Yoast SEO plugin v26.8 - https:\/\/yoast.com\/product\/yoast-seo-wordpress\/ -->\n<title>Salomon S\/Lab Adventure 20L - sac \u00e0 dos de course - MioMioRun<\/title>\n<meta name=\"description\" content=\"Sac \u00e0 dos gilet 20 L d\u00e9velopp\u00e9 avec des athl\u00e8tes pour le trail et les longues aventures. L\u00e9ger, stable et prot\u00e9g\u00e9 des intemp\u00e9ries gr\u00e2ce au syst\u00e8me SensiFIT\u2122.\" \/>\n<meta name=\"robots\" content=\"index, follow, max-snippet:-1, max-image-preview:large, max-video-preview:-1\" \/>\n<link rel=\"canonical\" href=\"https:\/\/www.miomiorun.com\/fr\/produit\/s-lab-adventure-20l\/\" \/>\n<meta property=\"og:locale\" content=\"fr_FR\" \/>\n<meta property=\"og:type\" content=\"article\" \/>\n<meta property=\"og:title\" content=\"Salomon S\/Lab Adventure 20L - sac \u00e0 dos de course - MioMioRun\" \/>\n<meta property=\"og:description\" content=\"Sac \u00e0 dos gilet 20 L d\u00e9velopp\u00e9 avec des athl\u00e8tes pour le trail et les longues aventures. L\u00e9ger, stable et prot\u00e9g\u00e9 des intemp\u00e9ries gr\u00e2ce au syst\u00e8me SensiFIT\u2122.\" \/>\n<meta property=\"og:url\" content=\"https:\/\/www.miomiorun.com\/fr\/produit\/s-lab-adventure-20l\/\" \/>\n<meta property=\"og:site_name\" content=\"MioMioRun\" \/>\n<meta property=\"article:publisher\" content=\"https:\/\/www.facebook.com\/miomiorun\/\" \/>\n<meta property=\"article:modified_time\" content=\"2026-04-17T08:33:30+00:00\" \/>\n<meta property=\"og:image\" content=\"https:\/\/www.miomiorun.com\/app\/uploads\/2025\/10\/salomon-S-Lab-Adventure-20L-set-black-white-LC2710000.webp\" \/>\n\t<meta property=\"og:image:width\" content=\"720\" \/>\n\t<meta property=\"og:image:height\" content=\"720\" \/>\n\t<meta property=\"og:image:type\" content=\"image\/webp\" \/>\n<meta name=\"twitter:card\" content=\"summary_large_image\" \/>\n<meta name=\"twitter:label1\" content=\"Est. reading time\" \/>\n\t<meta name=\"twitter:data1\" content=\"1 minute\" \/>\n<script type=\"application\/ld+json\" class=\"yoast-schema-graph\">{\"@context\":\"https:\/\/schema.org\",\"@graph\":[{\"@type\":\"WebPage\",\"@id\":\"https:\/\/www.miomiorun.com\/fr\/produit\/s-lab-adventure-20l\/\",\"url\":\"https:\/\/www.miomiorun.com\/fr\/produit\/s-lab-adventure-20l\/\",\"name\":\"Salomon S\/Lab Adventure 20L - sac \u00e0 dos de course - MioMioRun\",\"isPartOf\":{\"@id\":\"https:\/\/www.miomiorun.com\/fr\/#website\"},\"primaryImageOfPage\":{\"@id\":\"https:\/\/www.miomiorun.com\/fr\/produit\/s-lab-adventure-20l\/#primaryimage\"},\"image\":{\"@id\":\"https:\/\/www.miomiorun.com\/fr\/produit\/s-lab-adventure-20l\/#primaryimage\"},\"thumbnailUrl\":\"https:\/\/www.miomiorun.com\/app\/uploads\/2025\/10\/salomon-S-Lab-Adventure-20L-set-black-white-LC2710000.webp\",\"datePublished\":\"2025-10-21T09:22:47+00:00\",\"dateModified\":\"2026-04-17T08:33:30+00:00\",\"description\":\"Sac \u00e0 dos gilet 20 L d\u00e9velopp\u00e9 avec des athl\u00e8tes pour le trail et les longues aventures. L\u00e9ger, stable et prot\u00e9g\u00e9 des intemp\u00e9ries gr\u00e2ce au syst\u00e8me SensiFIT\u2122.\",\"breadcrumb\":{\"@id\":\"https:\/\/www.miomiorun.com\/fr\/produit\/s-lab-adventure-20l\/#breadcrumb\"},\"inLanguage\":\"fr-FR\",\"potentialAction\":[{\"@type\":\"ReadAction\",\"target\":[\"https:\/\/www.miomiorun.com\/fr\/produit\/s-lab-adventure-20l\/\"]}]},{\"@type\":\"ImageObject\",\"inLanguage\":\"fr-FR\",\"@id\":\"https:\/\/www.miomiorun.com\/fr\/produit\/s-lab-adventure-20l\/#primaryimage\",\"url\":\"https:\/\/www.miomiorun.com\/app\/uploads\/2025\/10\/salomon-S-Lab-Adventure-20L-set-black-white-LC2710000.webp\",\"contentUrl\":\"https:\/\/www.miomiorun.com\/app\/uploads\/2025\/10\/salomon-S-Lab-Adventure-20L-set-black-white-LC2710000.webp\",\"width\":720,\"height\":720,\"caption\":\"salomon S Lab Adventure 20L set black white LC2710000\"},{\"@type\":\"BreadcrumbList\",\"@id\":\"https:\/\/www.miomiorun.com\/fr\/produit\/s-lab-adventure-20l\/#breadcrumb\",\"itemListElement\":[{\"@type\":\"ListItem\",\"position\":1,\"name\":\"Home\",\"item\":\"https:\/\/www.miomiorun.com\/fr\/home-page\/\"},{\"@type\":\"ListItem\",\"position\":2,\"name\":\"Shop\",\"item\":\"https:\/\/www.miomiorun.com\/shop\/\"},{\"@type\":\"ListItem\",\"position\":3,\"name\":\"S\/Lab Adventure 20L\"}]},{\"@type\":\"WebSite\",\"@id\":\"https:\/\/www.miomiorun.com\/fr\/#website\",\"url\":\"https:\/\/www.miomiorun.com\/fr\/\",\"name\":\"MioMioRun\",\"description\":\"Boutique 100% running et trail\",\"publisher\":{\"@id\":\"https:\/\/www.miomiorun.com\/fr\/#organization\"},\"potentialAction\":[{\"@type\":\"SearchAction\",\"target\":{\"@type\":\"EntryPoint\",\"urlTemplate\":\"https:\/\/www.miomiorun.com\/fr\/?s={search_term_string}\"},\"query-input\":{\"@type\":\"PropertyValueSpecification\",\"valueRequired\":true,\"valueName\":\"search_term_string\"}}],\"inLanguage\":\"fr-FR\"},{\"@type\":\"Organization\",\"@id\":\"https:\/\/www.miomiorun.com\/fr\/#organization\",\"name\":\"MioMio Run\",\"url\":\"https:\/\/www.miomiorun.com\/fr\/\",\"logo\":{\"@type\":\"ImageObject\",\"inLanguage\":\"fr-FR\",\"@id\":\"https:\/\/www.miomiorun.com\/fr\/#\/schema\/logo\/image\/\",\"url\":\"https:\/\/www.miomiorun.com\/app\/uploads\/2019\/12\/logomio.png\",\"contentUrl\":\"https:\/\/www.miomiorun.com\/app\/uploads\/2019\/12\/logomio.png\",\"width\":115,\"height\":82,\"caption\":\"MioMio Run\"},\"image\":{\"@id\":\"https:\/\/www.miomiorun.com\/fr\/#\/schema\/logo\/image\/\"},\"sameAs\":[\"https:\/\/www.facebook.com\/miomiorun\/\",\"https:\/\/www.instagram.com\/miomiorun\/\"]}]}<\/script>\n<!-- \/ Yoast SEO plugin. -->","yoast_head_json":{"title":"Salomon S\/Lab Adventure 20L - sac \u00e0 dos de course - MioMioRun","description":"Sac \u00e0 dos gilet 20 L d\u00e9velopp\u00e9 avec des athl\u00e8tes pour le trail et les longues aventures. L\u00e9ger, stable et prot\u00e9g\u00e9 des intemp\u00e9ries gr\u00e2ce au syst\u00e8me SensiFIT\u2122.","robots":{"index":"index","follow":"follow","max-snippet":"max-snippet:-1","max-image-preview":"max-image-preview:large","max-video-preview":"max-video-preview:-1"},"canonical":"https:\/\/www.miomiorun.com\/fr\/produit\/s-lab-adventure-20l\/","og_locale":"fr_FR","og_type":"article","og_title":"Salomon S\/Lab Adventure 20L - sac \u00e0 dos de course - MioMioRun","og_description":"Sac \u00e0 dos gilet 20 L d\u00e9velopp\u00e9 avec des athl\u00e8tes pour le trail et les longues aventures. L\u00e9ger, stable et prot\u00e9g\u00e9 des intemp\u00e9ries gr\u00e2ce au syst\u00e8me SensiFIT\u2122.","og_url":"https:\/\/www.miomiorun.com\/fr\/produit\/s-lab-adventure-20l\/","og_site_name":"MioMioRun","article_publisher":"https:\/\/www.facebook.com\/miomiorun\/","article_modified_time":"2026-04-17T08:33:30+00:00","og_image":[{"width":720,"height":720,"url":"https:\/\/www.miomiorun.com\/app\/uploads\/2025\/10\/salomon-S-Lab-Adventure-20L-set-black-white-LC2710000.webp","type":"image\/webp"}],"twitter_card":"summary_large_image","twitter_misc":{"Est. reading time":"1 minute"},"schema":{"@context":"https:\/\/schema.org","@graph":[{"@type":"WebPage","@id":"https:\/\/www.miomiorun.com\/fr\/produit\/s-lab-adventure-20l\/","url":"https:\/\/www.miomiorun.com\/fr\/produit\/s-lab-adventure-20l\/","name":"Salomon S\/Lab Adventure 20L - sac \u00e0 dos de course - MioMioRun","isPartOf":{"@id":"https:\/\/www.miomiorun.com\/fr\/#website"},"primaryImageOfPage":{"@id":"https:\/\/www.miomiorun.com\/fr\/produit\/s-lab-adventure-20l\/#primaryimage"},"image":{"@id":"https:\/\/www.miomiorun.com\/fr\/produit\/s-lab-adventure-20l\/#primaryimage"},"thumbnailUrl":"https:\/\/www.miomiorun.com\/app\/uploads\/2025\/10\/salomon-S-Lab-Adventure-20L-set-black-white-LC2710000.webp","datePublished":"2025-10-21T09:22:47+00:00","dateModified":"2026-04-17T08:33:30+00:00","description":"Sac \u00e0 dos gilet 20 L d\u00e9velopp\u00e9 avec des athl\u00e8tes pour le trail et les longues aventures. L\u00e9ger, stable et prot\u00e9g\u00e9 des intemp\u00e9ries gr\u00e2ce au syst\u00e8me SensiFIT\u2122.","breadcrumb":{"@id":"https:\/\/www.miomiorun.com\/fr\/produit\/s-lab-adventure-20l\/#breadcrumb"},"inLanguage":"fr-FR","potentialAction":[{"@type":"ReadAction","target":["https:\/\/www.miomiorun.com\/fr\/produit\/s-lab-adventure-20l\/"]}]},{"@type":"ImageObject","inLanguage":"fr-FR","@id":"https:\/\/www.miomiorun.com\/fr\/produit\/s-lab-adventure-20l\/#primaryimage","url":"https:\/\/www.miomiorun.com\/app\/uploads\/2025\/10\/salomon-S-Lab-Adventure-20L-set-black-white-LC2710000.webp","contentUrl":"https:\/\/www.miomiorun.com\/app\/uploads\/2025\/10\/salomon-S-Lab-Adventure-20L-set-black-white-LC2710000.webp","width":720,"height":720,"caption":"salomon S Lab Adventure 20L set black white LC2710000"},{"@type":"BreadcrumbList","@id":"https:\/\/www.miomiorun.com\/fr\/produit\/s-lab-adventure-20l\/#breadcrumb","itemListElement":[{"@type":"ListItem","position":1,"name":"Home","item":"https:\/\/www.miomiorun.com\/fr\/home-page\/"},{"@type":"ListItem","position":2,"name":"Shop","item":"https:\/\/www.miomiorun.com\/shop\/"},{"@type":"ListItem","position":3,"name":"S\/Lab Adventure 20L"}]},{"@type":"WebSite","@id":"https:\/\/www.miomiorun.com\/fr\/#website","url":"https:\/\/www.miomiorun.com\/fr\/","name":"MioMioRun","description":"Boutique 100% running et trail","publisher":{"@id":"https:\/\/www.miomiorun.com\/fr\/#organization"},"potentialAction":[{"@type":"SearchAction","target":{"@type":"EntryPoint","urlTemplate":"https:\/\/www.miomiorun.com\/fr\/?s={search_term_string}"},"query-input":{"@type":"PropertyValueSpecification","valueRequired":true,"valueName":"search_term_string"}}],"inLanguage":"fr-FR"},{"@type":"Organization","@id":"https:\/\/www.miomiorun.com\/fr\/#organization","name":"MioMio Run","url":"https:\/\/www.miomiorun.com\/fr\/","logo":{"@type":"ImageObject","inLanguage":"fr-FR","@id":"https:\/\/www.miomiorun.com\/fr\/#\/schema\/logo\/image\/","url":"https:\/\/www.miomiorun.com\/app\/uploads\/2019\/12\/logomio.png","contentUrl":"https:\/\/www.miomiorun.com\/app\/uploads\/2019\/12\/logomio.png","width":115,"height":82,"caption":"MioMio Run"},"image":{"@id":"https:\/\/www.miomiorun.com\/fr\/#\/schema\/logo\/image\/"},"sameAs":["https:\/\/www.facebook.com\/miomiorun\/","https:\/\/www.instagram.com\/miomiorun\/"]}]}},"_links":{"self":[{"href":"https:\/\/www.miomiorun.com\/fr\/wp-json\/wp\/v2\/product\/362991","targetHints":{"allow":["GET"]}}],"collection":[{"href":"https:\/\/www.miomiorun.com\/fr\/wp-json\/wp\/v2\/product"}],"about":[{"href":"https:\/\/www.miomiorun.com\/fr\/wp-json\/wp\/v2\/types\/product"}],"wp:featuredmedia":[{"embeddable":true,"href":"https:\/\/www.miomiorun.com\/fr\/wp-json\/wp\/v2\/media\/365182"}],"wp:attachment":[{"href":"https:\/\/www.miomiorun.com\/fr\/wp-json\/wp\/v2\/media?parent=362991"}],"wp:term":[{"taxonomy":"product_brand","embeddable":true,"href":"https:\/\/www.miomiorun.com\/fr\/wp-json\/wp\/v2\/product_brand?post=362991"},{"taxonomy":"product_cat","embeddable":true,"href":"https:\/\/www.miomiorun.com\/fr\/wp-json\/wp\/v2\/product_cat?post=362991"},{"taxonomy":"product_tag","embeddable":true,"href":"https:\/\/www.miomiorun.com\/fr\/wp-json\/wp\/v2\/product_tag?post=362991"}],"curies":[{"name":"wp","href":"https:\/\/api.w.org\/{rel}","templated":true}]}}