{"id":362763,"date":"2025-10-20T16:29:39","date_gmt":"2025-10-20T14:29:39","guid":{"rendered":"https:\/\/www.miomiorun.com\/?post_type=product&#038;p=362763"},"modified":"2026-04-17T10:33:42","modified_gmt":"2026-04-17T08:33:42","slug":"x-ultra-gtx-j","status":"publish","type":"product","link":"https:\/\/www.miomiorun.com\/fr\/produit\/x-ultra-gtx-j\/","title":{"rendered":"X Ultra GTX J"},"content":{"rendered":"<div class=\"vc-row container\"><div class=\"vc-column\"><div class=\"vc-column-text\"><\/p>\n<h4>Caract\u00e9ristiques techniques<\/h4>\n<p>Cat\u00e9gorie : Amorti structur\u00e9<br \/>\nD\u00e9calage : 10 mm<\/p>\n<p>Poids : 270 g<\/p>\n<p>Id\u00e9al pour : les enfants qui ont besoin d&#8217;une chaussure offrant un bon amorti et une bonne structure pour affronter les sentiers de montagne.<br \/>\n<a href=\"https:\/\/miomiorun.com\/guida-alle-specifiche-tecniche\/\">Guide des sp\u00e9cifications techniques<\/a><\/p>\n<p><\/div><\/div><div class=\"vc-column\"><div class=\"vc-column-text\"><\/p>\n<div class=\"description-techspecs__items\">\n<p data-start=\"273\" data-end=\"684\">Directement inspir\u00e9e des embl\u00e9matiques X-ULTRA de Salomon, la <strong data-start=\"360\" data-end=\"387\">X Ultra GORE-TEX Junior<\/strong> offre les m\u00eames performances et la m\u00eame fiabilit\u00e9 que les mod\u00e8les pour adultes, adapt\u00e9es aux jeunes randonneurs. Con\u00e7ue pour garantir <strong data-start=\"521\" data-end=\"556\">stabilit\u00e9, protection et confort<\/strong> lors des aventures en plein air, cette chaussure est id\u00e9ale pour les <strong data-start=\"617\" data-end=\"643\">randonn\u00e9es en famille<\/strong>, qu&#8217;il fasse beau ou qu&#8217;il pleuve.<\/p>\n<p data-start=\"686\" data-end=\"1009\">La membrane <strong data-start=\"698\" data-end=\"711\">GORE-TEX\u00ae<\/strong> assure <strong data-start=\"721\" data-end=\"756\">imperm\u00e9abilit\u00e9 et respirabilit\u00e9<\/strong>, gardant les pieds au sec dans toutes les conditions. La <strong data-start=\"809\" data-end=\"841\">semelle All Terrain Contagrip\u00ae<\/strong> garantit <strong data-start=\"853\" data-end=\"878\">adh\u00e9rence et r\u00e9sistance<\/strong> sur les surfaces humides, s\u00e8ches ou irr\u00e9guli\u00e8res, tandis que le <strong data-start=\"934\" data-end=\"954\">filet anti-d\u00e9bris<\/strong> emp\u00eache le sable et les cailloux de p\u00e9n\u00e9trer dans la chaussure.<\/p>\n<p data-start=\"1011\" data-end=\"1335\">La structure <strong data-start=\"1024\" data-end=\"1037\">SensiFIT\u2122<\/strong> enveloppe le pied de la semelle interm\u00e9diaire au syst\u00e8me de la\u00e7age pour un <strong data-start=\"1106\" data-end=\"1141\">ajustement s\u00fbr et personnalis\u00e9<\/strong>, tandis que la <strong data-start=\"1153\" data-end=\"1176\">protection au niveau des orteils<\/strong> offre un niveau de s\u00e9curit\u00e9 suppl\u00e9mentaire sur les sentiers. Une chaussure con\u00e7ue pour les petits explorateurs qui veulent se d\u00e9placer en toute confiance sur tous les terrains.<br \/>\n&nbsp;<\/p>\n<\/p>\n<\/div>\n<p><\/div><\/div><\/div>\n","protected":false},"excerpt":{"rendered":"<ul>\n<li data-start=\"1547\" data-end=\"1596\">\n<p data-start=\"1549\" data-end=\"1596\">Membrane GORE-TEX\u00ae imperm\u00e9able et respirante<\/p>\n<\/li>\n<li data-start=\"1597\" data-end=\"1661\">\n<p data-start=\"1599\" data-end=\"1661\">Semelle All Terrain Contagrip\u00ae pour une adh\u00e9rence sur toutes les surfaces<\/p>\n<\/li>\n<li data-start=\"1662\" data-end=\"1714\">\n<p data-start=\"1664\" data-end=\"1714\">Structure SensiFIT\u2122 pour un ajustement pr\u00e9cis et s\u00fbr<\/p>\n<\/li>\n<li data-start=\"1715\" data-end=\"1780\">\n<p data-start=\"1717\" data-end=\"1780\">Maille anti-d\u00e9bris et protection au niveau des orteils pour une durabilit\u00e9 maximale<\/p>\n<\/li>\n<\/ul>\n","protected":false},"featured_media":365057,"template":"","meta":{"_acf_changed":false,"inline_featured_image":false},"product_brand":[],"product_cat":[22594,22593,22590],"product_tag":[23581,37438,24191],"class_list":{"0":"post-362763","1":"product","2":"type-product","3":"status-publish","4":"has-post-thumbnail","6":"product_cat-chaussures-pour-enfants","7":"product_cat-chaussures-pour-filles","8":"product_cat-enfant","9":"product_tag-salomon-fr","10":"product_tag-salomon-fille","11":"product_tag-salomon-garcon","12":"pa_attivita-marcher","13":"pa_attivita-outdoor-fr","14":"pa_colore-x-ultra-gtx-j-biking-red-black-flsc-fr","15":"pa_colore-x-ultra-gtx-j-nirvana-black-fusion-coral-fr","16":"pa_marca-salomon-fr","17":"pa_sesso-femme","18":"pa_sesso-homme","19":"pa_size-31-fr","20":"pa_size-32-fr","21":"pa_size-33-fr","22":"pa_size-34-fr","23":"pa_size-35-fr","24":"pa_size-36-fr","25":"pa_size-37-fr","26":"pa_size-38-fr","27":"pa_size-39-fr","29":"first","30":"instock","31":"sale","32":"taxable","33":"shipping-taxable","34":"purchasable","35":"product-type-variable","36":"wvs-archive-product-wrapper"},"acf":[],"yoast_head":"<!-- This site is optimized with the Yoast SEO plugin v26.8 - https:\/\/yoast.com\/product\/yoast-seo-wordpress\/ -->\n<title>La Sportiva X Ultra GTX J - chaussures de randonn\u00e9e pour enfants - MioMioRun<\/title>\n<meta name=\"description\" content=\"Chaussure de randonn\u00e9e junior imperm\u00e9able GORE-TEX\u00ae avec semelle Contagrip\u00ae et structure SensiFIT\u2122. Stabilit\u00e9, protection et confort pour toutes les aventures.\" \/>\n<meta name=\"robots\" content=\"index, follow, max-snippet:-1, max-image-preview:large, max-video-preview:-1\" \/>\n<link rel=\"canonical\" href=\"https:\/\/www.miomiorun.com\/fr\/produit\/x-ultra-gtx-j\/\" \/>\n<meta property=\"og:locale\" content=\"fr_FR\" \/>\n<meta property=\"og:type\" content=\"article\" \/>\n<meta property=\"og:title\" content=\"La Sportiva X Ultra GTX J - chaussures de randonn\u00e9e pour enfants - MioMioRun\" \/>\n<meta property=\"og:description\" content=\"Chaussure de randonn\u00e9e junior imperm\u00e9able GORE-TEX\u00ae avec semelle Contagrip\u00ae et structure SensiFIT\u2122. Stabilit\u00e9, protection et confort pour toutes les aventures.\" \/>\n<meta property=\"og:url\" content=\"https:\/\/www.miomiorun.com\/fr\/produit\/x-ultra-gtx-j\/\" \/>\n<meta property=\"og:site_name\" content=\"MioMioRun\" \/>\n<meta property=\"article:publisher\" content=\"https:\/\/www.facebook.com\/miomiorun\/\" \/>\n<meta property=\"article:modified_time\" content=\"2026-04-17T08:33:42+00:00\" \/>\n<meta property=\"og:image\" content=\"https:\/\/www.miomiorun.com\/app\/uploads\/2025\/10\/salomon-X-Ultra-GTX-J-nirvana-black-fusion-coral-L47745700.webp\" \/>\n\t<meta property=\"og:image:width\" content=\"720\" \/>\n\t<meta property=\"og:image:height\" content=\"720\" \/>\n\t<meta property=\"og:image:type\" content=\"image\/webp\" \/>\n<meta name=\"twitter:card\" content=\"summary_large_image\" \/>\n<meta name=\"twitter:label1\" content=\"Est. reading time\" \/>\n\t<meta name=\"twitter:data1\" content=\"1 minute\" \/>\n<script type=\"application\/ld+json\" class=\"yoast-schema-graph\">{\"@context\":\"https:\/\/schema.org\",\"@graph\":[{\"@type\":\"WebPage\",\"@id\":\"https:\/\/www.miomiorun.com\/fr\/produit\/x-ultra-gtx-j\/\",\"url\":\"https:\/\/www.miomiorun.com\/fr\/produit\/x-ultra-gtx-j\/\",\"name\":\"La Sportiva X Ultra GTX J - chaussures de randonn\u00e9e pour enfants - MioMioRun\",\"isPartOf\":{\"@id\":\"https:\/\/www.miomiorun.com\/fr\/#website\"},\"primaryImageOfPage\":{\"@id\":\"https:\/\/www.miomiorun.com\/fr\/produit\/x-ultra-gtx-j\/#primaryimage\"},\"image\":{\"@id\":\"https:\/\/www.miomiorun.com\/fr\/produit\/x-ultra-gtx-j\/#primaryimage\"},\"thumbnailUrl\":\"https:\/\/www.miomiorun.com\/app\/uploads\/2025\/10\/salomon-X-Ultra-GTX-J-nirvana-black-fusion-coral-L47745700.webp\",\"datePublished\":\"2025-10-20T14:29:39+00:00\",\"dateModified\":\"2026-04-17T08:33:42+00:00\",\"description\":\"Chaussure de randonn\u00e9e junior imperm\u00e9able GORE-TEX\u00ae avec semelle Contagrip\u00ae et structure SensiFIT\u2122. Stabilit\u00e9, protection et confort pour toutes les aventures.\",\"breadcrumb\":{\"@id\":\"https:\/\/www.miomiorun.com\/fr\/produit\/x-ultra-gtx-j\/#breadcrumb\"},\"inLanguage\":\"fr-FR\",\"potentialAction\":[{\"@type\":\"ReadAction\",\"target\":[\"https:\/\/www.miomiorun.com\/fr\/produit\/x-ultra-gtx-j\/\"]}]},{\"@type\":\"ImageObject\",\"inLanguage\":\"fr-FR\",\"@id\":\"https:\/\/www.miomiorun.com\/fr\/produit\/x-ultra-gtx-j\/#primaryimage\",\"url\":\"https:\/\/www.miomiorun.com\/app\/uploads\/2025\/10\/salomon-X-Ultra-GTX-J-nirvana-black-fusion-coral-L47745700.webp\",\"contentUrl\":\"https:\/\/www.miomiorun.com\/app\/uploads\/2025\/10\/salomon-X-Ultra-GTX-J-nirvana-black-fusion-coral-L47745700.webp\",\"width\":720,\"height\":720,\"caption\":\"salomon X Ultra GTX J nirvana black fusion coral L47745700\"},{\"@type\":\"BreadcrumbList\",\"@id\":\"https:\/\/www.miomiorun.com\/fr\/produit\/x-ultra-gtx-j\/#breadcrumb\",\"itemListElement\":[{\"@type\":\"ListItem\",\"position\":1,\"name\":\"Home\",\"item\":\"https:\/\/www.miomiorun.com\/fr\/home-page\/\"},{\"@type\":\"ListItem\",\"position\":2,\"name\":\"Shop\",\"item\":\"https:\/\/www.miomiorun.com\/shop\/\"},{\"@type\":\"ListItem\",\"position\":3,\"name\":\"X Ultra GTX J\"}]},{\"@type\":\"WebSite\",\"@id\":\"https:\/\/www.miomiorun.com\/fr\/#website\",\"url\":\"https:\/\/www.miomiorun.com\/fr\/\",\"name\":\"MioMioRun\",\"description\":\"Boutique 100% running et trail\",\"publisher\":{\"@id\":\"https:\/\/www.miomiorun.com\/fr\/#organization\"},\"potentialAction\":[{\"@type\":\"SearchAction\",\"target\":{\"@type\":\"EntryPoint\",\"urlTemplate\":\"https:\/\/www.miomiorun.com\/fr\/?s={search_term_string}\"},\"query-input\":{\"@type\":\"PropertyValueSpecification\",\"valueRequired\":true,\"valueName\":\"search_term_string\"}}],\"inLanguage\":\"fr-FR\"},{\"@type\":\"Organization\",\"@id\":\"https:\/\/www.miomiorun.com\/fr\/#organization\",\"name\":\"MioMio Run\",\"url\":\"https:\/\/www.miomiorun.com\/fr\/\",\"logo\":{\"@type\":\"ImageObject\",\"inLanguage\":\"fr-FR\",\"@id\":\"https:\/\/www.miomiorun.com\/fr\/#\/schema\/logo\/image\/\",\"url\":\"https:\/\/www.miomiorun.com\/app\/uploads\/2019\/12\/logomio.png\",\"contentUrl\":\"https:\/\/www.miomiorun.com\/app\/uploads\/2019\/12\/logomio.png\",\"width\":115,\"height\":82,\"caption\":\"MioMio Run\"},\"image\":{\"@id\":\"https:\/\/www.miomiorun.com\/fr\/#\/schema\/logo\/image\/\"},\"sameAs\":[\"https:\/\/www.facebook.com\/miomiorun\/\",\"https:\/\/www.instagram.com\/miomiorun\/\"]}]}<\/script>\n<!-- \/ Yoast SEO plugin. -->","yoast_head_json":{"title":"La Sportiva X Ultra GTX J - chaussures de randonn\u00e9e pour enfants - MioMioRun","description":"Chaussure de randonn\u00e9e junior imperm\u00e9able GORE-TEX\u00ae avec semelle Contagrip\u00ae et structure SensiFIT\u2122. Stabilit\u00e9, protection et confort pour toutes les aventures.","robots":{"index":"index","follow":"follow","max-snippet":"max-snippet:-1","max-image-preview":"max-image-preview:large","max-video-preview":"max-video-preview:-1"},"canonical":"https:\/\/www.miomiorun.com\/fr\/produit\/x-ultra-gtx-j\/","og_locale":"fr_FR","og_type":"article","og_title":"La Sportiva X Ultra GTX J - chaussures de randonn\u00e9e pour enfants - MioMioRun","og_description":"Chaussure de randonn\u00e9e junior imperm\u00e9able GORE-TEX\u00ae avec semelle Contagrip\u00ae et structure SensiFIT\u2122. Stabilit\u00e9, protection et confort pour toutes les aventures.","og_url":"https:\/\/www.miomiorun.com\/fr\/produit\/x-ultra-gtx-j\/","og_site_name":"MioMioRun","article_publisher":"https:\/\/www.facebook.com\/miomiorun\/","article_modified_time":"2026-04-17T08:33:42+00:00","og_image":[{"width":720,"height":720,"url":"https:\/\/www.miomiorun.com\/app\/uploads\/2025\/10\/salomon-X-Ultra-GTX-J-nirvana-black-fusion-coral-L47745700.webp","type":"image\/webp"}],"twitter_card":"summary_large_image","twitter_misc":{"Est. reading time":"1 minute"},"schema":{"@context":"https:\/\/schema.org","@graph":[{"@type":"WebPage","@id":"https:\/\/www.miomiorun.com\/fr\/produit\/x-ultra-gtx-j\/","url":"https:\/\/www.miomiorun.com\/fr\/produit\/x-ultra-gtx-j\/","name":"La Sportiva X Ultra GTX J - chaussures de randonn\u00e9e pour enfants - MioMioRun","isPartOf":{"@id":"https:\/\/www.miomiorun.com\/fr\/#website"},"primaryImageOfPage":{"@id":"https:\/\/www.miomiorun.com\/fr\/produit\/x-ultra-gtx-j\/#primaryimage"},"image":{"@id":"https:\/\/www.miomiorun.com\/fr\/produit\/x-ultra-gtx-j\/#primaryimage"},"thumbnailUrl":"https:\/\/www.miomiorun.com\/app\/uploads\/2025\/10\/salomon-X-Ultra-GTX-J-nirvana-black-fusion-coral-L47745700.webp","datePublished":"2025-10-20T14:29:39+00:00","dateModified":"2026-04-17T08:33:42+00:00","description":"Chaussure de randonn\u00e9e junior imperm\u00e9able GORE-TEX\u00ae avec semelle Contagrip\u00ae et structure SensiFIT\u2122. Stabilit\u00e9, protection et confort pour toutes les aventures.","breadcrumb":{"@id":"https:\/\/www.miomiorun.com\/fr\/produit\/x-ultra-gtx-j\/#breadcrumb"},"inLanguage":"fr-FR","potentialAction":[{"@type":"ReadAction","target":["https:\/\/www.miomiorun.com\/fr\/produit\/x-ultra-gtx-j\/"]}]},{"@type":"ImageObject","inLanguage":"fr-FR","@id":"https:\/\/www.miomiorun.com\/fr\/produit\/x-ultra-gtx-j\/#primaryimage","url":"https:\/\/www.miomiorun.com\/app\/uploads\/2025\/10\/salomon-X-Ultra-GTX-J-nirvana-black-fusion-coral-L47745700.webp","contentUrl":"https:\/\/www.miomiorun.com\/app\/uploads\/2025\/10\/salomon-X-Ultra-GTX-J-nirvana-black-fusion-coral-L47745700.webp","width":720,"height":720,"caption":"salomon X Ultra GTX J nirvana black fusion coral L47745700"},{"@type":"BreadcrumbList","@id":"https:\/\/www.miomiorun.com\/fr\/produit\/x-ultra-gtx-j\/#breadcrumb","itemListElement":[{"@type":"ListItem","position":1,"name":"Home","item":"https:\/\/www.miomiorun.com\/fr\/home-page\/"},{"@type":"ListItem","position":2,"name":"Shop","item":"https:\/\/www.miomiorun.com\/shop\/"},{"@type":"ListItem","position":3,"name":"X Ultra GTX J"}]},{"@type":"WebSite","@id":"https:\/\/www.miomiorun.com\/fr\/#website","url":"https:\/\/www.miomiorun.com\/fr\/","name":"MioMioRun","description":"Boutique 100% running et trail","publisher":{"@id":"https:\/\/www.miomiorun.com\/fr\/#organization"},"potentialAction":[{"@type":"SearchAction","target":{"@type":"EntryPoint","urlTemplate":"https:\/\/www.miomiorun.com\/fr\/?s={search_term_string}"},"query-input":{"@type":"PropertyValueSpecification","valueRequired":true,"valueName":"search_term_string"}}],"inLanguage":"fr-FR"},{"@type":"Organization","@id":"https:\/\/www.miomiorun.com\/fr\/#organization","name":"MioMio Run","url":"https:\/\/www.miomiorun.com\/fr\/","logo":{"@type":"ImageObject","inLanguage":"fr-FR","@id":"https:\/\/www.miomiorun.com\/fr\/#\/schema\/logo\/image\/","url":"https:\/\/www.miomiorun.com\/app\/uploads\/2019\/12\/logomio.png","contentUrl":"https:\/\/www.miomiorun.com\/app\/uploads\/2019\/12\/logomio.png","width":115,"height":82,"caption":"MioMio Run"},"image":{"@id":"https:\/\/www.miomiorun.com\/fr\/#\/schema\/logo\/image\/"},"sameAs":["https:\/\/www.facebook.com\/miomiorun\/","https:\/\/www.instagram.com\/miomiorun\/"]}]}},"_links":{"self":[{"href":"https:\/\/www.miomiorun.com\/fr\/wp-json\/wp\/v2\/product\/362763","targetHints":{"allow":["GET"]}}],"collection":[{"href":"https:\/\/www.miomiorun.com\/fr\/wp-json\/wp\/v2\/product"}],"about":[{"href":"https:\/\/www.miomiorun.com\/fr\/wp-json\/wp\/v2\/types\/product"}],"wp:featuredmedia":[{"embeddable":true,"href":"https:\/\/www.miomiorun.com\/fr\/wp-json\/wp\/v2\/media\/365057"}],"wp:attachment":[{"href":"https:\/\/www.miomiorun.com\/fr\/wp-json\/wp\/v2\/media?parent=362763"}],"wp:term":[{"taxonomy":"product_brand","embeddable":true,"href":"https:\/\/www.miomiorun.com\/fr\/wp-json\/wp\/v2\/product_brand?post=362763"},{"taxonomy":"product_cat","embeddable":true,"href":"https:\/\/www.miomiorun.com\/fr\/wp-json\/wp\/v2\/product_cat?post=362763"},{"taxonomy":"product_tag","embeddable":true,"href":"https:\/\/www.miomiorun.com\/fr\/wp-json\/wp\/v2\/product_tag?post=362763"}],"curies":[{"name":"wp","href":"https:\/\/api.w.org\/{rel}","templated":true}]}}