{"id":362442,"date":"2025-10-20T16:15:36","date_gmt":"2025-10-20T14:15:36","guid":{"rendered":"https:\/\/www.miomiorun.com\/?post_type=product&#038;p=362442"},"modified":"2026-04-17T10:33:54","modified_gmt":"2026-04-17T08:33:54","slug":"genesis-gtx-homme","status":"publish","type":"product","link":"https:\/\/www.miomiorun.com\/fr\/produit\/genesis-gtx-homme\/","title":{"rendered":"Genesis GTX homme"},"content":{"rendered":"<div class=\"vc-row container\"><div class=\"vc-column\"><div class=\"vc-column-text\"><\/p>\n<p><strong>Caract\u00e9ristiques techniques<\/strong><\/p>\n<p>Cat\u00e9gorie : amorti mod\u00e9r\u00e9<br \/>\nD\u00e9calage : 8 mm<br \/>\nPoids : 301 g<br \/>\nId\u00e9al pour : les coureurs de trail et les amateurs de randonn\u00e9e et de course en montagne, \u00e0 la recherche d&#8217;un mod\u00e8le l\u00e9ger, bien amorti et protecteur, capable d&#8217;offrir un confort maximal m\u00eame sur de longues distances. D\u00e9sormais \u00e9galement imperm\u00e9able.<br \/>\nPoids de l&#8217;athl\u00e8te : 60-70 kg<br \/>\nAllure de course : moyenne-rapide (4,30-6,00 min\/km)<br \/>\n<a href=\"https:\/\/miomiorun.com\/guida-alle-specifiche-tecniche\/\">Guide des caract\u00e9ristiques techniques<\/a><\/p>\n<p><\/div><\/div><div class=\"vc-column\"><div class=\"vc-column-text\"><\/p>\n<div class=\"description-whatsnew\">\n<p><strong>Genesis<\/strong> dans sa version pour homme est une chaussure de course en montagne aussi confortable et rassurante que dynamique, agile et pr\u00eate pour l&#8217;aventure. Elle est con\u00e7ue pour offrir une grande durabilit\u00e9 dans le temps et une pr\u00e9cision m\u00e9ticuleuse sur les terrains difficiles. Avec elle, aucune mont\u00e9e trop raide ni aucune descente trop difficile n&#8217;est insurmontable. Gr\u00e2ce au soutien dynamique offert par le ch\u00e2ssis et \u00e0 l&#8217;adh\u00e9rence fiable, vous pouvez aller partout en toute s\u00e9curit\u00e9.<\/p>\n<h3>Caract\u00e9ristiques :<\/h3>\n<ul>\n<li>Parfaite pour <span class=\"\">les terrains mixtes et rocheux<\/span><\/li>\n<li><span class=\"\">Durable, stable et soutenu<\/span><\/li>\n<li>Id\u00e9al pour 2\/3 courses par semaine<\/li>\n<li>Profondeur des crampons : 4,5 mm<\/li>\n<\/ul>\n<div class=\"pdp-gap-m\">\n<p class=\"pdp-sidebar-popin-details_subtitle\">SEMELLE<\/p>\n<p><b>All Terrain Contagrip\u00ae<\/b> : notre semelle All Terrain Contagrip\u00ae est adapt\u00e9e \u00e0 une grande vari\u00e9t\u00e9 de surfaces. Elle garantit r\u00e9sistance et s\u00e9curit\u00e9 sur les surfaces humides, s\u00e8ches, dures ou meubles.<\/p>\n<\/div>\n<div class=\"pdp-gap-m\">\n<p class=\"pdp-sidebar-popin-details_subtitle\">SEMELLE INTERM\u00c9DIAIRE<\/p>\n<p><b>Energy Foam<\/b> : Mousse EVA l\u00e9g\u00e8re et amortissante pour ceux qui recherchent des performances \u00e9lev\u00e9es.<\/p>\n<\/div>\n<div class=\"pdp-gap-m\">\n<p class=\"pdp-sidebar-popin-details_subtitle\">CHASSIS\u2122<\/p>\n<p><b>activeCHASSIS\u2122<\/b> : Ch\u00e2ssis garantissant une pouss\u00e9e accrue, une agilit\u00e9 sans compromis et une grande libert\u00e9 de mouvement.<\/p>\n<\/div>\n<div class=\"pdp-gap-m\">\n<p class=\"pdp-sidebar-popin-details_subtitle\">MAT\u00c9RIAU DE LA TIGE<\/p>\n<p><b>Matryx\u00ae<\/b> : tissu haute performance con\u00e7u pour r\u00e9sister \u00e0 l&#8217;abrasion, fabriqu\u00e9 \u00e0 partir de fils techniques et de Kevlar\u00ae haute t\u00e9nacit\u00e9 recouverts individuellement, ce qui le rend \u00e9galement l\u00e9ger et respirant.<\/p>\n<\/div>\n<div class=\"pdp-gap-m\">\n<p class=\"pdp-sidebar-popin-details_subtitle\">CONSTRUCTION DE LA TIGE<\/p>\n<p><b>EndoFit\u2122<\/b> : doublure int\u00e9rieure semblable \u00e0 une chaussette qui enveloppe le pied en le maintenant stable et immobile pour garantir un ajustement pr\u00e9cis.<\/p>\n<\/div>\n<div class=\"pdp-gap-m\">\n<p class=\"pdp-sidebar-popin-details_subtitle\">SYST\u00c8ME DE LA\u00c7AGE<\/p>\n<p><b>quickLACE\u2122<\/b> : lacet fin et robuste pour un la\u00e7age en un seul geste. Facilite l&#8217;enfilage et le retrait de la chaussure.<\/p>\n<\/div>\n<\/div>\n<p>&nbsp;<\/p>\n<h3 style=\"text-align: center\">PERFORMANCES EN COURSE \u00c0 PIED<\/h3>\n<p>Ce compromis dont vous n&#8217;osiez que r\u00eaver est d\u00e9sormais une r\u00e9alit\u00e9 : tout le confort et l&#8217;amorti de l&#8217;Energy Foam s&#8217;associent au soutien dynamique de l&#8217;Active Chassis. Qu&#8217;attendez-vous ? Vous pouvez d\u00e9sormais courir partout en toute s\u00e9curit\u00e9.<\/p>\n<h3 style=\"text-align: center\">ADH\u00c9RENCE<\/h3>\n<p>Le m\u00e9lange All Terrain Contgrip, le profil exclusif en deux parties et la semelle ext\u00e9rieure sur\u00e9lev\u00e9e offrent une adh\u00e9rence et une adaptabilit\u00e9 m\u00eame dans les situations difficiles et sur les terrains changeants.<\/p>\n<h3 style=\"text-align: center\">R\u00c9SISTANCE<\/h3>\n<p>La tige Matrix en fils entrelac\u00e9s est respirante, ultra-r\u00e9sistante et r\u00e9siste aux \u00e9boulis et aux pi\u00e8ges des sentiers les plus difficiles.<\/div><\/div><\/div>\n","protected":false},"excerpt":{"rendered":"<ul>\n<li>Chaussure id\u00e9ale pour le trail et la randonn\u00e9e.<\/li>\n<li>Id\u00e9ale pour les parcours techniques sur terrains difficiles.<\/li>\n<li>Membrane en GORE-TEX<\/li>\n<\/ul>\n","protected":false},"featured_media":365027,"template":"","meta":{"_acf_changed":false,"inline_featured_image":false},"product_brand":[],"product_cat":[24448,24445],"product_tag":[23581,23580],"class_list":{"0":"post-362442","1":"product","2":"type-product","3":"status-publish","4":"has-post-thumbnail","6":"product_cat-chaussures-pour-hommes-fr","7":"product_cat-trail-fr-3","8":"product_tag-salomon-fr","9":"product_tag-salomon-homme","10":"pa_attivita-outdoor-fr","11":"pa_attivita-trail-fr","12":"pa_colore-genesis-gtx-black-sedsa-incabe-fr","13":"pa_marca-salomon-fr","14":"pa_sesso-homme","15":"pa_size-42-fr","17":"pa_size-44-fr","18":"pa_size-45-fr","19":"pa_size-46-fr","22":"first","23":"instock","24":"sale","25":"taxable","26":"shipping-taxable","27":"purchasable","28":"product-type-variable","29":"wvs-archive-product-wrapper"},"acf":[],"yoast_head":"<!-- This site is optimized with the Yoast SEO plugin v26.8 - https:\/\/yoast.com\/product\/yoast-seo-wordpress\/ -->\n<title>Salomon Genesis GTX homme - chaussures de trail - MioMioRun.com<\/title>\n<meta name=\"description\" content=\"Chaussure de trail running imperm\u00e9able avec membrane GORE-TEX\u00ae, semelle Contagrip\u00ae et semelle interm\u00e9diaire Energy Foam pour un confort et une adh\u00e9rence optimaux sur tous les terrains.\" \/>\n<meta name=\"robots\" content=\"index, follow, max-snippet:-1, max-image-preview:large, max-video-preview:-1\" \/>\n<link rel=\"canonical\" href=\"https:\/\/www.miomiorun.com\/fr\/produit\/genesis-gtx-homme\/\" \/>\n<meta property=\"og:locale\" content=\"fr_FR\" \/>\n<meta property=\"og:type\" content=\"article\" \/>\n<meta property=\"og:title\" content=\"Salomon Genesis GTX homme - chaussures de trail - MioMioRun.com\" \/>\n<meta property=\"og:description\" content=\"Chaussure de trail running imperm\u00e9able avec membrane GORE-TEX\u00ae, semelle Contagrip\u00ae et semelle interm\u00e9diaire Energy Foam pour un confort et une adh\u00e9rence optimaux sur tous les terrains.\" \/>\n<meta property=\"og:url\" content=\"https:\/\/www.miomiorun.com\/fr\/produit\/genesis-gtx-homme\/\" \/>\n<meta property=\"og:site_name\" content=\"MioMioRun\" \/>\n<meta property=\"article:publisher\" content=\"https:\/\/www.facebook.com\/miomiorun\/\" \/>\n<meta property=\"article:modified_time\" content=\"2026-04-17T08:33:54+00:00\" \/>\n<meta property=\"og:image\" content=\"https:\/\/www.miomiorun.com\/app\/uploads\/2025\/10\/salomon-Genesis-GTX-black-sedsa-incabe-L47978000.webp\" \/>\n\t<meta property=\"og:image:width\" content=\"720\" \/>\n\t<meta property=\"og:image:height\" content=\"720\" \/>\n\t<meta property=\"og:image:type\" content=\"image\/webp\" \/>\n<meta name=\"twitter:card\" content=\"summary_large_image\" \/>\n<meta name=\"twitter:label1\" content=\"Est. reading time\" \/>\n\t<meta name=\"twitter:data1\" content=\"3 minutes\" \/>\n<script type=\"application\/ld+json\" class=\"yoast-schema-graph\">{\"@context\":\"https:\/\/schema.org\",\"@graph\":[{\"@type\":\"WebPage\",\"@id\":\"https:\/\/www.miomiorun.com\/fr\/produit\/genesis-gtx-homme\/\",\"url\":\"https:\/\/www.miomiorun.com\/fr\/produit\/genesis-gtx-homme\/\",\"name\":\"Salomon Genesis GTX homme - chaussures de trail - MioMioRun.com\",\"isPartOf\":{\"@id\":\"https:\/\/www.miomiorun.com\/fr\/#website\"},\"primaryImageOfPage\":{\"@id\":\"https:\/\/www.miomiorun.com\/fr\/produit\/genesis-gtx-homme\/#primaryimage\"},\"image\":{\"@id\":\"https:\/\/www.miomiorun.com\/fr\/produit\/genesis-gtx-homme\/#primaryimage\"},\"thumbnailUrl\":\"https:\/\/www.miomiorun.com\/app\/uploads\/2025\/10\/salomon-Genesis-GTX-black-sedsa-incabe-L47978000.webp\",\"datePublished\":\"2025-10-20T14:15:36+00:00\",\"dateModified\":\"2026-04-17T08:33:54+00:00\",\"description\":\"Chaussure de trail running imperm\u00e9able avec membrane GORE-TEX\u00ae, semelle Contagrip\u00ae et semelle interm\u00e9diaire Energy Foam pour un confort et une adh\u00e9rence optimaux sur tous les terrains.\",\"breadcrumb\":{\"@id\":\"https:\/\/www.miomiorun.com\/fr\/produit\/genesis-gtx-homme\/#breadcrumb\"},\"inLanguage\":\"fr-FR\",\"potentialAction\":[{\"@type\":\"ReadAction\",\"target\":[\"https:\/\/www.miomiorun.com\/fr\/produit\/genesis-gtx-homme\/\"]}]},{\"@type\":\"ImageObject\",\"inLanguage\":\"fr-FR\",\"@id\":\"https:\/\/www.miomiorun.com\/fr\/produit\/genesis-gtx-homme\/#primaryimage\",\"url\":\"https:\/\/www.miomiorun.com\/app\/uploads\/2025\/10\/salomon-Genesis-GTX-black-sedsa-incabe-L47978000.webp\",\"contentUrl\":\"https:\/\/www.miomiorun.com\/app\/uploads\/2025\/10\/salomon-Genesis-GTX-black-sedsa-incabe-L47978000.webp\",\"width\":720,\"height\":720,\"caption\":\"salomon Genesis GTX black sedsa incabe L47978000\"},{\"@type\":\"BreadcrumbList\",\"@id\":\"https:\/\/www.miomiorun.com\/fr\/produit\/genesis-gtx-homme\/#breadcrumb\",\"itemListElement\":[{\"@type\":\"ListItem\",\"position\":1,\"name\":\"Home\",\"item\":\"https:\/\/www.miomiorun.com\/fr\/home-page\/\"},{\"@type\":\"ListItem\",\"position\":2,\"name\":\"Shop\",\"item\":\"https:\/\/www.miomiorun.com\/shop\/\"},{\"@type\":\"ListItem\",\"position\":3,\"name\":\"Genesis GTX homme\"}]},{\"@type\":\"WebSite\",\"@id\":\"https:\/\/www.miomiorun.com\/fr\/#website\",\"url\":\"https:\/\/www.miomiorun.com\/fr\/\",\"name\":\"MioMioRun\",\"description\":\"Boutique 100% running et trail\",\"publisher\":{\"@id\":\"https:\/\/www.miomiorun.com\/fr\/#organization\"},\"potentialAction\":[{\"@type\":\"SearchAction\",\"target\":{\"@type\":\"EntryPoint\",\"urlTemplate\":\"https:\/\/www.miomiorun.com\/fr\/?s={search_term_string}\"},\"query-input\":{\"@type\":\"PropertyValueSpecification\",\"valueRequired\":true,\"valueName\":\"search_term_string\"}}],\"inLanguage\":\"fr-FR\"},{\"@type\":\"Organization\",\"@id\":\"https:\/\/www.miomiorun.com\/fr\/#organization\",\"name\":\"MioMio Run\",\"url\":\"https:\/\/www.miomiorun.com\/fr\/\",\"logo\":{\"@type\":\"ImageObject\",\"inLanguage\":\"fr-FR\",\"@id\":\"https:\/\/www.miomiorun.com\/fr\/#\/schema\/logo\/image\/\",\"url\":\"https:\/\/www.miomiorun.com\/app\/uploads\/2019\/12\/logomio.png\",\"contentUrl\":\"https:\/\/www.miomiorun.com\/app\/uploads\/2019\/12\/logomio.png\",\"width\":115,\"height\":82,\"caption\":\"MioMio Run\"},\"image\":{\"@id\":\"https:\/\/www.miomiorun.com\/fr\/#\/schema\/logo\/image\/\"},\"sameAs\":[\"https:\/\/www.facebook.com\/miomiorun\/\",\"https:\/\/www.instagram.com\/miomiorun\/\"]}]}<\/script>\n<!-- \/ Yoast SEO plugin. -->","yoast_head_json":{"title":"Salomon Genesis GTX homme - chaussures de trail - MioMioRun.com","description":"Chaussure de trail running imperm\u00e9able avec membrane GORE-TEX\u00ae, semelle Contagrip\u00ae et semelle interm\u00e9diaire Energy Foam pour un confort et une adh\u00e9rence optimaux sur tous les terrains.","robots":{"index":"index","follow":"follow","max-snippet":"max-snippet:-1","max-image-preview":"max-image-preview:large","max-video-preview":"max-video-preview:-1"},"canonical":"https:\/\/www.miomiorun.com\/fr\/produit\/genesis-gtx-homme\/","og_locale":"fr_FR","og_type":"article","og_title":"Salomon Genesis GTX homme - chaussures de trail - MioMioRun.com","og_description":"Chaussure de trail running imperm\u00e9able avec membrane GORE-TEX\u00ae, semelle Contagrip\u00ae et semelle interm\u00e9diaire Energy Foam pour un confort et une adh\u00e9rence optimaux sur tous les terrains.","og_url":"https:\/\/www.miomiorun.com\/fr\/produit\/genesis-gtx-homme\/","og_site_name":"MioMioRun","article_publisher":"https:\/\/www.facebook.com\/miomiorun\/","article_modified_time":"2026-04-17T08:33:54+00:00","og_image":[{"width":720,"height":720,"url":"https:\/\/www.miomiorun.com\/app\/uploads\/2025\/10\/salomon-Genesis-GTX-black-sedsa-incabe-L47978000.webp","type":"image\/webp"}],"twitter_card":"summary_large_image","twitter_misc":{"Est. reading time":"3 minutes"},"schema":{"@context":"https:\/\/schema.org","@graph":[{"@type":"WebPage","@id":"https:\/\/www.miomiorun.com\/fr\/produit\/genesis-gtx-homme\/","url":"https:\/\/www.miomiorun.com\/fr\/produit\/genesis-gtx-homme\/","name":"Salomon Genesis GTX homme - chaussures de trail - MioMioRun.com","isPartOf":{"@id":"https:\/\/www.miomiorun.com\/fr\/#website"},"primaryImageOfPage":{"@id":"https:\/\/www.miomiorun.com\/fr\/produit\/genesis-gtx-homme\/#primaryimage"},"image":{"@id":"https:\/\/www.miomiorun.com\/fr\/produit\/genesis-gtx-homme\/#primaryimage"},"thumbnailUrl":"https:\/\/www.miomiorun.com\/app\/uploads\/2025\/10\/salomon-Genesis-GTX-black-sedsa-incabe-L47978000.webp","datePublished":"2025-10-20T14:15:36+00:00","dateModified":"2026-04-17T08:33:54+00:00","description":"Chaussure de trail running imperm\u00e9able avec membrane GORE-TEX\u00ae, semelle Contagrip\u00ae et semelle interm\u00e9diaire Energy Foam pour un confort et une adh\u00e9rence optimaux sur tous les terrains.","breadcrumb":{"@id":"https:\/\/www.miomiorun.com\/fr\/produit\/genesis-gtx-homme\/#breadcrumb"},"inLanguage":"fr-FR","potentialAction":[{"@type":"ReadAction","target":["https:\/\/www.miomiorun.com\/fr\/produit\/genesis-gtx-homme\/"]}]},{"@type":"ImageObject","inLanguage":"fr-FR","@id":"https:\/\/www.miomiorun.com\/fr\/produit\/genesis-gtx-homme\/#primaryimage","url":"https:\/\/www.miomiorun.com\/app\/uploads\/2025\/10\/salomon-Genesis-GTX-black-sedsa-incabe-L47978000.webp","contentUrl":"https:\/\/www.miomiorun.com\/app\/uploads\/2025\/10\/salomon-Genesis-GTX-black-sedsa-incabe-L47978000.webp","width":720,"height":720,"caption":"salomon Genesis GTX black sedsa incabe L47978000"},{"@type":"BreadcrumbList","@id":"https:\/\/www.miomiorun.com\/fr\/produit\/genesis-gtx-homme\/#breadcrumb","itemListElement":[{"@type":"ListItem","position":1,"name":"Home","item":"https:\/\/www.miomiorun.com\/fr\/home-page\/"},{"@type":"ListItem","position":2,"name":"Shop","item":"https:\/\/www.miomiorun.com\/shop\/"},{"@type":"ListItem","position":3,"name":"Genesis GTX homme"}]},{"@type":"WebSite","@id":"https:\/\/www.miomiorun.com\/fr\/#website","url":"https:\/\/www.miomiorun.com\/fr\/","name":"MioMioRun","description":"Boutique 100% running et trail","publisher":{"@id":"https:\/\/www.miomiorun.com\/fr\/#organization"},"potentialAction":[{"@type":"SearchAction","target":{"@type":"EntryPoint","urlTemplate":"https:\/\/www.miomiorun.com\/fr\/?s={search_term_string}"},"query-input":{"@type":"PropertyValueSpecification","valueRequired":true,"valueName":"search_term_string"}}],"inLanguage":"fr-FR"},{"@type":"Organization","@id":"https:\/\/www.miomiorun.com\/fr\/#organization","name":"MioMio Run","url":"https:\/\/www.miomiorun.com\/fr\/","logo":{"@type":"ImageObject","inLanguage":"fr-FR","@id":"https:\/\/www.miomiorun.com\/fr\/#\/schema\/logo\/image\/","url":"https:\/\/www.miomiorun.com\/app\/uploads\/2019\/12\/logomio.png","contentUrl":"https:\/\/www.miomiorun.com\/app\/uploads\/2019\/12\/logomio.png","width":115,"height":82,"caption":"MioMio Run"},"image":{"@id":"https:\/\/www.miomiorun.com\/fr\/#\/schema\/logo\/image\/"},"sameAs":["https:\/\/www.facebook.com\/miomiorun\/","https:\/\/www.instagram.com\/miomiorun\/"]}]}},"_links":{"self":[{"href":"https:\/\/www.miomiorun.com\/fr\/wp-json\/wp\/v2\/product\/362442","targetHints":{"allow":["GET"]}}],"collection":[{"href":"https:\/\/www.miomiorun.com\/fr\/wp-json\/wp\/v2\/product"}],"about":[{"href":"https:\/\/www.miomiorun.com\/fr\/wp-json\/wp\/v2\/types\/product"}],"wp:featuredmedia":[{"embeddable":true,"href":"https:\/\/www.miomiorun.com\/fr\/wp-json\/wp\/v2\/media\/365027"}],"wp:attachment":[{"href":"https:\/\/www.miomiorun.com\/fr\/wp-json\/wp\/v2\/media?parent=362442"}],"wp:term":[{"taxonomy":"product_brand","embeddable":true,"href":"https:\/\/www.miomiorun.com\/fr\/wp-json\/wp\/v2\/product_brand?post=362442"},{"taxonomy":"product_cat","embeddable":true,"href":"https:\/\/www.miomiorun.com\/fr\/wp-json\/wp\/v2\/product_cat?post=362442"},{"taxonomy":"product_tag","embeddable":true,"href":"https:\/\/www.miomiorun.com\/fr\/wp-json\/wp\/v2\/product_tag?post=362442"}],"curies":[{"name":"wp","href":"https:\/\/api.w.org\/{rel}","templated":true}]}}