{"id":361900,"date":"2025-10-15T15:29:22","date_gmt":"2025-10-15T13:29:22","guid":{"rendered":"https:\/\/www.miomiorun.com\/?post_type=product&#038;p=361900"},"modified":"2026-04-17T10:34:26","modified_gmt":"2026-04-17T08:34:26","slug":"summit-superior-jkt-homme","status":"publish","type":"product","link":"https:\/\/www.miomiorun.com\/fr\/produit\/summit-superior-jkt-homme\/","title":{"rendered":"Summit Superior jkt homme"},"content":{"rendered":"<p data-start=\"274\" data-end=\"674\">La <strong data-start=\"305\" data-end=\"352\">Summit Superior FUTURELIGHT\u2122 Graphic Jacket<\/strong> est une veste ultra-l\u00e9g\u00e8re et imperm\u00e9able con\u00e7ue pour offrir <strong data-start=\"417\" data-end=\"456\">une protection et une respirabilit\u00e9 maximales<\/strong> dans les conditions les plus extr\u00eames en montagne. Le <strong data-start=\"502\" data-end=\"531\">rev\u00eatement FUTURELIGHT\u2122<\/strong>, la technologie la plus avanc\u00e9e de The North Face, assure <strong data-start=\"588\" data-end=\"625\">une imperm\u00e9abilit\u00e9 et un confort optimal<\/strong> gr\u00e2ce \u00e0 la structure respirante du tissu.<\/p>\n<p data-start=\"676\" data-end=\"1075\">Le <strong data-start=\"679\" data-end=\"702\">tissu LIGHTRANGE\u2122<\/strong>, extr\u00eamement l\u00e9ger et dot\u00e9 de propri\u00e9t\u00e9s <strong data-start=\"741\" data-end=\"748\">UPF<\/strong>, garantit un confort prolong\u00e9 sans ajouter de poids, id\u00e9al pour les comp\u00e9titions de trail et les activit\u00e9s \u00e0 haute intensit\u00e9. Sa conception technique comprend une <strong data-start=\"900\" data-end=\"938\">capuche enti\u00e8rement r\u00e9glable<\/strong>, une <strong data-start=\"940\" data-end=\"991\">fermeture \u00e9clair avant imperm\u00e9able \u00e0 double curseur<\/strong> et des <strong data-start=\"994\" data-end=\"1032\">poignets thermosoud\u00e9s \u00e9lastiques<\/strong> pour un ajustement s\u00fbr et fonctionnel.<\/p>\n<p data-start=\"1077\" data-end=\"1437\">Les <strong data-start=\"1079\" data-end=\"1103\">d\u00e9tails r\u00e9fl\u00e9chissants<\/strong> am\u00e9liorent la visibilit\u00e9 dans des conditions de faible luminosit\u00e9, tandis que la veste se <strong data-start=\"1179\" data-end=\"1210\">plie dans sa propre poche<\/strong> pour un transport pratique et compact. Les <strong data-start=\"1251\" data-end=\"1277\">finitions DWR sans PFC<\/strong> offrent une protection suppl\u00e9mentaire contre l&#8217;eau, tout en respectant l&#8217;environnement. Parfaite pour ceux qui recherchent <strong data-start=\"1383\" data-end=\"1425\">des performances professionnelles et la l\u00e9g\u00e8ret\u00e9<\/strong> en altitude.<br \/>\n&nbsp;<\/p>\n<p>&nbsp;<\/p><\/p>\n","protected":false},"excerpt":{"rendered":"<ul>\n<li data-start=\"1649\" data-end=\"1718\">\n<p data-start=\"1651\" data-end=\"1718\">Technologie FUTURELIGHT\u2122 : imperm\u00e9abilit\u00e9 et respirabilit\u00e9 avanc\u00e9es<\/p>\n<\/li>\n<li data-start=\"1719\" data-end=\"1783\">\n<p data-start=\"1721\" data-end=\"1783\">Tissu LIGHTRANGE\u2122 l\u00e9ger et respirant avec protection UPF<\/p>\n<\/li>\n<li data-start=\"1784\" data-end=\"1849\">\n<p data-start=\"1786\" data-end=\"1849\">Capuche ajustable et fermeture \u00e9clair imperm\u00e9able \u00e0 double curseur<\/p>\n<\/li>\n<\/ul>\n","protected":false},"featured_media":362944,"template":"","meta":{"_acf_changed":false,"inline_featured_image":false},"product_brand":[],"product_cat":[24480,24482],"product_tag":[32391,32397],"class_list":{"0":"post-361900","1":"product","2":"type-product","3":"status-publish","4":"has-post-thumbnail","6":"product_cat-vestes-fr-2","7":"product_cat-vetements-pour-hommes-fr","8":"product_tag-the-north-face-fr","9":"product_tag-the-north-face-homme","10":"pa_attivita-fitness-fr","11":"pa_attivita-marcher","12":"pa_attivita-running-fr","13":"pa_colore-superior-jkt-orange-fr","14":"pa_marca-the-north-face-fr","15":"pa_sesso-homme","16":"pa_size-small-fr","17":"pa_size-medium-fr","19":"first","20":"instock","21":"sale","22":"taxable","23":"shipping-taxable","24":"purchasable","25":"product-type-variable","26":"wvs-archive-product-wrapper"},"acf":[],"yoast_head":"<!-- This site is optimized with the Yoast SEO plugin v26.8 - https:\/\/yoast.com\/product\/yoast-seo-wordpress\/ -->\n<title>The North Face Summit Superior jkt homme - Veste imperm\u00e9able - MioMioRun<\/title>\n<meta name=\"description\" content=\"Veste imperm\u00e9able et respirante FUTURELIGHT\u2122 ultra-l\u00e9g\u00e8re avec capuche ajustable. Protection, confort et visibilit\u00e9 pour les d\u00e9fis en montagne.\" \/>\n<meta name=\"robots\" content=\"index, follow, max-snippet:-1, max-image-preview:large, max-video-preview:-1\" \/>\n<link rel=\"canonical\" href=\"https:\/\/www.miomiorun.com\/fr\/produit\/summit-superior-jkt-homme\/\" \/>\n<meta property=\"og:locale\" content=\"fr_FR\" \/>\n<meta property=\"og:type\" content=\"article\" \/>\n<meta property=\"og:title\" content=\"The North Face Summit Superior jkt homme - Veste imperm\u00e9able - MioMioRun\" \/>\n<meta property=\"og:description\" content=\"Veste imperm\u00e9able et respirante FUTURELIGHT\u2122 ultra-l\u00e9g\u00e8re avec capuche ajustable. Protection, confort et visibilit\u00e9 pour les d\u00e9fis en montagne.\" \/>\n<meta property=\"og:url\" content=\"https:\/\/www.miomiorun.com\/fr\/produit\/summit-superior-jkt-homme\/\" \/>\n<meta property=\"og:site_name\" content=\"MioMioRun\" \/>\n<meta property=\"article:publisher\" content=\"https:\/\/www.facebook.com\/miomiorun\/\" \/>\n<meta property=\"article:modified_time\" content=\"2026-04-17T08:34:26+00:00\" \/>\n<meta property=\"og:image\" content=\"https:\/\/www.miomiorun.com\/app\/uploads\/2025\/10\/north-face-Superior-jkt-orange-NF0A8FB2JA81.webp\" \/>\n\t<meta property=\"og:image:width\" content=\"720\" \/>\n\t<meta property=\"og:image:height\" content=\"720\" \/>\n\t<meta property=\"og:image:type\" content=\"image\/webp\" \/>\n<meta name=\"twitter:card\" content=\"summary_large_image\" \/>\n<meta name=\"twitter:label1\" content=\"Est. reading time\" \/>\n\t<meta name=\"twitter:data1\" content=\"1 minute\" \/>\n<script type=\"application\/ld+json\" class=\"yoast-schema-graph\">{\"@context\":\"https:\/\/schema.org\",\"@graph\":[{\"@type\":\"WebPage\",\"@id\":\"https:\/\/www.miomiorun.com\/fr\/produit\/summit-superior-jkt-homme\/\",\"url\":\"https:\/\/www.miomiorun.com\/fr\/produit\/summit-superior-jkt-homme\/\",\"name\":\"The North Face Summit Superior jkt homme - Veste imperm\u00e9able - MioMioRun\",\"isPartOf\":{\"@id\":\"https:\/\/www.miomiorun.com\/fr\/#website\"},\"primaryImageOfPage\":{\"@id\":\"https:\/\/www.miomiorun.com\/fr\/produit\/summit-superior-jkt-homme\/#primaryimage\"},\"image\":{\"@id\":\"https:\/\/www.miomiorun.com\/fr\/produit\/summit-superior-jkt-homme\/#primaryimage\"},\"thumbnailUrl\":\"https:\/\/www.miomiorun.com\/app\/uploads\/2025\/10\/north-face-Superior-jkt-orange-NF0A8FB2JA81.webp\",\"datePublished\":\"2025-10-15T13:29:22+00:00\",\"dateModified\":\"2026-04-17T08:34:26+00:00\",\"description\":\"Veste imperm\u00e9able et respirante FUTURELIGHT\u2122 ultra-l\u00e9g\u00e8re avec capuche ajustable. Protection, confort et visibilit\u00e9 pour les d\u00e9fis en montagne.\",\"breadcrumb\":{\"@id\":\"https:\/\/www.miomiorun.com\/fr\/produit\/summit-superior-jkt-homme\/#breadcrumb\"},\"inLanguage\":\"fr-FR\",\"potentialAction\":[{\"@type\":\"ReadAction\",\"target\":[\"https:\/\/www.miomiorun.com\/fr\/produit\/summit-superior-jkt-homme\/\"]}]},{\"@type\":\"ImageObject\",\"inLanguage\":\"fr-FR\",\"@id\":\"https:\/\/www.miomiorun.com\/fr\/produit\/summit-superior-jkt-homme\/#primaryimage\",\"url\":\"https:\/\/www.miomiorun.com\/app\/uploads\/2025\/10\/north-face-Superior-jkt-orange-NF0A8FB2JA81.webp\",\"contentUrl\":\"https:\/\/www.miomiorun.com\/app\/uploads\/2025\/10\/north-face-Superior-jkt-orange-NF0A8FB2JA81.webp\",\"width\":720,\"height\":720,\"caption\":\"north face Superior jkt orange NF0A8FB2JA81\"},{\"@type\":\"BreadcrumbList\",\"@id\":\"https:\/\/www.miomiorun.com\/fr\/produit\/summit-superior-jkt-homme\/#breadcrumb\",\"itemListElement\":[{\"@type\":\"ListItem\",\"position\":1,\"name\":\"Home\",\"item\":\"https:\/\/www.miomiorun.com\/fr\/home-page\/\"},{\"@type\":\"ListItem\",\"position\":2,\"name\":\"Shop\",\"item\":\"https:\/\/www.miomiorun.com\/shop\/\"},{\"@type\":\"ListItem\",\"position\":3,\"name\":\"Summit Superior jkt homme\"}]},{\"@type\":\"WebSite\",\"@id\":\"https:\/\/www.miomiorun.com\/fr\/#website\",\"url\":\"https:\/\/www.miomiorun.com\/fr\/\",\"name\":\"MioMioRun\",\"description\":\"Boutique 100% running et trail\",\"publisher\":{\"@id\":\"https:\/\/www.miomiorun.com\/fr\/#organization\"},\"potentialAction\":[{\"@type\":\"SearchAction\",\"target\":{\"@type\":\"EntryPoint\",\"urlTemplate\":\"https:\/\/www.miomiorun.com\/fr\/?s={search_term_string}\"},\"query-input\":{\"@type\":\"PropertyValueSpecification\",\"valueRequired\":true,\"valueName\":\"search_term_string\"}}],\"inLanguage\":\"fr-FR\"},{\"@type\":\"Organization\",\"@id\":\"https:\/\/www.miomiorun.com\/fr\/#organization\",\"name\":\"MioMio Run\",\"url\":\"https:\/\/www.miomiorun.com\/fr\/\",\"logo\":{\"@type\":\"ImageObject\",\"inLanguage\":\"fr-FR\",\"@id\":\"https:\/\/www.miomiorun.com\/fr\/#\/schema\/logo\/image\/\",\"url\":\"https:\/\/www.miomiorun.com\/app\/uploads\/2019\/12\/logomio.png\",\"contentUrl\":\"https:\/\/www.miomiorun.com\/app\/uploads\/2019\/12\/logomio.png\",\"width\":115,\"height\":82,\"caption\":\"MioMio Run\"},\"image\":{\"@id\":\"https:\/\/www.miomiorun.com\/fr\/#\/schema\/logo\/image\/\"},\"sameAs\":[\"https:\/\/www.facebook.com\/miomiorun\/\",\"https:\/\/www.instagram.com\/miomiorun\/\"]}]}<\/script>\n<!-- \/ Yoast SEO plugin. -->","yoast_head_json":{"title":"The North Face Summit Superior jkt homme - Veste imperm\u00e9able - MioMioRun","description":"Veste imperm\u00e9able et respirante FUTURELIGHT\u2122 ultra-l\u00e9g\u00e8re avec capuche ajustable. Protection, confort et visibilit\u00e9 pour les d\u00e9fis en montagne.","robots":{"index":"index","follow":"follow","max-snippet":"max-snippet:-1","max-image-preview":"max-image-preview:large","max-video-preview":"max-video-preview:-1"},"canonical":"https:\/\/www.miomiorun.com\/fr\/produit\/summit-superior-jkt-homme\/","og_locale":"fr_FR","og_type":"article","og_title":"The North Face Summit Superior jkt homme - Veste imperm\u00e9able - MioMioRun","og_description":"Veste imperm\u00e9able et respirante FUTURELIGHT\u2122 ultra-l\u00e9g\u00e8re avec capuche ajustable. Protection, confort et visibilit\u00e9 pour les d\u00e9fis en montagne.","og_url":"https:\/\/www.miomiorun.com\/fr\/produit\/summit-superior-jkt-homme\/","og_site_name":"MioMioRun","article_publisher":"https:\/\/www.facebook.com\/miomiorun\/","article_modified_time":"2026-04-17T08:34:26+00:00","og_image":[{"width":720,"height":720,"url":"https:\/\/www.miomiorun.com\/app\/uploads\/2025\/10\/north-face-Superior-jkt-orange-NF0A8FB2JA81.webp","type":"image\/webp"}],"twitter_card":"summary_large_image","twitter_misc":{"Est. reading time":"1 minute"},"schema":{"@context":"https:\/\/schema.org","@graph":[{"@type":"WebPage","@id":"https:\/\/www.miomiorun.com\/fr\/produit\/summit-superior-jkt-homme\/","url":"https:\/\/www.miomiorun.com\/fr\/produit\/summit-superior-jkt-homme\/","name":"The North Face Summit Superior jkt homme - Veste imperm\u00e9able - MioMioRun","isPartOf":{"@id":"https:\/\/www.miomiorun.com\/fr\/#website"},"primaryImageOfPage":{"@id":"https:\/\/www.miomiorun.com\/fr\/produit\/summit-superior-jkt-homme\/#primaryimage"},"image":{"@id":"https:\/\/www.miomiorun.com\/fr\/produit\/summit-superior-jkt-homme\/#primaryimage"},"thumbnailUrl":"https:\/\/www.miomiorun.com\/app\/uploads\/2025\/10\/north-face-Superior-jkt-orange-NF0A8FB2JA81.webp","datePublished":"2025-10-15T13:29:22+00:00","dateModified":"2026-04-17T08:34:26+00:00","description":"Veste imperm\u00e9able et respirante FUTURELIGHT\u2122 ultra-l\u00e9g\u00e8re avec capuche ajustable. Protection, confort et visibilit\u00e9 pour les d\u00e9fis en montagne.","breadcrumb":{"@id":"https:\/\/www.miomiorun.com\/fr\/produit\/summit-superior-jkt-homme\/#breadcrumb"},"inLanguage":"fr-FR","potentialAction":[{"@type":"ReadAction","target":["https:\/\/www.miomiorun.com\/fr\/produit\/summit-superior-jkt-homme\/"]}]},{"@type":"ImageObject","inLanguage":"fr-FR","@id":"https:\/\/www.miomiorun.com\/fr\/produit\/summit-superior-jkt-homme\/#primaryimage","url":"https:\/\/www.miomiorun.com\/app\/uploads\/2025\/10\/north-face-Superior-jkt-orange-NF0A8FB2JA81.webp","contentUrl":"https:\/\/www.miomiorun.com\/app\/uploads\/2025\/10\/north-face-Superior-jkt-orange-NF0A8FB2JA81.webp","width":720,"height":720,"caption":"north face Superior jkt orange NF0A8FB2JA81"},{"@type":"BreadcrumbList","@id":"https:\/\/www.miomiorun.com\/fr\/produit\/summit-superior-jkt-homme\/#breadcrumb","itemListElement":[{"@type":"ListItem","position":1,"name":"Home","item":"https:\/\/www.miomiorun.com\/fr\/home-page\/"},{"@type":"ListItem","position":2,"name":"Shop","item":"https:\/\/www.miomiorun.com\/shop\/"},{"@type":"ListItem","position":3,"name":"Summit Superior jkt homme"}]},{"@type":"WebSite","@id":"https:\/\/www.miomiorun.com\/fr\/#website","url":"https:\/\/www.miomiorun.com\/fr\/","name":"MioMioRun","description":"Boutique 100% running et trail","publisher":{"@id":"https:\/\/www.miomiorun.com\/fr\/#organization"},"potentialAction":[{"@type":"SearchAction","target":{"@type":"EntryPoint","urlTemplate":"https:\/\/www.miomiorun.com\/fr\/?s={search_term_string}"},"query-input":{"@type":"PropertyValueSpecification","valueRequired":true,"valueName":"search_term_string"}}],"inLanguage":"fr-FR"},{"@type":"Organization","@id":"https:\/\/www.miomiorun.com\/fr\/#organization","name":"MioMio Run","url":"https:\/\/www.miomiorun.com\/fr\/","logo":{"@type":"ImageObject","inLanguage":"fr-FR","@id":"https:\/\/www.miomiorun.com\/fr\/#\/schema\/logo\/image\/","url":"https:\/\/www.miomiorun.com\/app\/uploads\/2019\/12\/logomio.png","contentUrl":"https:\/\/www.miomiorun.com\/app\/uploads\/2019\/12\/logomio.png","width":115,"height":82,"caption":"MioMio Run"},"image":{"@id":"https:\/\/www.miomiorun.com\/fr\/#\/schema\/logo\/image\/"},"sameAs":["https:\/\/www.facebook.com\/miomiorun\/","https:\/\/www.instagram.com\/miomiorun\/"]}]}},"_links":{"self":[{"href":"https:\/\/www.miomiorun.com\/fr\/wp-json\/wp\/v2\/product\/361900","targetHints":{"allow":["GET"]}}],"collection":[{"href":"https:\/\/www.miomiorun.com\/fr\/wp-json\/wp\/v2\/product"}],"about":[{"href":"https:\/\/www.miomiorun.com\/fr\/wp-json\/wp\/v2\/types\/product"}],"wp:featuredmedia":[{"embeddable":true,"href":"https:\/\/www.miomiorun.com\/fr\/wp-json\/wp\/v2\/media\/362944"}],"wp:attachment":[{"href":"https:\/\/www.miomiorun.com\/fr\/wp-json\/wp\/v2\/media?parent=361900"}],"wp:term":[{"taxonomy":"product_brand","embeddable":true,"href":"https:\/\/www.miomiorun.com\/fr\/wp-json\/wp\/v2\/product_brand?post=361900"},{"taxonomy":"product_cat","embeddable":true,"href":"https:\/\/www.miomiorun.com\/fr\/wp-json\/wp\/v2\/product_cat?post=361900"},{"taxonomy":"product_tag","embeddable":true,"href":"https:\/\/www.miomiorun.com\/fr\/wp-json\/wp\/v2\/product_tag?post=361900"}],"curies":[{"name":"wp","href":"https:\/\/api.w.org\/{rel}","templated":true}]}}