{"id":361560,"date":"2025-10-15T12:05:37","date_gmt":"2025-10-15T10:05:37","guid":{"rendered":"https:\/\/www.miomiorun.com\/?post_type=product&#038;p=361560"},"modified":"2026-04-17T10:34:43","modified_gmt":"2026-04-17T08:34:43","slug":"ikoni-atr-femme","status":"publish","type":"product","link":"https:\/\/www.miomiorun.com\/fr\/produit\/ikoni-atr-femme\/","title":{"rendered":"Ikoni ATR femme"},"content":{"rendered":"<table style=\"border-collapse: collapse;width: 100%\">\n<tbody>\n<tr>\n<td style=\"width: 33.3333%;vertical-align: top;text-align: center\">\n<h4>Caract\u00e9ristiques techniques<\/h4>\n<p>Cat\u00e9gorie : amorti moyen<br \/>\nD\u00e9calage : 8 mm<br \/>\nPoids : 250 g<br \/>\nId\u00e9al pour : les coureurs \u00e0 la recherche d&#8217;une chaussure offrant un bon amorti et une transition fluide, pour les courses de moyenne distance.<br \/>\nPoids de l&#8217;athl\u00e8te : 65-75 kg<br \/>\nAllure de course : moyenne \u00e0 rapide (4,30-5,30 min\/km)<br \/>\n<a href=\"https:\/\/miomiorun.com\/guida-alle-specifiche-tecniche\/\">Guide des sp\u00e9cifications techniques<\/a><\/td>\n<td style=\"width: 66.6666%;vertical-align: top;text-align: center\">\n<p data-start=\"303\" data-end=\"648\">Les <strong data-start=\"334\" data-end=\"374\">KARHU Ikoni ATR<\/strong> sont la version <strong data-start=\"392\" data-end=\"407\">tout-terrain<\/strong> de la c\u00e9l\u00e8bre Ikoni, con\u00e7ues pour affronter avec la m\u00eame efficacit\u00e9 <strong data-start=\"480\" data-end=\"502\">le bitume et les sentiers<\/strong>. Elles conservent la foul\u00e9e fluide et \u00e9quilibr\u00e9e de leur homologue route, tout en int\u00e9grant une structure renforc\u00e9e pour plus de protection et de durabilit\u00e9. <\/p>\n<p data-start=\"650\" data-end=\"1015\">La <strong data-start=\"653\" data-end=\"681\">tige en mesh IdealKnit<\/strong> avec motif brindle est compl\u00e9t\u00e9e par une <strong data-start=\"721\" data-end=\"758\">protection anti-boue \u00e0 360\u00b0<\/strong>, qui isole de la salet\u00e9 et am\u00e9liore la r\u00e9sistance \u00e0 l&#8217;abrasion. La <strong data-start=\"825\" data-end=\"848\">semelle interm\u00e9diaire AeroFoam<\/strong>, d\u00e9j\u00e0 \u00e9prouv\u00e9e sur l&#8217;Ikoni 3.0, offre un <strong data-start=\"888\" data-end=\"926\">amorti souple et r\u00e9actif<\/strong>, tandis que l&#8217;<strong data-start=\"937\" data-end=\"954\">unit\u00e9 Fulcrum<\/strong> assure une foul\u00e9e guid\u00e9e et stable sur des surfaces mixtes.<\/p>\n<p data-start=\"1017\" data-end=\"1395\">La <strong data-start=\"1020\" data-end=\"1055\">semelle en caoutchouc \u00e0 haute adh\u00e9rence<\/strong> avec <strong data-start=\"1060\" data-end=\"1083\">des crampons de 2,5 mm<\/strong> garantit traction et stabilit\u00e9 sur les chemins de terre, tout en conservant une sensation de confort lors de la course sur route. La Ikoni ATR est le choix id\u00e9al pour ceux qui recherchent une chaussure <strong data-start=\"1341\" data-end=\"1368\">route-trail polyvalente<\/strong>, confortable et robuste.\n<\/p>\n<\/p>\n<\/td>\n<\/tr>\n<\/tbody>\n<\/table>\n<p>&nbsp;<\/p>\n","protected":false},"excerpt":{"rendered":"<ul>\n<li data-start=\"1606\" data-end=\"1662\">\n<p data-start=\"1608\" data-end=\"1662\">Tige en mesh IdealKnit avec protection anti-boue \u00e0 360\u00b0<\/p>\n<\/li>\n<li data-start=\"1663\" data-end=\"1725\">\n<p data-start=\"1665\" data-end=\"1725\">Semelle interm\u00e9diaire AeroFoam pour un amorti souple et r\u00e9actif<\/p>\n<\/li>\n<li data-start=\"1726\" data-end=\"1787\">\n<p data-start=\"1728\" data-end=\"1787\">Unit\u00e9 Fulcrum pour une course guid\u00e9e et stable<\/p>\n<\/li>\n<\/ul>\n","protected":false},"featured_media":361230,"template":"","meta":{"_acf_changed":false,"inline_featured_image":false},"product_brand":[],"product_cat":[22605,22608],"product_tag":[23474,23495],"class_list":{"0":"post-361560","1":"product","2":"type-product","3":"status-publish","4":"has-post-thumbnail","6":"product_cat-chaussures-pour-femmes","7":"product_cat-trail-fr","8":"product_tag-karhu-fr","9":"product_tag-karhu-femme","10":"pa_attivita-fitness-fr","11":"pa_attivita-marcher","12":"pa_attivita-running-fr","13":"pa_colore-ikoni-atr-w-icicle-yellow-plum-fr","14":"pa_colore-ikoni-atr-w-turbulence-lily-pad","15":"pa_colore-ikoni-atr-w-white-sand-chili","16":"pa_marca-karhu-fr","17":"pa_sesso-femme","18":"pa_size-37-5-fr","19":"pa_size-38-fr","20":"pa_size-39-fr","21":"pa_size-39-5-fr","22":"pa_size-40-fr","23":"pa_size-40-5-fr","24":"pa_size-41-5-fr","25":"pa_size-42-fr","27":"first","28":"instock","29":"sale","30":"taxable","31":"shipping-taxable","32":"purchasable","33":"product-type-variable","34":"wvs-archive-product-wrapper"},"acf":[],"yoast_head":"<!-- This site is optimized with the Yoast SEO plugin v26.8 - https:\/\/yoast.com\/product\/yoast-seo-wordpress\/ -->\n<title>Karhu Ikoni ATR femme -chaussure de course pour femme - MioMioRun<\/title>\n<meta name=\"description\" content=\"Chaussure de course tout-terrain avec amorti AeroFoam et semelle crant\u00e9e de 2,5 mm. Confort, stabilit\u00e9 et protection sur route et sentiers.\" \/>\n<meta name=\"robots\" content=\"index, follow, max-snippet:-1, max-image-preview:large, max-video-preview:-1\" \/>\n<link rel=\"canonical\" href=\"https:\/\/www.miomiorun.com\/fr\/produit\/ikoni-atr-femme\/\" \/>\n<meta property=\"og:locale\" content=\"fr_FR\" \/>\n<meta property=\"og:type\" content=\"article\" \/>\n<meta property=\"og:title\" content=\"Karhu Ikoni ATR femme -chaussure de course pour femme - MioMioRun\" \/>\n<meta property=\"og:description\" content=\"Chaussure de course tout-terrain avec amorti AeroFoam et semelle crant\u00e9e de 2,5 mm. Confort, stabilit\u00e9 et protection sur route et sentiers.\" \/>\n<meta property=\"og:url\" content=\"https:\/\/www.miomiorun.com\/fr\/produit\/ikoni-atr-femme\/\" \/>\n<meta property=\"og:site_name\" content=\"MioMioRun\" \/>\n<meta property=\"article:publisher\" content=\"https:\/\/www.facebook.com\/miomiorun\/\" \/>\n<meta property=\"article:modified_time\" content=\"2026-04-17T08:34:43+00:00\" \/>\n<meta property=\"og:image\" content=\"https:\/\/www.miomiorun.com\/app\/uploads\/2025\/10\/karhu-Ikoni-ATR-W-icicle-yellow-plum-F204010.webp\" \/>\n\t<meta property=\"og:image:width\" content=\"720\" \/>\n\t<meta property=\"og:image:height\" content=\"720\" \/>\n\t<meta property=\"og:image:type\" content=\"image\/webp\" \/>\n<meta name=\"twitter:card\" content=\"summary_large_image\" \/>\n<meta name=\"twitter:label1\" content=\"Est. reading time\" \/>\n\t<meta name=\"twitter:data1\" content=\"1 minute\" \/>\n<script type=\"application\/ld+json\" class=\"yoast-schema-graph\">{\"@context\":\"https:\/\/schema.org\",\"@graph\":[{\"@type\":\"WebPage\",\"@id\":\"https:\/\/www.miomiorun.com\/fr\/produit\/ikoni-atr-femme\/\",\"url\":\"https:\/\/www.miomiorun.com\/fr\/produit\/ikoni-atr-femme\/\",\"name\":\"Karhu Ikoni ATR femme -chaussure de course pour femme - MioMioRun\",\"isPartOf\":{\"@id\":\"https:\/\/www.miomiorun.com\/fr\/#website\"},\"primaryImageOfPage\":{\"@id\":\"https:\/\/www.miomiorun.com\/fr\/produit\/ikoni-atr-femme\/#primaryimage\"},\"image\":{\"@id\":\"https:\/\/www.miomiorun.com\/fr\/produit\/ikoni-atr-femme\/#primaryimage\"},\"thumbnailUrl\":\"https:\/\/www.miomiorun.com\/app\/uploads\/2025\/10\/karhu-Ikoni-ATR-W-icicle-yellow-plum-F204010.webp\",\"datePublished\":\"2025-10-15T10:05:37+00:00\",\"dateModified\":\"2026-04-17T08:34:43+00:00\",\"description\":\"Chaussure de course tout-terrain avec amorti AeroFoam et semelle crant\u00e9e de 2,5 mm. Confort, stabilit\u00e9 et protection sur route et sentiers.\",\"breadcrumb\":{\"@id\":\"https:\/\/www.miomiorun.com\/fr\/produit\/ikoni-atr-femme\/#breadcrumb\"},\"inLanguage\":\"fr-FR\",\"potentialAction\":[{\"@type\":\"ReadAction\",\"target\":[\"https:\/\/www.miomiorun.com\/fr\/produit\/ikoni-atr-femme\/\"]}]},{\"@type\":\"ImageObject\",\"inLanguage\":\"fr-FR\",\"@id\":\"https:\/\/www.miomiorun.com\/fr\/produit\/ikoni-atr-femme\/#primaryimage\",\"url\":\"https:\/\/www.miomiorun.com\/app\/uploads\/2025\/10\/karhu-Ikoni-ATR-W-icicle-yellow-plum-F204010.webp\",\"contentUrl\":\"https:\/\/www.miomiorun.com\/app\/uploads\/2025\/10\/karhu-Ikoni-ATR-W-icicle-yellow-plum-F204010.webp\",\"width\":720,\"height\":720,\"caption\":\"karhu Ikoni ATR W icicle yellow plum F204010\"},{\"@type\":\"BreadcrumbList\",\"@id\":\"https:\/\/www.miomiorun.com\/fr\/produit\/ikoni-atr-femme\/#breadcrumb\",\"itemListElement\":[{\"@type\":\"ListItem\",\"position\":1,\"name\":\"Home\",\"item\":\"https:\/\/www.miomiorun.com\/fr\/home-page\/\"},{\"@type\":\"ListItem\",\"position\":2,\"name\":\"Shop\",\"item\":\"https:\/\/www.miomiorun.com\/shop\/\"},{\"@type\":\"ListItem\",\"position\":3,\"name\":\"Ikoni ATR femme\"}]},{\"@type\":\"WebSite\",\"@id\":\"https:\/\/www.miomiorun.com\/fr\/#website\",\"url\":\"https:\/\/www.miomiorun.com\/fr\/\",\"name\":\"MioMioRun\",\"description\":\"Boutique 100% running et trail\",\"publisher\":{\"@id\":\"https:\/\/www.miomiorun.com\/fr\/#organization\"},\"potentialAction\":[{\"@type\":\"SearchAction\",\"target\":{\"@type\":\"EntryPoint\",\"urlTemplate\":\"https:\/\/www.miomiorun.com\/fr\/?s={search_term_string}\"},\"query-input\":{\"@type\":\"PropertyValueSpecification\",\"valueRequired\":true,\"valueName\":\"search_term_string\"}}],\"inLanguage\":\"fr-FR\"},{\"@type\":\"Organization\",\"@id\":\"https:\/\/www.miomiorun.com\/fr\/#organization\",\"name\":\"MioMio Run\",\"url\":\"https:\/\/www.miomiorun.com\/fr\/\",\"logo\":{\"@type\":\"ImageObject\",\"inLanguage\":\"fr-FR\",\"@id\":\"https:\/\/www.miomiorun.com\/fr\/#\/schema\/logo\/image\/\",\"url\":\"https:\/\/www.miomiorun.com\/app\/uploads\/2019\/12\/logomio.png\",\"contentUrl\":\"https:\/\/www.miomiorun.com\/app\/uploads\/2019\/12\/logomio.png\",\"width\":115,\"height\":82,\"caption\":\"MioMio Run\"},\"image\":{\"@id\":\"https:\/\/www.miomiorun.com\/fr\/#\/schema\/logo\/image\/\"},\"sameAs\":[\"https:\/\/www.facebook.com\/miomiorun\/\",\"https:\/\/www.instagram.com\/miomiorun\/\"]}]}<\/script>\n<!-- \/ Yoast SEO plugin. -->","yoast_head_json":{"title":"Karhu Ikoni ATR femme -chaussure de course pour femme - MioMioRun","description":"Chaussure de course tout-terrain avec amorti AeroFoam et semelle crant\u00e9e de 2,5 mm. Confort, stabilit\u00e9 et protection sur route et sentiers.","robots":{"index":"index","follow":"follow","max-snippet":"max-snippet:-1","max-image-preview":"max-image-preview:large","max-video-preview":"max-video-preview:-1"},"canonical":"https:\/\/www.miomiorun.com\/fr\/produit\/ikoni-atr-femme\/","og_locale":"fr_FR","og_type":"article","og_title":"Karhu Ikoni ATR femme -chaussure de course pour femme - MioMioRun","og_description":"Chaussure de course tout-terrain avec amorti AeroFoam et semelle crant\u00e9e de 2,5 mm. Confort, stabilit\u00e9 et protection sur route et sentiers.","og_url":"https:\/\/www.miomiorun.com\/fr\/produit\/ikoni-atr-femme\/","og_site_name":"MioMioRun","article_publisher":"https:\/\/www.facebook.com\/miomiorun\/","article_modified_time":"2026-04-17T08:34:43+00:00","og_image":[{"width":720,"height":720,"url":"https:\/\/www.miomiorun.com\/app\/uploads\/2025\/10\/karhu-Ikoni-ATR-W-icicle-yellow-plum-F204010.webp","type":"image\/webp"}],"twitter_card":"summary_large_image","twitter_misc":{"Est. reading time":"1 minute"},"schema":{"@context":"https:\/\/schema.org","@graph":[{"@type":"WebPage","@id":"https:\/\/www.miomiorun.com\/fr\/produit\/ikoni-atr-femme\/","url":"https:\/\/www.miomiorun.com\/fr\/produit\/ikoni-atr-femme\/","name":"Karhu Ikoni ATR femme -chaussure de course pour femme - MioMioRun","isPartOf":{"@id":"https:\/\/www.miomiorun.com\/fr\/#website"},"primaryImageOfPage":{"@id":"https:\/\/www.miomiorun.com\/fr\/produit\/ikoni-atr-femme\/#primaryimage"},"image":{"@id":"https:\/\/www.miomiorun.com\/fr\/produit\/ikoni-atr-femme\/#primaryimage"},"thumbnailUrl":"https:\/\/www.miomiorun.com\/app\/uploads\/2025\/10\/karhu-Ikoni-ATR-W-icicle-yellow-plum-F204010.webp","datePublished":"2025-10-15T10:05:37+00:00","dateModified":"2026-04-17T08:34:43+00:00","description":"Chaussure de course tout-terrain avec amorti AeroFoam et semelle crant\u00e9e de 2,5 mm. Confort, stabilit\u00e9 et protection sur route et sentiers.","breadcrumb":{"@id":"https:\/\/www.miomiorun.com\/fr\/produit\/ikoni-atr-femme\/#breadcrumb"},"inLanguage":"fr-FR","potentialAction":[{"@type":"ReadAction","target":["https:\/\/www.miomiorun.com\/fr\/produit\/ikoni-atr-femme\/"]}]},{"@type":"ImageObject","inLanguage":"fr-FR","@id":"https:\/\/www.miomiorun.com\/fr\/produit\/ikoni-atr-femme\/#primaryimage","url":"https:\/\/www.miomiorun.com\/app\/uploads\/2025\/10\/karhu-Ikoni-ATR-W-icicle-yellow-plum-F204010.webp","contentUrl":"https:\/\/www.miomiorun.com\/app\/uploads\/2025\/10\/karhu-Ikoni-ATR-W-icicle-yellow-plum-F204010.webp","width":720,"height":720,"caption":"karhu Ikoni ATR W icicle yellow plum F204010"},{"@type":"BreadcrumbList","@id":"https:\/\/www.miomiorun.com\/fr\/produit\/ikoni-atr-femme\/#breadcrumb","itemListElement":[{"@type":"ListItem","position":1,"name":"Home","item":"https:\/\/www.miomiorun.com\/fr\/home-page\/"},{"@type":"ListItem","position":2,"name":"Shop","item":"https:\/\/www.miomiorun.com\/shop\/"},{"@type":"ListItem","position":3,"name":"Ikoni ATR femme"}]},{"@type":"WebSite","@id":"https:\/\/www.miomiorun.com\/fr\/#website","url":"https:\/\/www.miomiorun.com\/fr\/","name":"MioMioRun","description":"Boutique 100% running et trail","publisher":{"@id":"https:\/\/www.miomiorun.com\/fr\/#organization"},"potentialAction":[{"@type":"SearchAction","target":{"@type":"EntryPoint","urlTemplate":"https:\/\/www.miomiorun.com\/fr\/?s={search_term_string}"},"query-input":{"@type":"PropertyValueSpecification","valueRequired":true,"valueName":"search_term_string"}}],"inLanguage":"fr-FR"},{"@type":"Organization","@id":"https:\/\/www.miomiorun.com\/fr\/#organization","name":"MioMio Run","url":"https:\/\/www.miomiorun.com\/fr\/","logo":{"@type":"ImageObject","inLanguage":"fr-FR","@id":"https:\/\/www.miomiorun.com\/fr\/#\/schema\/logo\/image\/","url":"https:\/\/www.miomiorun.com\/app\/uploads\/2019\/12\/logomio.png","contentUrl":"https:\/\/www.miomiorun.com\/app\/uploads\/2019\/12\/logomio.png","width":115,"height":82,"caption":"MioMio Run"},"image":{"@id":"https:\/\/www.miomiorun.com\/fr\/#\/schema\/logo\/image\/"},"sameAs":["https:\/\/www.facebook.com\/miomiorun\/","https:\/\/www.instagram.com\/miomiorun\/"]}]}},"_links":{"self":[{"href":"https:\/\/www.miomiorun.com\/fr\/wp-json\/wp\/v2\/product\/361560","targetHints":{"allow":["GET"]}}],"collection":[{"href":"https:\/\/www.miomiorun.com\/fr\/wp-json\/wp\/v2\/product"}],"about":[{"href":"https:\/\/www.miomiorun.com\/fr\/wp-json\/wp\/v2\/types\/product"}],"wp:featuredmedia":[{"embeddable":true,"href":"https:\/\/www.miomiorun.com\/fr\/wp-json\/wp\/v2\/media\/361230"}],"wp:attachment":[{"href":"https:\/\/www.miomiorun.com\/fr\/wp-json\/wp\/v2\/media?parent=361560"}],"wp:term":[{"taxonomy":"product_brand","embeddable":true,"href":"https:\/\/www.miomiorun.com\/fr\/wp-json\/wp\/v2\/product_brand?post=361560"},{"taxonomy":"product_cat","embeddable":true,"href":"https:\/\/www.miomiorun.com\/fr\/wp-json\/wp\/v2\/product_cat?post=361560"},{"taxonomy":"product_tag","embeddable":true,"href":"https:\/\/www.miomiorun.com\/fr\/wp-json\/wp\/v2\/product_tag?post=361560"}],"curies":[{"name":"wp","href":"https:\/\/api.w.org\/{rel}","templated":true}]}}