{"id":361071,"date":"2025-10-14T19:18:04","date_gmt":"2025-10-14T17:18:04","guid":{"rendered":"https:\/\/www.miomiorun.com\/?post_type=product&#038;p=361071"},"modified":"2026-05-09T10:14:29","modified_gmt":"2026-05-09T08:14:29","slug":"pull-ascent-homme","status":"publish","type":"product","link":"https:\/\/www.miomiorun.com\/fr\/produit\/pull-ascent-homme\/","title":{"rendered":"Pull Ascent homme"},"content":{"rendered":"<p>Le Pull Ascent est une couche interm\u00e9diaire technique \u00e0 demi-zip con\u00e7ue pour les activit\u00e9s de plein air par temps froid. Enti\u00e8rement fabriqu\u00e9 en <strong data-start=\"357\" data-end=\"385\">tissu haute performance<\/strong>, il offre un excellent \u00e9quilibre entre <strong data-start=\"422\" data-end=\"461\">respirabilit\u00e9 et isolation thermique<\/strong>, garantissant un confort optimal lors des randonn\u00e9es, trekkings ou activit\u00e9s en montagne. Son design moderne, avec des coutures plates contrast\u00e9es et des logos r\u00e9fl\u00e9chissants, allie style et fonctionnalit\u00e9. Une poche int\u00e9rieure d\u00e9di\u00e9e \u00e0 l&#8217;ARTVA et une poche ext\u00e9rieure zipp\u00e9e compl\u00e8tent ce v\u00eatement con\u00e7u pour affronter toutes les aventures avec protection et libert\u00e9 de mouvement.<\/p>\n","protected":false},"excerpt":{"rendered":"<ul>\n<li data-start=\"1006\" data-end=\"1064\">\n<p data-start=\"1008\" data-end=\"1064\">Tissu haute performance : respirant et thermor\u00e9gulateur<\/p>\n<\/li>\n<li data-start=\"1065\" data-end=\"1129\">\n<p data-start=\"1067\" data-end=\"1129\">Poche int\u00e9rieure pour ARTVA et poche ext\u00e9rieure avec fermeture \u00e9clair coll\u00e9e<\/p>\n<\/li>\n<li data-start=\"1130\" data-end=\"1196\">\n<p data-start=\"1132\" data-end=\"1196\">Coutures plates contrast\u00e9es et logos r\u00e9fl\u00e9chissants pour une meilleure visibilit\u00e9<\/p>\n<\/li>\n<\/ul>\n","protected":false},"featured_media":365728,"template":"","meta":{"_acf_changed":false,"inline_featured_image":false},"product_brand":[],"product_cat":[24478,24482],"product_tag":[23489,23610],"class_list":{"0":"post-361071","1":"product","2":"type-product","3":"status-publish","4":"has-post-thumbnail","6":"product_cat-maillots-fr-2","7":"product_cat-vetements-pour-hommes-fr","8":"product_tag-crazy-idea-fr","9":"product_tag-crazy-idea-homme","10":"pa_attivita-marcher","11":"pa_attivita-outdoor-fr","12":"pa_attivita-trail-fr","13":"pa_colore-pull-ascent-brick-fr","14":"pa_colore-pull-ascent-galaxy-fr","15":"pa_marca-crazy-idea-fr","16":"pa_sesso-homme","17":"pa_size-small-fr","18":"pa_size-medium-fr","19":"pa_size-large-fr","20":"pa_size-extra-large-fr","22":"first","23":"instock","24":"sale","25":"taxable","26":"shipping-taxable","27":"purchasable","28":"product-type-variable","29":"wvs-archive-product-wrapper"},"acf":[],"yoast_head":"<!-- This site is optimized with the Yoast SEO plugin v26.8 - https:\/\/yoast.com\/product\/yoast-seo-wordpress\/ -->\n<title>Crazy Idea Pull Ascent homme - Maillot de course \u00e0 pied - MioMioRun<\/title>\n<meta name=\"description\" content=\"Couche interm\u00e9diaire technique en tissu haute performance, id\u00e9ale pour le trekking et les aventures en plein air. Chaleur, respirabilit\u00e9 et d\u00e9tails fonctionnels dans un design moderne.\" \/>\n<meta name=\"robots\" content=\"index, follow, max-snippet:-1, max-image-preview:large, max-video-preview:-1\" \/>\n<link rel=\"canonical\" href=\"https:\/\/www.miomiorun.com\/fr\/produit\/pull-ascent-homme\/\" \/>\n<meta property=\"og:locale\" content=\"fr_FR\" \/>\n<meta property=\"og:type\" content=\"article\" \/>\n<meta property=\"og:title\" content=\"Crazy Idea Pull Ascent homme - Maillot de course \u00e0 pied - MioMioRun\" \/>\n<meta property=\"og:description\" content=\"Couche interm\u00e9diaire technique en tissu haute performance, id\u00e9ale pour le trekking et les aventures en plein air. Chaleur, respirabilit\u00e9 et d\u00e9tails fonctionnels dans un design moderne.\" \/>\n<meta property=\"og:url\" content=\"https:\/\/www.miomiorun.com\/fr\/produit\/pull-ascent-homme\/\" \/>\n<meta property=\"og:site_name\" content=\"MioMioRun\" \/>\n<meta property=\"article:publisher\" content=\"https:\/\/www.facebook.com\/miomiorun\/\" \/>\n<meta property=\"article:modified_time\" content=\"2026-05-09T08:14:29+00:00\" \/>\n<meta property=\"og:image\" content=\"https:\/\/www.miomiorun.com\/app\/uploads\/2025\/10\/crazy-Pull-Ascent-brick-W25025125U-0079.webp\" \/>\n\t<meta property=\"og:image:width\" content=\"720\" \/>\n\t<meta property=\"og:image:height\" content=\"720\" \/>\n\t<meta property=\"og:image:type\" content=\"image\/webp\" \/>\n<meta name=\"twitter:card\" content=\"summary_large_image\" \/>\n<meta name=\"twitter:label1\" content=\"Est. reading time\" \/>\n\t<meta name=\"twitter:data1\" content=\"1 minute\" \/>\n<script type=\"application\/ld+json\" class=\"yoast-schema-graph\">{\"@context\":\"https:\/\/schema.org\",\"@graph\":[{\"@type\":\"WebPage\",\"@id\":\"https:\/\/www.miomiorun.com\/fr\/produit\/pull-ascent-homme\/\",\"url\":\"https:\/\/www.miomiorun.com\/fr\/produit\/pull-ascent-homme\/\",\"name\":\"Crazy Idea Pull Ascent homme - Maillot de course \u00e0 pied - MioMioRun\",\"isPartOf\":{\"@id\":\"https:\/\/www.miomiorun.com\/fr\/#website\"},\"primaryImageOfPage\":{\"@id\":\"https:\/\/www.miomiorun.com\/fr\/produit\/pull-ascent-homme\/#primaryimage\"},\"image\":{\"@id\":\"https:\/\/www.miomiorun.com\/fr\/produit\/pull-ascent-homme\/#primaryimage\"},\"thumbnailUrl\":\"https:\/\/www.miomiorun.com\/app\/uploads\/2025\/10\/crazy-Pull-Ascent-brick-W25025125U-0079.webp\",\"datePublished\":\"2025-10-14T17:18:04+00:00\",\"dateModified\":\"2026-05-09T08:14:29+00:00\",\"description\":\"Couche interm\u00e9diaire technique en tissu haute performance, id\u00e9ale pour le trekking et les aventures en plein air. Chaleur, respirabilit\u00e9 et d\u00e9tails fonctionnels dans un design moderne.\",\"breadcrumb\":{\"@id\":\"https:\/\/www.miomiorun.com\/fr\/produit\/pull-ascent-homme\/#breadcrumb\"},\"inLanguage\":\"fr-FR\",\"potentialAction\":[{\"@type\":\"ReadAction\",\"target\":[\"https:\/\/www.miomiorun.com\/fr\/produit\/pull-ascent-homme\/\"]}]},{\"@type\":\"ImageObject\",\"inLanguage\":\"fr-FR\",\"@id\":\"https:\/\/www.miomiorun.com\/fr\/produit\/pull-ascent-homme\/#primaryimage\",\"url\":\"https:\/\/www.miomiorun.com\/app\/uploads\/2025\/10\/crazy-Pull-Ascent-brick-W25025125U-0079.webp\",\"contentUrl\":\"https:\/\/www.miomiorun.com\/app\/uploads\/2025\/10\/crazy-Pull-Ascent-brick-W25025125U-0079.webp\",\"width\":720,\"height\":720,\"caption\":\"crazy Pull Ascent brick W25025125U-0079\"},{\"@type\":\"BreadcrumbList\",\"@id\":\"https:\/\/www.miomiorun.com\/fr\/produit\/pull-ascent-homme\/#breadcrumb\",\"itemListElement\":[{\"@type\":\"ListItem\",\"position\":1,\"name\":\"Home\",\"item\":\"https:\/\/www.miomiorun.com\/fr\/home-page\/\"},{\"@type\":\"ListItem\",\"position\":2,\"name\":\"Shop\",\"item\":\"https:\/\/www.miomiorun.com\/shop\/\"},{\"@type\":\"ListItem\",\"position\":3,\"name\":\"Pull Ascent homme\"}]},{\"@type\":\"WebSite\",\"@id\":\"https:\/\/www.miomiorun.com\/fr\/#website\",\"url\":\"https:\/\/www.miomiorun.com\/fr\/\",\"name\":\"MioMioRun\",\"description\":\"Boutique 100% running et trail\",\"publisher\":{\"@id\":\"https:\/\/www.miomiorun.com\/fr\/#organization\"},\"potentialAction\":[{\"@type\":\"SearchAction\",\"target\":{\"@type\":\"EntryPoint\",\"urlTemplate\":\"https:\/\/www.miomiorun.com\/fr\/?s={search_term_string}\"},\"query-input\":{\"@type\":\"PropertyValueSpecification\",\"valueRequired\":true,\"valueName\":\"search_term_string\"}}],\"inLanguage\":\"fr-FR\"},{\"@type\":\"Organization\",\"@id\":\"https:\/\/www.miomiorun.com\/fr\/#organization\",\"name\":\"MioMio Run\",\"url\":\"https:\/\/www.miomiorun.com\/fr\/\",\"logo\":{\"@type\":\"ImageObject\",\"inLanguage\":\"fr-FR\",\"@id\":\"https:\/\/www.miomiorun.com\/fr\/#\/schema\/logo\/image\/\",\"url\":\"https:\/\/www.miomiorun.com\/app\/uploads\/2019\/12\/logomio.png\",\"contentUrl\":\"https:\/\/www.miomiorun.com\/app\/uploads\/2019\/12\/logomio.png\",\"width\":115,\"height\":82,\"caption\":\"MioMio Run\"},\"image\":{\"@id\":\"https:\/\/www.miomiorun.com\/fr\/#\/schema\/logo\/image\/\"},\"sameAs\":[\"https:\/\/www.facebook.com\/miomiorun\/\",\"https:\/\/www.instagram.com\/miomiorun\/\"]}]}<\/script>\n<!-- \/ Yoast SEO plugin. -->","yoast_head_json":{"title":"Crazy Idea Pull Ascent homme - Maillot de course \u00e0 pied - MioMioRun","description":"Couche interm\u00e9diaire technique en tissu haute performance, id\u00e9ale pour le trekking et les aventures en plein air. Chaleur, respirabilit\u00e9 et d\u00e9tails fonctionnels dans un design moderne.","robots":{"index":"index","follow":"follow","max-snippet":"max-snippet:-1","max-image-preview":"max-image-preview:large","max-video-preview":"max-video-preview:-1"},"canonical":"https:\/\/www.miomiorun.com\/fr\/produit\/pull-ascent-homme\/","og_locale":"fr_FR","og_type":"article","og_title":"Crazy Idea Pull Ascent homme - Maillot de course \u00e0 pied - MioMioRun","og_description":"Couche interm\u00e9diaire technique en tissu haute performance, id\u00e9ale pour le trekking et les aventures en plein air. Chaleur, respirabilit\u00e9 et d\u00e9tails fonctionnels dans un design moderne.","og_url":"https:\/\/www.miomiorun.com\/fr\/produit\/pull-ascent-homme\/","og_site_name":"MioMioRun","article_publisher":"https:\/\/www.facebook.com\/miomiorun\/","article_modified_time":"2026-05-09T08:14:29+00:00","og_image":[{"width":720,"height":720,"url":"https:\/\/www.miomiorun.com\/app\/uploads\/2025\/10\/crazy-Pull-Ascent-brick-W25025125U-0079.webp","type":"image\/webp"}],"twitter_card":"summary_large_image","twitter_misc":{"Est. reading time":"1 minute"},"schema":{"@context":"https:\/\/schema.org","@graph":[{"@type":"WebPage","@id":"https:\/\/www.miomiorun.com\/fr\/produit\/pull-ascent-homme\/","url":"https:\/\/www.miomiorun.com\/fr\/produit\/pull-ascent-homme\/","name":"Crazy Idea Pull Ascent homme - Maillot de course \u00e0 pied - MioMioRun","isPartOf":{"@id":"https:\/\/www.miomiorun.com\/fr\/#website"},"primaryImageOfPage":{"@id":"https:\/\/www.miomiorun.com\/fr\/produit\/pull-ascent-homme\/#primaryimage"},"image":{"@id":"https:\/\/www.miomiorun.com\/fr\/produit\/pull-ascent-homme\/#primaryimage"},"thumbnailUrl":"https:\/\/www.miomiorun.com\/app\/uploads\/2025\/10\/crazy-Pull-Ascent-brick-W25025125U-0079.webp","datePublished":"2025-10-14T17:18:04+00:00","dateModified":"2026-05-09T08:14:29+00:00","description":"Couche interm\u00e9diaire technique en tissu haute performance, id\u00e9ale pour le trekking et les aventures en plein air. Chaleur, respirabilit\u00e9 et d\u00e9tails fonctionnels dans un design moderne.","breadcrumb":{"@id":"https:\/\/www.miomiorun.com\/fr\/produit\/pull-ascent-homme\/#breadcrumb"},"inLanguage":"fr-FR","potentialAction":[{"@type":"ReadAction","target":["https:\/\/www.miomiorun.com\/fr\/produit\/pull-ascent-homme\/"]}]},{"@type":"ImageObject","inLanguage":"fr-FR","@id":"https:\/\/www.miomiorun.com\/fr\/produit\/pull-ascent-homme\/#primaryimage","url":"https:\/\/www.miomiorun.com\/app\/uploads\/2025\/10\/crazy-Pull-Ascent-brick-W25025125U-0079.webp","contentUrl":"https:\/\/www.miomiorun.com\/app\/uploads\/2025\/10\/crazy-Pull-Ascent-brick-W25025125U-0079.webp","width":720,"height":720,"caption":"crazy Pull Ascent brick W25025125U-0079"},{"@type":"BreadcrumbList","@id":"https:\/\/www.miomiorun.com\/fr\/produit\/pull-ascent-homme\/#breadcrumb","itemListElement":[{"@type":"ListItem","position":1,"name":"Home","item":"https:\/\/www.miomiorun.com\/fr\/home-page\/"},{"@type":"ListItem","position":2,"name":"Shop","item":"https:\/\/www.miomiorun.com\/shop\/"},{"@type":"ListItem","position":3,"name":"Pull Ascent homme"}]},{"@type":"WebSite","@id":"https:\/\/www.miomiorun.com\/fr\/#website","url":"https:\/\/www.miomiorun.com\/fr\/","name":"MioMioRun","description":"Boutique 100% running et trail","publisher":{"@id":"https:\/\/www.miomiorun.com\/fr\/#organization"},"potentialAction":[{"@type":"SearchAction","target":{"@type":"EntryPoint","urlTemplate":"https:\/\/www.miomiorun.com\/fr\/?s={search_term_string}"},"query-input":{"@type":"PropertyValueSpecification","valueRequired":true,"valueName":"search_term_string"}}],"inLanguage":"fr-FR"},{"@type":"Organization","@id":"https:\/\/www.miomiorun.com\/fr\/#organization","name":"MioMio Run","url":"https:\/\/www.miomiorun.com\/fr\/","logo":{"@type":"ImageObject","inLanguage":"fr-FR","@id":"https:\/\/www.miomiorun.com\/fr\/#\/schema\/logo\/image\/","url":"https:\/\/www.miomiorun.com\/app\/uploads\/2019\/12\/logomio.png","contentUrl":"https:\/\/www.miomiorun.com\/app\/uploads\/2019\/12\/logomio.png","width":115,"height":82,"caption":"MioMio Run"},"image":{"@id":"https:\/\/www.miomiorun.com\/fr\/#\/schema\/logo\/image\/"},"sameAs":["https:\/\/www.facebook.com\/miomiorun\/","https:\/\/www.instagram.com\/miomiorun\/"]}]}},"_links":{"self":[{"href":"https:\/\/www.miomiorun.com\/fr\/wp-json\/wp\/v2\/product\/361071","targetHints":{"allow":["GET"]}}],"collection":[{"href":"https:\/\/www.miomiorun.com\/fr\/wp-json\/wp\/v2\/product"}],"about":[{"href":"https:\/\/www.miomiorun.com\/fr\/wp-json\/wp\/v2\/types\/product"}],"wp:featuredmedia":[{"embeddable":true,"href":"https:\/\/www.miomiorun.com\/fr\/wp-json\/wp\/v2\/media\/365728"}],"wp:attachment":[{"href":"https:\/\/www.miomiorun.com\/fr\/wp-json\/wp\/v2\/media?parent=361071"}],"wp:term":[{"taxonomy":"product_brand","embeddable":true,"href":"https:\/\/www.miomiorun.com\/fr\/wp-json\/wp\/v2\/product_brand?post=361071"},{"taxonomy":"product_cat","embeddable":true,"href":"https:\/\/www.miomiorun.com\/fr\/wp-json\/wp\/v2\/product_cat?post=361071"},{"taxonomy":"product_tag","embeddable":true,"href":"https:\/\/www.miomiorun.com\/fr\/wp-json\/wp\/v2\/product_tag?post=361071"}],"curies":[{"name":"wp","href":"https:\/\/api.w.org\/{rel}","templated":true}]}}