{"id":361030,"date":"2025-10-14T19:06:33","date_gmt":"2025-10-14T17:06:33","guid":{"rendered":"https:\/\/www.miomiorun.com\/?post_type=product&#038;p=361030"},"modified":"2026-05-08T16:26:12","modified_gmt":"2026-05-08T14:26:12","slug":"jkt-flame-homme","status":"publish","type":"product","link":"https:\/\/www.miomiorun.com\/fr\/produit\/jkt-flame-homme\/","title":{"rendered":"JKT Flame homme"},"content":{"rendered":"<p data-start=\"151\" data-end=\"554\">La <strong data-start=\"154\" data-end=\"167\">JKT Flame<\/strong> est la nouvelle doudoune technique de la collection, con\u00e7ue pour offrir <strong data-start=\"230\" data-end=\"270\">un maximum de chaleur, de confort et de protection<\/strong> lors des activit\u00e9s en montagne. Son <strong data-start=\"311\" data-end=\"332\">design innovant<\/strong>, r\u00e9alis\u00e9 \u00e0 l&#8217;aide d&#8217;un syst\u00e8me complexe de <strong data-start=\"373\" data-end=\"411\">collages \u00e0 la place des coutures<\/strong>, cr\u00e9e non seulement un effet visuel unique, mais garantit \u00e9galement une <strong data-start=\"470\" data-end=\"503\">meilleure stabilit\u00e9 du duvet<\/strong> et r\u00e9duit au minimum les fuites de plumes.<\/p>\n<p data-start=\"556\" data-end=\"1000\">Cette doudoune de <strong data-start=\"574\" data-end=\"588\">poids moyen<\/strong> a \u00e9t\u00e9 con\u00e7ue pour vous accompagner lors de vos <strong data-start=\"637\" data-end=\"654\">randonn\u00e9es \u00e0 ski<\/strong> et autres activit\u00e9s de plein air intenses. Chaque d\u00e9tail est \u00e9tudi\u00e9 pour offrir <strong data-start=\"737\" data-end=\"787\">une thermicit\u00e9 diff\u00e9renci\u00e9e et une grande libert\u00e9 de mouvement<\/strong> : la partie principale (devant, manches et dos) est rembourr\u00e9e de <strong data-start=\"856\" data-end=\"890\">duvet naturel de haute qualit\u00e9<\/strong>, tandis que les <strong data-start=\"902\" data-end=\"912\">\u00e9paules<\/strong> sont renforc\u00e9es par un <strong data-start=\"933\" data-end=\"959\">rembourrage Primaloft\u00ae<\/strong>, plus r\u00e9sistant \u00e0 l&#8217;eau et \u00e0 la neige.<\/p>\n<p data-start=\"1002\" data-end=\"1368\">Les <strong data-start=\"1004\" data-end=\"1018\">c\u00f4t\u00e9s<\/strong> en <strong data-start=\"1022\" data-end=\"1055\">tissu tubulaire sans coutures<\/strong>, rembourr\u00e9s de <strong data-start=\"1070\" data-end=\"1103\">micro-rouleaux synth\u00e9tiques italiens<\/strong>, garantissent \u00e9lasticit\u00e9, respirabilit\u00e9 et ajustement optimal. Le r\u00e9sultat est un v\u00eatement <strong data-start=\"1192\" data-end=\"1227\">polyvalent, technique et fonctionnel<\/strong>, parfait pour ceux qui vivent leur passion pour la montagne et recherchent une doudoune capable d&#8217;offrir d&#8217;excellentes performances sans renoncer au style.<\/p><\/p>\n","protected":false},"excerpt":{"rendered":"<ul>\n<li data-start=\"1585\" data-end=\"1678\">\n<p data-start=\"1587\" data-end=\"1678\">Syst\u00e8me de collage rempla\u00e7ant les coutures, pour une esth\u00e9tique et une fonctionnalit\u00e9 sup\u00e9rieures.<\/p>\n<\/li>\n<li data-start=\"1679\" data-end=\"1763\">\n<p data-start=\"1681\" data-end=\"1763\">Rembourrage en duvet naturel et Primaloft\u00ae sur les \u00e9paules pour une meilleure protection.<\/p>\n<\/li>\n<li data-start=\"1764\" data-end=\"1843\">\n<p data-start=\"1766\" data-end=\"1843\">C\u00f4t\u00e9s en tissu tubulaire \u00e9lastique avec rembourrage synth\u00e9tique microrollo.<\/p>\n<\/li>\n<\/ul>\n","protected":false},"featured_media":365638,"template":"","meta":{"_acf_changed":false,"inline_featured_image":false},"product_brand":[],"product_cat":[24480,24482],"product_tag":[23489,23610],"class_list":{"0":"post-361030","1":"product","2":"type-product","3":"status-publish","4":"has-post-thumbnail","6":"product_cat-vestes-fr-2","7":"product_cat-vetements-pour-hommes-fr","8":"product_tag-crazy-idea-fr","9":"product_tag-crazy-idea-homme","10":"pa_attivita-lifestyle-fr","11":"pa_attivita-marcher","12":"pa_attivita-outdoor-fr","13":"pa_colore-jkt-flame-brick-fr","14":"pa_marca-crazy-idea-fr","15":"pa_sesso-homme","16":"pa_size-small-fr","17":"pa_size-medium-fr","19":"first","20":"instock","21":"taxable","22":"shipping-taxable","23":"purchasable","24":"product-type-variable","25":"wvs-archive-product-wrapper"},"acf":[],"yoast_head":"<!-- This site is optimized with the Yoast SEO plugin v26.8 - https:\/\/yoast.com\/product\/yoast-seo-wordpress\/ -->\n<title>Crazy Idea JKT Flame homme - Veste d&#039;hiver - MioMioRun.com<\/title>\n<meta name=\"description\" content=\"JKT Flame : doudoune technique de montagne avec rembourrage mixte en duvet et Primaloft\u00ae, assemblages sans coutures et confort exceptionnel.\" \/>\n<meta name=\"robots\" content=\"index, follow, max-snippet:-1, max-image-preview:large, max-video-preview:-1\" \/>\n<link rel=\"canonical\" href=\"https:\/\/www.miomiorun.com\/fr\/produit\/jkt-flame-homme\/\" \/>\n<meta property=\"og:locale\" content=\"fr_FR\" \/>\n<meta property=\"og:type\" content=\"article\" \/>\n<meta property=\"og:title\" content=\"Crazy Idea JKT Flame homme - Veste d&#039;hiver - MioMioRun.com\" \/>\n<meta property=\"og:description\" content=\"JKT Flame : doudoune technique de montagne avec rembourrage mixte en duvet et Primaloft\u00ae, assemblages sans coutures et confort exceptionnel.\" \/>\n<meta property=\"og:url\" content=\"https:\/\/www.miomiorun.com\/fr\/produit\/jkt-flame-homme\/\" \/>\n<meta property=\"og:site_name\" content=\"MioMioRun\" \/>\n<meta property=\"article:publisher\" content=\"https:\/\/www.facebook.com\/miomiorun\/\" \/>\n<meta property=\"article:modified_time\" content=\"2026-05-08T14:26:12+00:00\" \/>\n<meta property=\"og:image\" content=\"https:\/\/www.miomiorun.com\/app\/uploads\/2025\/10\/crazy-JKT-Flame-brick-W25055227U-0079.webp\" \/>\n\t<meta property=\"og:image:width\" content=\"720\" \/>\n\t<meta property=\"og:image:height\" content=\"720\" \/>\n\t<meta property=\"og:image:type\" content=\"image\/webp\" \/>\n<meta name=\"twitter:card\" content=\"summary_large_image\" \/>\n<meta name=\"twitter:label1\" content=\"Est. reading time\" \/>\n\t<meta name=\"twitter:data1\" content=\"1 minute\" \/>\n<script type=\"application\/ld+json\" class=\"yoast-schema-graph\">{\"@context\":\"https:\/\/schema.org\",\"@graph\":[{\"@type\":\"WebPage\",\"@id\":\"https:\/\/www.miomiorun.com\/fr\/produit\/jkt-flame-homme\/\",\"url\":\"https:\/\/www.miomiorun.com\/fr\/produit\/jkt-flame-homme\/\",\"name\":\"Crazy Idea JKT Flame homme - Veste d'hiver - MioMioRun.com\",\"isPartOf\":{\"@id\":\"https:\/\/www.miomiorun.com\/fr\/#website\"},\"primaryImageOfPage\":{\"@id\":\"https:\/\/www.miomiorun.com\/fr\/produit\/jkt-flame-homme\/#primaryimage\"},\"image\":{\"@id\":\"https:\/\/www.miomiorun.com\/fr\/produit\/jkt-flame-homme\/#primaryimage\"},\"thumbnailUrl\":\"https:\/\/www.miomiorun.com\/app\/uploads\/2025\/10\/crazy-JKT-Flame-brick-W25055227U-0079.webp\",\"datePublished\":\"2025-10-14T17:06:33+00:00\",\"dateModified\":\"2026-05-08T14:26:12+00:00\",\"description\":\"JKT Flame : doudoune technique de montagne avec rembourrage mixte en duvet et Primaloft\u00ae, assemblages sans coutures et confort exceptionnel.\",\"breadcrumb\":{\"@id\":\"https:\/\/www.miomiorun.com\/fr\/produit\/jkt-flame-homme\/#breadcrumb\"},\"inLanguage\":\"fr-FR\",\"potentialAction\":[{\"@type\":\"ReadAction\",\"target\":[\"https:\/\/www.miomiorun.com\/fr\/produit\/jkt-flame-homme\/\"]}]},{\"@type\":\"ImageObject\",\"inLanguage\":\"fr-FR\",\"@id\":\"https:\/\/www.miomiorun.com\/fr\/produit\/jkt-flame-homme\/#primaryimage\",\"url\":\"https:\/\/www.miomiorun.com\/app\/uploads\/2025\/10\/crazy-JKT-Flame-brick-W25055227U-0079.webp\",\"contentUrl\":\"https:\/\/www.miomiorun.com\/app\/uploads\/2025\/10\/crazy-JKT-Flame-brick-W25055227U-0079.webp\",\"width\":720,\"height\":720,\"caption\":\"crazy JKT Flame brick W25055227U-0079\"},{\"@type\":\"BreadcrumbList\",\"@id\":\"https:\/\/www.miomiorun.com\/fr\/produit\/jkt-flame-homme\/#breadcrumb\",\"itemListElement\":[{\"@type\":\"ListItem\",\"position\":1,\"name\":\"Home\",\"item\":\"https:\/\/www.miomiorun.com\/fr\/home-page\/\"},{\"@type\":\"ListItem\",\"position\":2,\"name\":\"Shop\",\"item\":\"https:\/\/www.miomiorun.com\/shop\/\"},{\"@type\":\"ListItem\",\"position\":3,\"name\":\"JKT Flame homme\"}]},{\"@type\":\"WebSite\",\"@id\":\"https:\/\/www.miomiorun.com\/fr\/#website\",\"url\":\"https:\/\/www.miomiorun.com\/fr\/\",\"name\":\"MioMioRun\",\"description\":\"Boutique 100% running et trail\",\"publisher\":{\"@id\":\"https:\/\/www.miomiorun.com\/fr\/#organization\"},\"potentialAction\":[{\"@type\":\"SearchAction\",\"target\":{\"@type\":\"EntryPoint\",\"urlTemplate\":\"https:\/\/www.miomiorun.com\/fr\/?s={search_term_string}\"},\"query-input\":{\"@type\":\"PropertyValueSpecification\",\"valueRequired\":true,\"valueName\":\"search_term_string\"}}],\"inLanguage\":\"fr-FR\"},{\"@type\":\"Organization\",\"@id\":\"https:\/\/www.miomiorun.com\/fr\/#organization\",\"name\":\"MioMio Run\",\"url\":\"https:\/\/www.miomiorun.com\/fr\/\",\"logo\":{\"@type\":\"ImageObject\",\"inLanguage\":\"fr-FR\",\"@id\":\"https:\/\/www.miomiorun.com\/fr\/#\/schema\/logo\/image\/\",\"url\":\"https:\/\/www.miomiorun.com\/app\/uploads\/2019\/12\/logomio.png\",\"contentUrl\":\"https:\/\/www.miomiorun.com\/app\/uploads\/2019\/12\/logomio.png\",\"width\":115,\"height\":82,\"caption\":\"MioMio Run\"},\"image\":{\"@id\":\"https:\/\/www.miomiorun.com\/fr\/#\/schema\/logo\/image\/\"},\"sameAs\":[\"https:\/\/www.facebook.com\/miomiorun\/\",\"https:\/\/www.instagram.com\/miomiorun\/\"]}]}<\/script>\n<!-- \/ Yoast SEO plugin. -->","yoast_head_json":{"title":"Crazy Idea JKT Flame homme - Veste d'hiver - MioMioRun.com","description":"JKT Flame : doudoune technique de montagne avec rembourrage mixte en duvet et Primaloft\u00ae, assemblages sans coutures et confort exceptionnel.","robots":{"index":"index","follow":"follow","max-snippet":"max-snippet:-1","max-image-preview":"max-image-preview:large","max-video-preview":"max-video-preview:-1"},"canonical":"https:\/\/www.miomiorun.com\/fr\/produit\/jkt-flame-homme\/","og_locale":"fr_FR","og_type":"article","og_title":"Crazy Idea JKT Flame homme - Veste d'hiver - MioMioRun.com","og_description":"JKT Flame : doudoune technique de montagne avec rembourrage mixte en duvet et Primaloft\u00ae, assemblages sans coutures et confort exceptionnel.","og_url":"https:\/\/www.miomiorun.com\/fr\/produit\/jkt-flame-homme\/","og_site_name":"MioMioRun","article_publisher":"https:\/\/www.facebook.com\/miomiorun\/","article_modified_time":"2026-05-08T14:26:12+00:00","og_image":[{"width":720,"height":720,"url":"https:\/\/www.miomiorun.com\/app\/uploads\/2025\/10\/crazy-JKT-Flame-brick-W25055227U-0079.webp","type":"image\/webp"}],"twitter_card":"summary_large_image","twitter_misc":{"Est. reading time":"1 minute"},"schema":{"@context":"https:\/\/schema.org","@graph":[{"@type":"WebPage","@id":"https:\/\/www.miomiorun.com\/fr\/produit\/jkt-flame-homme\/","url":"https:\/\/www.miomiorun.com\/fr\/produit\/jkt-flame-homme\/","name":"Crazy Idea JKT Flame homme - Veste d'hiver - MioMioRun.com","isPartOf":{"@id":"https:\/\/www.miomiorun.com\/fr\/#website"},"primaryImageOfPage":{"@id":"https:\/\/www.miomiorun.com\/fr\/produit\/jkt-flame-homme\/#primaryimage"},"image":{"@id":"https:\/\/www.miomiorun.com\/fr\/produit\/jkt-flame-homme\/#primaryimage"},"thumbnailUrl":"https:\/\/www.miomiorun.com\/app\/uploads\/2025\/10\/crazy-JKT-Flame-brick-W25055227U-0079.webp","datePublished":"2025-10-14T17:06:33+00:00","dateModified":"2026-05-08T14:26:12+00:00","description":"JKT Flame : doudoune technique de montagne avec rembourrage mixte en duvet et Primaloft\u00ae, assemblages sans coutures et confort exceptionnel.","breadcrumb":{"@id":"https:\/\/www.miomiorun.com\/fr\/produit\/jkt-flame-homme\/#breadcrumb"},"inLanguage":"fr-FR","potentialAction":[{"@type":"ReadAction","target":["https:\/\/www.miomiorun.com\/fr\/produit\/jkt-flame-homme\/"]}]},{"@type":"ImageObject","inLanguage":"fr-FR","@id":"https:\/\/www.miomiorun.com\/fr\/produit\/jkt-flame-homme\/#primaryimage","url":"https:\/\/www.miomiorun.com\/app\/uploads\/2025\/10\/crazy-JKT-Flame-brick-W25055227U-0079.webp","contentUrl":"https:\/\/www.miomiorun.com\/app\/uploads\/2025\/10\/crazy-JKT-Flame-brick-W25055227U-0079.webp","width":720,"height":720,"caption":"crazy JKT Flame brick W25055227U-0079"},{"@type":"BreadcrumbList","@id":"https:\/\/www.miomiorun.com\/fr\/produit\/jkt-flame-homme\/#breadcrumb","itemListElement":[{"@type":"ListItem","position":1,"name":"Home","item":"https:\/\/www.miomiorun.com\/fr\/home-page\/"},{"@type":"ListItem","position":2,"name":"Shop","item":"https:\/\/www.miomiorun.com\/shop\/"},{"@type":"ListItem","position":3,"name":"JKT Flame homme"}]},{"@type":"WebSite","@id":"https:\/\/www.miomiorun.com\/fr\/#website","url":"https:\/\/www.miomiorun.com\/fr\/","name":"MioMioRun","description":"Boutique 100% running et trail","publisher":{"@id":"https:\/\/www.miomiorun.com\/fr\/#organization"},"potentialAction":[{"@type":"SearchAction","target":{"@type":"EntryPoint","urlTemplate":"https:\/\/www.miomiorun.com\/fr\/?s={search_term_string}"},"query-input":{"@type":"PropertyValueSpecification","valueRequired":true,"valueName":"search_term_string"}}],"inLanguage":"fr-FR"},{"@type":"Organization","@id":"https:\/\/www.miomiorun.com\/fr\/#organization","name":"MioMio Run","url":"https:\/\/www.miomiorun.com\/fr\/","logo":{"@type":"ImageObject","inLanguage":"fr-FR","@id":"https:\/\/www.miomiorun.com\/fr\/#\/schema\/logo\/image\/","url":"https:\/\/www.miomiorun.com\/app\/uploads\/2019\/12\/logomio.png","contentUrl":"https:\/\/www.miomiorun.com\/app\/uploads\/2019\/12\/logomio.png","width":115,"height":82,"caption":"MioMio Run"},"image":{"@id":"https:\/\/www.miomiorun.com\/fr\/#\/schema\/logo\/image\/"},"sameAs":["https:\/\/www.facebook.com\/miomiorun\/","https:\/\/www.instagram.com\/miomiorun\/"]}]}},"_links":{"self":[{"href":"https:\/\/www.miomiorun.com\/fr\/wp-json\/wp\/v2\/product\/361030","targetHints":{"allow":["GET"]}}],"collection":[{"href":"https:\/\/www.miomiorun.com\/fr\/wp-json\/wp\/v2\/product"}],"about":[{"href":"https:\/\/www.miomiorun.com\/fr\/wp-json\/wp\/v2\/types\/product"}],"wp:featuredmedia":[{"embeddable":true,"href":"https:\/\/www.miomiorun.com\/fr\/wp-json\/wp\/v2\/media\/365638"}],"wp:attachment":[{"href":"https:\/\/www.miomiorun.com\/fr\/wp-json\/wp\/v2\/media?parent=361030"}],"wp:term":[{"taxonomy":"product_brand","embeddable":true,"href":"https:\/\/www.miomiorun.com\/fr\/wp-json\/wp\/v2\/product_brand?post=361030"},{"taxonomy":"product_cat","embeddable":true,"href":"https:\/\/www.miomiorun.com\/fr\/wp-json\/wp\/v2\/product_cat?post=361030"},{"taxonomy":"product_tag","embeddable":true,"href":"https:\/\/www.miomiorun.com\/fr\/wp-json\/wp\/v2\/product_tag?post=361030"}],"curies":[{"name":"wp","href":"https:\/\/api.w.org\/{rel}","templated":true}]}}