{"id":360683,"date":"2025-10-14T18:02:38","date_gmt":"2025-10-14T16:02:38","guid":{"rendered":"https:\/\/www.miomiorun.com\/?post_type=product&#038;p=360683"},"modified":"2026-04-17T10:36:25","modified_gmt":"2026-04-17T08:36:25","slug":"leggings-cute-femme","status":"publish","type":"product","link":"https:\/\/www.miomiorun.com\/fr\/produit\/leggings-cute-femme\/","title":{"rendered":"Leggings cute femme"},"content":{"rendered":"<div class=\"single-product-description\">\n<div class=\"single-product-description\">\n<p data-start=\"122\" data-end=\"465\">Les <strong data-start=\"124\" data-end=\"141\">Leggings Cute<\/strong> allient <strong data-start=\"151\" data-end=\"183\">confort, style et performance<\/strong> dans un v\u00eatement con\u00e7u pour vous accompagner dans toutes vos activit\u00e9s. Fabriqu\u00e9s \u00e0 partir d&#8217;un <strong data-start=\"257\" data-end=\"306\">tissu technique italien de tr\u00e8s haute qualit\u00e9<\/strong>, initialement d\u00e9velopp\u00e9 pour le <strong data-start=\"342\" data-end=\"371\">cyclisme longue distance<\/strong>, ils garantissent \u00e9lasticit\u00e9 et r\u00e9sistance dans le temps, m\u00eame sous les sollicitations les plus intenses.<\/p>\n<p data-start=\"467\" data-end=\"786\">La <strong data-start=\"470\" data-end=\"503\">finition int\u00e9rieure tr\u00e8s douce<\/strong> offre une sensation de confort sup\u00e9rieur, tandis que la <strong data-start=\"557\" data-end=\"604\">surface ext\u00e9rieure lisse et hydrofuge<\/strong> prot\u00e8ge du vent et de l&#8217;humidit\u00e9, assurant une polyvalence maximale en toute saison. La <strong data-start=\"687\" data-end=\"720\">coupe f\u00e9minine et enveloppante<\/strong> met en valeur la silhouette et assure un ajustement impeccable.<\/p>\n<p data-start=\"788\" data-end=\"1218\">Les <strong data-start=\"790\" data-end=\"807\">leggings Cute<\/strong> sont dot\u00e9s d&#8217;une <strong data-start=\"823\" data-end=\"836\">taille haute<\/strong> pour garder la zone abdominale au chaud et prot\u00e9g\u00e9e, et de <strong data-start=\"892\" data-end=\"938\">deux poches invisibles pratiques sur les cuisses<\/strong>, avec <strong data-start=\"944\" data-end=\"987\">fermeture de s\u00e9curit\u00e9 anti-retournement<\/strong>, parfaites pour ranger votre t\u00e9l\u00e9phone ou de petits objets. <\/p>\n<\/p>\n<\/div>\n<\/div>\n","protected":false},"excerpt":{"rendered":"<ul>\n<li data-start=\"1444\" data-end=\"1525\">\n<p data-start=\"1446\" data-end=\"1525\">Tissu technique italien, doux \u00e0 l&#8217;int\u00e9rieur et hydrofuge \u00e0 l&#8217;ext\u00e9rieur.<\/p>\n<\/li>\n<li data-start=\"1526\" data-end=\"1580\">\n<p data-start=\"1528\" data-end=\"1580\">\u00c9lasticit\u00e9 durable m\u00eame sous effort prolong\u00e9.<\/p>\n<\/li>\n<li data-start=\"1581\" data-end=\"1636\">\n<p data-start=\"1583\" data-end=\"1636\">Taille haute qui r\u00e9chauffe et soutient la zone abdominale.<\/p>\n<\/li>\n<\/ul>\n","protected":false},"featured_media":365633,"template":"","meta":{"_acf_changed":false,"inline_featured_image":false},"product_brand":[],"product_cat":[22603,22596],"product_tag":[23489,23491],"class_list":{"0":"post-360683","1":"product","2":"type-product","3":"status-publish","4":"has-post-thumbnail","6":"product_cat-pantalon-long","7":"product_cat-vetements-pour-femmes","8":"product_tag-crazy-idea-fr","9":"product_tag-crazy-idea-femme","10":"pa_attivita-lifestyle-fr","11":"pa_attivita-outdoor-fr","12":"pa_colore-leggings-cute-w-black-fr","13":"pa_marca-crazy-idea-fr","14":"pa_sesso-femme","15":"pa_size-extra-small-fr","16":"pa_size-small-fr","17":"pa_size-large-fr","18":"pa_size-extra-large-fr","20":"first","21":"instock","22":"sale","23":"taxable","24":"shipping-taxable","25":"purchasable","26":"product-type-variable","27":"wvs-archive-product-wrapper"},"acf":[],"yoast_head":"<!-- This site is optimized with the Yoast SEO plugin v26.8 - https:\/\/yoast.com\/product\/yoast-seo-wordpress\/ -->\n<title>Crazy Idea Leggings cute femme - Leggings de course - MioMioRun<\/title>\n<meta name=\"description\" content=\"Leggings Cute : confort et style avec tissu italien hydrofuge, taille haute et poches invisibles. \u00c9lasticit\u00e9 et performance sans compromis.\" \/>\n<meta name=\"robots\" content=\"index, follow, max-snippet:-1, max-image-preview:large, max-video-preview:-1\" \/>\n<link rel=\"canonical\" href=\"https:\/\/www.miomiorun.com\/fr\/produit\/leggings-cute-femme\/\" \/>\n<meta property=\"og:locale\" content=\"fr_FR\" \/>\n<meta property=\"og:type\" content=\"article\" \/>\n<meta property=\"og:title\" content=\"Crazy Idea Leggings cute femme - Leggings de course - MioMioRun\" \/>\n<meta property=\"og:description\" content=\"Leggings Cute : confort et style avec tissu italien hydrofuge, taille haute et poches invisibles. \u00c9lasticit\u00e9 et performance sans compromis.\" \/>\n<meta property=\"og:url\" content=\"https:\/\/www.miomiorun.com\/fr\/produit\/leggings-cute-femme\/\" \/>\n<meta property=\"og:site_name\" content=\"MioMioRun\" \/>\n<meta property=\"article:publisher\" content=\"https:\/\/www.facebook.com\/miomiorun\/\" \/>\n<meta property=\"article:modified_time\" content=\"2026-04-17T08:36:25+00:00\" \/>\n<meta property=\"og:image\" content=\"https:\/\/www.miomiorun.com\/app\/uploads\/2025\/10\/crazy-Leggings-cute-W-black-W25016136D-0001.webp\" \/>\n\t<meta property=\"og:image:width\" content=\"720\" \/>\n\t<meta property=\"og:image:height\" content=\"720\" \/>\n\t<meta property=\"og:image:type\" content=\"image\/webp\" \/>\n<meta name=\"twitter:card\" content=\"summary_large_image\" \/>\n<meta name=\"twitter:label1\" content=\"Est. reading time\" \/>\n\t<meta name=\"twitter:data1\" content=\"1 minute\" \/>\n<script type=\"application\/ld+json\" class=\"yoast-schema-graph\">{\"@context\":\"https:\/\/schema.org\",\"@graph\":[{\"@type\":\"WebPage\",\"@id\":\"https:\/\/www.miomiorun.com\/fr\/produit\/leggings-cute-femme\/\",\"url\":\"https:\/\/www.miomiorun.com\/fr\/produit\/leggings-cute-femme\/\",\"name\":\"Crazy Idea Leggings cute femme - Leggings de course - MioMioRun\",\"isPartOf\":{\"@id\":\"https:\/\/www.miomiorun.com\/fr\/#website\"},\"primaryImageOfPage\":{\"@id\":\"https:\/\/www.miomiorun.com\/fr\/produit\/leggings-cute-femme\/#primaryimage\"},\"image\":{\"@id\":\"https:\/\/www.miomiorun.com\/fr\/produit\/leggings-cute-femme\/#primaryimage\"},\"thumbnailUrl\":\"https:\/\/www.miomiorun.com\/app\/uploads\/2025\/10\/crazy-Leggings-cute-W-black-W25016136D-0001.webp\",\"datePublished\":\"2025-10-14T16:02:38+00:00\",\"dateModified\":\"2026-04-17T08:36:25+00:00\",\"description\":\"Leggings Cute : confort et style avec tissu italien hydrofuge, taille haute et poches invisibles. \u00c9lasticit\u00e9 et performance sans compromis.\",\"breadcrumb\":{\"@id\":\"https:\/\/www.miomiorun.com\/fr\/produit\/leggings-cute-femme\/#breadcrumb\"},\"inLanguage\":\"fr-FR\",\"potentialAction\":[{\"@type\":\"ReadAction\",\"target\":[\"https:\/\/www.miomiorun.com\/fr\/produit\/leggings-cute-femme\/\"]}]},{\"@type\":\"ImageObject\",\"inLanguage\":\"fr-FR\",\"@id\":\"https:\/\/www.miomiorun.com\/fr\/produit\/leggings-cute-femme\/#primaryimage\",\"url\":\"https:\/\/www.miomiorun.com\/app\/uploads\/2025\/10\/crazy-Leggings-cute-W-black-W25016136D-0001.webp\",\"contentUrl\":\"https:\/\/www.miomiorun.com\/app\/uploads\/2025\/10\/crazy-Leggings-cute-W-black-W25016136D-0001.webp\",\"width\":720,\"height\":720,\"caption\":\"crazy Leggings cute W black W25016136D-0001\"},{\"@type\":\"BreadcrumbList\",\"@id\":\"https:\/\/www.miomiorun.com\/fr\/produit\/leggings-cute-femme\/#breadcrumb\",\"itemListElement\":[{\"@type\":\"ListItem\",\"position\":1,\"name\":\"Home\",\"item\":\"https:\/\/www.miomiorun.com\/fr\/home-page\/\"},{\"@type\":\"ListItem\",\"position\":2,\"name\":\"Shop\",\"item\":\"https:\/\/www.miomiorun.com\/shop\/\"},{\"@type\":\"ListItem\",\"position\":3,\"name\":\"Leggings cute femme\"}]},{\"@type\":\"WebSite\",\"@id\":\"https:\/\/www.miomiorun.com\/fr\/#website\",\"url\":\"https:\/\/www.miomiorun.com\/fr\/\",\"name\":\"MioMioRun\",\"description\":\"Boutique 100% running et trail\",\"publisher\":{\"@id\":\"https:\/\/www.miomiorun.com\/fr\/#organization\"},\"potentialAction\":[{\"@type\":\"SearchAction\",\"target\":{\"@type\":\"EntryPoint\",\"urlTemplate\":\"https:\/\/www.miomiorun.com\/fr\/?s={search_term_string}\"},\"query-input\":{\"@type\":\"PropertyValueSpecification\",\"valueRequired\":true,\"valueName\":\"search_term_string\"}}],\"inLanguage\":\"fr-FR\"},{\"@type\":\"Organization\",\"@id\":\"https:\/\/www.miomiorun.com\/fr\/#organization\",\"name\":\"MioMio Run\",\"url\":\"https:\/\/www.miomiorun.com\/fr\/\",\"logo\":{\"@type\":\"ImageObject\",\"inLanguage\":\"fr-FR\",\"@id\":\"https:\/\/www.miomiorun.com\/fr\/#\/schema\/logo\/image\/\",\"url\":\"https:\/\/www.miomiorun.com\/app\/uploads\/2019\/12\/logomio.png\",\"contentUrl\":\"https:\/\/www.miomiorun.com\/app\/uploads\/2019\/12\/logomio.png\",\"width\":115,\"height\":82,\"caption\":\"MioMio Run\"},\"image\":{\"@id\":\"https:\/\/www.miomiorun.com\/fr\/#\/schema\/logo\/image\/\"},\"sameAs\":[\"https:\/\/www.facebook.com\/miomiorun\/\",\"https:\/\/www.instagram.com\/miomiorun\/\"]}]}<\/script>\n<!-- \/ Yoast SEO plugin. -->","yoast_head_json":{"title":"Crazy Idea Leggings cute femme - Leggings de course - MioMioRun","description":"Leggings Cute : confort et style avec tissu italien hydrofuge, taille haute et poches invisibles. \u00c9lasticit\u00e9 et performance sans compromis.","robots":{"index":"index","follow":"follow","max-snippet":"max-snippet:-1","max-image-preview":"max-image-preview:large","max-video-preview":"max-video-preview:-1"},"canonical":"https:\/\/www.miomiorun.com\/fr\/produit\/leggings-cute-femme\/","og_locale":"fr_FR","og_type":"article","og_title":"Crazy Idea Leggings cute femme - Leggings de course - MioMioRun","og_description":"Leggings Cute : confort et style avec tissu italien hydrofuge, taille haute et poches invisibles. \u00c9lasticit\u00e9 et performance sans compromis.","og_url":"https:\/\/www.miomiorun.com\/fr\/produit\/leggings-cute-femme\/","og_site_name":"MioMioRun","article_publisher":"https:\/\/www.facebook.com\/miomiorun\/","article_modified_time":"2026-04-17T08:36:25+00:00","og_image":[{"width":720,"height":720,"url":"https:\/\/www.miomiorun.com\/app\/uploads\/2025\/10\/crazy-Leggings-cute-W-black-W25016136D-0001.webp","type":"image\/webp"}],"twitter_card":"summary_large_image","twitter_misc":{"Est. reading time":"1 minute"},"schema":{"@context":"https:\/\/schema.org","@graph":[{"@type":"WebPage","@id":"https:\/\/www.miomiorun.com\/fr\/produit\/leggings-cute-femme\/","url":"https:\/\/www.miomiorun.com\/fr\/produit\/leggings-cute-femme\/","name":"Crazy Idea Leggings cute femme - Leggings de course - MioMioRun","isPartOf":{"@id":"https:\/\/www.miomiorun.com\/fr\/#website"},"primaryImageOfPage":{"@id":"https:\/\/www.miomiorun.com\/fr\/produit\/leggings-cute-femme\/#primaryimage"},"image":{"@id":"https:\/\/www.miomiorun.com\/fr\/produit\/leggings-cute-femme\/#primaryimage"},"thumbnailUrl":"https:\/\/www.miomiorun.com\/app\/uploads\/2025\/10\/crazy-Leggings-cute-W-black-W25016136D-0001.webp","datePublished":"2025-10-14T16:02:38+00:00","dateModified":"2026-04-17T08:36:25+00:00","description":"Leggings Cute : confort et style avec tissu italien hydrofuge, taille haute et poches invisibles. \u00c9lasticit\u00e9 et performance sans compromis.","breadcrumb":{"@id":"https:\/\/www.miomiorun.com\/fr\/produit\/leggings-cute-femme\/#breadcrumb"},"inLanguage":"fr-FR","potentialAction":[{"@type":"ReadAction","target":["https:\/\/www.miomiorun.com\/fr\/produit\/leggings-cute-femme\/"]}]},{"@type":"ImageObject","inLanguage":"fr-FR","@id":"https:\/\/www.miomiorun.com\/fr\/produit\/leggings-cute-femme\/#primaryimage","url":"https:\/\/www.miomiorun.com\/app\/uploads\/2025\/10\/crazy-Leggings-cute-W-black-W25016136D-0001.webp","contentUrl":"https:\/\/www.miomiorun.com\/app\/uploads\/2025\/10\/crazy-Leggings-cute-W-black-W25016136D-0001.webp","width":720,"height":720,"caption":"crazy Leggings cute W black W25016136D-0001"},{"@type":"BreadcrumbList","@id":"https:\/\/www.miomiorun.com\/fr\/produit\/leggings-cute-femme\/#breadcrumb","itemListElement":[{"@type":"ListItem","position":1,"name":"Home","item":"https:\/\/www.miomiorun.com\/fr\/home-page\/"},{"@type":"ListItem","position":2,"name":"Shop","item":"https:\/\/www.miomiorun.com\/shop\/"},{"@type":"ListItem","position":3,"name":"Leggings cute femme"}]},{"@type":"WebSite","@id":"https:\/\/www.miomiorun.com\/fr\/#website","url":"https:\/\/www.miomiorun.com\/fr\/","name":"MioMioRun","description":"Boutique 100% running et trail","publisher":{"@id":"https:\/\/www.miomiorun.com\/fr\/#organization"},"potentialAction":[{"@type":"SearchAction","target":{"@type":"EntryPoint","urlTemplate":"https:\/\/www.miomiorun.com\/fr\/?s={search_term_string}"},"query-input":{"@type":"PropertyValueSpecification","valueRequired":true,"valueName":"search_term_string"}}],"inLanguage":"fr-FR"},{"@type":"Organization","@id":"https:\/\/www.miomiorun.com\/fr\/#organization","name":"MioMio Run","url":"https:\/\/www.miomiorun.com\/fr\/","logo":{"@type":"ImageObject","inLanguage":"fr-FR","@id":"https:\/\/www.miomiorun.com\/fr\/#\/schema\/logo\/image\/","url":"https:\/\/www.miomiorun.com\/app\/uploads\/2019\/12\/logomio.png","contentUrl":"https:\/\/www.miomiorun.com\/app\/uploads\/2019\/12\/logomio.png","width":115,"height":82,"caption":"MioMio Run"},"image":{"@id":"https:\/\/www.miomiorun.com\/fr\/#\/schema\/logo\/image\/"},"sameAs":["https:\/\/www.facebook.com\/miomiorun\/","https:\/\/www.instagram.com\/miomiorun\/"]}]}},"_links":{"self":[{"href":"https:\/\/www.miomiorun.com\/fr\/wp-json\/wp\/v2\/product\/360683","targetHints":{"allow":["GET"]}}],"collection":[{"href":"https:\/\/www.miomiorun.com\/fr\/wp-json\/wp\/v2\/product"}],"about":[{"href":"https:\/\/www.miomiorun.com\/fr\/wp-json\/wp\/v2\/types\/product"}],"wp:featuredmedia":[{"embeddable":true,"href":"https:\/\/www.miomiorun.com\/fr\/wp-json\/wp\/v2\/media\/365633"}],"wp:attachment":[{"href":"https:\/\/www.miomiorun.com\/fr\/wp-json\/wp\/v2\/media?parent=360683"}],"wp:term":[{"taxonomy":"product_brand","embeddable":true,"href":"https:\/\/www.miomiorun.com\/fr\/wp-json\/wp\/v2\/product_brand?post=360683"},{"taxonomy":"product_cat","embeddable":true,"href":"https:\/\/www.miomiorun.com\/fr\/wp-json\/wp\/v2\/product_cat?post=360683"},{"taxonomy":"product_tag","embeddable":true,"href":"https:\/\/www.miomiorun.com\/fr\/wp-json\/wp\/v2\/product_tag?post=360683"}],"curies":[{"name":"wp","href":"https:\/\/api.w.org\/{rel}","templated":true}]}}