{"id":360451,"date":"2025-10-14T17:25:46","date_gmt":"2025-10-14T15:25:46","guid":{"rendered":"https:\/\/www.miomiorun.com\/?post_type=product&#038;p=360451"},"modified":"2026-04-17T10:36:41","modified_gmt":"2026-04-17T08:36:41","slug":"jkt-after-femme","status":"publish","type":"product","link":"https:\/\/www.miomiorun.com\/fr\/produit\/jkt-after-femme\/","title":{"rendered":"JKT After femme"},"content":{"rendered":"<p data-start=\"234\" data-end=\"537\">La <strong data-start=\"237\" data-end=\"250\">JKT After<\/strong> est une veste hybride tr\u00e8s chaude avec capuche, con\u00e7ue pour offrir <strong data-start=\"327\" data-end=\"359\">chaleur, confort et protection<\/strong> dans toutes les conditions. C&#8217;est la <strong data-start=\"385\" data-end=\"408\">troisi\u00e8me couche id\u00e9ale<\/strong> pour les journ\u00e9es froides, parfaite aussi bien pour les activit\u00e9s de plein air que pour un usage quotidien, avec un look technique et attrayant.<\/p>\n<p data-start=\"539\" data-end=\"940\">Fabriqu\u00e9e en <strong data-start=\"553\" data-end=\"590\">fourrure douce \u00ab Fluffy Warm \u00bb<\/strong>, elle combine des empi\u00e8cements chauds et respirants avec une <strong data-start=\"637\" data-end=\"680\">partie avant en nylon Pertex\u00ae Quantum<\/strong>, hydrofuge et coupe-vent, pour garantir une protection efficace contre les intemp\u00e9ries. La <strong data-start=\"782\" data-end=\"804\">bande inf\u00e9rieure<\/strong> est en <strong data-start=\"810\" data-end=\"835\">tissu technique HP 3D<\/strong>, \u00e9lastique et ajust\u00e9e, qui favorise la transpiration et offre un ajustement confortable et pr\u00e8s du corps.<\/p>\n<p data-start=\"942\" data-end=\"1164\">Des d\u00e9tails tels que les <strong data-start=\"958\" data-end=\"999\">bords \u00e9lastiques sur la capuche et les manches<\/strong>, les <strong data-start=\"1004\" data-end=\"1022\">poches zipp\u00e9es<\/strong> et le <strong data-start=\"1028\" data-end=\"1058\">matelassage en forme d&#8217;\u00e9toiles<\/strong> en font un v\u00eatement unique en son genre, alliant <strong data-start=\"1116\" data-end=\"1153\">fonctionnalit\u00e9, style et performances<\/strong> \u00e9lev\u00e9es. <\/p><\/p>\n","protected":false},"excerpt":{"rendered":"<ul>\n<li data-start=\"1403\" data-end=\"1470\">\n<p data-start=\"1405\" data-end=\"1470\">Veste hybride avec capuche en fourrure synth\u00e9tique chaude \u00ab Fluffy Warm \u00bb.<\/p>\n<\/li>\n<li data-start=\"1471\" data-end=\"1546\">\n<p data-start=\"1473\" data-end=\"1546\">Panneau avant en nylon Pertex\u00ae Quantum, d\u00e9perlant et coupe-vent.<\/p>\n<\/li>\n<li data-start=\"1547\" data-end=\"1623\">\n<p data-start=\"1549\" data-end=\"1623\">Bande inf\u00e9rieure en tissu technique HP 3D pour la respirabilit\u00e9 et le confort.<\/p>\n<\/li>\n<\/ul>\n","protected":false},"featured_media":365625,"template":"","meta":{"_acf_changed":false,"inline_featured_image":false},"product_brand":[],"product_cat":[22601,22596],"product_tag":[23489,23491],"class_list":{"0":"post-360451","1":"product","2":"type-product","3":"status-publish","4":"has-post-thumbnail","6":"product_cat-maillots","7":"product_cat-vetements-pour-femmes","8":"product_tag-crazy-idea-fr","9":"product_tag-crazy-idea-femme","10":"pa_attivita-marcher","11":"pa_attivita-outdoor-fr","12":"pa_colore-jkt-after-w-blueberry-fr","13":"pa_marca-crazy-idea-fr","14":"pa_sesso-femme","15":"pa_size-extra-small-fr","16":"pa_size-medium-fr","17":"pa_size-large-fr","19":"first","20":"instock","21":"sale","22":"taxable","23":"shipping-taxable","24":"purchasable","25":"product-type-variable","26":"wvs-archive-product-wrapper"},"acf":[],"yoast_head":"<!-- This site is optimized with the Yoast SEO plugin v26.8 - https:\/\/yoast.com\/product\/yoast-seo-wordpress\/ -->\n<title>Crazy Idea JKT After femme - Maillot de course \u00e0 pied- MioMioRun<\/title>\n<meta name=\"description\" content=\"JKT After : veste hybride hautement thermique avec fourrure Fluffy Warm et nylon Pertex Quantum. Chaude, coupe-vent et d\u00e9perlante pour toutes les aventures en plein air.\" \/>\n<meta name=\"robots\" content=\"index, follow, max-snippet:-1, max-image-preview:large, max-video-preview:-1\" \/>\n<link rel=\"canonical\" href=\"https:\/\/www.miomiorun.com\/fr\/produit\/jkt-after-femme\/\" \/>\n<meta property=\"og:locale\" content=\"fr_FR\" \/>\n<meta property=\"og:type\" content=\"article\" \/>\n<meta property=\"og:title\" content=\"Crazy Idea JKT After femme - Maillot de course \u00e0 pied- MioMioRun\" \/>\n<meta property=\"og:description\" content=\"JKT After : veste hybride hautement thermique avec fourrure Fluffy Warm et nylon Pertex Quantum. Chaude, coupe-vent et d\u00e9perlante pour toutes les aventures en plein air.\" \/>\n<meta property=\"og:url\" content=\"https:\/\/www.miomiorun.com\/fr\/produit\/jkt-after-femme\/\" \/>\n<meta property=\"og:site_name\" content=\"MioMioRun\" \/>\n<meta property=\"article:publisher\" content=\"https:\/\/www.facebook.com\/miomiorun\/\" \/>\n<meta property=\"article:modified_time\" content=\"2026-04-17T08:36:41+00:00\" \/>\n<meta property=\"og:image\" content=\"https:\/\/www.miomiorun.com\/app\/uploads\/2025\/10\/crazy-JKT-After-W-blueberry-W25055156D-0030.webp\" \/>\n\t<meta property=\"og:image:width\" content=\"720\" \/>\n\t<meta property=\"og:image:height\" content=\"720\" \/>\n\t<meta property=\"og:image:type\" content=\"image\/webp\" \/>\n<meta name=\"twitter:card\" content=\"summary_large_image\" \/>\n<meta name=\"twitter:label1\" content=\"Est. reading time\" \/>\n\t<meta name=\"twitter:data1\" content=\"1 minute\" \/>\n<script type=\"application\/ld+json\" class=\"yoast-schema-graph\">{\"@context\":\"https:\/\/schema.org\",\"@graph\":[{\"@type\":\"WebPage\",\"@id\":\"https:\/\/www.miomiorun.com\/fr\/produit\/jkt-after-femme\/\",\"url\":\"https:\/\/www.miomiorun.com\/fr\/produit\/jkt-after-femme\/\",\"name\":\"Crazy Idea JKT After femme - Maillot de course \u00e0 pied- MioMioRun\",\"isPartOf\":{\"@id\":\"https:\/\/www.miomiorun.com\/fr\/#website\"},\"primaryImageOfPage\":{\"@id\":\"https:\/\/www.miomiorun.com\/fr\/produit\/jkt-after-femme\/#primaryimage\"},\"image\":{\"@id\":\"https:\/\/www.miomiorun.com\/fr\/produit\/jkt-after-femme\/#primaryimage\"},\"thumbnailUrl\":\"https:\/\/www.miomiorun.com\/app\/uploads\/2025\/10\/crazy-JKT-After-W-blueberry-W25055156D-0030.webp\",\"datePublished\":\"2025-10-14T15:25:46+00:00\",\"dateModified\":\"2026-04-17T08:36:41+00:00\",\"description\":\"JKT After : veste hybride hautement thermique avec fourrure Fluffy Warm et nylon Pertex Quantum. Chaude, coupe-vent et d\u00e9perlante pour toutes les aventures en plein air.\",\"breadcrumb\":{\"@id\":\"https:\/\/www.miomiorun.com\/fr\/produit\/jkt-after-femme\/#breadcrumb\"},\"inLanguage\":\"fr-FR\",\"potentialAction\":[{\"@type\":\"ReadAction\",\"target\":[\"https:\/\/www.miomiorun.com\/fr\/produit\/jkt-after-femme\/\"]}]},{\"@type\":\"ImageObject\",\"inLanguage\":\"fr-FR\",\"@id\":\"https:\/\/www.miomiorun.com\/fr\/produit\/jkt-after-femme\/#primaryimage\",\"url\":\"https:\/\/www.miomiorun.com\/app\/uploads\/2025\/10\/crazy-JKT-After-W-blueberry-W25055156D-0030.webp\",\"contentUrl\":\"https:\/\/www.miomiorun.com\/app\/uploads\/2025\/10\/crazy-JKT-After-W-blueberry-W25055156D-0030.webp\",\"width\":720,\"height\":720,\"caption\":\"crazy JKT After W blueberry W25055156D-0030\"},{\"@type\":\"BreadcrumbList\",\"@id\":\"https:\/\/www.miomiorun.com\/fr\/produit\/jkt-after-femme\/#breadcrumb\",\"itemListElement\":[{\"@type\":\"ListItem\",\"position\":1,\"name\":\"Home\",\"item\":\"https:\/\/www.miomiorun.com\/fr\/home-page\/\"},{\"@type\":\"ListItem\",\"position\":2,\"name\":\"Shop\",\"item\":\"https:\/\/www.miomiorun.com\/shop\/\"},{\"@type\":\"ListItem\",\"position\":3,\"name\":\"JKT After femme\"}]},{\"@type\":\"WebSite\",\"@id\":\"https:\/\/www.miomiorun.com\/fr\/#website\",\"url\":\"https:\/\/www.miomiorun.com\/fr\/\",\"name\":\"MioMioRun\",\"description\":\"Boutique 100% running et trail\",\"publisher\":{\"@id\":\"https:\/\/www.miomiorun.com\/fr\/#organization\"},\"potentialAction\":[{\"@type\":\"SearchAction\",\"target\":{\"@type\":\"EntryPoint\",\"urlTemplate\":\"https:\/\/www.miomiorun.com\/fr\/?s={search_term_string}\"},\"query-input\":{\"@type\":\"PropertyValueSpecification\",\"valueRequired\":true,\"valueName\":\"search_term_string\"}}],\"inLanguage\":\"fr-FR\"},{\"@type\":\"Organization\",\"@id\":\"https:\/\/www.miomiorun.com\/fr\/#organization\",\"name\":\"MioMio Run\",\"url\":\"https:\/\/www.miomiorun.com\/fr\/\",\"logo\":{\"@type\":\"ImageObject\",\"inLanguage\":\"fr-FR\",\"@id\":\"https:\/\/www.miomiorun.com\/fr\/#\/schema\/logo\/image\/\",\"url\":\"https:\/\/www.miomiorun.com\/app\/uploads\/2019\/12\/logomio.png\",\"contentUrl\":\"https:\/\/www.miomiorun.com\/app\/uploads\/2019\/12\/logomio.png\",\"width\":115,\"height\":82,\"caption\":\"MioMio Run\"},\"image\":{\"@id\":\"https:\/\/www.miomiorun.com\/fr\/#\/schema\/logo\/image\/\"},\"sameAs\":[\"https:\/\/www.facebook.com\/miomiorun\/\",\"https:\/\/www.instagram.com\/miomiorun\/\"]}]}<\/script>\n<!-- \/ Yoast SEO plugin. -->","yoast_head_json":{"title":"Crazy Idea JKT After femme - Maillot de course \u00e0 pied- MioMioRun","description":"JKT After : veste hybride hautement thermique avec fourrure Fluffy Warm et nylon Pertex Quantum. Chaude, coupe-vent et d\u00e9perlante pour toutes les aventures en plein air.","robots":{"index":"index","follow":"follow","max-snippet":"max-snippet:-1","max-image-preview":"max-image-preview:large","max-video-preview":"max-video-preview:-1"},"canonical":"https:\/\/www.miomiorun.com\/fr\/produit\/jkt-after-femme\/","og_locale":"fr_FR","og_type":"article","og_title":"Crazy Idea JKT After femme - Maillot de course \u00e0 pied- MioMioRun","og_description":"JKT After : veste hybride hautement thermique avec fourrure Fluffy Warm et nylon Pertex Quantum. Chaude, coupe-vent et d\u00e9perlante pour toutes les aventures en plein air.","og_url":"https:\/\/www.miomiorun.com\/fr\/produit\/jkt-after-femme\/","og_site_name":"MioMioRun","article_publisher":"https:\/\/www.facebook.com\/miomiorun\/","article_modified_time":"2026-04-17T08:36:41+00:00","og_image":[{"width":720,"height":720,"url":"https:\/\/www.miomiorun.com\/app\/uploads\/2025\/10\/crazy-JKT-After-W-blueberry-W25055156D-0030.webp","type":"image\/webp"}],"twitter_card":"summary_large_image","twitter_misc":{"Est. reading time":"1 minute"},"schema":{"@context":"https:\/\/schema.org","@graph":[{"@type":"WebPage","@id":"https:\/\/www.miomiorun.com\/fr\/produit\/jkt-after-femme\/","url":"https:\/\/www.miomiorun.com\/fr\/produit\/jkt-after-femme\/","name":"Crazy Idea JKT After femme - Maillot de course \u00e0 pied- MioMioRun","isPartOf":{"@id":"https:\/\/www.miomiorun.com\/fr\/#website"},"primaryImageOfPage":{"@id":"https:\/\/www.miomiorun.com\/fr\/produit\/jkt-after-femme\/#primaryimage"},"image":{"@id":"https:\/\/www.miomiorun.com\/fr\/produit\/jkt-after-femme\/#primaryimage"},"thumbnailUrl":"https:\/\/www.miomiorun.com\/app\/uploads\/2025\/10\/crazy-JKT-After-W-blueberry-W25055156D-0030.webp","datePublished":"2025-10-14T15:25:46+00:00","dateModified":"2026-04-17T08:36:41+00:00","description":"JKT After : veste hybride hautement thermique avec fourrure Fluffy Warm et nylon Pertex Quantum. Chaude, coupe-vent et d\u00e9perlante pour toutes les aventures en plein air.","breadcrumb":{"@id":"https:\/\/www.miomiorun.com\/fr\/produit\/jkt-after-femme\/#breadcrumb"},"inLanguage":"fr-FR","potentialAction":[{"@type":"ReadAction","target":["https:\/\/www.miomiorun.com\/fr\/produit\/jkt-after-femme\/"]}]},{"@type":"ImageObject","inLanguage":"fr-FR","@id":"https:\/\/www.miomiorun.com\/fr\/produit\/jkt-after-femme\/#primaryimage","url":"https:\/\/www.miomiorun.com\/app\/uploads\/2025\/10\/crazy-JKT-After-W-blueberry-W25055156D-0030.webp","contentUrl":"https:\/\/www.miomiorun.com\/app\/uploads\/2025\/10\/crazy-JKT-After-W-blueberry-W25055156D-0030.webp","width":720,"height":720,"caption":"crazy JKT After W blueberry W25055156D-0030"},{"@type":"BreadcrumbList","@id":"https:\/\/www.miomiorun.com\/fr\/produit\/jkt-after-femme\/#breadcrumb","itemListElement":[{"@type":"ListItem","position":1,"name":"Home","item":"https:\/\/www.miomiorun.com\/fr\/home-page\/"},{"@type":"ListItem","position":2,"name":"Shop","item":"https:\/\/www.miomiorun.com\/shop\/"},{"@type":"ListItem","position":3,"name":"JKT After femme"}]},{"@type":"WebSite","@id":"https:\/\/www.miomiorun.com\/fr\/#website","url":"https:\/\/www.miomiorun.com\/fr\/","name":"MioMioRun","description":"Boutique 100% running et trail","publisher":{"@id":"https:\/\/www.miomiorun.com\/fr\/#organization"},"potentialAction":[{"@type":"SearchAction","target":{"@type":"EntryPoint","urlTemplate":"https:\/\/www.miomiorun.com\/fr\/?s={search_term_string}"},"query-input":{"@type":"PropertyValueSpecification","valueRequired":true,"valueName":"search_term_string"}}],"inLanguage":"fr-FR"},{"@type":"Organization","@id":"https:\/\/www.miomiorun.com\/fr\/#organization","name":"MioMio Run","url":"https:\/\/www.miomiorun.com\/fr\/","logo":{"@type":"ImageObject","inLanguage":"fr-FR","@id":"https:\/\/www.miomiorun.com\/fr\/#\/schema\/logo\/image\/","url":"https:\/\/www.miomiorun.com\/app\/uploads\/2019\/12\/logomio.png","contentUrl":"https:\/\/www.miomiorun.com\/app\/uploads\/2019\/12\/logomio.png","width":115,"height":82,"caption":"MioMio Run"},"image":{"@id":"https:\/\/www.miomiorun.com\/fr\/#\/schema\/logo\/image\/"},"sameAs":["https:\/\/www.facebook.com\/miomiorun\/","https:\/\/www.instagram.com\/miomiorun\/"]}]}},"_links":{"self":[{"href":"https:\/\/www.miomiorun.com\/fr\/wp-json\/wp\/v2\/product\/360451","targetHints":{"allow":["GET"]}}],"collection":[{"href":"https:\/\/www.miomiorun.com\/fr\/wp-json\/wp\/v2\/product"}],"about":[{"href":"https:\/\/www.miomiorun.com\/fr\/wp-json\/wp\/v2\/types\/product"}],"wp:featuredmedia":[{"embeddable":true,"href":"https:\/\/www.miomiorun.com\/fr\/wp-json\/wp\/v2\/media\/365625"}],"wp:attachment":[{"href":"https:\/\/www.miomiorun.com\/fr\/wp-json\/wp\/v2\/media?parent=360451"}],"wp:term":[{"taxonomy":"product_brand","embeddable":true,"href":"https:\/\/www.miomiorun.com\/fr\/wp-json\/wp\/v2\/product_brand?post=360451"},{"taxonomy":"product_cat","embeddable":true,"href":"https:\/\/www.miomiorun.com\/fr\/wp-json\/wp\/v2\/product_cat?post=360451"},{"taxonomy":"product_tag","embeddable":true,"href":"https:\/\/www.miomiorun.com\/fr\/wp-json\/wp\/v2\/product_tag?post=360451"}],"curies":[{"name":"wp","href":"https:\/\/api.w.org\/{rel}","templated":true}]}}