{"id":360168,"date":"2025-10-14T12:15:05","date_gmt":"2025-10-14T10:15:05","guid":{"rendered":"https:\/\/www.miomiorun.com\/?post_type=product&#038;p=360168"},"modified":"2026-05-09T10:13:35","modified_gmt":"2026-05-09T08:13:35","slug":"jkt-levity-homme","status":"publish","type":"product","link":"https:\/\/www.miomiorun.com\/fr\/produit\/jkt-levity-homme\/","title":{"rendered":"JKT Levity homme"},"content":{"rendered":"<p data-start=\"172\" data-end=\"495\">La <strong data-start=\"175\" data-end=\"189\">JKT Levity<\/strong> est la veste en duvet <strong data-start=\"211\" data-end=\"235\">la plus l\u00e9g\u00e8re au monde<\/strong>, r\u00e9sultat extr\u00eame de la recherche et de l&#8217;innovation dans le domaine de l&#8217;alpinisme technique. Con\u00e7ue pour ceux qui recherchent des performances maximales avec un poids minimal, elle allie une <strong data-start=\"402\" data-end=\"436\">protection thermique exceptionnelle<\/strong>, un <strong data-start=\"438\" data-end=\"458\">confort absolu<\/strong> et une <strong data-start=\"461\" data-end=\"492\">libert\u00e9 de mouvement totale<\/strong>.<\/p>\n<p data-start=\"497\" data-end=\"777\">Son secret r\u00e9side dans une <strong data-start=\"527\" data-end=\"565\">construction unique et r\u00e9volutionnaire<\/strong>, d\u00e9velopp\u00e9e pour \u00e9liminer toute couture superflue et tout centim\u00e8tre de tissu inutile. Le tissu ext\u00e9rieur, un <strong data-start=\"672\" data-end=\"698\">nylon bi-\u00e9lastique 7DEN<\/strong> avec <strong data-start=\"703\" data-end=\"722\">traitement DWR<\/strong>, garantit l\u00e9g\u00e8ret\u00e9, r\u00e9sistance et imperm\u00e9abilit\u00e9.<\/p>\n<p data-start=\"779\" data-end=\"1076\">Le rembourrage est en <strong data-start=\"798\" data-end=\"820\">duvet Diamond Down<\/strong>, s\u00e9lectionn\u00e9 \u00e0 la main pour n&#8217;inclure que les flocons les plus volumineux et les plus purs, avec un <strong data-start=\"900\" data-end=\"940\">pouvoir gonflant extraordinaire de 950\/1000<\/strong>. Il en r\u00e9sulte une isolation thermique imbattable par rapport au poids, parfaite pour les exp\u00e9ditions alpines et les conditions les plus extr\u00eames.<\/p>\n<p data-start=\"1078\" data-end=\"1377\">Les <strong data-start=\"1081\" data-end=\"1100\">cellules coll\u00e9es<\/strong> plut\u00f4t que cousues r\u00e9duisent au minimum les fuites de plumes, garantissant une dur\u00e9e de vie sup\u00e9rieure et un aspect propre et moderne. <br data-start=\"1224\" data-end=\"1227\">Des d\u00e9tails essentiels tels que la <strong data-start=\"1255\" data-end=\"1273\">poche poitrine<\/strong> et la <strong data-start=\"1279\" data-end=\"1304\">poche int\u00e9rieure en filet<\/strong> compl\u00e8tent un v\u00eatement con\u00e7u pour ceux qui exigent le maximum de chaque gramme.<\/p><\/p>\n","protected":false},"excerpt":{"rendered":"<ul>\n<li data-start=\"1600\" data-end=\"1661\">\n<p data-start=\"1602\" data-end=\"1661\">La veste en duvet la plus l\u00e9g\u00e8re au monde, avec un pouvoir gonflant de 950. <\/p>\n<\/li>\n<li data-start=\"1662\" data-end=\"1736\">\n<p data-start=\"1664\" data-end=\"1736\">Construction coll\u00e9e sans coutures pour \u00e9viter la dispersion des plumes. <\/p>\n<\/li>\n<li data-start=\"1737\" data-end=\"1795\">\n<p data-start=\"1739\" data-end=\"1795\">Tissu nylon 7DEN avec traitement d\u00e9perlant DWR<\/p>\n<\/li>\n<\/ul>\n","protected":false},"featured_media":366088,"template":"","meta":{"_acf_changed":false,"inline_featured_image":false},"product_brand":[],"product_cat":[24480,24482],"product_tag":[23489,23610],"class_list":{"0":"post-360168","1":"product","2":"type-product","3":"status-publish","4":"has-post-thumbnail","6":"product_cat-vestes-fr-2","7":"product_cat-vetements-pour-hommes-fr","8":"product_tag-crazy-idea-fr","9":"product_tag-crazy-idea-homme","10":"pa_attivita-lifestyle-fr","11":"pa_attivita-marcher","12":"pa_attivita-outdoor-fr","13":"pa_colore-jkt-levity-liken-fr","14":"pa_marca-crazy-idea-fr","15":"pa_sesso-homme","16":"pa_size-small-fr","17":"pa_size-medium-fr","19":"first","20":"instock","21":"sale","22":"taxable","23":"shipping-taxable","24":"purchasable","25":"product-type-variable","26":"wvs-archive-product-wrapper"},"acf":[],"yoast_head":"<!-- This site is optimized with the Yoast SEO plugin v26.8 - https:\/\/yoast.com\/product\/yoast-seo-wordpress\/ -->\n<title>Crazy Idea JKT Levity homme - Veste d&#039;hiver - MioMioRun.com<\/title>\n<meta name=\"description\" content=\"JKT Levity Homme : la veste en duvet la plus l\u00e9g\u00e8re au monde. Pouvoir gonflant 950, cellules coll\u00e9es, confort extr\u00eame et protection thermique imbattable.\" \/>\n<meta name=\"robots\" content=\"index, follow, max-snippet:-1, max-image-preview:large, max-video-preview:-1\" \/>\n<link rel=\"canonical\" href=\"https:\/\/www.miomiorun.com\/fr\/produit\/jkt-levity-homme\/\" \/>\n<meta property=\"og:locale\" content=\"fr_FR\" \/>\n<meta property=\"og:type\" content=\"article\" \/>\n<meta property=\"og:title\" content=\"Crazy Idea JKT Levity homme - Veste d&#039;hiver - MioMioRun.com\" \/>\n<meta property=\"og:description\" content=\"JKT Levity Homme : la veste en duvet la plus l\u00e9g\u00e8re au monde. Pouvoir gonflant 950, cellules coll\u00e9es, confort extr\u00eame et protection thermique imbattable.\" \/>\n<meta property=\"og:url\" content=\"https:\/\/www.miomiorun.com\/fr\/produit\/jkt-levity-homme\/\" \/>\n<meta property=\"og:site_name\" content=\"MioMioRun\" \/>\n<meta property=\"article:publisher\" content=\"https:\/\/www.facebook.com\/miomiorun\/\" \/>\n<meta property=\"article:modified_time\" content=\"2026-05-09T08:13:35+00:00\" \/>\n<meta property=\"og:image\" content=\"https:\/\/www.miomiorun.com\/app\/uploads\/2025\/11\/crazy-Jkt-levity-liken-W25055218U-0093.webp\" \/>\n\t<meta property=\"og:image:width\" content=\"720\" \/>\n\t<meta property=\"og:image:height\" content=\"720\" \/>\n\t<meta property=\"og:image:type\" content=\"image\/webp\" \/>\n<meta name=\"twitter:card\" content=\"summary_large_image\" \/>\n<meta name=\"twitter:label1\" content=\"Est. reading time\" \/>\n\t<meta name=\"twitter:data1\" content=\"1 minute\" \/>\n<script type=\"application\/ld+json\" class=\"yoast-schema-graph\">{\"@context\":\"https:\/\/schema.org\",\"@graph\":[{\"@type\":\"WebPage\",\"@id\":\"https:\/\/www.miomiorun.com\/fr\/produit\/jkt-levity-homme\/\",\"url\":\"https:\/\/www.miomiorun.com\/fr\/produit\/jkt-levity-homme\/\",\"name\":\"Crazy Idea JKT Levity homme - Veste d'hiver - MioMioRun.com\",\"isPartOf\":{\"@id\":\"https:\/\/www.miomiorun.com\/fr\/#website\"},\"primaryImageOfPage\":{\"@id\":\"https:\/\/www.miomiorun.com\/fr\/produit\/jkt-levity-homme\/#primaryimage\"},\"image\":{\"@id\":\"https:\/\/www.miomiorun.com\/fr\/produit\/jkt-levity-homme\/#primaryimage\"},\"thumbnailUrl\":\"https:\/\/www.miomiorun.com\/app\/uploads\/2025\/11\/crazy-Jkt-levity-liken-W25055218U-0093.webp\",\"datePublished\":\"2025-10-14T10:15:05+00:00\",\"dateModified\":\"2026-05-09T08:13:35+00:00\",\"description\":\"JKT Levity Homme : la veste en duvet la plus l\u00e9g\u00e8re au monde. Pouvoir gonflant 950, cellules coll\u00e9es, confort extr\u00eame et protection thermique imbattable.\",\"breadcrumb\":{\"@id\":\"https:\/\/www.miomiorun.com\/fr\/produit\/jkt-levity-homme\/#breadcrumb\"},\"inLanguage\":\"fr-FR\",\"potentialAction\":[{\"@type\":\"ReadAction\",\"target\":[\"https:\/\/www.miomiorun.com\/fr\/produit\/jkt-levity-homme\/\"]}]},{\"@type\":\"ImageObject\",\"inLanguage\":\"fr-FR\",\"@id\":\"https:\/\/www.miomiorun.com\/fr\/produit\/jkt-levity-homme\/#primaryimage\",\"url\":\"https:\/\/www.miomiorun.com\/app\/uploads\/2025\/11\/crazy-Jkt-levity-liken-W25055218U-0093.webp\",\"contentUrl\":\"https:\/\/www.miomiorun.com\/app\/uploads\/2025\/11\/crazy-Jkt-levity-liken-W25055218U-0093.webp\",\"width\":720,\"height\":720,\"caption\":\"crazy Jkt levity liken W25055218U-0093\"},{\"@type\":\"BreadcrumbList\",\"@id\":\"https:\/\/www.miomiorun.com\/fr\/produit\/jkt-levity-homme\/#breadcrumb\",\"itemListElement\":[{\"@type\":\"ListItem\",\"position\":1,\"name\":\"Home\",\"item\":\"https:\/\/www.miomiorun.com\/fr\/home-page\/\"},{\"@type\":\"ListItem\",\"position\":2,\"name\":\"Shop\",\"item\":\"https:\/\/www.miomiorun.com\/shop\/\"},{\"@type\":\"ListItem\",\"position\":3,\"name\":\"JKT Levity homme\"}]},{\"@type\":\"WebSite\",\"@id\":\"https:\/\/www.miomiorun.com\/fr\/#website\",\"url\":\"https:\/\/www.miomiorun.com\/fr\/\",\"name\":\"MioMioRun\",\"description\":\"Boutique 100% running et trail\",\"publisher\":{\"@id\":\"https:\/\/www.miomiorun.com\/fr\/#organization\"},\"potentialAction\":[{\"@type\":\"SearchAction\",\"target\":{\"@type\":\"EntryPoint\",\"urlTemplate\":\"https:\/\/www.miomiorun.com\/fr\/?s={search_term_string}\"},\"query-input\":{\"@type\":\"PropertyValueSpecification\",\"valueRequired\":true,\"valueName\":\"search_term_string\"}}],\"inLanguage\":\"fr-FR\"},{\"@type\":\"Organization\",\"@id\":\"https:\/\/www.miomiorun.com\/fr\/#organization\",\"name\":\"MioMio Run\",\"url\":\"https:\/\/www.miomiorun.com\/fr\/\",\"logo\":{\"@type\":\"ImageObject\",\"inLanguage\":\"fr-FR\",\"@id\":\"https:\/\/www.miomiorun.com\/fr\/#\/schema\/logo\/image\/\",\"url\":\"https:\/\/www.miomiorun.com\/app\/uploads\/2019\/12\/logomio.png\",\"contentUrl\":\"https:\/\/www.miomiorun.com\/app\/uploads\/2019\/12\/logomio.png\",\"width\":115,\"height\":82,\"caption\":\"MioMio Run\"},\"image\":{\"@id\":\"https:\/\/www.miomiorun.com\/fr\/#\/schema\/logo\/image\/\"},\"sameAs\":[\"https:\/\/www.facebook.com\/miomiorun\/\",\"https:\/\/www.instagram.com\/miomiorun\/\"]}]}<\/script>\n<!-- \/ Yoast SEO plugin. -->","yoast_head_json":{"title":"Crazy Idea JKT Levity homme - Veste d'hiver - MioMioRun.com","description":"JKT Levity Homme : la veste en duvet la plus l\u00e9g\u00e8re au monde. Pouvoir gonflant 950, cellules coll\u00e9es, confort extr\u00eame et protection thermique imbattable.","robots":{"index":"index","follow":"follow","max-snippet":"max-snippet:-1","max-image-preview":"max-image-preview:large","max-video-preview":"max-video-preview:-1"},"canonical":"https:\/\/www.miomiorun.com\/fr\/produit\/jkt-levity-homme\/","og_locale":"fr_FR","og_type":"article","og_title":"Crazy Idea JKT Levity homme - Veste d'hiver - MioMioRun.com","og_description":"JKT Levity Homme : la veste en duvet la plus l\u00e9g\u00e8re au monde. Pouvoir gonflant 950, cellules coll\u00e9es, confort extr\u00eame et protection thermique imbattable.","og_url":"https:\/\/www.miomiorun.com\/fr\/produit\/jkt-levity-homme\/","og_site_name":"MioMioRun","article_publisher":"https:\/\/www.facebook.com\/miomiorun\/","article_modified_time":"2026-05-09T08:13:35+00:00","og_image":[{"width":720,"height":720,"url":"https:\/\/www.miomiorun.com\/app\/uploads\/2025\/11\/crazy-Jkt-levity-liken-W25055218U-0093.webp","type":"image\/webp"}],"twitter_card":"summary_large_image","twitter_misc":{"Est. reading time":"1 minute"},"schema":{"@context":"https:\/\/schema.org","@graph":[{"@type":"WebPage","@id":"https:\/\/www.miomiorun.com\/fr\/produit\/jkt-levity-homme\/","url":"https:\/\/www.miomiorun.com\/fr\/produit\/jkt-levity-homme\/","name":"Crazy Idea JKT Levity homme - Veste d'hiver - MioMioRun.com","isPartOf":{"@id":"https:\/\/www.miomiorun.com\/fr\/#website"},"primaryImageOfPage":{"@id":"https:\/\/www.miomiorun.com\/fr\/produit\/jkt-levity-homme\/#primaryimage"},"image":{"@id":"https:\/\/www.miomiorun.com\/fr\/produit\/jkt-levity-homme\/#primaryimage"},"thumbnailUrl":"https:\/\/www.miomiorun.com\/app\/uploads\/2025\/11\/crazy-Jkt-levity-liken-W25055218U-0093.webp","datePublished":"2025-10-14T10:15:05+00:00","dateModified":"2026-05-09T08:13:35+00:00","description":"JKT Levity Homme : la veste en duvet la plus l\u00e9g\u00e8re au monde. Pouvoir gonflant 950, cellules coll\u00e9es, confort extr\u00eame et protection thermique imbattable.","breadcrumb":{"@id":"https:\/\/www.miomiorun.com\/fr\/produit\/jkt-levity-homme\/#breadcrumb"},"inLanguage":"fr-FR","potentialAction":[{"@type":"ReadAction","target":["https:\/\/www.miomiorun.com\/fr\/produit\/jkt-levity-homme\/"]}]},{"@type":"ImageObject","inLanguage":"fr-FR","@id":"https:\/\/www.miomiorun.com\/fr\/produit\/jkt-levity-homme\/#primaryimage","url":"https:\/\/www.miomiorun.com\/app\/uploads\/2025\/11\/crazy-Jkt-levity-liken-W25055218U-0093.webp","contentUrl":"https:\/\/www.miomiorun.com\/app\/uploads\/2025\/11\/crazy-Jkt-levity-liken-W25055218U-0093.webp","width":720,"height":720,"caption":"crazy Jkt levity liken W25055218U-0093"},{"@type":"BreadcrumbList","@id":"https:\/\/www.miomiorun.com\/fr\/produit\/jkt-levity-homme\/#breadcrumb","itemListElement":[{"@type":"ListItem","position":1,"name":"Home","item":"https:\/\/www.miomiorun.com\/fr\/home-page\/"},{"@type":"ListItem","position":2,"name":"Shop","item":"https:\/\/www.miomiorun.com\/shop\/"},{"@type":"ListItem","position":3,"name":"JKT Levity homme"}]},{"@type":"WebSite","@id":"https:\/\/www.miomiorun.com\/fr\/#website","url":"https:\/\/www.miomiorun.com\/fr\/","name":"MioMioRun","description":"Boutique 100% running et trail","publisher":{"@id":"https:\/\/www.miomiorun.com\/fr\/#organization"},"potentialAction":[{"@type":"SearchAction","target":{"@type":"EntryPoint","urlTemplate":"https:\/\/www.miomiorun.com\/fr\/?s={search_term_string}"},"query-input":{"@type":"PropertyValueSpecification","valueRequired":true,"valueName":"search_term_string"}}],"inLanguage":"fr-FR"},{"@type":"Organization","@id":"https:\/\/www.miomiorun.com\/fr\/#organization","name":"MioMio Run","url":"https:\/\/www.miomiorun.com\/fr\/","logo":{"@type":"ImageObject","inLanguage":"fr-FR","@id":"https:\/\/www.miomiorun.com\/fr\/#\/schema\/logo\/image\/","url":"https:\/\/www.miomiorun.com\/app\/uploads\/2019\/12\/logomio.png","contentUrl":"https:\/\/www.miomiorun.com\/app\/uploads\/2019\/12\/logomio.png","width":115,"height":82,"caption":"MioMio Run"},"image":{"@id":"https:\/\/www.miomiorun.com\/fr\/#\/schema\/logo\/image\/"},"sameAs":["https:\/\/www.facebook.com\/miomiorun\/","https:\/\/www.instagram.com\/miomiorun\/"]}]}},"_links":{"self":[{"href":"https:\/\/www.miomiorun.com\/fr\/wp-json\/wp\/v2\/product\/360168","targetHints":{"allow":["GET"]}}],"collection":[{"href":"https:\/\/www.miomiorun.com\/fr\/wp-json\/wp\/v2\/product"}],"about":[{"href":"https:\/\/www.miomiorun.com\/fr\/wp-json\/wp\/v2\/types\/product"}],"wp:featuredmedia":[{"embeddable":true,"href":"https:\/\/www.miomiorun.com\/fr\/wp-json\/wp\/v2\/media\/366088"}],"wp:attachment":[{"href":"https:\/\/www.miomiorun.com\/fr\/wp-json\/wp\/v2\/media?parent=360168"}],"wp:term":[{"taxonomy":"product_brand","embeddable":true,"href":"https:\/\/www.miomiorun.com\/fr\/wp-json\/wp\/v2\/product_brand?post=360168"},{"taxonomy":"product_cat","embeddable":true,"href":"https:\/\/www.miomiorun.com\/fr\/wp-json\/wp\/v2\/product_cat?post=360168"},{"taxonomy":"product_tag","embeddable":true,"href":"https:\/\/www.miomiorun.com\/fr\/wp-json\/wp\/v2\/product_tag?post=360168"}],"curies":[{"name":"wp","href":"https:\/\/api.w.org\/{rel}","templated":true}]}}