{"id":358835,"date":"2025-10-11T12:29:12","date_gmt":"2025-10-11T10:29:12","guid":{"rendered":"https:\/\/www.miomiorun.com\/?post_type=product&#038;p=358835"},"modified":"2026-04-17T10:36:17","modified_gmt":"2026-04-17T08:36:17","slug":"kjerag-2-0","status":"publish","type":"product","link":"https:\/\/www.miomiorun.com\/fr\/produit\/kjerag-2-0\/","title":{"rendered":"Kjerag 2.0"},"content":{"rendered":"<div class=\"vc-row container\"><div class=\"vc-column\"><div class=\"vc-column-text\"><\/p>\n<p><strong>Caract\u00e9ristiques techniques<\/strong><\/p>\n<p>Cat\u00e9gorie : amorti r\u00e9actif<br \/>\nD\u00e9calage : 6 mm (<span class=\"style_content__U_Haa\">20 mm\/26 mm) <\/span><br \/>\nPoids : <span class=\"style_content__U_Haa\">214 g<\/span> <span class=\"style_content__U_Haa\">(taille UK 7,5)<\/span><br \/>\nId\u00e9al pour : les coureurs de trail \u00e0 la recherche d&#8217;une chaussure haute performance et ceux qui aiment courir l\u00e9ger et rapide sur tous les terrains.<br \/>\nPoids de l&#8217;athl\u00e8te : 60-80 kg<br \/>\nAllure de course : moyenne (5-6 min\/km)<br \/>\n<a href=\"https:\/\/miomiorun.com\/guida-alle-specifiche-tecniche\/\">Guide des sp\u00e9cifications techniques<\/a><\/p>\n<p><\/div><\/div><div class=\"vc-column\"><div class=\"vc-column-text\"><\/p>\n<p data-start=\"110\" data-end=\"438\">La<strong data-start=\"113\" data-end=\"134\">&nbsp;Kjerag 02<\/strong> est une combinaison parfaite de <strong data-start=\"216\" data-end=\"250\">vitesse, r\u00e9activit\u00e9 et confort<\/strong>. La nouvelle version&nbsp;allie un design audacieux et des performances techniques d&#8217;excellence, con\u00e7ue pour ceux qui aiment courir l\u00e9ger et rapide sur tous les terrains.<\/p>\n<p data-start=\"440\" data-end=\"671\">Avec une hauteur de semelle de <strong data-start=\"470\" data-end=\"485\">20 mm\/26 mm<\/strong>, elle offre un \u00e9quilibre id\u00e9al entre amorti et sensibilit\u00e9 au sol, tandis que les crampons de <strong data-start=\"601\" data-end=\"611\">3,5 mm<\/strong> assurent une adh\u00e9rence efficace m\u00eame sur les terrains les plus techniques.<\/p>\n<p data-start=\"673\" data-end=\"933\">La tige en <strong data-start=\"686\" data-end=\"723\">Matryx\u00ae Jacquard \u00e0 couche unique<\/strong> garantit une respirabilit\u00e9, un soutien et une durabilit\u00e9 maximaux, tout en r\u00e9duisant l&#8217;impact environnemental gr\u00e2ce \u00e0 un processus de teinture qui utilise jusqu&#8217;\u00e0 <strong data-start=\"874\" data-end=\"898\">95 % d&#8217;eau en moins<\/strong> par rapport aux m\u00e9thodes traditionnelles.<\/p>\n<p data-start=\"935\" data-end=\"1203\">La semelle interm\u00e9diaire <strong data-start=\"948\" data-end=\"959\">EExpure<\/strong>, \u00e0 base de TPE, offre un <strong data-start=\"985\" data-end=\"1025\">retour d&#8217;\u00e9nergie sup\u00e9rieur de 35 %<\/strong>, rendant chaque pas plus explosif et naturel. Les technologies <strong data-start=\"1108\" data-end=\"1128\">VIBRAM\u00ae Megagrip<\/strong> et <strong data-start=\"1131\" data-end=\"1151\">VIBRAM\u00ae Litebase<\/strong> compl\u00e8tent la chaussure, pour une traction et une l\u00e9g\u00e8ret\u00e9 sans compromis.<\/p>\n<p data-start=\"1205\" data-end=\"1337\">La <strong data-start=\"1208\" data-end=\"1221\">Kjerag 02<\/strong> est le mod\u00e8le id\u00e9al pour ceux qui recherchent des performances maximales, alliant innovation, durabilit\u00e9 et style distinctif.<\/p>\n<p><\/div><\/div><\/div><\/p>\n","protected":false},"excerpt":{"rendered":"<ul>\n<li data-start=\"1364\" data-end=\"1428\">\n<p data-start=\"1366\" data-end=\"1428\">R\u00e9activit\u00e9 et confort exceptionnels pour un trail running rapide<\/p>\n<\/li>\n<li data-start=\"1429\" data-end=\"1502\">\n<p data-start=\"1431\" data-end=\"1502\">Semelle <strong data-start=\"1437\" data-end=\"1468\">VIBRAM\u00ae Megagrip + Litebase<\/strong> pour une adh\u00e9rence et une l\u00e9g\u00e8ret\u00e9 sup\u00e9rieures<\/p>\n<\/li>\n<li data-start=\"1503\" data-end=\"1590\">\n<p data-start=\"1505\" data-end=\"1590\"><strong data-start=\"1505\" data-end=\"1525\">Matryx\u00ae Jacquard<\/strong> respirant et durable, avec une teinture \u00e0 faible consommation d&#8217;eau<\/p>\n<\/li>\n<\/ul>\n","protected":false},"featured_media":362122,"template":"","meta":{"_acf_changed":false,"inline_featured_image":false},"product_brand":[],"product_cat":[22605,24448,22608,24445],"product_tag":[35958,35968,35965],"class_list":{"0":"post-358835","1":"product","2":"type-product","3":"status-publish","4":"has-post-thumbnail","6":"product_cat-chaussures-pour-femmes","7":"product_cat-chaussures-pour-hommes-fr","8":"product_cat-trail-fr","9":"product_cat-trail-fr-3","10":"product_tag-nnormal-fr","11":"product_tag-nnormal-femme-fr","12":"product_tag-nnormal-homme-fr","13":"pa_attivita-outdoor-fr","14":"pa_attivita-trail-fr","15":"pa_colore-kjerag-2-0-black-fr","16":"pa_colore-kjerag-2-0-green-white","17":"pa_marca-nnormal-fr","18":"pa_sesso-femme","19":"pa_sesso-homme","20":"pa_size-38-fr","22":"pa_size-39-fr","23":"pa_size-40-fr","25":"pa_size-41-fr","26":"pa_size-42-fr","28":"pa_size-43-fr","29":"pa_size-44-fr","31":"pa_size-45-fr","32":"pa_size-46-fr","35":"first","36":"instock","37":"taxable","38":"shipping-taxable","39":"purchasable","40":"product-type-variable","41":"wvs-archive-product-wrapper"},"acf":[],"yoast_head":"<!-- This site is optimized with the Yoast SEO plugin v26.8 - https:\/\/yoast.com\/product\/yoast-seo-wordpress\/ -->\n<title>NNormal Kjerag 2.0 - Chaussures de trail- MioMioRun.com<\/title>\n<meta name=\"description\" content=\"Kjerag 02 : chaussure de trail running l\u00e9g\u00e8re et r\u00e9active, avec semelle Vibram\u00ae et tige Matryx\u00ae durable pour des performances et une vitesse maximales sur tous les terrains.\" \/>\n<meta name=\"robots\" content=\"index, follow, max-snippet:-1, max-image-preview:large, max-video-preview:-1\" \/>\n<link rel=\"canonical\" href=\"https:\/\/www.miomiorun.com\/fr\/produit\/kjerag-2-0\/\" \/>\n<meta property=\"og:locale\" content=\"fr_FR\" \/>\n<meta property=\"og:type\" content=\"article\" \/>\n<meta property=\"og:title\" content=\"NNormal Kjerag 2.0 - Chaussures de trail- MioMioRun.com\" \/>\n<meta property=\"og:description\" content=\"Kjerag 02 : chaussure de trail running l\u00e9g\u00e8re et r\u00e9active, avec semelle Vibram\u00ae et tige Matryx\u00ae durable pour des performances et une vitesse maximales sur tous les terrains.\" \/>\n<meta property=\"og:url\" content=\"https:\/\/www.miomiorun.com\/fr\/produit\/kjerag-2-0\/\" \/>\n<meta property=\"og:site_name\" content=\"MioMioRun\" \/>\n<meta property=\"article:publisher\" content=\"https:\/\/www.facebook.com\/miomiorun\/\" \/>\n<meta property=\"article:modified_time\" content=\"2026-04-17T08:36:17+00:00\" \/>\n<meta property=\"og:image\" content=\"https:\/\/www.miomiorun.com\/app\/uploads\/2025\/10\/nnormal-Kjerag-2.0-black-N1ZKGM2-001.webp\" \/>\n\t<meta property=\"og:image:width\" content=\"720\" \/>\n\t<meta property=\"og:image:height\" content=\"720\" \/>\n\t<meta property=\"og:image:type\" content=\"image\/webp\" \/>\n<meta name=\"twitter:card\" content=\"summary_large_image\" \/>\n<meta name=\"twitter:label1\" content=\"Est. reading time\" \/>\n\t<meta name=\"twitter:data1\" content=\"1 minute\" \/>\n<script type=\"application\/ld+json\" class=\"yoast-schema-graph\">{\"@context\":\"https:\/\/schema.org\",\"@graph\":[{\"@type\":\"WebPage\",\"@id\":\"https:\/\/www.miomiorun.com\/fr\/produit\/kjerag-2-0\/\",\"url\":\"https:\/\/www.miomiorun.com\/fr\/produit\/kjerag-2-0\/\",\"name\":\"NNormal Kjerag 2.0 - Chaussures de trail- MioMioRun.com\",\"isPartOf\":{\"@id\":\"https:\/\/www.miomiorun.com\/fr\/#website\"},\"primaryImageOfPage\":{\"@id\":\"https:\/\/www.miomiorun.com\/fr\/produit\/kjerag-2-0\/#primaryimage\"},\"image\":{\"@id\":\"https:\/\/www.miomiorun.com\/fr\/produit\/kjerag-2-0\/#primaryimage\"},\"thumbnailUrl\":\"https:\/\/www.miomiorun.com\/app\/uploads\/2025\/10\/nnormal-Kjerag-2.0-black-N1ZKGM2-001.webp\",\"datePublished\":\"2025-10-11T10:29:12+00:00\",\"dateModified\":\"2026-04-17T08:36:17+00:00\",\"description\":\"Kjerag 02 : chaussure de trail running l\u00e9g\u00e8re et r\u00e9active, avec semelle Vibram\u00ae et tige Matryx\u00ae durable pour des performances et une vitesse maximales sur tous les terrains.\",\"breadcrumb\":{\"@id\":\"https:\/\/www.miomiorun.com\/fr\/produit\/kjerag-2-0\/#breadcrumb\"},\"inLanguage\":\"fr-FR\",\"potentialAction\":[{\"@type\":\"ReadAction\",\"target\":[\"https:\/\/www.miomiorun.com\/fr\/produit\/kjerag-2-0\/\"]}]},{\"@type\":\"ImageObject\",\"inLanguage\":\"fr-FR\",\"@id\":\"https:\/\/www.miomiorun.com\/fr\/produit\/kjerag-2-0\/#primaryimage\",\"url\":\"https:\/\/www.miomiorun.com\/app\/uploads\/2025\/10\/nnormal-Kjerag-2.0-black-N1ZKGM2-001.webp\",\"contentUrl\":\"https:\/\/www.miomiorun.com\/app\/uploads\/2025\/10\/nnormal-Kjerag-2.0-black-N1ZKGM2-001.webp\",\"width\":720,\"height\":720,\"caption\":\"nnormal Kjerag 2.0 black N1ZKGM2-001\"},{\"@type\":\"BreadcrumbList\",\"@id\":\"https:\/\/www.miomiorun.com\/fr\/produit\/kjerag-2-0\/#breadcrumb\",\"itemListElement\":[{\"@type\":\"ListItem\",\"position\":1,\"name\":\"Home\",\"item\":\"https:\/\/www.miomiorun.com\/fr\/home-page\/\"},{\"@type\":\"ListItem\",\"position\":2,\"name\":\"Shop\",\"item\":\"https:\/\/www.miomiorun.com\/shop\/\"},{\"@type\":\"ListItem\",\"position\":3,\"name\":\"Kjerag 2.0\"}]},{\"@type\":\"WebSite\",\"@id\":\"https:\/\/www.miomiorun.com\/fr\/#website\",\"url\":\"https:\/\/www.miomiorun.com\/fr\/\",\"name\":\"MioMioRun\",\"description\":\"Boutique 100% running et trail\",\"publisher\":{\"@id\":\"https:\/\/www.miomiorun.com\/fr\/#organization\"},\"potentialAction\":[{\"@type\":\"SearchAction\",\"target\":{\"@type\":\"EntryPoint\",\"urlTemplate\":\"https:\/\/www.miomiorun.com\/fr\/?s={search_term_string}\"},\"query-input\":{\"@type\":\"PropertyValueSpecification\",\"valueRequired\":true,\"valueName\":\"search_term_string\"}}],\"inLanguage\":\"fr-FR\"},{\"@type\":\"Organization\",\"@id\":\"https:\/\/www.miomiorun.com\/fr\/#organization\",\"name\":\"MioMio Run\",\"url\":\"https:\/\/www.miomiorun.com\/fr\/\",\"logo\":{\"@type\":\"ImageObject\",\"inLanguage\":\"fr-FR\",\"@id\":\"https:\/\/www.miomiorun.com\/fr\/#\/schema\/logo\/image\/\",\"url\":\"https:\/\/www.miomiorun.com\/app\/uploads\/2019\/12\/logomio.png\",\"contentUrl\":\"https:\/\/www.miomiorun.com\/app\/uploads\/2019\/12\/logomio.png\",\"width\":115,\"height\":82,\"caption\":\"MioMio Run\"},\"image\":{\"@id\":\"https:\/\/www.miomiorun.com\/fr\/#\/schema\/logo\/image\/\"},\"sameAs\":[\"https:\/\/www.facebook.com\/miomiorun\/\",\"https:\/\/www.instagram.com\/miomiorun\/\"]}]}<\/script>\n<!-- \/ Yoast SEO plugin. -->","yoast_head_json":{"title":"NNormal Kjerag 2.0 - Chaussures de trail- MioMioRun.com","description":"Kjerag 02 : chaussure de trail running l\u00e9g\u00e8re et r\u00e9active, avec semelle Vibram\u00ae et tige Matryx\u00ae durable pour des performances et une vitesse maximales sur tous les terrains.","robots":{"index":"index","follow":"follow","max-snippet":"max-snippet:-1","max-image-preview":"max-image-preview:large","max-video-preview":"max-video-preview:-1"},"canonical":"https:\/\/www.miomiorun.com\/fr\/produit\/kjerag-2-0\/","og_locale":"fr_FR","og_type":"article","og_title":"NNormal Kjerag 2.0 - Chaussures de trail- MioMioRun.com","og_description":"Kjerag 02 : chaussure de trail running l\u00e9g\u00e8re et r\u00e9active, avec semelle Vibram\u00ae et tige Matryx\u00ae durable pour des performances et une vitesse maximales sur tous les terrains.","og_url":"https:\/\/www.miomiorun.com\/fr\/produit\/kjerag-2-0\/","og_site_name":"MioMioRun","article_publisher":"https:\/\/www.facebook.com\/miomiorun\/","article_modified_time":"2026-04-17T08:36:17+00:00","og_image":[{"width":720,"height":720,"url":"https:\/\/www.miomiorun.com\/app\/uploads\/2025\/10\/nnormal-Kjerag-2.0-black-N1ZKGM2-001.webp","type":"image\/webp"}],"twitter_card":"summary_large_image","twitter_misc":{"Est. reading time":"1 minute"},"schema":{"@context":"https:\/\/schema.org","@graph":[{"@type":"WebPage","@id":"https:\/\/www.miomiorun.com\/fr\/produit\/kjerag-2-0\/","url":"https:\/\/www.miomiorun.com\/fr\/produit\/kjerag-2-0\/","name":"NNormal Kjerag 2.0 - Chaussures de trail- MioMioRun.com","isPartOf":{"@id":"https:\/\/www.miomiorun.com\/fr\/#website"},"primaryImageOfPage":{"@id":"https:\/\/www.miomiorun.com\/fr\/produit\/kjerag-2-0\/#primaryimage"},"image":{"@id":"https:\/\/www.miomiorun.com\/fr\/produit\/kjerag-2-0\/#primaryimage"},"thumbnailUrl":"https:\/\/www.miomiorun.com\/app\/uploads\/2025\/10\/nnormal-Kjerag-2.0-black-N1ZKGM2-001.webp","datePublished":"2025-10-11T10:29:12+00:00","dateModified":"2026-04-17T08:36:17+00:00","description":"Kjerag 02 : chaussure de trail running l\u00e9g\u00e8re et r\u00e9active, avec semelle Vibram\u00ae et tige Matryx\u00ae durable pour des performances et une vitesse maximales sur tous les terrains.","breadcrumb":{"@id":"https:\/\/www.miomiorun.com\/fr\/produit\/kjerag-2-0\/#breadcrumb"},"inLanguage":"fr-FR","potentialAction":[{"@type":"ReadAction","target":["https:\/\/www.miomiorun.com\/fr\/produit\/kjerag-2-0\/"]}]},{"@type":"ImageObject","inLanguage":"fr-FR","@id":"https:\/\/www.miomiorun.com\/fr\/produit\/kjerag-2-0\/#primaryimage","url":"https:\/\/www.miomiorun.com\/app\/uploads\/2025\/10\/nnormal-Kjerag-2.0-black-N1ZKGM2-001.webp","contentUrl":"https:\/\/www.miomiorun.com\/app\/uploads\/2025\/10\/nnormal-Kjerag-2.0-black-N1ZKGM2-001.webp","width":720,"height":720,"caption":"nnormal Kjerag 2.0 black N1ZKGM2-001"},{"@type":"BreadcrumbList","@id":"https:\/\/www.miomiorun.com\/fr\/produit\/kjerag-2-0\/#breadcrumb","itemListElement":[{"@type":"ListItem","position":1,"name":"Home","item":"https:\/\/www.miomiorun.com\/fr\/home-page\/"},{"@type":"ListItem","position":2,"name":"Shop","item":"https:\/\/www.miomiorun.com\/shop\/"},{"@type":"ListItem","position":3,"name":"Kjerag 2.0"}]},{"@type":"WebSite","@id":"https:\/\/www.miomiorun.com\/fr\/#website","url":"https:\/\/www.miomiorun.com\/fr\/","name":"MioMioRun","description":"Boutique 100% running et trail","publisher":{"@id":"https:\/\/www.miomiorun.com\/fr\/#organization"},"potentialAction":[{"@type":"SearchAction","target":{"@type":"EntryPoint","urlTemplate":"https:\/\/www.miomiorun.com\/fr\/?s={search_term_string}"},"query-input":{"@type":"PropertyValueSpecification","valueRequired":true,"valueName":"search_term_string"}}],"inLanguage":"fr-FR"},{"@type":"Organization","@id":"https:\/\/www.miomiorun.com\/fr\/#organization","name":"MioMio Run","url":"https:\/\/www.miomiorun.com\/fr\/","logo":{"@type":"ImageObject","inLanguage":"fr-FR","@id":"https:\/\/www.miomiorun.com\/fr\/#\/schema\/logo\/image\/","url":"https:\/\/www.miomiorun.com\/app\/uploads\/2019\/12\/logomio.png","contentUrl":"https:\/\/www.miomiorun.com\/app\/uploads\/2019\/12\/logomio.png","width":115,"height":82,"caption":"MioMio Run"},"image":{"@id":"https:\/\/www.miomiorun.com\/fr\/#\/schema\/logo\/image\/"},"sameAs":["https:\/\/www.facebook.com\/miomiorun\/","https:\/\/www.instagram.com\/miomiorun\/"]}]}},"_links":{"self":[{"href":"https:\/\/www.miomiorun.com\/fr\/wp-json\/wp\/v2\/product\/358835","targetHints":{"allow":["GET"]}}],"collection":[{"href":"https:\/\/www.miomiorun.com\/fr\/wp-json\/wp\/v2\/product"}],"about":[{"href":"https:\/\/www.miomiorun.com\/fr\/wp-json\/wp\/v2\/types\/product"}],"wp:featuredmedia":[{"embeddable":true,"href":"https:\/\/www.miomiorun.com\/fr\/wp-json\/wp\/v2\/media\/362122"}],"wp:attachment":[{"href":"https:\/\/www.miomiorun.com\/fr\/wp-json\/wp\/v2\/media?parent=358835"}],"wp:term":[{"taxonomy":"product_brand","embeddable":true,"href":"https:\/\/www.miomiorun.com\/fr\/wp-json\/wp\/v2\/product_brand?post=358835"},{"taxonomy":"product_cat","embeddable":true,"href":"https:\/\/www.miomiorun.com\/fr\/wp-json\/wp\/v2\/product_cat?post=358835"},{"taxonomy":"product_tag","embeddable":true,"href":"https:\/\/www.miomiorun.com\/fr\/wp-json\/wp\/v2\/product_tag?post=358835"}],"curies":[{"name":"wp","href":"https:\/\/api.w.org\/{rel}","templated":true}]}}