{"id":358756,"date":"2025-06-04T18:01:40","date_gmt":"2025-06-04T16:01:40","guid":{"rendered":"https:\/\/www.miomiorun.com\/prodotto\/trail-race-t-shirt-uomo\/"},"modified":"2025-12-12T10:55:38","modified_gmt":"2025-12-12T09:55:38","slug":"trail-race-t-shirt-homme","status":"publish","type":"product","link":"https:\/\/www.miomiorun.com\/fr\/produit\/trail-race-t-shirt-homme\/","title":{"rendered":"Trail race t-shirt homme"},"content":{"rendered":"<p data-start=\"211\" data-end=\"533\">Affrontez les sentiers les plus difficiles avec le nouveau <strong data-start=\"260\" data-end=\"282\">T-shirt Trail Race<\/strong> de Wild Tee, le dernier n\u00e9 de la gamme trail running et <strong data-start=\"338\" data-end=\"374\">enti\u00e8rement fabriqu\u00e9 en Italie<\/strong>. Con\u00e7u pour offrir un maximum de confort, de r\u00e9sistance et de ventilation, c&#8217;est le v\u00eatement id\u00e9al pour les comp\u00e9titions et les entra\u00eenements de haute intensit\u00e9.<\/p>\n<p data-start=\"535\" data-end=\"900\">Le <strong data-start=\"538\" data-end=\"576\">panneau avant anti-frottement<\/strong> avec fermeture \u00e9clair YKK prot\u00e8ge la peau des irritations caus\u00e9es par les sacs \u00e0 dos ou les gilets, tandis que la <strong data-start=\"658\" data-end=\"708\">maille alv\u00e9ol\u00e9e en polyester 100 % recycl\u00e9<\/strong> assure une <strong data-start=\"722\" data-end=\"773\">ventilation constante et une respirabilit\u00e9 optimale<\/strong>, m\u00eame dans les sections les plus expos\u00e9es. Les <strong data-start=\"806\" data-end=\"827\">logos r\u00e9fl\u00e9chissants<\/strong> \u00e0 l&#8217;avant et \u00e0 l&#8217;arri\u00e8re garantissent une bonne visibilit\u00e9 m\u00eame dans des conditions de faible luminosit\u00e9.<\/p>\n<p data-start=\"902\" data-end=\"1032\"><strong data-start=\"902\" data-end=\"963\">Test\u00e9 sur les sentiers du Chianti Ultra Trail by UTMB 2025<\/strong>, ce maillot est con\u00e7u pour ceux qui ne craignent ni les mont\u00e9es ni les kilom\u00e8tres.<\/p>\n<h4 data-start=\"1039\" data-end=\"1075\"><strong data-start=\"1044\" data-end=\"1075\">Caract\u00e9ristiques principales :<\/strong><\/h4>\n<ul data-start=\"1076\" data-end=\"1475\">\n<li data-start=\"1076\" data-end=\"1100\">\n<p data-start=\"1078\" data-end=\"1100\"><strong data-start=\"1078\" data-end=\"1100\">100 % Made in Italy<\/strong><\/p>\n<\/li>\n<li data-start=\"1101\" data-end=\"1152\">\n<p data-start=\"1103\" data-end=\"1152\">Empi\u00e8cement avant : 71 % polyamide, 29 % \u00e9lasthanne<\/p>\n<\/li>\n<li data-start=\"1153\" data-end=\"1203\">\n<p data-start=\"1155\" data-end=\"1203\">Reste du tissu : <strong data-start=\"1174\" data-end=\"1203\">100 % polyester recycl\u00e9<\/strong><\/p>\n<\/li>\n<li data-start=\"1204\" data-end=\"1253\">\n<p data-start=\"1206\" data-end=\"1253\"><strong data-start=\"1206\" data-end=\"1227\">Maille alv\u00e9ol\u00e9e<\/strong> pour une ventilation avanc\u00e9e<\/p>\n<\/li>\n<li data-start=\"1254\" data-end=\"1301\">\n<p data-start=\"1256\" data-end=\"1301\"><strong data-start=\"1256\" data-end=\"1267\">Fermeture \u00e9clair YKK<\/strong> \u00e0 l&#8217;avant pour r\u00e9gler la ventilation<\/p>\n<\/li>\n<li data-start=\"1302\" data-end=\"1359\">\n<p data-start=\"1304\" data-end=\"1359\"><strong data-start=\"1304\" data-end=\"1333\">Panneau anti-frottement<\/strong> r\u00e9sistant aux sacs \u00e0 dos et aux vestes<\/p>\n<\/li>\n<li data-start=\"1360\" data-end=\"1410\">\n<p data-start=\"1362\" data-end=\"1410\"><strong data-start=\"1362\" data-end=\"1383\">Logos r\u00e9fl\u00e9chissants<\/strong> Wild Tee \u00e0 l&#8217;avant et \u00e0 l&#8217;arri\u00e8re<\/p>\n<\/li>\n<li data-start=\"1411\" data-end=\"1427\">\n<p data-start=\"1413\" data-end=\"1427\"><strong data-start=\"1413\" data-end=\"1427\">Poids : 140 g<\/strong><\/p>\n<\/li>\n<li data-start=\"1428\" data-end=\"1475\">\n<p data-start=\"1430\" data-end=\"1475\"><em data-start=\"1430\" data-end=\"1475\">Taille en dessous recommand\u00e9e pour les femmes<\/em><\/p>\n<\/li>\n<\/ul><\/p>\n","protected":false},"excerpt":{"rendered":"<ul>\n<li>Confort extr\u00eame<\/li>\n<li class=\"\" data-start=\"1256\" data-end=\"1282\">\n<p class=\"\" data-start=\"1258\" data-end=\"1282\">Respirabilit\u00e9 maximale<\/p>\n<\/li>\n<li data-start=\"1256\" data-end=\"1282\">Con\u00e7ue pour le trail<\/li>\n<\/ul>\n","protected":false},"featured_media":316613,"template":"","meta":{"_acf_changed":false,"inline_featured_image":false},"product_brand":[],"product_cat":[24449,24482],"product_tag":[23528,23567],"class_list":{"0":"post-358756","1":"product","2":"type-product","3":"status-publish","4":"has-post-thumbnail","6":"product_cat-t-shirt-fr-3","7":"product_cat-vetements-pour-hommes-fr","8":"product_tag-wild-tee-fr","9":"product_tag-wild-tee-homme","11":"first","12":"instock","13":"sale","14":"taxable","15":"shipping-taxable","16":"purchasable","17":"product-type-variable","18":"wvs-archive-product-wrapper"},"acf":[],"yoast_head":"<!-- This site is optimized with the Yoast SEO plugin v26.8 - https:\/\/yoast.com\/product\/yoast-seo-wordpress\/ -->\n<title>Wild Tee Trail race t-shirt homme - T-shirt de course \u00e0 pied - MioMioRun.com<\/title>\n<meta name=\"description\" content=\"Wild Tee Trail Race : t-shirt technique de trail running 100 % Made in Italy, anti-frottements, ultra-a\u00e9r\u00e9 et test\u00e9 \u00e0 l&#039;UTMB. L\u00e9g\u00e8ret\u00e9 et performance.\" \/>\n<meta name=\"robots\" content=\"index, follow, max-snippet:-1, max-image-preview:large, max-video-preview:-1\" \/>\n<link rel=\"canonical\" href=\"https:\/\/www.miomiorun.com\/fr\/produit\/trail-race-t-shirt-homme\/\" \/>\n<meta property=\"og:locale\" content=\"fr_FR\" \/>\n<meta property=\"og:type\" content=\"article\" \/>\n<meta property=\"og:title\" content=\"Wild Tee Trail race t-shirt homme - T-shirt de course \u00e0 pied - MioMioRun.com\" \/>\n<meta property=\"og:description\" content=\"Wild Tee Trail Race : t-shirt technique de trail running 100 % Made in Italy, anti-frottements, ultra-a\u00e9r\u00e9 et test\u00e9 \u00e0 l&#039;UTMB. L\u00e9g\u00e8ret\u00e9 et performance.\" \/>\n<meta property=\"og:url\" content=\"https:\/\/www.miomiorun.com\/fr\/produit\/trail-race-t-shirt-homme\/\" \/>\n<meta property=\"og:site_name\" content=\"MioMioRun\" \/>\n<meta property=\"article:publisher\" content=\"https:\/\/www.facebook.com\/miomiorun\/\" \/>\n<meta property=\"article:modified_time\" content=\"2025-12-12T09:55:38+00:00\" \/>\n<meta property=\"og:image\" content=\"https:\/\/www.miomiorun.com\/app\/uploads\/2025\/06\/wild-tee-Trail-race-t-shirt-green-WT024WT001.webp\" \/>\n\t<meta property=\"og:image:width\" content=\"600\" \/>\n\t<meta property=\"og:image:height\" content=\"600\" \/>\n\t<meta property=\"og:image:type\" content=\"image\/webp\" \/>\n<meta name=\"twitter:card\" content=\"summary_large_image\" \/>\n<meta name=\"twitter:label1\" content=\"Est. reading time\" \/>\n\t<meta name=\"twitter:data1\" content=\"1 minute\" \/>\n<script type=\"application\/ld+json\" class=\"yoast-schema-graph\">{\"@context\":\"https:\/\/schema.org\",\"@graph\":[{\"@type\":\"WebPage\",\"@id\":\"https:\/\/www.miomiorun.com\/fr\/produit\/trail-race-t-shirt-homme\/\",\"url\":\"https:\/\/www.miomiorun.com\/fr\/produit\/trail-race-t-shirt-homme\/\",\"name\":\"Wild Tee Trail race t-shirt homme - T-shirt de course \u00e0 pied - MioMioRun.com\",\"isPartOf\":{\"@id\":\"https:\/\/www.miomiorun.com\/fr\/#website\"},\"primaryImageOfPage\":{\"@id\":\"https:\/\/www.miomiorun.com\/fr\/produit\/trail-race-t-shirt-homme\/#primaryimage\"},\"image\":{\"@id\":\"https:\/\/www.miomiorun.com\/fr\/produit\/trail-race-t-shirt-homme\/#primaryimage\"},\"thumbnailUrl\":\"https:\/\/www.miomiorun.com\/app\/uploads\/2025\/06\/wild-tee-Trail-race-t-shirt-green-WT024WT001.webp\",\"datePublished\":\"2025-06-04T16:01:40+00:00\",\"dateModified\":\"2025-12-12T09:55:38+00:00\",\"description\":\"Wild Tee Trail Race : t-shirt technique de trail running 100 % Made in Italy, anti-frottements, ultra-a\u00e9r\u00e9 et test\u00e9 \u00e0 l'UTMB. L\u00e9g\u00e8ret\u00e9 et performance.\",\"breadcrumb\":{\"@id\":\"https:\/\/www.miomiorun.com\/fr\/produit\/trail-race-t-shirt-homme\/#breadcrumb\"},\"inLanguage\":\"fr-FR\",\"potentialAction\":[{\"@type\":\"ReadAction\",\"target\":[\"https:\/\/www.miomiorun.com\/fr\/produit\/trail-race-t-shirt-homme\/\"]}]},{\"@type\":\"ImageObject\",\"inLanguage\":\"fr-FR\",\"@id\":\"https:\/\/www.miomiorun.com\/fr\/produit\/trail-race-t-shirt-homme\/#primaryimage\",\"url\":\"https:\/\/www.miomiorun.com\/app\/uploads\/2025\/06\/wild-tee-Trail-race-t-shirt-green-WT024WT001.webp\",\"contentUrl\":\"https:\/\/www.miomiorun.com\/app\/uploads\/2025\/06\/wild-tee-Trail-race-t-shirt-green-WT024WT001.webp\",\"width\":600,\"height\":600,\"caption\":\"wild tee Trail race t-shirt green WT024WT001\"},{\"@type\":\"BreadcrumbList\",\"@id\":\"https:\/\/www.miomiorun.com\/fr\/produit\/trail-race-t-shirt-homme\/#breadcrumb\",\"itemListElement\":[{\"@type\":\"ListItem\",\"position\":1,\"name\":\"Home\",\"item\":\"https:\/\/www.miomiorun.com\/fr\/home-page\/\"},{\"@type\":\"ListItem\",\"position\":2,\"name\":\"Shop\",\"item\":\"https:\/\/www.miomiorun.com\/shop\/\"},{\"@type\":\"ListItem\",\"position\":3,\"name\":\"Trail race t-shirt homme\"}]},{\"@type\":\"WebSite\",\"@id\":\"https:\/\/www.miomiorun.com\/fr\/#website\",\"url\":\"https:\/\/www.miomiorun.com\/fr\/\",\"name\":\"MioMioRun\",\"description\":\"Boutique 100% running et trail\",\"publisher\":{\"@id\":\"https:\/\/www.miomiorun.com\/fr\/#organization\"},\"potentialAction\":[{\"@type\":\"SearchAction\",\"target\":{\"@type\":\"EntryPoint\",\"urlTemplate\":\"https:\/\/www.miomiorun.com\/fr\/?s={search_term_string}\"},\"query-input\":{\"@type\":\"PropertyValueSpecification\",\"valueRequired\":true,\"valueName\":\"search_term_string\"}}],\"inLanguage\":\"fr-FR\"},{\"@type\":\"Organization\",\"@id\":\"https:\/\/www.miomiorun.com\/fr\/#organization\",\"name\":\"MioMio Run\",\"url\":\"https:\/\/www.miomiorun.com\/fr\/\",\"logo\":{\"@type\":\"ImageObject\",\"inLanguage\":\"fr-FR\",\"@id\":\"https:\/\/www.miomiorun.com\/fr\/#\/schema\/logo\/image\/\",\"url\":\"https:\/\/www.miomiorun.com\/app\/uploads\/2019\/12\/logomio.png\",\"contentUrl\":\"https:\/\/www.miomiorun.com\/app\/uploads\/2019\/12\/logomio.png\",\"width\":115,\"height\":82,\"caption\":\"MioMio Run\"},\"image\":{\"@id\":\"https:\/\/www.miomiorun.com\/fr\/#\/schema\/logo\/image\/\"},\"sameAs\":[\"https:\/\/www.facebook.com\/miomiorun\/\",\"https:\/\/www.instagram.com\/miomiorun\/\"]}]}<\/script>\n<!-- \/ Yoast SEO plugin. -->","yoast_head_json":{"title":"Wild Tee Trail race t-shirt homme - T-shirt de course \u00e0 pied - MioMioRun.com","description":"Wild Tee Trail Race : t-shirt technique de trail running 100 % Made in Italy, anti-frottements, ultra-a\u00e9r\u00e9 et test\u00e9 \u00e0 l'UTMB. L\u00e9g\u00e8ret\u00e9 et performance.","robots":{"index":"index","follow":"follow","max-snippet":"max-snippet:-1","max-image-preview":"max-image-preview:large","max-video-preview":"max-video-preview:-1"},"canonical":"https:\/\/www.miomiorun.com\/fr\/produit\/trail-race-t-shirt-homme\/","og_locale":"fr_FR","og_type":"article","og_title":"Wild Tee Trail race t-shirt homme - T-shirt de course \u00e0 pied - MioMioRun.com","og_description":"Wild Tee Trail Race : t-shirt technique de trail running 100 % Made in Italy, anti-frottements, ultra-a\u00e9r\u00e9 et test\u00e9 \u00e0 l'UTMB. L\u00e9g\u00e8ret\u00e9 et performance.","og_url":"https:\/\/www.miomiorun.com\/fr\/produit\/trail-race-t-shirt-homme\/","og_site_name":"MioMioRun","article_publisher":"https:\/\/www.facebook.com\/miomiorun\/","article_modified_time":"2025-12-12T09:55:38+00:00","og_image":[{"width":600,"height":600,"url":"https:\/\/www.miomiorun.com\/app\/uploads\/2025\/06\/wild-tee-Trail-race-t-shirt-green-WT024WT001.webp","type":"image\/webp"}],"twitter_card":"summary_large_image","twitter_misc":{"Est. reading time":"1 minute"},"schema":{"@context":"https:\/\/schema.org","@graph":[{"@type":"WebPage","@id":"https:\/\/www.miomiorun.com\/fr\/produit\/trail-race-t-shirt-homme\/","url":"https:\/\/www.miomiorun.com\/fr\/produit\/trail-race-t-shirt-homme\/","name":"Wild Tee Trail race t-shirt homme - T-shirt de course \u00e0 pied - MioMioRun.com","isPartOf":{"@id":"https:\/\/www.miomiorun.com\/fr\/#website"},"primaryImageOfPage":{"@id":"https:\/\/www.miomiorun.com\/fr\/produit\/trail-race-t-shirt-homme\/#primaryimage"},"image":{"@id":"https:\/\/www.miomiorun.com\/fr\/produit\/trail-race-t-shirt-homme\/#primaryimage"},"thumbnailUrl":"https:\/\/www.miomiorun.com\/app\/uploads\/2025\/06\/wild-tee-Trail-race-t-shirt-green-WT024WT001.webp","datePublished":"2025-06-04T16:01:40+00:00","dateModified":"2025-12-12T09:55:38+00:00","description":"Wild Tee Trail Race : t-shirt technique de trail running 100 % Made in Italy, anti-frottements, ultra-a\u00e9r\u00e9 et test\u00e9 \u00e0 l'UTMB. L\u00e9g\u00e8ret\u00e9 et performance.","breadcrumb":{"@id":"https:\/\/www.miomiorun.com\/fr\/produit\/trail-race-t-shirt-homme\/#breadcrumb"},"inLanguage":"fr-FR","potentialAction":[{"@type":"ReadAction","target":["https:\/\/www.miomiorun.com\/fr\/produit\/trail-race-t-shirt-homme\/"]}]},{"@type":"ImageObject","inLanguage":"fr-FR","@id":"https:\/\/www.miomiorun.com\/fr\/produit\/trail-race-t-shirt-homme\/#primaryimage","url":"https:\/\/www.miomiorun.com\/app\/uploads\/2025\/06\/wild-tee-Trail-race-t-shirt-green-WT024WT001.webp","contentUrl":"https:\/\/www.miomiorun.com\/app\/uploads\/2025\/06\/wild-tee-Trail-race-t-shirt-green-WT024WT001.webp","width":600,"height":600,"caption":"wild tee Trail race t-shirt green WT024WT001"},{"@type":"BreadcrumbList","@id":"https:\/\/www.miomiorun.com\/fr\/produit\/trail-race-t-shirt-homme\/#breadcrumb","itemListElement":[{"@type":"ListItem","position":1,"name":"Home","item":"https:\/\/www.miomiorun.com\/fr\/home-page\/"},{"@type":"ListItem","position":2,"name":"Shop","item":"https:\/\/www.miomiorun.com\/shop\/"},{"@type":"ListItem","position":3,"name":"Trail race t-shirt homme"}]},{"@type":"WebSite","@id":"https:\/\/www.miomiorun.com\/fr\/#website","url":"https:\/\/www.miomiorun.com\/fr\/","name":"MioMioRun","description":"Boutique 100% running et trail","publisher":{"@id":"https:\/\/www.miomiorun.com\/fr\/#organization"},"potentialAction":[{"@type":"SearchAction","target":{"@type":"EntryPoint","urlTemplate":"https:\/\/www.miomiorun.com\/fr\/?s={search_term_string}"},"query-input":{"@type":"PropertyValueSpecification","valueRequired":true,"valueName":"search_term_string"}}],"inLanguage":"fr-FR"},{"@type":"Organization","@id":"https:\/\/www.miomiorun.com\/fr\/#organization","name":"MioMio Run","url":"https:\/\/www.miomiorun.com\/fr\/","logo":{"@type":"ImageObject","inLanguage":"fr-FR","@id":"https:\/\/www.miomiorun.com\/fr\/#\/schema\/logo\/image\/","url":"https:\/\/www.miomiorun.com\/app\/uploads\/2019\/12\/logomio.png","contentUrl":"https:\/\/www.miomiorun.com\/app\/uploads\/2019\/12\/logomio.png","width":115,"height":82,"caption":"MioMio Run"},"image":{"@id":"https:\/\/www.miomiorun.com\/fr\/#\/schema\/logo\/image\/"},"sameAs":["https:\/\/www.facebook.com\/miomiorun\/","https:\/\/www.instagram.com\/miomiorun\/"]}]}},"_links":{"self":[{"href":"https:\/\/www.miomiorun.com\/fr\/wp-json\/wp\/v2\/product\/358756","targetHints":{"allow":["GET"]}}],"collection":[{"href":"https:\/\/www.miomiorun.com\/fr\/wp-json\/wp\/v2\/product"}],"about":[{"href":"https:\/\/www.miomiorun.com\/fr\/wp-json\/wp\/v2\/types\/product"}],"wp:featuredmedia":[{"embeddable":true,"href":"https:\/\/www.miomiorun.com\/fr\/wp-json\/wp\/v2\/media\/316613"}],"wp:attachment":[{"href":"https:\/\/www.miomiorun.com\/fr\/wp-json\/wp\/v2\/media?parent=358756"}],"wp:term":[{"taxonomy":"product_brand","embeddable":true,"href":"https:\/\/www.miomiorun.com\/fr\/wp-json\/wp\/v2\/product_brand?post=358756"},{"taxonomy":"product_cat","embeddable":true,"href":"https:\/\/www.miomiorun.com\/fr\/wp-json\/wp\/v2\/product_cat?post=358756"},{"taxonomy":"product_tag","embeddable":true,"href":"https:\/\/www.miomiorun.com\/fr\/wp-json\/wp\/v2\/product_tag?post=358756"}],"curies":[{"name":"wp","href":"https:\/\/api.w.org\/{rel}","templated":true}]}}