{"id":358562,"date":"2025-10-11T10:55:16","date_gmt":"2025-10-11T08:55:16","guid":{"rendered":"https:\/\/www.miomiorun.com\/?post_type=product&#038;p=358562"},"modified":"2026-04-17T10:37:12","modified_gmt":"2026-04-17T08:37:12","slug":"race-shorts-femme","status":"publish","type":"product","link":"https:\/\/www.miomiorun.com\/fr\/produit\/race-shorts-femme\/","title":{"rendered":"Race Shorts femme"},"content":{"rendered":"<p data-start=\"97\" data-end=\"451\">Cours vite, entra\u00eene-toi dur, r\u00eave grand. Le <strong data-start=\"150\" data-end=\"179\">short de course noir NNormal<\/strong> pour femme est con\u00e7u pour garantir une libert\u00e9 de mouvement maximale \u00e0 chaque course. Ce mod\u00e8le <strong data-start=\"285\" data-end=\"310\">slim-fit \u00e0 deux couches<\/strong> allie l\u00e9g\u00e8ret\u00e9, respirabilit\u00e9 et confort, offrant des performances exceptionnelles aussi bien lors des courses longues que lors des entra\u00eenements quotidiens.<\/p>\n<p data-start=\"453\" data-end=\"975\">Fabriqu\u00e9s \u00e0 partir de <strong data-start=\"468\" data-end=\"507\">mat\u00e9riaux recycl\u00e9s de haute qualit\u00e9<\/strong>, ces shorts repr\u00e9sentent l&#8217;\u00e9quilibre parfait entre performance et durabilit\u00e9. D\u00e9velopp\u00e9s en collaboration avec certains des meilleurs athl\u00e8tes de trail running au monde, ils garantissent un design fonctionnel et responsable, qui r\u00e9duit l&#8217;impact environnemental sans compromettre la qualit\u00e9. <br data-start=\"797\" data-end=\"800\">Que vous vous lanciez dans un 100 miles ou une simple s\u00e9ance de cardio, les Race Shorts Black NNormal s&#8217;adaptent \u00e0 tous les rythmes, offrant un confort constant et aucune distraction. <\/p>\n","protected":false},"excerpt":{"rendered":"<ul>\n<li data-start=\"1000\" data-end=\"1068\">\n<p data-start=\"1002\" data-end=\"1068\">Coupe slim double \u00e9paisseur pour une libert\u00e9 de mouvement maximale<\/p>\n<\/li>\n<li data-start=\"1069\" data-end=\"1136\">\n<p data-start=\"1071\" data-end=\"1136\">Fabriqu\u00e9s \u00e0 partir de mat\u00e9riaux recycl\u00e9s<\/p>\n<\/li>\n<li data-start=\"1137\" data-end=\"1201\">\n<p data-start=\"1139\" data-end=\"1201\">L\u00e9gers, respirants et id\u00e9aux pour les comp\u00e9titions et les entra\u00eenements intenses<\/p>\n<\/li>\n<\/ul>\n","protected":false},"featured_media":362021,"template":"","meta":{"_acf_changed":false,"inline_featured_image":false},"product_brand":[],"product_cat":[22602,22596],"product_tag":[35958,35968],"class_list":{"0":"post-358562","1":"product","2":"type-product","3":"status-publish","4":"has-post-thumbnail","6":"product_cat-pantalon-court","7":"product_cat-vetements-pour-femmes","8":"product_tag-nnormal-fr","9":"product_tag-nnormal-femme-fr","10":"pa_attivita-fitness-fr","11":"pa_attivita-marcher","12":"pa_attivita-running-fr","13":"pa_attivita-trail-fr","14":"pa_colore-race-shorts-w-black-fr","15":"pa_marca-nnormal-fr","16":"pa_sesso-femme","17":"pa_size-small-fr","18":"pa_size-medium-fr","20":"first","21":"instock","22":"sale","23":"taxable","24":"shipping-taxable","25":"purchasable","26":"product-type-variable","27":"wvs-archive-product-wrapper"},"acf":[],"yoast_head":"<!-- This site is optimized with the Yoast SEO plugin v26.8 - https:\/\/yoast.com\/product\/yoast-seo-wordpress\/ -->\n<title>NNormal Race Shorts femme - Short de course pour femme - MioMioRun<\/title>\n<meta name=\"description\" content=\"D\u00e9couvrez le short de course noir NNormal pour femme : un short de course ultra l\u00e9ger, durable et performant, id\u00e9al pour l&#039;entra\u00eenement et le trail.\" \/>\n<meta name=\"robots\" content=\"index, follow, max-snippet:-1, max-image-preview:large, max-video-preview:-1\" \/>\n<link rel=\"canonical\" href=\"https:\/\/www.miomiorun.com\/fr\/produit\/race-shorts-femme\/\" \/>\n<meta property=\"og:locale\" content=\"fr_FR\" \/>\n<meta property=\"og:type\" content=\"article\" \/>\n<meta property=\"og:title\" content=\"NNormal Race Shorts femme - Short de course pour femme - MioMioRun\" \/>\n<meta property=\"og:description\" content=\"D\u00e9couvrez le short de course noir NNormal pour femme : un short de course ultra l\u00e9ger, durable et performant, id\u00e9al pour l&#039;entra\u00eenement et le trail.\" \/>\n<meta property=\"og:url\" content=\"https:\/\/www.miomiorun.com\/fr\/produit\/race-shorts-femme\/\" \/>\n<meta property=\"og:site_name\" content=\"MioMioRun\" \/>\n<meta property=\"article:publisher\" content=\"https:\/\/www.facebook.com\/miomiorun\/\" \/>\n<meta property=\"article:modified_time\" content=\"2026-04-17T08:37:12+00:00\" \/>\n<meta property=\"og:image\" content=\"https:\/\/www.miomiorun.com\/app\/uploads\/2025\/10\/nnormal-Race-shorts-W-black-N1CWRS2-001.webp\" \/>\n\t<meta property=\"og:image:width\" content=\"720\" \/>\n\t<meta property=\"og:image:height\" content=\"720\" \/>\n\t<meta property=\"og:image:type\" content=\"image\/webp\" \/>\n<meta name=\"twitter:card\" content=\"summary_large_image\" \/>\n<meta name=\"twitter:label1\" content=\"Est. reading time\" \/>\n\t<meta name=\"twitter:data1\" content=\"1 minute\" \/>\n<script type=\"application\/ld+json\" class=\"yoast-schema-graph\">{\"@context\":\"https:\/\/schema.org\",\"@graph\":[{\"@type\":\"WebPage\",\"@id\":\"https:\/\/www.miomiorun.com\/fr\/produit\/race-shorts-femme\/\",\"url\":\"https:\/\/www.miomiorun.com\/fr\/produit\/race-shorts-femme\/\",\"name\":\"NNormal Race Shorts femme - Short de course pour femme - MioMioRun\",\"isPartOf\":{\"@id\":\"https:\/\/www.miomiorun.com\/fr\/#website\"},\"primaryImageOfPage\":{\"@id\":\"https:\/\/www.miomiorun.com\/fr\/produit\/race-shorts-femme\/#primaryimage\"},\"image\":{\"@id\":\"https:\/\/www.miomiorun.com\/fr\/produit\/race-shorts-femme\/#primaryimage\"},\"thumbnailUrl\":\"https:\/\/www.miomiorun.com\/app\/uploads\/2025\/10\/nnormal-Race-shorts-W-black-N1CWRS2-001.webp\",\"datePublished\":\"2025-10-11T08:55:16+00:00\",\"dateModified\":\"2026-04-17T08:37:12+00:00\",\"description\":\"D\u00e9couvrez le short de course noir NNormal pour femme : un short de course ultra l\u00e9ger, durable et performant, id\u00e9al pour l'entra\u00eenement et le trail.\",\"breadcrumb\":{\"@id\":\"https:\/\/www.miomiorun.com\/fr\/produit\/race-shorts-femme\/#breadcrumb\"},\"inLanguage\":\"fr-FR\",\"potentialAction\":[{\"@type\":\"ReadAction\",\"target\":[\"https:\/\/www.miomiorun.com\/fr\/produit\/race-shorts-femme\/\"]}]},{\"@type\":\"ImageObject\",\"inLanguage\":\"fr-FR\",\"@id\":\"https:\/\/www.miomiorun.com\/fr\/produit\/race-shorts-femme\/#primaryimage\",\"url\":\"https:\/\/www.miomiorun.com\/app\/uploads\/2025\/10\/nnormal-Race-shorts-W-black-N1CWRS2-001.webp\",\"contentUrl\":\"https:\/\/www.miomiorun.com\/app\/uploads\/2025\/10\/nnormal-Race-shorts-W-black-N1CWRS2-001.webp\",\"width\":720,\"height\":720,\"caption\":\"nnormal Race shorts W black N1CWRS2-001\"},{\"@type\":\"BreadcrumbList\",\"@id\":\"https:\/\/www.miomiorun.com\/fr\/produit\/race-shorts-femme\/#breadcrumb\",\"itemListElement\":[{\"@type\":\"ListItem\",\"position\":1,\"name\":\"Home\",\"item\":\"https:\/\/www.miomiorun.com\/fr\/home-page\/\"},{\"@type\":\"ListItem\",\"position\":2,\"name\":\"Shop\",\"item\":\"https:\/\/www.miomiorun.com\/shop\/\"},{\"@type\":\"ListItem\",\"position\":3,\"name\":\"Race Shorts femme\"}]},{\"@type\":\"WebSite\",\"@id\":\"https:\/\/www.miomiorun.com\/fr\/#website\",\"url\":\"https:\/\/www.miomiorun.com\/fr\/\",\"name\":\"MioMioRun\",\"description\":\"Boutique 100% running et trail\",\"publisher\":{\"@id\":\"https:\/\/www.miomiorun.com\/fr\/#organization\"},\"potentialAction\":[{\"@type\":\"SearchAction\",\"target\":{\"@type\":\"EntryPoint\",\"urlTemplate\":\"https:\/\/www.miomiorun.com\/fr\/?s={search_term_string}\"},\"query-input\":{\"@type\":\"PropertyValueSpecification\",\"valueRequired\":true,\"valueName\":\"search_term_string\"}}],\"inLanguage\":\"fr-FR\"},{\"@type\":\"Organization\",\"@id\":\"https:\/\/www.miomiorun.com\/fr\/#organization\",\"name\":\"MioMio Run\",\"url\":\"https:\/\/www.miomiorun.com\/fr\/\",\"logo\":{\"@type\":\"ImageObject\",\"inLanguage\":\"fr-FR\",\"@id\":\"https:\/\/www.miomiorun.com\/fr\/#\/schema\/logo\/image\/\",\"url\":\"https:\/\/www.miomiorun.com\/app\/uploads\/2019\/12\/logomio.png\",\"contentUrl\":\"https:\/\/www.miomiorun.com\/app\/uploads\/2019\/12\/logomio.png\",\"width\":115,\"height\":82,\"caption\":\"MioMio Run\"},\"image\":{\"@id\":\"https:\/\/www.miomiorun.com\/fr\/#\/schema\/logo\/image\/\"},\"sameAs\":[\"https:\/\/www.facebook.com\/miomiorun\/\",\"https:\/\/www.instagram.com\/miomiorun\/\"]}]}<\/script>\n<!-- \/ Yoast SEO plugin. -->","yoast_head_json":{"title":"NNormal Race Shorts femme - Short de course pour femme - MioMioRun","description":"D\u00e9couvrez le short de course noir NNormal pour femme : un short de course ultra l\u00e9ger, durable et performant, id\u00e9al pour l'entra\u00eenement et le trail.","robots":{"index":"index","follow":"follow","max-snippet":"max-snippet:-1","max-image-preview":"max-image-preview:large","max-video-preview":"max-video-preview:-1"},"canonical":"https:\/\/www.miomiorun.com\/fr\/produit\/race-shorts-femme\/","og_locale":"fr_FR","og_type":"article","og_title":"NNormal Race Shorts femme - Short de course pour femme - MioMioRun","og_description":"D\u00e9couvrez le short de course noir NNormal pour femme : un short de course ultra l\u00e9ger, durable et performant, id\u00e9al pour l'entra\u00eenement et le trail.","og_url":"https:\/\/www.miomiorun.com\/fr\/produit\/race-shorts-femme\/","og_site_name":"MioMioRun","article_publisher":"https:\/\/www.facebook.com\/miomiorun\/","article_modified_time":"2026-04-17T08:37:12+00:00","og_image":[{"width":720,"height":720,"url":"https:\/\/www.miomiorun.com\/app\/uploads\/2025\/10\/nnormal-Race-shorts-W-black-N1CWRS2-001.webp","type":"image\/webp"}],"twitter_card":"summary_large_image","twitter_misc":{"Est. reading time":"1 minute"},"schema":{"@context":"https:\/\/schema.org","@graph":[{"@type":"WebPage","@id":"https:\/\/www.miomiorun.com\/fr\/produit\/race-shorts-femme\/","url":"https:\/\/www.miomiorun.com\/fr\/produit\/race-shorts-femme\/","name":"NNormal Race Shorts femme - Short de course pour femme - MioMioRun","isPartOf":{"@id":"https:\/\/www.miomiorun.com\/fr\/#website"},"primaryImageOfPage":{"@id":"https:\/\/www.miomiorun.com\/fr\/produit\/race-shorts-femme\/#primaryimage"},"image":{"@id":"https:\/\/www.miomiorun.com\/fr\/produit\/race-shorts-femme\/#primaryimage"},"thumbnailUrl":"https:\/\/www.miomiorun.com\/app\/uploads\/2025\/10\/nnormal-Race-shorts-W-black-N1CWRS2-001.webp","datePublished":"2025-10-11T08:55:16+00:00","dateModified":"2026-04-17T08:37:12+00:00","description":"D\u00e9couvrez le short de course noir NNormal pour femme : un short de course ultra l\u00e9ger, durable et performant, id\u00e9al pour l'entra\u00eenement et le trail.","breadcrumb":{"@id":"https:\/\/www.miomiorun.com\/fr\/produit\/race-shorts-femme\/#breadcrumb"},"inLanguage":"fr-FR","potentialAction":[{"@type":"ReadAction","target":["https:\/\/www.miomiorun.com\/fr\/produit\/race-shorts-femme\/"]}]},{"@type":"ImageObject","inLanguage":"fr-FR","@id":"https:\/\/www.miomiorun.com\/fr\/produit\/race-shorts-femme\/#primaryimage","url":"https:\/\/www.miomiorun.com\/app\/uploads\/2025\/10\/nnormal-Race-shorts-W-black-N1CWRS2-001.webp","contentUrl":"https:\/\/www.miomiorun.com\/app\/uploads\/2025\/10\/nnormal-Race-shorts-W-black-N1CWRS2-001.webp","width":720,"height":720,"caption":"nnormal Race shorts W black N1CWRS2-001"},{"@type":"BreadcrumbList","@id":"https:\/\/www.miomiorun.com\/fr\/produit\/race-shorts-femme\/#breadcrumb","itemListElement":[{"@type":"ListItem","position":1,"name":"Home","item":"https:\/\/www.miomiorun.com\/fr\/home-page\/"},{"@type":"ListItem","position":2,"name":"Shop","item":"https:\/\/www.miomiorun.com\/shop\/"},{"@type":"ListItem","position":3,"name":"Race Shorts femme"}]},{"@type":"WebSite","@id":"https:\/\/www.miomiorun.com\/fr\/#website","url":"https:\/\/www.miomiorun.com\/fr\/","name":"MioMioRun","description":"Boutique 100% running et trail","publisher":{"@id":"https:\/\/www.miomiorun.com\/fr\/#organization"},"potentialAction":[{"@type":"SearchAction","target":{"@type":"EntryPoint","urlTemplate":"https:\/\/www.miomiorun.com\/fr\/?s={search_term_string}"},"query-input":{"@type":"PropertyValueSpecification","valueRequired":true,"valueName":"search_term_string"}}],"inLanguage":"fr-FR"},{"@type":"Organization","@id":"https:\/\/www.miomiorun.com\/fr\/#organization","name":"MioMio Run","url":"https:\/\/www.miomiorun.com\/fr\/","logo":{"@type":"ImageObject","inLanguage":"fr-FR","@id":"https:\/\/www.miomiorun.com\/fr\/#\/schema\/logo\/image\/","url":"https:\/\/www.miomiorun.com\/app\/uploads\/2019\/12\/logomio.png","contentUrl":"https:\/\/www.miomiorun.com\/app\/uploads\/2019\/12\/logomio.png","width":115,"height":82,"caption":"MioMio Run"},"image":{"@id":"https:\/\/www.miomiorun.com\/fr\/#\/schema\/logo\/image\/"},"sameAs":["https:\/\/www.facebook.com\/miomiorun\/","https:\/\/www.instagram.com\/miomiorun\/"]}]}},"_links":{"self":[{"href":"https:\/\/www.miomiorun.com\/fr\/wp-json\/wp\/v2\/product\/358562","targetHints":{"allow":["GET"]}}],"collection":[{"href":"https:\/\/www.miomiorun.com\/fr\/wp-json\/wp\/v2\/product"}],"about":[{"href":"https:\/\/www.miomiorun.com\/fr\/wp-json\/wp\/v2\/types\/product"}],"wp:featuredmedia":[{"embeddable":true,"href":"https:\/\/www.miomiorun.com\/fr\/wp-json\/wp\/v2\/media\/362021"}],"wp:attachment":[{"href":"https:\/\/www.miomiorun.com\/fr\/wp-json\/wp\/v2\/media?parent=358562"}],"wp:term":[{"taxonomy":"product_brand","embeddable":true,"href":"https:\/\/www.miomiorun.com\/fr\/wp-json\/wp\/v2\/product_brand?post=358562"},{"taxonomy":"product_cat","embeddable":true,"href":"https:\/\/www.miomiorun.com\/fr\/wp-json\/wp\/v2\/product_cat?post=358562"},{"taxonomy":"product_tag","embeddable":true,"href":"https:\/\/www.miomiorun.com\/fr\/wp-json\/wp\/v2\/product_tag?post=358562"}],"curies":[{"name":"wp","href":"https:\/\/api.w.org\/{rel}","templated":true}]}}